{"id":53490,"date":"2025-09-30T22:21:03","date_gmt":"2025-09-30T22:21:03","guid":{"rendered":"https:\/\/lovme.pt\/?post_type=product&#038;p=53490"},"modified":"2026-02-19T20:11:04","modified_gmt":"2026-02-19T20:11:04","slug":"medica-group-gel-intimo-para-erecao-masculina-150-ml","status":"publish","type":"product","link":"https:\/\/lovme.pt\/index.php\/produto\/medica-group-gel-intimo-para-erecao-masculina-150-ml\/","title":{"rendered":"MEDICA GROUP &#8211; GEL \u00cdNTIMO PARA ERE\u00c7\u00c3O MASCULINA BIG ERECTION 150 ML"},"content":{"rendered":"<p>O gel BigErection foi desenvolvido para homens que desejam aumentar a autoconfian\u00e7a durante a rela\u00e7\u00e3o sexual. Sua f\u00f3rmula foi criada para intensificar as sensa\u00e7\u00f5es, aumentar a satisfa\u00e7\u00e3o e melhorar o conforto \u00edntimo.<\/p>\n<p> O gel BigErection foi desenvolvido para cuidar das zonas er\u00f3genas masculinas. \u00c9 ideal para homens que desejam cuidar da qualidade das suas sensa\u00e7\u00f5es e da intensidade sensual das suas experi\u00eancias. Sua f\u00f3rmula promove a circula\u00e7\u00e3o sangu\u00ednea, estimula a pele e aumenta a sensibilidade, o que pode ter um efeito positivo na qualidade dos momentos \u00edntimos. O gel tem uma consist\u00eancia leve e n\u00e3o oleosa, \u00e9 de f\u00e1cil absor\u00e7\u00e3o e n\u00e3o deixa res\u00edduos. Os extratos vegetais e os ingredientes ativos especialmente selecionados que cont\u00e9m foram concebidos para intensificar o prazer e apoiar as fun\u00e7\u00f5es naturais da pele durante a intimidade. O gel <strong>BigErection<\/strong> pode ser um elemento valioso de um ritual \u00edntimo, aumentando o conforto e a sensa\u00e7\u00e3o de controle sobre a sexualidade.<\/p>\n<\/p>\n<p> <strong>ESPECIFICA\u00c7\u00d5ES T\u00c9CNICAS:<\/strong><\/p>\n<ul>\n<li> <strong>Aplica\u00e7\u00e3o do produto:<\/strong> Intensifica\u00e7\u00e3o das sensa\u00e7\u00f5es, aumento da satisfa\u00e7\u00e3o \u00edntima.<\/li>\n<li> <strong>Ingredientes<\/strong> : \u00c1gua, Glicerina, Propanodiol, Suco da Folha de Aloe Barbadensis, Hidroxietilcelulose, Benzoato de S\u00f3dio, Polissorbato 20, Aroma, Extrato da Folha de Urtica Dioica, Extrato da Raiz de Panax Ginseng, \u00c1gua da Flor de Calendula Officinalis, \u00c1cido L\u00e1ctico, \u00c9ter But\u00edlico de Vanilil, Sorbato de Pot\u00e1ssio, Fosfato de S\u00f3dio, Fosfato Diss\u00f3dico, \u00d3leo de R\u00edcino Hidrogenado PEG-40, Polissorbato 60, Fenoxietanol.<\/li>\n<li> <strong>Ingredientes ativos<\/strong>\n<ul>\n<li> Extrato da raiz de Panax Ginseng  Favorece a microcircula\u00e7\u00e3o, estimulando a pele e aumentando a sensibilidade, o que pode resultar em sensa\u00e7\u00f5es mais intensas.<\/li>\n<li> Extrato da folha de Urtica Dioica (urtiga)  Adicionado para ajudar a estimular os processos naturais que melhoram o fluxo sangu\u00edneo e a vitalidade da pele.<\/li>\n<li> \u00c9ter but\u00edlico de vanilila  Proporciona um leve efeito de aquecimento que pode agu\u00e7ar a percep\u00e7\u00e3o sensorial e intensificar o prazer.<\/li>\n<\/ul>\n<\/li>\n<li> <strong>Modo de usar<\/strong> : Aplique uma fina camada nas \u00e1reas \u00edntimas externas. Pode ser usado antes da rela\u00e7\u00e3o sexual ou como parte das preliminares. O gel \u00e9 compat\u00edvel com preservativos e acess\u00f3rios er\u00f3ticos. Evite o contato com os olhos.<\/li>\n<li> <strong>Nota de seguran\u00e7a:<\/strong> Armazene em local seco, longe da luz solar direta e fora do alcance de crian\u00e7as. Produto para uso externo. Evite contato com os olhos. Em caso de irrita\u00e7\u00e3o da pele, suspenda o uso. Antes da primeira utiliza\u00e7\u00e3o, teste o produto em uma pequena \u00e1rea da pele, por exemplo, na parte interna do antebra\u00e7o.<\/li>\n<\/ul>\n<p> <strong>MEDICA-GROUP<\/strong><\/p>\n<p> Somos uma empresa com vasta experi\u00eancia na venda de suplementos alimentares e cosm\u00e9ticos, adquirida desde 1999. Nossos produtos atendem a todos os requisitos poloneses e da Uni\u00e3o Europeia, garantindo a mais alta qualidade e seguran\u00e7a. Somos reconhecidos por utilizar extratos com propriedades excepcionais que diferenciam nossos suplementos e cosm\u00e9ticos dos de outras empresas. Gra\u00e7as \u00e0s nossas composi\u00e7\u00f5es exclusivas e \u00e0s alt\u00edssimas concentra\u00e7\u00f5es de mat\u00e9rias-primas utilizadas, podemos afirmar com orgulho que nossos produtos s\u00e3o os melhores do mercado.<\/p>\n","protected":false},"excerpt":{"rendered":"<p>MEDICA GROUP &#8211; GEL \u00cdNTIMO PARA ERE\u00c7\u00c3O MASCULINA BIG ERECTION 150 ML<\/p>\n","protected":false},"featured_media":77048,"template":"","meta":{"_acf_changed":false},"product_brand":[],"product_cat":[49,52],"product_tag":[],"class_list":{"0":"post-53490","1":"product","2":"type-product","3":"status-publish","4":"has-post-thumbnail","6":"product_cat-cosmeticos","7":"product_cat-estimulantes","8":"yith_product_brand-medica-group","10":"first","11":"instock","12":"taxable","13":"shipping-taxable","14":"purchasable","15":"product-type-simple"},"acf":[],"yoast_head":"<!-- This site is optimized with the Yoast SEO plugin v27.4 - https:\/\/yoast.com\/product\/yoast-seo-wordpress\/ -->\n<title>MEDICA GROUP - GEL \u00cdNTIMO PARA ERE\u00c7\u00c3O MASCULINA BIG ERECTION 150 ML - Lovme<\/title>\n<meta name=\"robots\" content=\"index, follow, max-snippet:-1, max-image-preview:large, max-video-preview:-1\" \/>\n<link rel=\"canonical\" href=\"https:\/\/lovme.pt\/index.php\/produto\/medica-group-gel-intimo-para-erecao-masculina-150-ml\/\" \/>\n<meta property=\"og:locale\" content=\"pt_PT\" \/>\n<meta property=\"og:type\" content=\"article\" \/>\n<meta property=\"og:title\" content=\"MEDICA GROUP - GEL \u00cdNTIMO PARA ERE\u00c7\u00c3O MASCULINA BIG ERECTION 150 ML - Lovme\" \/>\n<meta property=\"og:description\" content=\"MEDICA GROUP - GEL \u00cdNTIMO PARA ERE\u00c7\u00c3O MASCULINA BIG ERECTION 150 ML\" \/>\n<meta property=\"og:url\" content=\"https:\/\/lovme.pt\/index.php\/produto\/medica-group-gel-intimo-para-erecao-masculina-150-ml\/\" \/>\n<meta property=\"og:site_name\" content=\"Lovme\" \/>\n<meta property=\"article:modified_time\" content=\"2026-02-19T20:11:04+00:00\" \/>\n<meta property=\"og:image\" content=\"https:\/\/erki24nd3ub.exactdn.com\/wp-content\/uploads\/dream\/img\/img_212804_948d778d27aec583cbce838f8cccbf13_1.jpg?strip=all\" \/>\n\t<meta property=\"og:image:width\" content=\"900\" \/>\n\t<meta property=\"og:image:height\" content=\"900\" \/>\n\t<meta property=\"og:image:type\" content=\"image\/jpeg\" \/>\n<meta name=\"twitter:card\" content=\"summary_large_image\" \/>\n<meta name=\"twitter:label1\" content=\"Tempo estimado de leitura\" \/>\n\t<meta name=\"twitter:data1\" content=\"3 minutos\" \/>\n<script type=\"application\/ld+json\" class=\"yoast-schema-graph\">{\"@context\":\"https:\\\/\\\/schema.org\",\"@graph\":[{\"@type\":\"WebPage\",\"@id\":\"https:\\\/\\\/lovme.pt\\\/index.php\\\/produto\\\/medica-group-gel-intimo-para-erecao-masculina-150-ml\\\/\",\"url\":\"https:\\\/\\\/lovme.pt\\\/index.php\\\/produto\\\/medica-group-gel-intimo-para-erecao-masculina-150-ml\\\/\",\"name\":\"MEDICA GROUP - GEL \u00cdNTIMO PARA ERE\u00c7\u00c3O MASCULINA BIG ERECTION 150 ML - Lovme\",\"isPartOf\":{\"@id\":\"https:\\\/\\\/lovme.pt\\\/#website\"},\"primaryImageOfPage\":{\"@id\":\"https:\\\/\\\/lovme.pt\\\/index.php\\\/produto\\\/medica-group-gel-intimo-para-erecao-masculina-150-ml\\\/#primaryimage\"},\"image\":{\"@id\":\"https:\\\/\\\/lovme.pt\\\/index.php\\\/produto\\\/medica-group-gel-intimo-para-erecao-masculina-150-ml\\\/#primaryimage\"},\"thumbnailUrl\":\"https:\\\/\\\/erki24nd3ub.exactdn.com\\\/wp-content\\\/uploads\\\/dream\\\/img\\\/img_212804_948d778d27aec583cbce838f8cccbf13_1.jpg?strip=all\",\"datePublished\":\"2025-09-30T22:21:03+00:00\",\"dateModified\":\"2026-02-19T20:11:04+00:00\",\"breadcrumb\":{\"@id\":\"https:\\\/\\\/lovme.pt\\\/index.php\\\/produto\\\/medica-group-gel-intimo-para-erecao-masculina-150-ml\\\/#breadcrumb\"},\"inLanguage\":\"pt-PT\",\"potentialAction\":[{\"@type\":\"ReadAction\",\"target\":[\"https:\\\/\\\/lovme.pt\\\/index.php\\\/produto\\\/medica-group-gel-intimo-para-erecao-masculina-150-ml\\\/\"]}]},{\"@type\":\"ImageObject\",\"inLanguage\":\"pt-PT\",\"@id\":\"https:\\\/\\\/lovme.pt\\\/index.php\\\/produto\\\/medica-group-gel-intimo-para-erecao-masculina-150-ml\\\/#primaryimage\",\"url\":\"https:\\\/\\\/erki24nd3ub.exactdn.com\\\/wp-content\\\/uploads\\\/dream\\\/img\\\/img_212804_948d778d27aec583cbce838f8cccbf13_1.jpg?strip=all\",\"contentUrl\":\"https:\\\/\\\/erki24nd3ub.exactdn.com\\\/wp-content\\\/uploads\\\/dream\\\/img\\\/img_212804_948d778d27aec583cbce838f8cccbf13_1.jpg?strip=all\",\"width\":900,\"height\":900},{\"@type\":\"BreadcrumbList\",\"@id\":\"https:\\\/\\\/lovme.pt\\\/index.php\\\/produto\\\/medica-group-gel-intimo-para-erecao-masculina-150-ml\\\/#breadcrumb\",\"itemListElement\":[{\"@type\":\"ListItem\",\"position\":1,\"name\":\"In\u00edcio\",\"item\":\"https:\\\/\\\/lovme.pt\\\/\"},{\"@type\":\"ListItem\",\"position\":2,\"name\":\"Loja\",\"item\":\"https:\\\/\\\/lovme.pt\\\/index.php\\\/loja\\\/\"},{\"@type\":\"ListItem\",\"position\":3,\"name\":\"MEDICA GROUP &#8211; GEL \u00cdNTIMO PARA ERE\u00c7\u00c3O MASCULINA BIG ERECTION 150 ML\"}]},{\"@type\":\"WebSite\",\"@id\":\"https:\\\/\\\/lovme.pt\\\/#website\",\"url\":\"https:\\\/\\\/lovme.pt\\\/\",\"name\":\"Lovme Loja Er\u00f3tica N\u00ba1 em Portugal\",\"description\":\"A melhor loja er\u00f3tica de Portugal.\",\"alternateName\":\"Loja Er\u00f3tica Lovme\",\"potentialAction\":[{\"@type\":\"SearchAction\",\"target\":{\"@type\":\"EntryPoint\",\"urlTemplate\":\"https:\\\/\\\/lovme.pt\\\/?s={search_term_string}\"},\"query-input\":{\"@type\":\"PropertyValueSpecification\",\"valueRequired\":true,\"valueName\":\"search_term_string\"}}],\"inLanguage\":\"pt-PT\"}]}<\/script>\n<!-- \/ Yoast SEO plugin. -->","yoast_head_json":{"title":"MEDICA GROUP - GEL \u00cdNTIMO PARA ERE\u00c7\u00c3O MASCULINA BIG ERECTION 150 ML - Lovme","robots":{"index":"index","follow":"follow","max-snippet":"max-snippet:-1","max-image-preview":"max-image-preview:large","max-video-preview":"max-video-preview:-1"},"canonical":"https:\/\/lovme.pt\/index.php\/produto\/medica-group-gel-intimo-para-erecao-masculina-150-ml\/","og_locale":"pt_PT","og_type":"article","og_title":"MEDICA GROUP - GEL \u00cdNTIMO PARA ERE\u00c7\u00c3O MASCULINA BIG ERECTION 150 ML - Lovme","og_description":"MEDICA GROUP - GEL \u00cdNTIMO PARA ERE\u00c7\u00c3O MASCULINA BIG ERECTION 150 ML","og_url":"https:\/\/lovme.pt\/index.php\/produto\/medica-group-gel-intimo-para-erecao-masculina-150-ml\/","og_site_name":"Lovme","article_modified_time":"2026-02-19T20:11:04+00:00","og_image":[{"width":900,"height":900,"url":"https:\/\/erki24nd3ub.exactdn.com\/wp-content\/uploads\/dream\/img\/img_212804_948d778d27aec583cbce838f8cccbf13_1.jpg?strip=all","type":"image\/jpeg"}],"twitter_card":"summary_large_image","twitter_misc":{"Tempo estimado de leitura":"3 minutos"},"schema":{"@context":"https:\/\/schema.org","@graph":[{"@type":"WebPage","@id":"https:\/\/lovme.pt\/index.php\/produto\/medica-group-gel-intimo-para-erecao-masculina-150-ml\/","url":"https:\/\/lovme.pt\/index.php\/produto\/medica-group-gel-intimo-para-erecao-masculina-150-ml\/","name":"MEDICA GROUP - GEL \u00cdNTIMO PARA ERE\u00c7\u00c3O MASCULINA BIG ERECTION 150 ML - Lovme","isPartOf":{"@id":"https:\/\/lovme.pt\/#website"},"primaryImageOfPage":{"@id":"https:\/\/lovme.pt\/index.php\/produto\/medica-group-gel-intimo-para-erecao-masculina-150-ml\/#primaryimage"},"image":{"@id":"https:\/\/lovme.pt\/index.php\/produto\/medica-group-gel-intimo-para-erecao-masculina-150-ml\/#primaryimage"},"thumbnailUrl":"https:\/\/erki24nd3ub.exactdn.com\/wp-content\/uploads\/dream\/img\/img_212804_948d778d27aec583cbce838f8cccbf13_1.jpg?strip=all","datePublished":"2025-09-30T22:21:03+00:00","dateModified":"2026-02-19T20:11:04+00:00","breadcrumb":{"@id":"https:\/\/lovme.pt\/index.php\/produto\/medica-group-gel-intimo-para-erecao-masculina-150-ml\/#breadcrumb"},"inLanguage":"pt-PT","potentialAction":[{"@type":"ReadAction","target":["https:\/\/lovme.pt\/index.php\/produto\/medica-group-gel-intimo-para-erecao-masculina-150-ml\/"]}]},{"@type":"ImageObject","inLanguage":"pt-PT","@id":"https:\/\/lovme.pt\/index.php\/produto\/medica-group-gel-intimo-para-erecao-masculina-150-ml\/#primaryimage","url":"https:\/\/erki24nd3ub.exactdn.com\/wp-content\/uploads\/dream\/img\/img_212804_948d778d27aec583cbce838f8cccbf13_1.jpg?strip=all","contentUrl":"https:\/\/erki24nd3ub.exactdn.com\/wp-content\/uploads\/dream\/img\/img_212804_948d778d27aec583cbce838f8cccbf13_1.jpg?strip=all","width":900,"height":900},{"@type":"BreadcrumbList","@id":"https:\/\/lovme.pt\/index.php\/produto\/medica-group-gel-intimo-para-erecao-masculina-150-ml\/#breadcrumb","itemListElement":[{"@type":"ListItem","position":1,"name":"In\u00edcio","item":"https:\/\/lovme.pt\/"},{"@type":"ListItem","position":2,"name":"Loja","item":"https:\/\/lovme.pt\/index.php\/loja\/"},{"@type":"ListItem","position":3,"name":"MEDICA GROUP &#8211; GEL \u00cdNTIMO PARA ERE\u00c7\u00c3O MASCULINA BIG ERECTION 150 ML"}]},{"@type":"WebSite","@id":"https:\/\/lovme.pt\/#website","url":"https:\/\/lovme.pt\/","name":"Lovme Loja Er\u00f3tica N\u00ba1 em Portugal","description":"A melhor loja er\u00f3tica de Portugal.","alternateName":"Loja Er\u00f3tica Lovme","potentialAction":[{"@type":"SearchAction","target":{"@type":"EntryPoint","urlTemplate":"https:\/\/lovme.pt\/?s={search_term_string}"},"query-input":{"@type":"PropertyValueSpecification","valueRequired":true,"valueName":"search_term_string"}}],"inLanguage":"pt-PT"}]}},"_links":{"self":[{"href":"https:\/\/lovme.pt\/index.php\/wp-json\/wp\/v2\/product\/53490","targetHints":{"allow":["GET"]}}],"collection":[{"href":"https:\/\/lovme.pt\/index.php\/wp-json\/wp\/v2\/product"}],"about":[{"href":"https:\/\/lovme.pt\/index.php\/wp-json\/wp\/v2\/types\/product"}],"wp:featuredmedia":[{"embeddable":true,"href":"https:\/\/lovme.pt\/index.php\/wp-json\/wp\/v2\/media\/77048"}],"wp:attachment":[{"href":"https:\/\/lovme.pt\/index.php\/wp-json\/wp\/v2\/media?parent=53490"}],"wp:term":[{"taxonomy":"product_brand","embeddable":true,"href":"https:\/\/lovme.pt\/index.php\/wp-json\/wp\/v2\/product_brand?post=53490"},{"taxonomy":"product_cat","embeddable":true,"href":"https:\/\/lovme.pt\/index.php\/wp-json\/wp\/v2\/product_cat?post=53490"},{"taxonomy":"product_tag","embeddable":true,"href":"https:\/\/lovme.pt\/index.php\/wp-json\/wp\/v2\/product_tag?post=53490"}],"curies":[{"name":"wp","href":"https:\/\/api.w.org\/{rel}","templated":true}]}}