{"id":53446,"date":"2026-02-05T22:11:51","date_gmt":"2026-02-05T22:11:51","guid":{"rendered":"https:\/\/lovme.pt\/?post_type=product&p=53446"},"modified":"2026-02-20T04:01:21","modified_gmt":"2026-02-20T04:01:21","slug":"fun-factory-bi-stronic-crave-pulsators-de-rabo-intenso-nightblue","status":"publish","type":"product","link":"https:\/\/lovme.pt\/index.php\/produto\/fun-factory-bi-stronic-crave-pulsators-de-rabo-intenso-nightblue\/","title":{"rendered":"FUN FACTORY &#8211; BI STRONIC CRAVE PULSATORS DE RABO INTENSO NIGHTBLUE"},"content":{"rendered":"<p>O BI STRONIC CRAVE n\u00e3o apenas traz movimento para a sua brincadeira  ele dita o ritmo. Com movimentos profundos e realistas combinados com vibra\u00e7\u00f5es poderosas, ele te envolve aos poucos. Os movimentos r\u00edtmicos de vai e vem imitam a vida real e proporcionam sensa\u00e7\u00f5es realistas a cada pulsa\u00e7\u00e3o. E o design ergon\u00f4mico garante dupla estimula\u00e7\u00e3o: uma haste para estimular o ponto G e um vibrador para estimular o clit\u00f3ris. Seu silicone aveludado e a estrutura ondulada e sensual criam uma sensa\u00e7\u00e3o completa que te leva a novos patamares de prazer.<\/p>\n<p> Solte a imagina\u00e7\u00e3o  onde voc\u00ea quiser<br \/> Cama, chuveiro ou banheira? Voc\u00ea escolhe. O BI STRONIC CRAVE \u00e9 recarreg\u00e1vel via USB-C, \u00e0 prova d\u00e1gua (IPX7) e est\u00e1 sempre pronto para uso. Dois motores oferecem 8 modos de impulso e 6 configura\u00e7\u00f5es de vibra\u00e7\u00e3o, que podem ser controlados separadamente, proporcionando o ritmo perfeito para voc\u00ea se desligar do mundo. E a melhor parte? Ele faz todo o trabalho  voc\u00ea s\u00f3 precisa curtir. M\u00e3os livres, entrega total e pura sensa\u00e7\u00e3o.<\/p>\n<p> Para aqueles que desejam mais<br \/> Seja sozinho ou com um parceiro, o BI STRONIC CRAVE se encaixa perfeitamente em qualquer fantasia e \u00e9 feito de silicone hipoalerg\u00eanico para m\u00e1ximo conforto. Seu cabo ergon\u00f4mico em formato de LOOP, com superf\u00edcie texturizada, canelada e antiderrapante, oferece controle quando voc\u00ea quiser, enquanto a interface intuitiva de 3 bot\u00f5es torna tudo mais f\u00e1cil. Quer apimentar as coisas? Use sempre um lubrificante \u00e0 base de \u00e1gua para sensa\u00e7\u00f5es ainda mais intensas. O BI STRONIC CRAVE vem com 25 anos de garantia da FUN FACTORY, garantindo qualidade excepcional, durabilidade e prazer sem fim.<\/p>\n","protected":false},"excerpt":{"rendered":"<p>FUN FACTORY &#8211; BI STRONIC CRAVE PULSATORS DE RABO INTENSO NIGHTBLUE<\/p>\n","protected":false},"featured_media":106980,"template":"","meta":{"_acf_changed":false},"product_brand":[],"product_cat":[17,88,61,76],"product_tag":[],"class_list":{"0":"post-53446","1":"product","2":"type-product","3":"status-publish","4":"has-post-thumbnail","6":"product_cat-brinquedos-de-bem-estar-sexual","7":"product_cat-novidades","8":"product_cat-para-elas","9":"product_cat-vibradores","10":"yith_product_brand-fun-factory","12":"first","13":"instock","14":"taxable","15":"shipping-taxable","16":"purchasable","17":"product-type-simple"},"acf":[],"yoast_head":"<!-- This site is optimized with the Yoast SEO plugin v27.4 - https:\/\/yoast.com\/product\/yoast-seo-wordpress\/ -->\n<title>FUN FACTORY - BI STRONIC CRAVE PULSATORS DE RABO INTENSO NIGHTBLUE - Lovme<\/title>\n<meta name=\"robots\" content=\"index, follow, max-snippet:-1, max-image-preview:large, max-video-preview:-1\" \/>\n<link rel=\"canonical\" href=\"https:\/\/lovme.pt\/index.php\/produto\/fun-factory-bi-stronic-crave-pulsators-de-rabo-intenso-nightblue\/\" \/>\n<meta property=\"og:locale\" content=\"pt_PT\" \/>\n<meta property=\"og:type\" content=\"article\" \/>\n<meta property=\"og:title\" content=\"FUN FACTORY - BI STRONIC CRAVE PULSATORS DE RABO INTENSO NIGHTBLUE - Lovme\" \/>\n<meta property=\"og:description\" content=\"FUN FACTORY - BI STRONIC CRAVE PULSATORS DE RABO INTENSO NIGHTBLUE\" \/>\n<meta property=\"og:url\" content=\"https:\/\/lovme.pt\/index.php\/produto\/fun-factory-bi-stronic-crave-pulsators-de-rabo-intenso-nightblue\/\" \/>\n<meta property=\"og:site_name\" content=\"Lovme\" \/>\n<meta property=\"article:modified_time\" content=\"2026-02-20T04:01:21+00:00\" \/>\n<meta property=\"og:image\" content=\"https:\/\/erki24nd3ub.exactdn.com\/wp-content\/uploads\/dream\/img\/img_214531_1821ca87c064a315b3bb2a9b03e76d47_1.jpg?strip=all\" \/>\n\t<meta property=\"og:image:width\" content=\"900\" \/>\n\t<meta property=\"og:image:height\" content=\"900\" \/>\n\t<meta property=\"og:image:type\" content=\"image\/jpeg\" \/>\n<meta name=\"twitter:card\" content=\"summary_large_image\" \/>\n<meta name=\"twitter:label1\" content=\"Tempo estimado de leitura\" \/>\n\t<meta name=\"twitter:data1\" content=\"1 minuto\" \/>\n<script type=\"application\/ld+json\" class=\"yoast-schema-graph\">{\"@context\":\"https:\\\/\\\/schema.org\",\"@graph\":[{\"@type\":\"WebPage\",\"@id\":\"https:\\\/\\\/lovme.pt\\\/index.php\\\/produto\\\/fun-factory-bi-stronic-crave-pulsators-de-rabo-intenso-nightblue\\\/\",\"url\":\"https:\\\/\\\/lovme.pt\\\/index.php\\\/produto\\\/fun-factory-bi-stronic-crave-pulsators-de-rabo-intenso-nightblue\\\/\",\"name\":\"FUN FACTORY - BI STRONIC CRAVE PULSATORS DE RABO INTENSO NIGHTBLUE - Lovme\",\"isPartOf\":{\"@id\":\"https:\\\/\\\/lovme.pt\\\/#website\"},\"primaryImageOfPage\":{\"@id\":\"https:\\\/\\\/lovme.pt\\\/index.php\\\/produto\\\/fun-factory-bi-stronic-crave-pulsators-de-rabo-intenso-nightblue\\\/#primaryimage\"},\"image\":{\"@id\":\"https:\\\/\\\/lovme.pt\\\/index.php\\\/produto\\\/fun-factory-bi-stronic-crave-pulsators-de-rabo-intenso-nightblue\\\/#primaryimage\"},\"thumbnailUrl\":\"https:\\\/\\\/erki24nd3ub.exactdn.com\\\/wp-content\\\/uploads\\\/dream\\\/img\\\/img_214531_1821ca87c064a315b3bb2a9b03e76d47_1.jpg?strip=all\",\"datePublished\":\"2026-02-05T22:11:51+00:00\",\"dateModified\":\"2026-02-20T04:01:21+00:00\",\"breadcrumb\":{\"@id\":\"https:\\\/\\\/lovme.pt\\\/index.php\\\/produto\\\/fun-factory-bi-stronic-crave-pulsators-de-rabo-intenso-nightblue\\\/#breadcrumb\"},\"inLanguage\":\"pt-PT\",\"potentialAction\":[{\"@type\":\"ReadAction\",\"target\":[\"https:\\\/\\\/lovme.pt\\\/index.php\\\/produto\\\/fun-factory-bi-stronic-crave-pulsators-de-rabo-intenso-nightblue\\\/\"]}]},{\"@type\":\"ImageObject\",\"inLanguage\":\"pt-PT\",\"@id\":\"https:\\\/\\\/lovme.pt\\\/index.php\\\/produto\\\/fun-factory-bi-stronic-crave-pulsators-de-rabo-intenso-nightblue\\\/#primaryimage\",\"url\":\"https:\\\/\\\/erki24nd3ub.exactdn.com\\\/wp-content\\\/uploads\\\/dream\\\/img\\\/img_214531_1821ca87c064a315b3bb2a9b03e76d47_1.jpg?strip=all\",\"contentUrl\":\"https:\\\/\\\/erki24nd3ub.exactdn.com\\\/wp-content\\\/uploads\\\/dream\\\/img\\\/img_214531_1821ca87c064a315b3bb2a9b03e76d47_1.jpg?strip=all\",\"width\":900,\"height\":900},{\"@type\":\"BreadcrumbList\",\"@id\":\"https:\\\/\\\/lovme.pt\\\/index.php\\\/produto\\\/fun-factory-bi-stronic-crave-pulsators-de-rabo-intenso-nightblue\\\/#breadcrumb\",\"itemListElement\":[{\"@type\":\"ListItem\",\"position\":1,\"name\":\"In\u00edcio\",\"item\":\"https:\\\/\\\/lovme.pt\\\/\"},{\"@type\":\"ListItem\",\"position\":2,\"name\":\"Loja\",\"item\":\"https:\\\/\\\/lovme.pt\\\/index.php\\\/loja\\\/\"},{\"@type\":\"ListItem\",\"position\":3,\"name\":\"FUN FACTORY &#8211; BI STRONIC CRAVE PULSATORS DE RABO INTENSO NIGHTBLUE\"}]},{\"@type\":\"WebSite\",\"@id\":\"https:\\\/\\\/lovme.pt\\\/#website\",\"url\":\"https:\\\/\\\/lovme.pt\\\/\",\"name\":\"Lovme Loja Er\u00f3tica N\u00ba1 em Portugal\",\"description\":\"A melhor loja er\u00f3tica de Portugal.\",\"alternateName\":\"Loja Er\u00f3tica Lovme\",\"potentialAction\":[{\"@type\":\"SearchAction\",\"target\":{\"@type\":\"EntryPoint\",\"urlTemplate\":\"https:\\\/\\\/lovme.pt\\\/?s={search_term_string}\"},\"query-input\":{\"@type\":\"PropertyValueSpecification\",\"valueRequired\":true,\"valueName\":\"search_term_string\"}}],\"inLanguage\":\"pt-PT\"}]}<\/script>\n<!-- \/ Yoast SEO plugin. -->","yoast_head_json":{"title":"FUN FACTORY - BI STRONIC CRAVE PULSATORS DE RABO INTENSO NIGHTBLUE - Lovme","robots":{"index":"index","follow":"follow","max-snippet":"max-snippet:-1","max-image-preview":"max-image-preview:large","max-video-preview":"max-video-preview:-1"},"canonical":"https:\/\/lovme.pt\/index.php\/produto\/fun-factory-bi-stronic-crave-pulsators-de-rabo-intenso-nightblue\/","og_locale":"pt_PT","og_type":"article","og_title":"FUN FACTORY - BI STRONIC CRAVE PULSATORS DE RABO INTENSO NIGHTBLUE - Lovme","og_description":"FUN FACTORY - BI STRONIC CRAVE PULSATORS DE RABO INTENSO NIGHTBLUE","og_url":"https:\/\/lovme.pt\/index.php\/produto\/fun-factory-bi-stronic-crave-pulsators-de-rabo-intenso-nightblue\/","og_site_name":"Lovme","article_modified_time":"2026-02-20T04:01:21+00:00","og_image":[{"width":900,"height":900,"url":"https:\/\/erki24nd3ub.exactdn.com\/wp-content\/uploads\/dream\/img\/img_214531_1821ca87c064a315b3bb2a9b03e76d47_1.jpg?strip=all","type":"image\/jpeg"}],"twitter_card":"summary_large_image","twitter_misc":{"Tempo estimado de leitura":"1 minuto"},"schema":{"@context":"https:\/\/schema.org","@graph":[{"@type":"WebPage","@id":"https:\/\/lovme.pt\/index.php\/produto\/fun-factory-bi-stronic-crave-pulsators-de-rabo-intenso-nightblue\/","url":"https:\/\/lovme.pt\/index.php\/produto\/fun-factory-bi-stronic-crave-pulsators-de-rabo-intenso-nightblue\/","name":"FUN FACTORY - BI STRONIC CRAVE PULSATORS DE RABO INTENSO NIGHTBLUE - Lovme","isPartOf":{"@id":"https:\/\/lovme.pt\/#website"},"primaryImageOfPage":{"@id":"https:\/\/lovme.pt\/index.php\/produto\/fun-factory-bi-stronic-crave-pulsators-de-rabo-intenso-nightblue\/#primaryimage"},"image":{"@id":"https:\/\/lovme.pt\/index.php\/produto\/fun-factory-bi-stronic-crave-pulsators-de-rabo-intenso-nightblue\/#primaryimage"},"thumbnailUrl":"https:\/\/erki24nd3ub.exactdn.com\/wp-content\/uploads\/dream\/img\/img_214531_1821ca87c064a315b3bb2a9b03e76d47_1.jpg?strip=all","datePublished":"2026-02-05T22:11:51+00:00","dateModified":"2026-02-20T04:01:21+00:00","breadcrumb":{"@id":"https:\/\/lovme.pt\/index.php\/produto\/fun-factory-bi-stronic-crave-pulsators-de-rabo-intenso-nightblue\/#breadcrumb"},"inLanguage":"pt-PT","potentialAction":[{"@type":"ReadAction","target":["https:\/\/lovme.pt\/index.php\/produto\/fun-factory-bi-stronic-crave-pulsators-de-rabo-intenso-nightblue\/"]}]},{"@type":"ImageObject","inLanguage":"pt-PT","@id":"https:\/\/lovme.pt\/index.php\/produto\/fun-factory-bi-stronic-crave-pulsators-de-rabo-intenso-nightblue\/#primaryimage","url":"https:\/\/erki24nd3ub.exactdn.com\/wp-content\/uploads\/dream\/img\/img_214531_1821ca87c064a315b3bb2a9b03e76d47_1.jpg?strip=all","contentUrl":"https:\/\/erki24nd3ub.exactdn.com\/wp-content\/uploads\/dream\/img\/img_214531_1821ca87c064a315b3bb2a9b03e76d47_1.jpg?strip=all","width":900,"height":900},{"@type":"BreadcrumbList","@id":"https:\/\/lovme.pt\/index.php\/produto\/fun-factory-bi-stronic-crave-pulsators-de-rabo-intenso-nightblue\/#breadcrumb","itemListElement":[{"@type":"ListItem","position":1,"name":"In\u00edcio","item":"https:\/\/lovme.pt\/"},{"@type":"ListItem","position":2,"name":"Loja","item":"https:\/\/lovme.pt\/index.php\/loja\/"},{"@type":"ListItem","position":3,"name":"FUN FACTORY &#8211; BI STRONIC CRAVE PULSATORS DE RABO INTENSO NIGHTBLUE"}]},{"@type":"WebSite","@id":"https:\/\/lovme.pt\/#website","url":"https:\/\/lovme.pt\/","name":"Lovme Loja Er\u00f3tica N\u00ba1 em Portugal","description":"A melhor loja er\u00f3tica de Portugal.","alternateName":"Loja Er\u00f3tica Lovme","potentialAction":[{"@type":"SearchAction","target":{"@type":"EntryPoint","urlTemplate":"https:\/\/lovme.pt\/?s={search_term_string}"},"query-input":{"@type":"PropertyValueSpecification","valueRequired":true,"valueName":"search_term_string"}}],"inLanguage":"pt-PT"}]}},"_links":{"self":[{"href":"https:\/\/lovme.pt\/index.php\/wp-json\/wp\/v2\/product\/53446","targetHints":{"allow":["GET"]}}],"collection":[{"href":"https:\/\/lovme.pt\/index.php\/wp-json\/wp\/v2\/product"}],"about":[{"href":"https:\/\/lovme.pt\/index.php\/wp-json\/wp\/v2\/types\/product"}],"wp:featuredmedia":[{"embeddable":true,"href":"https:\/\/lovme.pt\/index.php\/wp-json\/wp\/v2\/media\/106980"}],"wp:attachment":[{"href":"https:\/\/lovme.pt\/index.php\/wp-json\/wp\/v2\/media?parent=53446"}],"wp:term":[{"taxonomy":"product_brand","embeddable":true,"href":"https:\/\/lovme.pt\/index.php\/wp-json\/wp\/v2\/product_brand?post=53446"},{"taxonomy":"product_cat","embeddable":true,"href":"https:\/\/lovme.pt\/index.php\/wp-json\/wp\/v2\/product_cat?post=53446"},{"taxonomy":"product_tag","embeddable":true,"href":"https:\/\/lovme.pt\/index.php\/wp-json\/wp\/v2\/product_tag?post=53446"}],"curies":[{"name":"wp","href":"https:\/\/api.w.org\/{rel}","templated":true}]}}