{"id":53445,"date":"2026-02-05T22:11:47","date_gmt":"2026-02-05T22:11:47","guid":{"rendered":"https:\/\/lovme.pt\/?post_type=product&p=53445"},"modified":"2026-02-20T04:01:21","modified_gmt":"2026-02-20T04:01:21","slug":"fun-factory-bi-stronic-embrace-pulsadores-de-rabo-de-empurrao-preto","status":"publish","type":"product","link":"https:\/\/lovme.pt\/index.php\/produto\/fun-factory-bi-stronic-embrace-pulsadores-de-rabo-de-empurrao-preto\/","title":{"rendered":"FUN FACTORY &#8211; BI STRONIC EMBRACE PULSADORES DE RABO DE EMPURR\u00c3O PRETO"},"content":{"rendered":"<p>Impacto profundo, prazer de arrepiar! O BI STRONIC EMBRACE n\u00e3o faz nada pela metade  suas penetra\u00e7\u00f5es realistas e profundas atingem exatamente onde voc\u00ea deseja, com um design ergon\u00f4mico que garante dupla estimula\u00e7\u00e3o: uma haste para penetra\u00e7\u00e3o que estimula o ponto G e um vibrador para estimula\u00e7\u00e3o clitoriana. Os movimentos r\u00edtmicos de vai e vem imitam a vida real e proporcionam sensa\u00e7\u00f5es realistas a cada pulsa\u00e7\u00e3o. Enquanto isso, vibra\u00e7\u00f5es potentes e um formato sensual que se adapta ao corpo te envolvem completamente, e a ponta esculpida e curvada oferece estimula\u00e7\u00e3o profunda e precisa do ponto G. Adicione lubrificante \u00e0 base de \u00e1gua para ainda mais intensidade e sensa\u00e7\u00f5es inesquec\u00edveis.<\/p>\n<p> <strong>M\u00e3os livres, sem esfor\u00e7o, impressionante.<\/strong><br \/> Deixe-se levar e entregue-se  dois motores alimentam 8 padr\u00f5es de impulso e 6 modos de vibra\u00e7\u00e3o que podem ser controlados separadamente, criando o ritmo perfeito para lev\u00e1-la ao \u00e1pice. E como o BI STRONIC EMBRACE faz todo o trabalho, voc\u00ea pode simplesmente deitar, relaxar e deixar o prazer tomar conta  sem usar as m\u00e3os.<\/p>\n<p> <strong>Sempre pronta para realizar suas fantasias.<\/strong><br \/> Seja no chuveiro, na banheira ou entre os len\u00e7\u00f3is  \u00e0 prova d\u00e1gua (IPX7), recarreg\u00e1vel via USB-C e feito de silicone hipoalerg\u00eanico, este brinquedo er\u00f3tico est\u00e1 sempre pronto para a aventura. A al\u00e7a ergon\u00f4mica em formato de LOOP, com superf\u00edcie texturizada, canelada e antiderrapante, mant\u00e9m tudo seguro, enquanto o controle intuitivo de 3 bot\u00f5es garante uma navega\u00e7\u00e3o f\u00e1cil. Pronto para brincar? Basta pressionar FUN. O BI STRONIC EMBRACE vem com 25 anos de garantia da FUN FACTORY, assegurando qualidade excepcional, durabilidade e satisfa\u00e7\u00e3o prolongada.<\/p>\n","protected":false},"excerpt":{"rendered":"<p>FUN FACTORY &#8211; BI STRONIC EMBRACE PULSADORES DE RABO DE EMPURR\u00c3O PRETO<\/p>\n","protected":false},"featured_media":106977,"template":"","meta":{"_acf_changed":false},"product_brand":[],"product_cat":[17,88,61,76],"product_tag":[],"class_list":{"0":"post-53445","1":"product","2":"type-product","3":"status-publish","4":"has-post-thumbnail","6":"product_cat-brinquedos-de-bem-estar-sexual","7":"product_cat-novidades","8":"product_cat-para-elas","9":"product_cat-vibradores","10":"yith_product_brand-fun-factory","12":"first","13":"instock","14":"taxable","15":"shipping-taxable","16":"purchasable","17":"product-type-simple"},"acf":[],"yoast_head":"<!-- This site is optimized with the Yoast SEO plugin v27.4 - https:\/\/yoast.com\/product\/yoast-seo-wordpress\/ -->\n<title>FUN FACTORY - BI STRONIC EMBRACE PULSADORES DE RABO DE EMPURR\u00c3O PRETO - Lovme<\/title>\n<meta name=\"robots\" content=\"index, follow, max-snippet:-1, max-image-preview:large, max-video-preview:-1\" \/>\n<link rel=\"canonical\" href=\"https:\/\/lovme.pt\/index.php\/produto\/fun-factory-bi-stronic-embrace-pulsadores-de-rabo-de-empurrao-preto\/\" \/>\n<meta property=\"og:locale\" content=\"pt_PT\" \/>\n<meta property=\"og:type\" content=\"article\" \/>\n<meta property=\"og:title\" content=\"FUN FACTORY - BI STRONIC EMBRACE PULSADORES DE RABO DE EMPURR\u00c3O PRETO - Lovme\" \/>\n<meta property=\"og:description\" content=\"FUN FACTORY - BI STRONIC EMBRACE PULSADORES DE RABO DE EMPURR\u00c3O PRETO\" \/>\n<meta property=\"og:url\" content=\"https:\/\/lovme.pt\/index.php\/produto\/fun-factory-bi-stronic-embrace-pulsadores-de-rabo-de-empurrao-preto\/\" \/>\n<meta property=\"og:site_name\" content=\"Lovme\" \/>\n<meta property=\"article:modified_time\" content=\"2026-02-20T04:01:21+00:00\" \/>\n<meta property=\"og:image\" content=\"https:\/\/erki24nd3ub.exactdn.com\/wp-content\/uploads\/dream\/img\/img_214551_e24413c3ba89d6545647a5cb8411731f_1.jpg?strip=all\" \/>\n\t<meta property=\"og:image:width\" content=\"900\" \/>\n\t<meta property=\"og:image:height\" content=\"900\" \/>\n\t<meta property=\"og:image:type\" content=\"image\/jpeg\" \/>\n<meta name=\"twitter:card\" content=\"summary_large_image\" \/>\n<meta name=\"twitter:label1\" content=\"Tempo estimado de leitura\" \/>\n\t<meta name=\"twitter:data1\" content=\"1 minuto\" \/>\n<script type=\"application\/ld+json\" class=\"yoast-schema-graph\">{\"@context\":\"https:\\\/\\\/schema.org\",\"@graph\":[{\"@type\":\"WebPage\",\"@id\":\"https:\\\/\\\/lovme.pt\\\/index.php\\\/produto\\\/fun-factory-bi-stronic-embrace-pulsadores-de-rabo-de-empurrao-preto\\\/\",\"url\":\"https:\\\/\\\/lovme.pt\\\/index.php\\\/produto\\\/fun-factory-bi-stronic-embrace-pulsadores-de-rabo-de-empurrao-preto\\\/\",\"name\":\"FUN FACTORY - BI STRONIC EMBRACE PULSADORES DE RABO DE EMPURR\u00c3O PRETO - Lovme\",\"isPartOf\":{\"@id\":\"https:\\\/\\\/lovme.pt\\\/#website\"},\"primaryImageOfPage\":{\"@id\":\"https:\\\/\\\/lovme.pt\\\/index.php\\\/produto\\\/fun-factory-bi-stronic-embrace-pulsadores-de-rabo-de-empurrao-preto\\\/#primaryimage\"},\"image\":{\"@id\":\"https:\\\/\\\/lovme.pt\\\/index.php\\\/produto\\\/fun-factory-bi-stronic-embrace-pulsadores-de-rabo-de-empurrao-preto\\\/#primaryimage\"},\"thumbnailUrl\":\"https:\\\/\\\/erki24nd3ub.exactdn.com\\\/wp-content\\\/uploads\\\/dream\\\/img\\\/img_214551_e24413c3ba89d6545647a5cb8411731f_1.jpg?strip=all\",\"datePublished\":\"2026-02-05T22:11:47+00:00\",\"dateModified\":\"2026-02-20T04:01:21+00:00\",\"breadcrumb\":{\"@id\":\"https:\\\/\\\/lovme.pt\\\/index.php\\\/produto\\\/fun-factory-bi-stronic-embrace-pulsadores-de-rabo-de-empurrao-preto\\\/#breadcrumb\"},\"inLanguage\":\"pt-PT\",\"potentialAction\":[{\"@type\":\"ReadAction\",\"target\":[\"https:\\\/\\\/lovme.pt\\\/index.php\\\/produto\\\/fun-factory-bi-stronic-embrace-pulsadores-de-rabo-de-empurrao-preto\\\/\"]}]},{\"@type\":\"ImageObject\",\"inLanguage\":\"pt-PT\",\"@id\":\"https:\\\/\\\/lovme.pt\\\/index.php\\\/produto\\\/fun-factory-bi-stronic-embrace-pulsadores-de-rabo-de-empurrao-preto\\\/#primaryimage\",\"url\":\"https:\\\/\\\/erki24nd3ub.exactdn.com\\\/wp-content\\\/uploads\\\/dream\\\/img\\\/img_214551_e24413c3ba89d6545647a5cb8411731f_1.jpg?strip=all\",\"contentUrl\":\"https:\\\/\\\/erki24nd3ub.exactdn.com\\\/wp-content\\\/uploads\\\/dream\\\/img\\\/img_214551_e24413c3ba89d6545647a5cb8411731f_1.jpg?strip=all\",\"width\":900,\"height\":900},{\"@type\":\"BreadcrumbList\",\"@id\":\"https:\\\/\\\/lovme.pt\\\/index.php\\\/produto\\\/fun-factory-bi-stronic-embrace-pulsadores-de-rabo-de-empurrao-preto\\\/#breadcrumb\",\"itemListElement\":[{\"@type\":\"ListItem\",\"position\":1,\"name\":\"In\u00edcio\",\"item\":\"https:\\\/\\\/lovme.pt\\\/\"},{\"@type\":\"ListItem\",\"position\":2,\"name\":\"Loja\",\"item\":\"https:\\\/\\\/lovme.pt\\\/index.php\\\/loja\\\/\"},{\"@type\":\"ListItem\",\"position\":3,\"name\":\"FUN FACTORY &#8211; BI STRONIC EMBRACE PULSADORES DE RABO DE EMPURR\u00c3O PRETO\"}]},{\"@type\":\"WebSite\",\"@id\":\"https:\\\/\\\/lovme.pt\\\/#website\",\"url\":\"https:\\\/\\\/lovme.pt\\\/\",\"name\":\"Lovme Loja Er\u00f3tica N\u00ba1 em Portugal\",\"description\":\"A melhor loja er\u00f3tica de Portugal.\",\"alternateName\":\"Loja Er\u00f3tica Lovme\",\"potentialAction\":[{\"@type\":\"SearchAction\",\"target\":{\"@type\":\"EntryPoint\",\"urlTemplate\":\"https:\\\/\\\/lovme.pt\\\/?s={search_term_string}\"},\"query-input\":{\"@type\":\"PropertyValueSpecification\",\"valueRequired\":true,\"valueName\":\"search_term_string\"}}],\"inLanguage\":\"pt-PT\"}]}<\/script>\n<!-- \/ Yoast SEO plugin. -->","yoast_head_json":{"title":"FUN FACTORY - BI STRONIC EMBRACE PULSADORES DE RABO DE EMPURR\u00c3O PRETO - Lovme","robots":{"index":"index","follow":"follow","max-snippet":"max-snippet:-1","max-image-preview":"max-image-preview:large","max-video-preview":"max-video-preview:-1"},"canonical":"https:\/\/lovme.pt\/index.php\/produto\/fun-factory-bi-stronic-embrace-pulsadores-de-rabo-de-empurrao-preto\/","og_locale":"pt_PT","og_type":"article","og_title":"FUN FACTORY - BI STRONIC EMBRACE PULSADORES DE RABO DE EMPURR\u00c3O PRETO - Lovme","og_description":"FUN FACTORY - BI STRONIC EMBRACE PULSADORES DE RABO DE EMPURR\u00c3O PRETO","og_url":"https:\/\/lovme.pt\/index.php\/produto\/fun-factory-bi-stronic-embrace-pulsadores-de-rabo-de-empurrao-preto\/","og_site_name":"Lovme","article_modified_time":"2026-02-20T04:01:21+00:00","og_image":[{"width":900,"height":900,"url":"https:\/\/erki24nd3ub.exactdn.com\/wp-content\/uploads\/dream\/img\/img_214551_e24413c3ba89d6545647a5cb8411731f_1.jpg?strip=all","type":"image\/jpeg"}],"twitter_card":"summary_large_image","twitter_misc":{"Tempo estimado de leitura":"1 minuto"},"schema":{"@context":"https:\/\/schema.org","@graph":[{"@type":"WebPage","@id":"https:\/\/lovme.pt\/index.php\/produto\/fun-factory-bi-stronic-embrace-pulsadores-de-rabo-de-empurrao-preto\/","url":"https:\/\/lovme.pt\/index.php\/produto\/fun-factory-bi-stronic-embrace-pulsadores-de-rabo-de-empurrao-preto\/","name":"FUN FACTORY - BI STRONIC EMBRACE PULSADORES DE RABO DE EMPURR\u00c3O PRETO - Lovme","isPartOf":{"@id":"https:\/\/lovme.pt\/#website"},"primaryImageOfPage":{"@id":"https:\/\/lovme.pt\/index.php\/produto\/fun-factory-bi-stronic-embrace-pulsadores-de-rabo-de-empurrao-preto\/#primaryimage"},"image":{"@id":"https:\/\/lovme.pt\/index.php\/produto\/fun-factory-bi-stronic-embrace-pulsadores-de-rabo-de-empurrao-preto\/#primaryimage"},"thumbnailUrl":"https:\/\/erki24nd3ub.exactdn.com\/wp-content\/uploads\/dream\/img\/img_214551_e24413c3ba89d6545647a5cb8411731f_1.jpg?strip=all","datePublished":"2026-02-05T22:11:47+00:00","dateModified":"2026-02-20T04:01:21+00:00","breadcrumb":{"@id":"https:\/\/lovme.pt\/index.php\/produto\/fun-factory-bi-stronic-embrace-pulsadores-de-rabo-de-empurrao-preto\/#breadcrumb"},"inLanguage":"pt-PT","potentialAction":[{"@type":"ReadAction","target":["https:\/\/lovme.pt\/index.php\/produto\/fun-factory-bi-stronic-embrace-pulsadores-de-rabo-de-empurrao-preto\/"]}]},{"@type":"ImageObject","inLanguage":"pt-PT","@id":"https:\/\/lovme.pt\/index.php\/produto\/fun-factory-bi-stronic-embrace-pulsadores-de-rabo-de-empurrao-preto\/#primaryimage","url":"https:\/\/erki24nd3ub.exactdn.com\/wp-content\/uploads\/dream\/img\/img_214551_e24413c3ba89d6545647a5cb8411731f_1.jpg?strip=all","contentUrl":"https:\/\/erki24nd3ub.exactdn.com\/wp-content\/uploads\/dream\/img\/img_214551_e24413c3ba89d6545647a5cb8411731f_1.jpg?strip=all","width":900,"height":900},{"@type":"BreadcrumbList","@id":"https:\/\/lovme.pt\/index.php\/produto\/fun-factory-bi-stronic-embrace-pulsadores-de-rabo-de-empurrao-preto\/#breadcrumb","itemListElement":[{"@type":"ListItem","position":1,"name":"In\u00edcio","item":"https:\/\/lovme.pt\/"},{"@type":"ListItem","position":2,"name":"Loja","item":"https:\/\/lovme.pt\/index.php\/loja\/"},{"@type":"ListItem","position":3,"name":"FUN FACTORY &#8211; BI STRONIC EMBRACE PULSADORES DE RABO DE EMPURR\u00c3O PRETO"}]},{"@type":"WebSite","@id":"https:\/\/lovme.pt\/#website","url":"https:\/\/lovme.pt\/","name":"Lovme Loja Er\u00f3tica N\u00ba1 em Portugal","description":"A melhor loja er\u00f3tica de Portugal.","alternateName":"Loja Er\u00f3tica Lovme","potentialAction":[{"@type":"SearchAction","target":{"@type":"EntryPoint","urlTemplate":"https:\/\/lovme.pt\/?s={search_term_string}"},"query-input":{"@type":"PropertyValueSpecification","valueRequired":true,"valueName":"search_term_string"}}],"inLanguage":"pt-PT"}]}},"_links":{"self":[{"href":"https:\/\/lovme.pt\/index.php\/wp-json\/wp\/v2\/product\/53445","targetHints":{"allow":["GET"]}}],"collection":[{"href":"https:\/\/lovme.pt\/index.php\/wp-json\/wp\/v2\/product"}],"about":[{"href":"https:\/\/lovme.pt\/index.php\/wp-json\/wp\/v2\/types\/product"}],"wp:featuredmedia":[{"embeddable":true,"href":"https:\/\/lovme.pt\/index.php\/wp-json\/wp\/v2\/media\/106977"}],"wp:attachment":[{"href":"https:\/\/lovme.pt\/index.php\/wp-json\/wp\/v2\/media?parent=53445"}],"wp:term":[{"taxonomy":"product_brand","embeddable":true,"href":"https:\/\/lovme.pt\/index.php\/wp-json\/wp\/v2\/product_brand?post=53445"},{"taxonomy":"product_cat","embeddable":true,"href":"https:\/\/lovme.pt\/index.php\/wp-json\/wp\/v2\/product_cat?post=53445"},{"taxonomy":"product_tag","embeddable":true,"href":"https:\/\/lovme.pt\/index.php\/wp-json\/wp\/v2\/product_tag?post=53445"}],"curies":[{"name":"wp","href":"https:\/\/api.w.org\/{rel}","templated":true}]}}