{"id":53433,"date":"2026-02-05T22:11:29","date_gmt":"2026-02-05T22:11:29","guid":{"rendered":"https:\/\/lovme.pt\/?post_type=product&p=53433"},"modified":"2026-02-20T04:01:21","modified_gmt":"2026-02-20T04:01:21","slug":"fun-factory-sundaze-pulsators-de-impulso-magenta","status":"publish","type":"product","link":"https:\/\/lovme.pt\/index.php\/produto\/fun-factory-sundaze-pulsators-de-impulso-magenta\/","title":{"rendered":"FUN FACTORY &#8211; SUNDAZE PULSATORS DE IMPULSO MAGENTA"},"content":{"rendered":"<p>Experimente um novo n\u00edvel de estimula\u00e7\u00e3o com o vibrador de penetra\u00e7\u00e3o STRONIC SUNDAZE! Este brinquedo er\u00f3tico excitante combina vibra\u00e7\u00f5es com penetra\u00e7\u00f5es realistas, proporcionando orgasmos mais profundos e intensos. Os movimentos r\u00edtmicos de vai e vem imitam a vida real e oferecem sensa\u00e7\u00f5es realistas a cada pulsa\u00e7\u00e3o. E com um total de 15 modos  10 velocidades e 5 ritmos  o STRONIC SUNDAZE pode ser perfeitamente ajustado aos seus desejos. A ponta ergon\u00f4mica e achatada n\u00e3o s\u00f3 estimula o clit\u00f3ris com precis\u00e3o milim\u00e9trica, como tamb\u00e9m oferece estimula\u00e7\u00e3o ideal do ponto G durante a inser\u00e7\u00e3o. Relaxe e desfrute de penetra\u00e7\u00f5es sem usar as m\u00e3os que v\u00e3o te surpreender.<\/p>\n<p> <strong>Tecnologia inovadora para divers\u00e3o sem fim<\/strong><br \/> O STRONIC SUNDAZE vai al\u00e9m dos vibradores tradicionais  sua fun\u00e7\u00e3o de penetra\u00e7\u00e3o \u00e9 aprimorada por vibra\u00e7\u00f5es poderosas e ritmos pulsantes. Sinta como cada penetra\u00e7\u00e3o estimula suas termina\u00e7\u00f5es nervosas de uma maneira que voc\u00ea nunca experimentou antes, levando voc\u00ea a novos patamares de prazer. Com 17 cm de comprimento e 3,5 cm de di\u00e2metro, o STRONIC SUNDAZE \u00e9 o brinquedo er\u00f3tico perfeito para quem busca satisfa\u00e7\u00e3o plena.<\/p>\n<p> <strong>Projetado para o seu prazer<\/strong><br \/> Seja para penetra\u00e7\u00e3o ou estimula\u00e7\u00e3o clitoriana, o STRONIC SUNDAZE recarreg\u00e1vel via USB-C se adapta \u00e0s suas necessidades. \u00c9 perfeito tamb\u00e9m para relaxar em uma banheira quentinha, pois \u00e9 totalmente \u00e0 prova d\u00e1gua (IPX7) e pronto para proporcionar movimentos de vai e vem sem usar as m\u00e3os, elevando o seu prazer. Feche os olhos e deixe o momento te levar! Feito de silicone seguro para o corpo e com garantia de 25 anos da FUN FACTORY  para ondas infinitas de prazer.<\/p>\n","protected":false},"excerpt":{"rendered":"<p>FUN FACTORY &#8211; SUNDAZE PULSATORS DE IMPULSO MAGENTA<\/p>\n","protected":false},"featured_media":106965,"template":"","meta":{"_acf_changed":false},"product_brand":[],"product_cat":[17,88,61],"product_tag":[],"class_list":{"0":"post-53433","1":"product","2":"type-product","3":"status-publish","4":"has-post-thumbnail","6":"product_cat-brinquedos-de-bem-estar-sexual","7":"product_cat-novidades","8":"product_cat-para-elas","9":"yith_product_brand-fun-factory","11":"first","12":"instock","13":"taxable","14":"shipping-taxable","15":"purchasable","16":"product-type-simple"},"acf":[],"yoast_head":"<!-- This site is optimized with the Yoast SEO plugin v27.4 - https:\/\/yoast.com\/product\/yoast-seo-wordpress\/ -->\n<title>FUN FACTORY - SUNDAZE PULSATORS DE IMPULSO MAGENTA - Lovme<\/title>\n<meta name=\"robots\" content=\"index, follow, max-snippet:-1, max-image-preview:large, max-video-preview:-1\" \/>\n<link rel=\"canonical\" href=\"https:\/\/lovme.pt\/index.php\/produto\/fun-factory-sundaze-pulsators-de-impulso-magenta\/\" \/>\n<meta property=\"og:locale\" content=\"pt_PT\" \/>\n<meta property=\"og:type\" content=\"article\" \/>\n<meta property=\"og:title\" content=\"FUN FACTORY - SUNDAZE PULSATORS DE IMPULSO MAGENTA - Lovme\" \/>\n<meta property=\"og:description\" content=\"FUN FACTORY - SUNDAZE PULSATORS DE IMPULSO MAGENTA\" \/>\n<meta property=\"og:url\" content=\"https:\/\/lovme.pt\/index.php\/produto\/fun-factory-sundaze-pulsators-de-impulso-magenta\/\" \/>\n<meta property=\"og:site_name\" content=\"Lovme\" \/>\n<meta property=\"article:modified_time\" content=\"2026-02-20T04:01:21+00:00\" \/>\n<meta property=\"og:image\" content=\"https:\/\/erki24nd3ub.exactdn.com\/wp-content\/uploads\/dream\/img\/img_215452_b6b23d4c275332046c2fef1f14867802_1.jpg?strip=all\" \/>\n\t<meta property=\"og:image:width\" content=\"900\" \/>\n\t<meta property=\"og:image:height\" content=\"900\" \/>\n\t<meta property=\"og:image:type\" content=\"image\/jpeg\" \/>\n<meta name=\"twitter:card\" content=\"summary_large_image\" \/>\n<meta name=\"twitter:label1\" content=\"Tempo estimado de leitura\" \/>\n\t<meta name=\"twitter:data1\" content=\"1 minuto\" \/>\n<script type=\"application\/ld+json\" class=\"yoast-schema-graph\">{\"@context\":\"https:\\\/\\\/schema.org\",\"@graph\":[{\"@type\":\"WebPage\",\"@id\":\"https:\\\/\\\/lovme.pt\\\/index.php\\\/produto\\\/fun-factory-sundaze-pulsators-de-impulso-magenta\\\/\",\"url\":\"https:\\\/\\\/lovme.pt\\\/index.php\\\/produto\\\/fun-factory-sundaze-pulsators-de-impulso-magenta\\\/\",\"name\":\"FUN FACTORY - SUNDAZE PULSATORS DE IMPULSO MAGENTA - Lovme\",\"isPartOf\":{\"@id\":\"https:\\\/\\\/lovme.pt\\\/#website\"},\"primaryImageOfPage\":{\"@id\":\"https:\\\/\\\/lovme.pt\\\/index.php\\\/produto\\\/fun-factory-sundaze-pulsators-de-impulso-magenta\\\/#primaryimage\"},\"image\":{\"@id\":\"https:\\\/\\\/lovme.pt\\\/index.php\\\/produto\\\/fun-factory-sundaze-pulsators-de-impulso-magenta\\\/#primaryimage\"},\"thumbnailUrl\":\"https:\\\/\\\/erki24nd3ub.exactdn.com\\\/wp-content\\\/uploads\\\/dream\\\/img\\\/img_215452_b6b23d4c275332046c2fef1f14867802_1.jpg?strip=all\",\"datePublished\":\"2026-02-05T22:11:29+00:00\",\"dateModified\":\"2026-02-20T04:01:21+00:00\",\"breadcrumb\":{\"@id\":\"https:\\\/\\\/lovme.pt\\\/index.php\\\/produto\\\/fun-factory-sundaze-pulsators-de-impulso-magenta\\\/#breadcrumb\"},\"inLanguage\":\"pt-PT\",\"potentialAction\":[{\"@type\":\"ReadAction\",\"target\":[\"https:\\\/\\\/lovme.pt\\\/index.php\\\/produto\\\/fun-factory-sundaze-pulsators-de-impulso-magenta\\\/\"]}]},{\"@type\":\"ImageObject\",\"inLanguage\":\"pt-PT\",\"@id\":\"https:\\\/\\\/lovme.pt\\\/index.php\\\/produto\\\/fun-factory-sundaze-pulsators-de-impulso-magenta\\\/#primaryimage\",\"url\":\"https:\\\/\\\/erki24nd3ub.exactdn.com\\\/wp-content\\\/uploads\\\/dream\\\/img\\\/img_215452_b6b23d4c275332046c2fef1f14867802_1.jpg?strip=all\",\"contentUrl\":\"https:\\\/\\\/erki24nd3ub.exactdn.com\\\/wp-content\\\/uploads\\\/dream\\\/img\\\/img_215452_b6b23d4c275332046c2fef1f14867802_1.jpg?strip=all\",\"width\":900,\"height\":900},{\"@type\":\"BreadcrumbList\",\"@id\":\"https:\\\/\\\/lovme.pt\\\/index.php\\\/produto\\\/fun-factory-sundaze-pulsators-de-impulso-magenta\\\/#breadcrumb\",\"itemListElement\":[{\"@type\":\"ListItem\",\"position\":1,\"name\":\"In\u00edcio\",\"item\":\"https:\\\/\\\/lovme.pt\\\/\"},{\"@type\":\"ListItem\",\"position\":2,\"name\":\"Loja\",\"item\":\"https:\\\/\\\/lovme.pt\\\/index.php\\\/loja\\\/\"},{\"@type\":\"ListItem\",\"position\":3,\"name\":\"FUN FACTORY &#8211; SUNDAZE PULSATORS DE IMPULSO MAGENTA\"}]},{\"@type\":\"WebSite\",\"@id\":\"https:\\\/\\\/lovme.pt\\\/#website\",\"url\":\"https:\\\/\\\/lovme.pt\\\/\",\"name\":\"Lovme Loja Er\u00f3tica N\u00ba1 em Portugal\",\"description\":\"A melhor loja er\u00f3tica de Portugal.\",\"alternateName\":\"Loja Er\u00f3tica Lovme\",\"potentialAction\":[{\"@type\":\"SearchAction\",\"target\":{\"@type\":\"EntryPoint\",\"urlTemplate\":\"https:\\\/\\\/lovme.pt\\\/?s={search_term_string}\"},\"query-input\":{\"@type\":\"PropertyValueSpecification\",\"valueRequired\":true,\"valueName\":\"search_term_string\"}}],\"inLanguage\":\"pt-PT\"}]}<\/script>\n<!-- \/ Yoast SEO plugin. -->","yoast_head_json":{"title":"FUN FACTORY - SUNDAZE PULSATORS DE IMPULSO MAGENTA - Lovme","robots":{"index":"index","follow":"follow","max-snippet":"max-snippet:-1","max-image-preview":"max-image-preview:large","max-video-preview":"max-video-preview:-1"},"canonical":"https:\/\/lovme.pt\/index.php\/produto\/fun-factory-sundaze-pulsators-de-impulso-magenta\/","og_locale":"pt_PT","og_type":"article","og_title":"FUN FACTORY - SUNDAZE PULSATORS DE IMPULSO MAGENTA - Lovme","og_description":"FUN FACTORY - SUNDAZE PULSATORS DE IMPULSO MAGENTA","og_url":"https:\/\/lovme.pt\/index.php\/produto\/fun-factory-sundaze-pulsators-de-impulso-magenta\/","og_site_name":"Lovme","article_modified_time":"2026-02-20T04:01:21+00:00","og_image":[{"width":900,"height":900,"url":"https:\/\/erki24nd3ub.exactdn.com\/wp-content\/uploads\/dream\/img\/img_215452_b6b23d4c275332046c2fef1f14867802_1.jpg?strip=all","type":"image\/jpeg"}],"twitter_card":"summary_large_image","twitter_misc":{"Tempo estimado de leitura":"1 minuto"},"schema":{"@context":"https:\/\/schema.org","@graph":[{"@type":"WebPage","@id":"https:\/\/lovme.pt\/index.php\/produto\/fun-factory-sundaze-pulsators-de-impulso-magenta\/","url":"https:\/\/lovme.pt\/index.php\/produto\/fun-factory-sundaze-pulsators-de-impulso-magenta\/","name":"FUN FACTORY - SUNDAZE PULSATORS DE IMPULSO MAGENTA - Lovme","isPartOf":{"@id":"https:\/\/lovme.pt\/#website"},"primaryImageOfPage":{"@id":"https:\/\/lovme.pt\/index.php\/produto\/fun-factory-sundaze-pulsators-de-impulso-magenta\/#primaryimage"},"image":{"@id":"https:\/\/lovme.pt\/index.php\/produto\/fun-factory-sundaze-pulsators-de-impulso-magenta\/#primaryimage"},"thumbnailUrl":"https:\/\/erki24nd3ub.exactdn.com\/wp-content\/uploads\/dream\/img\/img_215452_b6b23d4c275332046c2fef1f14867802_1.jpg?strip=all","datePublished":"2026-02-05T22:11:29+00:00","dateModified":"2026-02-20T04:01:21+00:00","breadcrumb":{"@id":"https:\/\/lovme.pt\/index.php\/produto\/fun-factory-sundaze-pulsators-de-impulso-magenta\/#breadcrumb"},"inLanguage":"pt-PT","potentialAction":[{"@type":"ReadAction","target":["https:\/\/lovme.pt\/index.php\/produto\/fun-factory-sundaze-pulsators-de-impulso-magenta\/"]}]},{"@type":"ImageObject","inLanguage":"pt-PT","@id":"https:\/\/lovme.pt\/index.php\/produto\/fun-factory-sundaze-pulsators-de-impulso-magenta\/#primaryimage","url":"https:\/\/erki24nd3ub.exactdn.com\/wp-content\/uploads\/dream\/img\/img_215452_b6b23d4c275332046c2fef1f14867802_1.jpg?strip=all","contentUrl":"https:\/\/erki24nd3ub.exactdn.com\/wp-content\/uploads\/dream\/img\/img_215452_b6b23d4c275332046c2fef1f14867802_1.jpg?strip=all","width":900,"height":900},{"@type":"BreadcrumbList","@id":"https:\/\/lovme.pt\/index.php\/produto\/fun-factory-sundaze-pulsators-de-impulso-magenta\/#breadcrumb","itemListElement":[{"@type":"ListItem","position":1,"name":"In\u00edcio","item":"https:\/\/lovme.pt\/"},{"@type":"ListItem","position":2,"name":"Loja","item":"https:\/\/lovme.pt\/index.php\/loja\/"},{"@type":"ListItem","position":3,"name":"FUN FACTORY &#8211; SUNDAZE PULSATORS DE IMPULSO MAGENTA"}]},{"@type":"WebSite","@id":"https:\/\/lovme.pt\/#website","url":"https:\/\/lovme.pt\/","name":"Lovme Loja Er\u00f3tica N\u00ba1 em Portugal","description":"A melhor loja er\u00f3tica de Portugal.","alternateName":"Loja Er\u00f3tica Lovme","potentialAction":[{"@type":"SearchAction","target":{"@type":"EntryPoint","urlTemplate":"https:\/\/lovme.pt\/?s={search_term_string}"},"query-input":{"@type":"PropertyValueSpecification","valueRequired":true,"valueName":"search_term_string"}}],"inLanguage":"pt-PT"}]}},"_links":{"self":[{"href":"https:\/\/lovme.pt\/index.php\/wp-json\/wp\/v2\/product\/53433","targetHints":{"allow":["GET"]}}],"collection":[{"href":"https:\/\/lovme.pt\/index.php\/wp-json\/wp\/v2\/product"}],"about":[{"href":"https:\/\/lovme.pt\/index.php\/wp-json\/wp\/v2\/types\/product"}],"wp:featuredmedia":[{"embeddable":true,"href":"https:\/\/lovme.pt\/index.php\/wp-json\/wp\/v2\/media\/106965"}],"wp:attachment":[{"href":"https:\/\/lovme.pt\/index.php\/wp-json\/wp\/v2\/media?parent=53433"}],"wp:term":[{"taxonomy":"product_brand","embeddable":true,"href":"https:\/\/lovme.pt\/index.php\/wp-json\/wp\/v2\/product_brand?post=53433"},{"taxonomy":"product_cat","embeddable":true,"href":"https:\/\/lovme.pt\/index.php\/wp-json\/wp\/v2\/product_cat?post=53433"},{"taxonomy":"product_tag","embeddable":true,"href":"https:\/\/lovme.pt\/index.php\/wp-json\/wp\/v2\/product_tag?post=53433"}],"curies":[{"name":"wp","href":"https:\/\/api.w.org\/{rel}","templated":true}]}}