{"id":53422,"date":"2026-02-05T22:11:08","date_gmt":"2026-02-05T22:11:08","guid":{"rendered":"https:\/\/lovme.pt\/?post_type=product&p=53422"},"modified":"2026-02-20T04:01:21","modified_gmt":"2026-02-20T04:01:21","slug":"fun-factory-vibrador-lady-bi-rabbit-roxo","status":"publish","type":"product","link":"https:\/\/lovme.pt\/index.php\/produto\/fun-factory-vibrador-lady-bi-rabbit-roxo\/","title":{"rendered":"FUN FACTORY &#8211; VIBRADOR LADY BI RABBIT ROXO"},"content":{"rendered":"<p>O LADY BI \u00e9 um vibrador em formato de coelho potente, projetado para proporcionar orgasmos intensos com um design ergon\u00f4mico que oferece estimula\u00e7\u00e3o dupla e direcionada do ponto A e do clit\u00f3ris. Um dos bra\u00e7os com formato exclusivo estimula o clit\u00f3ris, enquanto a haste flex\u00edvel na outra extremidade massageia com precis\u00e3o o ponto A  o ponto sens\u00edvel escondido logo ap\u00f3s o ponto G. Deseja sensa\u00e7\u00f5es profundas sem penetra\u00e7\u00e3o total? O LADY BI tamb\u00e9m \u00e9 perfeito para estimular o ponto G. Com um comprimento impressionante de 21,8 cm e controles separados para a haste e o bra\u00e7o, voc\u00ea pode assumir o controle total da sua experi\u00eancia e personaliz\u00e1-la de acordo com seus desejos.<\/p>\n<p> <strong>Vibra\u00e7\u00f5es poderosas para um prazer sem fim<\/strong><br \/> Impulsionado por dois motores de alta pot\u00eancia controlados independentemente, o LADI BI realmente impressiona. Cada motor oferece 6 velocidades e 6 padr\u00f5es de vibra\u00e7\u00e3o, criando uma infinidade de sensa\u00e7\u00f5es. Gra\u00e7as \u00e0 al\u00e7a ergon\u00f4mica LOOP com superf\u00edcie texturizada e ranhurada para uma pegada segura e antiderrapante, o LADY BI permanece confort\u00e1vel na sua m\u00e3o mesmo durante o uso com lubrificante. Combine-o com um lubrificante \u00e0 base de \u00e1gua para ainda mais conforto e prazer. Al\u00e9m disso, este vibrador potente \u00e9 seguro para uso anal, recarreg\u00e1vel via USB-C, \u00e0 prova d\u00e1gua (IPX7) e oferece ainda mais possibilidades. Feito de silicone premium, hipoalerg\u00eanico e seguro para o corpo, o LADY BI \u00e9 f\u00e1cil de limpar e feito para durar  com garantia de 25 anos da FUN FACTORY. Divirta-se!<\/p>\n","protected":false},"excerpt":{"rendered":"<p>FUN FACTORY &#8211; VIBRADOR LADY BI RABBIT ROXO<\/p>\n","protected":false},"featured_media":106953,"template":"","meta":{"_acf_changed":false},"product_brand":[],"product_cat":[17,88,61,76],"product_tag":[],"class_list":{"0":"post-53422","1":"product","2":"type-product","3":"status-publish","4":"has-post-thumbnail","6":"product_cat-brinquedos-de-bem-estar-sexual","7":"product_cat-novidades","8":"product_cat-para-elas","9":"product_cat-vibradores","10":"yith_product_brand-fun-factory","12":"first","13":"instock","14":"taxable","15":"shipping-taxable","16":"purchasable","17":"product-type-simple"},"acf":[],"yoast_head":"<!-- This site is optimized with the Yoast SEO plugin v27.3 - https:\/\/yoast.com\/product\/yoast-seo-wordpress\/ -->\n<title>FUN FACTORY - VIBRADOR LADY BI RABBIT ROXO - Lovme<\/title>\n<meta name=\"robots\" content=\"index, follow, max-snippet:-1, max-image-preview:large, max-video-preview:-1\" \/>\n<link rel=\"canonical\" href=\"https:\/\/lovme.pt\/index.php\/produto\/fun-factory-vibrador-lady-bi-rabbit-roxo\/\" \/>\n<meta property=\"og:locale\" content=\"pt_PT\" \/>\n<meta property=\"og:type\" content=\"article\" \/>\n<meta property=\"og:title\" content=\"FUN FACTORY - VIBRADOR LADY BI RABBIT ROXO - Lovme\" \/>\n<meta property=\"og:description\" content=\"FUN FACTORY - VIBRADOR LADY BI RABBIT ROXO\" \/>\n<meta property=\"og:url\" content=\"https:\/\/lovme.pt\/index.php\/produto\/fun-factory-vibrador-lady-bi-rabbit-roxo\/\" \/>\n<meta property=\"og:site_name\" content=\"Lovme\" \/>\n<meta property=\"article:modified_time\" content=\"2026-02-20T04:01:21+00:00\" \/>\n<meta property=\"og:image\" content=\"https:\/\/erki24nd3ub.exactdn.com\/wp-content\/uploads\/dream\/img\/img_214860_c01b0c6b4f5c118e5dfaa8c125c63fc5_1.jpg?strip=all\" \/>\n\t<meta property=\"og:image:width\" content=\"900\" \/>\n\t<meta property=\"og:image:height\" content=\"900\" \/>\n\t<meta property=\"og:image:type\" content=\"image\/jpeg\" \/>\n<meta name=\"twitter:card\" content=\"summary_large_image\" \/>\n<meta name=\"twitter:label1\" content=\"Tempo estimado de leitura\" \/>\n\t<meta name=\"twitter:data1\" content=\"1 minuto\" \/>\n<script type=\"application\/ld+json\" class=\"yoast-schema-graph\">{\"@context\":\"https:\\\/\\\/schema.org\",\"@graph\":[{\"@type\":\"WebPage\",\"@id\":\"https:\\\/\\\/lovme.pt\\\/index.php\\\/produto\\\/fun-factory-vibrador-lady-bi-rabbit-roxo\\\/\",\"url\":\"https:\\\/\\\/lovme.pt\\\/index.php\\\/produto\\\/fun-factory-vibrador-lady-bi-rabbit-roxo\\\/\",\"name\":\"FUN FACTORY - VIBRADOR LADY BI RABBIT ROXO - Lovme\",\"isPartOf\":{\"@id\":\"https:\\\/\\\/lovme.pt\\\/#website\"},\"primaryImageOfPage\":{\"@id\":\"https:\\\/\\\/lovme.pt\\\/index.php\\\/produto\\\/fun-factory-vibrador-lady-bi-rabbit-roxo\\\/#primaryimage\"},\"image\":{\"@id\":\"https:\\\/\\\/lovme.pt\\\/index.php\\\/produto\\\/fun-factory-vibrador-lady-bi-rabbit-roxo\\\/#primaryimage\"},\"thumbnailUrl\":\"https:\\\/\\\/erki24nd3ub.exactdn.com\\\/wp-content\\\/uploads\\\/dream\\\/img\\\/img_214860_c01b0c6b4f5c118e5dfaa8c125c63fc5_1.jpg?strip=all\",\"datePublished\":\"2026-02-05T22:11:08+00:00\",\"dateModified\":\"2026-02-20T04:01:21+00:00\",\"breadcrumb\":{\"@id\":\"https:\\\/\\\/lovme.pt\\\/index.php\\\/produto\\\/fun-factory-vibrador-lady-bi-rabbit-roxo\\\/#breadcrumb\"},\"inLanguage\":\"pt-PT\",\"potentialAction\":[{\"@type\":\"ReadAction\",\"target\":[\"https:\\\/\\\/lovme.pt\\\/index.php\\\/produto\\\/fun-factory-vibrador-lady-bi-rabbit-roxo\\\/\"]}]},{\"@type\":\"ImageObject\",\"inLanguage\":\"pt-PT\",\"@id\":\"https:\\\/\\\/lovme.pt\\\/index.php\\\/produto\\\/fun-factory-vibrador-lady-bi-rabbit-roxo\\\/#primaryimage\",\"url\":\"https:\\\/\\\/erki24nd3ub.exactdn.com\\\/wp-content\\\/uploads\\\/dream\\\/img\\\/img_214860_c01b0c6b4f5c118e5dfaa8c125c63fc5_1.jpg?strip=all\",\"contentUrl\":\"https:\\\/\\\/erki24nd3ub.exactdn.com\\\/wp-content\\\/uploads\\\/dream\\\/img\\\/img_214860_c01b0c6b4f5c118e5dfaa8c125c63fc5_1.jpg?strip=all\",\"width\":900,\"height\":900},{\"@type\":\"BreadcrumbList\",\"@id\":\"https:\\\/\\\/lovme.pt\\\/index.php\\\/produto\\\/fun-factory-vibrador-lady-bi-rabbit-roxo\\\/#breadcrumb\",\"itemListElement\":[{\"@type\":\"ListItem\",\"position\":1,\"name\":\"In\u00edcio\",\"item\":\"https:\\\/\\\/lovme.pt\\\/\"},{\"@type\":\"ListItem\",\"position\":2,\"name\":\"Loja\",\"item\":\"https:\\\/\\\/lovme.pt\\\/index.php\\\/loja\\\/\"},{\"@type\":\"ListItem\",\"position\":3,\"name\":\"FUN FACTORY &#8211; VIBRADOR LADY BI RABBIT ROXO\"}]},{\"@type\":\"WebSite\",\"@id\":\"https:\\\/\\\/lovme.pt\\\/#website\",\"url\":\"https:\\\/\\\/lovme.pt\\\/\",\"name\":\"Lovme Loja Er\u00f3tica N\u00ba1 em Portugal\",\"description\":\"A melhor loja er\u00f3tica de Portugal.\",\"alternateName\":\"Loja Er\u00f3tica Lovme\",\"potentialAction\":[{\"@type\":\"SearchAction\",\"target\":{\"@type\":\"EntryPoint\",\"urlTemplate\":\"https:\\\/\\\/lovme.pt\\\/?s={search_term_string}\"},\"query-input\":{\"@type\":\"PropertyValueSpecification\",\"valueRequired\":true,\"valueName\":\"search_term_string\"}}],\"inLanguage\":\"pt-PT\"}]}<\/script>\n<!-- \/ Yoast SEO plugin. -->","yoast_head_json":{"title":"FUN FACTORY - VIBRADOR LADY BI RABBIT ROXO - Lovme","robots":{"index":"index","follow":"follow","max-snippet":"max-snippet:-1","max-image-preview":"max-image-preview:large","max-video-preview":"max-video-preview:-1"},"canonical":"https:\/\/lovme.pt\/index.php\/produto\/fun-factory-vibrador-lady-bi-rabbit-roxo\/","og_locale":"pt_PT","og_type":"article","og_title":"FUN FACTORY - VIBRADOR LADY BI RABBIT ROXO - Lovme","og_description":"FUN FACTORY - VIBRADOR LADY BI RABBIT ROXO","og_url":"https:\/\/lovme.pt\/index.php\/produto\/fun-factory-vibrador-lady-bi-rabbit-roxo\/","og_site_name":"Lovme","article_modified_time":"2026-02-20T04:01:21+00:00","og_image":[{"width":900,"height":900,"url":"https:\/\/erki24nd3ub.exactdn.com\/wp-content\/uploads\/dream\/img\/img_214860_c01b0c6b4f5c118e5dfaa8c125c63fc5_1.jpg?strip=all","type":"image\/jpeg"}],"twitter_card":"summary_large_image","twitter_misc":{"Tempo estimado de leitura":"1 minuto"},"schema":{"@context":"https:\/\/schema.org","@graph":[{"@type":"WebPage","@id":"https:\/\/lovme.pt\/index.php\/produto\/fun-factory-vibrador-lady-bi-rabbit-roxo\/","url":"https:\/\/lovme.pt\/index.php\/produto\/fun-factory-vibrador-lady-bi-rabbit-roxo\/","name":"FUN FACTORY - VIBRADOR LADY BI RABBIT ROXO - Lovme","isPartOf":{"@id":"https:\/\/lovme.pt\/#website"},"primaryImageOfPage":{"@id":"https:\/\/lovme.pt\/index.php\/produto\/fun-factory-vibrador-lady-bi-rabbit-roxo\/#primaryimage"},"image":{"@id":"https:\/\/lovme.pt\/index.php\/produto\/fun-factory-vibrador-lady-bi-rabbit-roxo\/#primaryimage"},"thumbnailUrl":"https:\/\/erki24nd3ub.exactdn.com\/wp-content\/uploads\/dream\/img\/img_214860_c01b0c6b4f5c118e5dfaa8c125c63fc5_1.jpg?strip=all","datePublished":"2026-02-05T22:11:08+00:00","dateModified":"2026-02-20T04:01:21+00:00","breadcrumb":{"@id":"https:\/\/lovme.pt\/index.php\/produto\/fun-factory-vibrador-lady-bi-rabbit-roxo\/#breadcrumb"},"inLanguage":"pt-PT","potentialAction":[{"@type":"ReadAction","target":["https:\/\/lovme.pt\/index.php\/produto\/fun-factory-vibrador-lady-bi-rabbit-roxo\/"]}]},{"@type":"ImageObject","inLanguage":"pt-PT","@id":"https:\/\/lovme.pt\/index.php\/produto\/fun-factory-vibrador-lady-bi-rabbit-roxo\/#primaryimage","url":"https:\/\/erki24nd3ub.exactdn.com\/wp-content\/uploads\/dream\/img\/img_214860_c01b0c6b4f5c118e5dfaa8c125c63fc5_1.jpg?strip=all","contentUrl":"https:\/\/erki24nd3ub.exactdn.com\/wp-content\/uploads\/dream\/img\/img_214860_c01b0c6b4f5c118e5dfaa8c125c63fc5_1.jpg?strip=all","width":900,"height":900},{"@type":"BreadcrumbList","@id":"https:\/\/lovme.pt\/index.php\/produto\/fun-factory-vibrador-lady-bi-rabbit-roxo\/#breadcrumb","itemListElement":[{"@type":"ListItem","position":1,"name":"In\u00edcio","item":"https:\/\/lovme.pt\/"},{"@type":"ListItem","position":2,"name":"Loja","item":"https:\/\/lovme.pt\/index.php\/loja\/"},{"@type":"ListItem","position":3,"name":"FUN FACTORY &#8211; VIBRADOR LADY BI RABBIT ROXO"}]},{"@type":"WebSite","@id":"https:\/\/lovme.pt\/#website","url":"https:\/\/lovme.pt\/","name":"Lovme Loja Er\u00f3tica N\u00ba1 em Portugal","description":"A melhor loja er\u00f3tica de Portugal.","alternateName":"Loja Er\u00f3tica Lovme","potentialAction":[{"@type":"SearchAction","target":{"@type":"EntryPoint","urlTemplate":"https:\/\/lovme.pt\/?s={search_term_string}"},"query-input":{"@type":"PropertyValueSpecification","valueRequired":true,"valueName":"search_term_string"}}],"inLanguage":"pt-PT"}]}},"_links":{"self":[{"href":"https:\/\/lovme.pt\/index.php\/wp-json\/wp\/v2\/product\/53422","targetHints":{"allow":["GET"]}}],"collection":[{"href":"https:\/\/lovme.pt\/index.php\/wp-json\/wp\/v2\/product"}],"about":[{"href":"https:\/\/lovme.pt\/index.php\/wp-json\/wp\/v2\/types\/product"}],"wp:featuredmedia":[{"embeddable":true,"href":"https:\/\/lovme.pt\/index.php\/wp-json\/wp\/v2\/media\/106953"}],"wp:attachment":[{"href":"https:\/\/lovme.pt\/index.php\/wp-json\/wp\/v2\/media?parent=53422"}],"wp:term":[{"taxonomy":"product_brand","embeddable":true,"href":"https:\/\/lovme.pt\/index.php\/wp-json\/wp\/v2\/product_brand?post=53422"},{"taxonomy":"product_cat","embeddable":true,"href":"https:\/\/lovme.pt\/index.php\/wp-json\/wp\/v2\/product_cat?post=53422"},{"taxonomy":"product_tag","embeddable":true,"href":"https:\/\/lovme.pt\/index.php\/wp-json\/wp\/v2\/product_tag?post=53422"}],"curies":[{"name":"wp","href":"https:\/\/api.w.org\/{rel}","templated":true}]}}