{"id":53402,"date":"2026-02-05T22:10:17","date_gmt":"2026-02-05T22:10:17","guid":{"rendered":"https:\/\/lovme.pt\/?post_type=product&p=53402"},"modified":"2026-02-19T20:09:19","modified_gmt":"2026-02-19T20:09:19","slug":"fun-factory-vibrador-manta-masturbador-preto","status":"publish","type":"product","link":"https:\/\/lovme.pt\/index.php\/produto\/fun-factory-vibrador-manta-masturbador-preto\/","title":{"rendered":"FUN FACTORY &#8211; VIBRADOR MANTA MASTURBADOR PRETO"},"content":{"rendered":"<p>MANTA: Sua vers\u00e3o aprimorada para orgasmos supremos. Experimente um prazer intenso com este multivibrador premium, ideal para uso individual ou a dois. As asas flex\u00edveis se adaptam perfeitamente a qualquer formato de p\u00eanis, proporcionando estimula\u00e7\u00e3o direcionada \u00e0 glande e ao fr\u00eanulo para um prazer intenso e concentrado.<\/p>\n<p> <strong>Sensa\u00e7\u00f5es profundas  Tamb\u00e9m para o clit\u00f3ris e mamilos<\/strong><br \/> Seja para estimula\u00e7\u00e3o localizada ou uma massagem em toda a extens\u00e3o do p\u00eanis, o MANTA oferece infinitas possibilidades. Ele estimula o clit\u00f3ris e os mamilos com 12 programas de vibra\u00e7\u00e3o exclusivos. Quando posicionado na base do p\u00eanis durante a penetra\u00e7\u00e3o em rela\u00e7\u00f5es a dois, o p\u00eanis se transforma em um vibrador natural, permitindo que ambos os parceiros sintam vibra\u00e7\u00f5es intensas. Sua estrutura inteligente com nervuras mant\u00e9m o lubrificante exatamente onde \u00e9 necess\u00e1rio, garantindo prazer duradouro e suave.<\/p>\n<p> <strong>Vibra\u00e7\u00f5es de baixa frequ\u00eancia para orgasmos alucinantes.<\/strong><br \/> O potente motor proporciona vibra\u00e7\u00f5es profundas e intensas que aumentam gradualmente at\u00e9 um cl\u00edmax explosivo e inevit\u00e1vel. Gra\u00e7as \u00e0 pega ergon\u00f3mica em LOOP com uma superf\u00edcie texturizada e ranhurada para uma ader\u00eancia segura, o MANTA mant\u00e9m-se firme na sua m\u00e3o, mesmo durante o uso com \u00e1gua. Os controlos intuitivos facilitam a troca entre modos. \u00c0 prova de \u00e1gua (IPX7) e recarreg\u00e1vel por USB-C, o MANTA est\u00e1 sempre pronto quando voc\u00ea estiver. Feito de silicone seguro para o corpo, o MANTA \u00e9 f\u00e1cil de limpar  basta enxagu\u00e1-lo com \u00e1gua morna e sab\u00e3o neutro, sem necessidade de remover qualquer pe\u00e7a. Desfrute de qualidade duradoura com a garantia de 25 anos da FUN FACTORY.<\/p>\n","protected":false},"excerpt":{"rendered":"<p>FUN FACTORY &#8211; VIBRADOR MANTA MASTURBADOR PRETO<\/p>\n","protected":false},"featured_media":106923,"template":"","meta":{"_acf_changed":false},"product_brand":[],"product_cat":[17,88,61],"product_tag":[],"class_list":{"0":"post-53402","1":"product","2":"type-product","3":"status-publish","4":"has-post-thumbnail","6":"product_cat-brinquedos-de-bem-estar-sexual","7":"product_cat-novidades","8":"product_cat-para-elas","9":"yith_product_brand-fun-factory","11":"first","12":"instock","13":"taxable","14":"shipping-taxable","15":"purchasable","16":"product-type-simple"},"acf":[],"yoast_head":"<!-- This site is optimized with the Yoast SEO plugin v27.4 - https:\/\/yoast.com\/product\/yoast-seo-wordpress\/ -->\n<title>FUN FACTORY - VIBRADOR MANTA MASTURBADOR PRETO - Lovme<\/title>\n<meta name=\"robots\" content=\"index, follow, max-snippet:-1, max-image-preview:large, max-video-preview:-1\" \/>\n<link rel=\"canonical\" href=\"https:\/\/lovme.pt\/index.php\/produto\/fun-factory-vibrador-manta-masturbador-preto\/\" \/>\n<meta property=\"og:locale\" content=\"pt_PT\" \/>\n<meta property=\"og:type\" content=\"article\" \/>\n<meta property=\"og:title\" content=\"FUN FACTORY - VIBRADOR MANTA MASTURBADOR PRETO - Lovme\" \/>\n<meta property=\"og:description\" content=\"FUN FACTORY - VIBRADOR MANTA MASTURBADOR PRETO\" \/>\n<meta property=\"og:url\" content=\"https:\/\/lovme.pt\/index.php\/produto\/fun-factory-vibrador-manta-masturbador-preto\/\" \/>\n<meta property=\"og:site_name\" content=\"Lovme\" \/>\n<meta property=\"article:modified_time\" content=\"2026-02-19T20:09:19+00:00\" \/>\n<meta property=\"og:image\" content=\"https:\/\/erki24nd3ub.exactdn.com\/wp-content\/uploads\/dream\/img\/img_214908_f89ccfc167cbde2bf6c6559607714bfd_1.jpg?strip=all\" \/>\n\t<meta property=\"og:image:width\" content=\"900\" \/>\n\t<meta property=\"og:image:height\" content=\"900\" \/>\n\t<meta property=\"og:image:type\" content=\"image\/jpeg\" \/>\n<meta name=\"twitter:card\" content=\"summary_large_image\" \/>\n<meta name=\"twitter:label1\" content=\"Tempo estimado de leitura\" \/>\n\t<meta name=\"twitter:data1\" content=\"1 minuto\" \/>\n<script type=\"application\/ld+json\" class=\"yoast-schema-graph\">{\"@context\":\"https:\\\/\\\/schema.org\",\"@graph\":[{\"@type\":\"WebPage\",\"@id\":\"https:\\\/\\\/lovme.pt\\\/index.php\\\/produto\\\/fun-factory-vibrador-manta-masturbador-preto\\\/\",\"url\":\"https:\\\/\\\/lovme.pt\\\/index.php\\\/produto\\\/fun-factory-vibrador-manta-masturbador-preto\\\/\",\"name\":\"FUN FACTORY - VIBRADOR MANTA MASTURBADOR PRETO - Lovme\",\"isPartOf\":{\"@id\":\"https:\\\/\\\/lovme.pt\\\/#website\"},\"primaryImageOfPage\":{\"@id\":\"https:\\\/\\\/lovme.pt\\\/index.php\\\/produto\\\/fun-factory-vibrador-manta-masturbador-preto\\\/#primaryimage\"},\"image\":{\"@id\":\"https:\\\/\\\/lovme.pt\\\/index.php\\\/produto\\\/fun-factory-vibrador-manta-masturbador-preto\\\/#primaryimage\"},\"thumbnailUrl\":\"https:\\\/\\\/erki24nd3ub.exactdn.com\\\/wp-content\\\/uploads\\\/dream\\\/img\\\/img_214908_f89ccfc167cbde2bf6c6559607714bfd_1.jpg?strip=all\",\"datePublished\":\"2026-02-05T22:10:17+00:00\",\"dateModified\":\"2026-02-19T20:09:19+00:00\",\"breadcrumb\":{\"@id\":\"https:\\\/\\\/lovme.pt\\\/index.php\\\/produto\\\/fun-factory-vibrador-manta-masturbador-preto\\\/#breadcrumb\"},\"inLanguage\":\"pt-PT\",\"potentialAction\":[{\"@type\":\"ReadAction\",\"target\":[\"https:\\\/\\\/lovme.pt\\\/index.php\\\/produto\\\/fun-factory-vibrador-manta-masturbador-preto\\\/\"]}]},{\"@type\":\"ImageObject\",\"inLanguage\":\"pt-PT\",\"@id\":\"https:\\\/\\\/lovme.pt\\\/index.php\\\/produto\\\/fun-factory-vibrador-manta-masturbador-preto\\\/#primaryimage\",\"url\":\"https:\\\/\\\/erki24nd3ub.exactdn.com\\\/wp-content\\\/uploads\\\/dream\\\/img\\\/img_214908_f89ccfc167cbde2bf6c6559607714bfd_1.jpg?strip=all\",\"contentUrl\":\"https:\\\/\\\/erki24nd3ub.exactdn.com\\\/wp-content\\\/uploads\\\/dream\\\/img\\\/img_214908_f89ccfc167cbde2bf6c6559607714bfd_1.jpg?strip=all\",\"width\":900,\"height\":900},{\"@type\":\"BreadcrumbList\",\"@id\":\"https:\\\/\\\/lovme.pt\\\/index.php\\\/produto\\\/fun-factory-vibrador-manta-masturbador-preto\\\/#breadcrumb\",\"itemListElement\":[{\"@type\":\"ListItem\",\"position\":1,\"name\":\"In\u00edcio\",\"item\":\"https:\\\/\\\/lovme.pt\\\/\"},{\"@type\":\"ListItem\",\"position\":2,\"name\":\"Loja\",\"item\":\"https:\\\/\\\/lovme.pt\\\/index.php\\\/loja\\\/\"},{\"@type\":\"ListItem\",\"position\":3,\"name\":\"FUN FACTORY &#8211; VIBRADOR MANTA MASTURBADOR PRETO\"}]},{\"@type\":\"WebSite\",\"@id\":\"https:\\\/\\\/lovme.pt\\\/#website\",\"url\":\"https:\\\/\\\/lovme.pt\\\/\",\"name\":\"Lovme Loja Er\u00f3tica N\u00ba1 em Portugal\",\"description\":\"A melhor loja er\u00f3tica de Portugal.\",\"alternateName\":\"Loja Er\u00f3tica Lovme\",\"potentialAction\":[{\"@type\":\"SearchAction\",\"target\":{\"@type\":\"EntryPoint\",\"urlTemplate\":\"https:\\\/\\\/lovme.pt\\\/?s={search_term_string}\"},\"query-input\":{\"@type\":\"PropertyValueSpecification\",\"valueRequired\":true,\"valueName\":\"search_term_string\"}}],\"inLanguage\":\"pt-PT\"}]}<\/script>\n<!-- \/ Yoast SEO plugin. -->","yoast_head_json":{"title":"FUN FACTORY - VIBRADOR MANTA MASTURBADOR PRETO - Lovme","robots":{"index":"index","follow":"follow","max-snippet":"max-snippet:-1","max-image-preview":"max-image-preview:large","max-video-preview":"max-video-preview:-1"},"canonical":"https:\/\/lovme.pt\/index.php\/produto\/fun-factory-vibrador-manta-masturbador-preto\/","og_locale":"pt_PT","og_type":"article","og_title":"FUN FACTORY - VIBRADOR MANTA MASTURBADOR PRETO - Lovme","og_description":"FUN FACTORY - VIBRADOR MANTA MASTURBADOR PRETO","og_url":"https:\/\/lovme.pt\/index.php\/produto\/fun-factory-vibrador-manta-masturbador-preto\/","og_site_name":"Lovme","article_modified_time":"2026-02-19T20:09:19+00:00","og_image":[{"width":900,"height":900,"url":"https:\/\/erki24nd3ub.exactdn.com\/wp-content\/uploads\/dream\/img\/img_214908_f89ccfc167cbde2bf6c6559607714bfd_1.jpg?strip=all","type":"image\/jpeg"}],"twitter_card":"summary_large_image","twitter_misc":{"Tempo estimado de leitura":"1 minuto"},"schema":{"@context":"https:\/\/schema.org","@graph":[{"@type":"WebPage","@id":"https:\/\/lovme.pt\/index.php\/produto\/fun-factory-vibrador-manta-masturbador-preto\/","url":"https:\/\/lovme.pt\/index.php\/produto\/fun-factory-vibrador-manta-masturbador-preto\/","name":"FUN FACTORY - VIBRADOR MANTA MASTURBADOR PRETO - Lovme","isPartOf":{"@id":"https:\/\/lovme.pt\/#website"},"primaryImageOfPage":{"@id":"https:\/\/lovme.pt\/index.php\/produto\/fun-factory-vibrador-manta-masturbador-preto\/#primaryimage"},"image":{"@id":"https:\/\/lovme.pt\/index.php\/produto\/fun-factory-vibrador-manta-masturbador-preto\/#primaryimage"},"thumbnailUrl":"https:\/\/erki24nd3ub.exactdn.com\/wp-content\/uploads\/dream\/img\/img_214908_f89ccfc167cbde2bf6c6559607714bfd_1.jpg?strip=all","datePublished":"2026-02-05T22:10:17+00:00","dateModified":"2026-02-19T20:09:19+00:00","breadcrumb":{"@id":"https:\/\/lovme.pt\/index.php\/produto\/fun-factory-vibrador-manta-masturbador-preto\/#breadcrumb"},"inLanguage":"pt-PT","potentialAction":[{"@type":"ReadAction","target":["https:\/\/lovme.pt\/index.php\/produto\/fun-factory-vibrador-manta-masturbador-preto\/"]}]},{"@type":"ImageObject","inLanguage":"pt-PT","@id":"https:\/\/lovme.pt\/index.php\/produto\/fun-factory-vibrador-manta-masturbador-preto\/#primaryimage","url":"https:\/\/erki24nd3ub.exactdn.com\/wp-content\/uploads\/dream\/img\/img_214908_f89ccfc167cbde2bf6c6559607714bfd_1.jpg?strip=all","contentUrl":"https:\/\/erki24nd3ub.exactdn.com\/wp-content\/uploads\/dream\/img\/img_214908_f89ccfc167cbde2bf6c6559607714bfd_1.jpg?strip=all","width":900,"height":900},{"@type":"BreadcrumbList","@id":"https:\/\/lovme.pt\/index.php\/produto\/fun-factory-vibrador-manta-masturbador-preto\/#breadcrumb","itemListElement":[{"@type":"ListItem","position":1,"name":"In\u00edcio","item":"https:\/\/lovme.pt\/"},{"@type":"ListItem","position":2,"name":"Loja","item":"https:\/\/lovme.pt\/index.php\/loja\/"},{"@type":"ListItem","position":3,"name":"FUN FACTORY &#8211; VIBRADOR MANTA MASTURBADOR PRETO"}]},{"@type":"WebSite","@id":"https:\/\/lovme.pt\/#website","url":"https:\/\/lovme.pt\/","name":"Lovme Loja Er\u00f3tica N\u00ba1 em Portugal","description":"A melhor loja er\u00f3tica de Portugal.","alternateName":"Loja Er\u00f3tica Lovme","potentialAction":[{"@type":"SearchAction","target":{"@type":"EntryPoint","urlTemplate":"https:\/\/lovme.pt\/?s={search_term_string}"},"query-input":{"@type":"PropertyValueSpecification","valueRequired":true,"valueName":"search_term_string"}}],"inLanguage":"pt-PT"}]}},"_links":{"self":[{"href":"https:\/\/lovme.pt\/index.php\/wp-json\/wp\/v2\/product\/53402","targetHints":{"allow":["GET"]}}],"collection":[{"href":"https:\/\/lovme.pt\/index.php\/wp-json\/wp\/v2\/product"}],"about":[{"href":"https:\/\/lovme.pt\/index.php\/wp-json\/wp\/v2\/types\/product"}],"wp:featuredmedia":[{"embeddable":true,"href":"https:\/\/lovme.pt\/index.php\/wp-json\/wp\/v2\/media\/106923"}],"wp:attachment":[{"href":"https:\/\/lovme.pt\/index.php\/wp-json\/wp\/v2\/media?parent=53402"}],"wp:term":[{"taxonomy":"product_brand","embeddable":true,"href":"https:\/\/lovme.pt\/index.php\/wp-json\/wp\/v2\/product_brand?post=53402"},{"taxonomy":"product_cat","embeddable":true,"href":"https:\/\/lovme.pt\/index.php\/wp-json\/wp\/v2\/product_cat?post=53402"},{"taxonomy":"product_tag","embeddable":true,"href":"https:\/\/lovme.pt\/index.php\/wp-json\/wp\/v2\/product_tag?post=53402"}],"curies":[{"name":"wp","href":"https:\/\/api.w.org\/{rel}","templated":true}]}}