{"id":53391,"date":"2026-02-05T22:09:32","date_gmt":"2026-02-05T22:09:32","guid":{"rendered":"https:\/\/lovme.pt\/?post_type=product&p=53391"},"modified":"2026-02-20T04:01:18","modified_gmt":"2026-02-20T04:01:18","slug":"fun-factory-vibrador-mr-boss-g-spot-roxo","status":"publish","type":"product","link":"https:\/\/lovme.pt\/index.php\/produto\/fun-factory-vibrador-mr-boss-g-spot-roxo\/","title":{"rendered":"FUN FACTORY &#8211; VIBRADOR MR. BOSS G-SPOT ROXO"},"content":{"rendered":"<p>Explore um novo mundo de prazer intenso com o MR. BOSS  seu parceiro para momentos inesquec\u00edveis. Com impressionantes 21 cm e uma haste curva especialmente projetada para atingir o ponto G com precis\u00e3o, este vibrador \u00e9 a escolha perfeita para quem busca uma estimula\u00e7\u00e3o profunda e poderosa. Use sempre lubrificante \u00e0 base de \u00e1gua para facilitar a inser\u00e7\u00e3o e intensificar o prazer.<\/p>\n<p> <strong>REALISMO ENCONTRA A B\u00daLIA: Intensidade pura que te envolve.<\/strong><br \/> O MR. BOSS combina um design moderno e realista com silicone seguro para o corpo, oferecendo 4 velocidades e 6 ritmos estimulantes para proporcionar as sensa\u00e7\u00f5es aut\u00eanticas que voc\u00ea deseja. Alimentado por bateria (2 pilhas AAA, n\u00e3o inclu\u00eddas) e totalmente \u00e0 prova d\u00e1gua (IPX7), o MR. BOSS est\u00e1 pronto para tudo  seja um banho quente, uma aventura em qualquer lugar ou momentos divertidos a dois. Suas vibra\u00e7\u00f5es penetrantes levar\u00e3o voc\u00ea exatamente aonde voc\u00ea quer ir  direto ao cl\u00edmax, levando seu corpo e mente ao \u00eaxtase puro. Desfrute de qualidade duradoura com a garantia impressionante de 25 anos da FUN FACTORY.<\/p>\n","protected":false},"excerpt":{"rendered":"<p>FUN FACTORY &#8211; VIBRADOR MR. BOSS G-SPOT ROXO<\/p>\n","protected":false},"featured_media":106896,"template":"","meta":{"_acf_changed":false},"product_brand":[],"product_cat":[17,88,61,76],"product_tag":[],"class_list":{"0":"post-53391","1":"product","2":"type-product","3":"status-publish","4":"has-post-thumbnail","6":"product_cat-brinquedos-de-bem-estar-sexual","7":"product_cat-novidades","8":"product_cat-para-elas","9":"product_cat-vibradores","10":"yith_product_brand-fun-factory","12":"first","13":"instock","14":"taxable","15":"shipping-taxable","16":"purchasable","17":"product-type-simple"},"acf":[],"yoast_head":"<!-- This site is optimized with the Yoast SEO plugin v27.3 - https:\/\/yoast.com\/product\/yoast-seo-wordpress\/ -->\n<title>FUN FACTORY - VIBRADOR MR. BOSS G-SPOT ROXO - Lovme<\/title>\n<meta name=\"robots\" content=\"index, follow, max-snippet:-1, max-image-preview:large, max-video-preview:-1\" \/>\n<link rel=\"canonical\" href=\"https:\/\/lovme.pt\/index.php\/produto\/fun-factory-vibrador-mr-boss-g-spot-roxo\/\" \/>\n<meta property=\"og:locale\" content=\"pt_PT\" \/>\n<meta property=\"og:type\" content=\"article\" \/>\n<meta property=\"og:title\" content=\"FUN FACTORY - VIBRADOR MR. BOSS G-SPOT ROXO - Lovme\" \/>\n<meta property=\"og:description\" content=\"FUN FACTORY - VIBRADOR MR. BOSS G-SPOT ROXO\" \/>\n<meta property=\"og:url\" content=\"https:\/\/lovme.pt\/index.php\/produto\/fun-factory-vibrador-mr-boss-g-spot-roxo\/\" \/>\n<meta property=\"og:site_name\" content=\"Lovme\" \/>\n<meta property=\"article:modified_time\" content=\"2026-02-20T04:01:18+00:00\" \/>\n<meta property=\"og:image\" content=\"https:\/\/erki24nd3ub.exactdn.com\/wp-content\/uploads\/dream\/img\/img_214937_92361475e6fe44358b8d5813245dfc6b_1.jpg?strip=all\" \/>\n\t<meta property=\"og:image:width\" content=\"900\" \/>\n\t<meta property=\"og:image:height\" content=\"900\" \/>\n\t<meta property=\"og:image:type\" content=\"image\/jpeg\" \/>\n<meta name=\"twitter:card\" content=\"summary_large_image\" \/>\n<meta name=\"twitter:label1\" content=\"Tempo estimado de leitura\" \/>\n\t<meta name=\"twitter:data1\" content=\"1 minuto\" \/>\n<script type=\"application\/ld+json\" class=\"yoast-schema-graph\">{\"@context\":\"https:\\\/\\\/schema.org\",\"@graph\":[{\"@type\":\"WebPage\",\"@id\":\"https:\\\/\\\/lovme.pt\\\/index.php\\\/produto\\\/fun-factory-vibrador-mr-boss-g-spot-roxo\\\/\",\"url\":\"https:\\\/\\\/lovme.pt\\\/index.php\\\/produto\\\/fun-factory-vibrador-mr-boss-g-spot-roxo\\\/\",\"name\":\"FUN FACTORY - VIBRADOR MR. BOSS G-SPOT ROXO - Lovme\",\"isPartOf\":{\"@id\":\"https:\\\/\\\/lovme.pt\\\/#website\"},\"primaryImageOfPage\":{\"@id\":\"https:\\\/\\\/lovme.pt\\\/index.php\\\/produto\\\/fun-factory-vibrador-mr-boss-g-spot-roxo\\\/#primaryimage\"},\"image\":{\"@id\":\"https:\\\/\\\/lovme.pt\\\/index.php\\\/produto\\\/fun-factory-vibrador-mr-boss-g-spot-roxo\\\/#primaryimage\"},\"thumbnailUrl\":\"https:\\\/\\\/erki24nd3ub.exactdn.com\\\/wp-content\\\/uploads\\\/dream\\\/img\\\/img_214937_92361475e6fe44358b8d5813245dfc6b_1.jpg?strip=all\",\"datePublished\":\"2026-02-05T22:09:32+00:00\",\"dateModified\":\"2026-02-20T04:01:18+00:00\",\"breadcrumb\":{\"@id\":\"https:\\\/\\\/lovme.pt\\\/index.php\\\/produto\\\/fun-factory-vibrador-mr-boss-g-spot-roxo\\\/#breadcrumb\"},\"inLanguage\":\"pt-PT\",\"potentialAction\":[{\"@type\":\"ReadAction\",\"target\":[\"https:\\\/\\\/lovme.pt\\\/index.php\\\/produto\\\/fun-factory-vibrador-mr-boss-g-spot-roxo\\\/\"]}]},{\"@type\":\"ImageObject\",\"inLanguage\":\"pt-PT\",\"@id\":\"https:\\\/\\\/lovme.pt\\\/index.php\\\/produto\\\/fun-factory-vibrador-mr-boss-g-spot-roxo\\\/#primaryimage\",\"url\":\"https:\\\/\\\/erki24nd3ub.exactdn.com\\\/wp-content\\\/uploads\\\/dream\\\/img\\\/img_214937_92361475e6fe44358b8d5813245dfc6b_1.jpg?strip=all\",\"contentUrl\":\"https:\\\/\\\/erki24nd3ub.exactdn.com\\\/wp-content\\\/uploads\\\/dream\\\/img\\\/img_214937_92361475e6fe44358b8d5813245dfc6b_1.jpg?strip=all\",\"width\":900,\"height\":900},{\"@type\":\"BreadcrumbList\",\"@id\":\"https:\\\/\\\/lovme.pt\\\/index.php\\\/produto\\\/fun-factory-vibrador-mr-boss-g-spot-roxo\\\/#breadcrumb\",\"itemListElement\":[{\"@type\":\"ListItem\",\"position\":1,\"name\":\"In\u00edcio\",\"item\":\"https:\\\/\\\/lovme.pt\\\/\"},{\"@type\":\"ListItem\",\"position\":2,\"name\":\"Loja\",\"item\":\"https:\\\/\\\/lovme.pt\\\/index.php\\\/loja\\\/\"},{\"@type\":\"ListItem\",\"position\":3,\"name\":\"FUN FACTORY &#8211; VIBRADOR MR. BOSS G-SPOT ROXO\"}]},{\"@type\":\"WebSite\",\"@id\":\"https:\\\/\\\/lovme.pt\\\/#website\",\"url\":\"https:\\\/\\\/lovme.pt\\\/\",\"name\":\"Lovme Loja Er\u00f3tica N\u00ba1 em Portugal\",\"description\":\"A melhor loja er\u00f3tica de Portugal.\",\"alternateName\":\"Loja Er\u00f3tica Lovme\",\"potentialAction\":[{\"@type\":\"SearchAction\",\"target\":{\"@type\":\"EntryPoint\",\"urlTemplate\":\"https:\\\/\\\/lovme.pt\\\/?s={search_term_string}\"},\"query-input\":{\"@type\":\"PropertyValueSpecification\",\"valueRequired\":true,\"valueName\":\"search_term_string\"}}],\"inLanguage\":\"pt-PT\"}]}<\/script>\n<!-- \/ Yoast SEO plugin. -->","yoast_head_json":{"title":"FUN FACTORY - VIBRADOR MR. BOSS G-SPOT ROXO - Lovme","robots":{"index":"index","follow":"follow","max-snippet":"max-snippet:-1","max-image-preview":"max-image-preview:large","max-video-preview":"max-video-preview:-1"},"canonical":"https:\/\/lovme.pt\/index.php\/produto\/fun-factory-vibrador-mr-boss-g-spot-roxo\/","og_locale":"pt_PT","og_type":"article","og_title":"FUN FACTORY - VIBRADOR MR. BOSS G-SPOT ROXO - Lovme","og_description":"FUN FACTORY - VIBRADOR MR. BOSS G-SPOT ROXO","og_url":"https:\/\/lovme.pt\/index.php\/produto\/fun-factory-vibrador-mr-boss-g-spot-roxo\/","og_site_name":"Lovme","article_modified_time":"2026-02-20T04:01:18+00:00","og_image":[{"width":900,"height":900,"url":"https:\/\/erki24nd3ub.exactdn.com\/wp-content\/uploads\/dream\/img\/img_214937_92361475e6fe44358b8d5813245dfc6b_1.jpg?strip=all","type":"image\/jpeg"}],"twitter_card":"summary_large_image","twitter_misc":{"Tempo estimado de leitura":"1 minuto"},"schema":{"@context":"https:\/\/schema.org","@graph":[{"@type":"WebPage","@id":"https:\/\/lovme.pt\/index.php\/produto\/fun-factory-vibrador-mr-boss-g-spot-roxo\/","url":"https:\/\/lovme.pt\/index.php\/produto\/fun-factory-vibrador-mr-boss-g-spot-roxo\/","name":"FUN FACTORY - VIBRADOR MR. BOSS G-SPOT ROXO - Lovme","isPartOf":{"@id":"https:\/\/lovme.pt\/#website"},"primaryImageOfPage":{"@id":"https:\/\/lovme.pt\/index.php\/produto\/fun-factory-vibrador-mr-boss-g-spot-roxo\/#primaryimage"},"image":{"@id":"https:\/\/lovme.pt\/index.php\/produto\/fun-factory-vibrador-mr-boss-g-spot-roxo\/#primaryimage"},"thumbnailUrl":"https:\/\/erki24nd3ub.exactdn.com\/wp-content\/uploads\/dream\/img\/img_214937_92361475e6fe44358b8d5813245dfc6b_1.jpg?strip=all","datePublished":"2026-02-05T22:09:32+00:00","dateModified":"2026-02-20T04:01:18+00:00","breadcrumb":{"@id":"https:\/\/lovme.pt\/index.php\/produto\/fun-factory-vibrador-mr-boss-g-spot-roxo\/#breadcrumb"},"inLanguage":"pt-PT","potentialAction":[{"@type":"ReadAction","target":["https:\/\/lovme.pt\/index.php\/produto\/fun-factory-vibrador-mr-boss-g-spot-roxo\/"]}]},{"@type":"ImageObject","inLanguage":"pt-PT","@id":"https:\/\/lovme.pt\/index.php\/produto\/fun-factory-vibrador-mr-boss-g-spot-roxo\/#primaryimage","url":"https:\/\/erki24nd3ub.exactdn.com\/wp-content\/uploads\/dream\/img\/img_214937_92361475e6fe44358b8d5813245dfc6b_1.jpg?strip=all","contentUrl":"https:\/\/erki24nd3ub.exactdn.com\/wp-content\/uploads\/dream\/img\/img_214937_92361475e6fe44358b8d5813245dfc6b_1.jpg?strip=all","width":900,"height":900},{"@type":"BreadcrumbList","@id":"https:\/\/lovme.pt\/index.php\/produto\/fun-factory-vibrador-mr-boss-g-spot-roxo\/#breadcrumb","itemListElement":[{"@type":"ListItem","position":1,"name":"In\u00edcio","item":"https:\/\/lovme.pt\/"},{"@type":"ListItem","position":2,"name":"Loja","item":"https:\/\/lovme.pt\/index.php\/loja\/"},{"@type":"ListItem","position":3,"name":"FUN FACTORY &#8211; VIBRADOR MR. BOSS G-SPOT ROXO"}]},{"@type":"WebSite","@id":"https:\/\/lovme.pt\/#website","url":"https:\/\/lovme.pt\/","name":"Lovme Loja Er\u00f3tica N\u00ba1 em Portugal","description":"A melhor loja er\u00f3tica de Portugal.","alternateName":"Loja Er\u00f3tica Lovme","potentialAction":[{"@type":"SearchAction","target":{"@type":"EntryPoint","urlTemplate":"https:\/\/lovme.pt\/?s={search_term_string}"},"query-input":{"@type":"PropertyValueSpecification","valueRequired":true,"valueName":"search_term_string"}}],"inLanguage":"pt-PT"}]}},"_links":{"self":[{"href":"https:\/\/lovme.pt\/index.php\/wp-json\/wp\/v2\/product\/53391","targetHints":{"allow":["GET"]}}],"collection":[{"href":"https:\/\/lovme.pt\/index.php\/wp-json\/wp\/v2\/product"}],"about":[{"href":"https:\/\/lovme.pt\/index.php\/wp-json\/wp\/v2\/types\/product"}],"wp:featuredmedia":[{"embeddable":true,"href":"https:\/\/lovme.pt\/index.php\/wp-json\/wp\/v2\/media\/106896"}],"wp:attachment":[{"href":"https:\/\/lovme.pt\/index.php\/wp-json\/wp\/v2\/media?parent=53391"}],"wp:term":[{"taxonomy":"product_brand","embeddable":true,"href":"https:\/\/lovme.pt\/index.php\/wp-json\/wp\/v2\/product_brand?post=53391"},{"taxonomy":"product_cat","embeddable":true,"href":"https:\/\/lovme.pt\/index.php\/wp-json\/wp\/v2\/product_cat?post=53391"},{"taxonomy":"product_tag","embeddable":true,"href":"https:\/\/lovme.pt\/index.php\/wp-json\/wp\/v2\/product_tag?post=53391"}],"curies":[{"name":"wp","href":"https:\/\/api.w.org\/{rel}","templated":true}]}}