{"id":53376,"date":"2026-02-05T22:13:19","date_gmt":"2026-02-05T22:13:19","guid":{"rendered":"https:\/\/lovme.pt\/?post_type=product&p=53376"},"modified":"2026-02-19T20:19:25","modified_gmt":"2026-02-19T20:19:25","slug":"fun-factory-vibrador-de-pulsacao-de-ar-mea-roxo","status":"publish","type":"product","link":"https:\/\/lovme.pt\/index.php\/produto\/fun-factory-vibrador-de-pulsacao-de-ar-mea-roxo\/","title":{"rendered":"FUN FACTORY &#8211; VIBRADOR DE PULSA\u00c7\u00c3O DE AR MEA ROXO"},"content":{"rendered":"<p>Seu vibrador premium com tecnologia de ondas de ar pulsadas para orgasmos de tirar o f\u00f4lego! O MEA combina inova\u00e7\u00e3o com puro prazer. A Tecnologia de Pulso de Ar proporciona uma estimula\u00e7\u00e3o silenciosa e intensa atrav\u00e9s de pulsos de ar que envolvem suavemente o clit\u00f3ris sem contato direto. Isso garante o m\u00e1ximo de sensa\u00e7\u00e3o sem toque e sem superestimula\u00e7\u00e3o, criando uma experi\u00eancia incompar\u00e1vel.<\/p>\n<p> <strong>Da suc\u00e7\u00e3o suave ao \u00eaxtase supremo<\/strong><br \/> O MEA oferece 11 modos que proporcionam uma excita\u00e7\u00e3o gradual ou levam voc\u00ea direto ao cl\u00edmax em segundos. O MEA n\u00e3o se resume apenas \u00e0 pot\u00eancia  ele tamb\u00e9m se destaca pelo design. Feito de silicone seguro para o corpo, o MEA possui controles intuitivos e uma abertura ergon\u00f4mica que se encaixa perfeitamente e se adapta a cada clit\u00f3ris, tornando-o o brinquedo er\u00f3tico indispens\u00e1vel para quem busca estimula\u00e7\u00e3o intensa e variada. O MEA carrega facilmente via USB-C, \u00e9 \u00e0 prova d\u00e1gua (IPX7) e vem com uma impressionante garantia de 25 anos  para uma satisfa\u00e7\u00e3o duradoura em que voc\u00ea pode confiar.<\/p>\n","protected":false},"excerpt":{"rendered":"<p>FUN FACTORY &#8211; VIBRADOR DE PULSA\u00c7\u00c3O DE AR MEA ROXO<\/p>\n","protected":false},"featured_media":107004,"template":"","meta":{"_acf_changed":false},"product_brand":[],"product_cat":[17,88,61,64,76],"product_tag":[],"class_list":{"0":"post-53376","1":"product","2":"type-product","3":"status-publish","4":"has-post-thumbnail","6":"product_cat-brinquedos-de-bem-estar-sexual","7":"product_cat-novidades","8":"product_cat-para-elas","9":"product_cat-sugadores","10":"product_cat-vibradores","11":"yith_product_brand-fun-factory","13":"first","14":"instock","15":"taxable","16":"shipping-taxable","17":"purchasable","18":"product-type-simple"},"acf":[],"yoast_head":"<!-- This site is optimized with the Yoast SEO plugin v27.4 - https:\/\/yoast.com\/product\/yoast-seo-wordpress\/ -->\n<title>FUN FACTORY - VIBRADOR DE PULSA\u00c7\u00c3O DE AR MEA ROXO - Lovme<\/title>\n<meta name=\"robots\" content=\"index, follow, max-snippet:-1, max-image-preview:large, max-video-preview:-1\" \/>\n<link rel=\"canonical\" href=\"https:\/\/lovme.pt\/index.php\/produto\/fun-factory-vibrador-de-pulsacao-de-ar-mea-roxo\/\" \/>\n<meta property=\"og:locale\" content=\"pt_PT\" \/>\n<meta property=\"og:type\" content=\"article\" \/>\n<meta property=\"og:title\" content=\"FUN FACTORY - VIBRADOR DE PULSA\u00c7\u00c3O DE AR MEA ROXO - Lovme\" \/>\n<meta property=\"og:description\" content=\"FUN FACTORY - VIBRADOR DE PULSA\u00c7\u00c3O DE AR MEA ROXO\" \/>\n<meta property=\"og:url\" content=\"https:\/\/lovme.pt\/index.php\/produto\/fun-factory-vibrador-de-pulsacao-de-ar-mea-roxo\/\" \/>\n<meta property=\"og:site_name\" content=\"Lovme\" \/>\n<meta property=\"article:modified_time\" content=\"2026-02-19T20:19:25+00:00\" \/>\n<meta property=\"og:image\" content=\"https:\/\/erki24nd3ub.exactdn.com\/wp-content\/uploads\/dream\/img\/img_214913_3d7893db366a785fce7ddbec0cea72a3_1.jpg?strip=all\" \/>\n\t<meta property=\"og:image:width\" content=\"900\" \/>\n\t<meta property=\"og:image:height\" content=\"900\" \/>\n\t<meta property=\"og:image:type\" content=\"image\/jpeg\" \/>\n<meta name=\"twitter:card\" content=\"summary_large_image\" \/>\n<meta name=\"twitter:label1\" content=\"Tempo estimado de leitura\" \/>\n\t<meta name=\"twitter:data1\" content=\"1 minuto\" \/>\n<script type=\"application\/ld+json\" class=\"yoast-schema-graph\">{\"@context\":\"https:\\\/\\\/schema.org\",\"@graph\":[{\"@type\":\"WebPage\",\"@id\":\"https:\\\/\\\/lovme.pt\\\/index.php\\\/produto\\\/fun-factory-vibrador-de-pulsacao-de-ar-mea-roxo\\\/\",\"url\":\"https:\\\/\\\/lovme.pt\\\/index.php\\\/produto\\\/fun-factory-vibrador-de-pulsacao-de-ar-mea-roxo\\\/\",\"name\":\"FUN FACTORY - VIBRADOR DE PULSA\u00c7\u00c3O DE AR MEA ROXO - Lovme\",\"isPartOf\":{\"@id\":\"https:\\\/\\\/lovme.pt\\\/#website\"},\"primaryImageOfPage\":{\"@id\":\"https:\\\/\\\/lovme.pt\\\/index.php\\\/produto\\\/fun-factory-vibrador-de-pulsacao-de-ar-mea-roxo\\\/#primaryimage\"},\"image\":{\"@id\":\"https:\\\/\\\/lovme.pt\\\/index.php\\\/produto\\\/fun-factory-vibrador-de-pulsacao-de-ar-mea-roxo\\\/#primaryimage\"},\"thumbnailUrl\":\"https:\\\/\\\/erki24nd3ub.exactdn.com\\\/wp-content\\\/uploads\\\/dream\\\/img\\\/img_214913_3d7893db366a785fce7ddbec0cea72a3_1.jpg?strip=all\",\"datePublished\":\"2026-02-05T22:13:19+00:00\",\"dateModified\":\"2026-02-19T20:19:25+00:00\",\"breadcrumb\":{\"@id\":\"https:\\\/\\\/lovme.pt\\\/index.php\\\/produto\\\/fun-factory-vibrador-de-pulsacao-de-ar-mea-roxo\\\/#breadcrumb\"},\"inLanguage\":\"pt-PT\",\"potentialAction\":[{\"@type\":\"ReadAction\",\"target\":[\"https:\\\/\\\/lovme.pt\\\/index.php\\\/produto\\\/fun-factory-vibrador-de-pulsacao-de-ar-mea-roxo\\\/\"]}]},{\"@type\":\"ImageObject\",\"inLanguage\":\"pt-PT\",\"@id\":\"https:\\\/\\\/lovme.pt\\\/index.php\\\/produto\\\/fun-factory-vibrador-de-pulsacao-de-ar-mea-roxo\\\/#primaryimage\",\"url\":\"https:\\\/\\\/erki24nd3ub.exactdn.com\\\/wp-content\\\/uploads\\\/dream\\\/img\\\/img_214913_3d7893db366a785fce7ddbec0cea72a3_1.jpg?strip=all\",\"contentUrl\":\"https:\\\/\\\/erki24nd3ub.exactdn.com\\\/wp-content\\\/uploads\\\/dream\\\/img\\\/img_214913_3d7893db366a785fce7ddbec0cea72a3_1.jpg?strip=all\",\"width\":900,\"height\":900},{\"@type\":\"BreadcrumbList\",\"@id\":\"https:\\\/\\\/lovme.pt\\\/index.php\\\/produto\\\/fun-factory-vibrador-de-pulsacao-de-ar-mea-roxo\\\/#breadcrumb\",\"itemListElement\":[{\"@type\":\"ListItem\",\"position\":1,\"name\":\"In\u00edcio\",\"item\":\"https:\\\/\\\/lovme.pt\\\/\"},{\"@type\":\"ListItem\",\"position\":2,\"name\":\"Loja\",\"item\":\"https:\\\/\\\/lovme.pt\\\/index.php\\\/loja\\\/\"},{\"@type\":\"ListItem\",\"position\":3,\"name\":\"FUN FACTORY &#8211; VIBRADOR DE PULSA\u00c7\u00c3O DE AR MEA ROXO\"}]},{\"@type\":\"WebSite\",\"@id\":\"https:\\\/\\\/lovme.pt\\\/#website\",\"url\":\"https:\\\/\\\/lovme.pt\\\/\",\"name\":\"Lovme Loja Er\u00f3tica N\u00ba1 em Portugal\",\"description\":\"A melhor loja er\u00f3tica de Portugal.\",\"alternateName\":\"Loja Er\u00f3tica Lovme\",\"potentialAction\":[{\"@type\":\"SearchAction\",\"target\":{\"@type\":\"EntryPoint\",\"urlTemplate\":\"https:\\\/\\\/lovme.pt\\\/?s={search_term_string}\"},\"query-input\":{\"@type\":\"PropertyValueSpecification\",\"valueRequired\":true,\"valueName\":\"search_term_string\"}}],\"inLanguage\":\"pt-PT\"}]}<\/script>\n<!-- \/ Yoast SEO plugin. -->","yoast_head_json":{"title":"FUN FACTORY - VIBRADOR DE PULSA\u00c7\u00c3O DE AR MEA ROXO - Lovme","robots":{"index":"index","follow":"follow","max-snippet":"max-snippet:-1","max-image-preview":"max-image-preview:large","max-video-preview":"max-video-preview:-1"},"canonical":"https:\/\/lovme.pt\/index.php\/produto\/fun-factory-vibrador-de-pulsacao-de-ar-mea-roxo\/","og_locale":"pt_PT","og_type":"article","og_title":"FUN FACTORY - VIBRADOR DE PULSA\u00c7\u00c3O DE AR MEA ROXO - Lovme","og_description":"FUN FACTORY - VIBRADOR DE PULSA\u00c7\u00c3O DE AR MEA ROXO","og_url":"https:\/\/lovme.pt\/index.php\/produto\/fun-factory-vibrador-de-pulsacao-de-ar-mea-roxo\/","og_site_name":"Lovme","article_modified_time":"2026-02-19T20:19:25+00:00","og_image":[{"width":900,"height":900,"url":"https:\/\/erki24nd3ub.exactdn.com\/wp-content\/uploads\/dream\/img\/img_214913_3d7893db366a785fce7ddbec0cea72a3_1.jpg?strip=all","type":"image\/jpeg"}],"twitter_card":"summary_large_image","twitter_misc":{"Tempo estimado de leitura":"1 minuto"},"schema":{"@context":"https:\/\/schema.org","@graph":[{"@type":"WebPage","@id":"https:\/\/lovme.pt\/index.php\/produto\/fun-factory-vibrador-de-pulsacao-de-ar-mea-roxo\/","url":"https:\/\/lovme.pt\/index.php\/produto\/fun-factory-vibrador-de-pulsacao-de-ar-mea-roxo\/","name":"FUN FACTORY - VIBRADOR DE PULSA\u00c7\u00c3O DE AR MEA ROXO - Lovme","isPartOf":{"@id":"https:\/\/lovme.pt\/#website"},"primaryImageOfPage":{"@id":"https:\/\/lovme.pt\/index.php\/produto\/fun-factory-vibrador-de-pulsacao-de-ar-mea-roxo\/#primaryimage"},"image":{"@id":"https:\/\/lovme.pt\/index.php\/produto\/fun-factory-vibrador-de-pulsacao-de-ar-mea-roxo\/#primaryimage"},"thumbnailUrl":"https:\/\/erki24nd3ub.exactdn.com\/wp-content\/uploads\/dream\/img\/img_214913_3d7893db366a785fce7ddbec0cea72a3_1.jpg?strip=all","datePublished":"2026-02-05T22:13:19+00:00","dateModified":"2026-02-19T20:19:25+00:00","breadcrumb":{"@id":"https:\/\/lovme.pt\/index.php\/produto\/fun-factory-vibrador-de-pulsacao-de-ar-mea-roxo\/#breadcrumb"},"inLanguage":"pt-PT","potentialAction":[{"@type":"ReadAction","target":["https:\/\/lovme.pt\/index.php\/produto\/fun-factory-vibrador-de-pulsacao-de-ar-mea-roxo\/"]}]},{"@type":"ImageObject","inLanguage":"pt-PT","@id":"https:\/\/lovme.pt\/index.php\/produto\/fun-factory-vibrador-de-pulsacao-de-ar-mea-roxo\/#primaryimage","url":"https:\/\/erki24nd3ub.exactdn.com\/wp-content\/uploads\/dream\/img\/img_214913_3d7893db366a785fce7ddbec0cea72a3_1.jpg?strip=all","contentUrl":"https:\/\/erki24nd3ub.exactdn.com\/wp-content\/uploads\/dream\/img\/img_214913_3d7893db366a785fce7ddbec0cea72a3_1.jpg?strip=all","width":900,"height":900},{"@type":"BreadcrumbList","@id":"https:\/\/lovme.pt\/index.php\/produto\/fun-factory-vibrador-de-pulsacao-de-ar-mea-roxo\/#breadcrumb","itemListElement":[{"@type":"ListItem","position":1,"name":"In\u00edcio","item":"https:\/\/lovme.pt\/"},{"@type":"ListItem","position":2,"name":"Loja","item":"https:\/\/lovme.pt\/index.php\/loja\/"},{"@type":"ListItem","position":3,"name":"FUN FACTORY &#8211; VIBRADOR DE PULSA\u00c7\u00c3O DE AR MEA ROXO"}]},{"@type":"WebSite","@id":"https:\/\/lovme.pt\/#website","url":"https:\/\/lovme.pt\/","name":"Lovme Loja Er\u00f3tica N\u00ba1 em Portugal","description":"A melhor loja er\u00f3tica de Portugal.","alternateName":"Loja Er\u00f3tica Lovme","potentialAction":[{"@type":"SearchAction","target":{"@type":"EntryPoint","urlTemplate":"https:\/\/lovme.pt\/?s={search_term_string}"},"query-input":{"@type":"PropertyValueSpecification","valueRequired":true,"valueName":"search_term_string"}}],"inLanguage":"pt-PT"}]}},"_links":{"self":[{"href":"https:\/\/lovme.pt\/index.php\/wp-json\/wp\/v2\/product\/53376","targetHints":{"allow":["GET"]}}],"collection":[{"href":"https:\/\/lovme.pt\/index.php\/wp-json\/wp\/v2\/product"}],"about":[{"href":"https:\/\/lovme.pt\/index.php\/wp-json\/wp\/v2\/types\/product"}],"wp:featuredmedia":[{"embeddable":true,"href":"https:\/\/lovme.pt\/index.php\/wp-json\/wp\/v2\/media\/107004"}],"wp:attachment":[{"href":"https:\/\/lovme.pt\/index.php\/wp-json\/wp\/v2\/media?parent=53376"}],"wp:term":[{"taxonomy":"product_brand","embeddable":true,"href":"https:\/\/lovme.pt\/index.php\/wp-json\/wp\/v2\/product_brand?post=53376"},{"taxonomy":"product_cat","embeddable":true,"href":"https:\/\/lovme.pt\/index.php\/wp-json\/wp\/v2\/product_cat?post=53376"},{"taxonomy":"product_tag","embeddable":true,"href":"https:\/\/lovme.pt\/index.php\/wp-json\/wp\/v2\/product_tag?post=53376"}],"curies":[{"name":"wp","href":"https:\/\/api.w.org\/{rel}","templated":true}]}}