{"id":53369,"date":"2026-02-05T22:09:06","date_gmt":"2026-02-05T22:09:06","guid":{"rendered":"https:\/\/lovme.pt\/?post_type=product&p=53369"},"modified":"2026-02-20T04:01:17","modified_gmt":"2026-02-20T04:01:17","slug":"fun-factory-mini-vibrador-oceano-aquamarine","status":"publish","type":"product","link":"https:\/\/lovme.pt\/index.php\/produto\/fun-factory-mini-vibrador-oceano-aquamarine\/","title":{"rendered":"FUN FACTORY &#8211; MINI VIBRADOR OCEANO AQUAMARINE"},"content":{"rendered":"<p>Pequeno e compacto, com usos vers\u00e1teis: o OCEAN \u00e9 perfeito para iniciantes e um companheiro fant\u00e1stico para quem busca divers\u00e3o ilimitada em qualquer lugar. Seu corpo curvado e design ergon\u00f4mico facilitam a estimula\u00e7\u00e3o do ponto G e, ao mesmo tempo, proporcionam prazer m\u00e1ximo ao clit\u00f3ris.<\/p>\n<p> <strong>Potente e discreto<\/strong><br \/> O OCEAN possui 6 n\u00edveis de velocidade e 6 padr\u00f5es de vibra\u00e7\u00e3o  de um zumbido suave a uma vibra\u00e7\u00e3o poderosa  para proporcionar uma ampla variedade de sensa\u00e7\u00f5es. Este vibrador em formato de coelho, alimentado por bateria (2 pilhas AAA n\u00e3o inclusas), \u00e9 \u00e0 prova d\u00e1gua (IPX7) e pode ser usado a qualquer hora e em qualquer lugar  sozinho ou com um parceiro. Este brinquedo de alta qualidade encanta com seu silicone macio e agrad\u00e1vel ao corpo, formato ondulado e tamanho compacto de 14,5 cm. Desfrute de qualidade duradoura com a garantia de 25 anos da FUN FACTORY. Adquira o seu OCEAN e mergulhe em um mar de prazer!<\/p>\n","protected":false},"excerpt":{"rendered":"<p>FUN FACTORY &#8211; MINI VIBRADOR OCEANO AQUAMARINE<\/p>\n","protected":false},"featured_media":106881,"template":"","meta":{"_acf_changed":false},"product_brand":[],"product_cat":[17,88,61,76],"product_tag":[],"class_list":{"0":"post-53369","1":"product","2":"type-product","3":"status-publish","4":"has-post-thumbnail","6":"product_cat-brinquedos-de-bem-estar-sexual","7":"product_cat-novidades","8":"product_cat-para-elas","9":"product_cat-vibradores","10":"yith_product_brand-fun-factory","12":"first","13":"instock","14":"taxable","15":"shipping-taxable","16":"purchasable","17":"product-type-simple"},"acf":[],"yoast_head":"<!-- This site is optimized with the Yoast SEO plugin v27.3 - https:\/\/yoast.com\/product\/yoast-seo-wordpress\/ -->\n<title>FUN FACTORY - MINI VIBRADOR OCEANO AQUAMARINE - Lovme<\/title>\n<meta name=\"robots\" content=\"index, follow, max-snippet:-1, max-image-preview:large, max-video-preview:-1\" \/>\n<link rel=\"canonical\" href=\"https:\/\/lovme.pt\/index.php\/produto\/fun-factory-mini-vibrador-oceano-aquamarine\/\" \/>\n<meta property=\"og:locale\" content=\"pt_PT\" \/>\n<meta property=\"og:type\" content=\"article\" \/>\n<meta property=\"og:title\" content=\"FUN FACTORY - MINI VIBRADOR OCEANO AQUAMARINE - Lovme\" \/>\n<meta property=\"og:description\" content=\"FUN FACTORY - MINI VIBRADOR OCEANO AQUAMARINE\" \/>\n<meta property=\"og:url\" content=\"https:\/\/lovme.pt\/index.php\/produto\/fun-factory-mini-vibrador-oceano-aquamarine\/\" \/>\n<meta property=\"og:site_name\" content=\"Lovme\" \/>\n<meta property=\"article:modified_time\" content=\"2026-02-20T04:01:17+00:00\" \/>\n<meta property=\"og:image\" content=\"https:\/\/erki24nd3ub.exactdn.com\/wp-content\/uploads\/dream\/img\/img_214948_c9b3ed7d81ef93a10350d42289a4875c_1.jpg?strip=all\" \/>\n\t<meta property=\"og:image:width\" content=\"900\" \/>\n\t<meta property=\"og:image:height\" content=\"900\" \/>\n\t<meta property=\"og:image:type\" content=\"image\/jpeg\" \/>\n<meta name=\"twitter:card\" content=\"summary_large_image\" \/>\n<meta name=\"twitter:label1\" content=\"Tempo estimado de leitura\" \/>\n\t<meta name=\"twitter:data1\" content=\"1 minuto\" \/>\n<script type=\"application\/ld+json\" class=\"yoast-schema-graph\">{\"@context\":\"https:\\\/\\\/schema.org\",\"@graph\":[{\"@type\":\"WebPage\",\"@id\":\"https:\\\/\\\/lovme.pt\\\/index.php\\\/produto\\\/fun-factory-mini-vibrador-oceano-aquamarine\\\/\",\"url\":\"https:\\\/\\\/lovme.pt\\\/index.php\\\/produto\\\/fun-factory-mini-vibrador-oceano-aquamarine\\\/\",\"name\":\"FUN FACTORY - MINI VIBRADOR OCEANO AQUAMARINE - Lovme\",\"isPartOf\":{\"@id\":\"https:\\\/\\\/lovme.pt\\\/#website\"},\"primaryImageOfPage\":{\"@id\":\"https:\\\/\\\/lovme.pt\\\/index.php\\\/produto\\\/fun-factory-mini-vibrador-oceano-aquamarine\\\/#primaryimage\"},\"image\":{\"@id\":\"https:\\\/\\\/lovme.pt\\\/index.php\\\/produto\\\/fun-factory-mini-vibrador-oceano-aquamarine\\\/#primaryimage\"},\"thumbnailUrl\":\"https:\\\/\\\/erki24nd3ub.exactdn.com\\\/wp-content\\\/uploads\\\/dream\\\/img\\\/img_214948_c9b3ed7d81ef93a10350d42289a4875c_1.jpg?strip=all\",\"datePublished\":\"2026-02-05T22:09:06+00:00\",\"dateModified\":\"2026-02-20T04:01:17+00:00\",\"breadcrumb\":{\"@id\":\"https:\\\/\\\/lovme.pt\\\/index.php\\\/produto\\\/fun-factory-mini-vibrador-oceano-aquamarine\\\/#breadcrumb\"},\"inLanguage\":\"pt-PT\",\"potentialAction\":[{\"@type\":\"ReadAction\",\"target\":[\"https:\\\/\\\/lovme.pt\\\/index.php\\\/produto\\\/fun-factory-mini-vibrador-oceano-aquamarine\\\/\"]}]},{\"@type\":\"ImageObject\",\"inLanguage\":\"pt-PT\",\"@id\":\"https:\\\/\\\/lovme.pt\\\/index.php\\\/produto\\\/fun-factory-mini-vibrador-oceano-aquamarine\\\/#primaryimage\",\"url\":\"https:\\\/\\\/erki24nd3ub.exactdn.com\\\/wp-content\\\/uploads\\\/dream\\\/img\\\/img_214948_c9b3ed7d81ef93a10350d42289a4875c_1.jpg?strip=all\",\"contentUrl\":\"https:\\\/\\\/erki24nd3ub.exactdn.com\\\/wp-content\\\/uploads\\\/dream\\\/img\\\/img_214948_c9b3ed7d81ef93a10350d42289a4875c_1.jpg?strip=all\",\"width\":900,\"height\":900},{\"@type\":\"BreadcrumbList\",\"@id\":\"https:\\\/\\\/lovme.pt\\\/index.php\\\/produto\\\/fun-factory-mini-vibrador-oceano-aquamarine\\\/#breadcrumb\",\"itemListElement\":[{\"@type\":\"ListItem\",\"position\":1,\"name\":\"In\u00edcio\",\"item\":\"https:\\\/\\\/lovme.pt\\\/\"},{\"@type\":\"ListItem\",\"position\":2,\"name\":\"Loja\",\"item\":\"https:\\\/\\\/lovme.pt\\\/index.php\\\/loja\\\/\"},{\"@type\":\"ListItem\",\"position\":3,\"name\":\"FUN FACTORY &#8211; MINI VIBRADOR OCEANO AQUAMARINE\"}]},{\"@type\":\"WebSite\",\"@id\":\"https:\\\/\\\/lovme.pt\\\/#website\",\"url\":\"https:\\\/\\\/lovme.pt\\\/\",\"name\":\"Lovme Loja Er\u00f3tica N\u00ba1 em Portugal\",\"description\":\"A melhor loja er\u00f3tica de Portugal.\",\"alternateName\":\"Loja Er\u00f3tica Lovme\",\"potentialAction\":[{\"@type\":\"SearchAction\",\"target\":{\"@type\":\"EntryPoint\",\"urlTemplate\":\"https:\\\/\\\/lovme.pt\\\/?s={search_term_string}\"},\"query-input\":{\"@type\":\"PropertyValueSpecification\",\"valueRequired\":true,\"valueName\":\"search_term_string\"}}],\"inLanguage\":\"pt-PT\"}]}<\/script>\n<!-- \/ Yoast SEO plugin. -->","yoast_head_json":{"title":"FUN FACTORY - MINI VIBRADOR OCEANO AQUAMARINE - Lovme","robots":{"index":"index","follow":"follow","max-snippet":"max-snippet:-1","max-image-preview":"max-image-preview:large","max-video-preview":"max-video-preview:-1"},"canonical":"https:\/\/lovme.pt\/index.php\/produto\/fun-factory-mini-vibrador-oceano-aquamarine\/","og_locale":"pt_PT","og_type":"article","og_title":"FUN FACTORY - MINI VIBRADOR OCEANO AQUAMARINE - Lovme","og_description":"FUN FACTORY - MINI VIBRADOR OCEANO AQUAMARINE","og_url":"https:\/\/lovme.pt\/index.php\/produto\/fun-factory-mini-vibrador-oceano-aquamarine\/","og_site_name":"Lovme","article_modified_time":"2026-02-20T04:01:17+00:00","og_image":[{"width":900,"height":900,"url":"https:\/\/erki24nd3ub.exactdn.com\/wp-content\/uploads\/dream\/img\/img_214948_c9b3ed7d81ef93a10350d42289a4875c_1.jpg?strip=all","type":"image\/jpeg"}],"twitter_card":"summary_large_image","twitter_misc":{"Tempo estimado de leitura":"1 minuto"},"schema":{"@context":"https:\/\/schema.org","@graph":[{"@type":"WebPage","@id":"https:\/\/lovme.pt\/index.php\/produto\/fun-factory-mini-vibrador-oceano-aquamarine\/","url":"https:\/\/lovme.pt\/index.php\/produto\/fun-factory-mini-vibrador-oceano-aquamarine\/","name":"FUN FACTORY - MINI VIBRADOR OCEANO AQUAMARINE - Lovme","isPartOf":{"@id":"https:\/\/lovme.pt\/#website"},"primaryImageOfPage":{"@id":"https:\/\/lovme.pt\/index.php\/produto\/fun-factory-mini-vibrador-oceano-aquamarine\/#primaryimage"},"image":{"@id":"https:\/\/lovme.pt\/index.php\/produto\/fun-factory-mini-vibrador-oceano-aquamarine\/#primaryimage"},"thumbnailUrl":"https:\/\/erki24nd3ub.exactdn.com\/wp-content\/uploads\/dream\/img\/img_214948_c9b3ed7d81ef93a10350d42289a4875c_1.jpg?strip=all","datePublished":"2026-02-05T22:09:06+00:00","dateModified":"2026-02-20T04:01:17+00:00","breadcrumb":{"@id":"https:\/\/lovme.pt\/index.php\/produto\/fun-factory-mini-vibrador-oceano-aquamarine\/#breadcrumb"},"inLanguage":"pt-PT","potentialAction":[{"@type":"ReadAction","target":["https:\/\/lovme.pt\/index.php\/produto\/fun-factory-mini-vibrador-oceano-aquamarine\/"]}]},{"@type":"ImageObject","inLanguage":"pt-PT","@id":"https:\/\/lovme.pt\/index.php\/produto\/fun-factory-mini-vibrador-oceano-aquamarine\/#primaryimage","url":"https:\/\/erki24nd3ub.exactdn.com\/wp-content\/uploads\/dream\/img\/img_214948_c9b3ed7d81ef93a10350d42289a4875c_1.jpg?strip=all","contentUrl":"https:\/\/erki24nd3ub.exactdn.com\/wp-content\/uploads\/dream\/img\/img_214948_c9b3ed7d81ef93a10350d42289a4875c_1.jpg?strip=all","width":900,"height":900},{"@type":"BreadcrumbList","@id":"https:\/\/lovme.pt\/index.php\/produto\/fun-factory-mini-vibrador-oceano-aquamarine\/#breadcrumb","itemListElement":[{"@type":"ListItem","position":1,"name":"In\u00edcio","item":"https:\/\/lovme.pt\/"},{"@type":"ListItem","position":2,"name":"Loja","item":"https:\/\/lovme.pt\/index.php\/loja\/"},{"@type":"ListItem","position":3,"name":"FUN FACTORY &#8211; MINI VIBRADOR OCEANO AQUAMARINE"}]},{"@type":"WebSite","@id":"https:\/\/lovme.pt\/#website","url":"https:\/\/lovme.pt\/","name":"Lovme Loja Er\u00f3tica N\u00ba1 em Portugal","description":"A melhor loja er\u00f3tica de Portugal.","alternateName":"Loja Er\u00f3tica Lovme","potentialAction":[{"@type":"SearchAction","target":{"@type":"EntryPoint","urlTemplate":"https:\/\/lovme.pt\/?s={search_term_string}"},"query-input":{"@type":"PropertyValueSpecification","valueRequired":true,"valueName":"search_term_string"}}],"inLanguage":"pt-PT"}]}},"_links":{"self":[{"href":"https:\/\/lovme.pt\/index.php\/wp-json\/wp\/v2\/product\/53369","targetHints":{"allow":["GET"]}}],"collection":[{"href":"https:\/\/lovme.pt\/index.php\/wp-json\/wp\/v2\/product"}],"about":[{"href":"https:\/\/lovme.pt\/index.php\/wp-json\/wp\/v2\/types\/product"}],"wp:featuredmedia":[{"embeddable":true,"href":"https:\/\/lovme.pt\/index.php\/wp-json\/wp\/v2\/media\/106881"}],"wp:attachment":[{"href":"https:\/\/lovme.pt\/index.php\/wp-json\/wp\/v2\/media?parent=53369"}],"wp:term":[{"taxonomy":"product_brand","embeddable":true,"href":"https:\/\/lovme.pt\/index.php\/wp-json\/wp\/v2\/product_brand?post=53369"},{"taxonomy":"product_cat","embeddable":true,"href":"https:\/\/lovme.pt\/index.php\/wp-json\/wp\/v2\/product_cat?post=53369"},{"taxonomy":"product_tag","embeddable":true,"href":"https:\/\/lovme.pt\/index.php\/wp-json\/wp\/v2\/product_tag?post=53369"}],"curies":[{"name":"wp","href":"https:\/\/api.w.org\/{rel}","templated":true}]}}