{"id":53367,"date":"2025-12-17T20:14:10","date_gmt":"2025-12-17T20:14:10","guid":{"rendered":"https:\/\/lovme.pt\/?post_type=product&p=53367"},"modified":"2026-02-19T20:19:25","modified_gmt":"2026-02-19T20:19:25","slug":"fun-factory-vibrador-essence-air-pulse-roxo","status":"publish","type":"product","link":"https:\/\/lovme.pt\/index.php\/produto\/fun-factory-vibrador-essence-air-pulse-roxo\/","title":{"rendered":"FUN FACTORY &#8211; VIBRADOR ESSENCE AIR PULSE ROXO"},"content":{"rendered":"<p>Combinando a tecnologia de ponta Air Pulse com um design ergon\u00f4mico, o ESSENCE proporciona uma estimula\u00e7\u00e3o pura e estimulante. Com 11 programas exclusivos e um motor potente, este vibrador Air Pulse estimula o clit\u00f3ris sem contato, com uma variedade de sensa\u00e7\u00f5es  de ondas suaves a pulsa\u00e7\u00f5es profundas e r\u00edtmicas. Ao contr\u00e1rio das vibra\u00e7\u00f5es convencionais, as pulsa\u00e7\u00f5es de ar estimulam a circula\u00e7\u00e3o e proporcionam prazer sem superestimular o clit\u00f3ris, oferecendo sensa\u00e7\u00f5es emocionantes que lembram o sexo oral.<\/p>\n<p> <strong>Prazer ininterrupto, a qualquer hora<\/strong><br \/> \u00c0 prova d\u00e1gua (IPX7) e recarreg\u00e1vel via USB-C, o ESSENCE est\u00e1 pronto para te acompanhar aonde quer que o prazer te leve. Com apenas 2 horas de carga, ele est\u00e1 sempre \u00e0 sua disposi\u00e7\u00e3o. Feito com materiais premium como silicone, ABS e PC, este brinquedo para bem-estar sexual possui um design ergon\u00f4mico para um encaixe perfeito. E como limp\u00e1-lo? Super f\u00e1cil: basta enxaguar o ESSENCE com \u00e1gua e sab\u00e3o neutro. Apenas tome cuidado para n\u00e3o deixar \u00e1gua entrar no canal e evite usar escovas para proteger a membrana sens\u00edvel.<br \/> <strong><br \/>Surfe em cada onda de \u00eaxtase<\/strong><br \/> Descubra como sensa\u00e7\u00f5es suaves se transformam em orgasmos intensos. O uso de lubrificante \u00e0 base de \u00e1gua intensifica a experi\u00eancia. Deixe-se levar, entregue-se ao prazer e aproveite cada segundo com os controles intuitivos! Desfrute de qualidade duradoura, respaldada pela impressionante garantia de 25 anos da FUN FACTORY.<\/p>\n","protected":false},"excerpt":{"rendered":"<p>FUN FACTORY &#8211; VIBRADOR ESSENCE AIR PULSE ROXO<\/p>\n","protected":false},"featured_media":105223,"template":"","meta":{"_acf_changed":false},"product_brand":[],"product_cat":[17,88,61,64],"product_tag":[],"class_list":{"0":"post-53367","1":"product","2":"type-product","3":"status-publish","4":"has-post-thumbnail","6":"product_cat-brinquedos-de-bem-estar-sexual","7":"product_cat-novidades","8":"product_cat-para-elas","9":"product_cat-sugadores","10":"yith_product_brand-fun-factory","12":"first","13":"instock","14":"taxable","15":"shipping-taxable","16":"purchasable","17":"product-type-simple"},"acf":[],"yoast_head":"<!-- This site is optimized with the Yoast SEO plugin v27.4 - https:\/\/yoast.com\/product\/yoast-seo-wordpress\/ -->\n<title>FUN FACTORY - VIBRADOR ESSENCE AIR PULSE ROXO - Lovme<\/title>\n<meta name=\"robots\" content=\"index, follow, max-snippet:-1, max-image-preview:large, max-video-preview:-1\" \/>\n<link rel=\"canonical\" href=\"https:\/\/lovme.pt\/index.php\/produto\/fun-factory-vibrador-essence-air-pulse-roxo\/\" \/>\n<meta property=\"og:locale\" content=\"pt_PT\" \/>\n<meta property=\"og:type\" content=\"article\" \/>\n<meta property=\"og:title\" content=\"FUN FACTORY - VIBRADOR ESSENCE AIR PULSE ROXO - Lovme\" \/>\n<meta property=\"og:description\" content=\"FUN FACTORY - VIBRADOR ESSENCE AIR PULSE ROXO\" \/>\n<meta property=\"og:url\" content=\"https:\/\/lovme.pt\/index.php\/produto\/fun-factory-vibrador-essence-air-pulse-roxo\/\" \/>\n<meta property=\"og:site_name\" content=\"Lovme\" \/>\n<meta property=\"article:modified_time\" content=\"2026-02-19T20:19:25+00:00\" \/>\n<meta property=\"og:image\" content=\"https:\/\/erki24nd3ub.exactdn.com\/wp-content\/uploads\/dream\/img\/img_214804_3dd3bc3a53cf2040a134a3bf1c135687_1.jpg?strip=all\" \/>\n\t<meta property=\"og:image:width\" content=\"900\" \/>\n\t<meta property=\"og:image:height\" content=\"900\" \/>\n\t<meta property=\"og:image:type\" content=\"image\/jpeg\" \/>\n<meta name=\"twitter:card\" content=\"summary_large_image\" \/>\n<meta name=\"twitter:label1\" content=\"Tempo estimado de leitura\" \/>\n\t<meta name=\"twitter:data1\" content=\"1 minuto\" \/>\n<script type=\"application\/ld+json\" class=\"yoast-schema-graph\">{\"@context\":\"https:\\\/\\\/schema.org\",\"@graph\":[{\"@type\":\"WebPage\",\"@id\":\"https:\\\/\\\/lovme.pt\\\/index.php\\\/produto\\\/fun-factory-vibrador-essence-air-pulse-roxo\\\/\",\"url\":\"https:\\\/\\\/lovme.pt\\\/index.php\\\/produto\\\/fun-factory-vibrador-essence-air-pulse-roxo\\\/\",\"name\":\"FUN FACTORY - VIBRADOR ESSENCE AIR PULSE ROXO - Lovme\",\"isPartOf\":{\"@id\":\"https:\\\/\\\/lovme.pt\\\/#website\"},\"primaryImageOfPage\":{\"@id\":\"https:\\\/\\\/lovme.pt\\\/index.php\\\/produto\\\/fun-factory-vibrador-essence-air-pulse-roxo\\\/#primaryimage\"},\"image\":{\"@id\":\"https:\\\/\\\/lovme.pt\\\/index.php\\\/produto\\\/fun-factory-vibrador-essence-air-pulse-roxo\\\/#primaryimage\"},\"thumbnailUrl\":\"https:\\\/\\\/erki24nd3ub.exactdn.com\\\/wp-content\\\/uploads\\\/dream\\\/img\\\/img_214804_3dd3bc3a53cf2040a134a3bf1c135687_1.jpg?strip=all\",\"datePublished\":\"2025-12-17T20:14:10+00:00\",\"dateModified\":\"2026-02-19T20:19:25+00:00\",\"breadcrumb\":{\"@id\":\"https:\\\/\\\/lovme.pt\\\/index.php\\\/produto\\\/fun-factory-vibrador-essence-air-pulse-roxo\\\/#breadcrumb\"},\"inLanguage\":\"pt-PT\",\"potentialAction\":[{\"@type\":\"ReadAction\",\"target\":[\"https:\\\/\\\/lovme.pt\\\/index.php\\\/produto\\\/fun-factory-vibrador-essence-air-pulse-roxo\\\/\"]}]},{\"@type\":\"ImageObject\",\"inLanguage\":\"pt-PT\",\"@id\":\"https:\\\/\\\/lovme.pt\\\/index.php\\\/produto\\\/fun-factory-vibrador-essence-air-pulse-roxo\\\/#primaryimage\",\"url\":\"https:\\\/\\\/erki24nd3ub.exactdn.com\\\/wp-content\\\/uploads\\\/dream\\\/img\\\/img_214804_3dd3bc3a53cf2040a134a3bf1c135687_1.jpg?strip=all\",\"contentUrl\":\"https:\\\/\\\/erki24nd3ub.exactdn.com\\\/wp-content\\\/uploads\\\/dream\\\/img\\\/img_214804_3dd3bc3a53cf2040a134a3bf1c135687_1.jpg?strip=all\",\"width\":900,\"height\":900},{\"@type\":\"BreadcrumbList\",\"@id\":\"https:\\\/\\\/lovme.pt\\\/index.php\\\/produto\\\/fun-factory-vibrador-essence-air-pulse-roxo\\\/#breadcrumb\",\"itemListElement\":[{\"@type\":\"ListItem\",\"position\":1,\"name\":\"In\u00edcio\",\"item\":\"https:\\\/\\\/lovme.pt\\\/\"},{\"@type\":\"ListItem\",\"position\":2,\"name\":\"Loja\",\"item\":\"https:\\\/\\\/lovme.pt\\\/index.php\\\/loja\\\/\"},{\"@type\":\"ListItem\",\"position\":3,\"name\":\"FUN FACTORY &#8211; VIBRADOR ESSENCE AIR PULSE ROXO\"}]},{\"@type\":\"WebSite\",\"@id\":\"https:\\\/\\\/lovme.pt\\\/#website\",\"url\":\"https:\\\/\\\/lovme.pt\\\/\",\"name\":\"Lovme Loja Er\u00f3tica N\u00ba1 em Portugal\",\"description\":\"A melhor loja er\u00f3tica de Portugal.\",\"alternateName\":\"Loja Er\u00f3tica Lovme\",\"potentialAction\":[{\"@type\":\"SearchAction\",\"target\":{\"@type\":\"EntryPoint\",\"urlTemplate\":\"https:\\\/\\\/lovme.pt\\\/?s={search_term_string}\"},\"query-input\":{\"@type\":\"PropertyValueSpecification\",\"valueRequired\":true,\"valueName\":\"search_term_string\"}}],\"inLanguage\":\"pt-PT\"}]}<\/script>\n<!-- \/ Yoast SEO plugin. -->","yoast_head_json":{"title":"FUN FACTORY - VIBRADOR ESSENCE AIR PULSE ROXO - Lovme","robots":{"index":"index","follow":"follow","max-snippet":"max-snippet:-1","max-image-preview":"max-image-preview:large","max-video-preview":"max-video-preview:-1"},"canonical":"https:\/\/lovme.pt\/index.php\/produto\/fun-factory-vibrador-essence-air-pulse-roxo\/","og_locale":"pt_PT","og_type":"article","og_title":"FUN FACTORY - VIBRADOR ESSENCE AIR PULSE ROXO - Lovme","og_description":"FUN FACTORY - VIBRADOR ESSENCE AIR PULSE ROXO","og_url":"https:\/\/lovme.pt\/index.php\/produto\/fun-factory-vibrador-essence-air-pulse-roxo\/","og_site_name":"Lovme","article_modified_time":"2026-02-19T20:19:25+00:00","og_image":[{"width":900,"height":900,"url":"https:\/\/erki24nd3ub.exactdn.com\/wp-content\/uploads\/dream\/img\/img_214804_3dd3bc3a53cf2040a134a3bf1c135687_1.jpg?strip=all","type":"image\/jpeg"}],"twitter_card":"summary_large_image","twitter_misc":{"Tempo estimado de leitura":"1 minuto"},"schema":{"@context":"https:\/\/schema.org","@graph":[{"@type":"WebPage","@id":"https:\/\/lovme.pt\/index.php\/produto\/fun-factory-vibrador-essence-air-pulse-roxo\/","url":"https:\/\/lovme.pt\/index.php\/produto\/fun-factory-vibrador-essence-air-pulse-roxo\/","name":"FUN FACTORY - VIBRADOR ESSENCE AIR PULSE ROXO - Lovme","isPartOf":{"@id":"https:\/\/lovme.pt\/#website"},"primaryImageOfPage":{"@id":"https:\/\/lovme.pt\/index.php\/produto\/fun-factory-vibrador-essence-air-pulse-roxo\/#primaryimage"},"image":{"@id":"https:\/\/lovme.pt\/index.php\/produto\/fun-factory-vibrador-essence-air-pulse-roxo\/#primaryimage"},"thumbnailUrl":"https:\/\/erki24nd3ub.exactdn.com\/wp-content\/uploads\/dream\/img\/img_214804_3dd3bc3a53cf2040a134a3bf1c135687_1.jpg?strip=all","datePublished":"2025-12-17T20:14:10+00:00","dateModified":"2026-02-19T20:19:25+00:00","breadcrumb":{"@id":"https:\/\/lovme.pt\/index.php\/produto\/fun-factory-vibrador-essence-air-pulse-roxo\/#breadcrumb"},"inLanguage":"pt-PT","potentialAction":[{"@type":"ReadAction","target":["https:\/\/lovme.pt\/index.php\/produto\/fun-factory-vibrador-essence-air-pulse-roxo\/"]}]},{"@type":"ImageObject","inLanguage":"pt-PT","@id":"https:\/\/lovme.pt\/index.php\/produto\/fun-factory-vibrador-essence-air-pulse-roxo\/#primaryimage","url":"https:\/\/erki24nd3ub.exactdn.com\/wp-content\/uploads\/dream\/img\/img_214804_3dd3bc3a53cf2040a134a3bf1c135687_1.jpg?strip=all","contentUrl":"https:\/\/erki24nd3ub.exactdn.com\/wp-content\/uploads\/dream\/img\/img_214804_3dd3bc3a53cf2040a134a3bf1c135687_1.jpg?strip=all","width":900,"height":900},{"@type":"BreadcrumbList","@id":"https:\/\/lovme.pt\/index.php\/produto\/fun-factory-vibrador-essence-air-pulse-roxo\/#breadcrumb","itemListElement":[{"@type":"ListItem","position":1,"name":"In\u00edcio","item":"https:\/\/lovme.pt\/"},{"@type":"ListItem","position":2,"name":"Loja","item":"https:\/\/lovme.pt\/index.php\/loja\/"},{"@type":"ListItem","position":3,"name":"FUN FACTORY &#8211; VIBRADOR ESSENCE AIR PULSE ROXO"}]},{"@type":"WebSite","@id":"https:\/\/lovme.pt\/#website","url":"https:\/\/lovme.pt\/","name":"Lovme Loja Er\u00f3tica N\u00ba1 em Portugal","description":"A melhor loja er\u00f3tica de Portugal.","alternateName":"Loja Er\u00f3tica Lovme","potentialAction":[{"@type":"SearchAction","target":{"@type":"EntryPoint","urlTemplate":"https:\/\/lovme.pt\/?s={search_term_string}"},"query-input":{"@type":"PropertyValueSpecification","valueRequired":true,"valueName":"search_term_string"}}],"inLanguage":"pt-PT"}]}},"_links":{"self":[{"href":"https:\/\/lovme.pt\/index.php\/wp-json\/wp\/v2\/product\/53367","targetHints":{"allow":["GET"]}}],"collection":[{"href":"https:\/\/lovme.pt\/index.php\/wp-json\/wp\/v2\/product"}],"about":[{"href":"https:\/\/lovme.pt\/index.php\/wp-json\/wp\/v2\/types\/product"}],"wp:featuredmedia":[{"embeddable":true,"href":"https:\/\/lovme.pt\/index.php\/wp-json\/wp\/v2\/media\/105223"}],"wp:attachment":[{"href":"https:\/\/lovme.pt\/index.php\/wp-json\/wp\/v2\/media?parent=53367"}],"wp:term":[{"taxonomy":"product_brand","embeddable":true,"href":"https:\/\/lovme.pt\/index.php\/wp-json\/wp\/v2\/product_brand?post=53367"},{"taxonomy":"product_cat","embeddable":true,"href":"https:\/\/lovme.pt\/index.php\/wp-json\/wp\/v2\/product_cat?post=53367"},{"taxonomy":"product_tag","embeddable":true,"href":"https:\/\/lovme.pt\/index.php\/wp-json\/wp\/v2\/product_tag?post=53367"}],"curies":[{"name":"wp","href":"https:\/\/api.w.org\/{rel}","templated":true}]}}