{"id":53365,"date":"2025-12-17T20:14:03","date_gmt":"2025-12-17T20:14:03","guid":{"rendered":"https:\/\/lovme.pt\/?post_type=product&p=53365"},"modified":"2026-02-19T20:19:25","modified_gmt":"2026-02-19T20:19:25","slug":"fun-factory-vibrador-delicia-air-pulse-rose","status":"publish","type":"product","link":"https:\/\/lovme.pt\/index.php\/produto\/fun-factory-vibrador-delicia-air-pulse-rose\/","title":{"rendered":"FUN FACTORY &#8211; VIBRADOR DELICIA AIR PULSE ROSE"},"content":{"rendered":"<p>Pulsos suaves, sensa\u00e7\u00f5es profundas: o DELICIA provoca e seduz com a tecnologia patenteada Air Pulse, que proporciona prazer ao clit\u00f3ris sem contato. Ao contr\u00e1rio das vibra\u00e7\u00f5es comuns, os pulsos de ar estimulam a circula\u00e7\u00e3o sangu\u00ednea e proporcionam prazer sem superestimular o clit\u00f3ris, oferecendo sensa\u00e7\u00f5es emocionantes que lembram o sexo oral. Experimente pura euforia, ativada com o toque de um bot\u00e3o. Com 11 programas estimulantes, voc\u00ea controla a intensidade, enquanto o design elegante e ergon\u00f4mico se harmoniza perfeitamente com suas zonas er\u00f3genas.<\/p>\n<p> <strong>Um sussurro que lhe tirar\u00e1 o f\u00f4lego<\/strong><br \/> Seja no chuveiro, na banheira ou em movimento, gra\u00e7as ao seu design \u00e0 prova d\u00e1gua (IPX7) e silicone hipoalerg\u00eanico, o DELICIA est\u00e1 sempre pronto para a aventura. Ap\u00f3s apenas 2 horas de carregamento com um cabo USB-C, a pr\u00f3xima aventura come\u00e7a. E com lubrificante \u00e0 base de \u00e1gua, as sensa\u00e7\u00f5es ficam ainda mais intensas. Prepare-se para ondas de prazer de tirar o f\u00f4lego, complementadas por controles intuitivos! O DELICIA vem com 25 anos de garantia da FUN FACTORY, garantindo qualidade duradoura e prazer sem fim.<\/p>\n","protected":false},"excerpt":{"rendered":"<p>FUN FACTORY &#8211; VIBRADOR DELICIA AIR PULSE ROSE<\/p>\n","protected":false},"featured_media":105217,"template":"","meta":{"_acf_changed":false},"product_brand":[],"product_cat":[17,88,61,64],"product_tag":[],"class_list":{"0":"post-53365","1":"product","2":"type-product","3":"status-publish","4":"has-post-thumbnail","6":"product_cat-brinquedos-de-bem-estar-sexual","7":"product_cat-novidades","8":"product_cat-para-elas","9":"product_cat-sugadores","10":"yith_product_brand-fun-factory","12":"first","13":"instock","14":"taxable","15":"shipping-taxable","16":"purchasable","17":"product-type-simple"},"acf":[],"yoast_head":"<!-- This site is optimized with the Yoast SEO plugin v27.3 - https:\/\/yoast.com\/product\/yoast-seo-wordpress\/ -->\n<title>FUN FACTORY - VIBRADOR DELICIA AIR PULSE ROSE - Lovme<\/title>\n<meta name=\"robots\" content=\"index, follow, max-snippet:-1, max-image-preview:large, max-video-preview:-1\" \/>\n<link rel=\"canonical\" href=\"https:\/\/lovme.pt\/index.php\/produto\/fun-factory-vibrador-delicia-air-pulse-rose\/\" \/>\n<meta property=\"og:locale\" content=\"pt_PT\" \/>\n<meta property=\"og:type\" content=\"article\" \/>\n<meta property=\"og:title\" content=\"FUN FACTORY - VIBRADOR DELICIA AIR PULSE ROSE - Lovme\" \/>\n<meta property=\"og:description\" content=\"FUN FACTORY - VIBRADOR DELICIA AIR PULSE ROSE\" \/>\n<meta property=\"og:url\" content=\"https:\/\/lovme.pt\/index.php\/produto\/fun-factory-vibrador-delicia-air-pulse-rose\/\" \/>\n<meta property=\"og:site_name\" content=\"Lovme\" \/>\n<meta property=\"article:modified_time\" content=\"2026-02-19T20:19:25+00:00\" \/>\n<meta property=\"og:image\" content=\"https:\/\/erki24nd3ub.exactdn.com\/wp-content\/uploads\/dream\/img\/img_214746_2c7d2f3338d0860cb00502f48e5a5540_1.jpg?strip=all\" \/>\n\t<meta property=\"og:image:width\" content=\"900\" \/>\n\t<meta property=\"og:image:height\" content=\"900\" \/>\n\t<meta property=\"og:image:type\" content=\"image\/jpeg\" \/>\n<meta name=\"twitter:card\" content=\"summary_large_image\" \/>\n<meta name=\"twitter:label1\" content=\"Tempo estimado de leitura\" \/>\n\t<meta name=\"twitter:data1\" content=\"1 minuto\" \/>\n<script type=\"application\/ld+json\" class=\"yoast-schema-graph\">{\"@context\":\"https:\\\/\\\/schema.org\",\"@graph\":[{\"@type\":\"WebPage\",\"@id\":\"https:\\\/\\\/lovme.pt\\\/index.php\\\/produto\\\/fun-factory-vibrador-delicia-air-pulse-rose\\\/\",\"url\":\"https:\\\/\\\/lovme.pt\\\/index.php\\\/produto\\\/fun-factory-vibrador-delicia-air-pulse-rose\\\/\",\"name\":\"FUN FACTORY - VIBRADOR DELICIA AIR PULSE ROSE - Lovme\",\"isPartOf\":{\"@id\":\"https:\\\/\\\/lovme.pt\\\/#website\"},\"primaryImageOfPage\":{\"@id\":\"https:\\\/\\\/lovme.pt\\\/index.php\\\/produto\\\/fun-factory-vibrador-delicia-air-pulse-rose\\\/#primaryimage\"},\"image\":{\"@id\":\"https:\\\/\\\/lovme.pt\\\/index.php\\\/produto\\\/fun-factory-vibrador-delicia-air-pulse-rose\\\/#primaryimage\"},\"thumbnailUrl\":\"https:\\\/\\\/erki24nd3ub.exactdn.com\\\/wp-content\\\/uploads\\\/dream\\\/img\\\/img_214746_2c7d2f3338d0860cb00502f48e5a5540_1.jpg?strip=all\",\"datePublished\":\"2025-12-17T20:14:03+00:00\",\"dateModified\":\"2026-02-19T20:19:25+00:00\",\"breadcrumb\":{\"@id\":\"https:\\\/\\\/lovme.pt\\\/index.php\\\/produto\\\/fun-factory-vibrador-delicia-air-pulse-rose\\\/#breadcrumb\"},\"inLanguage\":\"pt-PT\",\"potentialAction\":[{\"@type\":\"ReadAction\",\"target\":[\"https:\\\/\\\/lovme.pt\\\/index.php\\\/produto\\\/fun-factory-vibrador-delicia-air-pulse-rose\\\/\"]}]},{\"@type\":\"ImageObject\",\"inLanguage\":\"pt-PT\",\"@id\":\"https:\\\/\\\/lovme.pt\\\/index.php\\\/produto\\\/fun-factory-vibrador-delicia-air-pulse-rose\\\/#primaryimage\",\"url\":\"https:\\\/\\\/erki24nd3ub.exactdn.com\\\/wp-content\\\/uploads\\\/dream\\\/img\\\/img_214746_2c7d2f3338d0860cb00502f48e5a5540_1.jpg?strip=all\",\"contentUrl\":\"https:\\\/\\\/erki24nd3ub.exactdn.com\\\/wp-content\\\/uploads\\\/dream\\\/img\\\/img_214746_2c7d2f3338d0860cb00502f48e5a5540_1.jpg?strip=all\",\"width\":900,\"height\":900},{\"@type\":\"BreadcrumbList\",\"@id\":\"https:\\\/\\\/lovme.pt\\\/index.php\\\/produto\\\/fun-factory-vibrador-delicia-air-pulse-rose\\\/#breadcrumb\",\"itemListElement\":[{\"@type\":\"ListItem\",\"position\":1,\"name\":\"In\u00edcio\",\"item\":\"https:\\\/\\\/lovme.pt\\\/\"},{\"@type\":\"ListItem\",\"position\":2,\"name\":\"Loja\",\"item\":\"https:\\\/\\\/lovme.pt\\\/index.php\\\/loja\\\/\"},{\"@type\":\"ListItem\",\"position\":3,\"name\":\"FUN FACTORY &#8211; VIBRADOR DELICIA AIR PULSE ROSE\"}]},{\"@type\":\"WebSite\",\"@id\":\"https:\\\/\\\/lovme.pt\\\/#website\",\"url\":\"https:\\\/\\\/lovme.pt\\\/\",\"name\":\"Lovme Loja Er\u00f3tica N\u00ba1 em Portugal\",\"description\":\"A melhor loja er\u00f3tica de Portugal.\",\"alternateName\":\"Loja Er\u00f3tica Lovme\",\"potentialAction\":[{\"@type\":\"SearchAction\",\"target\":{\"@type\":\"EntryPoint\",\"urlTemplate\":\"https:\\\/\\\/lovme.pt\\\/?s={search_term_string}\"},\"query-input\":{\"@type\":\"PropertyValueSpecification\",\"valueRequired\":true,\"valueName\":\"search_term_string\"}}],\"inLanguage\":\"pt-PT\"}]}<\/script>\n<!-- \/ Yoast SEO plugin. -->","yoast_head_json":{"title":"FUN FACTORY - VIBRADOR DELICIA AIR PULSE ROSE - Lovme","robots":{"index":"index","follow":"follow","max-snippet":"max-snippet:-1","max-image-preview":"max-image-preview:large","max-video-preview":"max-video-preview:-1"},"canonical":"https:\/\/lovme.pt\/index.php\/produto\/fun-factory-vibrador-delicia-air-pulse-rose\/","og_locale":"pt_PT","og_type":"article","og_title":"FUN FACTORY - VIBRADOR DELICIA AIR PULSE ROSE - Lovme","og_description":"FUN FACTORY - VIBRADOR DELICIA AIR PULSE ROSE","og_url":"https:\/\/lovme.pt\/index.php\/produto\/fun-factory-vibrador-delicia-air-pulse-rose\/","og_site_name":"Lovme","article_modified_time":"2026-02-19T20:19:25+00:00","og_image":[{"width":900,"height":900,"url":"https:\/\/erki24nd3ub.exactdn.com\/wp-content\/uploads\/dream\/img\/img_214746_2c7d2f3338d0860cb00502f48e5a5540_1.jpg?strip=all","type":"image\/jpeg"}],"twitter_card":"summary_large_image","twitter_misc":{"Tempo estimado de leitura":"1 minuto"},"schema":{"@context":"https:\/\/schema.org","@graph":[{"@type":"WebPage","@id":"https:\/\/lovme.pt\/index.php\/produto\/fun-factory-vibrador-delicia-air-pulse-rose\/","url":"https:\/\/lovme.pt\/index.php\/produto\/fun-factory-vibrador-delicia-air-pulse-rose\/","name":"FUN FACTORY - VIBRADOR DELICIA AIR PULSE ROSE - Lovme","isPartOf":{"@id":"https:\/\/lovme.pt\/#website"},"primaryImageOfPage":{"@id":"https:\/\/lovme.pt\/index.php\/produto\/fun-factory-vibrador-delicia-air-pulse-rose\/#primaryimage"},"image":{"@id":"https:\/\/lovme.pt\/index.php\/produto\/fun-factory-vibrador-delicia-air-pulse-rose\/#primaryimage"},"thumbnailUrl":"https:\/\/erki24nd3ub.exactdn.com\/wp-content\/uploads\/dream\/img\/img_214746_2c7d2f3338d0860cb00502f48e5a5540_1.jpg?strip=all","datePublished":"2025-12-17T20:14:03+00:00","dateModified":"2026-02-19T20:19:25+00:00","breadcrumb":{"@id":"https:\/\/lovme.pt\/index.php\/produto\/fun-factory-vibrador-delicia-air-pulse-rose\/#breadcrumb"},"inLanguage":"pt-PT","potentialAction":[{"@type":"ReadAction","target":["https:\/\/lovme.pt\/index.php\/produto\/fun-factory-vibrador-delicia-air-pulse-rose\/"]}]},{"@type":"ImageObject","inLanguage":"pt-PT","@id":"https:\/\/lovme.pt\/index.php\/produto\/fun-factory-vibrador-delicia-air-pulse-rose\/#primaryimage","url":"https:\/\/erki24nd3ub.exactdn.com\/wp-content\/uploads\/dream\/img\/img_214746_2c7d2f3338d0860cb00502f48e5a5540_1.jpg?strip=all","contentUrl":"https:\/\/erki24nd3ub.exactdn.com\/wp-content\/uploads\/dream\/img\/img_214746_2c7d2f3338d0860cb00502f48e5a5540_1.jpg?strip=all","width":900,"height":900},{"@type":"BreadcrumbList","@id":"https:\/\/lovme.pt\/index.php\/produto\/fun-factory-vibrador-delicia-air-pulse-rose\/#breadcrumb","itemListElement":[{"@type":"ListItem","position":1,"name":"In\u00edcio","item":"https:\/\/lovme.pt\/"},{"@type":"ListItem","position":2,"name":"Loja","item":"https:\/\/lovme.pt\/index.php\/loja\/"},{"@type":"ListItem","position":3,"name":"FUN FACTORY &#8211; VIBRADOR DELICIA AIR PULSE ROSE"}]},{"@type":"WebSite","@id":"https:\/\/lovme.pt\/#website","url":"https:\/\/lovme.pt\/","name":"Lovme Loja Er\u00f3tica N\u00ba1 em Portugal","description":"A melhor loja er\u00f3tica de Portugal.","alternateName":"Loja Er\u00f3tica Lovme","potentialAction":[{"@type":"SearchAction","target":{"@type":"EntryPoint","urlTemplate":"https:\/\/lovme.pt\/?s={search_term_string}"},"query-input":{"@type":"PropertyValueSpecification","valueRequired":true,"valueName":"search_term_string"}}],"inLanguage":"pt-PT"}]}},"_links":{"self":[{"href":"https:\/\/lovme.pt\/index.php\/wp-json\/wp\/v2\/product\/53365","targetHints":{"allow":["GET"]}}],"collection":[{"href":"https:\/\/lovme.pt\/index.php\/wp-json\/wp\/v2\/product"}],"about":[{"href":"https:\/\/lovme.pt\/index.php\/wp-json\/wp\/v2\/types\/product"}],"wp:featuredmedia":[{"embeddable":true,"href":"https:\/\/lovme.pt\/index.php\/wp-json\/wp\/v2\/media\/105217"}],"wp:attachment":[{"href":"https:\/\/lovme.pt\/index.php\/wp-json\/wp\/v2\/media?parent=53365"}],"wp:term":[{"taxonomy":"product_brand","embeddable":true,"href":"https:\/\/lovme.pt\/index.php\/wp-json\/wp\/v2\/product_brand?post=53365"},{"taxonomy":"product_cat","embeddable":true,"href":"https:\/\/lovme.pt\/index.php\/wp-json\/wp\/v2\/product_cat?post=53365"},{"taxonomy":"product_tag","embeddable":true,"href":"https:\/\/lovme.pt\/index.php\/wp-json\/wp\/v2\/product_tag?post=53365"}],"curies":[{"name":"wp","href":"https:\/\/api.w.org\/{rel}","templated":true}]}}