{"id":53364,"date":"2026-02-05T22:06:25","date_gmt":"2026-02-05T22:06:25","guid":{"rendered":"https:\/\/lovme.pt\/?post_type=product&p=53364"},"modified":"2026-02-19T20:07:21","modified_gmt":"2026-02-19T20:07:21","slug":"fun-factory-limba-flex-dildo-para-ponto-g-tamanho-g-preto","status":"publish","type":"product","link":"https:\/\/lovme.pt\/index.php\/produto\/fun-factory-limba-flex-dildo-para-ponto-g-tamanho-g-preto\/","title":{"rendered":"FUN FACTORY &#8211; LIMBA FLEX DILDO PARA PONTO G TAMANHO G PRETO"},"content":{"rendered":"<p>O LIMBA FLEX: um vibrador vers\u00e1til e super flex\u00edvel para todas as necessidades. Sua haste flex\u00edvel mant\u00e9m a forma gra\u00e7as a um fio interno e ajuda voc\u00ea a atingir seus pontos de prazer exatamente como deseja  seja o ponto G, o ponto A ou a pr\u00f3stata. Ao mudar de posi\u00e7\u00e3o, certifique-se de limpar bem o brinquedo ou usar um preservativo novo. Devido ao seu design fino e ponta lisa, o LIMBA FLEX tamb\u00e9m \u00e9 \u00f3timo para penetra\u00e7\u00e3o anal e com strap-on. A base plana facilita a fixa\u00e7\u00e3o do brinquedo e a textura ultrafina proporciona uma sensa\u00e7\u00e3o pr\u00f3xima ao corpo. Para uma experi\u00eancia ainda mais suave, recomenda-se o uso de um lubrificante \u00e0 base de \u00e1gua.<\/p>\n<p> <strong>A LIMBA FLEX L: ousada, volumosa e ultraflex\u00edvel.<\/strong><br \/> Se voc\u00ea busca uma experi\u00eancia mais completa, o LIMBA FLEX L chegou para te proporcionar isso. Com 17,8 cm de comprimento e 4 cm de di\u00e2metro, ele oferece a intensidade ideal para um prazer profundo e satisfat\u00f3rio  seja sozinho(a) ou com um(a) parceiro(a). Seu design ergon\u00f4mico o torna perfeito tanto para a estimula\u00e7\u00e3o do ponto G quanto para a estimula\u00e7\u00e3o anal.<\/p>\n<p> Gra\u00e7as \u00e0 sua base de suc\u00e7\u00e3o resistente, voc\u00ea pode usar o vibrador sem as m\u00e3os em qualquer superf\u00edcie lisa, tornando suas brincadeiras no banheiro ainda mais aventureiras. E, claro, ele \u00e9 100% \u00e0 prova d\u00e1gua e feito de silicone seguro para o corpo. Desfrute de qualidade duradoura com a garantia impressionante de 25 anos da FUN FACTORY.<\/p>\n","protected":false},"excerpt":{"rendered":"<p>FUN FACTORY &#8211; LIMBA FLEX DILDO PARA PONTO G TAMANHO G PRETO<\/p>\n","protected":false},"featured_media":106812,"template":"","meta":{"_acf_changed":false},"product_brand":[],"product_cat":[17,56,88],"product_tag":[],"class_list":{"0":"post-53364","1":"product","2":"type-product","3":"status-publish","4":"has-post-thumbnail","6":"product_cat-brinquedos-de-bem-estar-sexual","7":"product_cat-dildos-e-arneses","8":"product_cat-novidades","9":"yith_product_brand-fun-factory","11":"first","12":"instock","13":"taxable","14":"shipping-taxable","15":"purchasable","16":"product-type-simple"},"acf":[],"yoast_head":"<!-- This site is optimized with the Yoast SEO plugin v27.3 - https:\/\/yoast.com\/product\/yoast-seo-wordpress\/ -->\n<title>FUN FACTORY - LIMBA FLEX DILDO PARA PONTO G TAMANHO G PRETO - Lovme<\/title>\n<meta name=\"robots\" content=\"index, follow, max-snippet:-1, max-image-preview:large, max-video-preview:-1\" \/>\n<link rel=\"canonical\" href=\"https:\/\/lovme.pt\/index.php\/produto\/fun-factory-limba-flex-dildo-para-ponto-g-tamanho-g-preto\/\" \/>\n<meta property=\"og:locale\" content=\"pt_PT\" \/>\n<meta property=\"og:type\" content=\"article\" \/>\n<meta property=\"og:title\" content=\"FUN FACTORY - LIMBA FLEX DILDO PARA PONTO G TAMANHO G PRETO - Lovme\" \/>\n<meta property=\"og:description\" content=\"FUN FACTORY - LIMBA FLEX DILDO PARA PONTO G TAMANHO G PRETO\" \/>\n<meta property=\"og:url\" content=\"https:\/\/lovme.pt\/index.php\/produto\/fun-factory-limba-flex-dildo-para-ponto-g-tamanho-g-preto\/\" \/>\n<meta property=\"og:site_name\" content=\"Lovme\" \/>\n<meta property=\"article:modified_time\" content=\"2026-02-19T20:07:21+00:00\" \/>\n<meta property=\"og:image\" content=\"https:\/\/erki24nd3ub.exactdn.com\/wp-content\/uploads\/dream\/img\/img_214881_b92cd14eb6967c02745f85585c70dfdd_1.jpg?strip=all\" \/>\n\t<meta property=\"og:image:width\" content=\"900\" \/>\n\t<meta property=\"og:image:height\" content=\"900\" \/>\n\t<meta property=\"og:image:type\" content=\"image\/jpeg\" \/>\n<meta name=\"twitter:card\" content=\"summary_large_image\" \/>\n<meta name=\"twitter:label1\" content=\"Tempo estimado de leitura\" \/>\n\t<meta name=\"twitter:data1\" content=\"1 minuto\" \/>\n<script type=\"application\/ld+json\" class=\"yoast-schema-graph\">{\"@context\":\"https:\\\/\\\/schema.org\",\"@graph\":[{\"@type\":\"WebPage\",\"@id\":\"https:\\\/\\\/lovme.pt\\\/index.php\\\/produto\\\/fun-factory-limba-flex-dildo-para-ponto-g-tamanho-g-preto\\\/\",\"url\":\"https:\\\/\\\/lovme.pt\\\/index.php\\\/produto\\\/fun-factory-limba-flex-dildo-para-ponto-g-tamanho-g-preto\\\/\",\"name\":\"FUN FACTORY - LIMBA FLEX DILDO PARA PONTO G TAMANHO G PRETO - Lovme\",\"isPartOf\":{\"@id\":\"https:\\\/\\\/lovme.pt\\\/#website\"},\"primaryImageOfPage\":{\"@id\":\"https:\\\/\\\/lovme.pt\\\/index.php\\\/produto\\\/fun-factory-limba-flex-dildo-para-ponto-g-tamanho-g-preto\\\/#primaryimage\"},\"image\":{\"@id\":\"https:\\\/\\\/lovme.pt\\\/index.php\\\/produto\\\/fun-factory-limba-flex-dildo-para-ponto-g-tamanho-g-preto\\\/#primaryimage\"},\"thumbnailUrl\":\"https:\\\/\\\/erki24nd3ub.exactdn.com\\\/wp-content\\\/uploads\\\/dream\\\/img\\\/img_214881_b92cd14eb6967c02745f85585c70dfdd_1.jpg?strip=all\",\"datePublished\":\"2026-02-05T22:06:25+00:00\",\"dateModified\":\"2026-02-19T20:07:21+00:00\",\"breadcrumb\":{\"@id\":\"https:\\\/\\\/lovme.pt\\\/index.php\\\/produto\\\/fun-factory-limba-flex-dildo-para-ponto-g-tamanho-g-preto\\\/#breadcrumb\"},\"inLanguage\":\"pt-PT\",\"potentialAction\":[{\"@type\":\"ReadAction\",\"target\":[\"https:\\\/\\\/lovme.pt\\\/index.php\\\/produto\\\/fun-factory-limba-flex-dildo-para-ponto-g-tamanho-g-preto\\\/\"]}]},{\"@type\":\"ImageObject\",\"inLanguage\":\"pt-PT\",\"@id\":\"https:\\\/\\\/lovme.pt\\\/index.php\\\/produto\\\/fun-factory-limba-flex-dildo-para-ponto-g-tamanho-g-preto\\\/#primaryimage\",\"url\":\"https:\\\/\\\/erki24nd3ub.exactdn.com\\\/wp-content\\\/uploads\\\/dream\\\/img\\\/img_214881_b92cd14eb6967c02745f85585c70dfdd_1.jpg?strip=all\",\"contentUrl\":\"https:\\\/\\\/erki24nd3ub.exactdn.com\\\/wp-content\\\/uploads\\\/dream\\\/img\\\/img_214881_b92cd14eb6967c02745f85585c70dfdd_1.jpg?strip=all\",\"width\":900,\"height\":900},{\"@type\":\"BreadcrumbList\",\"@id\":\"https:\\\/\\\/lovme.pt\\\/index.php\\\/produto\\\/fun-factory-limba-flex-dildo-para-ponto-g-tamanho-g-preto\\\/#breadcrumb\",\"itemListElement\":[{\"@type\":\"ListItem\",\"position\":1,\"name\":\"In\u00edcio\",\"item\":\"https:\\\/\\\/lovme.pt\\\/\"},{\"@type\":\"ListItem\",\"position\":2,\"name\":\"Loja\",\"item\":\"https:\\\/\\\/lovme.pt\\\/index.php\\\/loja\\\/\"},{\"@type\":\"ListItem\",\"position\":3,\"name\":\"FUN FACTORY &#8211; LIMBA FLEX DILDO PARA PONTO G TAMANHO G PRETO\"}]},{\"@type\":\"WebSite\",\"@id\":\"https:\\\/\\\/lovme.pt\\\/#website\",\"url\":\"https:\\\/\\\/lovme.pt\\\/\",\"name\":\"Lovme Loja Er\u00f3tica N\u00ba1 em Portugal\",\"description\":\"A melhor loja er\u00f3tica de Portugal.\",\"alternateName\":\"Loja Er\u00f3tica Lovme\",\"potentialAction\":[{\"@type\":\"SearchAction\",\"target\":{\"@type\":\"EntryPoint\",\"urlTemplate\":\"https:\\\/\\\/lovme.pt\\\/?s={search_term_string}\"},\"query-input\":{\"@type\":\"PropertyValueSpecification\",\"valueRequired\":true,\"valueName\":\"search_term_string\"}}],\"inLanguage\":\"pt-PT\"}]}<\/script>\n<!-- \/ Yoast SEO plugin. -->","yoast_head_json":{"title":"FUN FACTORY - LIMBA FLEX DILDO PARA PONTO G TAMANHO G PRETO - Lovme","robots":{"index":"index","follow":"follow","max-snippet":"max-snippet:-1","max-image-preview":"max-image-preview:large","max-video-preview":"max-video-preview:-1"},"canonical":"https:\/\/lovme.pt\/index.php\/produto\/fun-factory-limba-flex-dildo-para-ponto-g-tamanho-g-preto\/","og_locale":"pt_PT","og_type":"article","og_title":"FUN FACTORY - LIMBA FLEX DILDO PARA PONTO G TAMANHO G PRETO - Lovme","og_description":"FUN FACTORY - LIMBA FLEX DILDO PARA PONTO G TAMANHO G PRETO","og_url":"https:\/\/lovme.pt\/index.php\/produto\/fun-factory-limba-flex-dildo-para-ponto-g-tamanho-g-preto\/","og_site_name":"Lovme","article_modified_time":"2026-02-19T20:07:21+00:00","og_image":[{"width":900,"height":900,"url":"https:\/\/erki24nd3ub.exactdn.com\/wp-content\/uploads\/dream\/img\/img_214881_b92cd14eb6967c02745f85585c70dfdd_1.jpg?strip=all","type":"image\/jpeg"}],"twitter_card":"summary_large_image","twitter_misc":{"Tempo estimado de leitura":"1 minuto"},"schema":{"@context":"https:\/\/schema.org","@graph":[{"@type":"WebPage","@id":"https:\/\/lovme.pt\/index.php\/produto\/fun-factory-limba-flex-dildo-para-ponto-g-tamanho-g-preto\/","url":"https:\/\/lovme.pt\/index.php\/produto\/fun-factory-limba-flex-dildo-para-ponto-g-tamanho-g-preto\/","name":"FUN FACTORY - LIMBA FLEX DILDO PARA PONTO G TAMANHO G PRETO - Lovme","isPartOf":{"@id":"https:\/\/lovme.pt\/#website"},"primaryImageOfPage":{"@id":"https:\/\/lovme.pt\/index.php\/produto\/fun-factory-limba-flex-dildo-para-ponto-g-tamanho-g-preto\/#primaryimage"},"image":{"@id":"https:\/\/lovme.pt\/index.php\/produto\/fun-factory-limba-flex-dildo-para-ponto-g-tamanho-g-preto\/#primaryimage"},"thumbnailUrl":"https:\/\/erki24nd3ub.exactdn.com\/wp-content\/uploads\/dream\/img\/img_214881_b92cd14eb6967c02745f85585c70dfdd_1.jpg?strip=all","datePublished":"2026-02-05T22:06:25+00:00","dateModified":"2026-02-19T20:07:21+00:00","breadcrumb":{"@id":"https:\/\/lovme.pt\/index.php\/produto\/fun-factory-limba-flex-dildo-para-ponto-g-tamanho-g-preto\/#breadcrumb"},"inLanguage":"pt-PT","potentialAction":[{"@type":"ReadAction","target":["https:\/\/lovme.pt\/index.php\/produto\/fun-factory-limba-flex-dildo-para-ponto-g-tamanho-g-preto\/"]}]},{"@type":"ImageObject","inLanguage":"pt-PT","@id":"https:\/\/lovme.pt\/index.php\/produto\/fun-factory-limba-flex-dildo-para-ponto-g-tamanho-g-preto\/#primaryimage","url":"https:\/\/erki24nd3ub.exactdn.com\/wp-content\/uploads\/dream\/img\/img_214881_b92cd14eb6967c02745f85585c70dfdd_1.jpg?strip=all","contentUrl":"https:\/\/erki24nd3ub.exactdn.com\/wp-content\/uploads\/dream\/img\/img_214881_b92cd14eb6967c02745f85585c70dfdd_1.jpg?strip=all","width":900,"height":900},{"@type":"BreadcrumbList","@id":"https:\/\/lovme.pt\/index.php\/produto\/fun-factory-limba-flex-dildo-para-ponto-g-tamanho-g-preto\/#breadcrumb","itemListElement":[{"@type":"ListItem","position":1,"name":"In\u00edcio","item":"https:\/\/lovme.pt\/"},{"@type":"ListItem","position":2,"name":"Loja","item":"https:\/\/lovme.pt\/index.php\/loja\/"},{"@type":"ListItem","position":3,"name":"FUN FACTORY &#8211; LIMBA FLEX DILDO PARA PONTO G TAMANHO G PRETO"}]},{"@type":"WebSite","@id":"https:\/\/lovme.pt\/#website","url":"https:\/\/lovme.pt\/","name":"Lovme Loja Er\u00f3tica N\u00ba1 em Portugal","description":"A melhor loja er\u00f3tica de Portugal.","alternateName":"Loja Er\u00f3tica Lovme","potentialAction":[{"@type":"SearchAction","target":{"@type":"EntryPoint","urlTemplate":"https:\/\/lovme.pt\/?s={search_term_string}"},"query-input":{"@type":"PropertyValueSpecification","valueRequired":true,"valueName":"search_term_string"}}],"inLanguage":"pt-PT"}]}},"_links":{"self":[{"href":"https:\/\/lovme.pt\/index.php\/wp-json\/wp\/v2\/product\/53364","targetHints":{"allow":["GET"]}}],"collection":[{"href":"https:\/\/lovme.pt\/index.php\/wp-json\/wp\/v2\/product"}],"about":[{"href":"https:\/\/lovme.pt\/index.php\/wp-json\/wp\/v2\/types\/product"}],"wp:featuredmedia":[{"embeddable":true,"href":"https:\/\/lovme.pt\/index.php\/wp-json\/wp\/v2\/media\/106812"}],"wp:attachment":[{"href":"https:\/\/lovme.pt\/index.php\/wp-json\/wp\/v2\/media?parent=53364"}],"wp:term":[{"taxonomy":"product_brand","embeddable":true,"href":"https:\/\/lovme.pt\/index.php\/wp-json\/wp\/v2\/product_brand?post=53364"},{"taxonomy":"product_cat","embeddable":true,"href":"https:\/\/lovme.pt\/index.php\/wp-json\/wp\/v2\/product_cat?post=53364"},{"taxonomy":"product_tag","embeddable":true,"href":"https:\/\/lovme.pt\/index.php\/wp-json\/wp\/v2\/product_tag?post=53364"}],"curies":[{"name":"wp","href":"https:\/\/api.w.org\/{rel}","templated":true}]}}