{"id":53359,"date":"2026-02-05T22:05:12","date_gmt":"2026-02-05T22:05:12","guid":{"rendered":"https:\/\/lovme.pt\/?post_type=product&p=53359"},"modified":"2026-02-20T04:01:06","modified_gmt":"2026-02-20T04:01:06","slug":"fun-factory-anel-peniano-vibratorio-nos-pro-preto","status":"publish","type":"product","link":"https:\/\/lovme.pt\/index.php\/produto\/fun-factory-anel-peniano-vibratorio-nos-pro-preto\/","title":{"rendered":"FUN FACTORY &#8211; ANEL PENIANO VIBRAT\u00d3RIO NOS PRO PRETO"},"content":{"rendered":"<p>Por que se contentar com um quando voc\u00ea pode ter tudo? O N\u014cS Pro \u00e9 o anel peniano com o dobro da pot\u00eancia e infinitas possibilidades  projetado para ere\u00e7\u00f5es mais firmes e duradouras e estimula\u00e7\u00e3o clitoriana intensa. Seus bra\u00e7os flex\u00edveis e vibrat\u00f3rios extralongos foram projetados para se ajustarem ao corpo, proporcionando estimula\u00e7\u00e3o personalizada. Enquanto isso, dois pontos de press\u00e3o perfeitamente posicionados no anel peniano reduzem temporariamente o fluxo sangu\u00edneo, mantendo a ere\u00e7\u00e3o por mais tempo e aumentando a resist\u00eancia para intensificar cada sensa\u00e7\u00e3o. Para uma experi\u00eancia a dois incompar\u00e1vel.<\/p>\n<p> <strong>Sinta a diferen\u00e7a<\/strong><br \/> Com dois motores de alta pot\u00eancia e 7 programas de vibra\u00e7\u00e3o que voc\u00ea pode alternar facilmente, voc\u00ea tem controle total do seu prazer. Feito de silicone hipoalerg\u00eanico, o N\u014cS Pro \u00e9 ultraflex\u00edvel, adapta-se a qualquer tamanho e possui controles intuitivos para uma divers\u00e3o cont\u00ednua e sem interrup\u00e7\u00f5es.<\/p>\n<p> <strong>Aventureiro, vers\u00e1til, impar\u00e1vel<\/strong><br \/> Seja para sexo oral de tirar o f\u00f4lego, uma massagem eletrizante ou orgasmos perfeitamente sincronizados, o N\u014cS Pro leva voc\u00ea ao \u00eaxtase num instante. E a melhor parte? \u00c9 \u00e0 prova d\u00e1gua (IPX7), recarreg\u00e1vel via USB-C e est\u00e1 pronto para usar sempre que a vontade surgir. Feito para durar e com garantia de 25 anos da FUN FACTORY  para prazer sem limites.<\/p>\n","protected":false},"excerpt":{"rendered":"<p>FUN FACTORY &#8211; ANEL PENIANO VIBRAT\u00d3RIO NOS PRO PRETO<\/p>\n","protected":false},"featured_media":106771,"template":"","meta":{"_acf_changed":false},"product_brand":[],"product_cat":[17,88,59,60],"product_tag":[],"class_list":{"0":"post-53359","1":"product","2":"type-product","3":"status-publish","4":"has-post-thumbnail","6":"product_cat-brinquedos-de-bem-estar-sexual","7":"product_cat-novidades","8":"product_cat-para-casais","9":"product_cat-para-eles","10":"yith_product_brand-fun-factory","12":"first","13":"instock","14":"taxable","15":"shipping-taxable","16":"purchasable","17":"product-type-simple"},"acf":[],"yoast_head":"<!-- This site is optimized with the Yoast SEO plugin v27.4 - https:\/\/yoast.com\/product\/yoast-seo-wordpress\/ -->\n<title>FUN FACTORY - ANEL PENIANO VIBRAT\u00d3RIO NOS PRO PRETO - Lovme<\/title>\n<meta name=\"robots\" content=\"index, follow, max-snippet:-1, max-image-preview:large, max-video-preview:-1\" \/>\n<link rel=\"canonical\" href=\"https:\/\/lovme.pt\/index.php\/produto\/fun-factory-anel-peniano-vibratorio-nos-pro-preto\/\" \/>\n<meta property=\"og:locale\" content=\"pt_PT\" \/>\n<meta property=\"og:type\" content=\"article\" \/>\n<meta property=\"og:title\" content=\"FUN FACTORY - ANEL PENIANO VIBRAT\u00d3RIO NOS PRO PRETO - Lovme\" \/>\n<meta property=\"og:description\" content=\"FUN FACTORY - ANEL PENIANO VIBRAT\u00d3RIO NOS PRO PRETO\" \/>\n<meta property=\"og:url\" content=\"https:\/\/lovme.pt\/index.php\/produto\/fun-factory-anel-peniano-vibratorio-nos-pro-preto\/\" \/>\n<meta property=\"og:site_name\" content=\"Lovme\" \/>\n<meta property=\"article:modified_time\" content=\"2026-02-20T04:01:06+00:00\" \/>\n<meta property=\"og:image\" content=\"https:\/\/erki24nd3ub.exactdn.com\/wp-content\/uploads\/dream\/img\/img_219882_0de34284b24c2dcc5a2afd89baf34d06_1.jpg?strip=all\" \/>\n\t<meta property=\"og:image:width\" content=\"900\" \/>\n\t<meta property=\"og:image:height\" content=\"900\" \/>\n\t<meta property=\"og:image:type\" content=\"image\/jpeg\" \/>\n<meta name=\"twitter:card\" content=\"summary_large_image\" \/>\n<meta name=\"twitter:label1\" content=\"Tempo estimado de leitura\" \/>\n\t<meta name=\"twitter:data1\" content=\"1 minuto\" \/>\n<script type=\"application\/ld+json\" class=\"yoast-schema-graph\">{\"@context\":\"https:\\\/\\\/schema.org\",\"@graph\":[{\"@type\":\"WebPage\",\"@id\":\"https:\\\/\\\/lovme.pt\\\/index.php\\\/produto\\\/fun-factory-anel-peniano-vibratorio-nos-pro-preto\\\/\",\"url\":\"https:\\\/\\\/lovme.pt\\\/index.php\\\/produto\\\/fun-factory-anel-peniano-vibratorio-nos-pro-preto\\\/\",\"name\":\"FUN FACTORY - ANEL PENIANO VIBRAT\u00d3RIO NOS PRO PRETO - Lovme\",\"isPartOf\":{\"@id\":\"https:\\\/\\\/lovme.pt\\\/#website\"},\"primaryImageOfPage\":{\"@id\":\"https:\\\/\\\/lovme.pt\\\/index.php\\\/produto\\\/fun-factory-anel-peniano-vibratorio-nos-pro-preto\\\/#primaryimage\"},\"image\":{\"@id\":\"https:\\\/\\\/lovme.pt\\\/index.php\\\/produto\\\/fun-factory-anel-peniano-vibratorio-nos-pro-preto\\\/#primaryimage\"},\"thumbnailUrl\":\"https:\\\/\\\/erki24nd3ub.exactdn.com\\\/wp-content\\\/uploads\\\/dream\\\/img\\\/img_219882_0de34284b24c2dcc5a2afd89baf34d06_1.jpg?strip=all\",\"datePublished\":\"2026-02-05T22:05:12+00:00\",\"dateModified\":\"2026-02-20T04:01:06+00:00\",\"breadcrumb\":{\"@id\":\"https:\\\/\\\/lovme.pt\\\/index.php\\\/produto\\\/fun-factory-anel-peniano-vibratorio-nos-pro-preto\\\/#breadcrumb\"},\"inLanguage\":\"pt-PT\",\"potentialAction\":[{\"@type\":\"ReadAction\",\"target\":[\"https:\\\/\\\/lovme.pt\\\/index.php\\\/produto\\\/fun-factory-anel-peniano-vibratorio-nos-pro-preto\\\/\"]}]},{\"@type\":\"ImageObject\",\"inLanguage\":\"pt-PT\",\"@id\":\"https:\\\/\\\/lovme.pt\\\/index.php\\\/produto\\\/fun-factory-anel-peniano-vibratorio-nos-pro-preto\\\/#primaryimage\",\"url\":\"https:\\\/\\\/erki24nd3ub.exactdn.com\\\/wp-content\\\/uploads\\\/dream\\\/img\\\/img_219882_0de34284b24c2dcc5a2afd89baf34d06_1.jpg?strip=all\",\"contentUrl\":\"https:\\\/\\\/erki24nd3ub.exactdn.com\\\/wp-content\\\/uploads\\\/dream\\\/img\\\/img_219882_0de34284b24c2dcc5a2afd89baf34d06_1.jpg?strip=all\",\"width\":900,\"height\":900},{\"@type\":\"BreadcrumbList\",\"@id\":\"https:\\\/\\\/lovme.pt\\\/index.php\\\/produto\\\/fun-factory-anel-peniano-vibratorio-nos-pro-preto\\\/#breadcrumb\",\"itemListElement\":[{\"@type\":\"ListItem\",\"position\":1,\"name\":\"In\u00edcio\",\"item\":\"https:\\\/\\\/lovme.pt\\\/\"},{\"@type\":\"ListItem\",\"position\":2,\"name\":\"Loja\",\"item\":\"https:\\\/\\\/lovme.pt\\\/index.php\\\/loja\\\/\"},{\"@type\":\"ListItem\",\"position\":3,\"name\":\"FUN FACTORY &#8211; ANEL PENIANO VIBRAT\u00d3RIO NOS PRO PRETO\"}]},{\"@type\":\"WebSite\",\"@id\":\"https:\\\/\\\/lovme.pt\\\/#website\",\"url\":\"https:\\\/\\\/lovme.pt\\\/\",\"name\":\"Lovme Loja Er\u00f3tica N\u00ba1 em Portugal\",\"description\":\"A melhor loja er\u00f3tica de Portugal.\",\"alternateName\":\"Loja Er\u00f3tica Lovme\",\"potentialAction\":[{\"@type\":\"SearchAction\",\"target\":{\"@type\":\"EntryPoint\",\"urlTemplate\":\"https:\\\/\\\/lovme.pt\\\/?s={search_term_string}\"},\"query-input\":{\"@type\":\"PropertyValueSpecification\",\"valueRequired\":true,\"valueName\":\"search_term_string\"}}],\"inLanguage\":\"pt-PT\"}]}<\/script>\n<!-- \/ Yoast SEO plugin. -->","yoast_head_json":{"title":"FUN FACTORY - ANEL PENIANO VIBRAT\u00d3RIO NOS PRO PRETO - Lovme","robots":{"index":"index","follow":"follow","max-snippet":"max-snippet:-1","max-image-preview":"max-image-preview:large","max-video-preview":"max-video-preview:-1"},"canonical":"https:\/\/lovme.pt\/index.php\/produto\/fun-factory-anel-peniano-vibratorio-nos-pro-preto\/","og_locale":"pt_PT","og_type":"article","og_title":"FUN FACTORY - ANEL PENIANO VIBRAT\u00d3RIO NOS PRO PRETO - Lovme","og_description":"FUN FACTORY - ANEL PENIANO VIBRAT\u00d3RIO NOS PRO PRETO","og_url":"https:\/\/lovme.pt\/index.php\/produto\/fun-factory-anel-peniano-vibratorio-nos-pro-preto\/","og_site_name":"Lovme","article_modified_time":"2026-02-20T04:01:06+00:00","og_image":[{"width":900,"height":900,"url":"https:\/\/erki24nd3ub.exactdn.com\/wp-content\/uploads\/dream\/img\/img_219882_0de34284b24c2dcc5a2afd89baf34d06_1.jpg?strip=all","type":"image\/jpeg"}],"twitter_card":"summary_large_image","twitter_misc":{"Tempo estimado de leitura":"1 minuto"},"schema":{"@context":"https:\/\/schema.org","@graph":[{"@type":"WebPage","@id":"https:\/\/lovme.pt\/index.php\/produto\/fun-factory-anel-peniano-vibratorio-nos-pro-preto\/","url":"https:\/\/lovme.pt\/index.php\/produto\/fun-factory-anel-peniano-vibratorio-nos-pro-preto\/","name":"FUN FACTORY - ANEL PENIANO VIBRAT\u00d3RIO NOS PRO PRETO - Lovme","isPartOf":{"@id":"https:\/\/lovme.pt\/#website"},"primaryImageOfPage":{"@id":"https:\/\/lovme.pt\/index.php\/produto\/fun-factory-anel-peniano-vibratorio-nos-pro-preto\/#primaryimage"},"image":{"@id":"https:\/\/lovme.pt\/index.php\/produto\/fun-factory-anel-peniano-vibratorio-nos-pro-preto\/#primaryimage"},"thumbnailUrl":"https:\/\/erki24nd3ub.exactdn.com\/wp-content\/uploads\/dream\/img\/img_219882_0de34284b24c2dcc5a2afd89baf34d06_1.jpg?strip=all","datePublished":"2026-02-05T22:05:12+00:00","dateModified":"2026-02-20T04:01:06+00:00","breadcrumb":{"@id":"https:\/\/lovme.pt\/index.php\/produto\/fun-factory-anel-peniano-vibratorio-nos-pro-preto\/#breadcrumb"},"inLanguage":"pt-PT","potentialAction":[{"@type":"ReadAction","target":["https:\/\/lovme.pt\/index.php\/produto\/fun-factory-anel-peniano-vibratorio-nos-pro-preto\/"]}]},{"@type":"ImageObject","inLanguage":"pt-PT","@id":"https:\/\/lovme.pt\/index.php\/produto\/fun-factory-anel-peniano-vibratorio-nos-pro-preto\/#primaryimage","url":"https:\/\/erki24nd3ub.exactdn.com\/wp-content\/uploads\/dream\/img\/img_219882_0de34284b24c2dcc5a2afd89baf34d06_1.jpg?strip=all","contentUrl":"https:\/\/erki24nd3ub.exactdn.com\/wp-content\/uploads\/dream\/img\/img_219882_0de34284b24c2dcc5a2afd89baf34d06_1.jpg?strip=all","width":900,"height":900},{"@type":"BreadcrumbList","@id":"https:\/\/lovme.pt\/index.php\/produto\/fun-factory-anel-peniano-vibratorio-nos-pro-preto\/#breadcrumb","itemListElement":[{"@type":"ListItem","position":1,"name":"In\u00edcio","item":"https:\/\/lovme.pt\/"},{"@type":"ListItem","position":2,"name":"Loja","item":"https:\/\/lovme.pt\/index.php\/loja\/"},{"@type":"ListItem","position":3,"name":"FUN FACTORY &#8211; ANEL PENIANO VIBRAT\u00d3RIO NOS PRO PRETO"}]},{"@type":"WebSite","@id":"https:\/\/lovme.pt\/#website","url":"https:\/\/lovme.pt\/","name":"Lovme Loja Er\u00f3tica N\u00ba1 em Portugal","description":"A melhor loja er\u00f3tica de Portugal.","alternateName":"Loja Er\u00f3tica Lovme","potentialAction":[{"@type":"SearchAction","target":{"@type":"EntryPoint","urlTemplate":"https:\/\/lovme.pt\/?s={search_term_string}"},"query-input":{"@type":"PropertyValueSpecification","valueRequired":true,"valueName":"search_term_string"}}],"inLanguage":"pt-PT"}]}},"_links":{"self":[{"href":"https:\/\/lovme.pt\/index.php\/wp-json\/wp\/v2\/product\/53359","targetHints":{"allow":["GET"]}}],"collection":[{"href":"https:\/\/lovme.pt\/index.php\/wp-json\/wp\/v2\/product"}],"about":[{"href":"https:\/\/lovme.pt\/index.php\/wp-json\/wp\/v2\/types\/product"}],"wp:featuredmedia":[{"embeddable":true,"href":"https:\/\/lovme.pt\/index.php\/wp-json\/wp\/v2\/media\/106771"}],"wp:attachment":[{"href":"https:\/\/lovme.pt\/index.php\/wp-json\/wp\/v2\/media?parent=53359"}],"wp:term":[{"taxonomy":"product_brand","embeddable":true,"href":"https:\/\/lovme.pt\/index.php\/wp-json\/wp\/v2\/product_brand?post=53359"},{"taxonomy":"product_cat","embeddable":true,"href":"https:\/\/lovme.pt\/index.php\/wp-json\/wp\/v2\/product_cat?post=53359"},{"taxonomy":"product_tag","embeddable":true,"href":"https:\/\/lovme.pt\/index.php\/wp-json\/wp\/v2\/product_tag?post=53359"}],"curies":[{"name":"wp","href":"https:\/\/api.w.org\/{rel}","templated":true}]}}