{"id":53354,"date":"2026-02-05T22:08:55","date_gmt":"2026-02-05T22:08:55","guid":{"rendered":"https:\/\/lovme.pt\/?post_type=product&p=53354"},"modified":"2026-02-19T20:09:17","modified_gmt":"2026-02-19T20:09:17","slug":"fun-factory-vibrador-laya-iii-lay-on-framboesa","status":"publish","type":"product","link":"https:\/\/lovme.pt\/index.php\/produto\/fun-factory-vibrador-laya-iii-lay-on-framboesa\/","title":{"rendered":"FUN FACTORY &#8211; VIBRADOR LAYA III LAY-ON FRAMBOESA"},"content":{"rendered":"<p>Experimente a estimula\u00e7\u00e3o clitoriana como nunca antes! O LAYA III atinge as termina\u00e7\u00f5es nervosas certas, camada por camada, proporcionando orgasmos profundos e satisfat\u00f3rios! Seu formato ergon\u00f4mico se adapta perfeitamente ao seu corpo, garantindo um manuseio f\u00e1cil e sem esfor\u00e7o  para que voc\u00ea possa se concentrar no que realmente importa. Um destaque especial \u00e9 sua textura ondulada, que proporciona uma sensa\u00e7\u00e3o incrivelmente sedutora, n\u00e3o apenas em seus pontos de prazer favoritos.<\/p>\n<p> <strong>Toque, vibre, aproveite<\/strong><br \/> O LAYA III oferece vibra\u00e7\u00f5es intensas combinadas com batidas r\u00edtmicas, apresentando 7 n\u00edveis de velocidade e 3 padr\u00f5es estimulantes entre os quais voc\u00ea pode alternar facilmente. Sua estrutura texturizada e ranhurada proporciona estimula\u00e7\u00e3o extra e garante um manuseio seguro, mesmo durante as sess\u00f5es mais intensas. Use-o para estimula\u00e7\u00e3o clitoriana precisa, como um complemento emocionante para brincadeiras a dois ou at\u00e9 mesmo como uma experi\u00eancia sensacional para o sexo oral.<\/p>\n<p> <strong>Mais do que apenas um vibrador de uso externo<\/strong><br \/> O LAYA III \u00e9 \u00e0 prova d\u00e1gua (IPX7), feito com materiais seguros para o corpo e recarreg\u00e1vel via USB-C  pronto para momentos inesquec\u00edveis quando e onde voc\u00ea quiser! Desfrute de qualidade duradoura e tranquilidade com a garantia de 25 anos da FUN FACTORY.<\/p>\n","protected":false},"excerpt":{"rendered":"<p>FUN FACTORY &#8211; VIBRADOR LAYA III LAY-ON FRAMBOESA<\/p>\n","protected":false},"featured_media":106875,"template":"","meta":{"_acf_changed":false},"product_brand":[],"product_cat":[17,88,61,76],"product_tag":[],"class_list":{"0":"post-53354","1":"product","2":"type-product","3":"status-publish","4":"has-post-thumbnail","6":"product_cat-brinquedos-de-bem-estar-sexual","7":"product_cat-novidades","8":"product_cat-para-elas","9":"product_cat-vibradores","10":"yith_product_brand-fun-factory","12":"first","13":"instock","14":"taxable","15":"shipping-taxable","16":"purchasable","17":"product-type-simple"},"acf":[],"yoast_head":"<!-- This site is optimized with the Yoast SEO plugin v27.3 - https:\/\/yoast.com\/product\/yoast-seo-wordpress\/ -->\n<title>FUN FACTORY - VIBRADOR LAYA III LAY-ON FRAMBOESA - Lovme<\/title>\n<meta name=\"robots\" content=\"index, follow, max-snippet:-1, max-image-preview:large, max-video-preview:-1\" \/>\n<link rel=\"canonical\" href=\"https:\/\/lovme.pt\/index.php\/produto\/fun-factory-vibrador-laya-iii-lay-on-framboesa\/\" \/>\n<meta property=\"og:locale\" content=\"pt_PT\" \/>\n<meta property=\"og:type\" content=\"article\" \/>\n<meta property=\"og:title\" content=\"FUN FACTORY - VIBRADOR LAYA III LAY-ON FRAMBOESA - Lovme\" \/>\n<meta property=\"og:description\" content=\"FUN FACTORY - VIBRADOR LAYA III LAY-ON FRAMBOESA\" \/>\n<meta property=\"og:url\" content=\"https:\/\/lovme.pt\/index.php\/produto\/fun-factory-vibrador-laya-iii-lay-on-framboesa\/\" \/>\n<meta property=\"og:site_name\" content=\"Lovme\" \/>\n<meta property=\"article:modified_time\" content=\"2026-02-19T20:09:17+00:00\" \/>\n<meta property=\"og:image\" content=\"https:\/\/erki24nd3ub.exactdn.com\/wp-content\/uploads\/dream\/img\/img_214874_6d3c834bf240c3a7208a1f49f20e0c50_1.jpg?strip=all\" \/>\n\t<meta property=\"og:image:width\" content=\"900\" \/>\n\t<meta property=\"og:image:height\" content=\"900\" \/>\n\t<meta property=\"og:image:type\" content=\"image\/jpeg\" \/>\n<meta name=\"twitter:card\" content=\"summary_large_image\" \/>\n<meta name=\"twitter:label1\" content=\"Tempo estimado de leitura\" \/>\n\t<meta name=\"twitter:data1\" content=\"1 minuto\" \/>\n<script type=\"application\/ld+json\" class=\"yoast-schema-graph\">{\"@context\":\"https:\\\/\\\/schema.org\",\"@graph\":[{\"@type\":\"WebPage\",\"@id\":\"https:\\\/\\\/lovme.pt\\\/index.php\\\/produto\\\/fun-factory-vibrador-laya-iii-lay-on-framboesa\\\/\",\"url\":\"https:\\\/\\\/lovme.pt\\\/index.php\\\/produto\\\/fun-factory-vibrador-laya-iii-lay-on-framboesa\\\/\",\"name\":\"FUN FACTORY - VIBRADOR LAYA III LAY-ON FRAMBOESA - Lovme\",\"isPartOf\":{\"@id\":\"https:\\\/\\\/lovme.pt\\\/#website\"},\"primaryImageOfPage\":{\"@id\":\"https:\\\/\\\/lovme.pt\\\/index.php\\\/produto\\\/fun-factory-vibrador-laya-iii-lay-on-framboesa\\\/#primaryimage\"},\"image\":{\"@id\":\"https:\\\/\\\/lovme.pt\\\/index.php\\\/produto\\\/fun-factory-vibrador-laya-iii-lay-on-framboesa\\\/#primaryimage\"},\"thumbnailUrl\":\"https:\\\/\\\/erki24nd3ub.exactdn.com\\\/wp-content\\\/uploads\\\/dream\\\/img\\\/img_214874_6d3c834bf240c3a7208a1f49f20e0c50_1.jpg?strip=all\",\"datePublished\":\"2026-02-05T22:08:55+00:00\",\"dateModified\":\"2026-02-19T20:09:17+00:00\",\"breadcrumb\":{\"@id\":\"https:\\\/\\\/lovme.pt\\\/index.php\\\/produto\\\/fun-factory-vibrador-laya-iii-lay-on-framboesa\\\/#breadcrumb\"},\"inLanguage\":\"pt-PT\",\"potentialAction\":[{\"@type\":\"ReadAction\",\"target\":[\"https:\\\/\\\/lovme.pt\\\/index.php\\\/produto\\\/fun-factory-vibrador-laya-iii-lay-on-framboesa\\\/\"]}]},{\"@type\":\"ImageObject\",\"inLanguage\":\"pt-PT\",\"@id\":\"https:\\\/\\\/lovme.pt\\\/index.php\\\/produto\\\/fun-factory-vibrador-laya-iii-lay-on-framboesa\\\/#primaryimage\",\"url\":\"https:\\\/\\\/erki24nd3ub.exactdn.com\\\/wp-content\\\/uploads\\\/dream\\\/img\\\/img_214874_6d3c834bf240c3a7208a1f49f20e0c50_1.jpg?strip=all\",\"contentUrl\":\"https:\\\/\\\/erki24nd3ub.exactdn.com\\\/wp-content\\\/uploads\\\/dream\\\/img\\\/img_214874_6d3c834bf240c3a7208a1f49f20e0c50_1.jpg?strip=all\",\"width\":900,\"height\":900},{\"@type\":\"BreadcrumbList\",\"@id\":\"https:\\\/\\\/lovme.pt\\\/index.php\\\/produto\\\/fun-factory-vibrador-laya-iii-lay-on-framboesa\\\/#breadcrumb\",\"itemListElement\":[{\"@type\":\"ListItem\",\"position\":1,\"name\":\"In\u00edcio\",\"item\":\"https:\\\/\\\/lovme.pt\\\/\"},{\"@type\":\"ListItem\",\"position\":2,\"name\":\"Loja\",\"item\":\"https:\\\/\\\/lovme.pt\\\/index.php\\\/loja\\\/\"},{\"@type\":\"ListItem\",\"position\":3,\"name\":\"FUN FACTORY &#8211; VIBRADOR LAYA III LAY-ON FRAMBOESA\"}]},{\"@type\":\"WebSite\",\"@id\":\"https:\\\/\\\/lovme.pt\\\/#website\",\"url\":\"https:\\\/\\\/lovme.pt\\\/\",\"name\":\"Lovme Loja Er\u00f3tica N\u00ba1 em Portugal\",\"description\":\"A melhor loja er\u00f3tica de Portugal.\",\"alternateName\":\"Loja Er\u00f3tica Lovme\",\"potentialAction\":[{\"@type\":\"SearchAction\",\"target\":{\"@type\":\"EntryPoint\",\"urlTemplate\":\"https:\\\/\\\/lovme.pt\\\/?s={search_term_string}\"},\"query-input\":{\"@type\":\"PropertyValueSpecification\",\"valueRequired\":true,\"valueName\":\"search_term_string\"}}],\"inLanguage\":\"pt-PT\"}]}<\/script>\n<!-- \/ Yoast SEO plugin. -->","yoast_head_json":{"title":"FUN FACTORY - VIBRADOR LAYA III LAY-ON FRAMBOESA - Lovme","robots":{"index":"index","follow":"follow","max-snippet":"max-snippet:-1","max-image-preview":"max-image-preview:large","max-video-preview":"max-video-preview:-1"},"canonical":"https:\/\/lovme.pt\/index.php\/produto\/fun-factory-vibrador-laya-iii-lay-on-framboesa\/","og_locale":"pt_PT","og_type":"article","og_title":"FUN FACTORY - VIBRADOR LAYA III LAY-ON FRAMBOESA - Lovme","og_description":"FUN FACTORY - VIBRADOR LAYA III LAY-ON FRAMBOESA","og_url":"https:\/\/lovme.pt\/index.php\/produto\/fun-factory-vibrador-laya-iii-lay-on-framboesa\/","og_site_name":"Lovme","article_modified_time":"2026-02-19T20:09:17+00:00","og_image":[{"width":900,"height":900,"url":"https:\/\/erki24nd3ub.exactdn.com\/wp-content\/uploads\/dream\/img\/img_214874_6d3c834bf240c3a7208a1f49f20e0c50_1.jpg?strip=all","type":"image\/jpeg"}],"twitter_card":"summary_large_image","twitter_misc":{"Tempo estimado de leitura":"1 minuto"},"schema":{"@context":"https:\/\/schema.org","@graph":[{"@type":"WebPage","@id":"https:\/\/lovme.pt\/index.php\/produto\/fun-factory-vibrador-laya-iii-lay-on-framboesa\/","url":"https:\/\/lovme.pt\/index.php\/produto\/fun-factory-vibrador-laya-iii-lay-on-framboesa\/","name":"FUN FACTORY - VIBRADOR LAYA III LAY-ON FRAMBOESA - Lovme","isPartOf":{"@id":"https:\/\/lovme.pt\/#website"},"primaryImageOfPage":{"@id":"https:\/\/lovme.pt\/index.php\/produto\/fun-factory-vibrador-laya-iii-lay-on-framboesa\/#primaryimage"},"image":{"@id":"https:\/\/lovme.pt\/index.php\/produto\/fun-factory-vibrador-laya-iii-lay-on-framboesa\/#primaryimage"},"thumbnailUrl":"https:\/\/erki24nd3ub.exactdn.com\/wp-content\/uploads\/dream\/img\/img_214874_6d3c834bf240c3a7208a1f49f20e0c50_1.jpg?strip=all","datePublished":"2026-02-05T22:08:55+00:00","dateModified":"2026-02-19T20:09:17+00:00","breadcrumb":{"@id":"https:\/\/lovme.pt\/index.php\/produto\/fun-factory-vibrador-laya-iii-lay-on-framboesa\/#breadcrumb"},"inLanguage":"pt-PT","potentialAction":[{"@type":"ReadAction","target":["https:\/\/lovme.pt\/index.php\/produto\/fun-factory-vibrador-laya-iii-lay-on-framboesa\/"]}]},{"@type":"ImageObject","inLanguage":"pt-PT","@id":"https:\/\/lovme.pt\/index.php\/produto\/fun-factory-vibrador-laya-iii-lay-on-framboesa\/#primaryimage","url":"https:\/\/erki24nd3ub.exactdn.com\/wp-content\/uploads\/dream\/img\/img_214874_6d3c834bf240c3a7208a1f49f20e0c50_1.jpg?strip=all","contentUrl":"https:\/\/erki24nd3ub.exactdn.com\/wp-content\/uploads\/dream\/img\/img_214874_6d3c834bf240c3a7208a1f49f20e0c50_1.jpg?strip=all","width":900,"height":900},{"@type":"BreadcrumbList","@id":"https:\/\/lovme.pt\/index.php\/produto\/fun-factory-vibrador-laya-iii-lay-on-framboesa\/#breadcrumb","itemListElement":[{"@type":"ListItem","position":1,"name":"In\u00edcio","item":"https:\/\/lovme.pt\/"},{"@type":"ListItem","position":2,"name":"Loja","item":"https:\/\/lovme.pt\/index.php\/loja\/"},{"@type":"ListItem","position":3,"name":"FUN FACTORY &#8211; VIBRADOR LAYA III LAY-ON FRAMBOESA"}]},{"@type":"WebSite","@id":"https:\/\/lovme.pt\/#website","url":"https:\/\/lovme.pt\/","name":"Lovme Loja Er\u00f3tica N\u00ba1 em Portugal","description":"A melhor loja er\u00f3tica de Portugal.","alternateName":"Loja Er\u00f3tica Lovme","potentialAction":[{"@type":"SearchAction","target":{"@type":"EntryPoint","urlTemplate":"https:\/\/lovme.pt\/?s={search_term_string}"},"query-input":{"@type":"PropertyValueSpecification","valueRequired":true,"valueName":"search_term_string"}}],"inLanguage":"pt-PT"}]}},"_links":{"self":[{"href":"https:\/\/lovme.pt\/index.php\/wp-json\/wp\/v2\/product\/53354","targetHints":{"allow":["GET"]}}],"collection":[{"href":"https:\/\/lovme.pt\/index.php\/wp-json\/wp\/v2\/product"}],"about":[{"href":"https:\/\/lovme.pt\/index.php\/wp-json\/wp\/v2\/types\/product"}],"wp:featuredmedia":[{"embeddable":true,"href":"https:\/\/lovme.pt\/index.php\/wp-json\/wp\/v2\/media\/106875"}],"wp:attachment":[{"href":"https:\/\/lovme.pt\/index.php\/wp-json\/wp\/v2\/media?parent=53354"}],"wp:term":[{"taxonomy":"product_brand","embeddable":true,"href":"https:\/\/lovme.pt\/index.php\/wp-json\/wp\/v2\/product_brand?post=53354"},{"taxonomy":"product_cat","embeddable":true,"href":"https:\/\/lovme.pt\/index.php\/wp-json\/wp\/v2\/product_cat?post=53354"},{"taxonomy":"product_tag","embeddable":true,"href":"https:\/\/lovme.pt\/index.php\/wp-json\/wp\/v2\/product_tag?post=53354"}],"curies":[{"name":"wp","href":"https:\/\/api.w.org\/{rel}","templated":true}]}}