{"id":53349,"date":"2025-12-17T20:05:16","date_gmt":"2025-12-17T20:05:16","guid":{"rendered":"https:\/\/lovme.pt\/?post_type=product&p=53349"},"modified":"2026-02-19T20:09:17","modified_gmt":"2026-02-19T20:09:17","slug":"fun-factory-vibrador-de-dedo-beone-magenta","status":"publish","type":"product","link":"https:\/\/lovme.pt\/index.php\/produto\/fun-factory-vibrador-de-dedo-beone-magenta\/","title":{"rendered":"FUN FACTORY &#8211; VIBRADOR DE DEDO BEONE MAGENTA"},"content":{"rendered":"<p>O vibrador de dedo BEONE \u00e9 mais do que um simples brinquedo para o bem-estar sexual. Com seu design inteligente e ergon\u00f4mico, ele se encaixa perfeitamente entre os dedos, transformando as pontas dos dedos e a palma da m\u00e3o em um vibrador, enquanto seus 7,4 cm de comprimento proporcionam estimula\u00e7\u00e3o precisa ao clit\u00f3ris e aos l\u00e1bios vaginais. Com 4 n\u00edveis de velocidade e 1 padr\u00e3o de vibra\u00e7\u00e3o, voc\u00ea tem a liberdade de explorar o prazer em todas as suas nuances, enquanto dois motores potentes trabalham em sincronia para intensificar o prazer, levando voc\u00ea a novas alturas. Com o BEONE, voc\u00ea sentir\u00e1 uma intimidade incompar\u00e1vel, tornando cada toque ainda mais intenso e inesquec\u00edvel.<\/p>\n<p> <strong>Pequeno, mas poderoso: Sua nova arma secreta.<\/strong><br \/> Gra\u00e7as \u00e0 sua resist\u00eancia \u00e0 \u00e1gua (IPX7) e \u00e0 sua capacidade de ser recarreg\u00e1vel, o vibrador de dedo BEONE \u00e9 o companheiro ideal para momentos de prazer sem preocupa\u00e7\u00f5es  seja em casa, na rua ou relaxando num banho quente. Seu design compacto permite que ele caiba facilmente na sua bolsa, sempre pronto para aventuras espont\u00e2neas. Feito de silicone hipoalerg\u00eanico, garante o m\u00e1ximo de seguran\u00e7a e conforto em cada uso. O BEONE carrega facilmente via USB-C e vem com uma impressionante garantia de 25 anos  para um prazer duradouro com o qual voc\u00ea pode contar.<\/p>\n<p> <strong>Sua ferramenta perfeita para estimula\u00e7\u00e3o precisa.<\/strong><br \/> Seja sozinho ou com um parceiro, o BEONE proporciona uma estimula\u00e7\u00e3o poderosa e direcionada. Mergulhe no mundo do prazer e experimente momentos org\u00e1smicos que voc\u00ea nunca vai querer perder!<\/p>\n","protected":false},"excerpt":{"rendered":"<p>FUN FACTORY &#8211; VIBRADOR DE DEDO BEONE MAGENTA<\/p>\n","protected":false},"featured_media":105126,"template":"","meta":{"_acf_changed":false},"product_brand":[],"product_cat":[17,88,61,76],"product_tag":[],"class_list":{"0":"post-53349","1":"product","2":"type-product","3":"status-publish","4":"has-post-thumbnail","6":"product_cat-brinquedos-de-bem-estar-sexual","7":"product_cat-novidades","8":"product_cat-para-elas","9":"product_cat-vibradores","10":"yith_product_brand-fun-factory","12":"first","13":"instock","14":"taxable","15":"shipping-taxable","16":"purchasable","17":"product-type-simple"},"acf":[],"yoast_head":"<!-- This site is optimized with the Yoast SEO plugin v27.4 - https:\/\/yoast.com\/product\/yoast-seo-wordpress\/ -->\n<title>FUN FACTORY - VIBRADOR DE DEDO BEONE MAGENTA - Lovme<\/title>\n<meta name=\"robots\" content=\"index, follow, max-snippet:-1, max-image-preview:large, max-video-preview:-1\" \/>\n<link rel=\"canonical\" href=\"https:\/\/lovme.pt\/index.php\/produto\/fun-factory-vibrador-de-dedo-beone-magenta\/\" \/>\n<meta property=\"og:locale\" content=\"pt_PT\" \/>\n<meta property=\"og:type\" content=\"article\" \/>\n<meta property=\"og:title\" content=\"FUN FACTORY - VIBRADOR DE DEDO BEONE MAGENTA - Lovme\" \/>\n<meta property=\"og:description\" content=\"FUN FACTORY - VIBRADOR DE DEDO BEONE MAGENTA\" \/>\n<meta property=\"og:url\" content=\"https:\/\/lovme.pt\/index.php\/produto\/fun-factory-vibrador-de-dedo-beone-magenta\/\" \/>\n<meta property=\"og:site_name\" content=\"Lovme\" \/>\n<meta property=\"article:modified_time\" content=\"2026-02-19T20:09:17+00:00\" \/>\n<meta property=\"og:image\" content=\"https:\/\/erki24nd3ub.exactdn.com\/wp-content\/uploads\/dream\/img\/img_214517_5526a21b73de22cf975e5cac13c64a25_1.jpg?strip=all\" \/>\n\t<meta property=\"og:image:width\" content=\"900\" \/>\n\t<meta property=\"og:image:height\" content=\"900\" \/>\n\t<meta property=\"og:image:type\" content=\"image\/jpeg\" \/>\n<meta name=\"twitter:card\" content=\"summary_large_image\" \/>\n<meta name=\"twitter:label1\" content=\"Tempo estimado de leitura\" \/>\n\t<meta name=\"twitter:data1\" content=\"1 minuto\" \/>\n<script type=\"application\/ld+json\" class=\"yoast-schema-graph\">{\"@context\":\"https:\\\/\\\/schema.org\",\"@graph\":[{\"@type\":\"WebPage\",\"@id\":\"https:\\\/\\\/lovme.pt\\\/index.php\\\/produto\\\/fun-factory-vibrador-de-dedo-beone-magenta\\\/\",\"url\":\"https:\\\/\\\/lovme.pt\\\/index.php\\\/produto\\\/fun-factory-vibrador-de-dedo-beone-magenta\\\/\",\"name\":\"FUN FACTORY - VIBRADOR DE DEDO BEONE MAGENTA - Lovme\",\"isPartOf\":{\"@id\":\"https:\\\/\\\/lovme.pt\\\/#website\"},\"primaryImageOfPage\":{\"@id\":\"https:\\\/\\\/lovme.pt\\\/index.php\\\/produto\\\/fun-factory-vibrador-de-dedo-beone-magenta\\\/#primaryimage\"},\"image\":{\"@id\":\"https:\\\/\\\/lovme.pt\\\/index.php\\\/produto\\\/fun-factory-vibrador-de-dedo-beone-magenta\\\/#primaryimage\"},\"thumbnailUrl\":\"https:\\\/\\\/erki24nd3ub.exactdn.com\\\/wp-content\\\/uploads\\\/dream\\\/img\\\/img_214517_5526a21b73de22cf975e5cac13c64a25_1.jpg?strip=all\",\"datePublished\":\"2025-12-17T20:05:16+00:00\",\"dateModified\":\"2026-02-19T20:09:17+00:00\",\"breadcrumb\":{\"@id\":\"https:\\\/\\\/lovme.pt\\\/index.php\\\/produto\\\/fun-factory-vibrador-de-dedo-beone-magenta\\\/#breadcrumb\"},\"inLanguage\":\"pt-PT\",\"potentialAction\":[{\"@type\":\"ReadAction\",\"target\":[\"https:\\\/\\\/lovme.pt\\\/index.php\\\/produto\\\/fun-factory-vibrador-de-dedo-beone-magenta\\\/\"]}]},{\"@type\":\"ImageObject\",\"inLanguage\":\"pt-PT\",\"@id\":\"https:\\\/\\\/lovme.pt\\\/index.php\\\/produto\\\/fun-factory-vibrador-de-dedo-beone-magenta\\\/#primaryimage\",\"url\":\"https:\\\/\\\/erki24nd3ub.exactdn.com\\\/wp-content\\\/uploads\\\/dream\\\/img\\\/img_214517_5526a21b73de22cf975e5cac13c64a25_1.jpg?strip=all\",\"contentUrl\":\"https:\\\/\\\/erki24nd3ub.exactdn.com\\\/wp-content\\\/uploads\\\/dream\\\/img\\\/img_214517_5526a21b73de22cf975e5cac13c64a25_1.jpg?strip=all\",\"width\":900,\"height\":900},{\"@type\":\"BreadcrumbList\",\"@id\":\"https:\\\/\\\/lovme.pt\\\/index.php\\\/produto\\\/fun-factory-vibrador-de-dedo-beone-magenta\\\/#breadcrumb\",\"itemListElement\":[{\"@type\":\"ListItem\",\"position\":1,\"name\":\"In\u00edcio\",\"item\":\"https:\\\/\\\/lovme.pt\\\/\"},{\"@type\":\"ListItem\",\"position\":2,\"name\":\"Loja\",\"item\":\"https:\\\/\\\/lovme.pt\\\/index.php\\\/loja\\\/\"},{\"@type\":\"ListItem\",\"position\":3,\"name\":\"FUN FACTORY &#8211; VIBRADOR DE DEDO BEONE MAGENTA\"}]},{\"@type\":\"WebSite\",\"@id\":\"https:\\\/\\\/lovme.pt\\\/#website\",\"url\":\"https:\\\/\\\/lovme.pt\\\/\",\"name\":\"Lovme Loja Er\u00f3tica N\u00ba1 em Portugal\",\"description\":\"A melhor loja er\u00f3tica de Portugal.\",\"alternateName\":\"Loja Er\u00f3tica Lovme\",\"potentialAction\":[{\"@type\":\"SearchAction\",\"target\":{\"@type\":\"EntryPoint\",\"urlTemplate\":\"https:\\\/\\\/lovme.pt\\\/?s={search_term_string}\"},\"query-input\":{\"@type\":\"PropertyValueSpecification\",\"valueRequired\":true,\"valueName\":\"search_term_string\"}}],\"inLanguage\":\"pt-PT\"}]}<\/script>\n<!-- \/ Yoast SEO plugin. -->","yoast_head_json":{"title":"FUN FACTORY - VIBRADOR DE DEDO BEONE MAGENTA - Lovme","robots":{"index":"index","follow":"follow","max-snippet":"max-snippet:-1","max-image-preview":"max-image-preview:large","max-video-preview":"max-video-preview:-1"},"canonical":"https:\/\/lovme.pt\/index.php\/produto\/fun-factory-vibrador-de-dedo-beone-magenta\/","og_locale":"pt_PT","og_type":"article","og_title":"FUN FACTORY - VIBRADOR DE DEDO BEONE MAGENTA - Lovme","og_description":"FUN FACTORY - VIBRADOR DE DEDO BEONE MAGENTA","og_url":"https:\/\/lovme.pt\/index.php\/produto\/fun-factory-vibrador-de-dedo-beone-magenta\/","og_site_name":"Lovme","article_modified_time":"2026-02-19T20:09:17+00:00","og_image":[{"width":900,"height":900,"url":"https:\/\/erki24nd3ub.exactdn.com\/wp-content\/uploads\/dream\/img\/img_214517_5526a21b73de22cf975e5cac13c64a25_1.jpg?strip=all","type":"image\/jpeg"}],"twitter_card":"summary_large_image","twitter_misc":{"Tempo estimado de leitura":"1 minuto"},"schema":{"@context":"https:\/\/schema.org","@graph":[{"@type":"WebPage","@id":"https:\/\/lovme.pt\/index.php\/produto\/fun-factory-vibrador-de-dedo-beone-magenta\/","url":"https:\/\/lovme.pt\/index.php\/produto\/fun-factory-vibrador-de-dedo-beone-magenta\/","name":"FUN FACTORY - VIBRADOR DE DEDO BEONE MAGENTA - Lovme","isPartOf":{"@id":"https:\/\/lovme.pt\/#website"},"primaryImageOfPage":{"@id":"https:\/\/lovme.pt\/index.php\/produto\/fun-factory-vibrador-de-dedo-beone-magenta\/#primaryimage"},"image":{"@id":"https:\/\/lovme.pt\/index.php\/produto\/fun-factory-vibrador-de-dedo-beone-magenta\/#primaryimage"},"thumbnailUrl":"https:\/\/erki24nd3ub.exactdn.com\/wp-content\/uploads\/dream\/img\/img_214517_5526a21b73de22cf975e5cac13c64a25_1.jpg?strip=all","datePublished":"2025-12-17T20:05:16+00:00","dateModified":"2026-02-19T20:09:17+00:00","breadcrumb":{"@id":"https:\/\/lovme.pt\/index.php\/produto\/fun-factory-vibrador-de-dedo-beone-magenta\/#breadcrumb"},"inLanguage":"pt-PT","potentialAction":[{"@type":"ReadAction","target":["https:\/\/lovme.pt\/index.php\/produto\/fun-factory-vibrador-de-dedo-beone-magenta\/"]}]},{"@type":"ImageObject","inLanguage":"pt-PT","@id":"https:\/\/lovme.pt\/index.php\/produto\/fun-factory-vibrador-de-dedo-beone-magenta\/#primaryimage","url":"https:\/\/erki24nd3ub.exactdn.com\/wp-content\/uploads\/dream\/img\/img_214517_5526a21b73de22cf975e5cac13c64a25_1.jpg?strip=all","contentUrl":"https:\/\/erki24nd3ub.exactdn.com\/wp-content\/uploads\/dream\/img\/img_214517_5526a21b73de22cf975e5cac13c64a25_1.jpg?strip=all","width":900,"height":900},{"@type":"BreadcrumbList","@id":"https:\/\/lovme.pt\/index.php\/produto\/fun-factory-vibrador-de-dedo-beone-magenta\/#breadcrumb","itemListElement":[{"@type":"ListItem","position":1,"name":"In\u00edcio","item":"https:\/\/lovme.pt\/"},{"@type":"ListItem","position":2,"name":"Loja","item":"https:\/\/lovme.pt\/index.php\/loja\/"},{"@type":"ListItem","position":3,"name":"FUN FACTORY &#8211; VIBRADOR DE DEDO BEONE MAGENTA"}]},{"@type":"WebSite","@id":"https:\/\/lovme.pt\/#website","url":"https:\/\/lovme.pt\/","name":"Lovme Loja Er\u00f3tica N\u00ba1 em Portugal","description":"A melhor loja er\u00f3tica de Portugal.","alternateName":"Loja Er\u00f3tica Lovme","potentialAction":[{"@type":"SearchAction","target":{"@type":"EntryPoint","urlTemplate":"https:\/\/lovme.pt\/?s={search_term_string}"},"query-input":{"@type":"PropertyValueSpecification","valueRequired":true,"valueName":"search_term_string"}}],"inLanguage":"pt-PT"}]}},"_links":{"self":[{"href":"https:\/\/lovme.pt\/index.php\/wp-json\/wp\/v2\/product\/53349","targetHints":{"allow":["GET"]}}],"collection":[{"href":"https:\/\/lovme.pt\/index.php\/wp-json\/wp\/v2\/product"}],"about":[{"href":"https:\/\/lovme.pt\/index.php\/wp-json\/wp\/v2\/types\/product"}],"wp:featuredmedia":[{"embeddable":true,"href":"https:\/\/lovme.pt\/index.php\/wp-json\/wp\/v2\/media\/105126"}],"wp:attachment":[{"href":"https:\/\/lovme.pt\/index.php\/wp-json\/wp\/v2\/media?parent=53349"}],"wp:term":[{"taxonomy":"product_brand","embeddable":true,"href":"https:\/\/lovme.pt\/index.php\/wp-json\/wp\/v2\/product_brand?post=53349"},{"taxonomy":"product_cat","embeddable":true,"href":"https:\/\/lovme.pt\/index.php\/wp-json\/wp\/v2\/product_cat?post=53349"},{"taxonomy":"product_tag","embeddable":true,"href":"https:\/\/lovme.pt\/index.php\/wp-json\/wp\/v2\/product_tag?post=53349"}],"curies":[{"name":"wp","href":"https:\/\/api.w.org\/{rel}","templated":true}]}}