{"id":53342,"date":"2025-12-17T20:05:10","date_gmt":"2025-12-17T20:05:10","guid":{"rendered":"https:\/\/lovme.pt\/?post_type=product&p=53342"},"modified":"2026-02-20T04:01:17","modified_gmt":"2026-02-20T04:01:17","slug":"fun-factory-bijou-bullet-vibrator-aquamarine","status":"publish","type":"product","link":"https:\/\/lovme.pt\/index.php\/produto\/fun-factory-bijou-bullet-vibrator-aquamarine\/","title":{"rendered":"FUN FACTORY &#8211; BIJOU BULLET VIBRATOR AQUAMARINE"},"content":{"rendered":"<p>Conhe\u00e7a o BIJOU  a combina\u00e7\u00e3o perfeita de intensidade e sensualidade! Entre em um mundo de vibra\u00e7\u00f5es satisfat\u00f3rias e texturas excitantes. Este vibrador em formato de bala, feito de silicone macio e agrad\u00e1vel ao corpo com uma estrutura ranhurada, oferece uma experi\u00eancia inesquec\u00edvel, estimulando todas as suas zonas er\u00f3genas e proporcionando sensa\u00e7\u00f5es intensas. As 12 vibra\u00e7\u00f5es potentes levar\u00e3o voc\u00ea a novas alturas, tornando-o perfeito para uso individual ou para se divertir com outros brinquedos. Com seu controle de um \u00fanico bot\u00e3o, tudo o mais desaparece  apenas o prazer permanece.<br \/> <strong><br \/>Sinta o poder, experimente a textura.<\/strong><br \/> Com sua bateria recarreg\u00e1vel via USB-C e design \u00e0 prova d\u00e1gua (IPX7), o BIJOU \u00e9 perfeito para o chuveiro ou viagens. Compacto e f\u00e1cil de transportar, cabe perfeitamente na sua bolsa e est\u00e1 sempre pronto para elevar o seu prazer. Dica profissional: Use um lubrificante \u00e0 base de \u00e1gua para levar as coisas a outro n\u00edvel. O BIJOU vem com 25 anos de garantia da FUN FACTORY, garantindo qualidade duradoura e divers\u00e3o sem fim.<\/p>\n","protected":false},"excerpt":{"rendered":"<p>FUN FACTORY &#8211; BIJOU BULLET VIBRATOR AQUAMARINE<\/p>\n","protected":false},"featured_media":105120,"template":"","meta":{"_acf_changed":false},"product_brand":[],"product_cat":[17,61],"product_tag":[],"class_list":{"0":"post-53342","1":"product","2":"type-product","3":"status-publish","4":"has-post-thumbnail","6":"product_cat-brinquedos-de-bem-estar-sexual","7":"product_cat-para-elas","8":"yith_product_brand-fun-factory","10":"first","11":"instock","12":"taxable","13":"shipping-taxable","14":"purchasable","15":"product-type-simple"},"acf":[],"yoast_head":"<!-- This site is optimized with the Yoast SEO plugin v27.4 - https:\/\/yoast.com\/product\/yoast-seo-wordpress\/ -->\n<title>FUN FACTORY - BIJOU BULLET VIBRATOR AQUAMARINE - Lovme<\/title>\n<meta name=\"robots\" content=\"index, follow, max-snippet:-1, max-image-preview:large, max-video-preview:-1\" \/>\n<link rel=\"canonical\" href=\"https:\/\/lovme.pt\/index.php\/produto\/fun-factory-bijou-bullet-vibrator-aquamarine\/\" \/>\n<meta property=\"og:locale\" content=\"pt_PT\" \/>\n<meta property=\"og:type\" content=\"article\" \/>\n<meta property=\"og:title\" content=\"FUN FACTORY - BIJOU BULLET VIBRATOR AQUAMARINE - Lovme\" \/>\n<meta property=\"og:description\" content=\"FUN FACTORY - BIJOU BULLET VIBRATOR AQUAMARINE\" \/>\n<meta property=\"og:url\" content=\"https:\/\/lovme.pt\/index.php\/produto\/fun-factory-bijou-bullet-vibrator-aquamarine\/\" \/>\n<meta property=\"og:site_name\" content=\"Lovme\" \/>\n<meta property=\"article:modified_time\" content=\"2026-02-20T04:01:17+00:00\" \/>\n<meta property=\"og:image\" content=\"https:\/\/erki24nd3ub.exactdn.com\/wp-content\/uploads\/dream\/img\/img_214568_50d20d43916d9f3073efe2ef5daf5dd9_1.jpg?strip=all\" \/>\n\t<meta property=\"og:image:width\" content=\"900\" \/>\n\t<meta property=\"og:image:height\" content=\"900\" \/>\n\t<meta property=\"og:image:type\" content=\"image\/jpeg\" \/>\n<meta name=\"twitter:card\" content=\"summary_large_image\" \/>\n<meta name=\"twitter:label1\" content=\"Tempo estimado de leitura\" \/>\n\t<meta name=\"twitter:data1\" content=\"1 minuto\" \/>\n<script type=\"application\/ld+json\" class=\"yoast-schema-graph\">{\"@context\":\"https:\\\/\\\/schema.org\",\"@graph\":[{\"@type\":\"WebPage\",\"@id\":\"https:\\\/\\\/lovme.pt\\\/index.php\\\/produto\\\/fun-factory-bijou-bullet-vibrator-aquamarine\\\/\",\"url\":\"https:\\\/\\\/lovme.pt\\\/index.php\\\/produto\\\/fun-factory-bijou-bullet-vibrator-aquamarine\\\/\",\"name\":\"FUN FACTORY - BIJOU BULLET VIBRATOR AQUAMARINE - Lovme\",\"isPartOf\":{\"@id\":\"https:\\\/\\\/lovme.pt\\\/#website\"},\"primaryImageOfPage\":{\"@id\":\"https:\\\/\\\/lovme.pt\\\/index.php\\\/produto\\\/fun-factory-bijou-bullet-vibrator-aquamarine\\\/#primaryimage\"},\"image\":{\"@id\":\"https:\\\/\\\/lovme.pt\\\/index.php\\\/produto\\\/fun-factory-bijou-bullet-vibrator-aquamarine\\\/#primaryimage\"},\"thumbnailUrl\":\"https:\\\/\\\/erki24nd3ub.exactdn.com\\\/wp-content\\\/uploads\\\/dream\\\/img\\\/img_214568_50d20d43916d9f3073efe2ef5daf5dd9_1.jpg?strip=all\",\"datePublished\":\"2025-12-17T20:05:10+00:00\",\"dateModified\":\"2026-02-20T04:01:17+00:00\",\"breadcrumb\":{\"@id\":\"https:\\\/\\\/lovme.pt\\\/index.php\\\/produto\\\/fun-factory-bijou-bullet-vibrator-aquamarine\\\/#breadcrumb\"},\"inLanguage\":\"pt-PT\",\"potentialAction\":[{\"@type\":\"ReadAction\",\"target\":[\"https:\\\/\\\/lovme.pt\\\/index.php\\\/produto\\\/fun-factory-bijou-bullet-vibrator-aquamarine\\\/\"]}]},{\"@type\":\"ImageObject\",\"inLanguage\":\"pt-PT\",\"@id\":\"https:\\\/\\\/lovme.pt\\\/index.php\\\/produto\\\/fun-factory-bijou-bullet-vibrator-aquamarine\\\/#primaryimage\",\"url\":\"https:\\\/\\\/erki24nd3ub.exactdn.com\\\/wp-content\\\/uploads\\\/dream\\\/img\\\/img_214568_50d20d43916d9f3073efe2ef5daf5dd9_1.jpg?strip=all\",\"contentUrl\":\"https:\\\/\\\/erki24nd3ub.exactdn.com\\\/wp-content\\\/uploads\\\/dream\\\/img\\\/img_214568_50d20d43916d9f3073efe2ef5daf5dd9_1.jpg?strip=all\",\"width\":900,\"height\":900},{\"@type\":\"BreadcrumbList\",\"@id\":\"https:\\\/\\\/lovme.pt\\\/index.php\\\/produto\\\/fun-factory-bijou-bullet-vibrator-aquamarine\\\/#breadcrumb\",\"itemListElement\":[{\"@type\":\"ListItem\",\"position\":1,\"name\":\"In\u00edcio\",\"item\":\"https:\\\/\\\/lovme.pt\\\/\"},{\"@type\":\"ListItem\",\"position\":2,\"name\":\"Loja\",\"item\":\"https:\\\/\\\/lovme.pt\\\/index.php\\\/loja\\\/\"},{\"@type\":\"ListItem\",\"position\":3,\"name\":\"FUN FACTORY &#8211; BIJOU BULLET VIBRATOR AQUAMARINE\"}]},{\"@type\":\"WebSite\",\"@id\":\"https:\\\/\\\/lovme.pt\\\/#website\",\"url\":\"https:\\\/\\\/lovme.pt\\\/\",\"name\":\"Lovme Loja Er\u00f3tica N\u00ba1 em Portugal\",\"description\":\"A melhor loja er\u00f3tica de Portugal.\",\"alternateName\":\"Loja Er\u00f3tica Lovme\",\"potentialAction\":[{\"@type\":\"SearchAction\",\"target\":{\"@type\":\"EntryPoint\",\"urlTemplate\":\"https:\\\/\\\/lovme.pt\\\/?s={search_term_string}\"},\"query-input\":{\"@type\":\"PropertyValueSpecification\",\"valueRequired\":true,\"valueName\":\"search_term_string\"}}],\"inLanguage\":\"pt-PT\"}]}<\/script>\n<!-- \/ Yoast SEO plugin. -->","yoast_head_json":{"title":"FUN FACTORY - BIJOU BULLET VIBRATOR AQUAMARINE - Lovme","robots":{"index":"index","follow":"follow","max-snippet":"max-snippet:-1","max-image-preview":"max-image-preview:large","max-video-preview":"max-video-preview:-1"},"canonical":"https:\/\/lovme.pt\/index.php\/produto\/fun-factory-bijou-bullet-vibrator-aquamarine\/","og_locale":"pt_PT","og_type":"article","og_title":"FUN FACTORY - BIJOU BULLET VIBRATOR AQUAMARINE - Lovme","og_description":"FUN FACTORY - BIJOU BULLET VIBRATOR AQUAMARINE","og_url":"https:\/\/lovme.pt\/index.php\/produto\/fun-factory-bijou-bullet-vibrator-aquamarine\/","og_site_name":"Lovme","article_modified_time":"2026-02-20T04:01:17+00:00","og_image":[{"width":900,"height":900,"url":"https:\/\/erki24nd3ub.exactdn.com\/wp-content\/uploads\/dream\/img\/img_214568_50d20d43916d9f3073efe2ef5daf5dd9_1.jpg?strip=all","type":"image\/jpeg"}],"twitter_card":"summary_large_image","twitter_misc":{"Tempo estimado de leitura":"1 minuto"},"schema":{"@context":"https:\/\/schema.org","@graph":[{"@type":"WebPage","@id":"https:\/\/lovme.pt\/index.php\/produto\/fun-factory-bijou-bullet-vibrator-aquamarine\/","url":"https:\/\/lovme.pt\/index.php\/produto\/fun-factory-bijou-bullet-vibrator-aquamarine\/","name":"FUN FACTORY - BIJOU BULLET VIBRATOR AQUAMARINE - Lovme","isPartOf":{"@id":"https:\/\/lovme.pt\/#website"},"primaryImageOfPage":{"@id":"https:\/\/lovme.pt\/index.php\/produto\/fun-factory-bijou-bullet-vibrator-aquamarine\/#primaryimage"},"image":{"@id":"https:\/\/lovme.pt\/index.php\/produto\/fun-factory-bijou-bullet-vibrator-aquamarine\/#primaryimage"},"thumbnailUrl":"https:\/\/erki24nd3ub.exactdn.com\/wp-content\/uploads\/dream\/img\/img_214568_50d20d43916d9f3073efe2ef5daf5dd9_1.jpg?strip=all","datePublished":"2025-12-17T20:05:10+00:00","dateModified":"2026-02-20T04:01:17+00:00","breadcrumb":{"@id":"https:\/\/lovme.pt\/index.php\/produto\/fun-factory-bijou-bullet-vibrator-aquamarine\/#breadcrumb"},"inLanguage":"pt-PT","potentialAction":[{"@type":"ReadAction","target":["https:\/\/lovme.pt\/index.php\/produto\/fun-factory-bijou-bullet-vibrator-aquamarine\/"]}]},{"@type":"ImageObject","inLanguage":"pt-PT","@id":"https:\/\/lovme.pt\/index.php\/produto\/fun-factory-bijou-bullet-vibrator-aquamarine\/#primaryimage","url":"https:\/\/erki24nd3ub.exactdn.com\/wp-content\/uploads\/dream\/img\/img_214568_50d20d43916d9f3073efe2ef5daf5dd9_1.jpg?strip=all","contentUrl":"https:\/\/erki24nd3ub.exactdn.com\/wp-content\/uploads\/dream\/img\/img_214568_50d20d43916d9f3073efe2ef5daf5dd9_1.jpg?strip=all","width":900,"height":900},{"@type":"BreadcrumbList","@id":"https:\/\/lovme.pt\/index.php\/produto\/fun-factory-bijou-bullet-vibrator-aquamarine\/#breadcrumb","itemListElement":[{"@type":"ListItem","position":1,"name":"In\u00edcio","item":"https:\/\/lovme.pt\/"},{"@type":"ListItem","position":2,"name":"Loja","item":"https:\/\/lovme.pt\/index.php\/loja\/"},{"@type":"ListItem","position":3,"name":"FUN FACTORY &#8211; BIJOU BULLET VIBRATOR AQUAMARINE"}]},{"@type":"WebSite","@id":"https:\/\/lovme.pt\/#website","url":"https:\/\/lovme.pt\/","name":"Lovme Loja Er\u00f3tica N\u00ba1 em Portugal","description":"A melhor loja er\u00f3tica de Portugal.","alternateName":"Loja Er\u00f3tica Lovme","potentialAction":[{"@type":"SearchAction","target":{"@type":"EntryPoint","urlTemplate":"https:\/\/lovme.pt\/?s={search_term_string}"},"query-input":{"@type":"PropertyValueSpecification","valueRequired":true,"valueName":"search_term_string"}}],"inLanguage":"pt-PT"}]}},"_links":{"self":[{"href":"https:\/\/lovme.pt\/index.php\/wp-json\/wp\/v2\/product\/53342","targetHints":{"allow":["GET"]}}],"collection":[{"href":"https:\/\/lovme.pt\/index.php\/wp-json\/wp\/v2\/product"}],"about":[{"href":"https:\/\/lovme.pt\/index.php\/wp-json\/wp\/v2\/types\/product"}],"wp:featuredmedia":[{"embeddable":true,"href":"https:\/\/lovme.pt\/index.php\/wp-json\/wp\/v2\/media\/105120"}],"wp:attachment":[{"href":"https:\/\/lovme.pt\/index.php\/wp-json\/wp\/v2\/media?parent=53342"}],"wp:term":[{"taxonomy":"product_brand","embeddable":true,"href":"https:\/\/lovme.pt\/index.php\/wp-json\/wp\/v2\/product_brand?post=53342"},{"taxonomy":"product_cat","embeddable":true,"href":"https:\/\/lovme.pt\/index.php\/wp-json\/wp\/v2\/product_cat?post=53342"},{"taxonomy":"product_tag","embeddable":true,"href":"https:\/\/lovme.pt\/index.php\/wp-json\/wp\/v2\/product_tag?post=53342"}],"curies":[{"name":"wp","href":"https:\/\/api.w.org\/{rel}","templated":true}]}}