{"id":53326,"date":"2026-02-05T22:04:43","date_gmt":"2026-02-05T22:04:43","guid":{"rendered":"https:\/\/lovme.pt\/?post_type=product&p=53326"},"modified":"2026-02-19T20:07:13","modified_gmt":"2026-02-19T20:07:13","slug":"fun-factory-iku-tighter-masturbator-preto","status":"publish","type":"product","link":"https:\/\/lovme.pt\/index.php\/produto\/fun-factory-iku-tighter-masturbator-preto\/","title":{"rendered":"FUN FACTORY &#8211; IKU TIGHTER MASTURBATOR PRETO"},"content":{"rendered":"<p>Sinta cada toque  mais real do que nunca com o IKU TIGHTER, que d\u00e1 vida \u00e0s suas fantasias mais ousadas. Com uma textura interna sensual e canelada e silicone macio e agrad\u00e1vel ao corpo, este masturbador se adapta sem esfor\u00e7o aos seus movimentos, proporcionando uma sensa\u00e7\u00e3o incrivelmente aut\u00eantica de pele com pele. Ligeiramente menor que o IKU JOY, mas ainda mais intenso  seu design de 2 cm envolve voc\u00ea mais firmemente para uma sensa\u00e7\u00e3o ainda mais poderosa. Al\u00e9m disso, todos os modelos IKU possuem o Sistema de Encaixe Magn\u00e9tico e s\u00e3o totalmente modulares. Com uma estrutura unificada, voc\u00ea pode combinar e personalizar v\u00e1rios estilos IKU exatamente como quiser. Desfrute do prazer com m\u00e1xima personaliza\u00e7\u00e3o!<\/p>\n<p> <strong>T\u00e3o simples, t\u00e3o prazeroso<\/strong><br \/> Seja no chuveiro, na cama ou em uma escapadinha secreta, o design \u00e0 prova d\u00e1gua (IPX7) est\u00e1 pronto para qualquer aventura. E quando a divers\u00e3o acabar? Basta remover a capa, enxagu\u00e1-la com \u00e1gua morna e sab\u00e3o neutro, e o IKU TIGHTER estar\u00e1 pronto para usar novamente. O IKU TIGHTER vem com 25 anos de garantia FUN FACTORY, garantindo qualidade duradoura e desempenho intenso e confi\u00e1vel.<\/p><\/p>\n","protected":false},"excerpt":{"rendered":"<p>FUN FACTORY &#8211; IKU TIGHTER MASTURBATOR PRETO<\/p>\n","protected":false},"featured_media":106754,"template":"","meta":{"_acf_changed":false},"product_brand":[],"product_cat":[17,58,88,60],"product_tag":[],"class_list":{"0":"post-53326","1":"product","2":"type-product","3":"status-publish","4":"has-post-thumbnail","6":"product_cat-brinquedos-de-bem-estar-sexual","7":"product_cat-masturbadores-para-penis","8":"product_cat-novidades","9":"product_cat-para-eles","10":"yith_product_brand-fun-factory","12":"first","13":"instock","14":"taxable","15":"shipping-taxable","16":"purchasable","17":"product-type-simple"},"acf":[],"yoast_head":"<!-- This site is optimized with the Yoast SEO plugin v27.4 - https:\/\/yoast.com\/product\/yoast-seo-wordpress\/ -->\n<title>FUN FACTORY - IKU TIGHTER MASTURBATOR PRETO - Lovme<\/title>\n<meta name=\"robots\" content=\"index, follow, max-snippet:-1, max-image-preview:large, max-video-preview:-1\" \/>\n<link rel=\"canonical\" href=\"https:\/\/lovme.pt\/index.php\/produto\/fun-factory-iku-tighter-masturbator-preto\/\" \/>\n<meta property=\"og:locale\" content=\"pt_PT\" \/>\n<meta property=\"og:type\" content=\"article\" \/>\n<meta property=\"og:title\" content=\"FUN FACTORY - IKU TIGHTER MASTURBATOR PRETO - Lovme\" \/>\n<meta property=\"og:description\" content=\"FUN FACTORY - IKU TIGHTER MASTURBATOR PRETO\" \/>\n<meta property=\"og:url\" content=\"https:\/\/lovme.pt\/index.php\/produto\/fun-factory-iku-tighter-masturbator-preto\/\" \/>\n<meta property=\"og:site_name\" content=\"Lovme\" \/>\n<meta property=\"article:modified_time\" content=\"2026-02-19T20:07:13+00:00\" \/>\n<meta property=\"og:image\" content=\"https:\/\/erki24nd3ub.exactdn.com\/wp-content\/uploads\/dream\/img\/img_214836_fbdf3a09fbd83938be653860271d083f_1.jpg?strip=all\" \/>\n\t<meta property=\"og:image:width\" content=\"900\" \/>\n\t<meta property=\"og:image:height\" content=\"900\" \/>\n\t<meta property=\"og:image:type\" content=\"image\/jpeg\" \/>\n<meta name=\"twitter:card\" content=\"summary_large_image\" \/>\n<meta name=\"twitter:label1\" content=\"Tempo estimado de leitura\" \/>\n\t<meta name=\"twitter:data1\" content=\"1 minuto\" \/>\n<script type=\"application\/ld+json\" class=\"yoast-schema-graph\">{\"@context\":\"https:\\\/\\\/schema.org\",\"@graph\":[{\"@type\":\"WebPage\",\"@id\":\"https:\\\/\\\/lovme.pt\\\/index.php\\\/produto\\\/fun-factory-iku-tighter-masturbator-preto\\\/\",\"url\":\"https:\\\/\\\/lovme.pt\\\/index.php\\\/produto\\\/fun-factory-iku-tighter-masturbator-preto\\\/\",\"name\":\"FUN FACTORY - IKU TIGHTER MASTURBATOR PRETO - Lovme\",\"isPartOf\":{\"@id\":\"https:\\\/\\\/lovme.pt\\\/#website\"},\"primaryImageOfPage\":{\"@id\":\"https:\\\/\\\/lovme.pt\\\/index.php\\\/produto\\\/fun-factory-iku-tighter-masturbator-preto\\\/#primaryimage\"},\"image\":{\"@id\":\"https:\\\/\\\/lovme.pt\\\/index.php\\\/produto\\\/fun-factory-iku-tighter-masturbator-preto\\\/#primaryimage\"},\"thumbnailUrl\":\"https:\\\/\\\/erki24nd3ub.exactdn.com\\\/wp-content\\\/uploads\\\/dream\\\/img\\\/img_214836_fbdf3a09fbd83938be653860271d083f_1.jpg?strip=all\",\"datePublished\":\"2026-02-05T22:04:43+00:00\",\"dateModified\":\"2026-02-19T20:07:13+00:00\",\"breadcrumb\":{\"@id\":\"https:\\\/\\\/lovme.pt\\\/index.php\\\/produto\\\/fun-factory-iku-tighter-masturbator-preto\\\/#breadcrumb\"},\"inLanguage\":\"pt-PT\",\"potentialAction\":[{\"@type\":\"ReadAction\",\"target\":[\"https:\\\/\\\/lovme.pt\\\/index.php\\\/produto\\\/fun-factory-iku-tighter-masturbator-preto\\\/\"]}]},{\"@type\":\"ImageObject\",\"inLanguage\":\"pt-PT\",\"@id\":\"https:\\\/\\\/lovme.pt\\\/index.php\\\/produto\\\/fun-factory-iku-tighter-masturbator-preto\\\/#primaryimage\",\"url\":\"https:\\\/\\\/erki24nd3ub.exactdn.com\\\/wp-content\\\/uploads\\\/dream\\\/img\\\/img_214836_fbdf3a09fbd83938be653860271d083f_1.jpg?strip=all\",\"contentUrl\":\"https:\\\/\\\/erki24nd3ub.exactdn.com\\\/wp-content\\\/uploads\\\/dream\\\/img\\\/img_214836_fbdf3a09fbd83938be653860271d083f_1.jpg?strip=all\",\"width\":900,\"height\":900},{\"@type\":\"BreadcrumbList\",\"@id\":\"https:\\\/\\\/lovme.pt\\\/index.php\\\/produto\\\/fun-factory-iku-tighter-masturbator-preto\\\/#breadcrumb\",\"itemListElement\":[{\"@type\":\"ListItem\",\"position\":1,\"name\":\"In\u00edcio\",\"item\":\"https:\\\/\\\/lovme.pt\\\/\"},{\"@type\":\"ListItem\",\"position\":2,\"name\":\"Loja\",\"item\":\"https:\\\/\\\/lovme.pt\\\/index.php\\\/loja\\\/\"},{\"@type\":\"ListItem\",\"position\":3,\"name\":\"FUN FACTORY &#8211; IKU TIGHTER MASTURBATOR PRETO\"}]},{\"@type\":\"WebSite\",\"@id\":\"https:\\\/\\\/lovme.pt\\\/#website\",\"url\":\"https:\\\/\\\/lovme.pt\\\/\",\"name\":\"Lovme Loja Er\u00f3tica N\u00ba1 em Portugal\",\"description\":\"A melhor loja er\u00f3tica de Portugal.\",\"alternateName\":\"Loja Er\u00f3tica Lovme\",\"potentialAction\":[{\"@type\":\"SearchAction\",\"target\":{\"@type\":\"EntryPoint\",\"urlTemplate\":\"https:\\\/\\\/lovme.pt\\\/?s={search_term_string}\"},\"query-input\":{\"@type\":\"PropertyValueSpecification\",\"valueRequired\":true,\"valueName\":\"search_term_string\"}}],\"inLanguage\":\"pt-PT\"}]}<\/script>\n<!-- \/ Yoast SEO plugin. -->","yoast_head_json":{"title":"FUN FACTORY - IKU TIGHTER MASTURBATOR PRETO - Lovme","robots":{"index":"index","follow":"follow","max-snippet":"max-snippet:-1","max-image-preview":"max-image-preview:large","max-video-preview":"max-video-preview:-1"},"canonical":"https:\/\/lovme.pt\/index.php\/produto\/fun-factory-iku-tighter-masturbator-preto\/","og_locale":"pt_PT","og_type":"article","og_title":"FUN FACTORY - IKU TIGHTER MASTURBATOR PRETO - Lovme","og_description":"FUN FACTORY - IKU TIGHTER MASTURBATOR PRETO","og_url":"https:\/\/lovme.pt\/index.php\/produto\/fun-factory-iku-tighter-masturbator-preto\/","og_site_name":"Lovme","article_modified_time":"2026-02-19T20:07:13+00:00","og_image":[{"width":900,"height":900,"url":"https:\/\/erki24nd3ub.exactdn.com\/wp-content\/uploads\/dream\/img\/img_214836_fbdf3a09fbd83938be653860271d083f_1.jpg?strip=all","type":"image\/jpeg"}],"twitter_card":"summary_large_image","twitter_misc":{"Tempo estimado de leitura":"1 minuto"},"schema":{"@context":"https:\/\/schema.org","@graph":[{"@type":"WebPage","@id":"https:\/\/lovme.pt\/index.php\/produto\/fun-factory-iku-tighter-masturbator-preto\/","url":"https:\/\/lovme.pt\/index.php\/produto\/fun-factory-iku-tighter-masturbator-preto\/","name":"FUN FACTORY - IKU TIGHTER MASTURBATOR PRETO - Lovme","isPartOf":{"@id":"https:\/\/lovme.pt\/#website"},"primaryImageOfPage":{"@id":"https:\/\/lovme.pt\/index.php\/produto\/fun-factory-iku-tighter-masturbator-preto\/#primaryimage"},"image":{"@id":"https:\/\/lovme.pt\/index.php\/produto\/fun-factory-iku-tighter-masturbator-preto\/#primaryimage"},"thumbnailUrl":"https:\/\/erki24nd3ub.exactdn.com\/wp-content\/uploads\/dream\/img\/img_214836_fbdf3a09fbd83938be653860271d083f_1.jpg?strip=all","datePublished":"2026-02-05T22:04:43+00:00","dateModified":"2026-02-19T20:07:13+00:00","breadcrumb":{"@id":"https:\/\/lovme.pt\/index.php\/produto\/fun-factory-iku-tighter-masturbator-preto\/#breadcrumb"},"inLanguage":"pt-PT","potentialAction":[{"@type":"ReadAction","target":["https:\/\/lovme.pt\/index.php\/produto\/fun-factory-iku-tighter-masturbator-preto\/"]}]},{"@type":"ImageObject","inLanguage":"pt-PT","@id":"https:\/\/lovme.pt\/index.php\/produto\/fun-factory-iku-tighter-masturbator-preto\/#primaryimage","url":"https:\/\/erki24nd3ub.exactdn.com\/wp-content\/uploads\/dream\/img\/img_214836_fbdf3a09fbd83938be653860271d083f_1.jpg?strip=all","contentUrl":"https:\/\/erki24nd3ub.exactdn.com\/wp-content\/uploads\/dream\/img\/img_214836_fbdf3a09fbd83938be653860271d083f_1.jpg?strip=all","width":900,"height":900},{"@type":"BreadcrumbList","@id":"https:\/\/lovme.pt\/index.php\/produto\/fun-factory-iku-tighter-masturbator-preto\/#breadcrumb","itemListElement":[{"@type":"ListItem","position":1,"name":"In\u00edcio","item":"https:\/\/lovme.pt\/"},{"@type":"ListItem","position":2,"name":"Loja","item":"https:\/\/lovme.pt\/index.php\/loja\/"},{"@type":"ListItem","position":3,"name":"FUN FACTORY &#8211; IKU TIGHTER MASTURBATOR PRETO"}]},{"@type":"WebSite","@id":"https:\/\/lovme.pt\/#website","url":"https:\/\/lovme.pt\/","name":"Lovme Loja Er\u00f3tica N\u00ba1 em Portugal","description":"A melhor loja er\u00f3tica de Portugal.","alternateName":"Loja Er\u00f3tica Lovme","potentialAction":[{"@type":"SearchAction","target":{"@type":"EntryPoint","urlTemplate":"https:\/\/lovme.pt\/?s={search_term_string}"},"query-input":{"@type":"PropertyValueSpecification","valueRequired":true,"valueName":"search_term_string"}}],"inLanguage":"pt-PT"}]}},"_links":{"self":[{"href":"https:\/\/lovme.pt\/index.php\/wp-json\/wp\/v2\/product\/53326","targetHints":{"allow":["GET"]}}],"collection":[{"href":"https:\/\/lovme.pt\/index.php\/wp-json\/wp\/v2\/product"}],"about":[{"href":"https:\/\/lovme.pt\/index.php\/wp-json\/wp\/v2\/types\/product"}],"wp:featuredmedia":[{"embeddable":true,"href":"https:\/\/lovme.pt\/index.php\/wp-json\/wp\/v2\/media\/106754"}],"wp:attachment":[{"href":"https:\/\/lovme.pt\/index.php\/wp-json\/wp\/v2\/media?parent=53326"}],"wp:term":[{"taxonomy":"product_brand","embeddable":true,"href":"https:\/\/lovme.pt\/index.php\/wp-json\/wp\/v2\/product_brand?post=53326"},{"taxonomy":"product_cat","embeddable":true,"href":"https:\/\/lovme.pt\/index.php\/wp-json\/wp\/v2\/product_cat?post=53326"},{"taxonomy":"product_tag","embeddable":true,"href":"https:\/\/lovme.pt\/index.php\/wp-json\/wp\/v2\/product_tag?post=53326"}],"curies":[{"name":"wp","href":"https:\/\/api.w.org\/{rel}","templated":true}]}}