{"id":53318,"date":"2026-02-05T22:02:04","date_gmt":"2026-02-05T22:02:04","guid":{"rendered":"https:\/\/lovme.pt\/?post_type=product&p=53318"},"modified":"2026-02-20T04:00:50","modified_gmt":"2026-02-20T04:00:50","slug":"fun-factory-plug-anal-em-formato-de-bota-tamanho-g-preto","status":"publish","type":"product","link":"https:\/\/lovme.pt\/index.php\/produto\/fun-factory-plug-anal-em-formato-de-bota-tamanho-g-preto\/","title":{"rendered":"FUN FACTORY &#8211; PLUG ANAL EM FORMATO DE BOTA TAMANHO G PRETO"},"content":{"rendered":"<p>Para exploradores anais experientes que buscam um n\u00edvel superior de preenchimento, o BOOTIE L proporciona uma estimula\u00e7\u00e3o profunda e satisfat\u00f3ria. Com seu tamanho avantajado (10,9 cm de comprimento e at\u00e9 3,8 cm de di\u00e2metro), exerce a press\u00e3o ideal para uma experi\u00eancia intensa e arrebatadora. A textura sedosa de silicone garante um deslizamento suave  s\u00f3 n\u00e3o se esque\u00e7a do lubrificante \u00e0 base de \u00e1gua!<\/p>\n<p> <strong>Perfeitamente moldado da base \u00e0 ponta.<\/strong><br \/> O grande diferencial deste design \u00e9 seu formato curvo, que permite a estimula\u00e7\u00e3o precisa da pr\u00f3stata ou do ponto G durante a penetra\u00e7\u00e3o. Al\u00e9m disso, a base flex\u00edvel oferece o m\u00e1ximo conforto. Lembre-se de higienizar bem entre mudan\u00e7as de posi\u00e7\u00e3o ou usar um preservativo novo.<\/p>\n<p> <strong>Prazer discreto, a qualquer hora e em qualquer lugar.<\/strong><br \/> Feito de silicone de alta qualidade e seguro para o corpo, \u00e9 \u00e0 prova d\u00e1gua e muito f\u00e1cil de limpar com sab\u00e3o neutro e \u00e1gua corrente morna, para que voc\u00ea possa se divertir sem preocupa\u00e7\u00f5es a qualquer hora e em qualquer lugar. Desfrute de qualidade duradoura com a garantia de 25 anos da FUN FACTORY.<\/p>\n","protected":false},"excerpt":{"rendered":"<p>FUN FACTORY &#8211; PLUG ANAL EM FORMATO DE BOTA TAMANHO G PRETO<\/p>\n","protected":false},"featured_media":106710,"template":"","meta":{"_acf_changed":false},"product_brand":[],"product_cat":[17,88,62,63],"product_tag":[],"class_list":{"0":"post-53318","1":"product","2":"type-product","3":"status-publish","4":"has-post-thumbnail","6":"product_cat-brinquedos-de-bem-estar-sexual","7":"product_cat-novidades","8":"product_cat-plugues-e-correntes-anais","9":"product_cat-sexo-anal","10":"yith_product_brand-fun-factory","12":"first","13":"instock","14":"taxable","15":"shipping-taxable","16":"purchasable","17":"product-type-simple"},"acf":[],"yoast_head":"<!-- This site is optimized with the Yoast SEO plugin v27.4 - https:\/\/yoast.com\/product\/yoast-seo-wordpress\/ -->\n<title>FUN FACTORY - PLUG ANAL EM FORMATO DE BOTA TAMANHO G PRETO - Lovme<\/title>\n<meta name=\"robots\" content=\"index, follow, max-snippet:-1, max-image-preview:large, max-video-preview:-1\" \/>\n<link rel=\"canonical\" href=\"https:\/\/lovme.pt\/index.php\/produto\/fun-factory-plug-anal-em-formato-de-bota-tamanho-g-preto\/\" \/>\n<meta property=\"og:locale\" content=\"pt_PT\" \/>\n<meta property=\"og:type\" content=\"article\" \/>\n<meta property=\"og:title\" content=\"FUN FACTORY - PLUG ANAL EM FORMATO DE BOTA TAMANHO G PRETO - Lovme\" \/>\n<meta property=\"og:description\" content=\"FUN FACTORY - PLUG ANAL EM FORMATO DE BOTA TAMANHO G PRETO\" \/>\n<meta property=\"og:url\" content=\"https:\/\/lovme.pt\/index.php\/produto\/fun-factory-plug-anal-em-formato-de-bota-tamanho-g-preto\/\" \/>\n<meta property=\"og:site_name\" content=\"Lovme\" \/>\n<meta property=\"article:modified_time\" content=\"2026-02-20T04:00:50+00:00\" \/>\n<meta property=\"og:image\" content=\"https:\/\/erki24nd3ub.exactdn.com\/wp-content\/uploads\/dream\/img\/img_214694_9a9d4a23fe170eadcbf7fb3349b01aea_1.jpg?strip=all\" \/>\n\t<meta property=\"og:image:width\" content=\"900\" \/>\n\t<meta property=\"og:image:height\" content=\"900\" \/>\n\t<meta property=\"og:image:type\" content=\"image\/jpeg\" \/>\n<meta name=\"twitter:card\" content=\"summary_large_image\" \/>\n<meta name=\"twitter:label1\" content=\"Tempo estimado de leitura\" \/>\n\t<meta name=\"twitter:data1\" content=\"1 minuto\" \/>\n<script type=\"application\/ld+json\" class=\"yoast-schema-graph\">{\"@context\":\"https:\\\/\\\/schema.org\",\"@graph\":[{\"@type\":\"WebPage\",\"@id\":\"https:\\\/\\\/lovme.pt\\\/index.php\\\/produto\\\/fun-factory-plug-anal-em-formato-de-bota-tamanho-g-preto\\\/\",\"url\":\"https:\\\/\\\/lovme.pt\\\/index.php\\\/produto\\\/fun-factory-plug-anal-em-formato-de-bota-tamanho-g-preto\\\/\",\"name\":\"FUN FACTORY - PLUG ANAL EM FORMATO DE BOTA TAMANHO G PRETO - Lovme\",\"isPartOf\":{\"@id\":\"https:\\\/\\\/lovme.pt\\\/#website\"},\"primaryImageOfPage\":{\"@id\":\"https:\\\/\\\/lovme.pt\\\/index.php\\\/produto\\\/fun-factory-plug-anal-em-formato-de-bota-tamanho-g-preto\\\/#primaryimage\"},\"image\":{\"@id\":\"https:\\\/\\\/lovme.pt\\\/index.php\\\/produto\\\/fun-factory-plug-anal-em-formato-de-bota-tamanho-g-preto\\\/#primaryimage\"},\"thumbnailUrl\":\"https:\\\/\\\/erki24nd3ub.exactdn.com\\\/wp-content\\\/uploads\\\/dream\\\/img\\\/img_214694_9a9d4a23fe170eadcbf7fb3349b01aea_1.jpg?strip=all\",\"datePublished\":\"2026-02-05T22:02:04+00:00\",\"dateModified\":\"2026-02-20T04:00:50+00:00\",\"breadcrumb\":{\"@id\":\"https:\\\/\\\/lovme.pt\\\/index.php\\\/produto\\\/fun-factory-plug-anal-em-formato-de-bota-tamanho-g-preto\\\/#breadcrumb\"},\"inLanguage\":\"pt-PT\",\"potentialAction\":[{\"@type\":\"ReadAction\",\"target\":[\"https:\\\/\\\/lovme.pt\\\/index.php\\\/produto\\\/fun-factory-plug-anal-em-formato-de-bota-tamanho-g-preto\\\/\"]}]},{\"@type\":\"ImageObject\",\"inLanguage\":\"pt-PT\",\"@id\":\"https:\\\/\\\/lovme.pt\\\/index.php\\\/produto\\\/fun-factory-plug-anal-em-formato-de-bota-tamanho-g-preto\\\/#primaryimage\",\"url\":\"https:\\\/\\\/erki24nd3ub.exactdn.com\\\/wp-content\\\/uploads\\\/dream\\\/img\\\/img_214694_9a9d4a23fe170eadcbf7fb3349b01aea_1.jpg?strip=all\",\"contentUrl\":\"https:\\\/\\\/erki24nd3ub.exactdn.com\\\/wp-content\\\/uploads\\\/dream\\\/img\\\/img_214694_9a9d4a23fe170eadcbf7fb3349b01aea_1.jpg?strip=all\",\"width\":900,\"height\":900},{\"@type\":\"BreadcrumbList\",\"@id\":\"https:\\\/\\\/lovme.pt\\\/index.php\\\/produto\\\/fun-factory-plug-anal-em-formato-de-bota-tamanho-g-preto\\\/#breadcrumb\",\"itemListElement\":[{\"@type\":\"ListItem\",\"position\":1,\"name\":\"In\u00edcio\",\"item\":\"https:\\\/\\\/lovme.pt\\\/\"},{\"@type\":\"ListItem\",\"position\":2,\"name\":\"Loja\",\"item\":\"https:\\\/\\\/lovme.pt\\\/index.php\\\/loja\\\/\"},{\"@type\":\"ListItem\",\"position\":3,\"name\":\"FUN FACTORY &#8211; PLUG ANAL EM FORMATO DE BOTA TAMANHO G PRETO\"}]},{\"@type\":\"WebSite\",\"@id\":\"https:\\\/\\\/lovme.pt\\\/#website\",\"url\":\"https:\\\/\\\/lovme.pt\\\/\",\"name\":\"Lovme Loja Er\u00f3tica N\u00ba1 em Portugal\",\"description\":\"A melhor loja er\u00f3tica de Portugal.\",\"alternateName\":\"Loja Er\u00f3tica Lovme\",\"potentialAction\":[{\"@type\":\"SearchAction\",\"target\":{\"@type\":\"EntryPoint\",\"urlTemplate\":\"https:\\\/\\\/lovme.pt\\\/?s={search_term_string}\"},\"query-input\":{\"@type\":\"PropertyValueSpecification\",\"valueRequired\":true,\"valueName\":\"search_term_string\"}}],\"inLanguage\":\"pt-PT\"}]}<\/script>\n<!-- \/ Yoast SEO plugin. -->","yoast_head_json":{"title":"FUN FACTORY - PLUG ANAL EM FORMATO DE BOTA TAMANHO G PRETO - Lovme","robots":{"index":"index","follow":"follow","max-snippet":"max-snippet:-1","max-image-preview":"max-image-preview:large","max-video-preview":"max-video-preview:-1"},"canonical":"https:\/\/lovme.pt\/index.php\/produto\/fun-factory-plug-anal-em-formato-de-bota-tamanho-g-preto\/","og_locale":"pt_PT","og_type":"article","og_title":"FUN FACTORY - PLUG ANAL EM FORMATO DE BOTA TAMANHO G PRETO - Lovme","og_description":"FUN FACTORY - PLUG ANAL EM FORMATO DE BOTA TAMANHO G PRETO","og_url":"https:\/\/lovme.pt\/index.php\/produto\/fun-factory-plug-anal-em-formato-de-bota-tamanho-g-preto\/","og_site_name":"Lovme","article_modified_time":"2026-02-20T04:00:50+00:00","og_image":[{"width":900,"height":900,"url":"https:\/\/erki24nd3ub.exactdn.com\/wp-content\/uploads\/dream\/img\/img_214694_9a9d4a23fe170eadcbf7fb3349b01aea_1.jpg?strip=all","type":"image\/jpeg"}],"twitter_card":"summary_large_image","twitter_misc":{"Tempo estimado de leitura":"1 minuto"},"schema":{"@context":"https:\/\/schema.org","@graph":[{"@type":"WebPage","@id":"https:\/\/lovme.pt\/index.php\/produto\/fun-factory-plug-anal-em-formato-de-bota-tamanho-g-preto\/","url":"https:\/\/lovme.pt\/index.php\/produto\/fun-factory-plug-anal-em-formato-de-bota-tamanho-g-preto\/","name":"FUN FACTORY - PLUG ANAL EM FORMATO DE BOTA TAMANHO G PRETO - Lovme","isPartOf":{"@id":"https:\/\/lovme.pt\/#website"},"primaryImageOfPage":{"@id":"https:\/\/lovme.pt\/index.php\/produto\/fun-factory-plug-anal-em-formato-de-bota-tamanho-g-preto\/#primaryimage"},"image":{"@id":"https:\/\/lovme.pt\/index.php\/produto\/fun-factory-plug-anal-em-formato-de-bota-tamanho-g-preto\/#primaryimage"},"thumbnailUrl":"https:\/\/erki24nd3ub.exactdn.com\/wp-content\/uploads\/dream\/img\/img_214694_9a9d4a23fe170eadcbf7fb3349b01aea_1.jpg?strip=all","datePublished":"2026-02-05T22:02:04+00:00","dateModified":"2026-02-20T04:00:50+00:00","breadcrumb":{"@id":"https:\/\/lovme.pt\/index.php\/produto\/fun-factory-plug-anal-em-formato-de-bota-tamanho-g-preto\/#breadcrumb"},"inLanguage":"pt-PT","potentialAction":[{"@type":"ReadAction","target":["https:\/\/lovme.pt\/index.php\/produto\/fun-factory-plug-anal-em-formato-de-bota-tamanho-g-preto\/"]}]},{"@type":"ImageObject","inLanguage":"pt-PT","@id":"https:\/\/lovme.pt\/index.php\/produto\/fun-factory-plug-anal-em-formato-de-bota-tamanho-g-preto\/#primaryimage","url":"https:\/\/erki24nd3ub.exactdn.com\/wp-content\/uploads\/dream\/img\/img_214694_9a9d4a23fe170eadcbf7fb3349b01aea_1.jpg?strip=all","contentUrl":"https:\/\/erki24nd3ub.exactdn.com\/wp-content\/uploads\/dream\/img\/img_214694_9a9d4a23fe170eadcbf7fb3349b01aea_1.jpg?strip=all","width":900,"height":900},{"@type":"BreadcrumbList","@id":"https:\/\/lovme.pt\/index.php\/produto\/fun-factory-plug-anal-em-formato-de-bota-tamanho-g-preto\/#breadcrumb","itemListElement":[{"@type":"ListItem","position":1,"name":"In\u00edcio","item":"https:\/\/lovme.pt\/"},{"@type":"ListItem","position":2,"name":"Loja","item":"https:\/\/lovme.pt\/index.php\/loja\/"},{"@type":"ListItem","position":3,"name":"FUN FACTORY &#8211; PLUG ANAL EM FORMATO DE BOTA TAMANHO G PRETO"}]},{"@type":"WebSite","@id":"https:\/\/lovme.pt\/#website","url":"https:\/\/lovme.pt\/","name":"Lovme Loja Er\u00f3tica N\u00ba1 em Portugal","description":"A melhor loja er\u00f3tica de Portugal.","alternateName":"Loja Er\u00f3tica Lovme","potentialAction":[{"@type":"SearchAction","target":{"@type":"EntryPoint","urlTemplate":"https:\/\/lovme.pt\/?s={search_term_string}"},"query-input":{"@type":"PropertyValueSpecification","valueRequired":true,"valueName":"search_term_string"}}],"inLanguage":"pt-PT"}]}},"_links":{"self":[{"href":"https:\/\/lovme.pt\/index.php\/wp-json\/wp\/v2\/product\/53318","targetHints":{"allow":["GET"]}}],"collection":[{"href":"https:\/\/lovme.pt\/index.php\/wp-json\/wp\/v2\/product"}],"about":[{"href":"https:\/\/lovme.pt\/index.php\/wp-json\/wp\/v2\/types\/product"}],"wp:featuredmedia":[{"embeddable":true,"href":"https:\/\/lovme.pt\/index.php\/wp-json\/wp\/v2\/media\/106710"}],"wp:attachment":[{"href":"https:\/\/lovme.pt\/index.php\/wp-json\/wp\/v2\/media?parent=53318"}],"wp:term":[{"taxonomy":"product_brand","embeddable":true,"href":"https:\/\/lovme.pt\/index.php\/wp-json\/wp\/v2\/product_brand?post=53318"},{"taxonomy":"product_cat","embeddable":true,"href":"https:\/\/lovme.pt\/index.php\/wp-json\/wp\/v2\/product_cat?post=53318"},{"taxonomy":"product_tag","embeddable":true,"href":"https:\/\/lovme.pt\/index.php\/wp-json\/wp\/v2\/product_tag?post=53318"}],"curies":[{"name":"wp","href":"https:\/\/api.w.org\/{rel}","templated":true}]}}