{"id":53315,"date":"2026-02-05T22:07:49","date_gmt":"2026-02-05T22:07:49","guid":{"rendered":"https:\/\/lovme.pt\/?post_type=product&p=53315"},"modified":"2026-02-20T04:01:16","modified_gmt":"2026-02-20T04:01:16","slug":"fun-factory-smartballs-duo-bolinhas-de-kegel-roxas","status":"publish","type":"product","link":"https:\/\/lovme.pt\/index.php\/produto\/fun-factory-smartballs-duo-bolinhas-de-kegel-roxas\/","title":{"rendered":"FUN FACTORY &#8211; SMARTBALLS DUO BOLINHAS DE KEGEL ROXAS"},"content":{"rendered":"<p>Pronta para elevar o n\u00edvel do seu treino de assoalho p\u00e9lvico? Com as SMARTBALLS DUO, voc\u00ea pode fazer exatamente isso! Com peso extra para maior prazer, essas bolas de prazer, projetadas por especialistas, ajudam voc\u00ea a trabalhar os m\u00fasculos p\u00e9lvicos e intensificar seus orgasmos.<\/p>\n<p> <strong>Seu treino para orgasmos mais intensos e maior controle.<\/strong><br \/> Os m\u00fasculos s\u00e3o ativados a cada movimento, gra\u00e7as aos pesos m\u00f3veis dentro das bolas e ao peso total de 74 gramas (2,6 oz). Gra\u00e7as \u00e0 ponta c\u00f4nica, as SMARTBALLS DUO s\u00e3o f\u00e1ceis de inserir com lubrificante \u00e0 base de \u00e1gua e permanecem confortavelmente no lugar devido ao seu design ergon\u00f4mico. Seja para intensificar seu treino ou simplesmente para aproveitar o dia, voc\u00ea notar\u00e1 a diferen\u00e7a.<\/p>\n<p> <strong>Resistente \u00e0 \u00e1gua, confort\u00e1vel e eficaz.<\/strong><br \/> As SMARTBALLS DUO s\u00e3o perfeitas para o treino di\u00e1rio, al\u00e9m de auxiliarem na recupera\u00e7\u00e3o p\u00f3s-parto e na preven\u00e7\u00e3o da incontin\u00eancia. Feitas de silicone dur\u00e1vel e seguro para o corpo, com design \u00e0 prova d\u00e1gua (IPX7), s\u00e3o f\u00e1ceis de limpar e feitas para durar. Leve para casa seu personal trainer para sensa\u00e7\u00f5es mais intensas e orgasmos mais fortes hoje mesmo! Desfrute de qualidade duradoura com a garantia de 25 anos da FUN FACTORY.<\/p>\n","protected":false},"excerpt":{"rendered":"<p>FUN FACTORY &#8211; SMARTBALLS DUO BOLINHAS DE KEGEL ROXAS<\/p>\n","protected":false},"featured_media":106836,"template":"","meta":{"_acf_changed":false},"product_brand":[],"product_cat":[54,17,88,61],"product_tag":[],"class_list":{"0":"post-53315","1":"product","2":"type-product","3":"status-publish","4":"has-post-thumbnail","6":"product_cat-bolas-chinesas","7":"product_cat-brinquedos-de-bem-estar-sexual","8":"product_cat-novidades","9":"product_cat-para-elas","10":"yith_product_brand-fun-factory","12":"first","13":"instock","14":"taxable","15":"shipping-taxable","16":"purchasable","17":"product-type-simple"},"acf":[],"yoast_head":"<!-- This site is optimized with the Yoast SEO plugin v27.3 - https:\/\/yoast.com\/product\/yoast-seo-wordpress\/ -->\n<title>FUN FACTORY - SMARTBALLS DUO BOLINHAS DE KEGEL ROXAS - Lovme<\/title>\n<meta name=\"robots\" content=\"index, follow, max-snippet:-1, max-image-preview:large, max-video-preview:-1\" \/>\n<link rel=\"canonical\" href=\"https:\/\/lovme.pt\/index.php\/produto\/fun-factory-smartballs-duo-bolinhas-de-kegel-roxas\/\" \/>\n<meta property=\"og:locale\" content=\"pt_PT\" \/>\n<meta property=\"og:type\" content=\"article\" \/>\n<meta property=\"og:title\" content=\"FUN FACTORY - SMARTBALLS DUO BOLINHAS DE KEGEL ROXAS - Lovme\" \/>\n<meta property=\"og:description\" content=\"FUN FACTORY - SMARTBALLS DUO BOLINHAS DE KEGEL ROXAS\" \/>\n<meta property=\"og:url\" content=\"https:\/\/lovme.pt\/index.php\/produto\/fun-factory-smartballs-duo-bolinhas-de-kegel-roxas\/\" \/>\n<meta property=\"og:site_name\" content=\"Lovme\" \/>\n<meta property=\"article:modified_time\" content=\"2026-02-20T04:01:16+00:00\" \/>\n<meta property=\"og:image\" content=\"https:\/\/erki24nd3ub.exactdn.com\/wp-content\/uploads\/dream\/img\/img_215390_d6f014b62b201b4f214f43a17187429c_1.jpg?strip=all\" \/>\n\t<meta property=\"og:image:width\" content=\"900\" \/>\n\t<meta property=\"og:image:height\" content=\"900\" \/>\n\t<meta property=\"og:image:type\" content=\"image\/jpeg\" \/>\n<meta name=\"twitter:card\" content=\"summary_large_image\" \/>\n<meta name=\"twitter:label1\" content=\"Tempo estimado de leitura\" \/>\n\t<meta name=\"twitter:data1\" content=\"1 minuto\" \/>\n<script type=\"application\/ld+json\" class=\"yoast-schema-graph\">{\"@context\":\"https:\\\/\\\/schema.org\",\"@graph\":[{\"@type\":\"WebPage\",\"@id\":\"https:\\\/\\\/lovme.pt\\\/index.php\\\/produto\\\/fun-factory-smartballs-duo-bolinhas-de-kegel-roxas\\\/\",\"url\":\"https:\\\/\\\/lovme.pt\\\/index.php\\\/produto\\\/fun-factory-smartballs-duo-bolinhas-de-kegel-roxas\\\/\",\"name\":\"FUN FACTORY - SMARTBALLS DUO BOLINHAS DE KEGEL ROXAS - Lovme\",\"isPartOf\":{\"@id\":\"https:\\\/\\\/lovme.pt\\\/#website\"},\"primaryImageOfPage\":{\"@id\":\"https:\\\/\\\/lovme.pt\\\/index.php\\\/produto\\\/fun-factory-smartballs-duo-bolinhas-de-kegel-roxas\\\/#primaryimage\"},\"image\":{\"@id\":\"https:\\\/\\\/lovme.pt\\\/index.php\\\/produto\\\/fun-factory-smartballs-duo-bolinhas-de-kegel-roxas\\\/#primaryimage\"},\"thumbnailUrl\":\"https:\\\/\\\/erki24nd3ub.exactdn.com\\\/wp-content\\\/uploads\\\/dream\\\/img\\\/img_215390_d6f014b62b201b4f214f43a17187429c_1.jpg?strip=all\",\"datePublished\":\"2026-02-05T22:07:49+00:00\",\"dateModified\":\"2026-02-20T04:01:16+00:00\",\"breadcrumb\":{\"@id\":\"https:\\\/\\\/lovme.pt\\\/index.php\\\/produto\\\/fun-factory-smartballs-duo-bolinhas-de-kegel-roxas\\\/#breadcrumb\"},\"inLanguage\":\"pt-PT\",\"potentialAction\":[{\"@type\":\"ReadAction\",\"target\":[\"https:\\\/\\\/lovme.pt\\\/index.php\\\/produto\\\/fun-factory-smartballs-duo-bolinhas-de-kegel-roxas\\\/\"]}]},{\"@type\":\"ImageObject\",\"inLanguage\":\"pt-PT\",\"@id\":\"https:\\\/\\\/lovme.pt\\\/index.php\\\/produto\\\/fun-factory-smartballs-duo-bolinhas-de-kegel-roxas\\\/#primaryimage\",\"url\":\"https:\\\/\\\/erki24nd3ub.exactdn.com\\\/wp-content\\\/uploads\\\/dream\\\/img\\\/img_215390_d6f014b62b201b4f214f43a17187429c_1.jpg?strip=all\",\"contentUrl\":\"https:\\\/\\\/erki24nd3ub.exactdn.com\\\/wp-content\\\/uploads\\\/dream\\\/img\\\/img_215390_d6f014b62b201b4f214f43a17187429c_1.jpg?strip=all\",\"width\":900,\"height\":900},{\"@type\":\"BreadcrumbList\",\"@id\":\"https:\\\/\\\/lovme.pt\\\/index.php\\\/produto\\\/fun-factory-smartballs-duo-bolinhas-de-kegel-roxas\\\/#breadcrumb\",\"itemListElement\":[{\"@type\":\"ListItem\",\"position\":1,\"name\":\"In\u00edcio\",\"item\":\"https:\\\/\\\/lovme.pt\\\/\"},{\"@type\":\"ListItem\",\"position\":2,\"name\":\"Loja\",\"item\":\"https:\\\/\\\/lovme.pt\\\/index.php\\\/loja\\\/\"},{\"@type\":\"ListItem\",\"position\":3,\"name\":\"FUN FACTORY &#8211; SMARTBALLS DUO BOLINHAS DE KEGEL ROXAS\"}]},{\"@type\":\"WebSite\",\"@id\":\"https:\\\/\\\/lovme.pt\\\/#website\",\"url\":\"https:\\\/\\\/lovme.pt\\\/\",\"name\":\"Lovme Loja Er\u00f3tica N\u00ba1 em Portugal\",\"description\":\"A melhor loja er\u00f3tica de Portugal.\",\"alternateName\":\"Loja Er\u00f3tica Lovme\",\"potentialAction\":[{\"@type\":\"SearchAction\",\"target\":{\"@type\":\"EntryPoint\",\"urlTemplate\":\"https:\\\/\\\/lovme.pt\\\/?s={search_term_string}\"},\"query-input\":{\"@type\":\"PropertyValueSpecification\",\"valueRequired\":true,\"valueName\":\"search_term_string\"}}],\"inLanguage\":\"pt-PT\"}]}<\/script>\n<!-- \/ Yoast SEO plugin. -->","yoast_head_json":{"title":"FUN FACTORY - SMARTBALLS DUO BOLINHAS DE KEGEL ROXAS - Lovme","robots":{"index":"index","follow":"follow","max-snippet":"max-snippet:-1","max-image-preview":"max-image-preview:large","max-video-preview":"max-video-preview:-1"},"canonical":"https:\/\/lovme.pt\/index.php\/produto\/fun-factory-smartballs-duo-bolinhas-de-kegel-roxas\/","og_locale":"pt_PT","og_type":"article","og_title":"FUN FACTORY - SMARTBALLS DUO BOLINHAS DE KEGEL ROXAS - Lovme","og_description":"FUN FACTORY - SMARTBALLS DUO BOLINHAS DE KEGEL ROXAS","og_url":"https:\/\/lovme.pt\/index.php\/produto\/fun-factory-smartballs-duo-bolinhas-de-kegel-roxas\/","og_site_name":"Lovme","article_modified_time":"2026-02-20T04:01:16+00:00","og_image":[{"width":900,"height":900,"url":"https:\/\/erki24nd3ub.exactdn.com\/wp-content\/uploads\/dream\/img\/img_215390_d6f014b62b201b4f214f43a17187429c_1.jpg?strip=all","type":"image\/jpeg"}],"twitter_card":"summary_large_image","twitter_misc":{"Tempo estimado de leitura":"1 minuto"},"schema":{"@context":"https:\/\/schema.org","@graph":[{"@type":"WebPage","@id":"https:\/\/lovme.pt\/index.php\/produto\/fun-factory-smartballs-duo-bolinhas-de-kegel-roxas\/","url":"https:\/\/lovme.pt\/index.php\/produto\/fun-factory-smartballs-duo-bolinhas-de-kegel-roxas\/","name":"FUN FACTORY - SMARTBALLS DUO BOLINHAS DE KEGEL ROXAS - Lovme","isPartOf":{"@id":"https:\/\/lovme.pt\/#website"},"primaryImageOfPage":{"@id":"https:\/\/lovme.pt\/index.php\/produto\/fun-factory-smartballs-duo-bolinhas-de-kegel-roxas\/#primaryimage"},"image":{"@id":"https:\/\/lovme.pt\/index.php\/produto\/fun-factory-smartballs-duo-bolinhas-de-kegel-roxas\/#primaryimage"},"thumbnailUrl":"https:\/\/erki24nd3ub.exactdn.com\/wp-content\/uploads\/dream\/img\/img_215390_d6f014b62b201b4f214f43a17187429c_1.jpg?strip=all","datePublished":"2026-02-05T22:07:49+00:00","dateModified":"2026-02-20T04:01:16+00:00","breadcrumb":{"@id":"https:\/\/lovme.pt\/index.php\/produto\/fun-factory-smartballs-duo-bolinhas-de-kegel-roxas\/#breadcrumb"},"inLanguage":"pt-PT","potentialAction":[{"@type":"ReadAction","target":["https:\/\/lovme.pt\/index.php\/produto\/fun-factory-smartballs-duo-bolinhas-de-kegel-roxas\/"]}]},{"@type":"ImageObject","inLanguage":"pt-PT","@id":"https:\/\/lovme.pt\/index.php\/produto\/fun-factory-smartballs-duo-bolinhas-de-kegel-roxas\/#primaryimage","url":"https:\/\/erki24nd3ub.exactdn.com\/wp-content\/uploads\/dream\/img\/img_215390_d6f014b62b201b4f214f43a17187429c_1.jpg?strip=all","contentUrl":"https:\/\/erki24nd3ub.exactdn.com\/wp-content\/uploads\/dream\/img\/img_215390_d6f014b62b201b4f214f43a17187429c_1.jpg?strip=all","width":900,"height":900},{"@type":"BreadcrumbList","@id":"https:\/\/lovme.pt\/index.php\/produto\/fun-factory-smartballs-duo-bolinhas-de-kegel-roxas\/#breadcrumb","itemListElement":[{"@type":"ListItem","position":1,"name":"In\u00edcio","item":"https:\/\/lovme.pt\/"},{"@type":"ListItem","position":2,"name":"Loja","item":"https:\/\/lovme.pt\/index.php\/loja\/"},{"@type":"ListItem","position":3,"name":"FUN FACTORY &#8211; SMARTBALLS DUO BOLINHAS DE KEGEL ROXAS"}]},{"@type":"WebSite","@id":"https:\/\/lovme.pt\/#website","url":"https:\/\/lovme.pt\/","name":"Lovme Loja Er\u00f3tica N\u00ba1 em Portugal","description":"A melhor loja er\u00f3tica de Portugal.","alternateName":"Loja Er\u00f3tica Lovme","potentialAction":[{"@type":"SearchAction","target":{"@type":"EntryPoint","urlTemplate":"https:\/\/lovme.pt\/?s={search_term_string}"},"query-input":{"@type":"PropertyValueSpecification","valueRequired":true,"valueName":"search_term_string"}}],"inLanguage":"pt-PT"}]}},"_links":{"self":[{"href":"https:\/\/lovme.pt\/index.php\/wp-json\/wp\/v2\/product\/53315","targetHints":{"allow":["GET"]}}],"collection":[{"href":"https:\/\/lovme.pt\/index.php\/wp-json\/wp\/v2\/product"}],"about":[{"href":"https:\/\/lovme.pt\/index.php\/wp-json\/wp\/v2\/types\/product"}],"wp:featuredmedia":[{"embeddable":true,"href":"https:\/\/lovme.pt\/index.php\/wp-json\/wp\/v2\/media\/106836"}],"wp:attachment":[{"href":"https:\/\/lovme.pt\/index.php\/wp-json\/wp\/v2\/media?parent=53315"}],"wp:term":[{"taxonomy":"product_brand","embeddable":true,"href":"https:\/\/lovme.pt\/index.php\/wp-json\/wp\/v2\/product_brand?post=53315"},{"taxonomy":"product_cat","embeddable":true,"href":"https:\/\/lovme.pt\/index.php\/wp-json\/wp\/v2\/product_cat?post=53315"},{"taxonomy":"product_tag","embeddable":true,"href":"https:\/\/lovme.pt\/index.php\/wp-json\/wp\/v2\/product_tag?post=53315"}],"curies":[{"name":"wp","href":"https:\/\/api.w.org\/{rel}","templated":true}]}}