{"id":53310,"date":"2026-02-05T22:01:33","date_gmt":"2026-02-05T22:01:33","guid":{"rendered":"https:\/\/lovme.pt\/?post_type=product&p=53310"},"modified":"2026-02-20T04:00:49","modified_gmt":"2026-02-20T04:00:49","slug":"fun-factory-plug-anal-b-ball-uno-preto","status":"publish","type":"product","link":"https:\/\/lovme.pt\/index.php\/produto\/fun-factory-plug-anal-b-ball-uno-preto\/","title":{"rendered":"FUN FACTORY &#8211; PLUG ANAL B-BALL UNO PRETO"},"content":{"rendered":"<p>Pronta para uma adi\u00e7\u00e3o emocionante \u00e0 sua cole\u00e7\u00e3o de bem-estar sexual? O B BALL UNO permite que voc\u00ea experimente sensa\u00e7\u00f5es mais naturais do que as vibra\u00e7\u00f5es comuns. Em seu interior, uma esfera com peso se move a cada movimento, proporcionando sensa\u00e7\u00f5es org\u00e1smicas revigorantes que v\u00e3o al\u00e9m da sensa\u00e7\u00e3o usual de um plug anal. Com 7,3 cm de comprimento e 3,4 cm de di\u00e2metro, ele foi projetado para se ajustar perfeitamente ao seu corpo, enquanto a ponta c\u00f4nica facilita a inser\u00e7\u00e3o.<\/p>\n<p> <strong>Conforto aliado a uma profunda satisfa\u00e7\u00e3o.<\/strong><br \/> Os materiais hipoalerg\u00eanicos e a base plana do B BALL UNO garantem o m\u00e1ximo conforto e seguran\u00e7a, sem interromper o seu prazer. \u00c0 prova d\u00e1gua (IPX7), este plug anal est\u00e1 pronto para te acompanhar onde quer que seus desejos espont\u00e2neos te levem  seja no chuveiro ou na banheira.<\/p>\n<p> <strong>Para momentos inesquec\u00edveis de prazer<\/strong><br \/> Expanda suas possibilidades de prazer e deixe-se surpreender pelos movimentos naturais do B BALL UNO. Perfeito para iniciantes curiosos que desejam explorar um novo n\u00edvel de prazer anal, o B BALL UNO est\u00e1 sempre pronto para brincar com voc\u00ea! Escondido sob suas roupas, \u00e9 um segredo que permanece com voc\u00ea  mesmo durante as compras ou no seu pr\u00f3ximo encontro. Fabricado com materiais de alta qualidade e constru\u00eddo para durar, ele vem com a impressionante garantia de 25 anos da FUN FACTORY, para um prazer em que voc\u00ea pode confiar.<\/p>\n","protected":false},"excerpt":{"rendered":"<p>FUN FACTORY &#8211; PLUG ANAL B-BALL UNO PRETO<\/p>\n","protected":false},"featured_media":106692,"template":"","meta":{"_acf_changed":false},"product_brand":[],"product_cat":[17,88,62,63],"product_tag":[],"class_list":{"0":"post-53310","1":"product","2":"type-product","3":"status-publish","4":"has-post-thumbnail","6":"product_cat-brinquedos-de-bem-estar-sexual","7":"product_cat-novidades","8":"product_cat-plugues-e-correntes-anais","9":"product_cat-sexo-anal","10":"yith_product_brand-fun-factory","12":"first","13":"instock","14":"taxable","15":"shipping-taxable","16":"purchasable","17":"product-type-simple"},"acf":[],"yoast_head":"<!-- This site is optimized with the Yoast SEO plugin v27.4 - https:\/\/yoast.com\/product\/yoast-seo-wordpress\/ -->\n<title>FUN FACTORY - PLUG ANAL B-BALL UNO PRETO - Lovme<\/title>\n<meta name=\"robots\" content=\"index, follow, max-snippet:-1, max-image-preview:large, max-video-preview:-1\" \/>\n<link rel=\"canonical\" href=\"https:\/\/lovme.pt\/index.php\/produto\/fun-factory-plug-anal-b-ball-uno-preto\/\" \/>\n<meta property=\"og:locale\" content=\"pt_PT\" \/>\n<meta property=\"og:type\" content=\"article\" \/>\n<meta property=\"og:title\" content=\"FUN FACTORY - PLUG ANAL B-BALL UNO PRETO - Lovme\" \/>\n<meta property=\"og:description\" content=\"FUN FACTORY - PLUG ANAL B-BALL UNO PRETO\" \/>\n<meta property=\"og:url\" content=\"https:\/\/lovme.pt\/index.php\/produto\/fun-factory-plug-anal-b-ball-uno-preto\/\" \/>\n<meta property=\"og:site_name\" content=\"Lovme\" \/>\n<meta property=\"article:modified_time\" content=\"2026-02-20T04:00:49+00:00\" \/>\n<meta property=\"og:image\" content=\"https:\/\/erki24nd3ub.exactdn.com\/wp-content\/uploads\/dream\/img\/img_214501_30d7fd73c5eb30a3097eb62694b28c86_1.jpg?strip=all\" \/>\n\t<meta property=\"og:image:width\" content=\"900\" \/>\n\t<meta property=\"og:image:height\" content=\"900\" \/>\n\t<meta property=\"og:image:type\" content=\"image\/jpeg\" \/>\n<meta name=\"twitter:card\" content=\"summary_large_image\" \/>\n<meta name=\"twitter:label1\" content=\"Tempo estimado de leitura\" \/>\n\t<meta name=\"twitter:data1\" content=\"1 minuto\" \/>\n<script type=\"application\/ld+json\" class=\"yoast-schema-graph\">{\"@context\":\"https:\\\/\\\/schema.org\",\"@graph\":[{\"@type\":\"WebPage\",\"@id\":\"https:\\\/\\\/lovme.pt\\\/index.php\\\/produto\\\/fun-factory-plug-anal-b-ball-uno-preto\\\/\",\"url\":\"https:\\\/\\\/lovme.pt\\\/index.php\\\/produto\\\/fun-factory-plug-anal-b-ball-uno-preto\\\/\",\"name\":\"FUN FACTORY - PLUG ANAL B-BALL UNO PRETO - Lovme\",\"isPartOf\":{\"@id\":\"https:\\\/\\\/lovme.pt\\\/#website\"},\"primaryImageOfPage\":{\"@id\":\"https:\\\/\\\/lovme.pt\\\/index.php\\\/produto\\\/fun-factory-plug-anal-b-ball-uno-preto\\\/#primaryimage\"},\"image\":{\"@id\":\"https:\\\/\\\/lovme.pt\\\/index.php\\\/produto\\\/fun-factory-plug-anal-b-ball-uno-preto\\\/#primaryimage\"},\"thumbnailUrl\":\"https:\\\/\\\/erki24nd3ub.exactdn.com\\\/wp-content\\\/uploads\\\/dream\\\/img\\\/img_214501_30d7fd73c5eb30a3097eb62694b28c86_1.jpg?strip=all\",\"datePublished\":\"2026-02-05T22:01:33+00:00\",\"dateModified\":\"2026-02-20T04:00:49+00:00\",\"breadcrumb\":{\"@id\":\"https:\\\/\\\/lovme.pt\\\/index.php\\\/produto\\\/fun-factory-plug-anal-b-ball-uno-preto\\\/#breadcrumb\"},\"inLanguage\":\"pt-PT\",\"potentialAction\":[{\"@type\":\"ReadAction\",\"target\":[\"https:\\\/\\\/lovme.pt\\\/index.php\\\/produto\\\/fun-factory-plug-anal-b-ball-uno-preto\\\/\"]}]},{\"@type\":\"ImageObject\",\"inLanguage\":\"pt-PT\",\"@id\":\"https:\\\/\\\/lovme.pt\\\/index.php\\\/produto\\\/fun-factory-plug-anal-b-ball-uno-preto\\\/#primaryimage\",\"url\":\"https:\\\/\\\/erki24nd3ub.exactdn.com\\\/wp-content\\\/uploads\\\/dream\\\/img\\\/img_214501_30d7fd73c5eb30a3097eb62694b28c86_1.jpg?strip=all\",\"contentUrl\":\"https:\\\/\\\/erki24nd3ub.exactdn.com\\\/wp-content\\\/uploads\\\/dream\\\/img\\\/img_214501_30d7fd73c5eb30a3097eb62694b28c86_1.jpg?strip=all\",\"width\":900,\"height\":900},{\"@type\":\"BreadcrumbList\",\"@id\":\"https:\\\/\\\/lovme.pt\\\/index.php\\\/produto\\\/fun-factory-plug-anal-b-ball-uno-preto\\\/#breadcrumb\",\"itemListElement\":[{\"@type\":\"ListItem\",\"position\":1,\"name\":\"In\u00edcio\",\"item\":\"https:\\\/\\\/lovme.pt\\\/\"},{\"@type\":\"ListItem\",\"position\":2,\"name\":\"Loja\",\"item\":\"https:\\\/\\\/lovme.pt\\\/index.php\\\/loja\\\/\"},{\"@type\":\"ListItem\",\"position\":3,\"name\":\"FUN FACTORY &#8211; PLUG ANAL B-BALL UNO PRETO\"}]},{\"@type\":\"WebSite\",\"@id\":\"https:\\\/\\\/lovme.pt\\\/#website\",\"url\":\"https:\\\/\\\/lovme.pt\\\/\",\"name\":\"Lovme Loja Er\u00f3tica N\u00ba1 em Portugal\",\"description\":\"A melhor loja er\u00f3tica de Portugal.\",\"alternateName\":\"Loja Er\u00f3tica Lovme\",\"potentialAction\":[{\"@type\":\"SearchAction\",\"target\":{\"@type\":\"EntryPoint\",\"urlTemplate\":\"https:\\\/\\\/lovme.pt\\\/?s={search_term_string}\"},\"query-input\":{\"@type\":\"PropertyValueSpecification\",\"valueRequired\":true,\"valueName\":\"search_term_string\"}}],\"inLanguage\":\"pt-PT\"}]}<\/script>\n<!-- \/ Yoast SEO plugin. -->","yoast_head_json":{"title":"FUN FACTORY - PLUG ANAL B-BALL UNO PRETO - Lovme","robots":{"index":"index","follow":"follow","max-snippet":"max-snippet:-1","max-image-preview":"max-image-preview:large","max-video-preview":"max-video-preview:-1"},"canonical":"https:\/\/lovme.pt\/index.php\/produto\/fun-factory-plug-anal-b-ball-uno-preto\/","og_locale":"pt_PT","og_type":"article","og_title":"FUN FACTORY - PLUG ANAL B-BALL UNO PRETO - Lovme","og_description":"FUN FACTORY - PLUG ANAL B-BALL UNO PRETO","og_url":"https:\/\/lovme.pt\/index.php\/produto\/fun-factory-plug-anal-b-ball-uno-preto\/","og_site_name":"Lovme","article_modified_time":"2026-02-20T04:00:49+00:00","og_image":[{"width":900,"height":900,"url":"https:\/\/erki24nd3ub.exactdn.com\/wp-content\/uploads\/dream\/img\/img_214501_30d7fd73c5eb30a3097eb62694b28c86_1.jpg?strip=all","type":"image\/jpeg"}],"twitter_card":"summary_large_image","twitter_misc":{"Tempo estimado de leitura":"1 minuto"},"schema":{"@context":"https:\/\/schema.org","@graph":[{"@type":"WebPage","@id":"https:\/\/lovme.pt\/index.php\/produto\/fun-factory-plug-anal-b-ball-uno-preto\/","url":"https:\/\/lovme.pt\/index.php\/produto\/fun-factory-plug-anal-b-ball-uno-preto\/","name":"FUN FACTORY - PLUG ANAL B-BALL UNO PRETO - Lovme","isPartOf":{"@id":"https:\/\/lovme.pt\/#website"},"primaryImageOfPage":{"@id":"https:\/\/lovme.pt\/index.php\/produto\/fun-factory-plug-anal-b-ball-uno-preto\/#primaryimage"},"image":{"@id":"https:\/\/lovme.pt\/index.php\/produto\/fun-factory-plug-anal-b-ball-uno-preto\/#primaryimage"},"thumbnailUrl":"https:\/\/erki24nd3ub.exactdn.com\/wp-content\/uploads\/dream\/img\/img_214501_30d7fd73c5eb30a3097eb62694b28c86_1.jpg?strip=all","datePublished":"2026-02-05T22:01:33+00:00","dateModified":"2026-02-20T04:00:49+00:00","breadcrumb":{"@id":"https:\/\/lovme.pt\/index.php\/produto\/fun-factory-plug-anal-b-ball-uno-preto\/#breadcrumb"},"inLanguage":"pt-PT","potentialAction":[{"@type":"ReadAction","target":["https:\/\/lovme.pt\/index.php\/produto\/fun-factory-plug-anal-b-ball-uno-preto\/"]}]},{"@type":"ImageObject","inLanguage":"pt-PT","@id":"https:\/\/lovme.pt\/index.php\/produto\/fun-factory-plug-anal-b-ball-uno-preto\/#primaryimage","url":"https:\/\/erki24nd3ub.exactdn.com\/wp-content\/uploads\/dream\/img\/img_214501_30d7fd73c5eb30a3097eb62694b28c86_1.jpg?strip=all","contentUrl":"https:\/\/erki24nd3ub.exactdn.com\/wp-content\/uploads\/dream\/img\/img_214501_30d7fd73c5eb30a3097eb62694b28c86_1.jpg?strip=all","width":900,"height":900},{"@type":"BreadcrumbList","@id":"https:\/\/lovme.pt\/index.php\/produto\/fun-factory-plug-anal-b-ball-uno-preto\/#breadcrumb","itemListElement":[{"@type":"ListItem","position":1,"name":"In\u00edcio","item":"https:\/\/lovme.pt\/"},{"@type":"ListItem","position":2,"name":"Loja","item":"https:\/\/lovme.pt\/index.php\/loja\/"},{"@type":"ListItem","position":3,"name":"FUN FACTORY &#8211; PLUG ANAL B-BALL UNO PRETO"}]},{"@type":"WebSite","@id":"https:\/\/lovme.pt\/#website","url":"https:\/\/lovme.pt\/","name":"Lovme Loja Er\u00f3tica N\u00ba1 em Portugal","description":"A melhor loja er\u00f3tica de Portugal.","alternateName":"Loja Er\u00f3tica Lovme","potentialAction":[{"@type":"SearchAction","target":{"@type":"EntryPoint","urlTemplate":"https:\/\/lovme.pt\/?s={search_term_string}"},"query-input":{"@type":"PropertyValueSpecification","valueRequired":true,"valueName":"search_term_string"}}],"inLanguage":"pt-PT"}]}},"_links":{"self":[{"href":"https:\/\/lovme.pt\/index.php\/wp-json\/wp\/v2\/product\/53310","targetHints":{"allow":["GET"]}}],"collection":[{"href":"https:\/\/lovme.pt\/index.php\/wp-json\/wp\/v2\/product"}],"about":[{"href":"https:\/\/lovme.pt\/index.php\/wp-json\/wp\/v2\/types\/product"}],"wp:featuredmedia":[{"embeddable":true,"href":"https:\/\/lovme.pt\/index.php\/wp-json\/wp\/v2\/media\/106692"}],"wp:attachment":[{"href":"https:\/\/lovme.pt\/index.php\/wp-json\/wp\/v2\/media?parent=53310"}],"wp:term":[{"taxonomy":"product_brand","embeddable":true,"href":"https:\/\/lovme.pt\/index.php\/wp-json\/wp\/v2\/product_brand?post=53310"},{"taxonomy":"product_cat","embeddable":true,"href":"https:\/\/lovme.pt\/index.php\/wp-json\/wp\/v2\/product_cat?post=53310"},{"taxonomy":"product_tag","embeddable":true,"href":"https:\/\/lovme.pt\/index.php\/wp-json\/wp\/v2\/product_tag?post=53310"}],"curies":[{"name":"wp","href":"https:\/\/api.w.org\/{rel}","templated":true}]}}