{"id":53304,"date":"2026-02-05T22:07:38","date_gmt":"2026-02-05T22:07:38","guid":{"rendered":"https:\/\/lovme.pt\/?post_type=product&p=53304"},"modified":"2026-02-20T04:01:15","modified_gmt":"2026-02-20T04:01:15","slug":"fun-factory-smartball-uno-bola-de-kegel-roxa","status":"publish","type":"product","link":"https:\/\/lovme.pt\/index.php\/produto\/fun-factory-smartball-uno-bola-de-kegel-roxa\/","title":{"rendered":"FUN FACTORY &#8211; SMARTBALL UNO BOLA DE KEGEL ROXA"},"content":{"rendered":"<p>Com a SMARTBALL UNO, fortalecer os m\u00fasculos p\u00e9lvicos \u00e9 muito f\u00e1cil. A bola com peso interna se move a cada passo, estimulando suavemente os m\u00fasculos. Sem esfor\u00e7o  apenas um assoalho p\u00e9lvico mais forte, orgasmos mais intensos e maior controle sobre o seu prazer.<\/p>\n<p> <strong>Mais forte, mais profundo, mais intenso  seu treino para o assoalho p\u00e9lvico come\u00e7a agora!<\/strong><br \/> Seu formato ergon\u00f4mico e ponta afilada permitem uma inser\u00e7\u00e3o f\u00e1cil, enquanto seu peso leve de 40 gramas o torna o exercitador de assoalho p\u00e9lvico perfeito para iniciantes. Seja durante uma caminhada, em sua rotina di\u00e1ria ou adicionando um toque extra de prazer a uma sess\u00e3o de palmadas, cada movimento se torna uma experi\u00eancia sensual prazerosa. \u00c0 prova d\u00e1gua (IPX7) e feito de silicone seguro para o corpo, o SMARTBALL UNO est\u00e1 sempre pronto para uso! Desfrute de qualidade duradoura com a garantia de 25 anos da FUN FACTORY.<\/p>\n","protected":false},"excerpt":{"rendered":"<p>FUN FACTORY &#8211; SMARTBALL UNO BOLA DE KEGEL ROXA<\/p>\n","protected":false},"featured_media":106830,"template":"","meta":{"_acf_changed":false},"product_brand":[],"product_cat":[54,17,88,61],"product_tag":[],"class_list":{"0":"post-53304","1":"product","2":"type-product","3":"status-publish","4":"has-post-thumbnail","6":"product_cat-bolas-chinesas","7":"product_cat-brinquedos-de-bem-estar-sexual","8":"product_cat-novidades","9":"product_cat-para-elas","10":"yith_product_brand-fun-factory","12":"first","13":"instock","14":"taxable","15":"shipping-taxable","16":"purchasable","17":"product-type-simple"},"acf":[],"yoast_head":"<!-- This site is optimized with the Yoast SEO plugin v27.3 - https:\/\/yoast.com\/product\/yoast-seo-wordpress\/ -->\n<title>FUN FACTORY - SMARTBALL UNO BOLA DE KEGEL ROXA - Lovme<\/title>\n<meta name=\"robots\" content=\"index, follow, max-snippet:-1, max-image-preview:large, max-video-preview:-1\" \/>\n<link rel=\"canonical\" href=\"https:\/\/lovme.pt\/index.php\/produto\/fun-factory-smartball-uno-bola-de-kegel-roxa\/\" \/>\n<meta property=\"og:locale\" content=\"pt_PT\" \/>\n<meta property=\"og:type\" content=\"article\" \/>\n<meta property=\"og:title\" content=\"FUN FACTORY - SMARTBALL UNO BOLA DE KEGEL ROXA - Lovme\" \/>\n<meta property=\"og:description\" content=\"FUN FACTORY - SMARTBALL UNO BOLA DE KEGEL ROXA\" \/>\n<meta property=\"og:url\" content=\"https:\/\/lovme.pt\/index.php\/produto\/fun-factory-smartball-uno-bola-de-kegel-roxa\/\" \/>\n<meta property=\"og:site_name\" content=\"Lovme\" \/>\n<meta property=\"article:modified_time\" content=\"2026-02-20T04:01:15+00:00\" \/>\n<meta property=\"og:image\" content=\"https:\/\/erki24nd3ub.exactdn.com\/wp-content\/uploads\/dream\/img\/img_215385_e5281730e9376f24e1c0b32e94324b66_1.jpg?strip=all\" \/>\n\t<meta property=\"og:image:width\" content=\"900\" \/>\n\t<meta property=\"og:image:height\" content=\"900\" \/>\n\t<meta property=\"og:image:type\" content=\"image\/jpeg\" \/>\n<meta name=\"twitter:card\" content=\"summary_large_image\" \/>\n<meta name=\"twitter:label1\" content=\"Tempo estimado de leitura\" \/>\n\t<meta name=\"twitter:data1\" content=\"1 minuto\" \/>\n<script type=\"application\/ld+json\" class=\"yoast-schema-graph\">{\"@context\":\"https:\\\/\\\/schema.org\",\"@graph\":[{\"@type\":\"WebPage\",\"@id\":\"https:\\\/\\\/lovme.pt\\\/index.php\\\/produto\\\/fun-factory-smartball-uno-bola-de-kegel-roxa\\\/\",\"url\":\"https:\\\/\\\/lovme.pt\\\/index.php\\\/produto\\\/fun-factory-smartball-uno-bola-de-kegel-roxa\\\/\",\"name\":\"FUN FACTORY - SMARTBALL UNO BOLA DE KEGEL ROXA - Lovme\",\"isPartOf\":{\"@id\":\"https:\\\/\\\/lovme.pt\\\/#website\"},\"primaryImageOfPage\":{\"@id\":\"https:\\\/\\\/lovme.pt\\\/index.php\\\/produto\\\/fun-factory-smartball-uno-bola-de-kegel-roxa\\\/#primaryimage\"},\"image\":{\"@id\":\"https:\\\/\\\/lovme.pt\\\/index.php\\\/produto\\\/fun-factory-smartball-uno-bola-de-kegel-roxa\\\/#primaryimage\"},\"thumbnailUrl\":\"https:\\\/\\\/erki24nd3ub.exactdn.com\\\/wp-content\\\/uploads\\\/dream\\\/img\\\/img_215385_e5281730e9376f24e1c0b32e94324b66_1.jpg?strip=all\",\"datePublished\":\"2026-02-05T22:07:38+00:00\",\"dateModified\":\"2026-02-20T04:01:15+00:00\",\"breadcrumb\":{\"@id\":\"https:\\\/\\\/lovme.pt\\\/index.php\\\/produto\\\/fun-factory-smartball-uno-bola-de-kegel-roxa\\\/#breadcrumb\"},\"inLanguage\":\"pt-PT\",\"potentialAction\":[{\"@type\":\"ReadAction\",\"target\":[\"https:\\\/\\\/lovme.pt\\\/index.php\\\/produto\\\/fun-factory-smartball-uno-bola-de-kegel-roxa\\\/\"]}]},{\"@type\":\"ImageObject\",\"inLanguage\":\"pt-PT\",\"@id\":\"https:\\\/\\\/lovme.pt\\\/index.php\\\/produto\\\/fun-factory-smartball-uno-bola-de-kegel-roxa\\\/#primaryimage\",\"url\":\"https:\\\/\\\/erki24nd3ub.exactdn.com\\\/wp-content\\\/uploads\\\/dream\\\/img\\\/img_215385_e5281730e9376f24e1c0b32e94324b66_1.jpg?strip=all\",\"contentUrl\":\"https:\\\/\\\/erki24nd3ub.exactdn.com\\\/wp-content\\\/uploads\\\/dream\\\/img\\\/img_215385_e5281730e9376f24e1c0b32e94324b66_1.jpg?strip=all\",\"width\":900,\"height\":900},{\"@type\":\"BreadcrumbList\",\"@id\":\"https:\\\/\\\/lovme.pt\\\/index.php\\\/produto\\\/fun-factory-smartball-uno-bola-de-kegel-roxa\\\/#breadcrumb\",\"itemListElement\":[{\"@type\":\"ListItem\",\"position\":1,\"name\":\"In\u00edcio\",\"item\":\"https:\\\/\\\/lovme.pt\\\/\"},{\"@type\":\"ListItem\",\"position\":2,\"name\":\"Loja\",\"item\":\"https:\\\/\\\/lovme.pt\\\/index.php\\\/loja\\\/\"},{\"@type\":\"ListItem\",\"position\":3,\"name\":\"FUN FACTORY &#8211; SMARTBALL UNO BOLA DE KEGEL ROXA\"}]},{\"@type\":\"WebSite\",\"@id\":\"https:\\\/\\\/lovme.pt\\\/#website\",\"url\":\"https:\\\/\\\/lovme.pt\\\/\",\"name\":\"Lovme Loja Er\u00f3tica N\u00ba1 em Portugal\",\"description\":\"A melhor loja er\u00f3tica de Portugal.\",\"alternateName\":\"Loja Er\u00f3tica Lovme\",\"potentialAction\":[{\"@type\":\"SearchAction\",\"target\":{\"@type\":\"EntryPoint\",\"urlTemplate\":\"https:\\\/\\\/lovme.pt\\\/?s={search_term_string}\"},\"query-input\":{\"@type\":\"PropertyValueSpecification\",\"valueRequired\":true,\"valueName\":\"search_term_string\"}}],\"inLanguage\":\"pt-PT\"}]}<\/script>\n<!-- \/ Yoast SEO plugin. -->","yoast_head_json":{"title":"FUN FACTORY - SMARTBALL UNO BOLA DE KEGEL ROXA - Lovme","robots":{"index":"index","follow":"follow","max-snippet":"max-snippet:-1","max-image-preview":"max-image-preview:large","max-video-preview":"max-video-preview:-1"},"canonical":"https:\/\/lovme.pt\/index.php\/produto\/fun-factory-smartball-uno-bola-de-kegel-roxa\/","og_locale":"pt_PT","og_type":"article","og_title":"FUN FACTORY - SMARTBALL UNO BOLA DE KEGEL ROXA - Lovme","og_description":"FUN FACTORY - SMARTBALL UNO BOLA DE KEGEL ROXA","og_url":"https:\/\/lovme.pt\/index.php\/produto\/fun-factory-smartball-uno-bola-de-kegel-roxa\/","og_site_name":"Lovme","article_modified_time":"2026-02-20T04:01:15+00:00","og_image":[{"width":900,"height":900,"url":"https:\/\/erki24nd3ub.exactdn.com\/wp-content\/uploads\/dream\/img\/img_215385_e5281730e9376f24e1c0b32e94324b66_1.jpg?strip=all","type":"image\/jpeg"}],"twitter_card":"summary_large_image","twitter_misc":{"Tempo estimado de leitura":"1 minuto"},"schema":{"@context":"https:\/\/schema.org","@graph":[{"@type":"WebPage","@id":"https:\/\/lovme.pt\/index.php\/produto\/fun-factory-smartball-uno-bola-de-kegel-roxa\/","url":"https:\/\/lovme.pt\/index.php\/produto\/fun-factory-smartball-uno-bola-de-kegel-roxa\/","name":"FUN FACTORY - SMARTBALL UNO BOLA DE KEGEL ROXA - Lovme","isPartOf":{"@id":"https:\/\/lovme.pt\/#website"},"primaryImageOfPage":{"@id":"https:\/\/lovme.pt\/index.php\/produto\/fun-factory-smartball-uno-bola-de-kegel-roxa\/#primaryimage"},"image":{"@id":"https:\/\/lovme.pt\/index.php\/produto\/fun-factory-smartball-uno-bola-de-kegel-roxa\/#primaryimage"},"thumbnailUrl":"https:\/\/erki24nd3ub.exactdn.com\/wp-content\/uploads\/dream\/img\/img_215385_e5281730e9376f24e1c0b32e94324b66_1.jpg?strip=all","datePublished":"2026-02-05T22:07:38+00:00","dateModified":"2026-02-20T04:01:15+00:00","breadcrumb":{"@id":"https:\/\/lovme.pt\/index.php\/produto\/fun-factory-smartball-uno-bola-de-kegel-roxa\/#breadcrumb"},"inLanguage":"pt-PT","potentialAction":[{"@type":"ReadAction","target":["https:\/\/lovme.pt\/index.php\/produto\/fun-factory-smartball-uno-bola-de-kegel-roxa\/"]}]},{"@type":"ImageObject","inLanguage":"pt-PT","@id":"https:\/\/lovme.pt\/index.php\/produto\/fun-factory-smartball-uno-bola-de-kegel-roxa\/#primaryimage","url":"https:\/\/erki24nd3ub.exactdn.com\/wp-content\/uploads\/dream\/img\/img_215385_e5281730e9376f24e1c0b32e94324b66_1.jpg?strip=all","contentUrl":"https:\/\/erki24nd3ub.exactdn.com\/wp-content\/uploads\/dream\/img\/img_215385_e5281730e9376f24e1c0b32e94324b66_1.jpg?strip=all","width":900,"height":900},{"@type":"BreadcrumbList","@id":"https:\/\/lovme.pt\/index.php\/produto\/fun-factory-smartball-uno-bola-de-kegel-roxa\/#breadcrumb","itemListElement":[{"@type":"ListItem","position":1,"name":"In\u00edcio","item":"https:\/\/lovme.pt\/"},{"@type":"ListItem","position":2,"name":"Loja","item":"https:\/\/lovme.pt\/index.php\/loja\/"},{"@type":"ListItem","position":3,"name":"FUN FACTORY &#8211; SMARTBALL UNO BOLA DE KEGEL ROXA"}]},{"@type":"WebSite","@id":"https:\/\/lovme.pt\/#website","url":"https:\/\/lovme.pt\/","name":"Lovme Loja Er\u00f3tica N\u00ba1 em Portugal","description":"A melhor loja er\u00f3tica de Portugal.","alternateName":"Loja Er\u00f3tica Lovme","potentialAction":[{"@type":"SearchAction","target":{"@type":"EntryPoint","urlTemplate":"https:\/\/lovme.pt\/?s={search_term_string}"},"query-input":{"@type":"PropertyValueSpecification","valueRequired":true,"valueName":"search_term_string"}}],"inLanguage":"pt-PT"}]}},"_links":{"self":[{"href":"https:\/\/lovme.pt\/index.php\/wp-json\/wp\/v2\/product\/53304","targetHints":{"allow":["GET"]}}],"collection":[{"href":"https:\/\/lovme.pt\/index.php\/wp-json\/wp\/v2\/product"}],"about":[{"href":"https:\/\/lovme.pt\/index.php\/wp-json\/wp\/v2\/types\/product"}],"wp:featuredmedia":[{"embeddable":true,"href":"https:\/\/lovme.pt\/index.php\/wp-json\/wp\/v2\/media\/106830"}],"wp:attachment":[{"href":"https:\/\/lovme.pt\/index.php\/wp-json\/wp\/v2\/media?parent=53304"}],"wp:term":[{"taxonomy":"product_brand","embeddable":true,"href":"https:\/\/lovme.pt\/index.php\/wp-json\/wp\/v2\/product_brand?post=53304"},{"taxonomy":"product_cat","embeddable":true,"href":"https:\/\/lovme.pt\/index.php\/wp-json\/wp\/v2\/product_cat?post=53304"},{"taxonomy":"product_tag","embeddable":true,"href":"https:\/\/lovme.pt\/index.php\/wp-json\/wp\/v2\/product_tag?post=53304"}],"curies":[{"name":"wp","href":"https:\/\/api.w.org\/{rel}","templated":true}]}}