{"id":53297,"date":"2026-02-05T22:02:56","date_gmt":"2026-02-05T22:02:56","guid":{"rendered":"https:\/\/lovme.pt\/?post_type=product&p=53297"},"modified":"2026-02-19T20:05:27","modified_gmt":"2026-02-19T20:05:27","slug":"fun-factory-copo-menstrual-fun-tamanho-a-groselha-preta","status":"publish","type":"product","link":"https:\/\/lovme.pt\/index.php\/produto\/fun-factory-copo-menstrual-fun-tamanho-a-groselha-preta\/","title":{"rendered":"FUN FACTORY &#8211; COPO MENSTRUAL FUN TAMANHO A GROSELHA PRETA"},"content":{"rendered":"<p>Com o FUN CUP, voc\u00ea experimentar\u00e1 um novo n\u00edvel de conforto e liberdade durante o per\u00edodo menstrual. Ele comporta de 4 a 6 vezes mais fluxo do que um absorvente interno e se adapta individualmente ao seu corpo. Gra\u00e7as \u00e0 superf\u00edcie macia e higi\u00eanica feita de silicone flex\u00edvel de grau m\u00e9dico, ele se encaixa de forma confort\u00e1vel e segura, podendo ser facilmente ajustado. O coletor menstrual \u00e9 reutiliz\u00e1vel, f\u00e1cil de limpar e oferece prote\u00e7\u00e3o contra vazamentos por at\u00e9 12 horas. Al\u00e9m de economizar dinheiro, voc\u00ea tamb\u00e9m estar\u00e1 contribuindo para a prote\u00e7\u00e3o ambiental  tudo isso sem abrir m\u00e3o da qualidade.<\/p>\n<p> <strong>Tamanho A: leve e sem esfor\u00e7o<\/strong><br \/> Procurando uma op\u00e7\u00e3o confort\u00e1vel para dias de fluxo leve ou com canal vaginal mais curto? Com capacidade de 20 ml, o FUN CUP Tamanho A oferece uma alternativa segura e discreta aos absorventes internos e externos. Seu design flex\u00edvel se adapta perfeitamente ao seu corpo, enquanto a al\u00e7a pr\u00e1tica facilita a remo\u00e7\u00e3o. Ap\u00f3s o uso, lave bem o seu FUN CUP com \u00e1gua morna e sabonete neutro e sem perfume, dando aten\u00e7\u00e3o especial aos locais de dif\u00edcil acesso. Para uma limpeza mais profunda, basta ferv\u00ea-lo por tr\u00eas minutos e deix\u00e1-lo secar completamente ao ar livre antes de usar novamente.<\/p>\n<p> <strong>Sua companheira flex\u00edvel para per\u00edodos sem preocupa\u00e7\u00f5es.<\/strong><br \/> Com o FUN CUP, desfrute de total liberdade de movimentos durante o per\u00edodo menstrual, al\u00e9m de atividades como sexo oral ou penetra\u00e7\u00e3o suave. Adquira seu novo acess\u00f3rio menstrual e diga adeus aos absorventes e tamp\u00f5es! Aproveite a qualidade duradoura com a garantia de 25 anos da FUN FACTORY.<\/p>\n","protected":false},"excerpt":{"rendered":"<p>FUN FACTORY &#8211; COPO MENSTRUAL FUN TAMANHO A GROSELHA PRETA<\/p>\n","protected":false},"featured_media":106722,"template":"","meta":{"_acf_changed":false},"product_brand":[],"product_cat":[49,88,74],"product_tag":[],"class_list":{"0":"post-53297","1":"product","2":"type-product","3":"status-publish","4":"has-post-thumbnail","6":"product_cat-cosmeticos","7":"product_cat-novidades","8":"product_cat-saude-menstrual","9":"yith_product_brand-fun-factory","11":"first","12":"instock","13":"taxable","14":"shipping-taxable","15":"purchasable","16":"product-type-simple"},"acf":[],"yoast_head":"<!-- This site is optimized with the Yoast SEO plugin v27.4 - https:\/\/yoast.com\/product\/yoast-seo-wordpress\/ -->\n<title>FUN FACTORY - COPO MENSTRUAL FUN TAMANHO A GROSELHA PRETA - Lovme<\/title>\n<meta name=\"robots\" content=\"index, follow, max-snippet:-1, max-image-preview:large, max-video-preview:-1\" \/>\n<link rel=\"canonical\" href=\"https:\/\/lovme.pt\/index.php\/produto\/fun-factory-copo-menstrual-fun-tamanho-a-groselha-preta\/\" \/>\n<meta property=\"og:locale\" content=\"pt_PT\" \/>\n<meta property=\"og:type\" content=\"article\" \/>\n<meta property=\"og:title\" content=\"FUN FACTORY - COPO MENSTRUAL FUN TAMANHO A GROSELHA PRETA - Lovme\" \/>\n<meta property=\"og:description\" content=\"FUN FACTORY - COPO MENSTRUAL FUN TAMANHO A GROSELHA PRETA\" \/>\n<meta property=\"og:url\" content=\"https:\/\/lovme.pt\/index.php\/produto\/fun-factory-copo-menstrual-fun-tamanho-a-groselha-preta\/\" \/>\n<meta property=\"og:site_name\" content=\"Lovme\" \/>\n<meta property=\"article:modified_time\" content=\"2026-02-19T20:05:27+00:00\" \/>\n<meta property=\"og:image\" content=\"https:\/\/erki24nd3ub.exactdn.com\/wp-content\/uploads\/dream\/img\/img_214815_de120a9d7afed898203e3b1888bb0450_1.jpg?strip=all\" \/>\n\t<meta property=\"og:image:width\" content=\"900\" \/>\n\t<meta property=\"og:image:height\" content=\"900\" \/>\n\t<meta property=\"og:image:type\" content=\"image\/jpeg\" \/>\n<meta name=\"twitter:card\" content=\"summary_large_image\" \/>\n<meta name=\"twitter:label1\" content=\"Tempo estimado de leitura\" \/>\n\t<meta name=\"twitter:data1\" content=\"1 minuto\" \/>\n<script type=\"application\/ld+json\" class=\"yoast-schema-graph\">{\"@context\":\"https:\\\/\\\/schema.org\",\"@graph\":[{\"@type\":\"WebPage\",\"@id\":\"https:\\\/\\\/lovme.pt\\\/index.php\\\/produto\\\/fun-factory-copo-menstrual-fun-tamanho-a-groselha-preta\\\/\",\"url\":\"https:\\\/\\\/lovme.pt\\\/index.php\\\/produto\\\/fun-factory-copo-menstrual-fun-tamanho-a-groselha-preta\\\/\",\"name\":\"FUN FACTORY - COPO MENSTRUAL FUN TAMANHO A GROSELHA PRETA - Lovme\",\"isPartOf\":{\"@id\":\"https:\\\/\\\/lovme.pt\\\/#website\"},\"primaryImageOfPage\":{\"@id\":\"https:\\\/\\\/lovme.pt\\\/index.php\\\/produto\\\/fun-factory-copo-menstrual-fun-tamanho-a-groselha-preta\\\/#primaryimage\"},\"image\":{\"@id\":\"https:\\\/\\\/lovme.pt\\\/index.php\\\/produto\\\/fun-factory-copo-menstrual-fun-tamanho-a-groselha-preta\\\/#primaryimage\"},\"thumbnailUrl\":\"https:\\\/\\\/erki24nd3ub.exactdn.com\\\/wp-content\\\/uploads\\\/dream\\\/img\\\/img_214815_de120a9d7afed898203e3b1888bb0450_1.jpg?strip=all\",\"datePublished\":\"2026-02-05T22:02:56+00:00\",\"dateModified\":\"2026-02-19T20:05:27+00:00\",\"breadcrumb\":{\"@id\":\"https:\\\/\\\/lovme.pt\\\/index.php\\\/produto\\\/fun-factory-copo-menstrual-fun-tamanho-a-groselha-preta\\\/#breadcrumb\"},\"inLanguage\":\"pt-PT\",\"potentialAction\":[{\"@type\":\"ReadAction\",\"target\":[\"https:\\\/\\\/lovme.pt\\\/index.php\\\/produto\\\/fun-factory-copo-menstrual-fun-tamanho-a-groselha-preta\\\/\"]}]},{\"@type\":\"ImageObject\",\"inLanguage\":\"pt-PT\",\"@id\":\"https:\\\/\\\/lovme.pt\\\/index.php\\\/produto\\\/fun-factory-copo-menstrual-fun-tamanho-a-groselha-preta\\\/#primaryimage\",\"url\":\"https:\\\/\\\/erki24nd3ub.exactdn.com\\\/wp-content\\\/uploads\\\/dream\\\/img\\\/img_214815_de120a9d7afed898203e3b1888bb0450_1.jpg?strip=all\",\"contentUrl\":\"https:\\\/\\\/erki24nd3ub.exactdn.com\\\/wp-content\\\/uploads\\\/dream\\\/img\\\/img_214815_de120a9d7afed898203e3b1888bb0450_1.jpg?strip=all\",\"width\":900,\"height\":900},{\"@type\":\"BreadcrumbList\",\"@id\":\"https:\\\/\\\/lovme.pt\\\/index.php\\\/produto\\\/fun-factory-copo-menstrual-fun-tamanho-a-groselha-preta\\\/#breadcrumb\",\"itemListElement\":[{\"@type\":\"ListItem\",\"position\":1,\"name\":\"In\u00edcio\",\"item\":\"https:\\\/\\\/lovme.pt\\\/\"},{\"@type\":\"ListItem\",\"position\":2,\"name\":\"Loja\",\"item\":\"https:\\\/\\\/lovme.pt\\\/index.php\\\/loja\\\/\"},{\"@type\":\"ListItem\",\"position\":3,\"name\":\"FUN FACTORY &#8211; COPO MENSTRUAL FUN TAMANHO A GROSELHA PRETA\"}]},{\"@type\":\"WebSite\",\"@id\":\"https:\\\/\\\/lovme.pt\\\/#website\",\"url\":\"https:\\\/\\\/lovme.pt\\\/\",\"name\":\"Lovme Loja Er\u00f3tica N\u00ba1 em Portugal\",\"description\":\"A melhor loja er\u00f3tica de Portugal.\",\"alternateName\":\"Loja Er\u00f3tica Lovme\",\"potentialAction\":[{\"@type\":\"SearchAction\",\"target\":{\"@type\":\"EntryPoint\",\"urlTemplate\":\"https:\\\/\\\/lovme.pt\\\/?s={search_term_string}\"},\"query-input\":{\"@type\":\"PropertyValueSpecification\",\"valueRequired\":true,\"valueName\":\"search_term_string\"}}],\"inLanguage\":\"pt-PT\"}]}<\/script>\n<!-- \/ Yoast SEO plugin. -->","yoast_head_json":{"title":"FUN FACTORY - COPO MENSTRUAL FUN TAMANHO A GROSELHA PRETA - Lovme","robots":{"index":"index","follow":"follow","max-snippet":"max-snippet:-1","max-image-preview":"max-image-preview:large","max-video-preview":"max-video-preview:-1"},"canonical":"https:\/\/lovme.pt\/index.php\/produto\/fun-factory-copo-menstrual-fun-tamanho-a-groselha-preta\/","og_locale":"pt_PT","og_type":"article","og_title":"FUN FACTORY - COPO MENSTRUAL FUN TAMANHO A GROSELHA PRETA - Lovme","og_description":"FUN FACTORY - COPO MENSTRUAL FUN TAMANHO A GROSELHA PRETA","og_url":"https:\/\/lovme.pt\/index.php\/produto\/fun-factory-copo-menstrual-fun-tamanho-a-groselha-preta\/","og_site_name":"Lovme","article_modified_time":"2026-02-19T20:05:27+00:00","og_image":[{"width":900,"height":900,"url":"https:\/\/erki24nd3ub.exactdn.com\/wp-content\/uploads\/dream\/img\/img_214815_de120a9d7afed898203e3b1888bb0450_1.jpg?strip=all","type":"image\/jpeg"}],"twitter_card":"summary_large_image","twitter_misc":{"Tempo estimado de leitura":"1 minuto"},"schema":{"@context":"https:\/\/schema.org","@graph":[{"@type":"WebPage","@id":"https:\/\/lovme.pt\/index.php\/produto\/fun-factory-copo-menstrual-fun-tamanho-a-groselha-preta\/","url":"https:\/\/lovme.pt\/index.php\/produto\/fun-factory-copo-menstrual-fun-tamanho-a-groselha-preta\/","name":"FUN FACTORY - COPO MENSTRUAL FUN TAMANHO A GROSELHA PRETA - Lovme","isPartOf":{"@id":"https:\/\/lovme.pt\/#website"},"primaryImageOfPage":{"@id":"https:\/\/lovme.pt\/index.php\/produto\/fun-factory-copo-menstrual-fun-tamanho-a-groselha-preta\/#primaryimage"},"image":{"@id":"https:\/\/lovme.pt\/index.php\/produto\/fun-factory-copo-menstrual-fun-tamanho-a-groselha-preta\/#primaryimage"},"thumbnailUrl":"https:\/\/erki24nd3ub.exactdn.com\/wp-content\/uploads\/dream\/img\/img_214815_de120a9d7afed898203e3b1888bb0450_1.jpg?strip=all","datePublished":"2026-02-05T22:02:56+00:00","dateModified":"2026-02-19T20:05:27+00:00","breadcrumb":{"@id":"https:\/\/lovme.pt\/index.php\/produto\/fun-factory-copo-menstrual-fun-tamanho-a-groselha-preta\/#breadcrumb"},"inLanguage":"pt-PT","potentialAction":[{"@type":"ReadAction","target":["https:\/\/lovme.pt\/index.php\/produto\/fun-factory-copo-menstrual-fun-tamanho-a-groselha-preta\/"]}]},{"@type":"ImageObject","inLanguage":"pt-PT","@id":"https:\/\/lovme.pt\/index.php\/produto\/fun-factory-copo-menstrual-fun-tamanho-a-groselha-preta\/#primaryimage","url":"https:\/\/erki24nd3ub.exactdn.com\/wp-content\/uploads\/dream\/img\/img_214815_de120a9d7afed898203e3b1888bb0450_1.jpg?strip=all","contentUrl":"https:\/\/erki24nd3ub.exactdn.com\/wp-content\/uploads\/dream\/img\/img_214815_de120a9d7afed898203e3b1888bb0450_1.jpg?strip=all","width":900,"height":900},{"@type":"BreadcrumbList","@id":"https:\/\/lovme.pt\/index.php\/produto\/fun-factory-copo-menstrual-fun-tamanho-a-groselha-preta\/#breadcrumb","itemListElement":[{"@type":"ListItem","position":1,"name":"In\u00edcio","item":"https:\/\/lovme.pt\/"},{"@type":"ListItem","position":2,"name":"Loja","item":"https:\/\/lovme.pt\/index.php\/loja\/"},{"@type":"ListItem","position":3,"name":"FUN FACTORY &#8211; COPO MENSTRUAL FUN TAMANHO A GROSELHA PRETA"}]},{"@type":"WebSite","@id":"https:\/\/lovme.pt\/#website","url":"https:\/\/lovme.pt\/","name":"Lovme Loja Er\u00f3tica N\u00ba1 em Portugal","description":"A melhor loja er\u00f3tica de Portugal.","alternateName":"Loja Er\u00f3tica Lovme","potentialAction":[{"@type":"SearchAction","target":{"@type":"EntryPoint","urlTemplate":"https:\/\/lovme.pt\/?s={search_term_string}"},"query-input":{"@type":"PropertyValueSpecification","valueRequired":true,"valueName":"search_term_string"}}],"inLanguage":"pt-PT"}]}},"_links":{"self":[{"href":"https:\/\/lovme.pt\/index.php\/wp-json\/wp\/v2\/product\/53297","targetHints":{"allow":["GET"]}}],"collection":[{"href":"https:\/\/lovme.pt\/index.php\/wp-json\/wp\/v2\/product"}],"about":[{"href":"https:\/\/lovme.pt\/index.php\/wp-json\/wp\/v2\/types\/product"}],"wp:featuredmedia":[{"embeddable":true,"href":"https:\/\/lovme.pt\/index.php\/wp-json\/wp\/v2\/media\/106722"}],"wp:attachment":[{"href":"https:\/\/lovme.pt\/index.php\/wp-json\/wp\/v2\/media?parent=53297"}],"wp:term":[{"taxonomy":"product_brand","embeddable":true,"href":"https:\/\/lovme.pt\/index.php\/wp-json\/wp\/v2\/product_brand?post=53297"},{"taxonomy":"product_cat","embeddable":true,"href":"https:\/\/lovme.pt\/index.php\/wp-json\/wp\/v2\/product_cat?post=53297"},{"taxonomy":"product_tag","embeddable":true,"href":"https:\/\/lovme.pt\/index.php\/wp-json\/wp\/v2\/product_tag?post=53297"}],"curies":[{"name":"wp","href":"https:\/\/api.w.org\/{rel}","templated":true}]}}