{"id":53272,"date":"2025-09-30T09:35:08","date_gmt":"2025-09-30T09:35:08","guid":{"rendered":"https:\/\/lovme.pt\/?post_type=product&p=53272"},"modified":"2026-02-19T20:00:59","modified_gmt":"2026-02-19T20:00:59","slug":"silexd-helena-natural-feminino-torso-realista","status":"publish","type":"product","link":"https:\/\/lovme.pt\/index.php\/produto\/silexd-helena-natural-feminino-torso-realista\/","title":{"rendered":"SILEXD &#8211; HELENA NATURAL FEMININO TORSO REALISTA"},"content":{"rendered":"<p>O modelo <strong>SILEXD<\/strong> Helena \u00e9 um torso feminino realista e de alta qualidade, projetado para oferecer uma experi\u00eancia visual e t\u00e1til aut\u00eantica. Feito com materiais de \u00faltima gera\u00e7\u00e3o, combina tecnologia, est\u00e9tica e funcionalidade em uma \u00fanica pe\u00e7a.<\/p>\n<p> <u><strong>HELENA  Boneca Sexual Realista de Silicone Premium<\/strong><\/u><\/p>\n<ul>\n<li> <strong>Design ultrarrealista<\/strong> : curvas sensuais, ar\u00e9olas detalhadas e textura de pele realista para uma experi\u00eancia verdadeiramente envolvente.<\/li>\n<li> <strong>T\u00faneis \u00edntimos duplos<\/strong> : entradas vaginais e anais com interiores texturizados ultra-apertados, projetados para m\u00e1xima estimula\u00e7\u00e3o.<\/li>\n<li> <strong>Sensa\u00e7\u00e3o suave e aveludada<\/strong> : o silicone premium \u00e9 macio, quente e incrivelmente realista em contato com a pele.<\/li>\n<li> <strong>Seios grandes e bumbum arredondado<\/strong> : curvas femininas perfeitamente esculpidas &#8211; um convite irresist\u00edvel ao prazer.<\/li>\n<li> <strong>Materiais seguros e de alta qualidade<\/strong> : feitos com silicone ultramacio e Silexpan: livre de ftalatos, hipoalerg\u00eanico e seguro para o corpo.<\/li>\n<li> <strong>Detalhes hiper-realistas<\/strong> : Veias sutis, blush natural e imperfei\u00e7\u00f5es delicadas fazem com que cada cent\u00edmetro pare\u00e7a e seja real.<\/li>\n<li> <strong>Tamanho e peso ideais<\/strong> : Est\u00e1vel e f\u00e1cil de manusear, perfeito para sess\u00f5es solo intensas e realiza\u00e7\u00e3o de fantasias.<\/li>\n<\/ul>\n<p> <u><strong>TAMANHOS<\/strong><\/u> :<\/p>\n<ul>\n<li> <strong>Altura<\/strong> : 48 cm<\/li>\n<li> <strong>Peso<\/strong> : 8,7 kg<\/li>\n<li> <strong>Profundidade vaginal<\/strong> : 17,3 cm<\/li>\n<li> <strong>Profundidade anal<\/strong> : 15,6 cm<\/li>\n<li> <strong>Circunfer\u00eancia do busto superior<\/strong> : 71 cm<\/li>\n<li> <strong>Circunfer\u00eancia abaixo do busto<\/strong> : 57 cm<\/li>\n<li> <strong>Tamanho do copo<\/strong> : 71B<\/li>\n<li> <strong>Materiais<\/strong> : Silicone premium ultramacio e Silexpan<\/li>\n<\/ul>\n","protected":false},"excerpt":{"rendered":"<p>SILEXD &#8211; HELENA NATURAL FEMININO TORSO REALISTA<\/p>\n","protected":false},"featured_media":54001,"template":"","meta":{"_acf_changed":false},"product_brand":[],"product_cat":[17,15],"product_tag":[],"class_list":{"0":"post-53272","1":"product","2":"type-product","3":"status-publish","4":"has-post-thumbnail","6":"product_cat-brinquedos-de-bem-estar-sexual","7":"product_cat-loja","8":"yith_product_brand-silexd","10":"first","11":"instock","12":"taxable","13":"shipping-taxable","14":"purchasable","15":"product-type-simple"},"acf":[],"yoast_head":"<!-- This site is optimized with the Yoast SEO plugin v27.4 - https:\/\/yoast.com\/product\/yoast-seo-wordpress\/ -->\n<title>SILEXD - HELENA NATURAL FEMININO TORSO REALISTA - Lovme<\/title>\n<meta name=\"robots\" content=\"index, follow, max-snippet:-1, max-image-preview:large, max-video-preview:-1\" \/>\n<link rel=\"canonical\" href=\"https:\/\/lovme.pt\/index.php\/produto\/silexd-helena-natural-feminino-torso-realista\/\" \/>\n<meta property=\"og:locale\" content=\"pt_PT\" \/>\n<meta property=\"og:type\" content=\"article\" \/>\n<meta property=\"og:title\" content=\"SILEXD - HELENA NATURAL FEMININO TORSO REALISTA - Lovme\" \/>\n<meta property=\"og:description\" content=\"SILEXD - HELENA NATURAL FEMININO TORSO REALISTA\" \/>\n<meta property=\"og:url\" content=\"https:\/\/lovme.pt\/index.php\/produto\/silexd-helena-natural-feminino-torso-realista\/\" \/>\n<meta property=\"og:site_name\" content=\"Lovme\" \/>\n<meta property=\"article:modified_time\" content=\"2026-02-19T20:00:59+00:00\" \/>\n<meta property=\"og:image\" content=\"https:\/\/erki24nd3ub.exactdn.com\/wp-content\/uploads\/dream\/img\/img_212375_df982ea3b4909aaabe35812ecb2874f8_1.jpg?strip=all\" \/>\n\t<meta property=\"og:image:width\" content=\"900\" \/>\n\t<meta property=\"og:image:height\" content=\"900\" \/>\n\t<meta property=\"og:image:type\" content=\"image\/jpeg\" \/>\n<meta name=\"twitter:card\" content=\"summary_large_image\" \/>\n<meta name=\"twitter:label1\" content=\"Tempo estimado de leitura\" \/>\n\t<meta name=\"twitter:data1\" content=\"1 minuto\" \/>\n<script type=\"application\/ld+json\" class=\"yoast-schema-graph\">{\"@context\":\"https:\\\/\\\/schema.org\",\"@graph\":[{\"@type\":\"WebPage\",\"@id\":\"https:\\\/\\\/lovme.pt\\\/index.php\\\/produto\\\/silexd-helena-natural-feminino-torso-realista\\\/\",\"url\":\"https:\\\/\\\/lovme.pt\\\/index.php\\\/produto\\\/silexd-helena-natural-feminino-torso-realista\\\/\",\"name\":\"SILEXD - HELENA NATURAL FEMININO TORSO REALISTA - Lovme\",\"isPartOf\":{\"@id\":\"https:\\\/\\\/lovme.pt\\\/#website\"},\"primaryImageOfPage\":{\"@id\":\"https:\\\/\\\/lovme.pt\\\/index.php\\\/produto\\\/silexd-helena-natural-feminino-torso-realista\\\/#primaryimage\"},\"image\":{\"@id\":\"https:\\\/\\\/lovme.pt\\\/index.php\\\/produto\\\/silexd-helena-natural-feminino-torso-realista\\\/#primaryimage\"},\"thumbnailUrl\":\"https:\\\/\\\/erki24nd3ub.exactdn.com\\\/wp-content\\\/uploads\\\/dream\\\/img\\\/img_212375_df982ea3b4909aaabe35812ecb2874f8_1.jpg?strip=all\",\"datePublished\":\"2025-09-30T09:35:08+00:00\",\"dateModified\":\"2026-02-19T20:00:59+00:00\",\"breadcrumb\":{\"@id\":\"https:\\\/\\\/lovme.pt\\\/index.php\\\/produto\\\/silexd-helena-natural-feminino-torso-realista\\\/#breadcrumb\"},\"inLanguage\":\"pt-PT\",\"potentialAction\":[{\"@type\":\"ReadAction\",\"target\":[\"https:\\\/\\\/lovme.pt\\\/index.php\\\/produto\\\/silexd-helena-natural-feminino-torso-realista\\\/\"]}]},{\"@type\":\"ImageObject\",\"inLanguage\":\"pt-PT\",\"@id\":\"https:\\\/\\\/lovme.pt\\\/index.php\\\/produto\\\/silexd-helena-natural-feminino-torso-realista\\\/#primaryimage\",\"url\":\"https:\\\/\\\/erki24nd3ub.exactdn.com\\\/wp-content\\\/uploads\\\/dream\\\/img\\\/img_212375_df982ea3b4909aaabe35812ecb2874f8_1.jpg?strip=all\",\"contentUrl\":\"https:\\\/\\\/erki24nd3ub.exactdn.com\\\/wp-content\\\/uploads\\\/dream\\\/img\\\/img_212375_df982ea3b4909aaabe35812ecb2874f8_1.jpg?strip=all\",\"width\":900,\"height\":900},{\"@type\":\"BreadcrumbList\",\"@id\":\"https:\\\/\\\/lovme.pt\\\/index.php\\\/produto\\\/silexd-helena-natural-feminino-torso-realista\\\/#breadcrumb\",\"itemListElement\":[{\"@type\":\"ListItem\",\"position\":1,\"name\":\"In\u00edcio\",\"item\":\"https:\\\/\\\/lovme.pt\\\/\"},{\"@type\":\"ListItem\",\"position\":2,\"name\":\"Loja\",\"item\":\"https:\\\/\\\/lovme.pt\\\/index.php\\\/loja\\\/\"},{\"@type\":\"ListItem\",\"position\":3,\"name\":\"SILEXD &#8211; HELENA NATURAL FEMININO TORSO REALISTA\"}]},{\"@type\":\"WebSite\",\"@id\":\"https:\\\/\\\/lovme.pt\\\/#website\",\"url\":\"https:\\\/\\\/lovme.pt\\\/\",\"name\":\"Lovme Loja Er\u00f3tica N\u00ba1 em Portugal\",\"description\":\"A melhor loja er\u00f3tica de Portugal.\",\"alternateName\":\"Loja Er\u00f3tica Lovme\",\"potentialAction\":[{\"@type\":\"SearchAction\",\"target\":{\"@type\":\"EntryPoint\",\"urlTemplate\":\"https:\\\/\\\/lovme.pt\\\/?s={search_term_string}\"},\"query-input\":{\"@type\":\"PropertyValueSpecification\",\"valueRequired\":true,\"valueName\":\"search_term_string\"}}],\"inLanguage\":\"pt-PT\"}]}<\/script>\n<!-- \/ Yoast SEO plugin. -->","yoast_head_json":{"title":"SILEXD - HELENA NATURAL FEMININO TORSO REALISTA - Lovme","robots":{"index":"index","follow":"follow","max-snippet":"max-snippet:-1","max-image-preview":"max-image-preview:large","max-video-preview":"max-video-preview:-1"},"canonical":"https:\/\/lovme.pt\/index.php\/produto\/silexd-helena-natural-feminino-torso-realista\/","og_locale":"pt_PT","og_type":"article","og_title":"SILEXD - HELENA NATURAL FEMININO TORSO REALISTA - Lovme","og_description":"SILEXD - HELENA NATURAL FEMININO TORSO REALISTA","og_url":"https:\/\/lovme.pt\/index.php\/produto\/silexd-helena-natural-feminino-torso-realista\/","og_site_name":"Lovme","article_modified_time":"2026-02-19T20:00:59+00:00","og_image":[{"width":900,"height":900,"url":"https:\/\/erki24nd3ub.exactdn.com\/wp-content\/uploads\/dream\/img\/img_212375_df982ea3b4909aaabe35812ecb2874f8_1.jpg?strip=all","type":"image\/jpeg"}],"twitter_card":"summary_large_image","twitter_misc":{"Tempo estimado de leitura":"1 minuto"},"schema":{"@context":"https:\/\/schema.org","@graph":[{"@type":"WebPage","@id":"https:\/\/lovme.pt\/index.php\/produto\/silexd-helena-natural-feminino-torso-realista\/","url":"https:\/\/lovme.pt\/index.php\/produto\/silexd-helena-natural-feminino-torso-realista\/","name":"SILEXD - HELENA NATURAL FEMININO TORSO REALISTA - Lovme","isPartOf":{"@id":"https:\/\/lovme.pt\/#website"},"primaryImageOfPage":{"@id":"https:\/\/lovme.pt\/index.php\/produto\/silexd-helena-natural-feminino-torso-realista\/#primaryimage"},"image":{"@id":"https:\/\/lovme.pt\/index.php\/produto\/silexd-helena-natural-feminino-torso-realista\/#primaryimage"},"thumbnailUrl":"https:\/\/erki24nd3ub.exactdn.com\/wp-content\/uploads\/dream\/img\/img_212375_df982ea3b4909aaabe35812ecb2874f8_1.jpg?strip=all","datePublished":"2025-09-30T09:35:08+00:00","dateModified":"2026-02-19T20:00:59+00:00","breadcrumb":{"@id":"https:\/\/lovme.pt\/index.php\/produto\/silexd-helena-natural-feminino-torso-realista\/#breadcrumb"},"inLanguage":"pt-PT","potentialAction":[{"@type":"ReadAction","target":["https:\/\/lovme.pt\/index.php\/produto\/silexd-helena-natural-feminino-torso-realista\/"]}]},{"@type":"ImageObject","inLanguage":"pt-PT","@id":"https:\/\/lovme.pt\/index.php\/produto\/silexd-helena-natural-feminino-torso-realista\/#primaryimage","url":"https:\/\/erki24nd3ub.exactdn.com\/wp-content\/uploads\/dream\/img\/img_212375_df982ea3b4909aaabe35812ecb2874f8_1.jpg?strip=all","contentUrl":"https:\/\/erki24nd3ub.exactdn.com\/wp-content\/uploads\/dream\/img\/img_212375_df982ea3b4909aaabe35812ecb2874f8_1.jpg?strip=all","width":900,"height":900},{"@type":"BreadcrumbList","@id":"https:\/\/lovme.pt\/index.php\/produto\/silexd-helena-natural-feminino-torso-realista\/#breadcrumb","itemListElement":[{"@type":"ListItem","position":1,"name":"In\u00edcio","item":"https:\/\/lovme.pt\/"},{"@type":"ListItem","position":2,"name":"Loja","item":"https:\/\/lovme.pt\/index.php\/loja\/"},{"@type":"ListItem","position":3,"name":"SILEXD &#8211; HELENA NATURAL FEMININO TORSO REALISTA"}]},{"@type":"WebSite","@id":"https:\/\/lovme.pt\/#website","url":"https:\/\/lovme.pt\/","name":"Lovme Loja Er\u00f3tica N\u00ba1 em Portugal","description":"A melhor loja er\u00f3tica de Portugal.","alternateName":"Loja Er\u00f3tica Lovme","potentialAction":[{"@type":"SearchAction","target":{"@type":"EntryPoint","urlTemplate":"https:\/\/lovme.pt\/?s={search_term_string}"},"query-input":{"@type":"PropertyValueSpecification","valueRequired":true,"valueName":"search_term_string"}}],"inLanguage":"pt-PT"}]}},"_links":{"self":[{"href":"https:\/\/lovme.pt\/index.php\/wp-json\/wp\/v2\/product\/53272","targetHints":{"allow":["GET"]}}],"collection":[{"href":"https:\/\/lovme.pt\/index.php\/wp-json\/wp\/v2\/product"}],"about":[{"href":"https:\/\/lovme.pt\/index.php\/wp-json\/wp\/v2\/types\/product"}],"wp:featuredmedia":[{"embeddable":true,"href":"https:\/\/lovme.pt\/index.php\/wp-json\/wp\/v2\/media\/54001"}],"wp:attachment":[{"href":"https:\/\/lovme.pt\/index.php\/wp-json\/wp\/v2\/media?parent=53272"}],"wp:term":[{"taxonomy":"product_brand","embeddable":true,"href":"https:\/\/lovme.pt\/index.php\/wp-json\/wp\/v2\/product_brand?post=53272"},{"taxonomy":"product_cat","embeddable":true,"href":"https:\/\/lovme.pt\/index.php\/wp-json\/wp\/v2\/product_cat?post=53272"},{"taxonomy":"product_tag","embeddable":true,"href":"https:\/\/lovme.pt\/index.php\/wp-json\/wp\/v2\/product_tag?post=53272"}],"curies":[{"name":"wp","href":"https:\/\/api.w.org\/{rel}","templated":true}]}}