{"id":53252,"date":"2025-09-30T09:44:04","date_gmt":"2025-09-30T09:44:04","guid":{"rendered":"https:\/\/lovme.pt\/?post_type=product&p=53252"},"modified":"2026-02-19T20:03:46","modified_gmt":"2026-02-19T20:03:46","slug":"joydivision-aquaglide-lubrificante-1000ml-2","status":"publish","type":"product","link":"https:\/\/lovme.pt\/index.php\/produto\/joydivision-aquaglide-lubrificante-1000ml-2\/","title":{"rendered":"JOYDIVISION AQUAGLIDE &#8211; LUBRIFICANTE 1000ML"},"content":{"rendered":"<p><strong>O complemento ideal para horas de prazer sensual!<\/strong><\/p>\n<p>O agrad\u00e1vel e \u00e0 base de \u00e1gua Original AQUAglide oferece uma solu\u00e7\u00e3o leve e confi\u00e1vel para quando a lubrifica\u00e7\u00e3o natural da vagina \u00e9 insuficiente. Mas mesmo sem esse problema, proporciona maior intensidade de sensa\u00e7\u00f5es e excita\u00e7\u00e3o durante o ato sexual. E o AQUAglide oferece in\u00fameras vantagens em compara\u00e7\u00e3o com outros lubrificantes. Voc\u00ea pode us\u00e1-lo como um gel de massagem de alta qualidade, por exemplo, ou como o complemento ideal para usar preservativos de l\u00e1tex ou nossos sedutores brinquedos Lovestyle. Ou apimente o sexo oral com variedades pecaminosamente deliciosas de aroma e sabor, como morango, cereja, banana, ex\u00f3tico e framboesa.<\/p>\n<p>N\u00e3o importa como voc\u00ea o use &#8211; com AQUAglide, voc\u00ea e seu parceiro alcan\u00e7ar\u00e3o novos n\u00edveis de prazer durante o ato sexual! Isso \u00e9 confirmado por todos os homens e mulheres que fizeram do AQUAglide um dos lubrificantes mais populares da Europa por mais de dez anos. E, claro, os excelentes resultados de testes de in\u00fameras associa\u00e7\u00f5es de consumidores bem conhecidas!<\/p>\n<p><strong>As muitas vantagens do AQUAglide:<\/strong><\/p>\n<ul>\n<li>aprovado como um produto de grau m\u00e9dico<\/li>\n<li>sol\u00favel em \u00e1gua e sem gordura<\/li>\n<li>sujeitos a um controle de qualidade constante<\/li>\n<li>tamb\u00e9m adequado para sexo oral<\/li>\n<li>apresenta propriedades lubrificantes de longa dura\u00e7\u00e3o<\/li>\n<li>pH otimizado<\/li>\n<li>altamente eficaz, com um pouco indo um longo caminho<\/li>\n<li>FEITO NA ALEMANHA<\/li>\n<li>sujeitos a testes m\u00e9dicos e dermatol\u00f3gicos regulares<\/li>\n<li>adequado para uso com preservativos<\/li>\n<li>dispon\u00edvel em farm\u00e1cias, varejistas er\u00f3ticos bem abastecidos e via Internet<\/li>\n<\/ul>\n","protected":false},"excerpt":{"rendered":"<p>EMBALAGEM DISPON\u00cdVEL EM: \/es\/en\/de\/<\/p>\n","protected":false},"featured_media":56338,"template":"","meta":{"_acf_changed":false},"product_brand":[],"product_cat":[49,53],"product_tag":[],"class_list":{"0":"post-53252","1":"product","2":"type-product","3":"status-publish","4":"has-post-thumbnail","6":"product_cat-cosmeticos","7":"product_cat-lubrificantes-intimos","8":"yith_product_brand-joydivision","9":"yith_product_brand-joydivisionjoydivision-aquaglide","11":"first","12":"instock","13":"taxable","14":"shipping-taxable","15":"purchasable","16":"product-type-simple"},"acf":[],"yoast_head":"<!-- This site is optimized with the Yoast SEO plugin v27.4 - https:\/\/yoast.com\/product\/yoast-seo-wordpress\/ -->\n<title>JOYDIVISION AQUAGLIDE - LUBRIFICANTE 1000ML - Lovme<\/title>\n<meta name=\"robots\" content=\"index, follow, max-snippet:-1, max-image-preview:large, max-video-preview:-1\" \/>\n<link rel=\"canonical\" href=\"https:\/\/lovme.pt\/index.php\/produto\/joydivision-aquaglide-lubrificante-1000ml-2\/\" \/>\n<meta property=\"og:locale\" content=\"pt_PT\" \/>\n<meta property=\"og:type\" content=\"article\" \/>\n<meta property=\"og:title\" content=\"JOYDIVISION AQUAGLIDE - LUBRIFICANTE 1000ML - Lovme\" \/>\n<meta property=\"og:description\" content=\"EMBALAGEM DISPON\u00cdVEL EM: \/es\/en\/de\/\" \/>\n<meta property=\"og:url\" content=\"https:\/\/lovme.pt\/index.php\/produto\/joydivision-aquaglide-lubrificante-1000ml-2\/\" \/>\n<meta property=\"og:site_name\" content=\"Lovme\" \/>\n<meta property=\"article:modified_time\" content=\"2026-02-19T20:03:46+00:00\" \/>\n<meta property=\"og:image\" content=\"https:\/\/erki24nd3ub.exactdn.com\/wp-content\/uploads\/dream\/img\/img_212356_af4dab945fa9cbf0c9dea81d6e50dbe0_1.jpg?strip=all\" \/>\n\t<meta property=\"og:image:width\" content=\"900\" \/>\n\t<meta property=\"og:image:height\" content=\"900\" \/>\n\t<meta property=\"og:image:type\" content=\"image\/jpeg\" \/>\n<meta name=\"twitter:card\" content=\"summary_large_image\" \/>\n<meta name=\"twitter:label1\" content=\"Tempo estimado de leitura\" \/>\n\t<meta name=\"twitter:data1\" content=\"1 minuto\" \/>\n<script type=\"application\/ld+json\" class=\"yoast-schema-graph\">{\"@context\":\"https:\\\/\\\/schema.org\",\"@graph\":[{\"@type\":\"WebPage\",\"@id\":\"https:\\\/\\\/lovme.pt\\\/index.php\\\/produto\\\/joydivision-aquaglide-lubrificante-1000ml-2\\\/\",\"url\":\"https:\\\/\\\/lovme.pt\\\/index.php\\\/produto\\\/joydivision-aquaglide-lubrificante-1000ml-2\\\/\",\"name\":\"JOYDIVISION AQUAGLIDE - LUBRIFICANTE 1000ML - Lovme\",\"isPartOf\":{\"@id\":\"https:\\\/\\\/lovme.pt\\\/#website\"},\"primaryImageOfPage\":{\"@id\":\"https:\\\/\\\/lovme.pt\\\/index.php\\\/produto\\\/joydivision-aquaglide-lubrificante-1000ml-2\\\/#primaryimage\"},\"image\":{\"@id\":\"https:\\\/\\\/lovme.pt\\\/index.php\\\/produto\\\/joydivision-aquaglide-lubrificante-1000ml-2\\\/#primaryimage\"},\"thumbnailUrl\":\"https:\\\/\\\/erki24nd3ub.exactdn.com\\\/wp-content\\\/uploads\\\/dream\\\/img\\\/img_212356_af4dab945fa9cbf0c9dea81d6e50dbe0_1.jpg?strip=all\",\"datePublished\":\"2025-09-30T09:44:04+00:00\",\"dateModified\":\"2026-02-19T20:03:46+00:00\",\"breadcrumb\":{\"@id\":\"https:\\\/\\\/lovme.pt\\\/index.php\\\/produto\\\/joydivision-aquaglide-lubrificante-1000ml-2\\\/#breadcrumb\"},\"inLanguage\":\"pt-PT\",\"potentialAction\":[{\"@type\":\"ReadAction\",\"target\":[\"https:\\\/\\\/lovme.pt\\\/index.php\\\/produto\\\/joydivision-aquaglide-lubrificante-1000ml-2\\\/\"]}]},{\"@type\":\"ImageObject\",\"inLanguage\":\"pt-PT\",\"@id\":\"https:\\\/\\\/lovme.pt\\\/index.php\\\/produto\\\/joydivision-aquaglide-lubrificante-1000ml-2\\\/#primaryimage\",\"url\":\"https:\\\/\\\/erki24nd3ub.exactdn.com\\\/wp-content\\\/uploads\\\/dream\\\/img\\\/img_212356_af4dab945fa9cbf0c9dea81d6e50dbe0_1.jpg?strip=all\",\"contentUrl\":\"https:\\\/\\\/erki24nd3ub.exactdn.com\\\/wp-content\\\/uploads\\\/dream\\\/img\\\/img_212356_af4dab945fa9cbf0c9dea81d6e50dbe0_1.jpg?strip=all\",\"width\":900,\"height\":900},{\"@type\":\"BreadcrumbList\",\"@id\":\"https:\\\/\\\/lovme.pt\\\/index.php\\\/produto\\\/joydivision-aquaglide-lubrificante-1000ml-2\\\/#breadcrumb\",\"itemListElement\":[{\"@type\":\"ListItem\",\"position\":1,\"name\":\"In\u00edcio\",\"item\":\"https:\\\/\\\/lovme.pt\\\/\"},{\"@type\":\"ListItem\",\"position\":2,\"name\":\"Loja\",\"item\":\"https:\\\/\\\/lovme.pt\\\/index.php\\\/loja\\\/\"},{\"@type\":\"ListItem\",\"position\":3,\"name\":\"JOYDIVISION AQUAGLIDE &#8211; LUBRIFICANTE 1000ML\"}]},{\"@type\":\"WebSite\",\"@id\":\"https:\\\/\\\/lovme.pt\\\/#website\",\"url\":\"https:\\\/\\\/lovme.pt\\\/\",\"name\":\"Lovme Loja Er\u00f3tica N\u00ba1 em Portugal\",\"description\":\"A melhor loja er\u00f3tica de Portugal.\",\"alternateName\":\"Loja Er\u00f3tica Lovme\",\"potentialAction\":[{\"@type\":\"SearchAction\",\"target\":{\"@type\":\"EntryPoint\",\"urlTemplate\":\"https:\\\/\\\/lovme.pt\\\/?s={search_term_string}\"},\"query-input\":{\"@type\":\"PropertyValueSpecification\",\"valueRequired\":true,\"valueName\":\"search_term_string\"}}],\"inLanguage\":\"pt-PT\"}]}<\/script>\n<!-- \/ Yoast SEO plugin. -->","yoast_head_json":{"title":"JOYDIVISION AQUAGLIDE - LUBRIFICANTE 1000ML - Lovme","robots":{"index":"index","follow":"follow","max-snippet":"max-snippet:-1","max-image-preview":"max-image-preview:large","max-video-preview":"max-video-preview:-1"},"canonical":"https:\/\/lovme.pt\/index.php\/produto\/joydivision-aquaglide-lubrificante-1000ml-2\/","og_locale":"pt_PT","og_type":"article","og_title":"JOYDIVISION AQUAGLIDE - LUBRIFICANTE 1000ML - Lovme","og_description":"EMBALAGEM DISPON\u00cdVEL EM: \/es\/en\/de\/","og_url":"https:\/\/lovme.pt\/index.php\/produto\/joydivision-aquaglide-lubrificante-1000ml-2\/","og_site_name":"Lovme","article_modified_time":"2026-02-19T20:03:46+00:00","og_image":[{"width":900,"height":900,"url":"https:\/\/erki24nd3ub.exactdn.com\/wp-content\/uploads\/dream\/img\/img_212356_af4dab945fa9cbf0c9dea81d6e50dbe0_1.jpg?strip=all","type":"image\/jpeg"}],"twitter_card":"summary_large_image","twitter_misc":{"Tempo estimado de leitura":"1 minuto"},"schema":{"@context":"https:\/\/schema.org","@graph":[{"@type":"WebPage","@id":"https:\/\/lovme.pt\/index.php\/produto\/joydivision-aquaglide-lubrificante-1000ml-2\/","url":"https:\/\/lovme.pt\/index.php\/produto\/joydivision-aquaglide-lubrificante-1000ml-2\/","name":"JOYDIVISION AQUAGLIDE - LUBRIFICANTE 1000ML - Lovme","isPartOf":{"@id":"https:\/\/lovme.pt\/#website"},"primaryImageOfPage":{"@id":"https:\/\/lovme.pt\/index.php\/produto\/joydivision-aquaglide-lubrificante-1000ml-2\/#primaryimage"},"image":{"@id":"https:\/\/lovme.pt\/index.php\/produto\/joydivision-aquaglide-lubrificante-1000ml-2\/#primaryimage"},"thumbnailUrl":"https:\/\/erki24nd3ub.exactdn.com\/wp-content\/uploads\/dream\/img\/img_212356_af4dab945fa9cbf0c9dea81d6e50dbe0_1.jpg?strip=all","datePublished":"2025-09-30T09:44:04+00:00","dateModified":"2026-02-19T20:03:46+00:00","breadcrumb":{"@id":"https:\/\/lovme.pt\/index.php\/produto\/joydivision-aquaglide-lubrificante-1000ml-2\/#breadcrumb"},"inLanguage":"pt-PT","potentialAction":[{"@type":"ReadAction","target":["https:\/\/lovme.pt\/index.php\/produto\/joydivision-aquaglide-lubrificante-1000ml-2\/"]}]},{"@type":"ImageObject","inLanguage":"pt-PT","@id":"https:\/\/lovme.pt\/index.php\/produto\/joydivision-aquaglide-lubrificante-1000ml-2\/#primaryimage","url":"https:\/\/erki24nd3ub.exactdn.com\/wp-content\/uploads\/dream\/img\/img_212356_af4dab945fa9cbf0c9dea81d6e50dbe0_1.jpg?strip=all","contentUrl":"https:\/\/erki24nd3ub.exactdn.com\/wp-content\/uploads\/dream\/img\/img_212356_af4dab945fa9cbf0c9dea81d6e50dbe0_1.jpg?strip=all","width":900,"height":900},{"@type":"BreadcrumbList","@id":"https:\/\/lovme.pt\/index.php\/produto\/joydivision-aquaglide-lubrificante-1000ml-2\/#breadcrumb","itemListElement":[{"@type":"ListItem","position":1,"name":"In\u00edcio","item":"https:\/\/lovme.pt\/"},{"@type":"ListItem","position":2,"name":"Loja","item":"https:\/\/lovme.pt\/index.php\/loja\/"},{"@type":"ListItem","position":3,"name":"JOYDIVISION AQUAGLIDE &#8211; LUBRIFICANTE 1000ML"}]},{"@type":"WebSite","@id":"https:\/\/lovme.pt\/#website","url":"https:\/\/lovme.pt\/","name":"Lovme Loja Er\u00f3tica N\u00ba1 em Portugal","description":"A melhor loja er\u00f3tica de Portugal.","alternateName":"Loja Er\u00f3tica Lovme","potentialAction":[{"@type":"SearchAction","target":{"@type":"EntryPoint","urlTemplate":"https:\/\/lovme.pt\/?s={search_term_string}"},"query-input":{"@type":"PropertyValueSpecification","valueRequired":true,"valueName":"search_term_string"}}],"inLanguage":"pt-PT"}]}},"_links":{"self":[{"href":"https:\/\/lovme.pt\/index.php\/wp-json\/wp\/v2\/product\/53252","targetHints":{"allow":["GET"]}}],"collection":[{"href":"https:\/\/lovme.pt\/index.php\/wp-json\/wp\/v2\/product"}],"about":[{"href":"https:\/\/lovme.pt\/index.php\/wp-json\/wp\/v2\/types\/product"}],"wp:featuredmedia":[{"embeddable":true,"href":"https:\/\/lovme.pt\/index.php\/wp-json\/wp\/v2\/media\/56338"}],"wp:attachment":[{"href":"https:\/\/lovme.pt\/index.php\/wp-json\/wp\/v2\/media?parent=53252"}],"wp:term":[{"taxonomy":"product_brand","embeddable":true,"href":"https:\/\/lovme.pt\/index.php\/wp-json\/wp\/v2\/product_brand?post=53252"},{"taxonomy":"product_cat","embeddable":true,"href":"https:\/\/lovme.pt\/index.php\/wp-json\/wp\/v2\/product_cat?post=53252"},{"taxonomy":"product_tag","embeddable":true,"href":"https:\/\/lovme.pt\/index.php\/wp-json\/wp\/v2\/product_tag?post=53252"}],"curies":[{"name":"wp","href":"https:\/\/api.w.org\/{rel}","templated":true}]}}