{"id":53228,"date":"2025-10-01T02:02:12","date_gmt":"2025-10-01T02:02:12","guid":{"rendered":"https:\/\/lovme.pt\/?post_type=product&p=53228"},"modified":"2026-02-19T20:17:53","modified_gmt":"2026-02-19T20:17:53","slug":"chilrose-cr-4861-corset-azul-estampado-xl","status":"publish","type":"product","link":"https:\/\/lovme.pt\/index.php\/produto\/chilrose-cr-4861-corset-azul-estampado-xl\/","title":{"rendered":"CHILROSE &#8211; CR 4861 CORSET AZUL ESTAMPADO XL"},"content":{"rendered":"<p>Exiba sua silhueta com confian\u00e7a e estilo com este impressionante conjunto de espartilho azul, uma pe\u00e7a que combina sensualidade e modernidade em um design inusitado. Com estampa art\u00edstica em tons de azul, rosa e violeta, e acabamento preto que estrutura visualmente o corpo, este conjunto \u00e9 t\u00e3o ousado quanto sofisticado.<\/p>\n<p> O corset apresenta bojos com aro que real\u00e7am o busto, al\u00e7as ajust\u00e1veis e cintura marcada que afina a silhueta. As fendas laterais e frontais adicionam um toque ousado de sedu\u00e7\u00e3o, enquanto as ligas com detalhes met\u00e1licos completam um look absolutamente inesquec\u00edvel. O conjunto \u00e9 complementado por uma tanga e meias pretas combinando, prontas para impressionar.<\/p>\n<p> <u><em><strong>Inclui:<\/strong><\/em><\/u><\/p>\n<ul>\n<li> Corset Estampa estruturada e de suporte<\/li>\n<li> Tanga coordenada<\/li>\n<li> Meias pretas<\/li>\n<\/ul>\n<p> <u><em><strong>Caracter\u00edsticas do produto:<\/strong><\/em><\/u><\/p>\n<ul>\n<li> Estilo moderno com estampa art\u00edstica<\/li>\n<li> Al\u00e7as e ligas ajust\u00e1veis<\/li>\n<li> Material macio e el\u00e1stico: 90% poli\u00e9ster, 10% elastano<\/li>\n<li> Cor: Azul multicolorido com detalhes em preto<\/li>\n<li> Tamanho ajust\u00e1vel gra\u00e7as \u00e0 sua constru\u00e7\u00e3o flex\u00edvel<\/li>\n<\/ul>\n<p> Este conjunto \u00e9 ideal para quem quer se destacar com um visual ousado, fresco e elegante. Perfeito para uma noite especial ou para quebrar a rotina com um look que celebra a sensualidade sem remorso.<\/p>\n<\/p>\n<p> A marca <strong>CHILIROSE<\/strong> foi fundada em 2008 e nossa miss\u00e3o \u00e9 oferecer aos nossos clientes lingerie sensual e excitante a um pre\u00e7o competitivo. Agora, em 2022, ap\u00f3s 14 anos, somos uma das principais empresas de lingerie ex\u00f3tica e possu\u00edmos uma ampla cole\u00e7\u00e3o de pijamas, vestidos, robes, espartilhos, vestidos longos, roupas de balada e muito mais. Nosso rigoroso controle de qualidade garante a satisfa\u00e7\u00e3o total dos nossos clientes e torna a venda um prazer. Tomamos cuidado especial na sele\u00e7\u00e3o de nossos materiais e m\u00e3o de obra. Oferecemos regularmente novos estilos fant\u00e1sticos e esperamos surpreend\u00ea-lo sempre. <\/p>\n<table border=\"1\" cellpadding=\"0\" cellspacing=\"0\" width=\"832\">\n<tbody>\n<tr height=\"23\" style=\"border: 1px solid black;\">\n<td class=\"xl72\" colspan=\"8\" height=\"23\" style=\"text-align: center; border: 1px solid black;\" width=\"832\"> <b>GUIA DE TAMANHOS<\/b> <\/td>\n<\/tr>\n<tr height=\"23\" style=\"border: 1px solid black;\">\n<td class=\"xl73\" colspan=\"2\" height=\"23\" style=\"text-align: center; border: 1px solid black;\"> <strong>TAMANHO<\/strong><\/td>\n<td class=\"xl71\" style=\"text-align: center; border: 1px solid black;\" width=\"104\"> <strong>S<\/strong><\/td>\n<td class=\"xl71\" style=\"text-align: center; border: 1px solid black;\" width=\"104\"> <strong>M<\/strong><\/td>\n<td class=\"xl71\" style=\"text-align: center; border: 1px solid black;\" width=\"104\"> <strong>eu<\/strong><\/td>\n<td class=\"xl71\" style=\"text-align: center; border: 1px solid black;\" width=\"104\"> <strong>GG<\/strong><\/td>\n<td class=\"xl71\" style=\"text-align: center; border: 1px solid black;\" width=\"104\"> <strong>XXG<\/strong><\/td>\n<td class=\"xl71\" style=\"text-align: center; border: 1px solid black;\" width=\"104\"> <strong>P\/M  G\/GG<\/strong> <\/td>\n<\/tr>\n<tr>\n<td class=\"xl74\" colspan=\"2\" height=\"23\" style=\"text-align: center; border: 1px solid black;\" width=\"208\"> <strong>Busto (cm)<\/strong><\/td>\n<td class=\"xl72\" style=\"text-align: center; border: 1px solid black;\" width=\"104\"> 85-89<\/td>\n<td class=\"xl72\" style=\"text-align: center; border: 1px solid black;\" width=\"104\"> 90-94<\/td>\n<td class=\"xl71\" style=\"text-align: center; border: 1px solid black;\" width=\"104\"> 95-99<\/td>\n<td class=\"xl71\" style=\"text-align: center; border: 1px solid black;\" width=\"104\"> 100-104<\/td>\n<td class=\"xl71\" style=\"text-align: center; border: 1px solid black;\" width=\"104\"> 105-109<\/td>\n<td class=\"xl71\" style=\"text-align: center; border: 1px solid black;\" width=\"104\"> 85-94  95-104 <\/td>\n<\/tr>\n<tr>\n<td class=\"xl74\" colspan=\"2\" height=\"23\" style=\"text-align: center; border: 1px solid black;\" width=\"208\"> <strong>Abaixo do busto (cm)<\/strong><\/td>\n<td class=\"xl72\" style=\"text-align: center; border: 1px solid black;\" width=\"104\"> <span style=\"color: rgb(51, 51, 51); font-family: sans-serif, Arial, Verdana, \">69-72<\/span><\/td>\n<td class=\"xl72\" style=\"text-align: center; border: 1px solid black;\" width=\"104\"> <span style=\"color: rgb(51, 51, 51); font-family: sans-serif, Arial, Verdana, \">73-77<\/span><\/td>\n<td class=\"xl71\" style=\"text-align: center; border: 1px solid black;\" width=\"104\"> <span style=\"color: rgb(51, 51, 51); font-family: sans-serif, Arial, Verdana, \">78-81<\/span><\/td>\n<td class=\"xl71\" style=\"text-align: center; border: 1px solid black;\" width=\"104\"> <span style=\"color: rgb(51, 51, 51); font-family: sans-serif, Arial, Verdana, \">82-86<\/span><\/td>\n<td class=\"xl71\" style=\"text-align: center; border: 1px solid black;\" width=\"104\"> <span style=\"color: rgb(51, 51, 51); font-family: sans-serif, Arial, Verdana, \">87-90<\/span><\/td>\n<td class=\"xl71\" style=\"text-align: center; border: 1px solid black;\" width=\"104\"> <span style=\"color: rgb(51, 51, 51); font-family: sans-serif, Arial, Verdana, \">69-77  78-86<\/span> <\/td>\n<\/tr>\n<tr height=\"23\" style=\"border: 1px solid black;\">\n<td class=\"xl74\" colspan=\"2\" height=\"23\" style=\"text-align: center; border: 1px solid black;\" width=\"208\"> <strong>Cintura (cm)<\/strong><\/td>\n<td class=\"xl72\" style=\"text-align: center; border: 1px solid black;\" width=\"104\"> 68-72<\/td>\n<td class=\"xl72\" style=\"text-align: center; border: 1px solid black;\" width=\"104\"> 73-77<\/td>\n<td class=\"xl71\" style=\"text-align: center; border: 1px solid black;\" width=\"104\"> 78-82<\/td>\n<td class=\"xl71\" style=\"text-align: center; border: 1px solid black;\" width=\"104\"> 83-87<\/td>\n<td class=\"xl71\" style=\"text-align: center; border: 1px solid black;\" width=\"104\"> 88-93<\/td>\n<td class=\"xl71\" style=\"text-align: center; border: 1px solid black;\" width=\"104\"> 68-77  78-87 <\/td>\n<\/tr>\n<tr height=\"23\" style=\"border: 1px solid black;\">\n<td class=\"xl74\" colspan=\"2\" height=\"23\" style=\"text-align: center; border: 1px solid black;\" width=\"208\"> <strong>Quadris (cm)<\/strong><\/td>\n<td class=\"xl72\" style=\"text-align: center; border: 1px solid black;\" width=\"104\"> 90-94<\/td>\n<td class=\"xl72\" style=\"text-align: center; border: 1px solid black;\" width=\"104\"> 95-100<\/td>\n<td class=\"xl71\" style=\"text-align: center; border: 1px solid black;\" width=\"104\"> 101-105<\/td>\n<td class=\"xl71\" style=\"text-align: center; border: 1px solid black;\" width=\"104\"> 106-111<\/td>\n<td class=\"xl71\" style=\"text-align: center; border: 1px solid black;\" width=\"104\"> 112-116<\/td>\n<td class=\"xl71\" style=\"text-align: center; border: 1px solid black;\" width=\"104\"> 90-100  101-111<\/td>\n<\/tr>\n<\/tbody>\n<\/table>\n","protected":false},"excerpt":{"rendered":"<p>CHILROSE &#8211; CR 4861 CORSET AZUL ESTAMPADO XL<\/p>\n","protected":false},"featured_media":94371,"template":"","meta":{"_acf_changed":false},"product_brand":[],"product_cat":[47,66],"product_tag":[],"class_list":{"0":"post-53228","1":"product","2":"type-product","3":"status-publish","4":"has-post-thumbnail","6":"product_cat-lingerie","7":"product_cat-lingerie-feminina","8":"yith_product_brand-chilirose","9":"yith_product_brand-chilirosechilirose-corsets","11":"first","12":"instock","13":"taxable","14":"shipping-taxable","15":"purchasable","16":"product-type-simple"},"acf":[],"yoast_head":"<!-- This site is optimized with the Yoast SEO plugin v27.4 - https:\/\/yoast.com\/product\/yoast-seo-wordpress\/ -->\n<title>CHILROSE - CR 4861 CORSET AZUL ESTAMPADO XL - Lovme<\/title>\n<meta name=\"robots\" content=\"index, follow, max-snippet:-1, max-image-preview:large, max-video-preview:-1\" \/>\n<link rel=\"canonical\" href=\"https:\/\/lovme.pt\/index.php\/produto\/chilrose-cr-4861-corset-azul-estampado-xl\/\" \/>\n<meta property=\"og:locale\" content=\"pt_PT\" \/>\n<meta property=\"og:type\" content=\"article\" \/>\n<meta property=\"og:title\" content=\"CHILROSE - CR 4861 CORSET AZUL ESTAMPADO XL - Lovme\" \/>\n<meta property=\"og:description\" content=\"CHILROSE - CR 4861 CORSET AZUL ESTAMPADO XL\" \/>\n<meta property=\"og:url\" content=\"https:\/\/lovme.pt\/index.php\/produto\/chilrose-cr-4861-corset-azul-estampado-xl\/\" \/>\n<meta property=\"og:site_name\" content=\"Lovme\" \/>\n<meta property=\"article:modified_time\" content=\"2026-02-19T20:17:53+00:00\" \/>\n<meta property=\"og:image\" content=\"https:\/\/erki24nd3ub.exactdn.com\/wp-content\/uploads\/dream\/img\/img_211862_ed6954014c477d5425fea4c09279e268_1.jpg?strip=all\" \/>\n\t<meta property=\"og:image:width\" content=\"900\" \/>\n\t<meta property=\"og:image:height\" content=\"900\" \/>\n\t<meta property=\"og:image:type\" content=\"image\/jpeg\" \/>\n<meta name=\"twitter:card\" content=\"summary_large_image\" \/>\n<meta name=\"twitter:label1\" content=\"Tempo estimado de leitura\" \/>\n\t<meta name=\"twitter:data1\" content=\"2 minutos\" \/>\n<script type=\"application\/ld+json\" class=\"yoast-schema-graph\">{\"@context\":\"https:\\\/\\\/schema.org\",\"@graph\":[{\"@type\":\"WebPage\",\"@id\":\"https:\\\/\\\/lovme.pt\\\/index.php\\\/produto\\\/chilrose-cr-4861-corset-azul-estampado-xl\\\/\",\"url\":\"https:\\\/\\\/lovme.pt\\\/index.php\\\/produto\\\/chilrose-cr-4861-corset-azul-estampado-xl\\\/\",\"name\":\"CHILROSE - CR 4861 CORSET AZUL ESTAMPADO XL - Lovme\",\"isPartOf\":{\"@id\":\"https:\\\/\\\/lovme.pt\\\/#website\"},\"primaryImageOfPage\":{\"@id\":\"https:\\\/\\\/lovme.pt\\\/index.php\\\/produto\\\/chilrose-cr-4861-corset-azul-estampado-xl\\\/#primaryimage\"},\"image\":{\"@id\":\"https:\\\/\\\/lovme.pt\\\/index.php\\\/produto\\\/chilrose-cr-4861-corset-azul-estampado-xl\\\/#primaryimage\"},\"thumbnailUrl\":\"https:\\\/\\\/erki24nd3ub.exactdn.com\\\/wp-content\\\/uploads\\\/dream\\\/img\\\/img_211862_ed6954014c477d5425fea4c09279e268_1.jpg?strip=all\",\"datePublished\":\"2025-10-01T02:02:12+00:00\",\"dateModified\":\"2026-02-19T20:17:53+00:00\",\"breadcrumb\":{\"@id\":\"https:\\\/\\\/lovme.pt\\\/index.php\\\/produto\\\/chilrose-cr-4861-corset-azul-estampado-xl\\\/#breadcrumb\"},\"inLanguage\":\"pt-PT\",\"potentialAction\":[{\"@type\":\"ReadAction\",\"target\":[\"https:\\\/\\\/lovme.pt\\\/index.php\\\/produto\\\/chilrose-cr-4861-corset-azul-estampado-xl\\\/\"]}]},{\"@type\":\"ImageObject\",\"inLanguage\":\"pt-PT\",\"@id\":\"https:\\\/\\\/lovme.pt\\\/index.php\\\/produto\\\/chilrose-cr-4861-corset-azul-estampado-xl\\\/#primaryimage\",\"url\":\"https:\\\/\\\/erki24nd3ub.exactdn.com\\\/wp-content\\\/uploads\\\/dream\\\/img\\\/img_211862_ed6954014c477d5425fea4c09279e268_1.jpg?strip=all\",\"contentUrl\":\"https:\\\/\\\/erki24nd3ub.exactdn.com\\\/wp-content\\\/uploads\\\/dream\\\/img\\\/img_211862_ed6954014c477d5425fea4c09279e268_1.jpg?strip=all\",\"width\":900,\"height\":900},{\"@type\":\"BreadcrumbList\",\"@id\":\"https:\\\/\\\/lovme.pt\\\/index.php\\\/produto\\\/chilrose-cr-4861-corset-azul-estampado-xl\\\/#breadcrumb\",\"itemListElement\":[{\"@type\":\"ListItem\",\"position\":1,\"name\":\"In\u00edcio\",\"item\":\"https:\\\/\\\/lovme.pt\\\/\"},{\"@type\":\"ListItem\",\"position\":2,\"name\":\"Loja\",\"item\":\"https:\\\/\\\/lovme.pt\\\/index.php\\\/loja\\\/\"},{\"@type\":\"ListItem\",\"position\":3,\"name\":\"CHILROSE &#8211; CR 4861 CORSET AZUL ESTAMPADO XL\"}]},{\"@type\":\"WebSite\",\"@id\":\"https:\\\/\\\/lovme.pt\\\/#website\",\"url\":\"https:\\\/\\\/lovme.pt\\\/\",\"name\":\"Lovme Loja Er\u00f3tica N\u00ba1 em Portugal\",\"description\":\"A melhor loja er\u00f3tica de Portugal.\",\"alternateName\":\"Loja Er\u00f3tica Lovme\",\"potentialAction\":[{\"@type\":\"SearchAction\",\"target\":{\"@type\":\"EntryPoint\",\"urlTemplate\":\"https:\\\/\\\/lovme.pt\\\/?s={search_term_string}\"},\"query-input\":{\"@type\":\"PropertyValueSpecification\",\"valueRequired\":true,\"valueName\":\"search_term_string\"}}],\"inLanguage\":\"pt-PT\"}]}<\/script>\n<!-- \/ Yoast SEO plugin. -->","yoast_head_json":{"title":"CHILROSE - CR 4861 CORSET AZUL ESTAMPADO XL - Lovme","robots":{"index":"index","follow":"follow","max-snippet":"max-snippet:-1","max-image-preview":"max-image-preview:large","max-video-preview":"max-video-preview:-1"},"canonical":"https:\/\/lovme.pt\/index.php\/produto\/chilrose-cr-4861-corset-azul-estampado-xl\/","og_locale":"pt_PT","og_type":"article","og_title":"CHILROSE - CR 4861 CORSET AZUL ESTAMPADO XL - Lovme","og_description":"CHILROSE - CR 4861 CORSET AZUL ESTAMPADO XL","og_url":"https:\/\/lovme.pt\/index.php\/produto\/chilrose-cr-4861-corset-azul-estampado-xl\/","og_site_name":"Lovme","article_modified_time":"2026-02-19T20:17:53+00:00","og_image":[{"width":900,"height":900,"url":"https:\/\/erki24nd3ub.exactdn.com\/wp-content\/uploads\/dream\/img\/img_211862_ed6954014c477d5425fea4c09279e268_1.jpg?strip=all","type":"image\/jpeg"}],"twitter_card":"summary_large_image","twitter_misc":{"Tempo estimado de leitura":"2 minutos"},"schema":{"@context":"https:\/\/schema.org","@graph":[{"@type":"WebPage","@id":"https:\/\/lovme.pt\/index.php\/produto\/chilrose-cr-4861-corset-azul-estampado-xl\/","url":"https:\/\/lovme.pt\/index.php\/produto\/chilrose-cr-4861-corset-azul-estampado-xl\/","name":"CHILROSE - CR 4861 CORSET AZUL ESTAMPADO XL - Lovme","isPartOf":{"@id":"https:\/\/lovme.pt\/#website"},"primaryImageOfPage":{"@id":"https:\/\/lovme.pt\/index.php\/produto\/chilrose-cr-4861-corset-azul-estampado-xl\/#primaryimage"},"image":{"@id":"https:\/\/lovme.pt\/index.php\/produto\/chilrose-cr-4861-corset-azul-estampado-xl\/#primaryimage"},"thumbnailUrl":"https:\/\/erki24nd3ub.exactdn.com\/wp-content\/uploads\/dream\/img\/img_211862_ed6954014c477d5425fea4c09279e268_1.jpg?strip=all","datePublished":"2025-10-01T02:02:12+00:00","dateModified":"2026-02-19T20:17:53+00:00","breadcrumb":{"@id":"https:\/\/lovme.pt\/index.php\/produto\/chilrose-cr-4861-corset-azul-estampado-xl\/#breadcrumb"},"inLanguage":"pt-PT","potentialAction":[{"@type":"ReadAction","target":["https:\/\/lovme.pt\/index.php\/produto\/chilrose-cr-4861-corset-azul-estampado-xl\/"]}]},{"@type":"ImageObject","inLanguage":"pt-PT","@id":"https:\/\/lovme.pt\/index.php\/produto\/chilrose-cr-4861-corset-azul-estampado-xl\/#primaryimage","url":"https:\/\/erki24nd3ub.exactdn.com\/wp-content\/uploads\/dream\/img\/img_211862_ed6954014c477d5425fea4c09279e268_1.jpg?strip=all","contentUrl":"https:\/\/erki24nd3ub.exactdn.com\/wp-content\/uploads\/dream\/img\/img_211862_ed6954014c477d5425fea4c09279e268_1.jpg?strip=all","width":900,"height":900},{"@type":"BreadcrumbList","@id":"https:\/\/lovme.pt\/index.php\/produto\/chilrose-cr-4861-corset-azul-estampado-xl\/#breadcrumb","itemListElement":[{"@type":"ListItem","position":1,"name":"In\u00edcio","item":"https:\/\/lovme.pt\/"},{"@type":"ListItem","position":2,"name":"Loja","item":"https:\/\/lovme.pt\/index.php\/loja\/"},{"@type":"ListItem","position":3,"name":"CHILROSE &#8211; CR 4861 CORSET AZUL ESTAMPADO XL"}]},{"@type":"WebSite","@id":"https:\/\/lovme.pt\/#website","url":"https:\/\/lovme.pt\/","name":"Lovme Loja Er\u00f3tica N\u00ba1 em Portugal","description":"A melhor loja er\u00f3tica de Portugal.","alternateName":"Loja Er\u00f3tica Lovme","potentialAction":[{"@type":"SearchAction","target":{"@type":"EntryPoint","urlTemplate":"https:\/\/lovme.pt\/?s={search_term_string}"},"query-input":{"@type":"PropertyValueSpecification","valueRequired":true,"valueName":"search_term_string"}}],"inLanguage":"pt-PT"}]}},"_links":{"self":[{"href":"https:\/\/lovme.pt\/index.php\/wp-json\/wp\/v2\/product\/53228","targetHints":{"allow":["GET"]}}],"collection":[{"href":"https:\/\/lovme.pt\/index.php\/wp-json\/wp\/v2\/product"}],"about":[{"href":"https:\/\/lovme.pt\/index.php\/wp-json\/wp\/v2\/types\/product"}],"wp:featuredmedia":[{"embeddable":true,"href":"https:\/\/lovme.pt\/index.php\/wp-json\/wp\/v2\/media\/94371"}],"wp:attachment":[{"href":"https:\/\/lovme.pt\/index.php\/wp-json\/wp\/v2\/media?parent=53228"}],"wp:term":[{"taxonomy":"product_brand","embeddable":true,"href":"https:\/\/lovme.pt\/index.php\/wp-json\/wp\/v2\/product_brand?post=53228"},{"taxonomy":"product_cat","embeddable":true,"href":"https:\/\/lovme.pt\/index.php\/wp-json\/wp\/v2\/product_cat?post=53228"},{"taxonomy":"product_tag","embeddable":true,"href":"https:\/\/lovme.pt\/index.php\/wp-json\/wp\/v2\/product_tag?post=53228"}],"curies":[{"name":"wp","href":"https:\/\/api.w.org\/{rel}","templated":true}]}}