{"id":53214,"date":"2025-10-01T00:35:33","date_gmt":"2025-10-01T00:35:33","guid":{"rendered":"https:\/\/lovme.pt\/?post_type=product&p=53214"},"modified":"2026-02-19T20:16:00","modified_gmt":"2026-02-19T20:16:00","slug":"chilirose-cr-4863-body-com-renda-de-flor-vermelha-e-cinta-liga-s","status":"publish","type":"product","link":"https:\/\/lovme.pt\/index.php\/produto\/chilirose-cr-4863-body-com-renda-de-flor-vermelha-e-cinta-liga-s\/","title":{"rendered":"CHILIROSE &#8211; CR 4863 BODY COM RENDA DE FLOR VERMELHA E CINTA-LIGA S"},"content":{"rendered":"<p>Explore seu lado sensual com este sofisticado body de renda floral, uma pe\u00e7a que combina eleg\u00e2ncia cl\u00e1ssica com um estilo moderno e provocante. Dispon\u00edvel em duas vers\u00f5es irresist\u00edveis \u2014 preto com renda vermelha ou preto com renda azul \u2014, este conjunto eleva qualquer momento \u00edntimo com seu design cativante e acabamento de alta qualidade.<\/p>\n<p> O body \u00e9 confeccionado em tecido macio e el\u00e1stico que se adapta perfeitamente \u00e0 silhueta, valorizando o busto, afinando a cintura e real\u00e7ando as curvas de forma sedutora. O decote em V profundo, os detalhes em renda floral e o fecho frontal met\u00e1lico conferem um toque ousado, enquanto o design de cintura alta com ligas embutidas afina a silhueta com eleg\u00e2ncia.<\/p>\n<p> Meias pretas combinando est\u00e3o inclu\u00eddas, tornando este conjunto completo e pronto para impressionar em qualquer ocasi\u00e3o especial.<\/p>\n<p> <u><em><strong>Destaques:<\/strong><\/em><\/u><\/p>\n<ul>\n<li> Body de renda floral com design de cintura alta<\/li>\n<li> Cores dispon\u00edveis: Vermelho e Azul (combinados com preto)<\/li>\n<li> Inclui ligas ajust\u00e1veis e meias pretas<\/li>\n<li> Decote profundo com detalhes sensuais e fecho frontal<\/li>\n<li> Tamanhos dispon\u00edveis: P, M, G, GG<\/li>\n<li> Composi\u00e7\u00e3o: 90% poliamida, 10% elastano<\/li>\n<li> Ajuste confort\u00e1vel, el\u00e1stico e elegante<\/li>\n<\/ul>\n<p> Ideal para uma noite rom\u00e2ntica ou como lingerie de luxo, este body \u00e9 uma aposta certeira para quem quer unir classe, sensualidade e confian\u00e7a em uma \u00fanica pe\u00e7a.<\/p>\n<\/p>\n<p> A marca <strong>CHILIROSE<\/strong> foi criada em 2008 e nossa miss\u00e3o \u00e9 oferecer lingerie sensual e excitante aos nossos clientes a um pre\u00e7o competitivo. Agora, em 2022, ap\u00f3s 14 anos, somos uma das principais empresas de lingerie ex\u00f3tica e possu\u00edmos uma ampla cole\u00e7\u00e3o de pijamas, vestidos, robes, espartilhos, vestidos, roupas para balada e muito mais. Nosso rigoroso controle de qualidade garante a total satisfa\u00e7\u00e3o dos nossos clientes e torna as vendas um prazer. Tomamos cuidado especial na sele\u00e7\u00e3o de nossos materiais e m\u00e3o de obra. Oferecemos regularmente novos estilos fant\u00e1sticos e esperamos surpreend\u00ea-lo positivamente em todas as ocasi\u00f5es. <\/p>\n<\/p>\n<table border=\"1\" cellpadding=\"0\" cellspacing=\"0\" width=\"832\">\n<tbody>\n<tr height=\"23\" style=\"border: 1px solid black;\">\n<td class=\"xl72\" colspan=\"8\" height=\"23\" style=\"text-align: center; border: 1px solid black;\" width=\"832\"> <b>GUIA DE TAMANHOS<\/b> <\/td>\n<\/tr>\n<tr height=\"23\" style=\"border: 1px solid black;\">\n<td class=\"xl73\" colspan=\"2\" height=\"23\" style=\"text-align: center; border: 1px solid black;\"> <strong>TAMANHO<\/strong><\/td>\n<td class=\"xl71\" style=\"text-align: center; border: 1px solid black;\" width=\"104\"> <strong>S<\/strong><\/td>\n<td class=\"xl71\" style=\"text-align: center; border: 1px solid black;\" width=\"104\"> <strong>M<\/strong><\/td>\n<td class=\"xl71\" style=\"text-align: center; border: 1px solid black;\" width=\"104\"> <strong>eu<\/strong><\/td>\n<td class=\"xl71\" style=\"text-align: center; border: 1px solid black;\" width=\"104\"> <strong>GG<\/strong><\/td>\n<td class=\"xl71\" style=\"text-align: center; border: 1px solid black;\" width=\"104\"> <strong>XXG<\/strong><\/td>\n<td class=\"xl71\" style=\"text-align: center; border: 1px solid black;\" width=\"104\"> <strong>P\/M  G\/GG<\/strong> <\/td>\n<\/tr>\n<tr>\n<td class=\"xl74\" colspan=\"2\" height=\"23\" style=\"text-align: center; border: 1px solid black;\" width=\"208\"> <strong>Busto (cm)<\/strong><\/td>\n<td class=\"xl72\" style=\"text-align: center; border: 1px solid black;\" width=\"104\"> 85-89<\/td>\n<td class=\"xl72\" style=\"text-align: center; border: 1px solid black;\" width=\"104\"> 90-94<\/td>\n<td class=\"xl71\" style=\"text-align: center; border: 1px solid black;\" width=\"104\"> 95-99<\/td>\n<td class=\"xl71\" style=\"text-align: center; border: 1px solid black;\" width=\"104\"> 100-104<\/td>\n<td class=\"xl71\" style=\"text-align: center; border: 1px solid black;\" width=\"104\"> 105-109<\/td>\n<td class=\"xl71\" style=\"text-align: center; border: 1px solid black;\" width=\"104\"> 85-94  95-104 <\/td>\n<\/tr>\n<tr>\n<td class=\"xl74\" colspan=\"2\" height=\"23\" style=\"text-align: center; border: 1px solid black;\" width=\"208\"> <strong>Abaixo do busto (cm)<\/strong><\/td>\n<td class=\"xl72\" style=\"text-align: center; border: 1px solid black;\" width=\"104\"> <span style=\"color: rgb(51, 51, 51); font-family: sans-serif, Arial, Verdana, \">69-72<\/span><\/td>\n<td class=\"xl72\" style=\"text-align: center; border: 1px solid black;\" width=\"104\"> <span style=\"color: rgb(51, 51, 51); font-family: sans-serif, Arial, Verdana, \">73-77<\/span><\/td>\n<td class=\"xl71\" style=\"text-align: center; border: 1px solid black;\" width=\"104\"> <span style=\"color: rgb(51, 51, 51); font-family: sans-serif, Arial, Verdana, \">78-81<\/span><\/td>\n<td class=\"xl71\" style=\"text-align: center; border: 1px solid black;\" width=\"104\"> <span style=\"color: rgb(51, 51, 51); font-family: sans-serif, Arial, Verdana, \">82-86<\/span><\/td>\n<td class=\"xl71\" style=\"text-align: center; border: 1px solid black;\" width=\"104\"> <span style=\"color: rgb(51, 51, 51); font-family: sans-serif, Arial, Verdana, \">87-90<\/span><\/td>\n<td class=\"xl71\" style=\"text-align: center; border: 1px solid black;\" width=\"104\"> <span style=\"color: rgb(51, 51, 51); font-family: sans-serif, Arial, Verdana, \">69-77  78-86<\/span> <\/td>\n<\/tr>\n<tr height=\"23\" style=\"border: 1px solid black;\">\n<td class=\"xl74\" colspan=\"2\" height=\"23\" style=\"text-align: center; border: 1px solid black;\" width=\"208\"> <strong>Cintura (cm)<\/strong><\/td>\n<td class=\"xl72\" style=\"text-align: center; border: 1px solid black;\" width=\"104\"> 68-72<\/td>\n<td class=\"xl72\" style=\"text-align: center; border: 1px solid black;\" width=\"104\"> 73-77<\/td>\n<td class=\"xl71\" style=\"text-align: center; border: 1px solid black;\" width=\"104\"> 78-82<\/td>\n<td class=\"xl71\" style=\"text-align: center; border: 1px solid black;\" width=\"104\"> 83-87<\/td>\n<td class=\"xl71\" style=\"text-align: center; border: 1px solid black;\" width=\"104\"> 88-93<\/td>\n<td class=\"xl71\" style=\"text-align: center; border: 1px solid black;\" width=\"104\"> 68-77  78-87 <\/td>\n<\/tr>\n<tr height=\"23\" style=\"border: 1px solid black;\">\n<td class=\"xl74\" colspan=\"2\" height=\"23\" style=\"text-align: center; border: 1px solid black;\" width=\"208\"> <strong>Quadris (cm)<\/strong><\/td>\n<td class=\"xl72\" style=\"text-align: center; border: 1px solid black;\" width=\"104\"> 90-94<\/td>\n<td class=\"xl72\" style=\"text-align: center; border: 1px solid black;\" width=\"104\"> 95-100<\/td>\n<td class=\"xl71\" style=\"text-align: center; border: 1px solid black;\" width=\"104\"> 101-105<\/td>\n<td class=\"xl71\" style=\"text-align: center; border: 1px solid black;\" width=\"104\"> 106-111<\/td>\n<td class=\"xl71\" style=\"text-align: center; border: 1px solid black;\" width=\"104\"> 112-116<\/td>\n<td class=\"xl71\" style=\"text-align: center; border: 1px solid black;\" width=\"104\"> 90-100  101-111<\/td>\n<\/tr>\n<\/tbody>\n<\/table>\n","protected":false},"excerpt":{"rendered":"<p>CHILIROSE &#8211; CR 4863 BODY COM RENDA DE FLOR VERMELHA E CINTA-LIGA S<\/p>\n","protected":false},"featured_media":89180,"template":"","meta":{"_acf_changed":false},"product_brand":[],"product_cat":[47,66],"product_tag":[],"class_list":{"0":"post-53214","1":"product","2":"type-product","3":"status-publish","4":"has-post-thumbnail","6":"product_cat-lingerie","7":"product_cat-lingerie-feminina","8":"yith_product_brand-chilirose","9":"yith_product_brand-chilirosechilirose-bodies","11":"first","12":"instock","13":"taxable","14":"shipping-taxable","15":"purchasable","16":"product-type-simple"},"acf":[],"yoast_head":"<!-- This site is optimized with the Yoast SEO plugin v27.4 - https:\/\/yoast.com\/product\/yoast-seo-wordpress\/ -->\n<title>CHILIROSE - CR 4863 BODY COM RENDA DE FLOR VERMELHA E CINTA-LIGA S - Lovme<\/title>\n<meta name=\"robots\" content=\"index, follow, max-snippet:-1, max-image-preview:large, max-video-preview:-1\" \/>\n<link rel=\"canonical\" href=\"https:\/\/lovme.pt\/index.php\/produto\/chilirose-cr-4863-body-com-renda-de-flor-vermelha-e-cinta-liga-s\/\" \/>\n<meta property=\"og:locale\" content=\"pt_PT\" \/>\n<meta property=\"og:type\" content=\"article\" \/>\n<meta property=\"og:title\" content=\"CHILIROSE - CR 4863 BODY COM RENDA DE FLOR VERMELHA E CINTA-LIGA S - Lovme\" \/>\n<meta property=\"og:description\" content=\"CHILIROSE - CR 4863 BODY COM RENDA DE FLOR VERMELHA E CINTA-LIGA S\" \/>\n<meta property=\"og:url\" content=\"https:\/\/lovme.pt\/index.php\/produto\/chilirose-cr-4863-body-com-renda-de-flor-vermelha-e-cinta-liga-s\/\" \/>\n<meta property=\"og:site_name\" content=\"Lovme\" \/>\n<meta property=\"article:modified_time\" content=\"2026-02-19T20:16:00+00:00\" \/>\n<meta property=\"og:image\" content=\"https:\/\/erki24nd3ub.exactdn.com\/wp-content\/uploads\/dream\/img\/img_211835_c430547cb19e49d1710eb54b0889fdde_1.jpg?strip=all\" \/>\n\t<meta property=\"og:image:width\" content=\"900\" \/>\n\t<meta property=\"og:image:height\" content=\"900\" \/>\n\t<meta property=\"og:image:type\" content=\"image\/jpeg\" \/>\n<meta name=\"twitter:card\" content=\"summary_large_image\" \/>\n<meta name=\"twitter:label1\" content=\"Tempo estimado de leitura\" \/>\n\t<meta name=\"twitter:data1\" content=\"2 minutos\" \/>\n<script type=\"application\/ld+json\" class=\"yoast-schema-graph\">{\"@context\":\"https:\\\/\\\/schema.org\",\"@graph\":[{\"@type\":\"WebPage\",\"@id\":\"https:\\\/\\\/lovme.pt\\\/index.php\\\/produto\\\/chilirose-cr-4863-body-com-renda-de-flor-vermelha-e-cinta-liga-s\\\/\",\"url\":\"https:\\\/\\\/lovme.pt\\\/index.php\\\/produto\\\/chilirose-cr-4863-body-com-renda-de-flor-vermelha-e-cinta-liga-s\\\/\",\"name\":\"CHILIROSE - CR 4863 BODY COM RENDA DE FLOR VERMELHA E CINTA-LIGA S - Lovme\",\"isPartOf\":{\"@id\":\"https:\\\/\\\/lovme.pt\\\/#website\"},\"primaryImageOfPage\":{\"@id\":\"https:\\\/\\\/lovme.pt\\\/index.php\\\/produto\\\/chilirose-cr-4863-body-com-renda-de-flor-vermelha-e-cinta-liga-s\\\/#primaryimage\"},\"image\":{\"@id\":\"https:\\\/\\\/lovme.pt\\\/index.php\\\/produto\\\/chilirose-cr-4863-body-com-renda-de-flor-vermelha-e-cinta-liga-s\\\/#primaryimage\"},\"thumbnailUrl\":\"https:\\\/\\\/erki24nd3ub.exactdn.com\\\/wp-content\\\/uploads\\\/dream\\\/img\\\/img_211835_c430547cb19e49d1710eb54b0889fdde_1.jpg?strip=all\",\"datePublished\":\"2025-10-01T00:35:33+00:00\",\"dateModified\":\"2026-02-19T20:16:00+00:00\",\"breadcrumb\":{\"@id\":\"https:\\\/\\\/lovme.pt\\\/index.php\\\/produto\\\/chilirose-cr-4863-body-com-renda-de-flor-vermelha-e-cinta-liga-s\\\/#breadcrumb\"},\"inLanguage\":\"pt-PT\",\"potentialAction\":[{\"@type\":\"ReadAction\",\"target\":[\"https:\\\/\\\/lovme.pt\\\/index.php\\\/produto\\\/chilirose-cr-4863-body-com-renda-de-flor-vermelha-e-cinta-liga-s\\\/\"]}]},{\"@type\":\"ImageObject\",\"inLanguage\":\"pt-PT\",\"@id\":\"https:\\\/\\\/lovme.pt\\\/index.php\\\/produto\\\/chilirose-cr-4863-body-com-renda-de-flor-vermelha-e-cinta-liga-s\\\/#primaryimage\",\"url\":\"https:\\\/\\\/erki24nd3ub.exactdn.com\\\/wp-content\\\/uploads\\\/dream\\\/img\\\/img_211835_c430547cb19e49d1710eb54b0889fdde_1.jpg?strip=all\",\"contentUrl\":\"https:\\\/\\\/erki24nd3ub.exactdn.com\\\/wp-content\\\/uploads\\\/dream\\\/img\\\/img_211835_c430547cb19e49d1710eb54b0889fdde_1.jpg?strip=all\",\"width\":900,\"height\":900},{\"@type\":\"BreadcrumbList\",\"@id\":\"https:\\\/\\\/lovme.pt\\\/index.php\\\/produto\\\/chilirose-cr-4863-body-com-renda-de-flor-vermelha-e-cinta-liga-s\\\/#breadcrumb\",\"itemListElement\":[{\"@type\":\"ListItem\",\"position\":1,\"name\":\"In\u00edcio\",\"item\":\"https:\\\/\\\/lovme.pt\\\/\"},{\"@type\":\"ListItem\",\"position\":2,\"name\":\"Loja\",\"item\":\"https:\\\/\\\/lovme.pt\\\/index.php\\\/loja\\\/\"},{\"@type\":\"ListItem\",\"position\":3,\"name\":\"CHILIROSE &#8211; CR 4863 BODY COM RENDA DE FLOR VERMELHA E CINTA-LIGA S\"}]},{\"@type\":\"WebSite\",\"@id\":\"https:\\\/\\\/lovme.pt\\\/#website\",\"url\":\"https:\\\/\\\/lovme.pt\\\/\",\"name\":\"Lovme Loja Er\u00f3tica N\u00ba1 em Portugal\",\"description\":\"A melhor loja er\u00f3tica de Portugal.\",\"alternateName\":\"Loja Er\u00f3tica Lovme\",\"potentialAction\":[{\"@type\":\"SearchAction\",\"target\":{\"@type\":\"EntryPoint\",\"urlTemplate\":\"https:\\\/\\\/lovme.pt\\\/?s={search_term_string}\"},\"query-input\":{\"@type\":\"PropertyValueSpecification\",\"valueRequired\":true,\"valueName\":\"search_term_string\"}}],\"inLanguage\":\"pt-PT\"}]}<\/script>\n<!-- \/ Yoast SEO plugin. -->","yoast_head_json":{"title":"CHILIROSE - CR 4863 BODY COM RENDA DE FLOR VERMELHA E CINTA-LIGA S - Lovme","robots":{"index":"index","follow":"follow","max-snippet":"max-snippet:-1","max-image-preview":"max-image-preview:large","max-video-preview":"max-video-preview:-1"},"canonical":"https:\/\/lovme.pt\/index.php\/produto\/chilirose-cr-4863-body-com-renda-de-flor-vermelha-e-cinta-liga-s\/","og_locale":"pt_PT","og_type":"article","og_title":"CHILIROSE - CR 4863 BODY COM RENDA DE FLOR VERMELHA E CINTA-LIGA S - Lovme","og_description":"CHILIROSE - CR 4863 BODY COM RENDA DE FLOR VERMELHA E CINTA-LIGA S","og_url":"https:\/\/lovme.pt\/index.php\/produto\/chilirose-cr-4863-body-com-renda-de-flor-vermelha-e-cinta-liga-s\/","og_site_name":"Lovme","article_modified_time":"2026-02-19T20:16:00+00:00","og_image":[{"width":900,"height":900,"url":"https:\/\/erki24nd3ub.exactdn.com\/wp-content\/uploads\/dream\/img\/img_211835_c430547cb19e49d1710eb54b0889fdde_1.jpg?strip=all","type":"image\/jpeg"}],"twitter_card":"summary_large_image","twitter_misc":{"Tempo estimado de leitura":"2 minutos"},"schema":{"@context":"https:\/\/schema.org","@graph":[{"@type":"WebPage","@id":"https:\/\/lovme.pt\/index.php\/produto\/chilirose-cr-4863-body-com-renda-de-flor-vermelha-e-cinta-liga-s\/","url":"https:\/\/lovme.pt\/index.php\/produto\/chilirose-cr-4863-body-com-renda-de-flor-vermelha-e-cinta-liga-s\/","name":"CHILIROSE - CR 4863 BODY COM RENDA DE FLOR VERMELHA E CINTA-LIGA S - Lovme","isPartOf":{"@id":"https:\/\/lovme.pt\/#website"},"primaryImageOfPage":{"@id":"https:\/\/lovme.pt\/index.php\/produto\/chilirose-cr-4863-body-com-renda-de-flor-vermelha-e-cinta-liga-s\/#primaryimage"},"image":{"@id":"https:\/\/lovme.pt\/index.php\/produto\/chilirose-cr-4863-body-com-renda-de-flor-vermelha-e-cinta-liga-s\/#primaryimage"},"thumbnailUrl":"https:\/\/erki24nd3ub.exactdn.com\/wp-content\/uploads\/dream\/img\/img_211835_c430547cb19e49d1710eb54b0889fdde_1.jpg?strip=all","datePublished":"2025-10-01T00:35:33+00:00","dateModified":"2026-02-19T20:16:00+00:00","breadcrumb":{"@id":"https:\/\/lovme.pt\/index.php\/produto\/chilirose-cr-4863-body-com-renda-de-flor-vermelha-e-cinta-liga-s\/#breadcrumb"},"inLanguage":"pt-PT","potentialAction":[{"@type":"ReadAction","target":["https:\/\/lovme.pt\/index.php\/produto\/chilirose-cr-4863-body-com-renda-de-flor-vermelha-e-cinta-liga-s\/"]}]},{"@type":"ImageObject","inLanguage":"pt-PT","@id":"https:\/\/lovme.pt\/index.php\/produto\/chilirose-cr-4863-body-com-renda-de-flor-vermelha-e-cinta-liga-s\/#primaryimage","url":"https:\/\/erki24nd3ub.exactdn.com\/wp-content\/uploads\/dream\/img\/img_211835_c430547cb19e49d1710eb54b0889fdde_1.jpg?strip=all","contentUrl":"https:\/\/erki24nd3ub.exactdn.com\/wp-content\/uploads\/dream\/img\/img_211835_c430547cb19e49d1710eb54b0889fdde_1.jpg?strip=all","width":900,"height":900},{"@type":"BreadcrumbList","@id":"https:\/\/lovme.pt\/index.php\/produto\/chilirose-cr-4863-body-com-renda-de-flor-vermelha-e-cinta-liga-s\/#breadcrumb","itemListElement":[{"@type":"ListItem","position":1,"name":"In\u00edcio","item":"https:\/\/lovme.pt\/"},{"@type":"ListItem","position":2,"name":"Loja","item":"https:\/\/lovme.pt\/index.php\/loja\/"},{"@type":"ListItem","position":3,"name":"CHILIROSE &#8211; CR 4863 BODY COM RENDA DE FLOR VERMELHA E CINTA-LIGA S"}]},{"@type":"WebSite","@id":"https:\/\/lovme.pt\/#website","url":"https:\/\/lovme.pt\/","name":"Lovme Loja Er\u00f3tica N\u00ba1 em Portugal","description":"A melhor loja er\u00f3tica de Portugal.","alternateName":"Loja Er\u00f3tica Lovme","potentialAction":[{"@type":"SearchAction","target":{"@type":"EntryPoint","urlTemplate":"https:\/\/lovme.pt\/?s={search_term_string}"},"query-input":{"@type":"PropertyValueSpecification","valueRequired":true,"valueName":"search_term_string"}}],"inLanguage":"pt-PT"}]}},"_links":{"self":[{"href":"https:\/\/lovme.pt\/index.php\/wp-json\/wp\/v2\/product\/53214","targetHints":{"allow":["GET"]}}],"collection":[{"href":"https:\/\/lovme.pt\/index.php\/wp-json\/wp\/v2\/product"}],"about":[{"href":"https:\/\/lovme.pt\/index.php\/wp-json\/wp\/v2\/types\/product"}],"wp:featuredmedia":[{"embeddable":true,"href":"https:\/\/lovme.pt\/index.php\/wp-json\/wp\/v2\/media\/89180"}],"wp:attachment":[{"href":"https:\/\/lovme.pt\/index.php\/wp-json\/wp\/v2\/media?parent=53214"}],"wp:term":[{"taxonomy":"product_brand","embeddable":true,"href":"https:\/\/lovme.pt\/index.php\/wp-json\/wp\/v2\/product_brand?post=53214"},{"taxonomy":"product_cat","embeddable":true,"href":"https:\/\/lovme.pt\/index.php\/wp-json\/wp\/v2\/product_cat?post=53214"},{"taxonomy":"product_tag","embeddable":true,"href":"https:\/\/lovme.pt\/index.php\/wp-json\/wp\/v2\/product_tag?post=53214"}],"curies":[{"name":"wp","href":"https:\/\/api.w.org\/{rel}","templated":true}]}}