{"id":53202,"date":"2025-09-30T22:08:25","date_gmt":"2025-09-30T22:08:25","guid":{"rendered":"https:\/\/lovme.pt\/?post_type=product&p=53202"},"modified":"2026-02-19T20:09:15","modified_gmt":"2026-02-19T20:09:15","slug":"intense-estimulador-duchess-com-lingua-giratoria-360-azul","status":"publish","type":"product","link":"https:\/\/lovme.pt\/index.php\/produto\/intense-estimulador-duchess-com-lingua-giratoria-360-azul\/","title":{"rendered":"INTENSE &#8211; ESTIMULADOR DUCHESS COM L\u00cdNGUA GIRAT\u00d3RIA 360 AZUL"},"content":{"rendered":"<p>Descubra novas sensa\u00e7\u00f5es com Puppy Licking, o estimulador clitoriano que reproduz o movimento da l\u00edngua com um realismo surpreendente. Este brinquedo pequeno, mas poderoso, foi projetado para quem busca uma experi\u00eancia \u00edntima imersiva, suave e profundamente satisfat\u00f3ria.<\/p>\n<p>Sua tecnologia de lambida foi projetada para imitar a sensa\u00e7\u00e3o de uma l\u00edngua de verdade lambendo o clit\u00f3ris de forma r\u00edtmica e cont\u00ednua, proporcionando um tipo de prazer natural, sensual e extremamente excitante. A combina\u00e7\u00e3o de movimento e textura cria uma experi\u00eancia \u00fanica que estimula exatamente onde voc\u00ea precisa.<\/p>\n<p>O design exterior \u00e9 doce, moderno e funcional, com uma est\u00e9tica inspirada na ternura e na brincadeira. Sua cor azul suave (Pantone semelhante a 292U) confere um toque de frescor e tranquilidade, sem perder o charme de um brinquedo sofisticado e funcional. \u00c9 compacto, ergon\u00f4mico e f\u00e1cil de segurar, perfeito para uso individual ou para brincadeiras em casal.<\/p>\n<p>Feito com materiais seguros para o corpo, macios ao toque e dur\u00e1veis, o Puppy Licking combina prazer e seguran\u00e7a em um \u00fanico dispositivo. \u00c9 recarreg\u00e1vel via USB, discreto no funcionamento e muito f\u00e1cil de limpar, ideal para quem busca conforto, higiene e desempenho sem complica\u00e7\u00f5es.<\/p>\n","protected":false},"excerpt":{"rendered":"<p>INTENSE &#8211; ESTIMULADOR DUCHESS COM L\u00cdNGUA GIRAT\u00d3RIA 360 AZUL<\/p>\n","protected":false},"featured_media":74349,"template":"","meta":{"_acf_changed":false},"product_brand":[],"product_cat":[17,61],"product_tag":[],"class_list":{"0":"post-53202","1":"product","2":"type-product","3":"status-publish","4":"has-post-thumbnail","6":"product_cat-brinquedos-de-bem-estar-sexual","7":"product_cat-para-elas","8":"yith_product_brand-intense","9":"yith_product_brand-intenseintense-toysintense-fun","10":"yith_product_brand-intenseintense-toys","12":"first","13":"instock","14":"taxable","15":"shipping-taxable","16":"purchasable","17":"product-type-simple"},"acf":[],"yoast_head":"<!-- This site is optimized with the Yoast SEO plugin v27.4 - https:\/\/yoast.com\/product\/yoast-seo-wordpress\/ -->\n<title>INTENSE - ESTIMULADOR DUCHESS COM L\u00cdNGUA GIRAT\u00d3RIA 360 AZUL - Lovme<\/title>\n<meta name=\"robots\" content=\"index, follow, max-snippet:-1, max-image-preview:large, max-video-preview:-1\" \/>\n<link rel=\"canonical\" href=\"https:\/\/lovme.pt\/index.php\/produto\/intense-estimulador-duchess-com-lingua-giratoria-360-azul\/\" \/>\n<meta property=\"og:locale\" content=\"pt_PT\" \/>\n<meta property=\"og:type\" content=\"article\" \/>\n<meta property=\"og:title\" content=\"INTENSE - ESTIMULADOR DUCHESS COM L\u00cdNGUA GIRAT\u00d3RIA 360 AZUL - Lovme\" \/>\n<meta property=\"og:description\" content=\"INTENSE - ESTIMULADOR DUCHESS COM L\u00cdNGUA GIRAT\u00d3RIA 360 AZUL\" \/>\n<meta property=\"og:url\" content=\"https:\/\/lovme.pt\/index.php\/produto\/intense-estimulador-duchess-com-lingua-giratoria-360-azul\/\" \/>\n<meta property=\"og:site_name\" content=\"Lovme\" \/>\n<meta property=\"article:modified_time\" content=\"2026-02-19T20:09:15+00:00\" \/>\n<meta property=\"og:image\" content=\"https:\/\/erki24nd3ub.exactdn.com\/wp-content\/uploads\/dream\/img\/img_213794_bac424fbeb72dd06e279d93f62a851f0_1.png?strip=all\" \/>\n\t<meta property=\"og:image:width\" content=\"900\" \/>\n\t<meta property=\"og:image:height\" content=\"900\" \/>\n\t<meta property=\"og:image:type\" content=\"image\/png\" \/>\n<meta name=\"twitter:card\" content=\"summary_large_image\" \/>\n<meta name=\"twitter:label1\" content=\"Tempo estimado de leitura\" \/>\n\t<meta name=\"twitter:data1\" content=\"1 minuto\" \/>\n<script type=\"application\/ld+json\" class=\"yoast-schema-graph\">{\"@context\":\"https:\\\/\\\/schema.org\",\"@graph\":[{\"@type\":\"WebPage\",\"@id\":\"https:\\\/\\\/lovme.pt\\\/index.php\\\/produto\\\/intense-estimulador-duchess-com-lingua-giratoria-360-azul\\\/\",\"url\":\"https:\\\/\\\/lovme.pt\\\/index.php\\\/produto\\\/intense-estimulador-duchess-com-lingua-giratoria-360-azul\\\/\",\"name\":\"INTENSE - ESTIMULADOR DUCHESS COM L\u00cdNGUA GIRAT\u00d3RIA 360 AZUL - Lovme\",\"isPartOf\":{\"@id\":\"https:\\\/\\\/lovme.pt\\\/#website\"},\"primaryImageOfPage\":{\"@id\":\"https:\\\/\\\/lovme.pt\\\/index.php\\\/produto\\\/intense-estimulador-duchess-com-lingua-giratoria-360-azul\\\/#primaryimage\"},\"image\":{\"@id\":\"https:\\\/\\\/lovme.pt\\\/index.php\\\/produto\\\/intense-estimulador-duchess-com-lingua-giratoria-360-azul\\\/#primaryimage\"},\"thumbnailUrl\":\"https:\\\/\\\/erki24nd3ub.exactdn.com\\\/wp-content\\\/uploads\\\/dream\\\/img\\\/img_213794_bac424fbeb72dd06e279d93f62a851f0_1.png?strip=all\",\"datePublished\":\"2025-09-30T22:08:25+00:00\",\"dateModified\":\"2026-02-19T20:09:15+00:00\",\"breadcrumb\":{\"@id\":\"https:\\\/\\\/lovme.pt\\\/index.php\\\/produto\\\/intense-estimulador-duchess-com-lingua-giratoria-360-azul\\\/#breadcrumb\"},\"inLanguage\":\"pt-PT\",\"potentialAction\":[{\"@type\":\"ReadAction\",\"target\":[\"https:\\\/\\\/lovme.pt\\\/index.php\\\/produto\\\/intense-estimulador-duchess-com-lingua-giratoria-360-azul\\\/\"]}]},{\"@type\":\"ImageObject\",\"inLanguage\":\"pt-PT\",\"@id\":\"https:\\\/\\\/lovme.pt\\\/index.php\\\/produto\\\/intense-estimulador-duchess-com-lingua-giratoria-360-azul\\\/#primaryimage\",\"url\":\"https:\\\/\\\/erki24nd3ub.exactdn.com\\\/wp-content\\\/uploads\\\/dream\\\/img\\\/img_213794_bac424fbeb72dd06e279d93f62a851f0_1.png?strip=all\",\"contentUrl\":\"https:\\\/\\\/erki24nd3ub.exactdn.com\\\/wp-content\\\/uploads\\\/dream\\\/img\\\/img_213794_bac424fbeb72dd06e279d93f62a851f0_1.png?strip=all\",\"width\":900,\"height\":900},{\"@type\":\"BreadcrumbList\",\"@id\":\"https:\\\/\\\/lovme.pt\\\/index.php\\\/produto\\\/intense-estimulador-duchess-com-lingua-giratoria-360-azul\\\/#breadcrumb\",\"itemListElement\":[{\"@type\":\"ListItem\",\"position\":1,\"name\":\"In\u00edcio\",\"item\":\"https:\\\/\\\/lovme.pt\\\/\"},{\"@type\":\"ListItem\",\"position\":2,\"name\":\"Loja\",\"item\":\"https:\\\/\\\/lovme.pt\\\/index.php\\\/loja\\\/\"},{\"@type\":\"ListItem\",\"position\":3,\"name\":\"INTENSE &#8211; ESTIMULADOR DUCHESS COM L\u00cdNGUA GIRAT\u00d3RIA 360 AZUL\"}]},{\"@type\":\"WebSite\",\"@id\":\"https:\\\/\\\/lovme.pt\\\/#website\",\"url\":\"https:\\\/\\\/lovme.pt\\\/\",\"name\":\"Lovme Loja Er\u00f3tica N\u00ba1 em Portugal\",\"description\":\"A melhor loja er\u00f3tica de Portugal.\",\"alternateName\":\"Loja Er\u00f3tica Lovme\",\"potentialAction\":[{\"@type\":\"SearchAction\",\"target\":{\"@type\":\"EntryPoint\",\"urlTemplate\":\"https:\\\/\\\/lovme.pt\\\/?s={search_term_string}\"},\"query-input\":{\"@type\":\"PropertyValueSpecification\",\"valueRequired\":true,\"valueName\":\"search_term_string\"}}],\"inLanguage\":\"pt-PT\"}]}<\/script>\n<!-- \/ Yoast SEO plugin. -->","yoast_head_json":{"title":"INTENSE - ESTIMULADOR DUCHESS COM L\u00cdNGUA GIRAT\u00d3RIA 360 AZUL - Lovme","robots":{"index":"index","follow":"follow","max-snippet":"max-snippet:-1","max-image-preview":"max-image-preview:large","max-video-preview":"max-video-preview:-1"},"canonical":"https:\/\/lovme.pt\/index.php\/produto\/intense-estimulador-duchess-com-lingua-giratoria-360-azul\/","og_locale":"pt_PT","og_type":"article","og_title":"INTENSE - ESTIMULADOR DUCHESS COM L\u00cdNGUA GIRAT\u00d3RIA 360 AZUL - Lovme","og_description":"INTENSE - ESTIMULADOR DUCHESS COM L\u00cdNGUA GIRAT\u00d3RIA 360 AZUL","og_url":"https:\/\/lovme.pt\/index.php\/produto\/intense-estimulador-duchess-com-lingua-giratoria-360-azul\/","og_site_name":"Lovme","article_modified_time":"2026-02-19T20:09:15+00:00","og_image":[{"width":900,"height":900,"url":"https:\/\/erki24nd3ub.exactdn.com\/wp-content\/uploads\/dream\/img\/img_213794_bac424fbeb72dd06e279d93f62a851f0_1.png?strip=all","type":"image\/png"}],"twitter_card":"summary_large_image","twitter_misc":{"Tempo estimado de leitura":"1 minuto"},"schema":{"@context":"https:\/\/schema.org","@graph":[{"@type":"WebPage","@id":"https:\/\/lovme.pt\/index.php\/produto\/intense-estimulador-duchess-com-lingua-giratoria-360-azul\/","url":"https:\/\/lovme.pt\/index.php\/produto\/intense-estimulador-duchess-com-lingua-giratoria-360-azul\/","name":"INTENSE - ESTIMULADOR DUCHESS COM L\u00cdNGUA GIRAT\u00d3RIA 360 AZUL - Lovme","isPartOf":{"@id":"https:\/\/lovme.pt\/#website"},"primaryImageOfPage":{"@id":"https:\/\/lovme.pt\/index.php\/produto\/intense-estimulador-duchess-com-lingua-giratoria-360-azul\/#primaryimage"},"image":{"@id":"https:\/\/lovme.pt\/index.php\/produto\/intense-estimulador-duchess-com-lingua-giratoria-360-azul\/#primaryimage"},"thumbnailUrl":"https:\/\/erki24nd3ub.exactdn.com\/wp-content\/uploads\/dream\/img\/img_213794_bac424fbeb72dd06e279d93f62a851f0_1.png?strip=all","datePublished":"2025-09-30T22:08:25+00:00","dateModified":"2026-02-19T20:09:15+00:00","breadcrumb":{"@id":"https:\/\/lovme.pt\/index.php\/produto\/intense-estimulador-duchess-com-lingua-giratoria-360-azul\/#breadcrumb"},"inLanguage":"pt-PT","potentialAction":[{"@type":"ReadAction","target":["https:\/\/lovme.pt\/index.php\/produto\/intense-estimulador-duchess-com-lingua-giratoria-360-azul\/"]}]},{"@type":"ImageObject","inLanguage":"pt-PT","@id":"https:\/\/lovme.pt\/index.php\/produto\/intense-estimulador-duchess-com-lingua-giratoria-360-azul\/#primaryimage","url":"https:\/\/erki24nd3ub.exactdn.com\/wp-content\/uploads\/dream\/img\/img_213794_bac424fbeb72dd06e279d93f62a851f0_1.png?strip=all","contentUrl":"https:\/\/erki24nd3ub.exactdn.com\/wp-content\/uploads\/dream\/img\/img_213794_bac424fbeb72dd06e279d93f62a851f0_1.png?strip=all","width":900,"height":900},{"@type":"BreadcrumbList","@id":"https:\/\/lovme.pt\/index.php\/produto\/intense-estimulador-duchess-com-lingua-giratoria-360-azul\/#breadcrumb","itemListElement":[{"@type":"ListItem","position":1,"name":"In\u00edcio","item":"https:\/\/lovme.pt\/"},{"@type":"ListItem","position":2,"name":"Loja","item":"https:\/\/lovme.pt\/index.php\/loja\/"},{"@type":"ListItem","position":3,"name":"INTENSE &#8211; ESTIMULADOR DUCHESS COM L\u00cdNGUA GIRAT\u00d3RIA 360 AZUL"}]},{"@type":"WebSite","@id":"https:\/\/lovme.pt\/#website","url":"https:\/\/lovme.pt\/","name":"Lovme Loja Er\u00f3tica N\u00ba1 em Portugal","description":"A melhor loja er\u00f3tica de Portugal.","alternateName":"Loja Er\u00f3tica Lovme","potentialAction":[{"@type":"SearchAction","target":{"@type":"EntryPoint","urlTemplate":"https:\/\/lovme.pt\/?s={search_term_string}"},"query-input":{"@type":"PropertyValueSpecification","valueRequired":true,"valueName":"search_term_string"}}],"inLanguage":"pt-PT"}]}},"_links":{"self":[{"href":"https:\/\/lovme.pt\/index.php\/wp-json\/wp\/v2\/product\/53202","targetHints":{"allow":["GET"]}}],"collection":[{"href":"https:\/\/lovme.pt\/index.php\/wp-json\/wp\/v2\/product"}],"about":[{"href":"https:\/\/lovme.pt\/index.php\/wp-json\/wp\/v2\/types\/product"}],"wp:featuredmedia":[{"embeddable":true,"href":"https:\/\/lovme.pt\/index.php\/wp-json\/wp\/v2\/media\/74349"}],"wp:attachment":[{"href":"https:\/\/lovme.pt\/index.php\/wp-json\/wp\/v2\/media?parent=53202"}],"wp:term":[{"taxonomy":"product_brand","embeddable":true,"href":"https:\/\/lovme.pt\/index.php\/wp-json\/wp\/v2\/product_brand?post=53202"},{"taxonomy":"product_cat","embeddable":true,"href":"https:\/\/lovme.pt\/index.php\/wp-json\/wp\/v2\/product_cat?post=53202"},{"taxonomy":"product_tag","embeddable":true,"href":"https:\/\/lovme.pt\/index.php\/wp-json\/wp\/v2\/product_tag?post=53202"}],"curies":[{"name":"wp","href":"https:\/\/api.w.org\/{rel}","templated":true}]}}