{"id":53200,"date":"2025-09-30T22:08:19","date_gmt":"2025-09-30T22:08:19","guid":{"rendered":"https:\/\/lovme.pt\/?post_type=product&p=53200"},"modified":"2026-02-19T20:09:15","modified_gmt":"2026-02-19T20:09:15","slug":"intense-marie-pink-efeito-de-pulsacao-estimulador-de-lingua","status":"publish","type":"product","link":"https:\/\/lovme.pt\/index.php\/produto\/intense-marie-pink-efeito-de-pulsacao-estimulador-de-lingua\/","title":{"rendered":"INTENSE &#8211; MARIE PINK EFEITO DE PULSA\u00c7\u00c3O ESTIMULADOR DE L\u00cdNGUA"},"content":{"rendered":"<p>Descubra uma nova dimens\u00e3o de prazer com o Puppy Point Tapping, o estimulador clitoriano que combina tecnologia de ponta, design ador\u00e1vel e pot\u00eancia focada em proporcionar orgasmos intensos e personalizados. Inspirado na suavidade e ternura de uma car\u00edcia, este dispositivo n\u00e3o \u00e9 apenas esteticamente agrad\u00e1vel, mas tamb\u00e9m incrivelmente eficaz.<\/p>\n<p>Seu exclusivo sistema de estimula\u00e7\u00e3o por toque simula batidas r\u00edtmicas e pulsa\u00e7\u00f5es diretas no clit\u00f3ris, gerando uma sensa\u00e7\u00e3o \u00fanica que imita um contato real e preciso. Esta fun\u00e7\u00e3o cuidadosamente calibrada estimula diretamente as termina\u00e7\u00f5es nervosas com intensidade progressiva, levando voc\u00ea da excita\u00e7\u00e3o ao cl\u00edmax de forma controlada e prazerosa.<\/p>\n<p>Projetado com linhas suaves, tamanho discreto e est\u00e9tica inspirada em doces \u2014 tudo em um delicado tom rosa pastel \u2014 o Puppy Point Tapping n\u00e3o \u00e9 apenas uma joia na sua mesa de cabeceira, mas tamb\u00e9m um companheiro \u00edntimo, f\u00e1cil de manusear e guardar. Seu formato ergon\u00f4mico permite uma pegada confort\u00e1vel e uso intuitivo, ideal tanto para iniciantes quanto para quem busca novas sensa\u00e7\u00f5es.<\/p>\n<p>Feito com materiais de alta qualidade e seguros para o corpo, com acabamento aveludado, este estimulador foi projetado para oferecer conforto, higiene e durabilidade. Tamb\u00e9m \u00e9 recarreg\u00e1vel por USB, silencioso e perfeito para viagens ou uso pessoal.<\/p>\n","protected":false},"excerpt":{"rendered":"<p>INTENSE &#8211; MARIE PINK EFEITO DE PULSA\u00c7\u00c3O ESTIMULADOR DE L\u00cdNGUA<\/p>\n","protected":false},"featured_media":74339,"template":"","meta":{"_acf_changed":false},"product_brand":[],"product_cat":[17,61],"product_tag":[],"class_list":{"0":"post-53200","1":"product","2":"type-product","3":"status-publish","4":"has-post-thumbnail","6":"product_cat-brinquedos-de-bem-estar-sexual","7":"product_cat-para-elas","8":"yith_product_brand-intense","9":"yith_product_brand-intenseintense-toysintense-fun","10":"yith_product_brand-intenseintense-toys","12":"first","13":"instock","14":"taxable","15":"shipping-taxable","16":"purchasable","17":"product-type-simple"},"acf":[],"yoast_head":"<!-- This site is optimized with the Yoast SEO plugin v27.4 - https:\/\/yoast.com\/product\/yoast-seo-wordpress\/ -->\n<title>INTENSE - MARIE PINK EFEITO DE PULSA\u00c7\u00c3O ESTIMULADOR DE L\u00cdNGUA - Lovme<\/title>\n<meta name=\"robots\" content=\"index, follow, max-snippet:-1, max-image-preview:large, max-video-preview:-1\" \/>\n<link rel=\"canonical\" href=\"https:\/\/lovme.pt\/index.php\/produto\/intense-marie-pink-efeito-de-pulsacao-estimulador-de-lingua\/\" \/>\n<meta property=\"og:locale\" content=\"pt_PT\" \/>\n<meta property=\"og:type\" content=\"article\" \/>\n<meta property=\"og:title\" content=\"INTENSE - MARIE PINK EFEITO DE PULSA\u00c7\u00c3O ESTIMULADOR DE L\u00cdNGUA - Lovme\" \/>\n<meta property=\"og:description\" content=\"INTENSE - MARIE PINK EFEITO DE PULSA\u00c7\u00c3O ESTIMULADOR DE L\u00cdNGUA\" \/>\n<meta property=\"og:url\" content=\"https:\/\/lovme.pt\/index.php\/produto\/intense-marie-pink-efeito-de-pulsacao-estimulador-de-lingua\/\" \/>\n<meta property=\"og:site_name\" content=\"Lovme\" \/>\n<meta property=\"article:modified_time\" content=\"2026-02-19T20:09:15+00:00\" \/>\n<meta property=\"og:image\" content=\"https:\/\/erki24nd3ub.exactdn.com\/wp-content\/uploads\/dream\/img\/img_213789_b548103d4ceb8012a77c7dd4d7654064_1.png?strip=all\" \/>\n\t<meta property=\"og:image:width\" content=\"900\" \/>\n\t<meta property=\"og:image:height\" content=\"900\" \/>\n\t<meta property=\"og:image:type\" content=\"image\/png\" \/>\n<meta name=\"twitter:card\" content=\"summary_large_image\" \/>\n<meta name=\"twitter:label1\" content=\"Tempo estimado de leitura\" \/>\n\t<meta name=\"twitter:data1\" content=\"1 minuto\" \/>\n<script type=\"application\/ld+json\" class=\"yoast-schema-graph\">{\"@context\":\"https:\\\/\\\/schema.org\",\"@graph\":[{\"@type\":\"WebPage\",\"@id\":\"https:\\\/\\\/lovme.pt\\\/index.php\\\/produto\\\/intense-marie-pink-efeito-de-pulsacao-estimulador-de-lingua\\\/\",\"url\":\"https:\\\/\\\/lovme.pt\\\/index.php\\\/produto\\\/intense-marie-pink-efeito-de-pulsacao-estimulador-de-lingua\\\/\",\"name\":\"INTENSE - MARIE PINK EFEITO DE PULSA\u00c7\u00c3O ESTIMULADOR DE L\u00cdNGUA - Lovme\",\"isPartOf\":{\"@id\":\"https:\\\/\\\/lovme.pt\\\/#website\"},\"primaryImageOfPage\":{\"@id\":\"https:\\\/\\\/lovme.pt\\\/index.php\\\/produto\\\/intense-marie-pink-efeito-de-pulsacao-estimulador-de-lingua\\\/#primaryimage\"},\"image\":{\"@id\":\"https:\\\/\\\/lovme.pt\\\/index.php\\\/produto\\\/intense-marie-pink-efeito-de-pulsacao-estimulador-de-lingua\\\/#primaryimage\"},\"thumbnailUrl\":\"https:\\\/\\\/erki24nd3ub.exactdn.com\\\/wp-content\\\/uploads\\\/dream\\\/img\\\/img_213789_b548103d4ceb8012a77c7dd4d7654064_1.png?strip=all\",\"datePublished\":\"2025-09-30T22:08:19+00:00\",\"dateModified\":\"2026-02-19T20:09:15+00:00\",\"breadcrumb\":{\"@id\":\"https:\\\/\\\/lovme.pt\\\/index.php\\\/produto\\\/intense-marie-pink-efeito-de-pulsacao-estimulador-de-lingua\\\/#breadcrumb\"},\"inLanguage\":\"pt-PT\",\"potentialAction\":[{\"@type\":\"ReadAction\",\"target\":[\"https:\\\/\\\/lovme.pt\\\/index.php\\\/produto\\\/intense-marie-pink-efeito-de-pulsacao-estimulador-de-lingua\\\/\"]}]},{\"@type\":\"ImageObject\",\"inLanguage\":\"pt-PT\",\"@id\":\"https:\\\/\\\/lovme.pt\\\/index.php\\\/produto\\\/intense-marie-pink-efeito-de-pulsacao-estimulador-de-lingua\\\/#primaryimage\",\"url\":\"https:\\\/\\\/erki24nd3ub.exactdn.com\\\/wp-content\\\/uploads\\\/dream\\\/img\\\/img_213789_b548103d4ceb8012a77c7dd4d7654064_1.png?strip=all\",\"contentUrl\":\"https:\\\/\\\/erki24nd3ub.exactdn.com\\\/wp-content\\\/uploads\\\/dream\\\/img\\\/img_213789_b548103d4ceb8012a77c7dd4d7654064_1.png?strip=all\",\"width\":900,\"height\":900},{\"@type\":\"BreadcrumbList\",\"@id\":\"https:\\\/\\\/lovme.pt\\\/index.php\\\/produto\\\/intense-marie-pink-efeito-de-pulsacao-estimulador-de-lingua\\\/#breadcrumb\",\"itemListElement\":[{\"@type\":\"ListItem\",\"position\":1,\"name\":\"In\u00edcio\",\"item\":\"https:\\\/\\\/lovme.pt\\\/\"},{\"@type\":\"ListItem\",\"position\":2,\"name\":\"Loja\",\"item\":\"https:\\\/\\\/lovme.pt\\\/index.php\\\/loja\\\/\"},{\"@type\":\"ListItem\",\"position\":3,\"name\":\"INTENSE &#8211; MARIE PINK EFEITO DE PULSA\u00c7\u00c3O ESTIMULADOR DE L\u00cdNGUA\"}]},{\"@type\":\"WebSite\",\"@id\":\"https:\\\/\\\/lovme.pt\\\/#website\",\"url\":\"https:\\\/\\\/lovme.pt\\\/\",\"name\":\"Lovme Loja Er\u00f3tica N\u00ba1 em Portugal\",\"description\":\"A melhor loja er\u00f3tica de Portugal.\",\"alternateName\":\"Loja Er\u00f3tica Lovme\",\"potentialAction\":[{\"@type\":\"SearchAction\",\"target\":{\"@type\":\"EntryPoint\",\"urlTemplate\":\"https:\\\/\\\/lovme.pt\\\/?s={search_term_string}\"},\"query-input\":{\"@type\":\"PropertyValueSpecification\",\"valueRequired\":true,\"valueName\":\"search_term_string\"}}],\"inLanguage\":\"pt-PT\"}]}<\/script>\n<!-- \/ Yoast SEO plugin. -->","yoast_head_json":{"title":"INTENSE - MARIE PINK EFEITO DE PULSA\u00c7\u00c3O ESTIMULADOR DE L\u00cdNGUA - Lovme","robots":{"index":"index","follow":"follow","max-snippet":"max-snippet:-1","max-image-preview":"max-image-preview:large","max-video-preview":"max-video-preview:-1"},"canonical":"https:\/\/lovme.pt\/index.php\/produto\/intense-marie-pink-efeito-de-pulsacao-estimulador-de-lingua\/","og_locale":"pt_PT","og_type":"article","og_title":"INTENSE - MARIE PINK EFEITO DE PULSA\u00c7\u00c3O ESTIMULADOR DE L\u00cdNGUA - Lovme","og_description":"INTENSE - MARIE PINK EFEITO DE PULSA\u00c7\u00c3O ESTIMULADOR DE L\u00cdNGUA","og_url":"https:\/\/lovme.pt\/index.php\/produto\/intense-marie-pink-efeito-de-pulsacao-estimulador-de-lingua\/","og_site_name":"Lovme","article_modified_time":"2026-02-19T20:09:15+00:00","og_image":[{"width":900,"height":900,"url":"https:\/\/erki24nd3ub.exactdn.com\/wp-content\/uploads\/dream\/img\/img_213789_b548103d4ceb8012a77c7dd4d7654064_1.png?strip=all","type":"image\/png"}],"twitter_card":"summary_large_image","twitter_misc":{"Tempo estimado de leitura":"1 minuto"},"schema":{"@context":"https:\/\/schema.org","@graph":[{"@type":"WebPage","@id":"https:\/\/lovme.pt\/index.php\/produto\/intense-marie-pink-efeito-de-pulsacao-estimulador-de-lingua\/","url":"https:\/\/lovme.pt\/index.php\/produto\/intense-marie-pink-efeito-de-pulsacao-estimulador-de-lingua\/","name":"INTENSE - MARIE PINK EFEITO DE PULSA\u00c7\u00c3O ESTIMULADOR DE L\u00cdNGUA - Lovme","isPartOf":{"@id":"https:\/\/lovme.pt\/#website"},"primaryImageOfPage":{"@id":"https:\/\/lovme.pt\/index.php\/produto\/intense-marie-pink-efeito-de-pulsacao-estimulador-de-lingua\/#primaryimage"},"image":{"@id":"https:\/\/lovme.pt\/index.php\/produto\/intense-marie-pink-efeito-de-pulsacao-estimulador-de-lingua\/#primaryimage"},"thumbnailUrl":"https:\/\/erki24nd3ub.exactdn.com\/wp-content\/uploads\/dream\/img\/img_213789_b548103d4ceb8012a77c7dd4d7654064_1.png?strip=all","datePublished":"2025-09-30T22:08:19+00:00","dateModified":"2026-02-19T20:09:15+00:00","breadcrumb":{"@id":"https:\/\/lovme.pt\/index.php\/produto\/intense-marie-pink-efeito-de-pulsacao-estimulador-de-lingua\/#breadcrumb"},"inLanguage":"pt-PT","potentialAction":[{"@type":"ReadAction","target":["https:\/\/lovme.pt\/index.php\/produto\/intense-marie-pink-efeito-de-pulsacao-estimulador-de-lingua\/"]}]},{"@type":"ImageObject","inLanguage":"pt-PT","@id":"https:\/\/lovme.pt\/index.php\/produto\/intense-marie-pink-efeito-de-pulsacao-estimulador-de-lingua\/#primaryimage","url":"https:\/\/erki24nd3ub.exactdn.com\/wp-content\/uploads\/dream\/img\/img_213789_b548103d4ceb8012a77c7dd4d7654064_1.png?strip=all","contentUrl":"https:\/\/erki24nd3ub.exactdn.com\/wp-content\/uploads\/dream\/img\/img_213789_b548103d4ceb8012a77c7dd4d7654064_1.png?strip=all","width":900,"height":900},{"@type":"BreadcrumbList","@id":"https:\/\/lovme.pt\/index.php\/produto\/intense-marie-pink-efeito-de-pulsacao-estimulador-de-lingua\/#breadcrumb","itemListElement":[{"@type":"ListItem","position":1,"name":"In\u00edcio","item":"https:\/\/lovme.pt\/"},{"@type":"ListItem","position":2,"name":"Loja","item":"https:\/\/lovme.pt\/index.php\/loja\/"},{"@type":"ListItem","position":3,"name":"INTENSE &#8211; MARIE PINK EFEITO DE PULSA\u00c7\u00c3O ESTIMULADOR DE L\u00cdNGUA"}]},{"@type":"WebSite","@id":"https:\/\/lovme.pt\/#website","url":"https:\/\/lovme.pt\/","name":"Lovme Loja Er\u00f3tica N\u00ba1 em Portugal","description":"A melhor loja er\u00f3tica de Portugal.","alternateName":"Loja Er\u00f3tica Lovme","potentialAction":[{"@type":"SearchAction","target":{"@type":"EntryPoint","urlTemplate":"https:\/\/lovme.pt\/?s={search_term_string}"},"query-input":{"@type":"PropertyValueSpecification","valueRequired":true,"valueName":"search_term_string"}}],"inLanguage":"pt-PT"}]}},"_links":{"self":[{"href":"https:\/\/lovme.pt\/index.php\/wp-json\/wp\/v2\/product\/53200","targetHints":{"allow":["GET"]}}],"collection":[{"href":"https:\/\/lovme.pt\/index.php\/wp-json\/wp\/v2\/product"}],"about":[{"href":"https:\/\/lovme.pt\/index.php\/wp-json\/wp\/v2\/types\/product"}],"wp:featuredmedia":[{"embeddable":true,"href":"https:\/\/lovme.pt\/index.php\/wp-json\/wp\/v2\/media\/74339"}],"wp:attachment":[{"href":"https:\/\/lovme.pt\/index.php\/wp-json\/wp\/v2\/media?parent=53200"}],"wp:term":[{"taxonomy":"product_brand","embeddable":true,"href":"https:\/\/lovme.pt\/index.php\/wp-json\/wp\/v2\/product_brand?post=53200"},{"taxonomy":"product_cat","embeddable":true,"href":"https:\/\/lovme.pt\/index.php\/wp-json\/wp\/v2\/product_cat?post=53200"},{"taxonomy":"product_tag","embeddable":true,"href":"https:\/\/lovme.pt\/index.php\/wp-json\/wp\/v2\/product_tag?post=53200"}],"curies":[{"name":"wp","href":"https:\/\/api.w.org\/{rel}","templated":true}]}}