{"id":53199,"date":"2025-09-30T22:08:16","date_gmt":"2025-09-30T22:08:16","guid":{"rendered":"https:\/\/lovme.pt\/?post_type=product&p=53199"},"modified":"2026-02-19T20:09:15","modified_gmt":"2026-02-19T20:09:15","slug":"intense-estimulador-de-ponto-g-recarregavel-karlie-azul","status":"publish","type":"product","link":"https:\/\/lovme.pt\/index.php\/produto\/intense-estimulador-de-ponto-g-recarregavel-karlie-azul\/","title":{"rendered":"INTENSE &#8211; ESTIMULADOR DE PONTO G RECARREG\u00c1VEL KARLIE AZUL"},"content":{"rendered":"<p>Os estimuladores <strong>INTENSE FUN<\/strong> foram projetados para proporcionar uma experi\u00eancia \u00edntima profundamente satisfat\u00f3ria, combinando design ergon\u00f4mico, pot\u00eancia e estilo. Ideais tanto para brincadeiras individuais quanto em casal, estes vibradores com vibra\u00e7\u00e3o para o ponto G convidam voc\u00ea a descobrir novas formas de prazer com seguran\u00e7a e confian\u00e7a.<\/p>\n<p>Feitos em ABS de alta qualidade, garantem um toque suave, firme e seguro, adaptando-se perfeitamente ao corpo. Seu design elegante, com 2,2 cm de di\u00e2metro por 19 cm de comprimento, foi especialmente desenvolvido para estimular com precis\u00e3o o ponto G, intensificando cada momento de uso.<\/p>\n<p>Incorporam 10 fun\u00e7\u00f5es de vibra\u00e7\u00e3o que variam em ritmo e intensidade para se adequar a todos os estados de esp\u00edrito e desejos: de pulsa\u00e7\u00f5es suaves a vibra\u00e7\u00f5es profundas, cada modo oferece uma experi\u00eancia diferente e imersiva. Sua opera\u00e7\u00e3o \u00e9 simples e intuitiva, projetada para que voc\u00ea possa se concentrar apenas em se divertir.<\/p>\n<p>O elegante acabamento Pantone 292U (azul suave) proporciona uma sensa\u00e7\u00e3o de frescor, serenidade e modernidade, perfeito para quem busca uma est\u00e9tica sofisticada e inusitada. Al\u00e9m disso, seu sistema de recarga USB o torna um companheiro pr\u00e1tico e ecol\u00f3gico, pronto para usar a qualquer hora, sem depender de pilhas.<\/p>\n<p>Cada unidade vem em uma embalagem de alta qualidade do tipo &#8220;caixa de cor de janela&#8221; com uma bandeja interna de PVC, ideal tanto para presentear quanto para exibir em vitrines ou vitrines.<\/p>\n","protected":false},"excerpt":{"rendered":"<p>INTENSE &#8211; ESTIMULADOR DE PONTO G RECARREG\u00c1VEL KARLIE AZUL<\/p>\n","protected":false},"featured_media":74334,"template":"","meta":{"_acf_changed":false},"product_brand":[],"product_cat":[17,61],"product_tag":[],"class_list":{"0":"post-53199","1":"product","2":"type-product","3":"status-publish","4":"has-post-thumbnail","6":"product_cat-brinquedos-de-bem-estar-sexual","7":"product_cat-para-elas","8":"yith_product_brand-intense","9":"yith_product_brand-intenseintense-toysintense-fun","10":"yith_product_brand-intenseintense-toys","12":"first","13":"instock","14":"taxable","15":"shipping-taxable","16":"purchasable","17":"product-type-simple"},"acf":[],"yoast_head":"<!-- This site is optimized with the Yoast SEO plugin v27.4 - https:\/\/yoast.com\/product\/yoast-seo-wordpress\/ -->\n<title>INTENSE - ESTIMULADOR DE PONTO G RECARREG\u00c1VEL KARLIE AZUL - Lovme<\/title>\n<meta name=\"robots\" content=\"index, follow, max-snippet:-1, max-image-preview:large, max-video-preview:-1\" \/>\n<link rel=\"canonical\" href=\"https:\/\/lovme.pt\/index.php\/produto\/intense-estimulador-de-ponto-g-recarregavel-karlie-azul\/\" \/>\n<meta property=\"og:locale\" content=\"pt_PT\" \/>\n<meta property=\"og:type\" content=\"article\" \/>\n<meta property=\"og:title\" content=\"INTENSE - ESTIMULADOR DE PONTO G RECARREG\u00c1VEL KARLIE AZUL - Lovme\" \/>\n<meta property=\"og:description\" content=\"INTENSE - ESTIMULADOR DE PONTO G RECARREG\u00c1VEL KARLIE AZUL\" \/>\n<meta property=\"og:url\" content=\"https:\/\/lovme.pt\/index.php\/produto\/intense-estimulador-de-ponto-g-recarregavel-karlie-azul\/\" \/>\n<meta property=\"og:site_name\" content=\"Lovme\" \/>\n<meta property=\"article:modified_time\" content=\"2026-02-19T20:09:15+00:00\" \/>\n<meta property=\"og:image\" content=\"https:\/\/erki24nd3ub.exactdn.com\/wp-content\/uploads\/dream\/img\/img_213769_be91158ec865b969e20f07795de5d9a3_1.png?strip=all\" \/>\n\t<meta property=\"og:image:width\" content=\"900\" \/>\n\t<meta property=\"og:image:height\" content=\"900\" \/>\n\t<meta property=\"og:image:type\" content=\"image\/png\" \/>\n<meta name=\"twitter:card\" content=\"summary_large_image\" \/>\n<meta name=\"twitter:label1\" content=\"Tempo estimado de leitura\" \/>\n\t<meta name=\"twitter:data1\" content=\"1 minuto\" \/>\n<script type=\"application\/ld+json\" class=\"yoast-schema-graph\">{\"@context\":\"https:\\\/\\\/schema.org\",\"@graph\":[{\"@type\":\"WebPage\",\"@id\":\"https:\\\/\\\/lovme.pt\\\/index.php\\\/produto\\\/intense-estimulador-de-ponto-g-recarregavel-karlie-azul\\\/\",\"url\":\"https:\\\/\\\/lovme.pt\\\/index.php\\\/produto\\\/intense-estimulador-de-ponto-g-recarregavel-karlie-azul\\\/\",\"name\":\"INTENSE - ESTIMULADOR DE PONTO G RECARREG\u00c1VEL KARLIE AZUL - Lovme\",\"isPartOf\":{\"@id\":\"https:\\\/\\\/lovme.pt\\\/#website\"},\"primaryImageOfPage\":{\"@id\":\"https:\\\/\\\/lovme.pt\\\/index.php\\\/produto\\\/intense-estimulador-de-ponto-g-recarregavel-karlie-azul\\\/#primaryimage\"},\"image\":{\"@id\":\"https:\\\/\\\/lovme.pt\\\/index.php\\\/produto\\\/intense-estimulador-de-ponto-g-recarregavel-karlie-azul\\\/#primaryimage\"},\"thumbnailUrl\":\"https:\\\/\\\/erki24nd3ub.exactdn.com\\\/wp-content\\\/uploads\\\/dream\\\/img\\\/img_213769_be91158ec865b969e20f07795de5d9a3_1.png?strip=all\",\"datePublished\":\"2025-09-30T22:08:16+00:00\",\"dateModified\":\"2026-02-19T20:09:15+00:00\",\"breadcrumb\":{\"@id\":\"https:\\\/\\\/lovme.pt\\\/index.php\\\/produto\\\/intense-estimulador-de-ponto-g-recarregavel-karlie-azul\\\/#breadcrumb\"},\"inLanguage\":\"pt-PT\",\"potentialAction\":[{\"@type\":\"ReadAction\",\"target\":[\"https:\\\/\\\/lovme.pt\\\/index.php\\\/produto\\\/intense-estimulador-de-ponto-g-recarregavel-karlie-azul\\\/\"]}]},{\"@type\":\"ImageObject\",\"inLanguage\":\"pt-PT\",\"@id\":\"https:\\\/\\\/lovme.pt\\\/index.php\\\/produto\\\/intense-estimulador-de-ponto-g-recarregavel-karlie-azul\\\/#primaryimage\",\"url\":\"https:\\\/\\\/erki24nd3ub.exactdn.com\\\/wp-content\\\/uploads\\\/dream\\\/img\\\/img_213769_be91158ec865b969e20f07795de5d9a3_1.png?strip=all\",\"contentUrl\":\"https:\\\/\\\/erki24nd3ub.exactdn.com\\\/wp-content\\\/uploads\\\/dream\\\/img\\\/img_213769_be91158ec865b969e20f07795de5d9a3_1.png?strip=all\",\"width\":900,\"height\":900},{\"@type\":\"BreadcrumbList\",\"@id\":\"https:\\\/\\\/lovme.pt\\\/index.php\\\/produto\\\/intense-estimulador-de-ponto-g-recarregavel-karlie-azul\\\/#breadcrumb\",\"itemListElement\":[{\"@type\":\"ListItem\",\"position\":1,\"name\":\"In\u00edcio\",\"item\":\"https:\\\/\\\/lovme.pt\\\/\"},{\"@type\":\"ListItem\",\"position\":2,\"name\":\"Loja\",\"item\":\"https:\\\/\\\/lovme.pt\\\/index.php\\\/loja\\\/\"},{\"@type\":\"ListItem\",\"position\":3,\"name\":\"INTENSE &#8211; ESTIMULADOR DE PONTO G RECARREG\u00c1VEL KARLIE AZUL\"}]},{\"@type\":\"WebSite\",\"@id\":\"https:\\\/\\\/lovme.pt\\\/#website\",\"url\":\"https:\\\/\\\/lovme.pt\\\/\",\"name\":\"Lovme Loja Er\u00f3tica N\u00ba1 em Portugal\",\"description\":\"A melhor loja er\u00f3tica de Portugal.\",\"alternateName\":\"Loja Er\u00f3tica Lovme\",\"potentialAction\":[{\"@type\":\"SearchAction\",\"target\":{\"@type\":\"EntryPoint\",\"urlTemplate\":\"https:\\\/\\\/lovme.pt\\\/?s={search_term_string}\"},\"query-input\":{\"@type\":\"PropertyValueSpecification\",\"valueRequired\":true,\"valueName\":\"search_term_string\"}}],\"inLanguage\":\"pt-PT\"}]}<\/script>\n<!-- \/ Yoast SEO plugin. -->","yoast_head_json":{"title":"INTENSE - ESTIMULADOR DE PONTO G RECARREG\u00c1VEL KARLIE AZUL - Lovme","robots":{"index":"index","follow":"follow","max-snippet":"max-snippet:-1","max-image-preview":"max-image-preview:large","max-video-preview":"max-video-preview:-1"},"canonical":"https:\/\/lovme.pt\/index.php\/produto\/intense-estimulador-de-ponto-g-recarregavel-karlie-azul\/","og_locale":"pt_PT","og_type":"article","og_title":"INTENSE - ESTIMULADOR DE PONTO G RECARREG\u00c1VEL KARLIE AZUL - Lovme","og_description":"INTENSE - ESTIMULADOR DE PONTO G RECARREG\u00c1VEL KARLIE AZUL","og_url":"https:\/\/lovme.pt\/index.php\/produto\/intense-estimulador-de-ponto-g-recarregavel-karlie-azul\/","og_site_name":"Lovme","article_modified_time":"2026-02-19T20:09:15+00:00","og_image":[{"width":900,"height":900,"url":"https:\/\/erki24nd3ub.exactdn.com\/wp-content\/uploads\/dream\/img\/img_213769_be91158ec865b969e20f07795de5d9a3_1.png?strip=all","type":"image\/png"}],"twitter_card":"summary_large_image","twitter_misc":{"Tempo estimado de leitura":"1 minuto"},"schema":{"@context":"https:\/\/schema.org","@graph":[{"@type":"WebPage","@id":"https:\/\/lovme.pt\/index.php\/produto\/intense-estimulador-de-ponto-g-recarregavel-karlie-azul\/","url":"https:\/\/lovme.pt\/index.php\/produto\/intense-estimulador-de-ponto-g-recarregavel-karlie-azul\/","name":"INTENSE - ESTIMULADOR DE PONTO G RECARREG\u00c1VEL KARLIE AZUL - Lovme","isPartOf":{"@id":"https:\/\/lovme.pt\/#website"},"primaryImageOfPage":{"@id":"https:\/\/lovme.pt\/index.php\/produto\/intense-estimulador-de-ponto-g-recarregavel-karlie-azul\/#primaryimage"},"image":{"@id":"https:\/\/lovme.pt\/index.php\/produto\/intense-estimulador-de-ponto-g-recarregavel-karlie-azul\/#primaryimage"},"thumbnailUrl":"https:\/\/erki24nd3ub.exactdn.com\/wp-content\/uploads\/dream\/img\/img_213769_be91158ec865b969e20f07795de5d9a3_1.png?strip=all","datePublished":"2025-09-30T22:08:16+00:00","dateModified":"2026-02-19T20:09:15+00:00","breadcrumb":{"@id":"https:\/\/lovme.pt\/index.php\/produto\/intense-estimulador-de-ponto-g-recarregavel-karlie-azul\/#breadcrumb"},"inLanguage":"pt-PT","potentialAction":[{"@type":"ReadAction","target":["https:\/\/lovme.pt\/index.php\/produto\/intense-estimulador-de-ponto-g-recarregavel-karlie-azul\/"]}]},{"@type":"ImageObject","inLanguage":"pt-PT","@id":"https:\/\/lovme.pt\/index.php\/produto\/intense-estimulador-de-ponto-g-recarregavel-karlie-azul\/#primaryimage","url":"https:\/\/erki24nd3ub.exactdn.com\/wp-content\/uploads\/dream\/img\/img_213769_be91158ec865b969e20f07795de5d9a3_1.png?strip=all","contentUrl":"https:\/\/erki24nd3ub.exactdn.com\/wp-content\/uploads\/dream\/img\/img_213769_be91158ec865b969e20f07795de5d9a3_1.png?strip=all","width":900,"height":900},{"@type":"BreadcrumbList","@id":"https:\/\/lovme.pt\/index.php\/produto\/intense-estimulador-de-ponto-g-recarregavel-karlie-azul\/#breadcrumb","itemListElement":[{"@type":"ListItem","position":1,"name":"In\u00edcio","item":"https:\/\/lovme.pt\/"},{"@type":"ListItem","position":2,"name":"Loja","item":"https:\/\/lovme.pt\/index.php\/loja\/"},{"@type":"ListItem","position":3,"name":"INTENSE &#8211; ESTIMULADOR DE PONTO G RECARREG\u00c1VEL KARLIE AZUL"}]},{"@type":"WebSite","@id":"https:\/\/lovme.pt\/#website","url":"https:\/\/lovme.pt\/","name":"Lovme Loja Er\u00f3tica N\u00ba1 em Portugal","description":"A melhor loja er\u00f3tica de Portugal.","alternateName":"Loja Er\u00f3tica Lovme","potentialAction":[{"@type":"SearchAction","target":{"@type":"EntryPoint","urlTemplate":"https:\/\/lovme.pt\/?s={search_term_string}"},"query-input":{"@type":"PropertyValueSpecification","valueRequired":true,"valueName":"search_term_string"}}],"inLanguage":"pt-PT"}]}},"_links":{"self":[{"href":"https:\/\/lovme.pt\/index.php\/wp-json\/wp\/v2\/product\/53199","targetHints":{"allow":["GET"]}}],"collection":[{"href":"https:\/\/lovme.pt\/index.php\/wp-json\/wp\/v2\/product"}],"about":[{"href":"https:\/\/lovme.pt\/index.php\/wp-json\/wp\/v2\/types\/product"}],"wp:featuredmedia":[{"embeddable":true,"href":"https:\/\/lovme.pt\/index.php\/wp-json\/wp\/v2\/media\/74334"}],"wp:attachment":[{"href":"https:\/\/lovme.pt\/index.php\/wp-json\/wp\/v2\/media?parent=53199"}],"wp:term":[{"taxonomy":"product_brand","embeddable":true,"href":"https:\/\/lovme.pt\/index.php\/wp-json\/wp\/v2\/product_brand?post=53199"},{"taxonomy":"product_cat","embeddable":true,"href":"https:\/\/lovme.pt\/index.php\/wp-json\/wp\/v2\/product_cat?post=53199"},{"taxonomy":"product_tag","embeddable":true,"href":"https:\/\/lovme.pt\/index.php\/wp-json\/wp\/v2\/product_tag?post=53199"}],"curies":[{"name":"wp","href":"https:\/\/api.w.org\/{rel}","templated":true}]}}