{"id":53197,"date":"2025-09-30T22:08:12","date_gmt":"2025-09-30T22:08:12","guid":{"rendered":"https:\/\/lovme.pt\/?post_type=product&p=53197"},"modified":"2026-02-20T04:01:15","modified_gmt":"2026-02-20T04:01:15","slug":"intense-estimulador-de-ponto-g-recarregavel-karlie-roxo","status":"publish","type":"product","link":"https:\/\/lovme.pt\/index.php\/produto\/intense-estimulador-de-ponto-g-recarregavel-karlie-roxo\/","title":{"rendered":"INTENSE &#8211; ESTIMULADOR DE PONTO G RECARREG\u00c1VEL KARLIE ROXO"},"content":{"rendered":"<p>Os estimuladores da prestigiada marca <strong>INTENSE FUN<\/strong> foram especialmente projetados para oferecer uma experi\u00eancia de estimula\u00e7\u00e3o profunda, prazerosa e sem complica\u00e7\u00f5es. Com um design moderno, compacto e ergon\u00f4mico, estes vibradores com vibra\u00e7\u00e3o para o ponto G s\u00e3o o aliado perfeito para o prazer \u00edntimo feminino, tanto durante a explora\u00e7\u00e3o pessoal quanto em casal.<\/p>\n<p>Feitos de material ABS dur\u00e1vel e de alta qualidade, eles garantem uma sensa\u00e7\u00e3o suave e segura em contato com a pele. Seu formato elegante, medindo 2,2 cm de di\u00e2metro por 19 cm de comprimento, foi criado para alcan\u00e7ar facilmente o ponto G, maximizando a estimula\u00e7\u00e3o interna com precis\u00e3o e efic\u00e1cia.<\/p>\n<p>Cada dispositivo possui 10 fun\u00e7\u00f5es de vibra\u00e7\u00e3o projetadas para oferecer uma gama diversificada de intensidades e ritmos: de pulsa\u00e7\u00f5es suaves a vibra\u00e7\u00f5es profundas que despertam os sentidos. Controlar o prazer \u00e9 simples, gra\u00e7as \u00e0 sua interface intuitiva e de f\u00e1cil acesso.<\/p>\n<p>Seu elegante acabamento Pantone 2607U (roxo profundo) confere-lhe um estilo moderno e sensual, ideal para quem busca eleg\u00e2ncia e desempenho em um \u00fanico produto. Al\u00e9m disso, \u00e9 recarreg\u00e1vel via USB, tornando-se uma op\u00e7\u00e3o ecol\u00f3gica e conveniente, perfeita para levar para qualquer lugar sem se preocupar com pilhas.<\/p>\n<p>Cada unidade vem cuidadosamente apresentada em uma embalagem de alta qualidade do tipo &#8220;caixa de cor de janela&#8221; com uma bandeja interna de PVC, que protege o produto e o torna perfeito tanto para presentear quanto para exibir em lojas.<\/p>\n","protected":false},"excerpt":{"rendered":"<p>INTENSE &#8211; ESTIMULADOR DE PONTO G RECARREG\u00c1VEL KARLIE ROXO<\/p>\n","protected":false},"featured_media":74324,"template":"","meta":{"_acf_changed":false},"product_brand":[],"product_cat":[17,61],"product_tag":[],"class_list":{"0":"post-53197","1":"product","2":"type-product","3":"status-publish","4":"has-post-thumbnail","6":"product_cat-brinquedos-de-bem-estar-sexual","7":"product_cat-para-elas","8":"yith_product_brand-intense","9":"yith_product_brand-intenseintense-toysintense-fun","10":"yith_product_brand-intenseintense-toys","12":"first","13":"instock","14":"taxable","15":"shipping-taxable","16":"purchasable","17":"product-type-simple"},"acf":[],"yoast_head":"<!-- This site is optimized with the Yoast SEO plugin v27.4 - https:\/\/yoast.com\/product\/yoast-seo-wordpress\/ -->\n<title>INTENSE - ESTIMULADOR DE PONTO G RECARREG\u00c1VEL KARLIE ROXO - Lovme<\/title>\n<meta name=\"robots\" content=\"index, follow, max-snippet:-1, max-image-preview:large, max-video-preview:-1\" \/>\n<link rel=\"canonical\" href=\"https:\/\/lovme.pt\/index.php\/produto\/intense-estimulador-de-ponto-g-recarregavel-karlie-roxo\/\" \/>\n<meta property=\"og:locale\" content=\"pt_PT\" \/>\n<meta property=\"og:type\" content=\"article\" \/>\n<meta property=\"og:title\" content=\"INTENSE - ESTIMULADOR DE PONTO G RECARREG\u00c1VEL KARLIE ROXO - Lovme\" \/>\n<meta property=\"og:description\" content=\"INTENSE - ESTIMULADOR DE PONTO G RECARREG\u00c1VEL KARLIE ROXO\" \/>\n<meta property=\"og:url\" content=\"https:\/\/lovme.pt\/index.php\/produto\/intense-estimulador-de-ponto-g-recarregavel-karlie-roxo\/\" \/>\n<meta property=\"og:site_name\" content=\"Lovme\" \/>\n<meta property=\"article:modified_time\" content=\"2026-02-20T04:01:15+00:00\" \/>\n<meta property=\"og:image\" content=\"https:\/\/erki24nd3ub.exactdn.com\/wp-content\/uploads\/dream\/img\/img_213763_6b09c95162ba3ac00a552dbb19c75a6b_1.png?strip=all\" \/>\n\t<meta property=\"og:image:width\" content=\"900\" \/>\n\t<meta property=\"og:image:height\" content=\"900\" \/>\n\t<meta property=\"og:image:type\" content=\"image\/png\" \/>\n<meta name=\"twitter:card\" content=\"summary_large_image\" \/>\n<meta name=\"twitter:label1\" content=\"Tempo estimado de leitura\" \/>\n\t<meta name=\"twitter:data1\" content=\"1 minuto\" \/>\n<script type=\"application\/ld+json\" class=\"yoast-schema-graph\">{\"@context\":\"https:\\\/\\\/schema.org\",\"@graph\":[{\"@type\":\"WebPage\",\"@id\":\"https:\\\/\\\/lovme.pt\\\/index.php\\\/produto\\\/intense-estimulador-de-ponto-g-recarregavel-karlie-roxo\\\/\",\"url\":\"https:\\\/\\\/lovme.pt\\\/index.php\\\/produto\\\/intense-estimulador-de-ponto-g-recarregavel-karlie-roxo\\\/\",\"name\":\"INTENSE - ESTIMULADOR DE PONTO G RECARREG\u00c1VEL KARLIE ROXO - Lovme\",\"isPartOf\":{\"@id\":\"https:\\\/\\\/lovme.pt\\\/#website\"},\"primaryImageOfPage\":{\"@id\":\"https:\\\/\\\/lovme.pt\\\/index.php\\\/produto\\\/intense-estimulador-de-ponto-g-recarregavel-karlie-roxo\\\/#primaryimage\"},\"image\":{\"@id\":\"https:\\\/\\\/lovme.pt\\\/index.php\\\/produto\\\/intense-estimulador-de-ponto-g-recarregavel-karlie-roxo\\\/#primaryimage\"},\"thumbnailUrl\":\"https:\\\/\\\/erki24nd3ub.exactdn.com\\\/wp-content\\\/uploads\\\/dream\\\/img\\\/img_213763_6b09c95162ba3ac00a552dbb19c75a6b_1.png?strip=all\",\"datePublished\":\"2025-09-30T22:08:12+00:00\",\"dateModified\":\"2026-02-20T04:01:15+00:00\",\"breadcrumb\":{\"@id\":\"https:\\\/\\\/lovme.pt\\\/index.php\\\/produto\\\/intense-estimulador-de-ponto-g-recarregavel-karlie-roxo\\\/#breadcrumb\"},\"inLanguage\":\"pt-PT\",\"potentialAction\":[{\"@type\":\"ReadAction\",\"target\":[\"https:\\\/\\\/lovme.pt\\\/index.php\\\/produto\\\/intense-estimulador-de-ponto-g-recarregavel-karlie-roxo\\\/\"]}]},{\"@type\":\"ImageObject\",\"inLanguage\":\"pt-PT\",\"@id\":\"https:\\\/\\\/lovme.pt\\\/index.php\\\/produto\\\/intense-estimulador-de-ponto-g-recarregavel-karlie-roxo\\\/#primaryimage\",\"url\":\"https:\\\/\\\/erki24nd3ub.exactdn.com\\\/wp-content\\\/uploads\\\/dream\\\/img\\\/img_213763_6b09c95162ba3ac00a552dbb19c75a6b_1.png?strip=all\",\"contentUrl\":\"https:\\\/\\\/erki24nd3ub.exactdn.com\\\/wp-content\\\/uploads\\\/dream\\\/img\\\/img_213763_6b09c95162ba3ac00a552dbb19c75a6b_1.png?strip=all\",\"width\":900,\"height\":900},{\"@type\":\"BreadcrumbList\",\"@id\":\"https:\\\/\\\/lovme.pt\\\/index.php\\\/produto\\\/intense-estimulador-de-ponto-g-recarregavel-karlie-roxo\\\/#breadcrumb\",\"itemListElement\":[{\"@type\":\"ListItem\",\"position\":1,\"name\":\"In\u00edcio\",\"item\":\"https:\\\/\\\/lovme.pt\\\/\"},{\"@type\":\"ListItem\",\"position\":2,\"name\":\"Loja\",\"item\":\"https:\\\/\\\/lovme.pt\\\/index.php\\\/loja\\\/\"},{\"@type\":\"ListItem\",\"position\":3,\"name\":\"INTENSE &#8211; ESTIMULADOR DE PONTO G RECARREG\u00c1VEL KARLIE ROXO\"}]},{\"@type\":\"WebSite\",\"@id\":\"https:\\\/\\\/lovme.pt\\\/#website\",\"url\":\"https:\\\/\\\/lovme.pt\\\/\",\"name\":\"Lovme Loja Er\u00f3tica N\u00ba1 em Portugal\",\"description\":\"A melhor loja er\u00f3tica de Portugal.\",\"alternateName\":\"Loja Er\u00f3tica Lovme\",\"potentialAction\":[{\"@type\":\"SearchAction\",\"target\":{\"@type\":\"EntryPoint\",\"urlTemplate\":\"https:\\\/\\\/lovme.pt\\\/?s={search_term_string}\"},\"query-input\":{\"@type\":\"PropertyValueSpecification\",\"valueRequired\":true,\"valueName\":\"search_term_string\"}}],\"inLanguage\":\"pt-PT\"}]}<\/script>\n<!-- \/ Yoast SEO plugin. -->","yoast_head_json":{"title":"INTENSE - ESTIMULADOR DE PONTO G RECARREG\u00c1VEL KARLIE ROXO - Lovme","robots":{"index":"index","follow":"follow","max-snippet":"max-snippet:-1","max-image-preview":"max-image-preview:large","max-video-preview":"max-video-preview:-1"},"canonical":"https:\/\/lovme.pt\/index.php\/produto\/intense-estimulador-de-ponto-g-recarregavel-karlie-roxo\/","og_locale":"pt_PT","og_type":"article","og_title":"INTENSE - ESTIMULADOR DE PONTO G RECARREG\u00c1VEL KARLIE ROXO - Lovme","og_description":"INTENSE - ESTIMULADOR DE PONTO G RECARREG\u00c1VEL KARLIE ROXO","og_url":"https:\/\/lovme.pt\/index.php\/produto\/intense-estimulador-de-ponto-g-recarregavel-karlie-roxo\/","og_site_name":"Lovme","article_modified_time":"2026-02-20T04:01:15+00:00","og_image":[{"width":900,"height":900,"url":"https:\/\/erki24nd3ub.exactdn.com\/wp-content\/uploads\/dream\/img\/img_213763_6b09c95162ba3ac00a552dbb19c75a6b_1.png?strip=all","type":"image\/png"}],"twitter_card":"summary_large_image","twitter_misc":{"Tempo estimado de leitura":"1 minuto"},"schema":{"@context":"https:\/\/schema.org","@graph":[{"@type":"WebPage","@id":"https:\/\/lovme.pt\/index.php\/produto\/intense-estimulador-de-ponto-g-recarregavel-karlie-roxo\/","url":"https:\/\/lovme.pt\/index.php\/produto\/intense-estimulador-de-ponto-g-recarregavel-karlie-roxo\/","name":"INTENSE - ESTIMULADOR DE PONTO G RECARREG\u00c1VEL KARLIE ROXO - Lovme","isPartOf":{"@id":"https:\/\/lovme.pt\/#website"},"primaryImageOfPage":{"@id":"https:\/\/lovme.pt\/index.php\/produto\/intense-estimulador-de-ponto-g-recarregavel-karlie-roxo\/#primaryimage"},"image":{"@id":"https:\/\/lovme.pt\/index.php\/produto\/intense-estimulador-de-ponto-g-recarregavel-karlie-roxo\/#primaryimage"},"thumbnailUrl":"https:\/\/erki24nd3ub.exactdn.com\/wp-content\/uploads\/dream\/img\/img_213763_6b09c95162ba3ac00a552dbb19c75a6b_1.png?strip=all","datePublished":"2025-09-30T22:08:12+00:00","dateModified":"2026-02-20T04:01:15+00:00","breadcrumb":{"@id":"https:\/\/lovme.pt\/index.php\/produto\/intense-estimulador-de-ponto-g-recarregavel-karlie-roxo\/#breadcrumb"},"inLanguage":"pt-PT","potentialAction":[{"@type":"ReadAction","target":["https:\/\/lovme.pt\/index.php\/produto\/intense-estimulador-de-ponto-g-recarregavel-karlie-roxo\/"]}]},{"@type":"ImageObject","inLanguage":"pt-PT","@id":"https:\/\/lovme.pt\/index.php\/produto\/intense-estimulador-de-ponto-g-recarregavel-karlie-roxo\/#primaryimage","url":"https:\/\/erki24nd3ub.exactdn.com\/wp-content\/uploads\/dream\/img\/img_213763_6b09c95162ba3ac00a552dbb19c75a6b_1.png?strip=all","contentUrl":"https:\/\/erki24nd3ub.exactdn.com\/wp-content\/uploads\/dream\/img\/img_213763_6b09c95162ba3ac00a552dbb19c75a6b_1.png?strip=all","width":900,"height":900},{"@type":"BreadcrumbList","@id":"https:\/\/lovme.pt\/index.php\/produto\/intense-estimulador-de-ponto-g-recarregavel-karlie-roxo\/#breadcrumb","itemListElement":[{"@type":"ListItem","position":1,"name":"In\u00edcio","item":"https:\/\/lovme.pt\/"},{"@type":"ListItem","position":2,"name":"Loja","item":"https:\/\/lovme.pt\/index.php\/loja\/"},{"@type":"ListItem","position":3,"name":"INTENSE &#8211; ESTIMULADOR DE PONTO G RECARREG\u00c1VEL KARLIE ROXO"}]},{"@type":"WebSite","@id":"https:\/\/lovme.pt\/#website","url":"https:\/\/lovme.pt\/","name":"Lovme Loja Er\u00f3tica N\u00ba1 em Portugal","description":"A melhor loja er\u00f3tica de Portugal.","alternateName":"Loja Er\u00f3tica Lovme","potentialAction":[{"@type":"SearchAction","target":{"@type":"EntryPoint","urlTemplate":"https:\/\/lovme.pt\/?s={search_term_string}"},"query-input":{"@type":"PropertyValueSpecification","valueRequired":true,"valueName":"search_term_string"}}],"inLanguage":"pt-PT"}]}},"_links":{"self":[{"href":"https:\/\/lovme.pt\/index.php\/wp-json\/wp\/v2\/product\/53197","targetHints":{"allow":["GET"]}}],"collection":[{"href":"https:\/\/lovme.pt\/index.php\/wp-json\/wp\/v2\/product"}],"about":[{"href":"https:\/\/lovme.pt\/index.php\/wp-json\/wp\/v2\/types\/product"}],"wp:featuredmedia":[{"embeddable":true,"href":"https:\/\/lovme.pt\/index.php\/wp-json\/wp\/v2\/media\/74324"}],"wp:attachment":[{"href":"https:\/\/lovme.pt\/index.php\/wp-json\/wp\/v2\/media?parent=53197"}],"wp:term":[{"taxonomy":"product_brand","embeddable":true,"href":"https:\/\/lovme.pt\/index.php\/wp-json\/wp\/v2\/product_brand?post=53197"},{"taxonomy":"product_cat","embeddable":true,"href":"https:\/\/lovme.pt\/index.php\/wp-json\/wp\/v2\/product_cat?post=53197"},{"taxonomy":"product_tag","embeddable":true,"href":"https:\/\/lovme.pt\/index.php\/wp-json\/wp\/v2\/product_tag?post=53197"}],"curies":[{"name":"wp","href":"https:\/\/api.w.org\/{rel}","templated":true}]}}