{"id":53194,"date":"2025-09-30T20:20:35","date_gmt":"2025-09-30T20:20:35","guid":{"rendered":"https:\/\/lovme.pt\/?post_type=product&p=53194"},"modified":"2026-02-19T20:07:47","modified_gmt":"2026-02-19T20:07:47","slug":"rocks-off-vibrador-de-prostata-quest-prostate-bullet-preto","status":"publish","type":"product","link":"https:\/\/lovme.pt\/index.php\/produto\/rocks-off-vibrador-de-prostata-quest-prostate-bullet-preto\/","title":{"rendered":"ROCKS-OFF &#8211; VIBRADOR DE PR\u00d3STATA QUEST PROSTATE BULLET PRETO"},"content":{"rendered":"<p><strong>Descubra o prazer de forma segura e controlada.<\/strong><br \/>O Rocks-Off Quest Prostate Bullet \u00e9 um vibrador de pr\u00f3stata compacto, especialmente desenvolvido para quem deseja introduzir a estimula\u00e7\u00e3o anal de forma confort\u00e1vel, segura e eficaz. Seu formato fino, combinado com uma base larga, proporciona um uso sem riscos e controle total durante a experi\u00eancia.<\/p>\n<p>Gra\u00e7as ao seu motor de vibra\u00e7\u00e3o de 10 velocidades, este estimulador oferece sensa\u00e7\u00f5es intensas, por\u00e9m f\u00e1ceis de controlar, perfeitas para quem est\u00e1 come\u00e7ando a experimentar o prazer da pr\u00f3stata. Seu silicone macio e flange flex\u00edvel permitem uma distribui\u00e7\u00e3o uniforme das vibra\u00e7\u00f5es, maximizando a sensa\u00e7\u00e3o sem comprometer a seguran\u00e7a.<\/p>\n<p><u><em><strong>Recursos em destaque:<\/strong><\/em><\/u><\/p>\n<ul>\n<li>Tamanho compacto ideal para iniciantes<\/li>\n<li>10 modos de vibra\u00e7\u00e3o para explorar diferentes intensidades<\/li>\n<li>Base ampla para maior seguran\u00e7a e controle<\/li>\n<li>Material macio e seguro para o corpo (silicone + ABS)<\/li>\n<li>100% \u00e0 prova d\u00e1gua (IPX7), ideal para uso tamb\u00e9m no chuveiro<\/li>\n<li>Funciona com uma pilha AAA (inclu\u00edda)<\/li>\n<li>At\u00e9 3 horas de uso cont\u00ednuo<\/li>\n<\/ul>\n<p><u><em><strong>Especifica\u00e7\u00f5es:<\/strong><\/em><\/u><\/p>\n<ul>\n<li>Tamanho total: 110 mm x 60 mm x 25 mm<\/li>\n<li>Comprimento inser\u00edvel: 75 mm<\/li>\n<li>Circunfer\u00eancia: 56,5 mm<\/li>\n<li>Peso: 48 g<\/li>\n<li>Pot\u00eancia: 1 x AAA<\/li>\n<li>Material: Silicone + Pl\u00e1stico ABS<\/li>\n<\/ul>\n<p>Explore novas sensa\u00e7\u00f5es com facilidade e seguran\u00e7a com o Quest, o vibrador de pr\u00f3stata perfeito para come\u00e7ar sua jornada de prazer.<\/p>\n","protected":false},"excerpt":{"rendered":"<p>ROCKS-OFF &#8211; VIBRADOR DE PR\u00d3STATA QUEST PROSTATE BULLET PRETO<\/p>\n","protected":false},"featured_media":67628,"template":"","meta":{"_acf_changed":false},"product_brand":[],"product_cat":[17,60,62,63],"product_tag":[],"class_list":{"0":"post-53194","1":"product","2":"type-product","3":"status-publish","4":"has-post-thumbnail","6":"product_cat-brinquedos-de-bem-estar-sexual","7":"product_cat-para-eles","8":"product_cat-plugues-e-correntes-anais","9":"product_cat-sexo-anal","10":"yith_product_brand-rocks-off","12":"first","13":"instock","14":"taxable","15":"shipping-taxable","16":"purchasable","17":"product-type-simple"},"acf":[],"yoast_head":"<!-- This site is optimized with the Yoast SEO plugin v27.4 - https:\/\/yoast.com\/product\/yoast-seo-wordpress\/ -->\n<title>ROCKS-OFF - VIBRADOR DE PR\u00d3STATA QUEST PROSTATE BULLET PRETO - Lovme<\/title>\n<meta name=\"robots\" content=\"index, follow, max-snippet:-1, max-image-preview:large, max-video-preview:-1\" \/>\n<link rel=\"canonical\" href=\"https:\/\/lovme.pt\/index.php\/produto\/rocks-off-vibrador-de-prostata-quest-prostate-bullet-preto\/\" \/>\n<meta property=\"og:locale\" content=\"pt_PT\" \/>\n<meta property=\"og:type\" content=\"article\" \/>\n<meta property=\"og:title\" content=\"ROCKS-OFF - VIBRADOR DE PR\u00d3STATA QUEST PROSTATE BULLET PRETO - Lovme\" \/>\n<meta property=\"og:description\" content=\"ROCKS-OFF - VIBRADOR DE PR\u00d3STATA QUEST PROSTATE BULLET PRETO\" \/>\n<meta property=\"og:url\" content=\"https:\/\/lovme.pt\/index.php\/produto\/rocks-off-vibrador-de-prostata-quest-prostate-bullet-preto\/\" \/>\n<meta property=\"og:site_name\" content=\"Lovme\" \/>\n<meta property=\"article:modified_time\" content=\"2026-02-19T20:07:47+00:00\" \/>\n<meta property=\"og:image\" content=\"https:\/\/erki24nd3ub.exactdn.com\/wp-content\/uploads\/dream\/img\/img_210997_7cfb62547d5ed2c3f5691ce372820807_1.jpg?strip=all\" \/>\n\t<meta property=\"og:image:width\" content=\"900\" \/>\n\t<meta property=\"og:image:height\" content=\"900\" \/>\n\t<meta property=\"og:image:type\" content=\"image\/jpeg\" \/>\n<meta name=\"twitter:card\" content=\"summary_large_image\" \/>\n<meta name=\"twitter:label1\" content=\"Tempo estimado de leitura\" \/>\n\t<meta name=\"twitter:data1\" content=\"1 minuto\" \/>\n<script type=\"application\/ld+json\" class=\"yoast-schema-graph\">{\"@context\":\"https:\\\/\\\/schema.org\",\"@graph\":[{\"@type\":\"WebPage\",\"@id\":\"https:\\\/\\\/lovme.pt\\\/index.php\\\/produto\\\/rocks-off-vibrador-de-prostata-quest-prostate-bullet-preto\\\/\",\"url\":\"https:\\\/\\\/lovme.pt\\\/index.php\\\/produto\\\/rocks-off-vibrador-de-prostata-quest-prostate-bullet-preto\\\/\",\"name\":\"ROCKS-OFF - VIBRADOR DE PR\u00d3STATA QUEST PROSTATE BULLET PRETO - Lovme\",\"isPartOf\":{\"@id\":\"https:\\\/\\\/lovme.pt\\\/#website\"},\"primaryImageOfPage\":{\"@id\":\"https:\\\/\\\/lovme.pt\\\/index.php\\\/produto\\\/rocks-off-vibrador-de-prostata-quest-prostate-bullet-preto\\\/#primaryimage\"},\"image\":{\"@id\":\"https:\\\/\\\/lovme.pt\\\/index.php\\\/produto\\\/rocks-off-vibrador-de-prostata-quest-prostate-bullet-preto\\\/#primaryimage\"},\"thumbnailUrl\":\"https:\\\/\\\/erki24nd3ub.exactdn.com\\\/wp-content\\\/uploads\\\/dream\\\/img\\\/img_210997_7cfb62547d5ed2c3f5691ce372820807_1.jpg?strip=all\",\"datePublished\":\"2025-09-30T20:20:35+00:00\",\"dateModified\":\"2026-02-19T20:07:47+00:00\",\"breadcrumb\":{\"@id\":\"https:\\\/\\\/lovme.pt\\\/index.php\\\/produto\\\/rocks-off-vibrador-de-prostata-quest-prostate-bullet-preto\\\/#breadcrumb\"},\"inLanguage\":\"pt-PT\",\"potentialAction\":[{\"@type\":\"ReadAction\",\"target\":[\"https:\\\/\\\/lovme.pt\\\/index.php\\\/produto\\\/rocks-off-vibrador-de-prostata-quest-prostate-bullet-preto\\\/\"]}]},{\"@type\":\"ImageObject\",\"inLanguage\":\"pt-PT\",\"@id\":\"https:\\\/\\\/lovme.pt\\\/index.php\\\/produto\\\/rocks-off-vibrador-de-prostata-quest-prostate-bullet-preto\\\/#primaryimage\",\"url\":\"https:\\\/\\\/erki24nd3ub.exactdn.com\\\/wp-content\\\/uploads\\\/dream\\\/img\\\/img_210997_7cfb62547d5ed2c3f5691ce372820807_1.jpg?strip=all\",\"contentUrl\":\"https:\\\/\\\/erki24nd3ub.exactdn.com\\\/wp-content\\\/uploads\\\/dream\\\/img\\\/img_210997_7cfb62547d5ed2c3f5691ce372820807_1.jpg?strip=all\",\"width\":900,\"height\":900},{\"@type\":\"BreadcrumbList\",\"@id\":\"https:\\\/\\\/lovme.pt\\\/index.php\\\/produto\\\/rocks-off-vibrador-de-prostata-quest-prostate-bullet-preto\\\/#breadcrumb\",\"itemListElement\":[{\"@type\":\"ListItem\",\"position\":1,\"name\":\"In\u00edcio\",\"item\":\"https:\\\/\\\/lovme.pt\\\/\"},{\"@type\":\"ListItem\",\"position\":2,\"name\":\"Loja\",\"item\":\"https:\\\/\\\/lovme.pt\\\/index.php\\\/loja\\\/\"},{\"@type\":\"ListItem\",\"position\":3,\"name\":\"ROCKS-OFF &#8211; VIBRADOR DE PR\u00d3STATA QUEST PROSTATE BULLET PRETO\"}]},{\"@type\":\"WebSite\",\"@id\":\"https:\\\/\\\/lovme.pt\\\/#website\",\"url\":\"https:\\\/\\\/lovme.pt\\\/\",\"name\":\"Lovme Loja Er\u00f3tica N\u00ba1 em Portugal\",\"description\":\"A melhor loja er\u00f3tica de Portugal.\",\"alternateName\":\"Loja Er\u00f3tica Lovme\",\"potentialAction\":[{\"@type\":\"SearchAction\",\"target\":{\"@type\":\"EntryPoint\",\"urlTemplate\":\"https:\\\/\\\/lovme.pt\\\/?s={search_term_string}\"},\"query-input\":{\"@type\":\"PropertyValueSpecification\",\"valueRequired\":true,\"valueName\":\"search_term_string\"}}],\"inLanguage\":\"pt-PT\"}]}<\/script>\n<!-- \/ Yoast SEO plugin. -->","yoast_head_json":{"title":"ROCKS-OFF - VIBRADOR DE PR\u00d3STATA QUEST PROSTATE BULLET PRETO - Lovme","robots":{"index":"index","follow":"follow","max-snippet":"max-snippet:-1","max-image-preview":"max-image-preview:large","max-video-preview":"max-video-preview:-1"},"canonical":"https:\/\/lovme.pt\/index.php\/produto\/rocks-off-vibrador-de-prostata-quest-prostate-bullet-preto\/","og_locale":"pt_PT","og_type":"article","og_title":"ROCKS-OFF - VIBRADOR DE PR\u00d3STATA QUEST PROSTATE BULLET PRETO - Lovme","og_description":"ROCKS-OFF - VIBRADOR DE PR\u00d3STATA QUEST PROSTATE BULLET PRETO","og_url":"https:\/\/lovme.pt\/index.php\/produto\/rocks-off-vibrador-de-prostata-quest-prostate-bullet-preto\/","og_site_name":"Lovme","article_modified_time":"2026-02-19T20:07:47+00:00","og_image":[{"width":900,"height":900,"url":"https:\/\/erki24nd3ub.exactdn.com\/wp-content\/uploads\/dream\/img\/img_210997_7cfb62547d5ed2c3f5691ce372820807_1.jpg?strip=all","type":"image\/jpeg"}],"twitter_card":"summary_large_image","twitter_misc":{"Tempo estimado de leitura":"1 minuto"},"schema":{"@context":"https:\/\/schema.org","@graph":[{"@type":"WebPage","@id":"https:\/\/lovme.pt\/index.php\/produto\/rocks-off-vibrador-de-prostata-quest-prostate-bullet-preto\/","url":"https:\/\/lovme.pt\/index.php\/produto\/rocks-off-vibrador-de-prostata-quest-prostate-bullet-preto\/","name":"ROCKS-OFF - VIBRADOR DE PR\u00d3STATA QUEST PROSTATE BULLET PRETO - Lovme","isPartOf":{"@id":"https:\/\/lovme.pt\/#website"},"primaryImageOfPage":{"@id":"https:\/\/lovme.pt\/index.php\/produto\/rocks-off-vibrador-de-prostata-quest-prostate-bullet-preto\/#primaryimage"},"image":{"@id":"https:\/\/lovme.pt\/index.php\/produto\/rocks-off-vibrador-de-prostata-quest-prostate-bullet-preto\/#primaryimage"},"thumbnailUrl":"https:\/\/erki24nd3ub.exactdn.com\/wp-content\/uploads\/dream\/img\/img_210997_7cfb62547d5ed2c3f5691ce372820807_1.jpg?strip=all","datePublished":"2025-09-30T20:20:35+00:00","dateModified":"2026-02-19T20:07:47+00:00","breadcrumb":{"@id":"https:\/\/lovme.pt\/index.php\/produto\/rocks-off-vibrador-de-prostata-quest-prostate-bullet-preto\/#breadcrumb"},"inLanguage":"pt-PT","potentialAction":[{"@type":"ReadAction","target":["https:\/\/lovme.pt\/index.php\/produto\/rocks-off-vibrador-de-prostata-quest-prostate-bullet-preto\/"]}]},{"@type":"ImageObject","inLanguage":"pt-PT","@id":"https:\/\/lovme.pt\/index.php\/produto\/rocks-off-vibrador-de-prostata-quest-prostate-bullet-preto\/#primaryimage","url":"https:\/\/erki24nd3ub.exactdn.com\/wp-content\/uploads\/dream\/img\/img_210997_7cfb62547d5ed2c3f5691ce372820807_1.jpg?strip=all","contentUrl":"https:\/\/erki24nd3ub.exactdn.com\/wp-content\/uploads\/dream\/img\/img_210997_7cfb62547d5ed2c3f5691ce372820807_1.jpg?strip=all","width":900,"height":900},{"@type":"BreadcrumbList","@id":"https:\/\/lovme.pt\/index.php\/produto\/rocks-off-vibrador-de-prostata-quest-prostate-bullet-preto\/#breadcrumb","itemListElement":[{"@type":"ListItem","position":1,"name":"In\u00edcio","item":"https:\/\/lovme.pt\/"},{"@type":"ListItem","position":2,"name":"Loja","item":"https:\/\/lovme.pt\/index.php\/loja\/"},{"@type":"ListItem","position":3,"name":"ROCKS-OFF &#8211; VIBRADOR DE PR\u00d3STATA QUEST PROSTATE BULLET PRETO"}]},{"@type":"WebSite","@id":"https:\/\/lovme.pt\/#website","url":"https:\/\/lovme.pt\/","name":"Lovme Loja Er\u00f3tica N\u00ba1 em Portugal","description":"A melhor loja er\u00f3tica de Portugal.","alternateName":"Loja Er\u00f3tica Lovme","potentialAction":[{"@type":"SearchAction","target":{"@type":"EntryPoint","urlTemplate":"https:\/\/lovme.pt\/?s={search_term_string}"},"query-input":{"@type":"PropertyValueSpecification","valueRequired":true,"valueName":"search_term_string"}}],"inLanguage":"pt-PT"}]}},"_links":{"self":[{"href":"https:\/\/lovme.pt\/index.php\/wp-json\/wp\/v2\/product\/53194","targetHints":{"allow":["GET"]}}],"collection":[{"href":"https:\/\/lovme.pt\/index.php\/wp-json\/wp\/v2\/product"}],"about":[{"href":"https:\/\/lovme.pt\/index.php\/wp-json\/wp\/v2\/types\/product"}],"wp:featuredmedia":[{"embeddable":true,"href":"https:\/\/lovme.pt\/index.php\/wp-json\/wp\/v2\/media\/67628"}],"wp:attachment":[{"href":"https:\/\/lovme.pt\/index.php\/wp-json\/wp\/v2\/media?parent=53194"}],"wp:term":[{"taxonomy":"product_brand","embeddable":true,"href":"https:\/\/lovme.pt\/index.php\/wp-json\/wp\/v2\/product_brand?post=53194"},{"taxonomy":"product_cat","embeddable":true,"href":"https:\/\/lovme.pt\/index.php\/wp-json\/wp\/v2\/product_cat?post=53194"},{"taxonomy":"product_tag","embeddable":true,"href":"https:\/\/lovme.pt\/index.php\/wp-json\/wp\/v2\/product_tag?post=53194"}],"curies":[{"name":"wp","href":"https:\/\/api.w.org\/{rel}","templated":true}]}}