{"id":53191,"date":"2025-09-30T20:20:32","date_gmt":"2025-09-30T20:20:32","guid":{"rendered":"https:\/\/lovme.pt\/?post_type=product&p=53191"},"modified":"2026-02-19T20:07:47","modified_gmt":"2026-02-19T20:07:47","slug":"rocks-off-petite-sensations-teazer-plug-anal-vibrador-preto","status":"publish","type":"product","link":"https:\/\/lovme.pt\/index.php\/produto\/rocks-off-petite-sensations-teazer-plug-anal-vibrador-preto\/","title":{"rendered":"ROCKS-OFF &#8211; PETITE SENSATIONS TEAZER PLUG ANAL VIBRADOR PRETO"},"content":{"rendered":"<p><strong>Flexibilidade, controle e prazer em um tamanho compacto.<\/strong><br \/>O Rocks-Off Petite Sensations Teazer \u00e9 o plug anal perfeito para iniciantes que desejam explorar a estimula\u00e7\u00e3o anal com seguran\u00e7a e conforto. Sua ponta flex\u00edvel e c\u00f4nica permite uma inser\u00e7\u00e3o suave e prazerosa, com a possibilidade de estimular o ponto P ou ir mais fundo, conforme desejado.<\/p>\n<p>Gra\u00e7as ao seu design fino \u2014 menor que um dedo mindinho \u2014 e formato ergon\u00f4mico, o Teazer \u00e9 ideal para quem busca uma primeira experi\u00eancia sem intimida\u00e7\u00e3o. Sua estrutura 100% \u00e0 prova d\u00e1gua o torna um acess\u00f3rio vers\u00e1til e f\u00e1cil de limpar, perfeito para usar no chuveiro ou na cama.<\/p>\n<p>Possui 7 n\u00edveis de vibra\u00e7\u00e3o que s\u00e3o facilmente controlados com um \u00fanico bot\u00e3o, proporcionando uma estimula\u00e7\u00e3o simples, por\u00e9m eficaz.<\/p>\n<p><u><em><strong>Recursos em destaque:<\/strong><\/em><\/u><\/p>\n<ul>\n<li>Plug anal fino e flex\u00edvel, ideal para iniciantes<\/li>\n<li>Ponta c\u00f4nica e haste articulada para conforto e estimula\u00e7\u00e3o<\/li>\n<li>7 modos de vibra\u00e7\u00e3o controlados com um \u00fanico bot\u00e3o<\/li>\n<li>Silicone de grau m\u00e9dico combinado com ABS: materiais seguros e macios<\/li>\n<li>100% \u00e0 prova d\u00e1gua (IPX7) para brincadeiras na \u00e1gua e f\u00e1cil limpeza<\/li>\n<li>Longo tempo de uso: at\u00e9 2 horas e 30 minutos<\/li>\n<\/ul>\n<p><u><em><strong>Especifica\u00e7\u00f5es:<\/strong><\/em><\/u><\/p>\n<ul>\n<li>Tamanho total: 124 mm x 82 mm x 25 mm<\/li>\n<li>Comprimento inser\u00edvel: 100 mm<\/li>\n<li>Circunfer\u00eancia: 53,4 mm<\/li>\n<li>Peso: 54 g<\/li>\n<li>Material: Silicone + Pl\u00e1stico ABS<\/li>\n<\/ul>\n<p>Descubra uma maneira simples e segura de experimentar novas sensa\u00e7\u00f5es com o Teazer: discreto, potente e perfeitamente adequado para quem est\u00e1 come\u00e7ando sua jornada no prazer anal.<\/p>\n","protected":false},"excerpt":{"rendered":"<p>ROCKS-OFF &#8211; PETITE SENSATIONS TEAZER PLUG ANAL VIBRADOR PRETO<\/p>\n","protected":false},"featured_media":67618,"template":"","meta":{"_acf_changed":false},"product_brand":[],"product_cat":[17,62,63],"product_tag":[],"class_list":{"0":"post-53191","1":"product","2":"type-product","3":"status-publish","4":"has-post-thumbnail","6":"product_cat-brinquedos-de-bem-estar-sexual","7":"product_cat-plugues-e-correntes-anais","8":"product_cat-sexo-anal","9":"yith_product_brand-rocks-off","11":"first","12":"instock","13":"taxable","14":"shipping-taxable","15":"purchasable","16":"product-type-simple"},"acf":[],"yoast_head":"<!-- This site is optimized with the Yoast SEO plugin v27.4 - https:\/\/yoast.com\/product\/yoast-seo-wordpress\/ -->\n<title>ROCKS-OFF - PETITE SENSATIONS TEAZER PLUG ANAL VIBRADOR PRETO - Lovme<\/title>\n<meta name=\"robots\" content=\"index, follow, max-snippet:-1, max-image-preview:large, max-video-preview:-1\" \/>\n<link rel=\"canonical\" href=\"https:\/\/lovme.pt\/index.php\/produto\/rocks-off-petite-sensations-teazer-plug-anal-vibrador-preto\/\" \/>\n<meta property=\"og:locale\" content=\"pt_PT\" \/>\n<meta property=\"og:type\" content=\"article\" \/>\n<meta property=\"og:title\" content=\"ROCKS-OFF - PETITE SENSATIONS TEAZER PLUG ANAL VIBRADOR PRETO - Lovme\" \/>\n<meta property=\"og:description\" content=\"ROCKS-OFF - PETITE SENSATIONS TEAZER PLUG ANAL VIBRADOR PRETO\" \/>\n<meta property=\"og:url\" content=\"https:\/\/lovme.pt\/index.php\/produto\/rocks-off-petite-sensations-teazer-plug-anal-vibrador-preto\/\" \/>\n<meta property=\"og:site_name\" content=\"Lovme\" \/>\n<meta property=\"article:modified_time\" content=\"2026-02-19T20:07:47+00:00\" \/>\n<meta property=\"og:image\" content=\"https:\/\/erki24nd3ub.exactdn.com\/wp-content\/uploads\/dream\/img\/img_211049_5a100e85bb8a7337211c9c2019a9e358_1.jpg?strip=all\" \/>\n\t<meta property=\"og:image:width\" content=\"900\" \/>\n\t<meta property=\"og:image:height\" content=\"900\" \/>\n\t<meta property=\"og:image:type\" content=\"image\/jpeg\" \/>\n<meta name=\"twitter:card\" content=\"summary_large_image\" \/>\n<meta name=\"twitter:label1\" content=\"Tempo estimado de leitura\" \/>\n\t<meta name=\"twitter:data1\" content=\"1 minuto\" \/>\n<script type=\"application\/ld+json\" class=\"yoast-schema-graph\">{\"@context\":\"https:\\\/\\\/schema.org\",\"@graph\":[{\"@type\":\"WebPage\",\"@id\":\"https:\\\/\\\/lovme.pt\\\/index.php\\\/produto\\\/rocks-off-petite-sensations-teazer-plug-anal-vibrador-preto\\\/\",\"url\":\"https:\\\/\\\/lovme.pt\\\/index.php\\\/produto\\\/rocks-off-petite-sensations-teazer-plug-anal-vibrador-preto\\\/\",\"name\":\"ROCKS-OFF - PETITE SENSATIONS TEAZER PLUG ANAL VIBRADOR PRETO - Lovme\",\"isPartOf\":{\"@id\":\"https:\\\/\\\/lovme.pt\\\/#website\"},\"primaryImageOfPage\":{\"@id\":\"https:\\\/\\\/lovme.pt\\\/index.php\\\/produto\\\/rocks-off-petite-sensations-teazer-plug-anal-vibrador-preto\\\/#primaryimage\"},\"image\":{\"@id\":\"https:\\\/\\\/lovme.pt\\\/index.php\\\/produto\\\/rocks-off-petite-sensations-teazer-plug-anal-vibrador-preto\\\/#primaryimage\"},\"thumbnailUrl\":\"https:\\\/\\\/erki24nd3ub.exactdn.com\\\/wp-content\\\/uploads\\\/dream\\\/img\\\/img_211049_5a100e85bb8a7337211c9c2019a9e358_1.jpg?strip=all\",\"datePublished\":\"2025-09-30T20:20:32+00:00\",\"dateModified\":\"2026-02-19T20:07:47+00:00\",\"breadcrumb\":{\"@id\":\"https:\\\/\\\/lovme.pt\\\/index.php\\\/produto\\\/rocks-off-petite-sensations-teazer-plug-anal-vibrador-preto\\\/#breadcrumb\"},\"inLanguage\":\"pt-PT\",\"potentialAction\":[{\"@type\":\"ReadAction\",\"target\":[\"https:\\\/\\\/lovme.pt\\\/index.php\\\/produto\\\/rocks-off-petite-sensations-teazer-plug-anal-vibrador-preto\\\/\"]}]},{\"@type\":\"ImageObject\",\"inLanguage\":\"pt-PT\",\"@id\":\"https:\\\/\\\/lovme.pt\\\/index.php\\\/produto\\\/rocks-off-petite-sensations-teazer-plug-anal-vibrador-preto\\\/#primaryimage\",\"url\":\"https:\\\/\\\/erki24nd3ub.exactdn.com\\\/wp-content\\\/uploads\\\/dream\\\/img\\\/img_211049_5a100e85bb8a7337211c9c2019a9e358_1.jpg?strip=all\",\"contentUrl\":\"https:\\\/\\\/erki24nd3ub.exactdn.com\\\/wp-content\\\/uploads\\\/dream\\\/img\\\/img_211049_5a100e85bb8a7337211c9c2019a9e358_1.jpg?strip=all\",\"width\":900,\"height\":900},{\"@type\":\"BreadcrumbList\",\"@id\":\"https:\\\/\\\/lovme.pt\\\/index.php\\\/produto\\\/rocks-off-petite-sensations-teazer-plug-anal-vibrador-preto\\\/#breadcrumb\",\"itemListElement\":[{\"@type\":\"ListItem\",\"position\":1,\"name\":\"In\u00edcio\",\"item\":\"https:\\\/\\\/lovme.pt\\\/\"},{\"@type\":\"ListItem\",\"position\":2,\"name\":\"Loja\",\"item\":\"https:\\\/\\\/lovme.pt\\\/index.php\\\/loja\\\/\"},{\"@type\":\"ListItem\",\"position\":3,\"name\":\"ROCKS-OFF &#8211; PETITE SENSATIONS TEAZER PLUG ANAL VIBRADOR PRETO\"}]},{\"@type\":\"WebSite\",\"@id\":\"https:\\\/\\\/lovme.pt\\\/#website\",\"url\":\"https:\\\/\\\/lovme.pt\\\/\",\"name\":\"Lovme Loja Er\u00f3tica N\u00ba1 em Portugal\",\"description\":\"A melhor loja er\u00f3tica de Portugal.\",\"alternateName\":\"Loja Er\u00f3tica Lovme\",\"potentialAction\":[{\"@type\":\"SearchAction\",\"target\":{\"@type\":\"EntryPoint\",\"urlTemplate\":\"https:\\\/\\\/lovme.pt\\\/?s={search_term_string}\"},\"query-input\":{\"@type\":\"PropertyValueSpecification\",\"valueRequired\":true,\"valueName\":\"search_term_string\"}}],\"inLanguage\":\"pt-PT\"}]}<\/script>\n<!-- \/ Yoast SEO plugin. -->","yoast_head_json":{"title":"ROCKS-OFF - PETITE SENSATIONS TEAZER PLUG ANAL VIBRADOR PRETO - Lovme","robots":{"index":"index","follow":"follow","max-snippet":"max-snippet:-1","max-image-preview":"max-image-preview:large","max-video-preview":"max-video-preview:-1"},"canonical":"https:\/\/lovme.pt\/index.php\/produto\/rocks-off-petite-sensations-teazer-plug-anal-vibrador-preto\/","og_locale":"pt_PT","og_type":"article","og_title":"ROCKS-OFF - PETITE SENSATIONS TEAZER PLUG ANAL VIBRADOR PRETO - Lovme","og_description":"ROCKS-OFF - PETITE SENSATIONS TEAZER PLUG ANAL VIBRADOR PRETO","og_url":"https:\/\/lovme.pt\/index.php\/produto\/rocks-off-petite-sensations-teazer-plug-anal-vibrador-preto\/","og_site_name":"Lovme","article_modified_time":"2026-02-19T20:07:47+00:00","og_image":[{"width":900,"height":900,"url":"https:\/\/erki24nd3ub.exactdn.com\/wp-content\/uploads\/dream\/img\/img_211049_5a100e85bb8a7337211c9c2019a9e358_1.jpg?strip=all","type":"image\/jpeg"}],"twitter_card":"summary_large_image","twitter_misc":{"Tempo estimado de leitura":"1 minuto"},"schema":{"@context":"https:\/\/schema.org","@graph":[{"@type":"WebPage","@id":"https:\/\/lovme.pt\/index.php\/produto\/rocks-off-petite-sensations-teazer-plug-anal-vibrador-preto\/","url":"https:\/\/lovme.pt\/index.php\/produto\/rocks-off-petite-sensations-teazer-plug-anal-vibrador-preto\/","name":"ROCKS-OFF - PETITE SENSATIONS TEAZER PLUG ANAL VIBRADOR PRETO - Lovme","isPartOf":{"@id":"https:\/\/lovme.pt\/#website"},"primaryImageOfPage":{"@id":"https:\/\/lovme.pt\/index.php\/produto\/rocks-off-petite-sensations-teazer-plug-anal-vibrador-preto\/#primaryimage"},"image":{"@id":"https:\/\/lovme.pt\/index.php\/produto\/rocks-off-petite-sensations-teazer-plug-anal-vibrador-preto\/#primaryimage"},"thumbnailUrl":"https:\/\/erki24nd3ub.exactdn.com\/wp-content\/uploads\/dream\/img\/img_211049_5a100e85bb8a7337211c9c2019a9e358_1.jpg?strip=all","datePublished":"2025-09-30T20:20:32+00:00","dateModified":"2026-02-19T20:07:47+00:00","breadcrumb":{"@id":"https:\/\/lovme.pt\/index.php\/produto\/rocks-off-petite-sensations-teazer-plug-anal-vibrador-preto\/#breadcrumb"},"inLanguage":"pt-PT","potentialAction":[{"@type":"ReadAction","target":["https:\/\/lovme.pt\/index.php\/produto\/rocks-off-petite-sensations-teazer-plug-anal-vibrador-preto\/"]}]},{"@type":"ImageObject","inLanguage":"pt-PT","@id":"https:\/\/lovme.pt\/index.php\/produto\/rocks-off-petite-sensations-teazer-plug-anal-vibrador-preto\/#primaryimage","url":"https:\/\/erki24nd3ub.exactdn.com\/wp-content\/uploads\/dream\/img\/img_211049_5a100e85bb8a7337211c9c2019a9e358_1.jpg?strip=all","contentUrl":"https:\/\/erki24nd3ub.exactdn.com\/wp-content\/uploads\/dream\/img\/img_211049_5a100e85bb8a7337211c9c2019a9e358_1.jpg?strip=all","width":900,"height":900},{"@type":"BreadcrumbList","@id":"https:\/\/lovme.pt\/index.php\/produto\/rocks-off-petite-sensations-teazer-plug-anal-vibrador-preto\/#breadcrumb","itemListElement":[{"@type":"ListItem","position":1,"name":"In\u00edcio","item":"https:\/\/lovme.pt\/"},{"@type":"ListItem","position":2,"name":"Loja","item":"https:\/\/lovme.pt\/index.php\/loja\/"},{"@type":"ListItem","position":3,"name":"ROCKS-OFF &#8211; PETITE SENSATIONS TEAZER PLUG ANAL VIBRADOR PRETO"}]},{"@type":"WebSite","@id":"https:\/\/lovme.pt\/#website","url":"https:\/\/lovme.pt\/","name":"Lovme Loja Er\u00f3tica N\u00ba1 em Portugal","description":"A melhor loja er\u00f3tica de Portugal.","alternateName":"Loja Er\u00f3tica Lovme","potentialAction":[{"@type":"SearchAction","target":{"@type":"EntryPoint","urlTemplate":"https:\/\/lovme.pt\/?s={search_term_string}"},"query-input":{"@type":"PropertyValueSpecification","valueRequired":true,"valueName":"search_term_string"}}],"inLanguage":"pt-PT"}]}},"_links":{"self":[{"href":"https:\/\/lovme.pt\/index.php\/wp-json\/wp\/v2\/product\/53191","targetHints":{"allow":["GET"]}}],"collection":[{"href":"https:\/\/lovme.pt\/index.php\/wp-json\/wp\/v2\/product"}],"about":[{"href":"https:\/\/lovme.pt\/index.php\/wp-json\/wp\/v2\/types\/product"}],"wp:featuredmedia":[{"embeddable":true,"href":"https:\/\/lovme.pt\/index.php\/wp-json\/wp\/v2\/media\/67618"}],"wp:attachment":[{"href":"https:\/\/lovme.pt\/index.php\/wp-json\/wp\/v2\/media?parent=53191"}],"wp:term":[{"taxonomy":"product_brand","embeddable":true,"href":"https:\/\/lovme.pt\/index.php\/wp-json\/wp\/v2\/product_brand?post=53191"},{"taxonomy":"product_cat","embeddable":true,"href":"https:\/\/lovme.pt\/index.php\/wp-json\/wp\/v2\/product_cat?post=53191"},{"taxonomy":"product_tag","embeddable":true,"href":"https:\/\/lovme.pt\/index.php\/wp-json\/wp\/v2\/product_tag?post=53191"}],"curies":[{"name":"wp","href":"https:\/\/api.w.org\/{rel}","templated":true}]}}