{"id":53180,"date":"2025-09-30T09:40:02","date_gmt":"2025-09-30T09:40:02","guid":{"rendered":"https:\/\/lovme.pt\/?post_type=product&p=53180"},"modified":"2026-02-19T20:01:19","modified_gmt":"2026-02-19T20:01:19","slug":"rocks-off-vibrador-oriel-flexivel-fucsia","status":"publish","type":"product","link":"https:\/\/lovme.pt\/index.php\/produto\/rocks-off-vibrador-oriel-flexivel-fucsia\/","title":{"rendered":"ROCKS-OFF &#8211; VIBRADOR ORIEL FLEX\u00cdVEL F\u00daCSIA"},"content":{"rendered":"<p><strong>Relaxamento e prazer, sempre ao seu alcance.<\/strong><br \/>O Rocks-Off Oriel Wand \u00e9 um massageador recarreg\u00e1vel que combina pot\u00eancia, design ergon\u00f4mico e conforto em um \u00fanico dispositivo. Ideal tanto para massagens relaxantes quanto para sess\u00f5es \u00edntimas intensas, seu motor de baixa frequ\u00eancia gera vibra\u00e7\u00f5es profundas e envolventes, mantendo um funcionamento silencioso.<\/p>\n<p>Sua cabe\u00e7a de silicone macia e flex\u00edvel se adapta a cada curva do seu corpo, estimulando as zonas er\u00f3genas de qualquer \u00e2ngulo. O design curvo e equilibrado do Oriel o torna indispens\u00e1vel para todos os tipos de corpo e prefer\u00eancias. Al\u00e9m disso, seu design leve e port\u00e1til o torna perfeito para uso em casa ou em qualquer lugar.<\/p>\n<p>Possui 10 fun\u00e7\u00f5es de vibra\u00e7\u00e3o facilmente controladas por meio de seus dois bot\u00f5es, proporcionando uma experi\u00eancia personalizada para cada momento. \u00c9 \u00e0 prova d\u00e1gua (IPX7) e totalmente recarreg\u00e1vel via USB, garantindo versatilidade, higiene e autonomia.<\/p>\n<p><u><em><strong>Recursos em destaque:<\/strong><\/em><\/u><\/p>\n<ul>\n<li>Cabe\u00e7a flex\u00edvel para estimula\u00e7\u00e3o total de qualquer \u00e2ngulo<\/li>\n<li>Motor de baixa frequ\u00eancia com vibra\u00e7\u00f5es potentes e silenciosas<\/li>\n<li>10 modos de vibra\u00e7\u00e3o para personalizar sua experi\u00eancia<\/li>\n<li>Design ergon\u00f4mico e port\u00e1til, ideal para todos os tipos de corpo<\/li>\n<li>Superf\u00edcie de silicone macia e segura para o corpo<\/li>\n<li>\u00c0 prova d\u00e1gua (IPX7) para brincadeiras na \u00e1gua e f\u00e1cil limpeza<\/li>\n<li>Tempo de carregamento: 3 horas<\/li>\n<li>Tempo de uso: at\u00e9 3 horas<\/li>\n<\/ul>\n<p><u><em><strong>Especifica\u00e7\u00f5es:<\/strong><\/em><\/u><\/p>\n<ul>\n<li>Tamanho: 229 mm x 47 mm x 30 mm<\/li>\n<li>Circunfer\u00eancia: 144,5 mm<\/li>\n<li>Peso: 182 g<\/li>\n<li>Material: Silicone + Pl\u00e1stico ABS<\/li>\n<\/ul>\n<p>Quer voc\u00ea esteja relaxando ou explorando seu prazer, o Oriel Wand \u00e9 o companheiro perfeito para um momento poderoso, confort\u00e1vel e \u00edntimo, sempre no seu pr\u00f3prio ritmo.<\/p>\n","protected":false},"excerpt":{"rendered":"<p>ROCKS-OFF &#8211; VIBRADOR ORIEL FLEX\u00cdVEL F\u00daCSIA<\/p>\n","protected":false},"featured_media":55523,"template":"","meta":{"_acf_changed":false},"product_brand":[],"product_cat":[17,88,76],"product_tag":[],"class_list":{"0":"post-53180","1":"product","2":"type-product","3":"status-publish","4":"has-post-thumbnail","6":"product_cat-brinquedos-de-bem-estar-sexual","7":"product_cat-novidades","8":"product_cat-vibradores","9":"yith_product_brand-rocks-off","11":"first","12":"instock","13":"taxable","14":"shipping-taxable","15":"purchasable","16":"product-type-simple"},"acf":[],"yoast_head":"<!-- This site is optimized with the Yoast SEO plugin v27.4 - https:\/\/yoast.com\/product\/yoast-seo-wordpress\/ -->\n<title>ROCKS-OFF - VIBRADOR ORIEL FLEX\u00cdVEL F\u00daCSIA - Lovme<\/title>\n<meta name=\"robots\" content=\"index, follow, max-snippet:-1, max-image-preview:large, max-video-preview:-1\" \/>\n<link rel=\"canonical\" href=\"https:\/\/lovme.pt\/index.php\/produto\/rocks-off-vibrador-oriel-flexivel-fucsia\/\" \/>\n<meta property=\"og:locale\" content=\"pt_PT\" \/>\n<meta property=\"og:type\" content=\"article\" \/>\n<meta property=\"og:title\" content=\"ROCKS-OFF - VIBRADOR ORIEL FLEX\u00cdVEL F\u00daCSIA - Lovme\" \/>\n<meta property=\"og:description\" content=\"ROCKS-OFF - VIBRADOR ORIEL FLEX\u00cdVEL F\u00daCSIA\" \/>\n<meta property=\"og:url\" content=\"https:\/\/lovme.pt\/index.php\/produto\/rocks-off-vibrador-oriel-flexivel-fucsia\/\" \/>\n<meta property=\"og:site_name\" content=\"Lovme\" \/>\n<meta property=\"article:modified_time\" content=\"2026-02-19T20:01:19+00:00\" \/>\n<meta property=\"og:image\" content=\"https:\/\/erki24nd3ub.exactdn.com\/wp-content\/uploads\/dream\/img\/img_211136_a5b4c60302f350e2b940e7d104535ab8_1.jpg?strip=all\" \/>\n\t<meta property=\"og:image:width\" content=\"900\" \/>\n\t<meta property=\"og:image:height\" content=\"900\" \/>\n\t<meta property=\"og:image:type\" content=\"image\/jpeg\" \/>\n<meta name=\"twitter:card\" content=\"summary_large_image\" \/>\n<meta name=\"twitter:label1\" content=\"Tempo estimado de leitura\" \/>\n\t<meta name=\"twitter:data1\" content=\"1 minuto\" \/>\n<script type=\"application\/ld+json\" class=\"yoast-schema-graph\">{\"@context\":\"https:\\\/\\\/schema.org\",\"@graph\":[{\"@type\":\"WebPage\",\"@id\":\"https:\\\/\\\/lovme.pt\\\/index.php\\\/produto\\\/rocks-off-vibrador-oriel-flexivel-fucsia\\\/\",\"url\":\"https:\\\/\\\/lovme.pt\\\/index.php\\\/produto\\\/rocks-off-vibrador-oriel-flexivel-fucsia\\\/\",\"name\":\"ROCKS-OFF - VIBRADOR ORIEL FLEX\u00cdVEL F\u00daCSIA - Lovme\",\"isPartOf\":{\"@id\":\"https:\\\/\\\/lovme.pt\\\/#website\"},\"primaryImageOfPage\":{\"@id\":\"https:\\\/\\\/lovme.pt\\\/index.php\\\/produto\\\/rocks-off-vibrador-oriel-flexivel-fucsia\\\/#primaryimage\"},\"image\":{\"@id\":\"https:\\\/\\\/lovme.pt\\\/index.php\\\/produto\\\/rocks-off-vibrador-oriel-flexivel-fucsia\\\/#primaryimage\"},\"thumbnailUrl\":\"https:\\\/\\\/erki24nd3ub.exactdn.com\\\/wp-content\\\/uploads\\\/dream\\\/img\\\/img_211136_a5b4c60302f350e2b940e7d104535ab8_1.jpg?strip=all\",\"datePublished\":\"2025-09-30T09:40:02+00:00\",\"dateModified\":\"2026-02-19T20:01:19+00:00\",\"breadcrumb\":{\"@id\":\"https:\\\/\\\/lovme.pt\\\/index.php\\\/produto\\\/rocks-off-vibrador-oriel-flexivel-fucsia\\\/#breadcrumb\"},\"inLanguage\":\"pt-PT\",\"potentialAction\":[{\"@type\":\"ReadAction\",\"target\":[\"https:\\\/\\\/lovme.pt\\\/index.php\\\/produto\\\/rocks-off-vibrador-oriel-flexivel-fucsia\\\/\"]}]},{\"@type\":\"ImageObject\",\"inLanguage\":\"pt-PT\",\"@id\":\"https:\\\/\\\/lovme.pt\\\/index.php\\\/produto\\\/rocks-off-vibrador-oriel-flexivel-fucsia\\\/#primaryimage\",\"url\":\"https:\\\/\\\/erki24nd3ub.exactdn.com\\\/wp-content\\\/uploads\\\/dream\\\/img\\\/img_211136_a5b4c60302f350e2b940e7d104535ab8_1.jpg?strip=all\",\"contentUrl\":\"https:\\\/\\\/erki24nd3ub.exactdn.com\\\/wp-content\\\/uploads\\\/dream\\\/img\\\/img_211136_a5b4c60302f350e2b940e7d104535ab8_1.jpg?strip=all\",\"width\":900,\"height\":900},{\"@type\":\"BreadcrumbList\",\"@id\":\"https:\\\/\\\/lovme.pt\\\/index.php\\\/produto\\\/rocks-off-vibrador-oriel-flexivel-fucsia\\\/#breadcrumb\",\"itemListElement\":[{\"@type\":\"ListItem\",\"position\":1,\"name\":\"In\u00edcio\",\"item\":\"https:\\\/\\\/lovme.pt\\\/\"},{\"@type\":\"ListItem\",\"position\":2,\"name\":\"Loja\",\"item\":\"https:\\\/\\\/lovme.pt\\\/index.php\\\/loja\\\/\"},{\"@type\":\"ListItem\",\"position\":3,\"name\":\"ROCKS-OFF &#8211; VIBRADOR ORIEL FLEX\u00cdVEL F\u00daCSIA\"}]},{\"@type\":\"WebSite\",\"@id\":\"https:\\\/\\\/lovme.pt\\\/#website\",\"url\":\"https:\\\/\\\/lovme.pt\\\/\",\"name\":\"Lovme Loja Er\u00f3tica N\u00ba1 em Portugal\",\"description\":\"A melhor loja er\u00f3tica de Portugal.\",\"alternateName\":\"Loja Er\u00f3tica Lovme\",\"potentialAction\":[{\"@type\":\"SearchAction\",\"target\":{\"@type\":\"EntryPoint\",\"urlTemplate\":\"https:\\\/\\\/lovme.pt\\\/?s={search_term_string}\"},\"query-input\":{\"@type\":\"PropertyValueSpecification\",\"valueRequired\":true,\"valueName\":\"search_term_string\"}}],\"inLanguage\":\"pt-PT\"}]}<\/script>\n<!-- \/ Yoast SEO plugin. -->","yoast_head_json":{"title":"ROCKS-OFF - VIBRADOR ORIEL FLEX\u00cdVEL F\u00daCSIA - Lovme","robots":{"index":"index","follow":"follow","max-snippet":"max-snippet:-1","max-image-preview":"max-image-preview:large","max-video-preview":"max-video-preview:-1"},"canonical":"https:\/\/lovme.pt\/index.php\/produto\/rocks-off-vibrador-oriel-flexivel-fucsia\/","og_locale":"pt_PT","og_type":"article","og_title":"ROCKS-OFF - VIBRADOR ORIEL FLEX\u00cdVEL F\u00daCSIA - Lovme","og_description":"ROCKS-OFF - VIBRADOR ORIEL FLEX\u00cdVEL F\u00daCSIA","og_url":"https:\/\/lovme.pt\/index.php\/produto\/rocks-off-vibrador-oriel-flexivel-fucsia\/","og_site_name":"Lovme","article_modified_time":"2026-02-19T20:01:19+00:00","og_image":[{"width":900,"height":900,"url":"https:\/\/erki24nd3ub.exactdn.com\/wp-content\/uploads\/dream\/img\/img_211136_a5b4c60302f350e2b940e7d104535ab8_1.jpg?strip=all","type":"image\/jpeg"}],"twitter_card":"summary_large_image","twitter_misc":{"Tempo estimado de leitura":"1 minuto"},"schema":{"@context":"https:\/\/schema.org","@graph":[{"@type":"WebPage","@id":"https:\/\/lovme.pt\/index.php\/produto\/rocks-off-vibrador-oriel-flexivel-fucsia\/","url":"https:\/\/lovme.pt\/index.php\/produto\/rocks-off-vibrador-oriel-flexivel-fucsia\/","name":"ROCKS-OFF - VIBRADOR ORIEL FLEX\u00cdVEL F\u00daCSIA - Lovme","isPartOf":{"@id":"https:\/\/lovme.pt\/#website"},"primaryImageOfPage":{"@id":"https:\/\/lovme.pt\/index.php\/produto\/rocks-off-vibrador-oriel-flexivel-fucsia\/#primaryimage"},"image":{"@id":"https:\/\/lovme.pt\/index.php\/produto\/rocks-off-vibrador-oriel-flexivel-fucsia\/#primaryimage"},"thumbnailUrl":"https:\/\/erki24nd3ub.exactdn.com\/wp-content\/uploads\/dream\/img\/img_211136_a5b4c60302f350e2b940e7d104535ab8_1.jpg?strip=all","datePublished":"2025-09-30T09:40:02+00:00","dateModified":"2026-02-19T20:01:19+00:00","breadcrumb":{"@id":"https:\/\/lovme.pt\/index.php\/produto\/rocks-off-vibrador-oriel-flexivel-fucsia\/#breadcrumb"},"inLanguage":"pt-PT","potentialAction":[{"@type":"ReadAction","target":["https:\/\/lovme.pt\/index.php\/produto\/rocks-off-vibrador-oriel-flexivel-fucsia\/"]}]},{"@type":"ImageObject","inLanguage":"pt-PT","@id":"https:\/\/lovme.pt\/index.php\/produto\/rocks-off-vibrador-oriel-flexivel-fucsia\/#primaryimage","url":"https:\/\/erki24nd3ub.exactdn.com\/wp-content\/uploads\/dream\/img\/img_211136_a5b4c60302f350e2b940e7d104535ab8_1.jpg?strip=all","contentUrl":"https:\/\/erki24nd3ub.exactdn.com\/wp-content\/uploads\/dream\/img\/img_211136_a5b4c60302f350e2b940e7d104535ab8_1.jpg?strip=all","width":900,"height":900},{"@type":"BreadcrumbList","@id":"https:\/\/lovme.pt\/index.php\/produto\/rocks-off-vibrador-oriel-flexivel-fucsia\/#breadcrumb","itemListElement":[{"@type":"ListItem","position":1,"name":"In\u00edcio","item":"https:\/\/lovme.pt\/"},{"@type":"ListItem","position":2,"name":"Loja","item":"https:\/\/lovme.pt\/index.php\/loja\/"},{"@type":"ListItem","position":3,"name":"ROCKS-OFF &#8211; VIBRADOR ORIEL FLEX\u00cdVEL F\u00daCSIA"}]},{"@type":"WebSite","@id":"https:\/\/lovme.pt\/#website","url":"https:\/\/lovme.pt\/","name":"Lovme Loja Er\u00f3tica N\u00ba1 em Portugal","description":"A melhor loja er\u00f3tica de Portugal.","alternateName":"Loja Er\u00f3tica Lovme","potentialAction":[{"@type":"SearchAction","target":{"@type":"EntryPoint","urlTemplate":"https:\/\/lovme.pt\/?s={search_term_string}"},"query-input":{"@type":"PropertyValueSpecification","valueRequired":true,"valueName":"search_term_string"}}],"inLanguage":"pt-PT"}]}},"_links":{"self":[{"href":"https:\/\/lovme.pt\/index.php\/wp-json\/wp\/v2\/product\/53180","targetHints":{"allow":["GET"]}}],"collection":[{"href":"https:\/\/lovme.pt\/index.php\/wp-json\/wp\/v2\/product"}],"about":[{"href":"https:\/\/lovme.pt\/index.php\/wp-json\/wp\/v2\/types\/product"}],"wp:featuredmedia":[{"embeddable":true,"href":"https:\/\/lovme.pt\/index.php\/wp-json\/wp\/v2\/media\/55523"}],"wp:attachment":[{"href":"https:\/\/lovme.pt\/index.php\/wp-json\/wp\/v2\/media?parent=53180"}],"wp:term":[{"taxonomy":"product_brand","embeddable":true,"href":"https:\/\/lovme.pt\/index.php\/wp-json\/wp\/v2\/product_brand?post=53180"},{"taxonomy":"product_cat","embeddable":true,"href":"https:\/\/lovme.pt\/index.php\/wp-json\/wp\/v2\/product_cat?post=53180"},{"taxonomy":"product_tag","embeddable":true,"href":"https:\/\/lovme.pt\/index.php\/wp-json\/wp\/v2\/product_tag?post=53180"}],"curies":[{"name":"wp","href":"https:\/\/api.w.org\/{rel}","templated":true}]}}