{"id":53169,"date":"2025-09-30T22:08:00","date_gmt":"2025-09-30T22:08:00","guid":{"rendered":"https:\/\/lovme.pt\/?post_type=product&p=53169"},"modified":"2026-02-19T20:09:14","modified_gmt":"2026-02-19T20:09:14","slug":"rocks-off-bala-vibratoria-ro-90-promenade-rosa","status":"publish","type":"product","link":"https:\/\/lovme.pt\/index.php\/produto\/rocks-off-bala-vibratoria-ro-90-promenade-rosa\/","title":{"rendered":"ROCKS-OFF &#8211; BALA VIBRAT\u00d3RIA RO-90 PROMENADE ROSA"},"content":{"rendered":"<p><strong>Estilo compacto, prazer preciso.<\/strong><\/p>\n<p> O Rocks-Off RO-90 Promenade \u00e9 um vibrador compacto, ideal para estimula\u00e7\u00e3o precisa e potente, tanto interna quanto externamente. Perfeito para brincar com o clit\u00f3ris, mamilos ou regi\u00e3o perineal, esta pequena joia concentra sua pot\u00eancia em um design elegante e discreto.<\/p>\n<p> Gra\u00e7as aos seus 10 modos de vibra\u00e7\u00e3o, voc\u00ea pode escolher entre diferentes n\u00edveis de intensidade e ritmos para encontrar a combina\u00e7\u00e3o ideal. Seu formato elegante permite uma aplica\u00e7\u00e3o precisa, enquanto seu tamanho compacto o torna um excelente companheiro de viagem ou para manter \u00e0 m\u00e3o.<\/p>\n<p> Feito de silicone de grau m\u00e9dico e pl\u00e1stico ABS, \u00e9 completamente \u00e0 prova d\u00e1gua (IPX7), tornando-o perfeito para uso subaqu\u00e1tico e f\u00e1cil de limpar.<\/p>\n<p> <u><em><strong>Recursos em destaque:<\/strong><\/em><\/u><\/p>\n<ul>\n<li> Bala vibrat\u00f3ria com 10 fun\u00e7\u00f5es de vibra\u00e7\u00e3o<\/li>\n<li> Estimula\u00e7\u00e3o precisa para clit\u00f3ris, mamilos e per\u00edneo<\/li>\n<li> Design compacto, elegante e ergon\u00f4mico<\/li>\n<li> Silicone e ABS seguros para o corpo<\/li>\n<li> \u00c0 prova d\u00e1gua (IPX7), adequado para chuveiro ou banheira<\/li>\n<li> Tempo de uso: at\u00e9 3 horas e 30 minutos<\/li>\n<\/ul>\n<p> <u><em><strong>Especifica\u00e7\u00f5es:<\/strong><\/em><\/u><\/p>\n<ul>\n<li> Tamanho: 90 mm x 18 mm x 18 mm<\/li>\n<li> Circunfer\u00eancia: 47,1 mm<\/li>\n<li> Peso: 28 g<\/li>\n<li> Material: Silicone + Pl\u00e1stico ABS<\/li>\n<\/ul>\n<p> O RO-90 Promenade \u00e9 ideal para quem procura um vibrador pequeno, mas potente, com design sofisticado e funcionalidade vers\u00e1til.<\/p>\n","protected":false},"excerpt":{"rendered":"<p>ROCKS-OFF &#8211; BALA VIBRAT\u00d3RIA RO-90 PROMENADE ROSA<\/p>\n","protected":false},"featured_media":74284,"template":"","meta":{"_acf_changed":false},"product_brand":[],"product_cat":[17,61],"product_tag":[],"class_list":{"0":"post-53169","1":"product","2":"type-product","3":"status-publish","4":"has-post-thumbnail","6":"product_cat-brinquedos-de-bem-estar-sexual","7":"product_cat-para-elas","8":"yith_product_brand-rocks-off","10":"first","11":"instock","12":"taxable","13":"shipping-taxable","14":"purchasable","15":"product-type-simple"},"acf":[],"yoast_head":"<!-- This site is optimized with the Yoast SEO plugin v27.4 - https:\/\/yoast.com\/product\/yoast-seo-wordpress\/ -->\n<title>ROCKS-OFF - BALA VIBRAT\u00d3RIA RO-90 PROMENADE ROSA - Lovme<\/title>\n<meta name=\"robots\" content=\"index, follow, max-snippet:-1, max-image-preview:large, max-video-preview:-1\" \/>\n<link rel=\"canonical\" href=\"https:\/\/lovme.pt\/index.php\/produto\/rocks-off-bala-vibratoria-ro-90-promenade-rosa\/\" \/>\n<meta property=\"og:locale\" content=\"pt_PT\" \/>\n<meta property=\"og:type\" content=\"article\" \/>\n<meta property=\"og:title\" content=\"ROCKS-OFF - BALA VIBRAT\u00d3RIA RO-90 PROMENADE ROSA - Lovme\" \/>\n<meta property=\"og:description\" content=\"ROCKS-OFF - BALA VIBRAT\u00d3RIA RO-90 PROMENADE ROSA\" \/>\n<meta property=\"og:url\" content=\"https:\/\/lovme.pt\/index.php\/produto\/rocks-off-bala-vibratoria-ro-90-promenade-rosa\/\" \/>\n<meta property=\"og:site_name\" content=\"Lovme\" \/>\n<meta property=\"article:modified_time\" content=\"2026-02-19T20:09:14+00:00\" \/>\n<meta property=\"og:image\" content=\"https:\/\/erki24nd3ub.exactdn.com\/wp-content\/uploads\/dream\/img\/img_211350_d4529250fa3e4fe0d911990146859585_1.jpg?strip=all\" \/>\n\t<meta property=\"og:image:width\" content=\"900\" \/>\n\t<meta property=\"og:image:height\" content=\"900\" \/>\n\t<meta property=\"og:image:type\" content=\"image\/jpeg\" \/>\n<meta name=\"twitter:card\" content=\"summary_large_image\" \/>\n<meta name=\"twitter:label1\" content=\"Tempo estimado de leitura\" \/>\n\t<meta name=\"twitter:data1\" content=\"1 minuto\" \/>\n<script type=\"application\/ld+json\" class=\"yoast-schema-graph\">{\"@context\":\"https:\\\/\\\/schema.org\",\"@graph\":[{\"@type\":\"WebPage\",\"@id\":\"https:\\\/\\\/lovme.pt\\\/index.php\\\/produto\\\/rocks-off-bala-vibratoria-ro-90-promenade-rosa\\\/\",\"url\":\"https:\\\/\\\/lovme.pt\\\/index.php\\\/produto\\\/rocks-off-bala-vibratoria-ro-90-promenade-rosa\\\/\",\"name\":\"ROCKS-OFF - BALA VIBRAT\u00d3RIA RO-90 PROMENADE ROSA - Lovme\",\"isPartOf\":{\"@id\":\"https:\\\/\\\/lovme.pt\\\/#website\"},\"primaryImageOfPage\":{\"@id\":\"https:\\\/\\\/lovme.pt\\\/index.php\\\/produto\\\/rocks-off-bala-vibratoria-ro-90-promenade-rosa\\\/#primaryimage\"},\"image\":{\"@id\":\"https:\\\/\\\/lovme.pt\\\/index.php\\\/produto\\\/rocks-off-bala-vibratoria-ro-90-promenade-rosa\\\/#primaryimage\"},\"thumbnailUrl\":\"https:\\\/\\\/erki24nd3ub.exactdn.com\\\/wp-content\\\/uploads\\\/dream\\\/img\\\/img_211350_d4529250fa3e4fe0d911990146859585_1.jpg?strip=all\",\"datePublished\":\"2025-09-30T22:08:00+00:00\",\"dateModified\":\"2026-02-19T20:09:14+00:00\",\"breadcrumb\":{\"@id\":\"https:\\\/\\\/lovme.pt\\\/index.php\\\/produto\\\/rocks-off-bala-vibratoria-ro-90-promenade-rosa\\\/#breadcrumb\"},\"inLanguage\":\"pt-PT\",\"potentialAction\":[{\"@type\":\"ReadAction\",\"target\":[\"https:\\\/\\\/lovme.pt\\\/index.php\\\/produto\\\/rocks-off-bala-vibratoria-ro-90-promenade-rosa\\\/\"]}]},{\"@type\":\"ImageObject\",\"inLanguage\":\"pt-PT\",\"@id\":\"https:\\\/\\\/lovme.pt\\\/index.php\\\/produto\\\/rocks-off-bala-vibratoria-ro-90-promenade-rosa\\\/#primaryimage\",\"url\":\"https:\\\/\\\/erki24nd3ub.exactdn.com\\\/wp-content\\\/uploads\\\/dream\\\/img\\\/img_211350_d4529250fa3e4fe0d911990146859585_1.jpg?strip=all\",\"contentUrl\":\"https:\\\/\\\/erki24nd3ub.exactdn.com\\\/wp-content\\\/uploads\\\/dream\\\/img\\\/img_211350_d4529250fa3e4fe0d911990146859585_1.jpg?strip=all\",\"width\":900,\"height\":900},{\"@type\":\"BreadcrumbList\",\"@id\":\"https:\\\/\\\/lovme.pt\\\/index.php\\\/produto\\\/rocks-off-bala-vibratoria-ro-90-promenade-rosa\\\/#breadcrumb\",\"itemListElement\":[{\"@type\":\"ListItem\",\"position\":1,\"name\":\"In\u00edcio\",\"item\":\"https:\\\/\\\/lovme.pt\\\/\"},{\"@type\":\"ListItem\",\"position\":2,\"name\":\"Loja\",\"item\":\"https:\\\/\\\/lovme.pt\\\/index.php\\\/loja\\\/\"},{\"@type\":\"ListItem\",\"position\":3,\"name\":\"ROCKS-OFF &#8211; BALA VIBRAT\u00d3RIA RO-90 PROMENADE ROSA\"}]},{\"@type\":\"WebSite\",\"@id\":\"https:\\\/\\\/lovme.pt\\\/#website\",\"url\":\"https:\\\/\\\/lovme.pt\\\/\",\"name\":\"Lovme Loja Er\u00f3tica N\u00ba1 em Portugal\",\"description\":\"A melhor loja er\u00f3tica de Portugal.\",\"alternateName\":\"Loja Er\u00f3tica Lovme\",\"potentialAction\":[{\"@type\":\"SearchAction\",\"target\":{\"@type\":\"EntryPoint\",\"urlTemplate\":\"https:\\\/\\\/lovme.pt\\\/?s={search_term_string}\"},\"query-input\":{\"@type\":\"PropertyValueSpecification\",\"valueRequired\":true,\"valueName\":\"search_term_string\"}}],\"inLanguage\":\"pt-PT\"}]}<\/script>\n<!-- \/ Yoast SEO plugin. -->","yoast_head_json":{"title":"ROCKS-OFF - BALA VIBRAT\u00d3RIA RO-90 PROMENADE ROSA - Lovme","robots":{"index":"index","follow":"follow","max-snippet":"max-snippet:-1","max-image-preview":"max-image-preview:large","max-video-preview":"max-video-preview:-1"},"canonical":"https:\/\/lovme.pt\/index.php\/produto\/rocks-off-bala-vibratoria-ro-90-promenade-rosa\/","og_locale":"pt_PT","og_type":"article","og_title":"ROCKS-OFF - BALA VIBRAT\u00d3RIA RO-90 PROMENADE ROSA - Lovme","og_description":"ROCKS-OFF - BALA VIBRAT\u00d3RIA RO-90 PROMENADE ROSA","og_url":"https:\/\/lovme.pt\/index.php\/produto\/rocks-off-bala-vibratoria-ro-90-promenade-rosa\/","og_site_name":"Lovme","article_modified_time":"2026-02-19T20:09:14+00:00","og_image":[{"width":900,"height":900,"url":"https:\/\/erki24nd3ub.exactdn.com\/wp-content\/uploads\/dream\/img\/img_211350_d4529250fa3e4fe0d911990146859585_1.jpg?strip=all","type":"image\/jpeg"}],"twitter_card":"summary_large_image","twitter_misc":{"Tempo estimado de leitura":"1 minuto"},"schema":{"@context":"https:\/\/schema.org","@graph":[{"@type":"WebPage","@id":"https:\/\/lovme.pt\/index.php\/produto\/rocks-off-bala-vibratoria-ro-90-promenade-rosa\/","url":"https:\/\/lovme.pt\/index.php\/produto\/rocks-off-bala-vibratoria-ro-90-promenade-rosa\/","name":"ROCKS-OFF - BALA VIBRAT\u00d3RIA RO-90 PROMENADE ROSA - Lovme","isPartOf":{"@id":"https:\/\/lovme.pt\/#website"},"primaryImageOfPage":{"@id":"https:\/\/lovme.pt\/index.php\/produto\/rocks-off-bala-vibratoria-ro-90-promenade-rosa\/#primaryimage"},"image":{"@id":"https:\/\/lovme.pt\/index.php\/produto\/rocks-off-bala-vibratoria-ro-90-promenade-rosa\/#primaryimage"},"thumbnailUrl":"https:\/\/erki24nd3ub.exactdn.com\/wp-content\/uploads\/dream\/img\/img_211350_d4529250fa3e4fe0d911990146859585_1.jpg?strip=all","datePublished":"2025-09-30T22:08:00+00:00","dateModified":"2026-02-19T20:09:14+00:00","breadcrumb":{"@id":"https:\/\/lovme.pt\/index.php\/produto\/rocks-off-bala-vibratoria-ro-90-promenade-rosa\/#breadcrumb"},"inLanguage":"pt-PT","potentialAction":[{"@type":"ReadAction","target":["https:\/\/lovme.pt\/index.php\/produto\/rocks-off-bala-vibratoria-ro-90-promenade-rosa\/"]}]},{"@type":"ImageObject","inLanguage":"pt-PT","@id":"https:\/\/lovme.pt\/index.php\/produto\/rocks-off-bala-vibratoria-ro-90-promenade-rosa\/#primaryimage","url":"https:\/\/erki24nd3ub.exactdn.com\/wp-content\/uploads\/dream\/img\/img_211350_d4529250fa3e4fe0d911990146859585_1.jpg?strip=all","contentUrl":"https:\/\/erki24nd3ub.exactdn.com\/wp-content\/uploads\/dream\/img\/img_211350_d4529250fa3e4fe0d911990146859585_1.jpg?strip=all","width":900,"height":900},{"@type":"BreadcrumbList","@id":"https:\/\/lovme.pt\/index.php\/produto\/rocks-off-bala-vibratoria-ro-90-promenade-rosa\/#breadcrumb","itemListElement":[{"@type":"ListItem","position":1,"name":"In\u00edcio","item":"https:\/\/lovme.pt\/"},{"@type":"ListItem","position":2,"name":"Loja","item":"https:\/\/lovme.pt\/index.php\/loja\/"},{"@type":"ListItem","position":3,"name":"ROCKS-OFF &#8211; BALA VIBRAT\u00d3RIA RO-90 PROMENADE ROSA"}]},{"@type":"WebSite","@id":"https:\/\/lovme.pt\/#website","url":"https:\/\/lovme.pt\/","name":"Lovme Loja Er\u00f3tica N\u00ba1 em Portugal","description":"A melhor loja er\u00f3tica de Portugal.","alternateName":"Loja Er\u00f3tica Lovme","potentialAction":[{"@type":"SearchAction","target":{"@type":"EntryPoint","urlTemplate":"https:\/\/lovme.pt\/?s={search_term_string}"},"query-input":{"@type":"PropertyValueSpecification","valueRequired":true,"valueName":"search_term_string"}}],"inLanguage":"pt-PT"}]}},"_links":{"self":[{"href":"https:\/\/lovme.pt\/index.php\/wp-json\/wp\/v2\/product\/53169","targetHints":{"allow":["GET"]}}],"collection":[{"href":"https:\/\/lovme.pt\/index.php\/wp-json\/wp\/v2\/product"}],"about":[{"href":"https:\/\/lovme.pt\/index.php\/wp-json\/wp\/v2\/types\/product"}],"wp:featuredmedia":[{"embeddable":true,"href":"https:\/\/lovme.pt\/index.php\/wp-json\/wp\/v2\/media\/74284"}],"wp:attachment":[{"href":"https:\/\/lovme.pt\/index.php\/wp-json\/wp\/v2\/media?parent=53169"}],"wp:term":[{"taxonomy":"product_brand","embeddable":true,"href":"https:\/\/lovme.pt\/index.php\/wp-json\/wp\/v2\/product_brand?post=53169"},{"taxonomy":"product_cat","embeddable":true,"href":"https:\/\/lovme.pt\/index.php\/wp-json\/wp\/v2\/product_cat?post=53169"},{"taxonomy":"product_tag","embeddable":true,"href":"https:\/\/lovme.pt\/index.php\/wp-json\/wp\/v2\/product_tag?post=53169"}],"curies":[{"name":"wp","href":"https:\/\/api.w.org\/{rel}","templated":true}]}}