{"id":53168,"date":"2025-09-30T22:07:58","date_gmt":"2025-09-30T22:07:58","guid":{"rendered":"https:\/\/lovme.pt\/?post_type=product&p=53168"},"modified":"2026-02-19T20:09:14","modified_gmt":"2026-02-19T20:09:14","slug":"rocks-off-bala-vibratoria-ro-90-duke-of-swoon-azul","status":"publish","type":"product","link":"https:\/\/lovme.pt\/index.php\/produto\/rocks-off-bala-vibratoria-ro-90-duke-of-swoon-azul\/","title":{"rendered":"ROCKS-OFF &#8211; BALA VIBRAT\u00d3RIA RO-90 DUKE OF SWOON AZUL"},"content":{"rendered":"<p><strong>Estilo elegante, precis\u00e3o absoluta.<\/strong><br \/> O Rocks-Off RO-90 Duke of Swoon \u00e9 um vibrador compacto e refinado, projetado para proporcionar estimula\u00e7\u00e3o interna e externa precisa. Ideal para o clit\u00f3ris, mamilos ou regi\u00e3o perineal, este vibrador pequeno, por\u00e9m potente, proporciona prazer intenso com um design elegante e funcional.<\/p>\n<p> Equipado com 10 modos de vibra\u00e7\u00e3o, permite explorar facilmente uma variedade de ritmos e intensidades, adaptando-se a qualquer prefer\u00eancia. Seu formato elegante e ponta arredondada garantem uma aplica\u00e7\u00e3o precisa, enquanto seu tamanho compacto o torna discreto e f\u00e1cil de transportar.<\/p>\n<p> Feito de silicone de grau m\u00e9dico e pl\u00e1stico ABS, \u00e9 completamente \u00e0 prova d\u00e1gua (IPX7), perfeito para uso com lubrificantes \u00e0 base de \u00e1gua e tamb\u00e9m para aproveitar no chuveiro ou na banheira.<\/p>\n<p> <u><em><strong>Recursos em destaque:<\/strong><\/em><\/u><\/p>\n<ul>\n<li> Bala vibrat\u00f3ria compacta com 10 fun\u00e7\u00f5es de vibra\u00e7\u00e3o<\/li>\n<li> Estimula\u00e7\u00e3o precisa do clit\u00f3ris, mamilos e \u00e1rea perineal<\/li>\n<li> Design elegante, estiloso e f\u00e1cil de usar<\/li>\n<li> Silicone e ABS seguros para o corpo<\/li>\n<li> \u00c0 prova d\u00e1gua (IPX7), adequado para uso subaqu\u00e1tico<\/li>\n<li> Tempo de uso: at\u00e9 3 horas e 30 minutos<\/li>\n<\/ul>\n<p> <u><em><strong>Especifica\u00e7\u00f5es:<\/strong><\/em><\/u><\/p>\n<ul>\n<li> Tamanho: 90 mm x 18 mm x 18 mm<\/li>\n<li> Circunfer\u00eancia: 47,1 mm<\/li>\n<li> Peso: 28 g<\/li>\n<li> Material: Silicone + Pl\u00e1stico ABS<\/li>\n<\/ul>\n<p> Duke of Swoon \u00e9 a combina\u00e7\u00e3o ideal de pot\u00eancia, estilo e discri\u00e7\u00e3o, perfeito para quem deseja uma experi\u00eancia de prazer sofisticada e port\u00e1til.<\/p>\n","protected":false},"excerpt":{"rendered":"<p>ROCKS-OFF &#8211; BALA VIBRAT\u00d3RIA RO-90 DUKE OF SWOON AZUL<\/p>\n","protected":false},"featured_media":74279,"template":"","meta":{"_acf_changed":false},"product_brand":[],"product_cat":[17,61],"product_tag":[],"class_list":{"0":"post-53168","1":"product","2":"type-product","3":"status-publish","4":"has-post-thumbnail","6":"product_cat-brinquedos-de-bem-estar-sexual","7":"product_cat-para-elas","8":"yith_product_brand-rocks-off","10":"first","11":"instock","12":"taxable","13":"shipping-taxable","14":"purchasable","15":"product-type-simple"},"acf":[],"yoast_head":"<!-- This site is optimized with the Yoast SEO plugin v27.4 - https:\/\/yoast.com\/product\/yoast-seo-wordpress\/ -->\n<title>ROCKS-OFF - BALA VIBRAT\u00d3RIA RO-90 DUKE OF SWOON AZUL - Lovme<\/title>\n<meta name=\"robots\" content=\"index, follow, max-snippet:-1, max-image-preview:large, max-video-preview:-1\" \/>\n<link rel=\"canonical\" href=\"https:\/\/lovme.pt\/index.php\/produto\/rocks-off-bala-vibratoria-ro-90-duke-of-swoon-azul\/\" \/>\n<meta property=\"og:locale\" content=\"pt_PT\" \/>\n<meta property=\"og:type\" content=\"article\" \/>\n<meta property=\"og:title\" content=\"ROCKS-OFF - BALA VIBRAT\u00d3RIA RO-90 DUKE OF SWOON AZUL - Lovme\" \/>\n<meta property=\"og:description\" content=\"ROCKS-OFF - BALA VIBRAT\u00d3RIA RO-90 DUKE OF SWOON AZUL\" \/>\n<meta property=\"og:url\" content=\"https:\/\/lovme.pt\/index.php\/produto\/rocks-off-bala-vibratoria-ro-90-duke-of-swoon-azul\/\" \/>\n<meta property=\"og:site_name\" content=\"Lovme\" \/>\n<meta property=\"article:modified_time\" content=\"2026-02-19T20:09:14+00:00\" \/>\n<meta property=\"og:image\" content=\"https:\/\/erki24nd3ub.exactdn.com\/wp-content\/uploads\/dream\/img\/img_211358_a31e8680d3f3bbfe931a56384646ce64_1.jpg?strip=all\" \/>\n\t<meta property=\"og:image:width\" content=\"900\" \/>\n\t<meta property=\"og:image:height\" content=\"900\" \/>\n\t<meta property=\"og:image:type\" content=\"image\/jpeg\" \/>\n<meta name=\"twitter:card\" content=\"summary_large_image\" \/>\n<meta name=\"twitter:label1\" content=\"Tempo estimado de leitura\" \/>\n\t<meta name=\"twitter:data1\" content=\"1 minuto\" \/>\n<script type=\"application\/ld+json\" class=\"yoast-schema-graph\">{\"@context\":\"https:\\\/\\\/schema.org\",\"@graph\":[{\"@type\":\"WebPage\",\"@id\":\"https:\\\/\\\/lovme.pt\\\/index.php\\\/produto\\\/rocks-off-bala-vibratoria-ro-90-duke-of-swoon-azul\\\/\",\"url\":\"https:\\\/\\\/lovme.pt\\\/index.php\\\/produto\\\/rocks-off-bala-vibratoria-ro-90-duke-of-swoon-azul\\\/\",\"name\":\"ROCKS-OFF - BALA VIBRAT\u00d3RIA RO-90 DUKE OF SWOON AZUL - Lovme\",\"isPartOf\":{\"@id\":\"https:\\\/\\\/lovme.pt\\\/#website\"},\"primaryImageOfPage\":{\"@id\":\"https:\\\/\\\/lovme.pt\\\/index.php\\\/produto\\\/rocks-off-bala-vibratoria-ro-90-duke-of-swoon-azul\\\/#primaryimage\"},\"image\":{\"@id\":\"https:\\\/\\\/lovme.pt\\\/index.php\\\/produto\\\/rocks-off-bala-vibratoria-ro-90-duke-of-swoon-azul\\\/#primaryimage\"},\"thumbnailUrl\":\"https:\\\/\\\/erki24nd3ub.exactdn.com\\\/wp-content\\\/uploads\\\/dream\\\/img\\\/img_211358_a31e8680d3f3bbfe931a56384646ce64_1.jpg?strip=all\",\"datePublished\":\"2025-09-30T22:07:58+00:00\",\"dateModified\":\"2026-02-19T20:09:14+00:00\",\"breadcrumb\":{\"@id\":\"https:\\\/\\\/lovme.pt\\\/index.php\\\/produto\\\/rocks-off-bala-vibratoria-ro-90-duke-of-swoon-azul\\\/#breadcrumb\"},\"inLanguage\":\"pt-PT\",\"potentialAction\":[{\"@type\":\"ReadAction\",\"target\":[\"https:\\\/\\\/lovme.pt\\\/index.php\\\/produto\\\/rocks-off-bala-vibratoria-ro-90-duke-of-swoon-azul\\\/\"]}]},{\"@type\":\"ImageObject\",\"inLanguage\":\"pt-PT\",\"@id\":\"https:\\\/\\\/lovme.pt\\\/index.php\\\/produto\\\/rocks-off-bala-vibratoria-ro-90-duke-of-swoon-azul\\\/#primaryimage\",\"url\":\"https:\\\/\\\/erki24nd3ub.exactdn.com\\\/wp-content\\\/uploads\\\/dream\\\/img\\\/img_211358_a31e8680d3f3bbfe931a56384646ce64_1.jpg?strip=all\",\"contentUrl\":\"https:\\\/\\\/erki24nd3ub.exactdn.com\\\/wp-content\\\/uploads\\\/dream\\\/img\\\/img_211358_a31e8680d3f3bbfe931a56384646ce64_1.jpg?strip=all\",\"width\":900,\"height\":900},{\"@type\":\"BreadcrumbList\",\"@id\":\"https:\\\/\\\/lovme.pt\\\/index.php\\\/produto\\\/rocks-off-bala-vibratoria-ro-90-duke-of-swoon-azul\\\/#breadcrumb\",\"itemListElement\":[{\"@type\":\"ListItem\",\"position\":1,\"name\":\"In\u00edcio\",\"item\":\"https:\\\/\\\/lovme.pt\\\/\"},{\"@type\":\"ListItem\",\"position\":2,\"name\":\"Loja\",\"item\":\"https:\\\/\\\/lovme.pt\\\/index.php\\\/loja\\\/\"},{\"@type\":\"ListItem\",\"position\":3,\"name\":\"ROCKS-OFF &#8211; BALA VIBRAT\u00d3RIA RO-90 DUKE OF SWOON AZUL\"}]},{\"@type\":\"WebSite\",\"@id\":\"https:\\\/\\\/lovme.pt\\\/#website\",\"url\":\"https:\\\/\\\/lovme.pt\\\/\",\"name\":\"Lovme Loja Er\u00f3tica N\u00ba1 em Portugal\",\"description\":\"A melhor loja er\u00f3tica de Portugal.\",\"alternateName\":\"Loja Er\u00f3tica Lovme\",\"potentialAction\":[{\"@type\":\"SearchAction\",\"target\":{\"@type\":\"EntryPoint\",\"urlTemplate\":\"https:\\\/\\\/lovme.pt\\\/?s={search_term_string}\"},\"query-input\":{\"@type\":\"PropertyValueSpecification\",\"valueRequired\":true,\"valueName\":\"search_term_string\"}}],\"inLanguage\":\"pt-PT\"}]}<\/script>\n<!-- \/ Yoast SEO plugin. -->","yoast_head_json":{"title":"ROCKS-OFF - BALA VIBRAT\u00d3RIA RO-90 DUKE OF SWOON AZUL - Lovme","robots":{"index":"index","follow":"follow","max-snippet":"max-snippet:-1","max-image-preview":"max-image-preview:large","max-video-preview":"max-video-preview:-1"},"canonical":"https:\/\/lovme.pt\/index.php\/produto\/rocks-off-bala-vibratoria-ro-90-duke-of-swoon-azul\/","og_locale":"pt_PT","og_type":"article","og_title":"ROCKS-OFF - BALA VIBRAT\u00d3RIA RO-90 DUKE OF SWOON AZUL - Lovme","og_description":"ROCKS-OFF - BALA VIBRAT\u00d3RIA RO-90 DUKE OF SWOON AZUL","og_url":"https:\/\/lovme.pt\/index.php\/produto\/rocks-off-bala-vibratoria-ro-90-duke-of-swoon-azul\/","og_site_name":"Lovme","article_modified_time":"2026-02-19T20:09:14+00:00","og_image":[{"width":900,"height":900,"url":"https:\/\/erki24nd3ub.exactdn.com\/wp-content\/uploads\/dream\/img\/img_211358_a31e8680d3f3bbfe931a56384646ce64_1.jpg?strip=all","type":"image\/jpeg"}],"twitter_card":"summary_large_image","twitter_misc":{"Tempo estimado de leitura":"1 minuto"},"schema":{"@context":"https:\/\/schema.org","@graph":[{"@type":"WebPage","@id":"https:\/\/lovme.pt\/index.php\/produto\/rocks-off-bala-vibratoria-ro-90-duke-of-swoon-azul\/","url":"https:\/\/lovme.pt\/index.php\/produto\/rocks-off-bala-vibratoria-ro-90-duke-of-swoon-azul\/","name":"ROCKS-OFF - BALA VIBRAT\u00d3RIA RO-90 DUKE OF SWOON AZUL - Lovme","isPartOf":{"@id":"https:\/\/lovme.pt\/#website"},"primaryImageOfPage":{"@id":"https:\/\/lovme.pt\/index.php\/produto\/rocks-off-bala-vibratoria-ro-90-duke-of-swoon-azul\/#primaryimage"},"image":{"@id":"https:\/\/lovme.pt\/index.php\/produto\/rocks-off-bala-vibratoria-ro-90-duke-of-swoon-azul\/#primaryimage"},"thumbnailUrl":"https:\/\/erki24nd3ub.exactdn.com\/wp-content\/uploads\/dream\/img\/img_211358_a31e8680d3f3bbfe931a56384646ce64_1.jpg?strip=all","datePublished":"2025-09-30T22:07:58+00:00","dateModified":"2026-02-19T20:09:14+00:00","breadcrumb":{"@id":"https:\/\/lovme.pt\/index.php\/produto\/rocks-off-bala-vibratoria-ro-90-duke-of-swoon-azul\/#breadcrumb"},"inLanguage":"pt-PT","potentialAction":[{"@type":"ReadAction","target":["https:\/\/lovme.pt\/index.php\/produto\/rocks-off-bala-vibratoria-ro-90-duke-of-swoon-azul\/"]}]},{"@type":"ImageObject","inLanguage":"pt-PT","@id":"https:\/\/lovme.pt\/index.php\/produto\/rocks-off-bala-vibratoria-ro-90-duke-of-swoon-azul\/#primaryimage","url":"https:\/\/erki24nd3ub.exactdn.com\/wp-content\/uploads\/dream\/img\/img_211358_a31e8680d3f3bbfe931a56384646ce64_1.jpg?strip=all","contentUrl":"https:\/\/erki24nd3ub.exactdn.com\/wp-content\/uploads\/dream\/img\/img_211358_a31e8680d3f3bbfe931a56384646ce64_1.jpg?strip=all","width":900,"height":900},{"@type":"BreadcrumbList","@id":"https:\/\/lovme.pt\/index.php\/produto\/rocks-off-bala-vibratoria-ro-90-duke-of-swoon-azul\/#breadcrumb","itemListElement":[{"@type":"ListItem","position":1,"name":"In\u00edcio","item":"https:\/\/lovme.pt\/"},{"@type":"ListItem","position":2,"name":"Loja","item":"https:\/\/lovme.pt\/index.php\/loja\/"},{"@type":"ListItem","position":3,"name":"ROCKS-OFF &#8211; BALA VIBRAT\u00d3RIA RO-90 DUKE OF SWOON AZUL"}]},{"@type":"WebSite","@id":"https:\/\/lovme.pt\/#website","url":"https:\/\/lovme.pt\/","name":"Lovme Loja Er\u00f3tica N\u00ba1 em Portugal","description":"A melhor loja er\u00f3tica de Portugal.","alternateName":"Loja Er\u00f3tica Lovme","potentialAction":[{"@type":"SearchAction","target":{"@type":"EntryPoint","urlTemplate":"https:\/\/lovme.pt\/?s={search_term_string}"},"query-input":{"@type":"PropertyValueSpecification","valueRequired":true,"valueName":"search_term_string"}}],"inLanguage":"pt-PT"}]}},"_links":{"self":[{"href":"https:\/\/lovme.pt\/index.php\/wp-json\/wp\/v2\/product\/53168","targetHints":{"allow":["GET"]}}],"collection":[{"href":"https:\/\/lovme.pt\/index.php\/wp-json\/wp\/v2\/product"}],"about":[{"href":"https:\/\/lovme.pt\/index.php\/wp-json\/wp\/v2\/types\/product"}],"wp:featuredmedia":[{"embeddable":true,"href":"https:\/\/lovme.pt\/index.php\/wp-json\/wp\/v2\/media\/74279"}],"wp:attachment":[{"href":"https:\/\/lovme.pt\/index.php\/wp-json\/wp\/v2\/media?parent=53168"}],"wp:term":[{"taxonomy":"product_brand","embeddable":true,"href":"https:\/\/lovme.pt\/index.php\/wp-json\/wp\/v2\/product_brand?post=53168"},{"taxonomy":"product_cat","embeddable":true,"href":"https:\/\/lovme.pt\/index.php\/wp-json\/wp\/v2\/product_cat?post=53168"},{"taxonomy":"product_tag","embeddable":true,"href":"https:\/\/lovme.pt\/index.php\/wp-json\/wp\/v2\/product_tag?post=53168"}],"curies":[{"name":"wp","href":"https:\/\/api.w.org\/{rel}","templated":true}]}}