{"id":53164,"date":"2025-09-30T22:07:52","date_gmt":"2025-09-30T22:07:52","guid":{"rendered":"https:\/\/lovme.pt\/?post_type=product&p=53164"},"modified":"2026-02-19T20:09:14","modified_gmt":"2026-02-19T20:09:14","slug":"rocks-off-vibrador-duplo-gemini-estimulador-de-clitoris-ponto-g-roxo","status":"publish","type":"product","link":"https:\/\/lovme.pt\/index.php\/produto\/rocks-off-vibrador-duplo-gemini-estimulador-de-clitoris-ponto-g-roxo\/","title":{"rendered":"ROCKS-OFF &#8211; VIBRADOR DUPLO GEMINI ESTIMULADOR DE CLIT\u00d3RIS PONTO G ROXO"},"content":{"rendered":"<p><strong>ROCKS-OFF  Vibrador Duplo Clitoriano e Ponto G Gemini<\/strong><\/p>\n<p>Design ergon\u00f4mico, estimula\u00e7\u00e3o dupla e controle total.<br \/>O Rocks-Off Gemini \u00e9 um luxuoso vibrador duplo projetado para proporcionar estimula\u00e7\u00e3o precisa tanto no clit\u00f3ris quanto no ponto G, gra\u00e7as aos seus dois motores potentes e ao design inovador, flex\u00edvel e ergon\u00f4mico. Seu acabamento em silicone texturizado e aveludado envolve o corpo de forma suave e eficaz, intensificando cada sensa\u00e7\u00e3o.<\/p>\n<p>Uma de suas caracter\u00edsticas mais marcantes \u00e9 a capacidade de se adaptar ao formato do corpo: com um simples giro, o Gemini passa de um design cl\u00e1ssico para uso externo e interno simult\u00e2neos para um estimulador preciso do ponto G. Al\u00e9m disso, voc\u00ea pode ajustar sua posi\u00e7\u00e3o para o centro, para a esquerda ou para a direita para personalizar a experi\u00eancia e encontrar o \u00e2ngulo ideal de prazer.<\/p>\n<p>Possui 10 fun\u00e7\u00f5es de vibra\u00e7\u00e3o e \u00e9 facilmente recarregado via USB. \u00c9 totalmente \u00e0 prova d\u00e1gua (IPX7), o que o torna ideal para brincar no chuveiro ou na banheira, al\u00e9m de ser f\u00e1cil de limpar.<\/p>\n<p><u><em><strong>Recursos em destaque:<\/strong><\/em><\/u><\/p>\n<ul>\n<li>Estimula\u00e7\u00e3o simult\u00e2nea do clit\u00f3ris e do ponto G com motor duplo<\/li>\n<li>Design flex\u00edvel que se adapta \u00e0 anatomia e permite ajuste direcional<\/li>\n<li>Acabamento em silicone texturizado, macio e seguro para o corpo<\/li>\n<li>10 modos de vibra\u00e7\u00e3o com controle intuitivo<\/li>\n<li>Recarreg\u00e1vel USB<\/li>\n<li>\u00c0 prova d\u00e1gua (IPX7), adequado para jogos aqu\u00e1ticos<\/li>\n<li>Tempo de carregamento: 1 hora e 30 minutos<\/li>\n<li>Tempo de uso: at\u00e9 1 hora e 30 minutos<\/li>\n<\/ul>\n<p><u><em><strong>Especifica\u00e7\u00f5es:<\/strong><\/em><\/u><\/p>\n<ul>\n<li>Tamanho: 192 mm x 39 mm x 37 mm<\/li>\n<li>Peso: 158 g<\/li>\n<li>Material: Silicone + Pl\u00e1stico ABS<\/li>\n<\/ul>\n<p>Gemini \u00e9 uma obra-prima de inova\u00e7\u00e3o e prazer personalizado. Descubra novas formas de estimula\u00e7\u00e3o com um design elegante que se adapta a voc\u00ea.<\/p>\n","protected":false},"excerpt":{"rendered":"<p>ROCKS-OFF &#8211; VIBRADOR DUPLO PONTO G E ESTIMULADOR DE CLIT\u00d3RIS GEMINI ROXO<\/p>\n","protected":false},"featured_media":74259,"template":"","meta":{"_acf_changed":false},"product_brand":[],"product_cat":[17,61,76],"product_tag":[],"class_list":{"0":"post-53164","1":"product","2":"type-product","3":"status-publish","4":"has-post-thumbnail","6":"product_cat-brinquedos-de-bem-estar-sexual","7":"product_cat-para-elas","8":"product_cat-vibradores","9":"yith_product_brand-rocks-off","11":"first","12":"instock","13":"taxable","14":"shipping-taxable","15":"purchasable","16":"product-type-simple"},"acf":[],"yoast_head":"<!-- This site is optimized with the Yoast SEO plugin v27.4 - https:\/\/yoast.com\/product\/yoast-seo-wordpress\/ -->\n<title>ROCKS-OFF - VIBRADOR DUPLO GEMINI ESTIMULADOR DE CLIT\u00d3RIS PONTO G ROXO - Lovme<\/title>\n<meta name=\"robots\" content=\"index, follow, max-snippet:-1, max-image-preview:large, max-video-preview:-1\" \/>\n<link rel=\"canonical\" href=\"https:\/\/lovme.pt\/index.php\/produto\/rocks-off-vibrador-duplo-gemini-estimulador-de-clitoris-ponto-g-roxo\/\" \/>\n<meta property=\"og:locale\" content=\"pt_PT\" \/>\n<meta property=\"og:type\" content=\"article\" \/>\n<meta property=\"og:title\" content=\"ROCKS-OFF - VIBRADOR DUPLO GEMINI ESTIMULADOR DE CLIT\u00d3RIS PONTO G ROXO - Lovme\" \/>\n<meta property=\"og:description\" content=\"ROCKS-OFF - VIBRADOR DUPLO PONTO G E ESTIMULADOR DE CLIT\u00d3RIS GEMINI ROXO\" \/>\n<meta property=\"og:url\" content=\"https:\/\/lovme.pt\/index.php\/produto\/rocks-off-vibrador-duplo-gemini-estimulador-de-clitoris-ponto-g-roxo\/\" \/>\n<meta property=\"og:site_name\" content=\"Lovme\" \/>\n<meta property=\"article:modified_time\" content=\"2026-02-19T20:09:14+00:00\" \/>\n<meta property=\"og:image\" content=\"https:\/\/erki24nd3ub.exactdn.com\/wp-content\/uploads\/dream\/img\/img_211314_db7b47ea0fba77e1bf3b1e6c2b073946_1.jpg?strip=all\" \/>\n\t<meta property=\"og:image:width\" content=\"900\" \/>\n\t<meta property=\"og:image:height\" content=\"900\" \/>\n\t<meta property=\"og:image:type\" content=\"image\/jpeg\" \/>\n<meta name=\"twitter:card\" content=\"summary_large_image\" \/>\n<meta name=\"twitter:label1\" content=\"Tempo estimado de leitura\" \/>\n\t<meta name=\"twitter:data1\" content=\"1 minuto\" \/>\n<script type=\"application\/ld+json\" class=\"yoast-schema-graph\">{\"@context\":\"https:\\\/\\\/schema.org\",\"@graph\":[{\"@type\":\"WebPage\",\"@id\":\"https:\\\/\\\/lovme.pt\\\/index.php\\\/produto\\\/rocks-off-vibrador-duplo-gemini-estimulador-de-clitoris-ponto-g-roxo\\\/\",\"url\":\"https:\\\/\\\/lovme.pt\\\/index.php\\\/produto\\\/rocks-off-vibrador-duplo-gemini-estimulador-de-clitoris-ponto-g-roxo\\\/\",\"name\":\"ROCKS-OFF - VIBRADOR DUPLO GEMINI ESTIMULADOR DE CLIT\u00d3RIS PONTO G ROXO - Lovme\",\"isPartOf\":{\"@id\":\"https:\\\/\\\/lovme.pt\\\/#website\"},\"primaryImageOfPage\":{\"@id\":\"https:\\\/\\\/lovme.pt\\\/index.php\\\/produto\\\/rocks-off-vibrador-duplo-gemini-estimulador-de-clitoris-ponto-g-roxo\\\/#primaryimage\"},\"image\":{\"@id\":\"https:\\\/\\\/lovme.pt\\\/index.php\\\/produto\\\/rocks-off-vibrador-duplo-gemini-estimulador-de-clitoris-ponto-g-roxo\\\/#primaryimage\"},\"thumbnailUrl\":\"https:\\\/\\\/erki24nd3ub.exactdn.com\\\/wp-content\\\/uploads\\\/dream\\\/img\\\/img_211314_db7b47ea0fba77e1bf3b1e6c2b073946_1.jpg?strip=all\",\"datePublished\":\"2025-09-30T22:07:52+00:00\",\"dateModified\":\"2026-02-19T20:09:14+00:00\",\"breadcrumb\":{\"@id\":\"https:\\\/\\\/lovme.pt\\\/index.php\\\/produto\\\/rocks-off-vibrador-duplo-gemini-estimulador-de-clitoris-ponto-g-roxo\\\/#breadcrumb\"},\"inLanguage\":\"pt-PT\",\"potentialAction\":[{\"@type\":\"ReadAction\",\"target\":[\"https:\\\/\\\/lovme.pt\\\/index.php\\\/produto\\\/rocks-off-vibrador-duplo-gemini-estimulador-de-clitoris-ponto-g-roxo\\\/\"]}]},{\"@type\":\"ImageObject\",\"inLanguage\":\"pt-PT\",\"@id\":\"https:\\\/\\\/lovme.pt\\\/index.php\\\/produto\\\/rocks-off-vibrador-duplo-gemini-estimulador-de-clitoris-ponto-g-roxo\\\/#primaryimage\",\"url\":\"https:\\\/\\\/erki24nd3ub.exactdn.com\\\/wp-content\\\/uploads\\\/dream\\\/img\\\/img_211314_db7b47ea0fba77e1bf3b1e6c2b073946_1.jpg?strip=all\",\"contentUrl\":\"https:\\\/\\\/erki24nd3ub.exactdn.com\\\/wp-content\\\/uploads\\\/dream\\\/img\\\/img_211314_db7b47ea0fba77e1bf3b1e6c2b073946_1.jpg?strip=all\",\"width\":900,\"height\":900},{\"@type\":\"BreadcrumbList\",\"@id\":\"https:\\\/\\\/lovme.pt\\\/index.php\\\/produto\\\/rocks-off-vibrador-duplo-gemini-estimulador-de-clitoris-ponto-g-roxo\\\/#breadcrumb\",\"itemListElement\":[{\"@type\":\"ListItem\",\"position\":1,\"name\":\"In\u00edcio\",\"item\":\"https:\\\/\\\/lovme.pt\\\/\"},{\"@type\":\"ListItem\",\"position\":2,\"name\":\"Loja\",\"item\":\"https:\\\/\\\/lovme.pt\\\/index.php\\\/loja\\\/\"},{\"@type\":\"ListItem\",\"position\":3,\"name\":\"ROCKS-OFF &#8211; VIBRADOR DUPLO GEMINI ESTIMULADOR DE CLIT\u00d3RIS PONTO G ROXO\"}]},{\"@type\":\"WebSite\",\"@id\":\"https:\\\/\\\/lovme.pt\\\/#website\",\"url\":\"https:\\\/\\\/lovme.pt\\\/\",\"name\":\"Lovme Loja Er\u00f3tica N\u00ba1 em Portugal\",\"description\":\"A melhor loja er\u00f3tica de Portugal.\",\"alternateName\":\"Loja Er\u00f3tica Lovme\",\"potentialAction\":[{\"@type\":\"SearchAction\",\"target\":{\"@type\":\"EntryPoint\",\"urlTemplate\":\"https:\\\/\\\/lovme.pt\\\/?s={search_term_string}\"},\"query-input\":{\"@type\":\"PropertyValueSpecification\",\"valueRequired\":true,\"valueName\":\"search_term_string\"}}],\"inLanguage\":\"pt-PT\"}]}<\/script>\n<!-- \/ Yoast SEO plugin. -->","yoast_head_json":{"title":"ROCKS-OFF - VIBRADOR DUPLO GEMINI ESTIMULADOR DE CLIT\u00d3RIS PONTO G ROXO - Lovme","robots":{"index":"index","follow":"follow","max-snippet":"max-snippet:-1","max-image-preview":"max-image-preview:large","max-video-preview":"max-video-preview:-1"},"canonical":"https:\/\/lovme.pt\/index.php\/produto\/rocks-off-vibrador-duplo-gemini-estimulador-de-clitoris-ponto-g-roxo\/","og_locale":"pt_PT","og_type":"article","og_title":"ROCKS-OFF - VIBRADOR DUPLO GEMINI ESTIMULADOR DE CLIT\u00d3RIS PONTO G ROXO - Lovme","og_description":"ROCKS-OFF - VIBRADOR DUPLO PONTO G E ESTIMULADOR DE CLIT\u00d3RIS GEMINI ROXO","og_url":"https:\/\/lovme.pt\/index.php\/produto\/rocks-off-vibrador-duplo-gemini-estimulador-de-clitoris-ponto-g-roxo\/","og_site_name":"Lovme","article_modified_time":"2026-02-19T20:09:14+00:00","og_image":[{"width":900,"height":900,"url":"https:\/\/erki24nd3ub.exactdn.com\/wp-content\/uploads\/dream\/img\/img_211314_db7b47ea0fba77e1bf3b1e6c2b073946_1.jpg?strip=all","type":"image\/jpeg"}],"twitter_card":"summary_large_image","twitter_misc":{"Tempo estimado de leitura":"1 minuto"},"schema":{"@context":"https:\/\/schema.org","@graph":[{"@type":"WebPage","@id":"https:\/\/lovme.pt\/index.php\/produto\/rocks-off-vibrador-duplo-gemini-estimulador-de-clitoris-ponto-g-roxo\/","url":"https:\/\/lovme.pt\/index.php\/produto\/rocks-off-vibrador-duplo-gemini-estimulador-de-clitoris-ponto-g-roxo\/","name":"ROCKS-OFF - VIBRADOR DUPLO GEMINI ESTIMULADOR DE CLIT\u00d3RIS PONTO G ROXO - Lovme","isPartOf":{"@id":"https:\/\/lovme.pt\/#website"},"primaryImageOfPage":{"@id":"https:\/\/lovme.pt\/index.php\/produto\/rocks-off-vibrador-duplo-gemini-estimulador-de-clitoris-ponto-g-roxo\/#primaryimage"},"image":{"@id":"https:\/\/lovme.pt\/index.php\/produto\/rocks-off-vibrador-duplo-gemini-estimulador-de-clitoris-ponto-g-roxo\/#primaryimage"},"thumbnailUrl":"https:\/\/erki24nd3ub.exactdn.com\/wp-content\/uploads\/dream\/img\/img_211314_db7b47ea0fba77e1bf3b1e6c2b073946_1.jpg?strip=all","datePublished":"2025-09-30T22:07:52+00:00","dateModified":"2026-02-19T20:09:14+00:00","breadcrumb":{"@id":"https:\/\/lovme.pt\/index.php\/produto\/rocks-off-vibrador-duplo-gemini-estimulador-de-clitoris-ponto-g-roxo\/#breadcrumb"},"inLanguage":"pt-PT","potentialAction":[{"@type":"ReadAction","target":["https:\/\/lovme.pt\/index.php\/produto\/rocks-off-vibrador-duplo-gemini-estimulador-de-clitoris-ponto-g-roxo\/"]}]},{"@type":"ImageObject","inLanguage":"pt-PT","@id":"https:\/\/lovme.pt\/index.php\/produto\/rocks-off-vibrador-duplo-gemini-estimulador-de-clitoris-ponto-g-roxo\/#primaryimage","url":"https:\/\/erki24nd3ub.exactdn.com\/wp-content\/uploads\/dream\/img\/img_211314_db7b47ea0fba77e1bf3b1e6c2b073946_1.jpg?strip=all","contentUrl":"https:\/\/erki24nd3ub.exactdn.com\/wp-content\/uploads\/dream\/img\/img_211314_db7b47ea0fba77e1bf3b1e6c2b073946_1.jpg?strip=all","width":900,"height":900},{"@type":"BreadcrumbList","@id":"https:\/\/lovme.pt\/index.php\/produto\/rocks-off-vibrador-duplo-gemini-estimulador-de-clitoris-ponto-g-roxo\/#breadcrumb","itemListElement":[{"@type":"ListItem","position":1,"name":"In\u00edcio","item":"https:\/\/lovme.pt\/"},{"@type":"ListItem","position":2,"name":"Loja","item":"https:\/\/lovme.pt\/index.php\/loja\/"},{"@type":"ListItem","position":3,"name":"ROCKS-OFF &#8211; VIBRADOR DUPLO GEMINI ESTIMULADOR DE CLIT\u00d3RIS PONTO G ROXO"}]},{"@type":"WebSite","@id":"https:\/\/lovme.pt\/#website","url":"https:\/\/lovme.pt\/","name":"Lovme Loja Er\u00f3tica N\u00ba1 em Portugal","description":"A melhor loja er\u00f3tica de Portugal.","alternateName":"Loja Er\u00f3tica Lovme","potentialAction":[{"@type":"SearchAction","target":{"@type":"EntryPoint","urlTemplate":"https:\/\/lovme.pt\/?s={search_term_string}"},"query-input":{"@type":"PropertyValueSpecification","valueRequired":true,"valueName":"search_term_string"}}],"inLanguage":"pt-PT"}]}},"_links":{"self":[{"href":"https:\/\/lovme.pt\/index.php\/wp-json\/wp\/v2\/product\/53164","targetHints":{"allow":["GET"]}}],"collection":[{"href":"https:\/\/lovme.pt\/index.php\/wp-json\/wp\/v2\/product"}],"about":[{"href":"https:\/\/lovme.pt\/index.php\/wp-json\/wp\/v2\/types\/product"}],"wp:featuredmedia":[{"embeddable":true,"href":"https:\/\/lovme.pt\/index.php\/wp-json\/wp\/v2\/media\/74259"}],"wp:attachment":[{"href":"https:\/\/lovme.pt\/index.php\/wp-json\/wp\/v2\/media?parent=53164"}],"wp:term":[{"taxonomy":"product_brand","embeddable":true,"href":"https:\/\/lovme.pt\/index.php\/wp-json\/wp\/v2\/product_brand?post=53164"},{"taxonomy":"product_cat","embeddable":true,"href":"https:\/\/lovme.pt\/index.php\/wp-json\/wp\/v2\/product_cat?post=53164"},{"taxonomy":"product_tag","embeddable":true,"href":"https:\/\/lovme.pt\/index.php\/wp-json\/wp\/v2\/product_tag?post=53164"}],"curies":[{"name":"wp","href":"https:\/\/api.w.org\/{rel}","templated":true}]}}