{"id":53163,"date":"2025-09-30T20:20:26","date_gmt":"2025-09-30T20:20:26","guid":{"rendered":"https:\/\/lovme.pt\/?post_type=product&p=53163"},"modified":"2026-02-19T20:07:46","modified_gmt":"2026-02-19T20:07:46","slug":"rocks-off-adaptador-de-vibrador-anal-e-de-prostata-preto","status":"publish","type":"product","link":"https:\/\/lovme.pt\/index.php\/produto\/rocks-off-adaptador-de-vibrador-anal-e-de-prostata-preto\/","title":{"rendered":"ROCKS-OFF &#8211; ADAPTADOR DE VIBRADOR ANAL E DE PR\u00d3STATA PRETO"},"content":{"rendered":"<p><strong>ROCKS-OFF  Vibrador Anal e de Pr\u00f3stata Adapt<\/strong><\/p>\n<p>Estimula\u00e7\u00e3o interna e externa com m\u00e1xima versatilidade.<br \/>O Rocks-Off Adapt \u00e9 um estimulador anal e de pr\u00f3stata com dois motores, projetado para proporcionar uma experi\u00eancia completa de prazer, tanto interna quanto externamente. Seu formato anat\u00f4mico, ergon\u00f4mico e flex\u00edvel se adapta precisamente ao corpo, permitindo a estimula\u00e7\u00e3o simult\u00e2nea do per\u00edneo e da pr\u00f3stata, bastando girar a al\u00e7a para encontrar o \u00e2ngulo perfeito.<\/p>\n<p>A tecnologia de haste ajust\u00e1vel permite ajustes f\u00e1ceis, transformando-o em um brinquedo de penetra\u00e7\u00e3o ideal tanto para brincadeiras individuais quanto em dupla. Seja na posi\u00e7\u00e3o central, inclinada para a esquerda ou para a direita, voc\u00ea pode ajustar o Adapt para atingir o \u00e2ngulo ideal e maximizar o prazer.<\/p>\n<p>Equipado com 10 fun\u00e7\u00f5es de vibra\u00e7\u00e3o e dois motores potentes, oferece estimula\u00e7\u00e3o profunda e consistente. Seu design \u00e9 totalmente \u00e0 prova d\u00e1gua (IPX7) e recarreg\u00e1vel via USB, facilitando a limpeza e sendo adequado para uso em ambientes \u00famidos.<\/p>\n<p><u><em><strong>Recursos em destaque:<\/strong><\/em><\/u><\/p>\n<ul>\n<li>Motor duplo para estimula\u00e7\u00e3o simult\u00e2nea da pr\u00f3stata, per\u00edneo e \u00e1rea anal<\/li>\n<li>Eixo flex\u00edvel que se ajusta a tr\u00eas posi\u00e7\u00f5es (centro, esquerda, direita)<\/li>\n<li>Pode ser usado como um massageador com movimento de empurr\u00e3o<\/li>\n<li>Silicone de grau m\u00e9dico com acabamento suave e seguro para o corpo<\/li>\n<li>Recarreg\u00e1vel por USB, sem necessidade de pilhas<\/li>\n<li>\u00c0 prova d\u00e1gua (IPX7), ideal para uso no chuveiro ou na banheira<\/li>\n<li>Tempo de carregamento: 1 hora e 30 minutos<\/li>\n<li>Tempo de uso: at\u00e9 1 hora e 30 minutos<\/li>\n<\/ul>\n<p><u><em><strong>Especifica\u00e7\u00f5es:<\/strong><\/em><\/u><\/p>\n<ul>\n<li>Tamanho: 192 mm x 39 mm x 37 mm<\/li>\n<li>Peso: 158 g<\/li>\n<li>Material: Silicone + Pl\u00e1stico ABS<\/li>\n<\/ul>\n<p>Adapt redefine o prazer masculino com inova\u00e7\u00e3o, versatilidade e precis\u00e3o, projetado para aqueles que buscam experi\u00eancias intensas com controle total.<\/p>\n","protected":false},"excerpt":{"rendered":"<p>ROCKS-OFF &#8211; ADAPTADOR DE VIBRADOR ANAL E DE PR\u00d3STATA PRETO<\/p>\n","protected":false},"featured_media":67598,"template":"","meta":{"_acf_changed":false},"product_brand":[],"product_cat":[17,62,63],"product_tag":[],"class_list":{"0":"post-53163","1":"product","2":"type-product","3":"status-publish","4":"has-post-thumbnail","6":"product_cat-brinquedos-de-bem-estar-sexual","7":"product_cat-plugues-e-correntes-anais","8":"product_cat-sexo-anal","9":"yith_product_brand-rocks-off","11":"first","12":"instock","13":"taxable","14":"shipping-taxable","15":"purchasable","16":"product-type-simple"},"acf":[],"yoast_head":"<!-- This site is optimized with the Yoast SEO plugin v27.4 - https:\/\/yoast.com\/product\/yoast-seo-wordpress\/ -->\n<title>ROCKS-OFF - ADAPTADOR DE VIBRADOR ANAL E DE PR\u00d3STATA PRETO - Lovme<\/title>\n<meta name=\"robots\" content=\"index, follow, max-snippet:-1, max-image-preview:large, max-video-preview:-1\" \/>\n<link rel=\"canonical\" href=\"https:\/\/lovme.pt\/index.php\/produto\/rocks-off-adaptador-de-vibrador-anal-e-de-prostata-preto\/\" \/>\n<meta property=\"og:locale\" content=\"pt_PT\" \/>\n<meta property=\"og:type\" content=\"article\" \/>\n<meta property=\"og:title\" content=\"ROCKS-OFF - ADAPTADOR DE VIBRADOR ANAL E DE PR\u00d3STATA PRETO - Lovme\" \/>\n<meta property=\"og:description\" content=\"ROCKS-OFF - ADAPTADOR DE VIBRADOR ANAL E DE PR\u00d3STATA PRETO\" \/>\n<meta property=\"og:url\" content=\"https:\/\/lovme.pt\/index.php\/produto\/rocks-off-adaptador-de-vibrador-anal-e-de-prostata-preto\/\" \/>\n<meta property=\"og:site_name\" content=\"Lovme\" \/>\n<meta property=\"article:modified_time\" content=\"2026-02-19T20:07:46+00:00\" \/>\n<meta property=\"og:image\" content=\"https:\/\/erki24nd3ub.exactdn.com\/wp-content\/uploads\/dream\/img\/img_211318_89ea67faacc0a4c1a9ed750cae3ace72_1.jpg?strip=all\" \/>\n\t<meta property=\"og:image:width\" content=\"900\" \/>\n\t<meta property=\"og:image:height\" content=\"900\" \/>\n\t<meta property=\"og:image:type\" content=\"image\/jpeg\" \/>\n<meta name=\"twitter:card\" content=\"summary_large_image\" \/>\n<meta name=\"twitter:label1\" content=\"Tempo estimado de leitura\" \/>\n\t<meta name=\"twitter:data1\" content=\"1 minuto\" \/>\n<script type=\"application\/ld+json\" class=\"yoast-schema-graph\">{\"@context\":\"https:\\\/\\\/schema.org\",\"@graph\":[{\"@type\":\"WebPage\",\"@id\":\"https:\\\/\\\/lovme.pt\\\/index.php\\\/produto\\\/rocks-off-adaptador-de-vibrador-anal-e-de-prostata-preto\\\/\",\"url\":\"https:\\\/\\\/lovme.pt\\\/index.php\\\/produto\\\/rocks-off-adaptador-de-vibrador-anal-e-de-prostata-preto\\\/\",\"name\":\"ROCKS-OFF - ADAPTADOR DE VIBRADOR ANAL E DE PR\u00d3STATA PRETO - Lovme\",\"isPartOf\":{\"@id\":\"https:\\\/\\\/lovme.pt\\\/#website\"},\"primaryImageOfPage\":{\"@id\":\"https:\\\/\\\/lovme.pt\\\/index.php\\\/produto\\\/rocks-off-adaptador-de-vibrador-anal-e-de-prostata-preto\\\/#primaryimage\"},\"image\":{\"@id\":\"https:\\\/\\\/lovme.pt\\\/index.php\\\/produto\\\/rocks-off-adaptador-de-vibrador-anal-e-de-prostata-preto\\\/#primaryimage\"},\"thumbnailUrl\":\"https:\\\/\\\/erki24nd3ub.exactdn.com\\\/wp-content\\\/uploads\\\/dream\\\/img\\\/img_211318_89ea67faacc0a4c1a9ed750cae3ace72_1.jpg?strip=all\",\"datePublished\":\"2025-09-30T20:20:26+00:00\",\"dateModified\":\"2026-02-19T20:07:46+00:00\",\"breadcrumb\":{\"@id\":\"https:\\\/\\\/lovme.pt\\\/index.php\\\/produto\\\/rocks-off-adaptador-de-vibrador-anal-e-de-prostata-preto\\\/#breadcrumb\"},\"inLanguage\":\"pt-PT\",\"potentialAction\":[{\"@type\":\"ReadAction\",\"target\":[\"https:\\\/\\\/lovme.pt\\\/index.php\\\/produto\\\/rocks-off-adaptador-de-vibrador-anal-e-de-prostata-preto\\\/\"]}]},{\"@type\":\"ImageObject\",\"inLanguage\":\"pt-PT\",\"@id\":\"https:\\\/\\\/lovme.pt\\\/index.php\\\/produto\\\/rocks-off-adaptador-de-vibrador-anal-e-de-prostata-preto\\\/#primaryimage\",\"url\":\"https:\\\/\\\/erki24nd3ub.exactdn.com\\\/wp-content\\\/uploads\\\/dream\\\/img\\\/img_211318_89ea67faacc0a4c1a9ed750cae3ace72_1.jpg?strip=all\",\"contentUrl\":\"https:\\\/\\\/erki24nd3ub.exactdn.com\\\/wp-content\\\/uploads\\\/dream\\\/img\\\/img_211318_89ea67faacc0a4c1a9ed750cae3ace72_1.jpg?strip=all\",\"width\":900,\"height\":900},{\"@type\":\"BreadcrumbList\",\"@id\":\"https:\\\/\\\/lovme.pt\\\/index.php\\\/produto\\\/rocks-off-adaptador-de-vibrador-anal-e-de-prostata-preto\\\/#breadcrumb\",\"itemListElement\":[{\"@type\":\"ListItem\",\"position\":1,\"name\":\"In\u00edcio\",\"item\":\"https:\\\/\\\/lovme.pt\\\/\"},{\"@type\":\"ListItem\",\"position\":2,\"name\":\"Loja\",\"item\":\"https:\\\/\\\/lovme.pt\\\/index.php\\\/loja\\\/\"},{\"@type\":\"ListItem\",\"position\":3,\"name\":\"ROCKS-OFF &#8211; ADAPTADOR DE VIBRADOR ANAL E DE PR\u00d3STATA PRETO\"}]},{\"@type\":\"WebSite\",\"@id\":\"https:\\\/\\\/lovme.pt\\\/#website\",\"url\":\"https:\\\/\\\/lovme.pt\\\/\",\"name\":\"Lovme Loja Er\u00f3tica N\u00ba1 em Portugal\",\"description\":\"A melhor loja er\u00f3tica de Portugal.\",\"alternateName\":\"Loja Er\u00f3tica Lovme\",\"potentialAction\":[{\"@type\":\"SearchAction\",\"target\":{\"@type\":\"EntryPoint\",\"urlTemplate\":\"https:\\\/\\\/lovme.pt\\\/?s={search_term_string}\"},\"query-input\":{\"@type\":\"PropertyValueSpecification\",\"valueRequired\":true,\"valueName\":\"search_term_string\"}}],\"inLanguage\":\"pt-PT\"}]}<\/script>\n<!-- \/ Yoast SEO plugin. -->","yoast_head_json":{"title":"ROCKS-OFF - ADAPTADOR DE VIBRADOR ANAL E DE PR\u00d3STATA PRETO - Lovme","robots":{"index":"index","follow":"follow","max-snippet":"max-snippet:-1","max-image-preview":"max-image-preview:large","max-video-preview":"max-video-preview:-1"},"canonical":"https:\/\/lovme.pt\/index.php\/produto\/rocks-off-adaptador-de-vibrador-anal-e-de-prostata-preto\/","og_locale":"pt_PT","og_type":"article","og_title":"ROCKS-OFF - ADAPTADOR DE VIBRADOR ANAL E DE PR\u00d3STATA PRETO - Lovme","og_description":"ROCKS-OFF - ADAPTADOR DE VIBRADOR ANAL E DE PR\u00d3STATA PRETO","og_url":"https:\/\/lovme.pt\/index.php\/produto\/rocks-off-adaptador-de-vibrador-anal-e-de-prostata-preto\/","og_site_name":"Lovme","article_modified_time":"2026-02-19T20:07:46+00:00","og_image":[{"width":900,"height":900,"url":"https:\/\/erki24nd3ub.exactdn.com\/wp-content\/uploads\/dream\/img\/img_211318_89ea67faacc0a4c1a9ed750cae3ace72_1.jpg?strip=all","type":"image\/jpeg"}],"twitter_card":"summary_large_image","twitter_misc":{"Tempo estimado de leitura":"1 minuto"},"schema":{"@context":"https:\/\/schema.org","@graph":[{"@type":"WebPage","@id":"https:\/\/lovme.pt\/index.php\/produto\/rocks-off-adaptador-de-vibrador-anal-e-de-prostata-preto\/","url":"https:\/\/lovme.pt\/index.php\/produto\/rocks-off-adaptador-de-vibrador-anal-e-de-prostata-preto\/","name":"ROCKS-OFF - ADAPTADOR DE VIBRADOR ANAL E DE PR\u00d3STATA PRETO - Lovme","isPartOf":{"@id":"https:\/\/lovme.pt\/#website"},"primaryImageOfPage":{"@id":"https:\/\/lovme.pt\/index.php\/produto\/rocks-off-adaptador-de-vibrador-anal-e-de-prostata-preto\/#primaryimage"},"image":{"@id":"https:\/\/lovme.pt\/index.php\/produto\/rocks-off-adaptador-de-vibrador-anal-e-de-prostata-preto\/#primaryimage"},"thumbnailUrl":"https:\/\/erki24nd3ub.exactdn.com\/wp-content\/uploads\/dream\/img\/img_211318_89ea67faacc0a4c1a9ed750cae3ace72_1.jpg?strip=all","datePublished":"2025-09-30T20:20:26+00:00","dateModified":"2026-02-19T20:07:46+00:00","breadcrumb":{"@id":"https:\/\/lovme.pt\/index.php\/produto\/rocks-off-adaptador-de-vibrador-anal-e-de-prostata-preto\/#breadcrumb"},"inLanguage":"pt-PT","potentialAction":[{"@type":"ReadAction","target":["https:\/\/lovme.pt\/index.php\/produto\/rocks-off-adaptador-de-vibrador-anal-e-de-prostata-preto\/"]}]},{"@type":"ImageObject","inLanguage":"pt-PT","@id":"https:\/\/lovme.pt\/index.php\/produto\/rocks-off-adaptador-de-vibrador-anal-e-de-prostata-preto\/#primaryimage","url":"https:\/\/erki24nd3ub.exactdn.com\/wp-content\/uploads\/dream\/img\/img_211318_89ea67faacc0a4c1a9ed750cae3ace72_1.jpg?strip=all","contentUrl":"https:\/\/erki24nd3ub.exactdn.com\/wp-content\/uploads\/dream\/img\/img_211318_89ea67faacc0a4c1a9ed750cae3ace72_1.jpg?strip=all","width":900,"height":900},{"@type":"BreadcrumbList","@id":"https:\/\/lovme.pt\/index.php\/produto\/rocks-off-adaptador-de-vibrador-anal-e-de-prostata-preto\/#breadcrumb","itemListElement":[{"@type":"ListItem","position":1,"name":"In\u00edcio","item":"https:\/\/lovme.pt\/"},{"@type":"ListItem","position":2,"name":"Loja","item":"https:\/\/lovme.pt\/index.php\/loja\/"},{"@type":"ListItem","position":3,"name":"ROCKS-OFF &#8211; ADAPTADOR DE VIBRADOR ANAL E DE PR\u00d3STATA PRETO"}]},{"@type":"WebSite","@id":"https:\/\/lovme.pt\/#website","url":"https:\/\/lovme.pt\/","name":"Lovme Loja Er\u00f3tica N\u00ba1 em Portugal","description":"A melhor loja er\u00f3tica de Portugal.","alternateName":"Loja Er\u00f3tica Lovme","potentialAction":[{"@type":"SearchAction","target":{"@type":"EntryPoint","urlTemplate":"https:\/\/lovme.pt\/?s={search_term_string}"},"query-input":{"@type":"PropertyValueSpecification","valueRequired":true,"valueName":"search_term_string"}}],"inLanguage":"pt-PT"}]}},"_links":{"self":[{"href":"https:\/\/lovme.pt\/index.php\/wp-json\/wp\/v2\/product\/53163","targetHints":{"allow":["GET"]}}],"collection":[{"href":"https:\/\/lovme.pt\/index.php\/wp-json\/wp\/v2\/product"}],"about":[{"href":"https:\/\/lovme.pt\/index.php\/wp-json\/wp\/v2\/types\/product"}],"wp:featuredmedia":[{"embeddable":true,"href":"https:\/\/lovme.pt\/index.php\/wp-json\/wp\/v2\/media\/67598"}],"wp:attachment":[{"href":"https:\/\/lovme.pt\/index.php\/wp-json\/wp\/v2\/media?parent=53163"}],"wp:term":[{"taxonomy":"product_brand","embeddable":true,"href":"https:\/\/lovme.pt\/index.php\/wp-json\/wp\/v2\/product_brand?post=53163"},{"taxonomy":"product_cat","embeddable":true,"href":"https:\/\/lovme.pt\/index.php\/wp-json\/wp\/v2\/product_cat?post=53163"},{"taxonomy":"product_tag","embeddable":true,"href":"https:\/\/lovme.pt\/index.php\/wp-json\/wp\/v2\/product_tag?post=53163"}],"curies":[{"name":"wp","href":"https:\/\/api.w.org\/{rel}","templated":true}]}}