{"id":53158,"date":"2025-10-01T02:09:05","date_gmt":"2025-10-01T02:09:05","guid":{"rendered":"https:\/\/lovme.pt\/?post_type=product&p=53158"},"modified":"2026-02-19T20:18:30","modified_gmt":"2026-02-19T20:18:30","slug":"lelo-caixa-de-preservativos-organicos-hex-3-unidades","status":"publish","type":"product","link":"https:\/\/lovme.pt\/index.php\/produto\/lelo-caixa-de-preservativos-organicos-hex-3-unidades\/","title":{"rendered":"LELO &#8211; CAIXA DE PRESERVATIVOS ORG\u00c2NICOS HEX 3 UNIDADES"},"content":{"rendered":"<p><strong>LELO HEX\u2122 Organic<\/strong> \u00e9 um preservativo revolucion\u00e1rio para prote\u00e7\u00e3o \u00edntima, oferecendo o equil\u00edbrio perfeito entre seguran\u00e7a, responsabilidade ambiental e luxo. Enriquecido com L-arginina, um amino\u00e1cido natural que ajuda a estimular o fluxo sangu\u00edneo, este preservativo pode proporcionar ere\u00e7\u00f5es mais firmes e duradouras, proporcionando uma experi\u00eancia mais responsiva. Feito com l\u00e1tex de origem org\u00e2nica, \u00e9 ideal para quem busca uma experi\u00eancia mais pura e natural sem abrir m\u00e3o do prazer.<\/p>\n<p> Seguro e sensual, <strong>o LELO HEX\u2122 Organic<\/strong> \u00e9 o seu preservativo redefinido.<\/p>\n<ul>\n<li> <strong><u><em>L\u00c1TEX DE ORIGEM ORG\u00c2NICA:<\/em><\/u><\/strong> Feito com l\u00e1tex de origem org\u00e2nica e criado por meio de pr\u00e1ticas ecologicamente corretas, este preservativo garante que seu prazer n\u00e3o seja \u00e0s custas do planeta.<\/li>\n<li> <u><em><strong>L-ARGININA:<\/strong><\/em><\/u> A L-arginina promove o aumento do fluxo sangu\u00edneo na \u00e1rea genital e ajuda a aumentar o tamanho e a firmeza das ere\u00e7\u00f5es. Tamb\u00e9m pode diminuir os efeitos da disfun\u00e7\u00e3o er\u00e9til e ajudar a aumentar a sensibilidade.<\/li>\n<li> <u><em><strong>ESTRUTURA HEXAGONAL:<\/strong><\/em><\/u> Um design inovador com 350 pequenos hex\u00e1gonos \u2014 o s\u00edmbolo m\u00e1ximo de beleza e resili\u00eancia da natureza. \u00c9 uma revolu\u00e7\u00e3o no prazer que proporciona uma sensa\u00e7\u00e3o sens\u00edvel e pr\u00f3xima, al\u00e9m de um ajuste seguro.<\/li>\n<\/ul>\n<p> <strong>USANDO LELO HEXTM ORG\u00c2NICO:<\/strong><\/p>\n<ul>\n<li> <u>PASSO 1 &#8211; Abra com cuidado:<\/u> rasgue delicadamente a embalagem do preservativo.<\/li>\n<li> <u>PASSO 2 &#8211; Aplique:<\/u> aperte a ponta para deixar espa\u00e7o e role-a suavemente sobre um p\u00eanis ereto ou brinquedo sexual.<\/li>\n<li> <u>PASSO 3 &#8211; Aproveite e descarte:<\/u> O l\u00e1tex org\u00e2nico \u00e9 biodegrad\u00e1vel, mas os preservativos ainda devem ser descartados no lixo (n\u00e3o no vaso sanit\u00e1rio). Ap\u00f3s o uso, remova-os com cuidado, amarre-os e embrulhe-os em papel de seda antes de descart\u00e1-los.<\/li>\n<\/ul>\n","protected":false},"excerpt":{"rendered":"<p>LELO &#8211; CAIXA DE PRESERVATIVOS ORG\u00c2NICOS HEX 3 UNIDADES<\/p>\n","protected":false},"featured_media":95141,"template":"","meta":{"_acf_changed":false},"product_brand":[],"product_cat":[73],"product_tag":[],"class_list":{"0":"post-53158","1":"product","2":"type-product","3":"status-publish","4":"has-post-thumbnail","6":"product_cat-preservativos","7":"yith_product_brand-lelo","9":"first","10":"instock","11":"taxable","12":"shipping-taxable","13":"purchasable","14":"product-type-simple"},"acf":[],"yoast_head":"<!-- This site is optimized with the Yoast SEO plugin v27.4 - https:\/\/yoast.com\/product\/yoast-seo-wordpress\/ -->\n<title>LELO - CAIXA DE PRESERVATIVOS ORG\u00c2NICOS HEX 3 UNIDADES - Lovme<\/title>\n<meta name=\"robots\" content=\"index, follow, max-snippet:-1, max-image-preview:large, max-video-preview:-1\" \/>\n<link rel=\"canonical\" href=\"https:\/\/lovme.pt\/index.php\/produto\/lelo-caixa-de-preservativos-organicos-hex-3-unidades\/\" \/>\n<meta property=\"og:locale\" content=\"pt_PT\" \/>\n<meta property=\"og:type\" content=\"article\" \/>\n<meta property=\"og:title\" content=\"LELO - CAIXA DE PRESERVATIVOS ORG\u00c2NICOS HEX 3 UNIDADES - Lovme\" \/>\n<meta property=\"og:description\" content=\"LELO - CAIXA DE PRESERVATIVOS ORG\u00c2NICOS HEX 3 UNIDADES\" \/>\n<meta property=\"og:url\" content=\"https:\/\/lovme.pt\/index.php\/produto\/lelo-caixa-de-preservativos-organicos-hex-3-unidades\/\" \/>\n<meta property=\"og:site_name\" content=\"Lovme\" \/>\n<meta property=\"article:modified_time\" content=\"2026-02-19T20:18:30+00:00\" \/>\n<meta property=\"og:image\" content=\"https:\/\/erki24nd3ub.exactdn.com\/wp-content\/uploads\/dream\/img\/img_210857_6318ec5e74f944e3a71b6a6cee13d70b_1.jpg?strip=all\" \/>\n\t<meta property=\"og:image:width\" content=\"900\" \/>\n\t<meta property=\"og:image:height\" content=\"900\" \/>\n\t<meta property=\"og:image:type\" content=\"image\/jpeg\" \/>\n<meta name=\"twitter:card\" content=\"summary_large_image\" \/>\n<meta name=\"twitter:label1\" content=\"Tempo estimado de leitura\" \/>\n\t<meta name=\"twitter:data1\" content=\"1 minuto\" \/>\n<script type=\"application\/ld+json\" class=\"yoast-schema-graph\">{\"@context\":\"https:\\\/\\\/schema.org\",\"@graph\":[{\"@type\":\"WebPage\",\"@id\":\"https:\\\/\\\/lovme.pt\\\/index.php\\\/produto\\\/lelo-caixa-de-preservativos-organicos-hex-3-unidades\\\/\",\"url\":\"https:\\\/\\\/lovme.pt\\\/index.php\\\/produto\\\/lelo-caixa-de-preservativos-organicos-hex-3-unidades\\\/\",\"name\":\"LELO - CAIXA DE PRESERVATIVOS ORG\u00c2NICOS HEX 3 UNIDADES - Lovme\",\"isPartOf\":{\"@id\":\"https:\\\/\\\/lovme.pt\\\/#website\"},\"primaryImageOfPage\":{\"@id\":\"https:\\\/\\\/lovme.pt\\\/index.php\\\/produto\\\/lelo-caixa-de-preservativos-organicos-hex-3-unidades\\\/#primaryimage\"},\"image\":{\"@id\":\"https:\\\/\\\/lovme.pt\\\/index.php\\\/produto\\\/lelo-caixa-de-preservativos-organicos-hex-3-unidades\\\/#primaryimage\"},\"thumbnailUrl\":\"https:\\\/\\\/erki24nd3ub.exactdn.com\\\/wp-content\\\/uploads\\\/dream\\\/img\\\/img_210857_6318ec5e74f944e3a71b6a6cee13d70b_1.jpg?strip=all\",\"datePublished\":\"2025-10-01T02:09:05+00:00\",\"dateModified\":\"2026-02-19T20:18:30+00:00\",\"breadcrumb\":{\"@id\":\"https:\\\/\\\/lovme.pt\\\/index.php\\\/produto\\\/lelo-caixa-de-preservativos-organicos-hex-3-unidades\\\/#breadcrumb\"},\"inLanguage\":\"pt-PT\",\"potentialAction\":[{\"@type\":\"ReadAction\",\"target\":[\"https:\\\/\\\/lovme.pt\\\/index.php\\\/produto\\\/lelo-caixa-de-preservativos-organicos-hex-3-unidades\\\/\"]}]},{\"@type\":\"ImageObject\",\"inLanguage\":\"pt-PT\",\"@id\":\"https:\\\/\\\/lovme.pt\\\/index.php\\\/produto\\\/lelo-caixa-de-preservativos-organicos-hex-3-unidades\\\/#primaryimage\",\"url\":\"https:\\\/\\\/erki24nd3ub.exactdn.com\\\/wp-content\\\/uploads\\\/dream\\\/img\\\/img_210857_6318ec5e74f944e3a71b6a6cee13d70b_1.jpg?strip=all\",\"contentUrl\":\"https:\\\/\\\/erki24nd3ub.exactdn.com\\\/wp-content\\\/uploads\\\/dream\\\/img\\\/img_210857_6318ec5e74f944e3a71b6a6cee13d70b_1.jpg?strip=all\",\"width\":900,\"height\":900},{\"@type\":\"BreadcrumbList\",\"@id\":\"https:\\\/\\\/lovme.pt\\\/index.php\\\/produto\\\/lelo-caixa-de-preservativos-organicos-hex-3-unidades\\\/#breadcrumb\",\"itemListElement\":[{\"@type\":\"ListItem\",\"position\":1,\"name\":\"In\u00edcio\",\"item\":\"https:\\\/\\\/lovme.pt\\\/\"},{\"@type\":\"ListItem\",\"position\":2,\"name\":\"Loja\",\"item\":\"https:\\\/\\\/lovme.pt\\\/index.php\\\/loja\\\/\"},{\"@type\":\"ListItem\",\"position\":3,\"name\":\"LELO &#8211; CAIXA DE PRESERVATIVOS ORG\u00c2NICOS HEX 3 UNIDADES\"}]},{\"@type\":\"WebSite\",\"@id\":\"https:\\\/\\\/lovme.pt\\\/#website\",\"url\":\"https:\\\/\\\/lovme.pt\\\/\",\"name\":\"Lovme Loja Er\u00f3tica N\u00ba1 em Portugal\",\"description\":\"A melhor loja er\u00f3tica de Portugal.\",\"alternateName\":\"Loja Er\u00f3tica Lovme\",\"potentialAction\":[{\"@type\":\"SearchAction\",\"target\":{\"@type\":\"EntryPoint\",\"urlTemplate\":\"https:\\\/\\\/lovme.pt\\\/?s={search_term_string}\"},\"query-input\":{\"@type\":\"PropertyValueSpecification\",\"valueRequired\":true,\"valueName\":\"search_term_string\"}}],\"inLanguage\":\"pt-PT\"}]}<\/script>\n<!-- \/ Yoast SEO plugin. -->","yoast_head_json":{"title":"LELO - CAIXA DE PRESERVATIVOS ORG\u00c2NICOS HEX 3 UNIDADES - Lovme","robots":{"index":"index","follow":"follow","max-snippet":"max-snippet:-1","max-image-preview":"max-image-preview:large","max-video-preview":"max-video-preview:-1"},"canonical":"https:\/\/lovme.pt\/index.php\/produto\/lelo-caixa-de-preservativos-organicos-hex-3-unidades\/","og_locale":"pt_PT","og_type":"article","og_title":"LELO - CAIXA DE PRESERVATIVOS ORG\u00c2NICOS HEX 3 UNIDADES - Lovme","og_description":"LELO - CAIXA DE PRESERVATIVOS ORG\u00c2NICOS HEX 3 UNIDADES","og_url":"https:\/\/lovme.pt\/index.php\/produto\/lelo-caixa-de-preservativos-organicos-hex-3-unidades\/","og_site_name":"Lovme","article_modified_time":"2026-02-19T20:18:30+00:00","og_image":[{"width":900,"height":900,"url":"https:\/\/erki24nd3ub.exactdn.com\/wp-content\/uploads\/dream\/img\/img_210857_6318ec5e74f944e3a71b6a6cee13d70b_1.jpg?strip=all","type":"image\/jpeg"}],"twitter_card":"summary_large_image","twitter_misc":{"Tempo estimado de leitura":"1 minuto"},"schema":{"@context":"https:\/\/schema.org","@graph":[{"@type":"WebPage","@id":"https:\/\/lovme.pt\/index.php\/produto\/lelo-caixa-de-preservativos-organicos-hex-3-unidades\/","url":"https:\/\/lovme.pt\/index.php\/produto\/lelo-caixa-de-preservativos-organicos-hex-3-unidades\/","name":"LELO - CAIXA DE PRESERVATIVOS ORG\u00c2NICOS HEX 3 UNIDADES - Lovme","isPartOf":{"@id":"https:\/\/lovme.pt\/#website"},"primaryImageOfPage":{"@id":"https:\/\/lovme.pt\/index.php\/produto\/lelo-caixa-de-preservativos-organicos-hex-3-unidades\/#primaryimage"},"image":{"@id":"https:\/\/lovme.pt\/index.php\/produto\/lelo-caixa-de-preservativos-organicos-hex-3-unidades\/#primaryimage"},"thumbnailUrl":"https:\/\/erki24nd3ub.exactdn.com\/wp-content\/uploads\/dream\/img\/img_210857_6318ec5e74f944e3a71b6a6cee13d70b_1.jpg?strip=all","datePublished":"2025-10-01T02:09:05+00:00","dateModified":"2026-02-19T20:18:30+00:00","breadcrumb":{"@id":"https:\/\/lovme.pt\/index.php\/produto\/lelo-caixa-de-preservativos-organicos-hex-3-unidades\/#breadcrumb"},"inLanguage":"pt-PT","potentialAction":[{"@type":"ReadAction","target":["https:\/\/lovme.pt\/index.php\/produto\/lelo-caixa-de-preservativos-organicos-hex-3-unidades\/"]}]},{"@type":"ImageObject","inLanguage":"pt-PT","@id":"https:\/\/lovme.pt\/index.php\/produto\/lelo-caixa-de-preservativos-organicos-hex-3-unidades\/#primaryimage","url":"https:\/\/erki24nd3ub.exactdn.com\/wp-content\/uploads\/dream\/img\/img_210857_6318ec5e74f944e3a71b6a6cee13d70b_1.jpg?strip=all","contentUrl":"https:\/\/erki24nd3ub.exactdn.com\/wp-content\/uploads\/dream\/img\/img_210857_6318ec5e74f944e3a71b6a6cee13d70b_1.jpg?strip=all","width":900,"height":900},{"@type":"BreadcrumbList","@id":"https:\/\/lovme.pt\/index.php\/produto\/lelo-caixa-de-preservativos-organicos-hex-3-unidades\/#breadcrumb","itemListElement":[{"@type":"ListItem","position":1,"name":"In\u00edcio","item":"https:\/\/lovme.pt\/"},{"@type":"ListItem","position":2,"name":"Loja","item":"https:\/\/lovme.pt\/index.php\/loja\/"},{"@type":"ListItem","position":3,"name":"LELO &#8211; CAIXA DE PRESERVATIVOS ORG\u00c2NICOS HEX 3 UNIDADES"}]},{"@type":"WebSite","@id":"https:\/\/lovme.pt\/#website","url":"https:\/\/lovme.pt\/","name":"Lovme Loja Er\u00f3tica N\u00ba1 em Portugal","description":"A melhor loja er\u00f3tica de Portugal.","alternateName":"Loja Er\u00f3tica Lovme","potentialAction":[{"@type":"SearchAction","target":{"@type":"EntryPoint","urlTemplate":"https:\/\/lovme.pt\/?s={search_term_string}"},"query-input":{"@type":"PropertyValueSpecification","valueRequired":true,"valueName":"search_term_string"}}],"inLanguage":"pt-PT"}]}},"_links":{"self":[{"href":"https:\/\/lovme.pt\/index.php\/wp-json\/wp\/v2\/product\/53158","targetHints":{"allow":["GET"]}}],"collection":[{"href":"https:\/\/lovme.pt\/index.php\/wp-json\/wp\/v2\/product"}],"about":[{"href":"https:\/\/lovme.pt\/index.php\/wp-json\/wp\/v2\/types\/product"}],"wp:featuredmedia":[{"embeddable":true,"href":"https:\/\/lovme.pt\/index.php\/wp-json\/wp\/v2\/media\/95141"}],"wp:attachment":[{"href":"https:\/\/lovme.pt\/index.php\/wp-json\/wp\/v2\/media?parent=53158"}],"wp:term":[{"taxonomy":"product_brand","embeddable":true,"href":"https:\/\/lovme.pt\/index.php\/wp-json\/wp\/v2\/product_brand?post=53158"},{"taxonomy":"product_cat","embeddable":true,"href":"https:\/\/lovme.pt\/index.php\/wp-json\/wp\/v2\/product_cat?post=53158"},{"taxonomy":"product_tag","embeddable":true,"href":"https:\/\/lovme.pt\/index.php\/wp-json\/wp\/v2\/product_tag?post=53158"}],"curies":[{"name":"wp","href":"https:\/\/api.w.org\/{rel}","templated":true}]}}