{"id":53152,"date":"2025-09-30T20:16:44","date_gmt":"2025-09-30T20:16:44","guid":{"rendered":"https:\/\/lovme.pt\/?post_type=product&p=53152"},"modified":"2026-02-19T20:07:34","modified_gmt":"2026-02-19T20:07:34","slug":"satisfyer-vibrador-anal-absolute-beginners-1-plug","status":"publish","type":"product","link":"https:\/\/lovme.pt\/index.php\/produto\/satisfyer-vibrador-anal-absolute-beginners-1-plug\/","title":{"rendered":"SATISFYER &#8211; VIBRADOR ANAL ABSOLUTE BEGINNERS 1 PLUG"},"content":{"rendered":"<p><strong>Satisfyer Booty Absolute Beginners 1<\/strong> , 7,5 cm. Sexo anal \u00e9 um assunto que voc\u00ea ainda n\u00e3o ousou abordar? O Satisfyer Booty Absolute Beginners 1 est\u00e1 aqui para te apresentar o mundo do sexo anal  com calma e no seu pr\u00f3prio ritmo, \u00e9 claro! Se voc\u00ea disser A(nal), voc\u00ea deve dizer B(ooty).<\/p>\n<p> O <strong>Satisfyer Booty Absolute Beginners 1<\/strong> \u00e9 um plug anal vibrat\u00f3rio especialmente adequado para iniciantes e treinamento anal. O pequeno plug com sua ponta suavemente arredondada \u00e9 muito f\u00e1cil de inserir gra\u00e7as ao seu formato c\u00f4nico. O silicone macio e suave ao corpo tamb\u00e9m ajuda a tornar a inser\u00e7\u00e3o o mais confort\u00e1vel poss\u00edvel &#8211; uma sensa\u00e7\u00e3o fant\u00e1stica! No entanto, voc\u00ea tamb\u00e9m deve usar um lubrificante anal especial ou \u00e0 base de \u00e1gua, pois sua entrada anal n\u00e3o produz umidade por conta pr\u00f3pria. Constru\u00e7\u00e3o generosa para sua seguran\u00e7a O que tamb\u00e9m torna o Booty Absolute Beginners 1 t\u00e3o perfeito para qualquer pessoa sem experi\u00eancia anal anterior \u00e9 sua base generosa. Desta forma, voc\u00ea pode relaxar e desfrutar da sensa\u00e7\u00e3o agrad\u00e1vel que o plug lhe proporciona. Assim, voc\u00ea n\u00e3o ter\u00e1 que se preocupar com nada desaparecendo no lugar errado!<\/p>\n<p> Temos 12 programas de vibra\u00e7\u00e3o variados para tornar os seus sonhos anais realidade. Este pequeno dispositivo de prazer tamb\u00e9m \u00e9 \u00e0 prova d\u00e1gua (IPX7) e ir\u00e1 acompanh\u00e1-lo alegremente no chuveiro ou na banheira. D\u00ea-lhe um pouco de pot\u00eancia! O seu <strong>Satisfyer<\/strong> est\u00e1 equipado com baterias integradas e, portanto, \u00e9 ecol\u00f3gico e recarreg\u00e1vel. O cabo de carregamento USB magn\u00e9tico inclu\u00eddo pode ser complementado com uma tomada de alimenta\u00e7\u00e3o padr\u00e3o de 5 V, se necess\u00e1rio. Material e cuidados: O seu <strong>Satisfyer<\/strong> \u00e0 prova d\u00e1gua \u00e9 feito de silicone de grau m\u00e9dico, suave como seda, que \u00e9 extremamente lubrificado e absorve rapidamente o calor do seu corpo. O produto pode ser facilmente limpo com um pouco de sab\u00e3o e \u00e1gua morna. Um pouco de limpador de brinquedos desinfetante garante uma higiene particularmente completa, idealmente com o spray desinfetante Satisfyer perfeitamente coordenado. Para o m\u00e1ximo prazer, use sempre o seu vibrador com um dos lubrificantes \u00e0 base de \u00e1gua Satisfyer ideais para o produto. Est\u00e3o dispon\u00edveis nas vers\u00f5es Classic, Silky e Warm. A composi\u00e7\u00e3o vegana \u00e0 base de \u00e1gua protege o material e mant\u00e9m a superf\u00edcie do seu Satisfyer maravilhosamente lisa.<\/p>\n<p> A marca Satisfyer: muito mais do que uma marca alem\u00e3! Tudo come\u00e7ou com a estimula\u00e7\u00e3o clitoriana sem contato, gra\u00e7as \u00e0 inovadora e patenteada tecnologia de ondas de press\u00e3o: hoje, a marca l\u00edder mundial em bem-estar sexual enriquece a vida amorosa de mais de 25 milh\u00f5es de mulheres, homens e casais em mais de 100 pa\u00edses com uma gama diversificada de produtos, al\u00e9m de ideias constantemente novas e as tecnologias mais recentes.<\/p>\n<p> Com recursos de qualidade como silicone de alta qualidade, garantia de 15 anos, estrutura \u00e0 prova d\u00e1gua e motores potentes, a bem-sucedida marca alem\u00e3 sempre se esfor\u00e7a para combinar tecnologia com design excepcional em seus produtos. S\u00f3 nos \u00faltimos anos, a Satisfyer conquistou mais de 474 pr\u00eamios internacionais de design como nenhuma outra empresa, incluindo 73 Red Dot Awards e 19 IF Design Awards.<\/p>\n","protected":false},"excerpt":{"rendered":"<p>SATISFYER &#8211; VIBRADOR ANAL ABSOLUTE BEGINNERS 1 PLUG<\/p>\n","protected":false},"featured_media":66959,"template":"","meta":{"_acf_changed":false},"product_brand":[],"product_cat":[17,62,63],"product_tag":[],"class_list":{"0":"post-53152","1":"product","2":"type-product","3":"status-publish","4":"has-post-thumbnail","6":"product_cat-brinquedos-de-bem-estar-sexual","7":"product_cat-plugues-e-correntes-anais","8":"product_cat-sexo-anal","9":"yith_product_brand-satisfyer","10":"yith_product_brand-satisfyer-satisfyer-plugs","12":"first","13":"instock","14":"taxable","15":"shipping-taxable","16":"purchasable","17":"product-type-simple"},"acf":[],"yoast_head":"<!-- This site is optimized with the Yoast SEO plugin v27.4 - https:\/\/yoast.com\/product\/yoast-seo-wordpress\/ -->\n<title>SATISFYER - VIBRADOR ANAL ABSOLUTE BEGINNERS 1 PLUG - Lovme<\/title>\n<meta name=\"robots\" content=\"index, follow, max-snippet:-1, max-image-preview:large, max-video-preview:-1\" \/>\n<link rel=\"canonical\" href=\"https:\/\/lovme.pt\/index.php\/produto\/satisfyer-vibrador-anal-absolute-beginners-1-plug\/\" \/>\n<meta property=\"og:locale\" content=\"pt_PT\" \/>\n<meta property=\"og:type\" content=\"article\" \/>\n<meta property=\"og:title\" content=\"SATISFYER - VIBRADOR ANAL ABSOLUTE BEGINNERS 1 PLUG - Lovme\" \/>\n<meta property=\"og:description\" content=\"SATISFYER - VIBRADOR ANAL ABSOLUTE BEGINNERS 1 PLUG\" \/>\n<meta property=\"og:url\" content=\"https:\/\/lovme.pt\/index.php\/produto\/satisfyer-vibrador-anal-absolute-beginners-1-plug\/\" \/>\n<meta property=\"og:site_name\" content=\"Lovme\" \/>\n<meta property=\"article:modified_time\" content=\"2026-02-19T20:07:34+00:00\" \/>\n<meta property=\"og:image\" content=\"https:\/\/erki24nd3ub.exactdn.com\/wp-content\/uploads\/dream\/img\/img_210464_a6ad39eba688354e87db991fcaa6e9a2_1.jpg?strip=all\" \/>\n\t<meta property=\"og:image:width\" content=\"900\" \/>\n\t<meta property=\"og:image:height\" content=\"900\" \/>\n\t<meta property=\"og:image:type\" content=\"image\/jpeg\" \/>\n<meta name=\"twitter:card\" content=\"summary_large_image\" \/>\n<meta name=\"twitter:label1\" content=\"Tempo estimado de leitura\" \/>\n\t<meta name=\"twitter:data1\" content=\"3 minutos\" \/>\n<script type=\"application\/ld+json\" class=\"yoast-schema-graph\">{\"@context\":\"https:\\\/\\\/schema.org\",\"@graph\":[{\"@type\":\"WebPage\",\"@id\":\"https:\\\/\\\/lovme.pt\\\/index.php\\\/produto\\\/satisfyer-vibrador-anal-absolute-beginners-1-plug\\\/\",\"url\":\"https:\\\/\\\/lovme.pt\\\/index.php\\\/produto\\\/satisfyer-vibrador-anal-absolute-beginners-1-plug\\\/\",\"name\":\"SATISFYER - VIBRADOR ANAL ABSOLUTE BEGINNERS 1 PLUG - Lovme\",\"isPartOf\":{\"@id\":\"https:\\\/\\\/lovme.pt\\\/#website\"},\"primaryImageOfPage\":{\"@id\":\"https:\\\/\\\/lovme.pt\\\/index.php\\\/produto\\\/satisfyer-vibrador-anal-absolute-beginners-1-plug\\\/#primaryimage\"},\"image\":{\"@id\":\"https:\\\/\\\/lovme.pt\\\/index.php\\\/produto\\\/satisfyer-vibrador-anal-absolute-beginners-1-plug\\\/#primaryimage\"},\"thumbnailUrl\":\"https:\\\/\\\/erki24nd3ub.exactdn.com\\\/wp-content\\\/uploads\\\/dream\\\/img\\\/img_210464_a6ad39eba688354e87db991fcaa6e9a2_1.jpg?strip=all\",\"datePublished\":\"2025-09-30T20:16:44+00:00\",\"dateModified\":\"2026-02-19T20:07:34+00:00\",\"breadcrumb\":{\"@id\":\"https:\\\/\\\/lovme.pt\\\/index.php\\\/produto\\\/satisfyer-vibrador-anal-absolute-beginners-1-plug\\\/#breadcrumb\"},\"inLanguage\":\"pt-PT\",\"potentialAction\":[{\"@type\":\"ReadAction\",\"target\":[\"https:\\\/\\\/lovme.pt\\\/index.php\\\/produto\\\/satisfyer-vibrador-anal-absolute-beginners-1-plug\\\/\"]}]},{\"@type\":\"ImageObject\",\"inLanguage\":\"pt-PT\",\"@id\":\"https:\\\/\\\/lovme.pt\\\/index.php\\\/produto\\\/satisfyer-vibrador-anal-absolute-beginners-1-plug\\\/#primaryimage\",\"url\":\"https:\\\/\\\/erki24nd3ub.exactdn.com\\\/wp-content\\\/uploads\\\/dream\\\/img\\\/img_210464_a6ad39eba688354e87db991fcaa6e9a2_1.jpg?strip=all\",\"contentUrl\":\"https:\\\/\\\/erki24nd3ub.exactdn.com\\\/wp-content\\\/uploads\\\/dream\\\/img\\\/img_210464_a6ad39eba688354e87db991fcaa6e9a2_1.jpg?strip=all\",\"width\":900,\"height\":900},{\"@type\":\"BreadcrumbList\",\"@id\":\"https:\\\/\\\/lovme.pt\\\/index.php\\\/produto\\\/satisfyer-vibrador-anal-absolute-beginners-1-plug\\\/#breadcrumb\",\"itemListElement\":[{\"@type\":\"ListItem\",\"position\":1,\"name\":\"In\u00edcio\",\"item\":\"https:\\\/\\\/lovme.pt\\\/\"},{\"@type\":\"ListItem\",\"position\":2,\"name\":\"Loja\",\"item\":\"https:\\\/\\\/lovme.pt\\\/index.php\\\/loja\\\/\"},{\"@type\":\"ListItem\",\"position\":3,\"name\":\"SATISFYER &#8211; VIBRADOR ANAL ABSOLUTE BEGINNERS 1 PLUG\"}]},{\"@type\":\"WebSite\",\"@id\":\"https:\\\/\\\/lovme.pt\\\/#website\",\"url\":\"https:\\\/\\\/lovme.pt\\\/\",\"name\":\"Lovme Loja Er\u00f3tica N\u00ba1 em Portugal\",\"description\":\"A melhor loja er\u00f3tica de Portugal.\",\"alternateName\":\"Loja Er\u00f3tica Lovme\",\"potentialAction\":[{\"@type\":\"SearchAction\",\"target\":{\"@type\":\"EntryPoint\",\"urlTemplate\":\"https:\\\/\\\/lovme.pt\\\/?s={search_term_string}\"},\"query-input\":{\"@type\":\"PropertyValueSpecification\",\"valueRequired\":true,\"valueName\":\"search_term_string\"}}],\"inLanguage\":\"pt-PT\"}]}<\/script>\n<!-- \/ Yoast SEO plugin. -->","yoast_head_json":{"title":"SATISFYER - VIBRADOR ANAL ABSOLUTE BEGINNERS 1 PLUG - Lovme","robots":{"index":"index","follow":"follow","max-snippet":"max-snippet:-1","max-image-preview":"max-image-preview:large","max-video-preview":"max-video-preview:-1"},"canonical":"https:\/\/lovme.pt\/index.php\/produto\/satisfyer-vibrador-anal-absolute-beginners-1-plug\/","og_locale":"pt_PT","og_type":"article","og_title":"SATISFYER - VIBRADOR ANAL ABSOLUTE BEGINNERS 1 PLUG - Lovme","og_description":"SATISFYER - VIBRADOR ANAL ABSOLUTE BEGINNERS 1 PLUG","og_url":"https:\/\/lovme.pt\/index.php\/produto\/satisfyer-vibrador-anal-absolute-beginners-1-plug\/","og_site_name":"Lovme","article_modified_time":"2026-02-19T20:07:34+00:00","og_image":[{"width":900,"height":900,"url":"https:\/\/erki24nd3ub.exactdn.com\/wp-content\/uploads\/dream\/img\/img_210464_a6ad39eba688354e87db991fcaa6e9a2_1.jpg?strip=all","type":"image\/jpeg"}],"twitter_card":"summary_large_image","twitter_misc":{"Tempo estimado de leitura":"3 minutos"},"schema":{"@context":"https:\/\/schema.org","@graph":[{"@type":"WebPage","@id":"https:\/\/lovme.pt\/index.php\/produto\/satisfyer-vibrador-anal-absolute-beginners-1-plug\/","url":"https:\/\/lovme.pt\/index.php\/produto\/satisfyer-vibrador-anal-absolute-beginners-1-plug\/","name":"SATISFYER - VIBRADOR ANAL ABSOLUTE BEGINNERS 1 PLUG - Lovme","isPartOf":{"@id":"https:\/\/lovme.pt\/#website"},"primaryImageOfPage":{"@id":"https:\/\/lovme.pt\/index.php\/produto\/satisfyer-vibrador-anal-absolute-beginners-1-plug\/#primaryimage"},"image":{"@id":"https:\/\/lovme.pt\/index.php\/produto\/satisfyer-vibrador-anal-absolute-beginners-1-plug\/#primaryimage"},"thumbnailUrl":"https:\/\/erki24nd3ub.exactdn.com\/wp-content\/uploads\/dream\/img\/img_210464_a6ad39eba688354e87db991fcaa6e9a2_1.jpg?strip=all","datePublished":"2025-09-30T20:16:44+00:00","dateModified":"2026-02-19T20:07:34+00:00","breadcrumb":{"@id":"https:\/\/lovme.pt\/index.php\/produto\/satisfyer-vibrador-anal-absolute-beginners-1-plug\/#breadcrumb"},"inLanguage":"pt-PT","potentialAction":[{"@type":"ReadAction","target":["https:\/\/lovme.pt\/index.php\/produto\/satisfyer-vibrador-anal-absolute-beginners-1-plug\/"]}]},{"@type":"ImageObject","inLanguage":"pt-PT","@id":"https:\/\/lovme.pt\/index.php\/produto\/satisfyer-vibrador-anal-absolute-beginners-1-plug\/#primaryimage","url":"https:\/\/erki24nd3ub.exactdn.com\/wp-content\/uploads\/dream\/img\/img_210464_a6ad39eba688354e87db991fcaa6e9a2_1.jpg?strip=all","contentUrl":"https:\/\/erki24nd3ub.exactdn.com\/wp-content\/uploads\/dream\/img\/img_210464_a6ad39eba688354e87db991fcaa6e9a2_1.jpg?strip=all","width":900,"height":900},{"@type":"BreadcrumbList","@id":"https:\/\/lovme.pt\/index.php\/produto\/satisfyer-vibrador-anal-absolute-beginners-1-plug\/#breadcrumb","itemListElement":[{"@type":"ListItem","position":1,"name":"In\u00edcio","item":"https:\/\/lovme.pt\/"},{"@type":"ListItem","position":2,"name":"Loja","item":"https:\/\/lovme.pt\/index.php\/loja\/"},{"@type":"ListItem","position":3,"name":"SATISFYER &#8211; VIBRADOR ANAL ABSOLUTE BEGINNERS 1 PLUG"}]},{"@type":"WebSite","@id":"https:\/\/lovme.pt\/#website","url":"https:\/\/lovme.pt\/","name":"Lovme Loja Er\u00f3tica N\u00ba1 em Portugal","description":"A melhor loja er\u00f3tica de Portugal.","alternateName":"Loja Er\u00f3tica Lovme","potentialAction":[{"@type":"SearchAction","target":{"@type":"EntryPoint","urlTemplate":"https:\/\/lovme.pt\/?s={search_term_string}"},"query-input":{"@type":"PropertyValueSpecification","valueRequired":true,"valueName":"search_term_string"}}],"inLanguage":"pt-PT"}]}},"_links":{"self":[{"href":"https:\/\/lovme.pt\/index.php\/wp-json\/wp\/v2\/product\/53152","targetHints":{"allow":["GET"]}}],"collection":[{"href":"https:\/\/lovme.pt\/index.php\/wp-json\/wp\/v2\/product"}],"about":[{"href":"https:\/\/lovme.pt\/index.php\/wp-json\/wp\/v2\/types\/product"}],"wp:featuredmedia":[{"embeddable":true,"href":"https:\/\/lovme.pt\/index.php\/wp-json\/wp\/v2\/media\/66959"}],"wp:attachment":[{"href":"https:\/\/lovme.pt\/index.php\/wp-json\/wp\/v2\/media?parent=53152"}],"wp:term":[{"taxonomy":"product_brand","embeddable":true,"href":"https:\/\/lovme.pt\/index.php\/wp-json\/wp\/v2\/product_brand?post=53152"},{"taxonomy":"product_cat","embeddable":true,"href":"https:\/\/lovme.pt\/index.php\/wp-json\/wp\/v2\/product_cat?post=53152"},{"taxonomy":"product_tag","embeddable":true,"href":"https:\/\/lovme.pt\/index.php\/wp-json\/wp\/v2\/product_tag?post=53152"}],"curies":[{"name":"wp","href":"https:\/\/api.w.org\/{rel}","templated":true}]}}