{"id":53135,"date":"2025-09-30T09:45:21","date_gmt":"2025-09-30T09:45:21","guid":{"rendered":"https:\/\/lovme.pt\/?post_type=product&p=53135"},"modified":"2026-02-19T20:04:03","modified_gmt":"2026-02-19T20:04:03","slug":"secretplay-oleo-de-massagem-pink-petales","status":"publish","type":"product","link":"https:\/\/lovme.pt\/index.php\/produto\/secretplay-oleo-de-massagem-pink-petales\/","title":{"rendered":"SECRETPLAY &#8211; \u00d3LEO DE MASSAGEM PINK PETALES"},"content":{"rendered":"<p>Os \u00f3leos de massagem t\u00eam uma infinidade de usos. Voc\u00ea pode us\u00e1-los para entrar no clima, simplesmente para relaxar ap\u00f3s um longo dia de trabalho ou simplesmente para sentir o prazer de ser acariciado e mimado com uma massagem.<\/p>\n<p>Muitos de n\u00f3s somos fascinados por massagens, especialmente receb\u00ea-las, e \u00e9 melhor se for pelas m\u00e3os do seu parceiro.<\/p>\n<p>O \u00f3leo de massagem com p\u00e9talas de rosa tem uma textura sutil e deslizante que permite a estimula\u00e7\u00e3o de todos os sentidos por meio da massagem.<\/p>\n<p>Deixe-se levar por este \u00f3leo de massagem que permite que suas m\u00e3os e l\u00e1bios percorram agradavelmente o corpo do seu parceiro ou o seu pr\u00f3prio.<\/p>\n<p>A pele \u00e9 o \u00f3rg\u00e3o sexual mais importante, e por isso \u00e9 crucial cuidar dela. Este \u00f3leo, al\u00e9m de dar \u00e0 pele uma apar\u00eancia acetinada, tamb\u00e9m a hidrata.<\/p>\n<p>Com seu design e seu dispensador que controla a quantidade utilizada, voc\u00ea poder\u00e1 desfrutar de uma massagem er\u00f3tica repleta de sensa\u00e7\u00f5es prazerosas. Voc\u00ea vai gostar tanto que ele se tornar\u00e1 um acess\u00f3rio essencial em seus jogos sexuais.<\/p>\n<p>S\u00e3o perfeitas para as massagens mais apaixonantes e despertar\u00e3o todos os seus sentidos at\u00e9 atingir a lux\u00faria, aumentando a temperatura do seu corpo e das suas zonas er\u00f3genas.<\/p>\n<p><u><em><strong>Caracter\u00edsticas<\/strong><\/em><\/u> :<\/p>\n<ul>\n<li>Embalagem sem ar<\/li>\n<li>F\u00e1cil aplica\u00e7\u00e3o<\/li>\n<li>Capacidade: 50 ml<\/li>\n<li>Aroma: P\u00e9talas de Rosa<\/li>\n<\/ul>\n<p><u><em><strong>Ingredientes<\/strong><\/em><\/u> : Paraffinum liquidum, perfume, \u00f3leo de semente de Helianthus annuus (girassol), extrato de Tuber Melanosporum, salicilato de tocoferila, hexil cinamalde\u00eddo, tetrametil acetiloctahidronaftalenos, alfa-isometil ioneno, acetato de linalila, citronelol, limoneno, terpineol, acetato de geranila, \u00f3leo de Juniperus Virginiana, anetol, acetato de dimetil fenetil<\/p>\n<p><u><em><strong>Precau\u00e7\u00f5es<\/strong><\/em><\/u> :<\/p>\n<ul>\n<li>Produto cosm\u00e9tico somente para uso externo.<\/li>\n<li>N\u00e3o use em caso de hipersensibilidade ou alergia a qualquer um dos ingredientes.<\/li>\n<li>Se ocorrer irrita\u00e7\u00e3o, interrompa o uso.<\/li>\n<li>N\u00e3o aplique nos olhos ou feridas.<\/li>\n<li>N\u00e3o ingerir.<\/li>\n<li>Mantenha fora do alcance de crian\u00e7as.<\/li>\n<li>Armazene em local fresco e seco, longe da luz solar.<\/li>\n<\/ul>\n","protected":false},"excerpt":{"rendered":"<p>SECRETPLAY &#8211; \u00d3LEO DE MASSAGEM PINK PETALES<\/p>\n","protected":false},"featured_media":56599,"template":"","meta":{"_acf_changed":false},"product_brand":[],"product_cat":[49,51],"product_tag":[],"class_list":{"0":"post-53135","1":"product","2":"type-product","3":"status-publish","4":"has-post-thumbnail","6":"product_cat-cosmeticos","7":"product_cat-oleos-de-massagem","8":"yith_product_brand-secretplay","9":"yith_product_brand-secretplaysecretplay-cosmetic","11":"first","12":"instock","13":"taxable","14":"shipping-taxable","15":"purchasable","16":"product-type-simple"},"acf":[],"yoast_head":"<!-- This site is optimized with the Yoast SEO plugin v27.4 - https:\/\/yoast.com\/product\/yoast-seo-wordpress\/ -->\n<title>SECRETPLAY - \u00d3LEO DE MASSAGEM PINK PETALES - Lovme<\/title>\n<meta name=\"robots\" content=\"index, follow, max-snippet:-1, max-image-preview:large, max-video-preview:-1\" \/>\n<link rel=\"canonical\" href=\"https:\/\/lovme.pt\/index.php\/produto\/secretplay-oleo-de-massagem-pink-petales\/\" \/>\n<meta property=\"og:locale\" content=\"pt_PT\" \/>\n<meta property=\"og:type\" content=\"article\" \/>\n<meta property=\"og:title\" content=\"SECRETPLAY - \u00d3LEO DE MASSAGEM PINK PETALES - Lovme\" \/>\n<meta property=\"og:description\" content=\"SECRETPLAY - \u00d3LEO DE MASSAGEM PINK PETALES\" \/>\n<meta property=\"og:url\" content=\"https:\/\/lovme.pt\/index.php\/produto\/secretplay-oleo-de-massagem-pink-petales\/\" \/>\n<meta property=\"og:site_name\" content=\"Lovme\" \/>\n<meta property=\"article:modified_time\" content=\"2026-02-19T20:04:03+00:00\" \/>\n<meta property=\"og:image\" content=\"https:\/\/erki24nd3ub.exactdn.com\/wp-content\/uploads\/dream\/img\/img_210245_5fd6fe4abff03e9218c245797fe30ac0_1.jpg?strip=all\" \/>\n\t<meta property=\"og:image:width\" content=\"900\" \/>\n\t<meta property=\"og:image:height\" content=\"900\" \/>\n\t<meta property=\"og:image:type\" content=\"image\/jpeg\" \/>\n<meta name=\"twitter:card\" content=\"summary_large_image\" \/>\n<meta name=\"twitter:label1\" content=\"Tempo estimado de leitura\" \/>\n\t<meta name=\"twitter:data1\" content=\"2 minutos\" \/>\n<script type=\"application\/ld+json\" class=\"yoast-schema-graph\">{\"@context\":\"https:\\\/\\\/schema.org\",\"@graph\":[{\"@type\":\"WebPage\",\"@id\":\"https:\\\/\\\/lovme.pt\\\/index.php\\\/produto\\\/secretplay-oleo-de-massagem-pink-petales\\\/\",\"url\":\"https:\\\/\\\/lovme.pt\\\/index.php\\\/produto\\\/secretplay-oleo-de-massagem-pink-petales\\\/\",\"name\":\"SECRETPLAY - \u00d3LEO DE MASSAGEM PINK PETALES - Lovme\",\"isPartOf\":{\"@id\":\"https:\\\/\\\/lovme.pt\\\/#website\"},\"primaryImageOfPage\":{\"@id\":\"https:\\\/\\\/lovme.pt\\\/index.php\\\/produto\\\/secretplay-oleo-de-massagem-pink-petales\\\/#primaryimage\"},\"image\":{\"@id\":\"https:\\\/\\\/lovme.pt\\\/index.php\\\/produto\\\/secretplay-oleo-de-massagem-pink-petales\\\/#primaryimage\"},\"thumbnailUrl\":\"https:\\\/\\\/erki24nd3ub.exactdn.com\\\/wp-content\\\/uploads\\\/dream\\\/img\\\/img_210245_5fd6fe4abff03e9218c245797fe30ac0_1.jpg?strip=all\",\"datePublished\":\"2025-09-30T09:45:21+00:00\",\"dateModified\":\"2026-02-19T20:04:03+00:00\",\"breadcrumb\":{\"@id\":\"https:\\\/\\\/lovme.pt\\\/index.php\\\/produto\\\/secretplay-oleo-de-massagem-pink-petales\\\/#breadcrumb\"},\"inLanguage\":\"pt-PT\",\"potentialAction\":[{\"@type\":\"ReadAction\",\"target\":[\"https:\\\/\\\/lovme.pt\\\/index.php\\\/produto\\\/secretplay-oleo-de-massagem-pink-petales\\\/\"]}]},{\"@type\":\"ImageObject\",\"inLanguage\":\"pt-PT\",\"@id\":\"https:\\\/\\\/lovme.pt\\\/index.php\\\/produto\\\/secretplay-oleo-de-massagem-pink-petales\\\/#primaryimage\",\"url\":\"https:\\\/\\\/erki24nd3ub.exactdn.com\\\/wp-content\\\/uploads\\\/dream\\\/img\\\/img_210245_5fd6fe4abff03e9218c245797fe30ac0_1.jpg?strip=all\",\"contentUrl\":\"https:\\\/\\\/erki24nd3ub.exactdn.com\\\/wp-content\\\/uploads\\\/dream\\\/img\\\/img_210245_5fd6fe4abff03e9218c245797fe30ac0_1.jpg?strip=all\",\"width\":900,\"height\":900},{\"@type\":\"BreadcrumbList\",\"@id\":\"https:\\\/\\\/lovme.pt\\\/index.php\\\/produto\\\/secretplay-oleo-de-massagem-pink-petales\\\/#breadcrumb\",\"itemListElement\":[{\"@type\":\"ListItem\",\"position\":1,\"name\":\"In\u00edcio\",\"item\":\"https:\\\/\\\/lovme.pt\\\/\"},{\"@type\":\"ListItem\",\"position\":2,\"name\":\"Loja\",\"item\":\"https:\\\/\\\/lovme.pt\\\/index.php\\\/loja\\\/\"},{\"@type\":\"ListItem\",\"position\":3,\"name\":\"SECRETPLAY &#8211; \u00d3LEO DE MASSAGEM PINK PETALES\"}]},{\"@type\":\"WebSite\",\"@id\":\"https:\\\/\\\/lovme.pt\\\/#website\",\"url\":\"https:\\\/\\\/lovme.pt\\\/\",\"name\":\"Lovme Loja Er\u00f3tica N\u00ba1 em Portugal\",\"description\":\"A melhor loja er\u00f3tica de Portugal.\",\"alternateName\":\"Loja Er\u00f3tica Lovme\",\"potentialAction\":[{\"@type\":\"SearchAction\",\"target\":{\"@type\":\"EntryPoint\",\"urlTemplate\":\"https:\\\/\\\/lovme.pt\\\/?s={search_term_string}\"},\"query-input\":{\"@type\":\"PropertyValueSpecification\",\"valueRequired\":true,\"valueName\":\"search_term_string\"}}],\"inLanguage\":\"pt-PT\"}]}<\/script>\n<!-- \/ Yoast SEO plugin. -->","yoast_head_json":{"title":"SECRETPLAY - \u00d3LEO DE MASSAGEM PINK PETALES - Lovme","robots":{"index":"index","follow":"follow","max-snippet":"max-snippet:-1","max-image-preview":"max-image-preview:large","max-video-preview":"max-video-preview:-1"},"canonical":"https:\/\/lovme.pt\/index.php\/produto\/secretplay-oleo-de-massagem-pink-petales\/","og_locale":"pt_PT","og_type":"article","og_title":"SECRETPLAY - \u00d3LEO DE MASSAGEM PINK PETALES - Lovme","og_description":"SECRETPLAY - \u00d3LEO DE MASSAGEM PINK PETALES","og_url":"https:\/\/lovme.pt\/index.php\/produto\/secretplay-oleo-de-massagem-pink-petales\/","og_site_name":"Lovme","article_modified_time":"2026-02-19T20:04:03+00:00","og_image":[{"width":900,"height":900,"url":"https:\/\/erki24nd3ub.exactdn.com\/wp-content\/uploads\/dream\/img\/img_210245_5fd6fe4abff03e9218c245797fe30ac0_1.jpg?strip=all","type":"image\/jpeg"}],"twitter_card":"summary_large_image","twitter_misc":{"Tempo estimado de leitura":"2 minutos"},"schema":{"@context":"https:\/\/schema.org","@graph":[{"@type":"WebPage","@id":"https:\/\/lovme.pt\/index.php\/produto\/secretplay-oleo-de-massagem-pink-petales\/","url":"https:\/\/lovme.pt\/index.php\/produto\/secretplay-oleo-de-massagem-pink-petales\/","name":"SECRETPLAY - \u00d3LEO DE MASSAGEM PINK PETALES - Lovme","isPartOf":{"@id":"https:\/\/lovme.pt\/#website"},"primaryImageOfPage":{"@id":"https:\/\/lovme.pt\/index.php\/produto\/secretplay-oleo-de-massagem-pink-petales\/#primaryimage"},"image":{"@id":"https:\/\/lovme.pt\/index.php\/produto\/secretplay-oleo-de-massagem-pink-petales\/#primaryimage"},"thumbnailUrl":"https:\/\/erki24nd3ub.exactdn.com\/wp-content\/uploads\/dream\/img\/img_210245_5fd6fe4abff03e9218c245797fe30ac0_1.jpg?strip=all","datePublished":"2025-09-30T09:45:21+00:00","dateModified":"2026-02-19T20:04:03+00:00","breadcrumb":{"@id":"https:\/\/lovme.pt\/index.php\/produto\/secretplay-oleo-de-massagem-pink-petales\/#breadcrumb"},"inLanguage":"pt-PT","potentialAction":[{"@type":"ReadAction","target":["https:\/\/lovme.pt\/index.php\/produto\/secretplay-oleo-de-massagem-pink-petales\/"]}]},{"@type":"ImageObject","inLanguage":"pt-PT","@id":"https:\/\/lovme.pt\/index.php\/produto\/secretplay-oleo-de-massagem-pink-petales\/#primaryimage","url":"https:\/\/erki24nd3ub.exactdn.com\/wp-content\/uploads\/dream\/img\/img_210245_5fd6fe4abff03e9218c245797fe30ac0_1.jpg?strip=all","contentUrl":"https:\/\/erki24nd3ub.exactdn.com\/wp-content\/uploads\/dream\/img\/img_210245_5fd6fe4abff03e9218c245797fe30ac0_1.jpg?strip=all","width":900,"height":900},{"@type":"BreadcrumbList","@id":"https:\/\/lovme.pt\/index.php\/produto\/secretplay-oleo-de-massagem-pink-petales\/#breadcrumb","itemListElement":[{"@type":"ListItem","position":1,"name":"In\u00edcio","item":"https:\/\/lovme.pt\/"},{"@type":"ListItem","position":2,"name":"Loja","item":"https:\/\/lovme.pt\/index.php\/loja\/"},{"@type":"ListItem","position":3,"name":"SECRETPLAY &#8211; \u00d3LEO DE MASSAGEM PINK PETALES"}]},{"@type":"WebSite","@id":"https:\/\/lovme.pt\/#website","url":"https:\/\/lovme.pt\/","name":"Lovme Loja Er\u00f3tica N\u00ba1 em Portugal","description":"A melhor loja er\u00f3tica de Portugal.","alternateName":"Loja Er\u00f3tica Lovme","potentialAction":[{"@type":"SearchAction","target":{"@type":"EntryPoint","urlTemplate":"https:\/\/lovme.pt\/?s={search_term_string}"},"query-input":{"@type":"PropertyValueSpecification","valueRequired":true,"valueName":"search_term_string"}}],"inLanguage":"pt-PT"}]}},"_links":{"self":[{"href":"https:\/\/lovme.pt\/index.php\/wp-json\/wp\/v2\/product\/53135","targetHints":{"allow":["GET"]}}],"collection":[{"href":"https:\/\/lovme.pt\/index.php\/wp-json\/wp\/v2\/product"}],"about":[{"href":"https:\/\/lovme.pt\/index.php\/wp-json\/wp\/v2\/types\/product"}],"wp:featuredmedia":[{"embeddable":true,"href":"https:\/\/lovme.pt\/index.php\/wp-json\/wp\/v2\/media\/56599"}],"wp:attachment":[{"href":"https:\/\/lovme.pt\/index.php\/wp-json\/wp\/v2\/media?parent=53135"}],"wp:term":[{"taxonomy":"product_brand","embeddable":true,"href":"https:\/\/lovme.pt\/index.php\/wp-json\/wp\/v2\/product_brand?post=53135"},{"taxonomy":"product_cat","embeddable":true,"href":"https:\/\/lovme.pt\/index.php\/wp-json\/wp\/v2\/product_cat?post=53135"},{"taxonomy":"product_tag","embeddable":true,"href":"https:\/\/lovme.pt\/index.php\/wp-json\/wp\/v2\/product_tag?post=53135"}],"curies":[{"name":"wp","href":"https:\/\/api.w.org\/{rel}","templated":true}]}}