{"id":53132,"date":"2025-10-01T03:07:13","date_gmt":"2025-10-01T03:07:13","guid":{"rendered":"https:\/\/lovme.pt\/?post_type=product&p=53132"},"modified":"2026-02-19T20:22:24","modified_gmt":"2026-02-19T20:22:24","slug":"fleshlight-girls-docura-vagina-de-angel-young","status":"publish","type":"product","link":"https:\/\/lovme.pt\/index.php\/produto\/fleshlight-girls-docura-vagina-de-angel-young\/","title":{"rendered":"FLESHLIGHT GIRLS &#8211; DO\u00c7URA VAGINA DE ANGEL YOUNG"},"content":{"rendered":"<p>As Fleshlight Girls s\u00e3o as estrelas mais quentes da ind\u00fastria adulta, e voc\u00ea pode levar para casa brinquedos de masturba\u00e7\u00e3o realistas e de alta qualidade feitos com elas!<\/p>\n<p><strong>Fleshlight Sensation: Do\u00e7ura<\/strong><\/p>\n<p>Nada neste mundo \u00e9 mais doce do que a vagina perfeita e deliciosa da Angel. Entre em um mundo de prazeres inesquec\u00edveis. Cada mil\u00edmetro desta vagina apertada \u00e9 preenchido com as sali\u00eancias e sali\u00eancias mais suculentas, projetadas para levar seu pau ao para\u00edso. Alterne a dura\u00e7\u00e3o das suas investidas para experimentar todas as sensa\u00e7\u00f5es que este masturbador tem a oferecer.<\/p>\n<p><u><em><strong>Caracter\u00edsticas<\/strong><\/em><\/u><\/p>\n<ul>\n<li>Textura extremamente suave e realista<\/li>\n<li>Feito com material patenteado Real Feel Super Skin<\/li>\n<li>Controle total sobre a suc\u00e7\u00e3o com a tampa final<\/li>\n<li>Alojado em uma caixa perolada discreta, texturizada e aderente<\/li>\n<li>Inclui uma amostra de lubrificante \u00e0 base de \u00e1gua Fleshlight<\/li>\n<li>Manga remov\u00edvel para f\u00e1cil limpeza<\/li>\n<li>Livre de ftalatos, seguro e n\u00e3o t\u00f3xico<\/li>\n<li>Cor (Masturbador): Tom de pele<\/li>\n<li>Cor (Carca\u00e7a): Branco Perolado<\/li>\n<\/ul>\n<p>\u00a0<\/p>\n<p>A Fleshlight\u00ae \u00e9 l\u00edder mundial na fabrica\u00e7\u00e3o de masturbadores masculinos a partir de moldes de pessoas reais. Sua alta qualidade e caracter\u00edsticas deram origem a uma marca pensada para o homem e seu prazer, \u00fanica no mundo!<\/p>\n","protected":false},"excerpt":{"rendered":"<p>FLESHLIGHT GIRLS &#8211; DO\u00c7URA VAGINA DE ANGEL YOUNG<\/p>\n","protected":false},"featured_media":101594,"template":"","meta":{"_acf_changed":false},"product_brand":[],"product_cat":[17,58,60],"product_tag":[],"class_list":{"0":"post-53132","1":"product","2":"type-product","3":"status-publish","4":"has-post-thumbnail","6":"product_cat-brinquedos-de-bem-estar-sexual","7":"product_cat-masturbadores-para-penis","8":"product_cat-para-eles","9":"yith_product_brand-fleshlight","10":"yith_product_brand-fleshlightfleshlight-girls","12":"first","13":"instock","14":"taxable","15":"shipping-taxable","16":"purchasable","17":"product-type-simple"},"acf":[],"yoast_head":"<!-- This site is optimized with the Yoast SEO plugin v27.4 - https:\/\/yoast.com\/product\/yoast-seo-wordpress\/ -->\n<title>FLESHLIGHT GIRLS - DO\u00c7URA VAGINA DE ANGEL YOUNG - Lovme<\/title>\n<meta name=\"robots\" content=\"index, follow, max-snippet:-1, max-image-preview:large, max-video-preview:-1\" \/>\n<link rel=\"canonical\" href=\"https:\/\/lovme.pt\/index.php\/produto\/fleshlight-girls-docura-vagina-de-angel-young\/\" \/>\n<meta property=\"og:locale\" content=\"pt_PT\" \/>\n<meta property=\"og:type\" content=\"article\" \/>\n<meta property=\"og:title\" content=\"FLESHLIGHT GIRLS - DO\u00c7URA VAGINA DE ANGEL YOUNG - Lovme\" \/>\n<meta property=\"og:description\" content=\"FLESHLIGHT GIRLS - DO\u00c7URA VAGINA DE ANGEL YOUNG\" \/>\n<meta property=\"og:url\" content=\"https:\/\/lovme.pt\/index.php\/produto\/fleshlight-girls-docura-vagina-de-angel-young\/\" \/>\n<meta property=\"og:site_name\" content=\"Lovme\" \/>\n<meta property=\"article:modified_time\" content=\"2026-02-19T20:22:24+00:00\" \/>\n<meta property=\"og:image\" content=\"https:\/\/erki24nd3ub.exactdn.com\/wp-content\/uploads\/dream\/img\/img_210149_79258b8334624eb6408e65c73c137b7c_1.jpg?strip=all\" \/>\n\t<meta property=\"og:image:width\" content=\"900\" \/>\n\t<meta property=\"og:image:height\" content=\"900\" \/>\n\t<meta property=\"og:image:type\" content=\"image\/jpeg\" \/>\n<meta name=\"twitter:card\" content=\"summary_large_image\" \/>\n<meta name=\"twitter:label1\" content=\"Tempo estimado de leitura\" \/>\n\t<meta name=\"twitter:data1\" content=\"1 minuto\" \/>\n<script type=\"application\/ld+json\" class=\"yoast-schema-graph\">{\"@context\":\"https:\\\/\\\/schema.org\",\"@graph\":[{\"@type\":\"WebPage\",\"@id\":\"https:\\\/\\\/lovme.pt\\\/index.php\\\/produto\\\/fleshlight-girls-docura-vagina-de-angel-young\\\/\",\"url\":\"https:\\\/\\\/lovme.pt\\\/index.php\\\/produto\\\/fleshlight-girls-docura-vagina-de-angel-young\\\/\",\"name\":\"FLESHLIGHT GIRLS - DO\u00c7URA VAGINA DE ANGEL YOUNG - Lovme\",\"isPartOf\":{\"@id\":\"https:\\\/\\\/lovme.pt\\\/#website\"},\"primaryImageOfPage\":{\"@id\":\"https:\\\/\\\/lovme.pt\\\/index.php\\\/produto\\\/fleshlight-girls-docura-vagina-de-angel-young\\\/#primaryimage\"},\"image\":{\"@id\":\"https:\\\/\\\/lovme.pt\\\/index.php\\\/produto\\\/fleshlight-girls-docura-vagina-de-angel-young\\\/#primaryimage\"},\"thumbnailUrl\":\"https:\\\/\\\/erki24nd3ub.exactdn.com\\\/wp-content\\\/uploads\\\/dream\\\/img\\\/img_210149_79258b8334624eb6408e65c73c137b7c_1.jpg?strip=all\",\"datePublished\":\"2025-10-01T03:07:13+00:00\",\"dateModified\":\"2026-02-19T20:22:24+00:00\",\"breadcrumb\":{\"@id\":\"https:\\\/\\\/lovme.pt\\\/index.php\\\/produto\\\/fleshlight-girls-docura-vagina-de-angel-young\\\/#breadcrumb\"},\"inLanguage\":\"pt-PT\",\"potentialAction\":[{\"@type\":\"ReadAction\",\"target\":[\"https:\\\/\\\/lovme.pt\\\/index.php\\\/produto\\\/fleshlight-girls-docura-vagina-de-angel-young\\\/\"]}]},{\"@type\":\"ImageObject\",\"inLanguage\":\"pt-PT\",\"@id\":\"https:\\\/\\\/lovme.pt\\\/index.php\\\/produto\\\/fleshlight-girls-docura-vagina-de-angel-young\\\/#primaryimage\",\"url\":\"https:\\\/\\\/erki24nd3ub.exactdn.com\\\/wp-content\\\/uploads\\\/dream\\\/img\\\/img_210149_79258b8334624eb6408e65c73c137b7c_1.jpg?strip=all\",\"contentUrl\":\"https:\\\/\\\/erki24nd3ub.exactdn.com\\\/wp-content\\\/uploads\\\/dream\\\/img\\\/img_210149_79258b8334624eb6408e65c73c137b7c_1.jpg?strip=all\",\"width\":900,\"height\":900},{\"@type\":\"BreadcrumbList\",\"@id\":\"https:\\\/\\\/lovme.pt\\\/index.php\\\/produto\\\/fleshlight-girls-docura-vagina-de-angel-young\\\/#breadcrumb\",\"itemListElement\":[{\"@type\":\"ListItem\",\"position\":1,\"name\":\"In\u00edcio\",\"item\":\"https:\\\/\\\/lovme.pt\\\/\"},{\"@type\":\"ListItem\",\"position\":2,\"name\":\"Loja\",\"item\":\"https:\\\/\\\/lovme.pt\\\/index.php\\\/loja\\\/\"},{\"@type\":\"ListItem\",\"position\":3,\"name\":\"FLESHLIGHT GIRLS &#8211; DO\u00c7URA VAGINA DE ANGEL YOUNG\"}]},{\"@type\":\"WebSite\",\"@id\":\"https:\\\/\\\/lovme.pt\\\/#website\",\"url\":\"https:\\\/\\\/lovme.pt\\\/\",\"name\":\"Lovme Loja Er\u00f3tica N\u00ba1 em Portugal\",\"description\":\"A melhor loja er\u00f3tica de Portugal.\",\"alternateName\":\"Loja Er\u00f3tica Lovme\",\"potentialAction\":[{\"@type\":\"SearchAction\",\"target\":{\"@type\":\"EntryPoint\",\"urlTemplate\":\"https:\\\/\\\/lovme.pt\\\/?s={search_term_string}\"},\"query-input\":{\"@type\":\"PropertyValueSpecification\",\"valueRequired\":true,\"valueName\":\"search_term_string\"}}],\"inLanguage\":\"pt-PT\"}]}<\/script>\n<!-- \/ Yoast SEO plugin. -->","yoast_head_json":{"title":"FLESHLIGHT GIRLS - DO\u00c7URA VAGINA DE ANGEL YOUNG - Lovme","robots":{"index":"index","follow":"follow","max-snippet":"max-snippet:-1","max-image-preview":"max-image-preview:large","max-video-preview":"max-video-preview:-1"},"canonical":"https:\/\/lovme.pt\/index.php\/produto\/fleshlight-girls-docura-vagina-de-angel-young\/","og_locale":"pt_PT","og_type":"article","og_title":"FLESHLIGHT GIRLS - DO\u00c7URA VAGINA DE ANGEL YOUNG - Lovme","og_description":"FLESHLIGHT GIRLS - DO\u00c7URA VAGINA DE ANGEL YOUNG","og_url":"https:\/\/lovme.pt\/index.php\/produto\/fleshlight-girls-docura-vagina-de-angel-young\/","og_site_name":"Lovme","article_modified_time":"2026-02-19T20:22:24+00:00","og_image":[{"width":900,"height":900,"url":"https:\/\/erki24nd3ub.exactdn.com\/wp-content\/uploads\/dream\/img\/img_210149_79258b8334624eb6408e65c73c137b7c_1.jpg?strip=all","type":"image\/jpeg"}],"twitter_card":"summary_large_image","twitter_misc":{"Tempo estimado de leitura":"1 minuto"},"schema":{"@context":"https:\/\/schema.org","@graph":[{"@type":"WebPage","@id":"https:\/\/lovme.pt\/index.php\/produto\/fleshlight-girls-docura-vagina-de-angel-young\/","url":"https:\/\/lovme.pt\/index.php\/produto\/fleshlight-girls-docura-vagina-de-angel-young\/","name":"FLESHLIGHT GIRLS - DO\u00c7URA VAGINA DE ANGEL YOUNG - Lovme","isPartOf":{"@id":"https:\/\/lovme.pt\/#website"},"primaryImageOfPage":{"@id":"https:\/\/lovme.pt\/index.php\/produto\/fleshlight-girls-docura-vagina-de-angel-young\/#primaryimage"},"image":{"@id":"https:\/\/lovme.pt\/index.php\/produto\/fleshlight-girls-docura-vagina-de-angel-young\/#primaryimage"},"thumbnailUrl":"https:\/\/erki24nd3ub.exactdn.com\/wp-content\/uploads\/dream\/img\/img_210149_79258b8334624eb6408e65c73c137b7c_1.jpg?strip=all","datePublished":"2025-10-01T03:07:13+00:00","dateModified":"2026-02-19T20:22:24+00:00","breadcrumb":{"@id":"https:\/\/lovme.pt\/index.php\/produto\/fleshlight-girls-docura-vagina-de-angel-young\/#breadcrumb"},"inLanguage":"pt-PT","potentialAction":[{"@type":"ReadAction","target":["https:\/\/lovme.pt\/index.php\/produto\/fleshlight-girls-docura-vagina-de-angel-young\/"]}]},{"@type":"ImageObject","inLanguage":"pt-PT","@id":"https:\/\/lovme.pt\/index.php\/produto\/fleshlight-girls-docura-vagina-de-angel-young\/#primaryimage","url":"https:\/\/erki24nd3ub.exactdn.com\/wp-content\/uploads\/dream\/img\/img_210149_79258b8334624eb6408e65c73c137b7c_1.jpg?strip=all","contentUrl":"https:\/\/erki24nd3ub.exactdn.com\/wp-content\/uploads\/dream\/img\/img_210149_79258b8334624eb6408e65c73c137b7c_1.jpg?strip=all","width":900,"height":900},{"@type":"BreadcrumbList","@id":"https:\/\/lovme.pt\/index.php\/produto\/fleshlight-girls-docura-vagina-de-angel-young\/#breadcrumb","itemListElement":[{"@type":"ListItem","position":1,"name":"In\u00edcio","item":"https:\/\/lovme.pt\/"},{"@type":"ListItem","position":2,"name":"Loja","item":"https:\/\/lovme.pt\/index.php\/loja\/"},{"@type":"ListItem","position":3,"name":"FLESHLIGHT GIRLS &#8211; DO\u00c7URA VAGINA DE ANGEL YOUNG"}]},{"@type":"WebSite","@id":"https:\/\/lovme.pt\/#website","url":"https:\/\/lovme.pt\/","name":"Lovme Loja Er\u00f3tica N\u00ba1 em Portugal","description":"A melhor loja er\u00f3tica de Portugal.","alternateName":"Loja Er\u00f3tica Lovme","potentialAction":[{"@type":"SearchAction","target":{"@type":"EntryPoint","urlTemplate":"https:\/\/lovme.pt\/?s={search_term_string}"},"query-input":{"@type":"PropertyValueSpecification","valueRequired":true,"valueName":"search_term_string"}}],"inLanguage":"pt-PT"}]}},"_links":{"self":[{"href":"https:\/\/lovme.pt\/index.php\/wp-json\/wp\/v2\/product\/53132","targetHints":{"allow":["GET"]}}],"collection":[{"href":"https:\/\/lovme.pt\/index.php\/wp-json\/wp\/v2\/product"}],"about":[{"href":"https:\/\/lovme.pt\/index.php\/wp-json\/wp\/v2\/types\/product"}],"wp:featuredmedia":[{"embeddable":true,"href":"https:\/\/lovme.pt\/index.php\/wp-json\/wp\/v2\/media\/101594"}],"wp:attachment":[{"href":"https:\/\/lovme.pt\/index.php\/wp-json\/wp\/v2\/media?parent=53132"}],"wp:term":[{"taxonomy":"product_brand","embeddable":true,"href":"https:\/\/lovme.pt\/index.php\/wp-json\/wp\/v2\/product_brand?post=53132"},{"taxonomy":"product_cat","embeddable":true,"href":"https:\/\/lovme.pt\/index.php\/wp-json\/wp\/v2\/product_cat?post=53132"},{"taxonomy":"product_tag","embeddable":true,"href":"https:\/\/lovme.pt\/index.php\/wp-json\/wp\/v2\/product_tag?post=53132"}],"curies":[{"name":"wp","href":"https:\/\/api.w.org\/{rel}","templated":true}]}}