{"id":53130,"date":"2025-09-30T10:03:38","date_gmt":"2025-09-30T10:03:38","guid":{"rendered":"https:\/\/lovme.pt\/?post_type=product&p=53130"},"modified":"2026-02-19T20:06:23","modified_gmt":"2026-02-19T20:06:23","slug":"silexd-modelo-de-penis-realista-2-rosa-controle-remoto-lrs-17-cm","status":"publish","type":"product","link":"https:\/\/lovme.pt\/index.php\/produto\/silexd-modelo-de-penis-realista-2-rosa-controle-remoto-lrs-17-cm\/","title":{"rendered":"SILEXD &#8211; MODELO DE P\u00caNIS REALISTA 2 ROSA + CONTROLE REMOTO LRS 17 CM"},"content":{"rendered":"<p>Descubra o prazer aut\u00eantico com o Silexd Modelo 2, um p\u00eanis realista que combina apar\u00eancia natural, toque excepcional e potente estimula\u00e7\u00e3o vibrat\u00f3ria. Projetado para quem busca intensidade, realismo e conforto em seus momentos mais \u00edntimos.<\/p>\n<p>Feito com materiais de alta qualidade, como Silexpan e silicone de grau m\u00e9dico, este vibrador oferece um exterior aveludado e um n\u00facleo firme que imita a sensa\u00e7\u00e3o do corpo humano, garantindo uma experi\u00eancia profundamente realista.<\/p>\n<p>Possui 10 modos de vibra\u00e7\u00e3o para estimula\u00e7\u00e3o personalizada e \u00e9 facilmente controlado por um controle remoto sem fio para uma experi\u00eancia de jogo ininterrupta. Gra\u00e7as \u00e0 sua bateria recarreg\u00e1vel USB integrada, voc\u00ea desfrutar\u00e1 de at\u00e9 180 minutos de prazer com uma \u00fanica carga. Al\u00e9m disso, seu motor silencioso e a resist\u00eancia \u00e0 \u00e1gua IPX4 o tornam ideal para uso discreto em diversos ambientes.<\/p>\n<p>De cor rosa vibrante, \u00e9 totalmente seguro para o corpo: livre de ftalatos, hipoalerg\u00eanico, inodoro e n\u00e3o poroso.<\/p>\n<p><u><em><strong>CARACTER\u00cdSTICAS<\/strong><\/em><\/u><\/p>\n<ul>\n<li>Materiais: SILEXPAN e silicone de grau m\u00e9dico 100% livre de ftalatos<\/li>\n<li>Cor: Rosa<\/li>\n<li>Caracter\u00edsticas: 10 modos de vibra\u00e7\u00e3o poderosos<\/li>\n<li>Controle remoto: Sim<\/li>\n<li>Di\u00e2metro: 4,3 cm<\/li>\n<li>Comprimento inser\u00edvel: 17 cm<\/li>\n<li>Comprimento total: 20 cm<\/li>\n<li>Base de suc\u00e7\u00e3o: Di\u00e2metro 6,7 cm, est\u00e1vel e segura<\/li>\n<li>Peso: 440 g<\/li>\n<li>Bateria: recarreg\u00e1vel via USB (bateria embutida)<\/li>\n<li>Autonomia: At\u00e9 180 minutos<\/li>\n<li>Termorreativo: Sim, adapta-se \u00e0 temperatura corporal<\/li>\n<li>\u00c0 prova d\u00e1gua: Sim (certifica\u00e7\u00e3o IPX4)<\/li>\n<li>Inclui: cabo de carregamento USB, manual do usu\u00e1rio e controle remoto<\/li>\n<\/ul>\n","protected":false},"excerpt":{"rendered":"<p>SILEXD &#8211; MODELO DE P\u00caNIS REALISTA 2 ROSA + CONTROLE REMOTO LRS 17 CM<\/p>\n","protected":false},"featured_media":61694,"template":"","meta":{"_acf_changed":false},"product_brand":[],"product_cat":[17,76],"product_tag":[],"class_list":{"0":"post-53130","1":"product","2":"type-product","3":"status-publish","4":"has-post-thumbnail","6":"product_cat-brinquedos-de-bem-estar-sexual","7":"product_cat-vibradores","8":"yith_product_brand-silexd","10":"first","11":"instock","12":"taxable","13":"shipping-taxable","14":"purchasable","15":"product-type-simple"},"acf":[],"yoast_head":"<!-- This site is optimized with the Yoast SEO plugin v27.4 - https:\/\/yoast.com\/product\/yoast-seo-wordpress\/ -->\n<title>SILEXD - MODELO DE P\u00caNIS REALISTA 2 ROSA + CONTROLE REMOTO LRS 17 CM - Lovme<\/title>\n<meta name=\"robots\" content=\"index, follow, max-snippet:-1, max-image-preview:large, max-video-preview:-1\" \/>\n<link rel=\"canonical\" href=\"https:\/\/lovme.pt\/index.php\/produto\/silexd-modelo-de-penis-realista-2-rosa-controle-remoto-lrs-17-cm\/\" \/>\n<meta property=\"og:locale\" content=\"pt_PT\" \/>\n<meta property=\"og:type\" content=\"article\" \/>\n<meta property=\"og:title\" content=\"SILEXD - MODELO DE P\u00caNIS REALISTA 2 ROSA + CONTROLE REMOTO LRS 17 CM - Lovme\" \/>\n<meta property=\"og:description\" content=\"SILEXD - MODELO DE P\u00caNIS REALISTA 2 ROSA + CONTROLE REMOTO LRS 17 CM\" \/>\n<meta property=\"og:url\" content=\"https:\/\/lovme.pt\/index.php\/produto\/silexd-modelo-de-penis-realista-2-rosa-controle-remoto-lrs-17-cm\/\" \/>\n<meta property=\"og:site_name\" content=\"Lovme\" \/>\n<meta property=\"article:modified_time\" content=\"2026-02-19T20:06:23+00:00\" \/>\n<meta property=\"og:image\" content=\"https:\/\/erki24nd3ub.exactdn.com\/wp-content\/uploads\/dream\/img\/img_209908_a585bb00881786c268d2f3e44ebcb6e6_1.jpg?strip=all\" \/>\n\t<meta property=\"og:image:width\" content=\"900\" \/>\n\t<meta property=\"og:image:height\" content=\"900\" \/>\n\t<meta property=\"og:image:type\" content=\"image\/jpeg\" \/>\n<meta name=\"twitter:card\" content=\"summary_large_image\" \/>\n<meta name=\"twitter:label1\" content=\"Tempo estimado de leitura\" \/>\n\t<meta name=\"twitter:data1\" content=\"1 minuto\" \/>\n<script type=\"application\/ld+json\" class=\"yoast-schema-graph\">{\"@context\":\"https:\\\/\\\/schema.org\",\"@graph\":[{\"@type\":\"WebPage\",\"@id\":\"https:\\\/\\\/lovme.pt\\\/index.php\\\/produto\\\/silexd-modelo-de-penis-realista-2-rosa-controle-remoto-lrs-17-cm\\\/\",\"url\":\"https:\\\/\\\/lovme.pt\\\/index.php\\\/produto\\\/silexd-modelo-de-penis-realista-2-rosa-controle-remoto-lrs-17-cm\\\/\",\"name\":\"SILEXD - MODELO DE P\u00caNIS REALISTA 2 ROSA + CONTROLE REMOTO LRS 17 CM - Lovme\",\"isPartOf\":{\"@id\":\"https:\\\/\\\/lovme.pt\\\/#website\"},\"primaryImageOfPage\":{\"@id\":\"https:\\\/\\\/lovme.pt\\\/index.php\\\/produto\\\/silexd-modelo-de-penis-realista-2-rosa-controle-remoto-lrs-17-cm\\\/#primaryimage\"},\"image\":{\"@id\":\"https:\\\/\\\/lovme.pt\\\/index.php\\\/produto\\\/silexd-modelo-de-penis-realista-2-rosa-controle-remoto-lrs-17-cm\\\/#primaryimage\"},\"thumbnailUrl\":\"https:\\\/\\\/erki24nd3ub.exactdn.com\\\/wp-content\\\/uploads\\\/dream\\\/img\\\/img_209908_a585bb00881786c268d2f3e44ebcb6e6_1.jpg?strip=all\",\"datePublished\":\"2025-09-30T10:03:38+00:00\",\"dateModified\":\"2026-02-19T20:06:23+00:00\",\"breadcrumb\":{\"@id\":\"https:\\\/\\\/lovme.pt\\\/index.php\\\/produto\\\/silexd-modelo-de-penis-realista-2-rosa-controle-remoto-lrs-17-cm\\\/#breadcrumb\"},\"inLanguage\":\"pt-PT\",\"potentialAction\":[{\"@type\":\"ReadAction\",\"target\":[\"https:\\\/\\\/lovme.pt\\\/index.php\\\/produto\\\/silexd-modelo-de-penis-realista-2-rosa-controle-remoto-lrs-17-cm\\\/\"]}]},{\"@type\":\"ImageObject\",\"inLanguage\":\"pt-PT\",\"@id\":\"https:\\\/\\\/lovme.pt\\\/index.php\\\/produto\\\/silexd-modelo-de-penis-realista-2-rosa-controle-remoto-lrs-17-cm\\\/#primaryimage\",\"url\":\"https:\\\/\\\/erki24nd3ub.exactdn.com\\\/wp-content\\\/uploads\\\/dream\\\/img\\\/img_209908_a585bb00881786c268d2f3e44ebcb6e6_1.jpg?strip=all\",\"contentUrl\":\"https:\\\/\\\/erki24nd3ub.exactdn.com\\\/wp-content\\\/uploads\\\/dream\\\/img\\\/img_209908_a585bb00881786c268d2f3e44ebcb6e6_1.jpg?strip=all\",\"width\":900,\"height\":900},{\"@type\":\"BreadcrumbList\",\"@id\":\"https:\\\/\\\/lovme.pt\\\/index.php\\\/produto\\\/silexd-modelo-de-penis-realista-2-rosa-controle-remoto-lrs-17-cm\\\/#breadcrumb\",\"itemListElement\":[{\"@type\":\"ListItem\",\"position\":1,\"name\":\"In\u00edcio\",\"item\":\"https:\\\/\\\/lovme.pt\\\/\"},{\"@type\":\"ListItem\",\"position\":2,\"name\":\"Loja\",\"item\":\"https:\\\/\\\/lovme.pt\\\/index.php\\\/loja\\\/\"},{\"@type\":\"ListItem\",\"position\":3,\"name\":\"SILEXD &#8211; MODELO DE P\u00caNIS REALISTA 2 ROSA + CONTROLE REMOTO LRS 17 CM\"}]},{\"@type\":\"WebSite\",\"@id\":\"https:\\\/\\\/lovme.pt\\\/#website\",\"url\":\"https:\\\/\\\/lovme.pt\\\/\",\"name\":\"Lovme Loja Er\u00f3tica N\u00ba1 em Portugal\",\"description\":\"A melhor loja er\u00f3tica de Portugal.\",\"alternateName\":\"Loja Er\u00f3tica Lovme\",\"potentialAction\":[{\"@type\":\"SearchAction\",\"target\":{\"@type\":\"EntryPoint\",\"urlTemplate\":\"https:\\\/\\\/lovme.pt\\\/?s={search_term_string}\"},\"query-input\":{\"@type\":\"PropertyValueSpecification\",\"valueRequired\":true,\"valueName\":\"search_term_string\"}}],\"inLanguage\":\"pt-PT\"}]}<\/script>\n<!-- \/ Yoast SEO plugin. -->","yoast_head_json":{"title":"SILEXD - MODELO DE P\u00caNIS REALISTA 2 ROSA + CONTROLE REMOTO LRS 17 CM - Lovme","robots":{"index":"index","follow":"follow","max-snippet":"max-snippet:-1","max-image-preview":"max-image-preview:large","max-video-preview":"max-video-preview:-1"},"canonical":"https:\/\/lovme.pt\/index.php\/produto\/silexd-modelo-de-penis-realista-2-rosa-controle-remoto-lrs-17-cm\/","og_locale":"pt_PT","og_type":"article","og_title":"SILEXD - MODELO DE P\u00caNIS REALISTA 2 ROSA + CONTROLE REMOTO LRS 17 CM - Lovme","og_description":"SILEXD - MODELO DE P\u00caNIS REALISTA 2 ROSA + CONTROLE REMOTO LRS 17 CM","og_url":"https:\/\/lovme.pt\/index.php\/produto\/silexd-modelo-de-penis-realista-2-rosa-controle-remoto-lrs-17-cm\/","og_site_name":"Lovme","article_modified_time":"2026-02-19T20:06:23+00:00","og_image":[{"width":900,"height":900,"url":"https:\/\/erki24nd3ub.exactdn.com\/wp-content\/uploads\/dream\/img\/img_209908_a585bb00881786c268d2f3e44ebcb6e6_1.jpg?strip=all","type":"image\/jpeg"}],"twitter_card":"summary_large_image","twitter_misc":{"Tempo estimado de leitura":"1 minuto"},"schema":{"@context":"https:\/\/schema.org","@graph":[{"@type":"WebPage","@id":"https:\/\/lovme.pt\/index.php\/produto\/silexd-modelo-de-penis-realista-2-rosa-controle-remoto-lrs-17-cm\/","url":"https:\/\/lovme.pt\/index.php\/produto\/silexd-modelo-de-penis-realista-2-rosa-controle-remoto-lrs-17-cm\/","name":"SILEXD - MODELO DE P\u00caNIS REALISTA 2 ROSA + CONTROLE REMOTO LRS 17 CM - Lovme","isPartOf":{"@id":"https:\/\/lovme.pt\/#website"},"primaryImageOfPage":{"@id":"https:\/\/lovme.pt\/index.php\/produto\/silexd-modelo-de-penis-realista-2-rosa-controle-remoto-lrs-17-cm\/#primaryimage"},"image":{"@id":"https:\/\/lovme.pt\/index.php\/produto\/silexd-modelo-de-penis-realista-2-rosa-controle-remoto-lrs-17-cm\/#primaryimage"},"thumbnailUrl":"https:\/\/erki24nd3ub.exactdn.com\/wp-content\/uploads\/dream\/img\/img_209908_a585bb00881786c268d2f3e44ebcb6e6_1.jpg?strip=all","datePublished":"2025-09-30T10:03:38+00:00","dateModified":"2026-02-19T20:06:23+00:00","breadcrumb":{"@id":"https:\/\/lovme.pt\/index.php\/produto\/silexd-modelo-de-penis-realista-2-rosa-controle-remoto-lrs-17-cm\/#breadcrumb"},"inLanguage":"pt-PT","potentialAction":[{"@type":"ReadAction","target":["https:\/\/lovme.pt\/index.php\/produto\/silexd-modelo-de-penis-realista-2-rosa-controle-remoto-lrs-17-cm\/"]}]},{"@type":"ImageObject","inLanguage":"pt-PT","@id":"https:\/\/lovme.pt\/index.php\/produto\/silexd-modelo-de-penis-realista-2-rosa-controle-remoto-lrs-17-cm\/#primaryimage","url":"https:\/\/erki24nd3ub.exactdn.com\/wp-content\/uploads\/dream\/img\/img_209908_a585bb00881786c268d2f3e44ebcb6e6_1.jpg?strip=all","contentUrl":"https:\/\/erki24nd3ub.exactdn.com\/wp-content\/uploads\/dream\/img\/img_209908_a585bb00881786c268d2f3e44ebcb6e6_1.jpg?strip=all","width":900,"height":900},{"@type":"BreadcrumbList","@id":"https:\/\/lovme.pt\/index.php\/produto\/silexd-modelo-de-penis-realista-2-rosa-controle-remoto-lrs-17-cm\/#breadcrumb","itemListElement":[{"@type":"ListItem","position":1,"name":"In\u00edcio","item":"https:\/\/lovme.pt\/"},{"@type":"ListItem","position":2,"name":"Loja","item":"https:\/\/lovme.pt\/index.php\/loja\/"},{"@type":"ListItem","position":3,"name":"SILEXD &#8211; MODELO DE P\u00caNIS REALISTA 2 ROSA + CONTROLE REMOTO LRS 17 CM"}]},{"@type":"WebSite","@id":"https:\/\/lovme.pt\/#website","url":"https:\/\/lovme.pt\/","name":"Lovme Loja Er\u00f3tica N\u00ba1 em Portugal","description":"A melhor loja er\u00f3tica de Portugal.","alternateName":"Loja Er\u00f3tica Lovme","potentialAction":[{"@type":"SearchAction","target":{"@type":"EntryPoint","urlTemplate":"https:\/\/lovme.pt\/?s={search_term_string}"},"query-input":{"@type":"PropertyValueSpecification","valueRequired":true,"valueName":"search_term_string"}}],"inLanguage":"pt-PT"}]}},"_links":{"self":[{"href":"https:\/\/lovme.pt\/index.php\/wp-json\/wp\/v2\/product\/53130","targetHints":{"allow":["GET"]}}],"collection":[{"href":"https:\/\/lovme.pt\/index.php\/wp-json\/wp\/v2\/product"}],"about":[{"href":"https:\/\/lovme.pt\/index.php\/wp-json\/wp\/v2\/types\/product"}],"wp:featuredmedia":[{"embeddable":true,"href":"https:\/\/lovme.pt\/index.php\/wp-json\/wp\/v2\/media\/61694"}],"wp:attachment":[{"href":"https:\/\/lovme.pt\/index.php\/wp-json\/wp\/v2\/media?parent=53130"}],"wp:term":[{"taxonomy":"product_brand","embeddable":true,"href":"https:\/\/lovme.pt\/index.php\/wp-json\/wp\/v2\/product_brand?post=53130"},{"taxonomy":"product_cat","embeddable":true,"href":"https:\/\/lovme.pt\/index.php\/wp-json\/wp\/v2\/product_cat?post=53130"},{"taxonomy":"product_tag","embeddable":true,"href":"https:\/\/lovme.pt\/index.php\/wp-json\/wp\/v2\/product_tag?post=53130"}],"curies":[{"name":"wp","href":"https:\/\/api.w.org\/{rel}","templated":true}]}}