{"id":53104,"date":"2025-09-30T09:48:45","date_gmt":"2025-09-30T09:48:45","guid":{"rendered":"https:\/\/lovme.pt\/?post_type=product&p=53104"},"modified":"2026-02-19T20:05:25","modified_gmt":"2026-02-19T20:05:25","slug":"diablo-picante-brinquedo-anti-stress-em-formato-de-seios-cor-de-carne","status":"publish","type":"product","link":"https:\/\/lovme.pt\/index.php\/produto\/diablo-picante-brinquedo-anti-stress-em-formato-de-seios-cor-de-carne\/","title":{"rendered":"DIABLO PICANTE &#8211; BRINQUEDO ANTI-STRESS EM FORMATO DE SEIOS COR DE CARNE"},"content":{"rendered":"<p>Relaxe com humor!<\/p>\n<p> Este brinquedo realista, em formato de peito, na cor da pele, \u00e9 ideal para aliviar o estresse de uma forma divertida e original. Feito de material macio e flex\u00edvel, \u00e9 perfeito para apertar, esticar ou simplesmente provocar os amigos.<\/p>\n<p> Ideal como um presente divertido para despedidas de solteiro(a), festas de adultos ou como um acess\u00f3rio decorativo ousado. Seu design ergon\u00f4mico e textura agrad\u00e1vel o tornam uma op\u00e7\u00e3o \u00fanica para combater o estresse.<\/p>\n<ul>\n<li> Cor: carne<\/li>\n<li> Material: Macio, flex\u00edvel e resistente<\/li>\n<li> Uso: Antiestresse, decorativo, presente humor\u00edstico<\/li>\n<\/ul>\n","protected":false},"excerpt":{"rendered":"<p>DIABLO PICANTE &#8211; BRINQUEDO ANTI-STRESS EM FORMATO DE SEIOS COR DE CARNE<\/p>\n","protected":false},"featured_media":57379,"template":"","meta":{"_acf_changed":false},"product_brand":[],"product_cat":[69,15],"product_tag":[],"class_list":{"0":"post-53104","1":"product","2":"type-product","3":"status-publish","4":"has-post-thumbnail","6":"product_cat-jogos-eroticos","7":"product_cat-loja","8":"yith_product_brand-diverty-sexdiablo-picante","9":"yith_product_brand-diverty-sex","11":"first","12":"instock","13":"taxable","14":"shipping-taxable","15":"purchasable","16":"product-type-simple"},"acf":[],"yoast_head":"<!-- This site is optimized with the Yoast SEO plugin v27.4 - https:\/\/yoast.com\/product\/yoast-seo-wordpress\/ -->\n<title>DIABLO PICANTE - BRINQUEDO ANTI-STRESS EM FORMATO DE SEIOS COR DE CARNE - Lovme<\/title>\n<meta name=\"robots\" content=\"index, follow, max-snippet:-1, max-image-preview:large, max-video-preview:-1\" \/>\n<link rel=\"canonical\" href=\"https:\/\/lovme.pt\/index.php\/produto\/diablo-picante-brinquedo-anti-stress-em-formato-de-seios-cor-de-carne\/\" \/>\n<meta property=\"og:locale\" content=\"pt_PT\" \/>\n<meta property=\"og:type\" content=\"article\" \/>\n<meta property=\"og:title\" content=\"DIABLO PICANTE - BRINQUEDO ANTI-STRESS EM FORMATO DE SEIOS COR DE CARNE - Lovme\" \/>\n<meta property=\"og:description\" content=\"DIABLO PICANTE - BRINQUEDO ANTI-STRESS EM FORMATO DE SEIOS COR DE CARNE\" \/>\n<meta property=\"og:url\" content=\"https:\/\/lovme.pt\/index.php\/produto\/diablo-picante-brinquedo-anti-stress-em-formato-de-seios-cor-de-carne\/\" \/>\n<meta property=\"og:site_name\" content=\"Lovme\" \/>\n<meta property=\"article:modified_time\" content=\"2026-02-19T20:05:25+00:00\" \/>\n<meta property=\"og:image\" content=\"https:\/\/erki24nd3ub.exactdn.com\/wp-content\/uploads\/dream\/img\/img_210475_ea3764b0802b1f11fbdaac7f8c486a22_1.jpg?strip=all\" \/>\n\t<meta property=\"og:image:width\" content=\"900\" \/>\n\t<meta property=\"og:image:height\" content=\"900\" \/>\n\t<meta property=\"og:image:type\" content=\"image\/jpeg\" \/>\n<meta name=\"twitter:card\" content=\"summary_large_image\" \/>\n<script type=\"application\/ld+json\" class=\"yoast-schema-graph\">{\"@context\":\"https:\\\/\\\/schema.org\",\"@graph\":[{\"@type\":\"WebPage\",\"@id\":\"https:\\\/\\\/lovme.pt\\\/index.php\\\/produto\\\/diablo-picante-brinquedo-anti-stress-em-formato-de-seios-cor-de-carne\\\/\",\"url\":\"https:\\\/\\\/lovme.pt\\\/index.php\\\/produto\\\/diablo-picante-brinquedo-anti-stress-em-formato-de-seios-cor-de-carne\\\/\",\"name\":\"DIABLO PICANTE - BRINQUEDO ANTI-STRESS EM FORMATO DE SEIOS COR DE CARNE - Lovme\",\"isPartOf\":{\"@id\":\"https:\\\/\\\/lovme.pt\\\/#website\"},\"primaryImageOfPage\":{\"@id\":\"https:\\\/\\\/lovme.pt\\\/index.php\\\/produto\\\/diablo-picante-brinquedo-anti-stress-em-formato-de-seios-cor-de-carne\\\/#primaryimage\"},\"image\":{\"@id\":\"https:\\\/\\\/lovme.pt\\\/index.php\\\/produto\\\/diablo-picante-brinquedo-anti-stress-em-formato-de-seios-cor-de-carne\\\/#primaryimage\"},\"thumbnailUrl\":\"https:\\\/\\\/erki24nd3ub.exactdn.com\\\/wp-content\\\/uploads\\\/dream\\\/img\\\/img_210475_ea3764b0802b1f11fbdaac7f8c486a22_1.jpg?strip=all\",\"datePublished\":\"2025-09-30T09:48:45+00:00\",\"dateModified\":\"2026-02-19T20:05:25+00:00\",\"breadcrumb\":{\"@id\":\"https:\\\/\\\/lovme.pt\\\/index.php\\\/produto\\\/diablo-picante-brinquedo-anti-stress-em-formato-de-seios-cor-de-carne\\\/#breadcrumb\"},\"inLanguage\":\"pt-PT\",\"potentialAction\":[{\"@type\":\"ReadAction\",\"target\":[\"https:\\\/\\\/lovme.pt\\\/index.php\\\/produto\\\/diablo-picante-brinquedo-anti-stress-em-formato-de-seios-cor-de-carne\\\/\"]}]},{\"@type\":\"ImageObject\",\"inLanguage\":\"pt-PT\",\"@id\":\"https:\\\/\\\/lovme.pt\\\/index.php\\\/produto\\\/diablo-picante-brinquedo-anti-stress-em-formato-de-seios-cor-de-carne\\\/#primaryimage\",\"url\":\"https:\\\/\\\/erki24nd3ub.exactdn.com\\\/wp-content\\\/uploads\\\/dream\\\/img\\\/img_210475_ea3764b0802b1f11fbdaac7f8c486a22_1.jpg?strip=all\",\"contentUrl\":\"https:\\\/\\\/erki24nd3ub.exactdn.com\\\/wp-content\\\/uploads\\\/dream\\\/img\\\/img_210475_ea3764b0802b1f11fbdaac7f8c486a22_1.jpg?strip=all\",\"width\":900,\"height\":900},{\"@type\":\"BreadcrumbList\",\"@id\":\"https:\\\/\\\/lovme.pt\\\/index.php\\\/produto\\\/diablo-picante-brinquedo-anti-stress-em-formato-de-seios-cor-de-carne\\\/#breadcrumb\",\"itemListElement\":[{\"@type\":\"ListItem\",\"position\":1,\"name\":\"In\u00edcio\",\"item\":\"https:\\\/\\\/lovme.pt\\\/\"},{\"@type\":\"ListItem\",\"position\":2,\"name\":\"Loja\",\"item\":\"https:\\\/\\\/lovme.pt\\\/index.php\\\/loja\\\/\"},{\"@type\":\"ListItem\",\"position\":3,\"name\":\"DIABLO PICANTE &#8211; BRINQUEDO ANTI-STRESS EM FORMATO DE SEIOS COR DE CARNE\"}]},{\"@type\":\"WebSite\",\"@id\":\"https:\\\/\\\/lovme.pt\\\/#website\",\"url\":\"https:\\\/\\\/lovme.pt\\\/\",\"name\":\"Lovme Loja Er\u00f3tica N\u00ba1 em Portugal\",\"description\":\"A melhor loja er\u00f3tica de Portugal.\",\"alternateName\":\"Loja Er\u00f3tica Lovme\",\"potentialAction\":[{\"@type\":\"SearchAction\",\"target\":{\"@type\":\"EntryPoint\",\"urlTemplate\":\"https:\\\/\\\/lovme.pt\\\/?s={search_term_string}\"},\"query-input\":{\"@type\":\"PropertyValueSpecification\",\"valueRequired\":true,\"valueName\":\"search_term_string\"}}],\"inLanguage\":\"pt-PT\"}]}<\/script>\n<!-- \/ Yoast SEO plugin. -->","yoast_head_json":{"title":"DIABLO PICANTE - BRINQUEDO ANTI-STRESS EM FORMATO DE SEIOS COR DE CARNE - Lovme","robots":{"index":"index","follow":"follow","max-snippet":"max-snippet:-1","max-image-preview":"max-image-preview:large","max-video-preview":"max-video-preview:-1"},"canonical":"https:\/\/lovme.pt\/index.php\/produto\/diablo-picante-brinquedo-anti-stress-em-formato-de-seios-cor-de-carne\/","og_locale":"pt_PT","og_type":"article","og_title":"DIABLO PICANTE - BRINQUEDO ANTI-STRESS EM FORMATO DE SEIOS COR DE CARNE - Lovme","og_description":"DIABLO PICANTE - BRINQUEDO ANTI-STRESS EM FORMATO DE SEIOS COR DE CARNE","og_url":"https:\/\/lovme.pt\/index.php\/produto\/diablo-picante-brinquedo-anti-stress-em-formato-de-seios-cor-de-carne\/","og_site_name":"Lovme","article_modified_time":"2026-02-19T20:05:25+00:00","og_image":[{"width":900,"height":900,"url":"https:\/\/erki24nd3ub.exactdn.com\/wp-content\/uploads\/dream\/img\/img_210475_ea3764b0802b1f11fbdaac7f8c486a22_1.jpg?strip=all","type":"image\/jpeg"}],"twitter_card":"summary_large_image","schema":{"@context":"https:\/\/schema.org","@graph":[{"@type":"WebPage","@id":"https:\/\/lovme.pt\/index.php\/produto\/diablo-picante-brinquedo-anti-stress-em-formato-de-seios-cor-de-carne\/","url":"https:\/\/lovme.pt\/index.php\/produto\/diablo-picante-brinquedo-anti-stress-em-formato-de-seios-cor-de-carne\/","name":"DIABLO PICANTE - BRINQUEDO ANTI-STRESS EM FORMATO DE SEIOS COR DE CARNE - Lovme","isPartOf":{"@id":"https:\/\/lovme.pt\/#website"},"primaryImageOfPage":{"@id":"https:\/\/lovme.pt\/index.php\/produto\/diablo-picante-brinquedo-anti-stress-em-formato-de-seios-cor-de-carne\/#primaryimage"},"image":{"@id":"https:\/\/lovme.pt\/index.php\/produto\/diablo-picante-brinquedo-anti-stress-em-formato-de-seios-cor-de-carne\/#primaryimage"},"thumbnailUrl":"https:\/\/erki24nd3ub.exactdn.com\/wp-content\/uploads\/dream\/img\/img_210475_ea3764b0802b1f11fbdaac7f8c486a22_1.jpg?strip=all","datePublished":"2025-09-30T09:48:45+00:00","dateModified":"2026-02-19T20:05:25+00:00","breadcrumb":{"@id":"https:\/\/lovme.pt\/index.php\/produto\/diablo-picante-brinquedo-anti-stress-em-formato-de-seios-cor-de-carne\/#breadcrumb"},"inLanguage":"pt-PT","potentialAction":[{"@type":"ReadAction","target":["https:\/\/lovme.pt\/index.php\/produto\/diablo-picante-brinquedo-anti-stress-em-formato-de-seios-cor-de-carne\/"]}]},{"@type":"ImageObject","inLanguage":"pt-PT","@id":"https:\/\/lovme.pt\/index.php\/produto\/diablo-picante-brinquedo-anti-stress-em-formato-de-seios-cor-de-carne\/#primaryimage","url":"https:\/\/erki24nd3ub.exactdn.com\/wp-content\/uploads\/dream\/img\/img_210475_ea3764b0802b1f11fbdaac7f8c486a22_1.jpg?strip=all","contentUrl":"https:\/\/erki24nd3ub.exactdn.com\/wp-content\/uploads\/dream\/img\/img_210475_ea3764b0802b1f11fbdaac7f8c486a22_1.jpg?strip=all","width":900,"height":900},{"@type":"BreadcrumbList","@id":"https:\/\/lovme.pt\/index.php\/produto\/diablo-picante-brinquedo-anti-stress-em-formato-de-seios-cor-de-carne\/#breadcrumb","itemListElement":[{"@type":"ListItem","position":1,"name":"In\u00edcio","item":"https:\/\/lovme.pt\/"},{"@type":"ListItem","position":2,"name":"Loja","item":"https:\/\/lovme.pt\/index.php\/loja\/"},{"@type":"ListItem","position":3,"name":"DIABLO PICANTE &#8211; BRINQUEDO ANTI-STRESS EM FORMATO DE SEIOS COR DE CARNE"}]},{"@type":"WebSite","@id":"https:\/\/lovme.pt\/#website","url":"https:\/\/lovme.pt\/","name":"Lovme Loja Er\u00f3tica N\u00ba1 em Portugal","description":"A melhor loja er\u00f3tica de Portugal.","alternateName":"Loja Er\u00f3tica Lovme","potentialAction":[{"@type":"SearchAction","target":{"@type":"EntryPoint","urlTemplate":"https:\/\/lovme.pt\/?s={search_term_string}"},"query-input":{"@type":"PropertyValueSpecification","valueRequired":true,"valueName":"search_term_string"}}],"inLanguage":"pt-PT"}]}},"_links":{"self":[{"href":"https:\/\/lovme.pt\/index.php\/wp-json\/wp\/v2\/product\/53104","targetHints":{"allow":["GET"]}}],"collection":[{"href":"https:\/\/lovme.pt\/index.php\/wp-json\/wp\/v2\/product"}],"about":[{"href":"https:\/\/lovme.pt\/index.php\/wp-json\/wp\/v2\/types\/product"}],"wp:featuredmedia":[{"embeddable":true,"href":"https:\/\/lovme.pt\/index.php\/wp-json\/wp\/v2\/media\/57379"}],"wp:attachment":[{"href":"https:\/\/lovme.pt\/index.php\/wp-json\/wp\/v2\/media?parent=53104"}],"wp:term":[{"taxonomy":"product_brand","embeddable":true,"href":"https:\/\/lovme.pt\/index.php\/wp-json\/wp\/v2\/product_brand?post=53104"},{"taxonomy":"product_cat","embeddable":true,"href":"https:\/\/lovme.pt\/index.php\/wp-json\/wp\/v2\/product_cat?post=53104"},{"taxonomy":"product_tag","embeddable":true,"href":"https:\/\/lovme.pt\/index.php\/wp-json\/wp\/v2\/product_tag?post=53104"}],"curies":[{"name":"wp","href":"https:\/\/api.w.org\/{rel}","templated":true}]}}