{"id":53100,"date":"2025-09-30T09:48:44","date_gmt":"2025-09-30T09:48:44","guid":{"rendered":"https:\/\/lovme.pt\/?post_type=product&p=53100"},"modified":"2026-02-19T20:05:25","modified_gmt":"2026-02-19T20:05:25","slug":"diablo-picante-ima-de-seio-em-caneca-de-ceramica-para-minha-melhor-amiga","status":"publish","type":"product","link":"https:\/\/lovme.pt\/index.php\/produto\/diablo-picante-ima-de-seio-em-caneca-de-ceramica-para-minha-melhor-amiga\/","title":{"rendered":"DIABLO PICANTE  \u00cdM\u00c3 DE SEIO EM CANECA DE CER\u00c2MICA \u201cPARA MINHA MELHOR AMIGA\u201d"},"content":{"rendered":"<p>Ousado e divertido!<\/p>\n<p>Este \u00edm\u00e3 de cer\u00e2mica em formato de peito \u00e9 um mini jarro decorado com um design marcante, ideal para surpreender, brincar ou presentear em despedidas de solteiro, festas picantes ou simplesmente como um presente divertido para adultos.<\/p>\n<p>Feito em cer\u00e2mica com acabamentos de alta qualidade, alia humor a um estilo original.<\/p>\n<ul>\n<li>Material: Cer\u00e2mica<\/li>\n<li>Formato: Ba\u00fa de jarro<\/li>\n<li>Design: Spicy Devil<\/li>\n<li>Fun\u00e7\u00e3o: \u00cdm\u00e3 decorativo (n\u00e3o adequado para beber)<\/li>\n<\/ul>\n<p>Ideal para: presentes para adultos, decora\u00e7\u00e3o ousada, lembran\u00e7as engra\u00e7adas<\/p>\n","protected":false},"excerpt":{"rendered":"<p>DIABLO PICANTE  \u00cdM\u00c3 DE SEIO EM CANECA DE CER\u00c2MICA \u201cPARA MINHA MELHOR AMIGA\u201d<\/p>\n","protected":false},"featured_media":57375,"template":"","meta":{"_acf_changed":false},"product_brand":[],"product_cat":[69,15],"product_tag":[],"class_list":{"0":"post-53100","1":"product","2":"type-product","3":"status-publish","4":"has-post-thumbnail","6":"product_cat-jogos-eroticos","7":"product_cat-loja","8":"yith_product_brand-diverty-sexdiablo-picante","9":"yith_product_brand-diverty-sex","11":"first","12":"instock","13":"taxable","14":"shipping-taxable","15":"purchasable","16":"product-type-simple"},"acf":[],"yoast_head":"<!-- This site is optimized with the Yoast SEO plugin v27.4 - https:\/\/yoast.com\/product\/yoast-seo-wordpress\/ -->\n<title>DIABLO PICANTE \u00cdM\u00c3 DE SEIO EM CANECA DE CER\u00c2MICA \u201cPARA MINHA MELHOR AMIGA\u201d - Lovme<\/title>\n<meta name=\"robots\" content=\"index, follow, max-snippet:-1, max-image-preview:large, max-video-preview:-1\" \/>\n<link rel=\"canonical\" href=\"https:\/\/lovme.pt\/index.php\/produto\/diablo-picante-ima-de-seio-em-caneca-de-ceramica-para-minha-melhor-amiga\/\" \/>\n<meta property=\"og:locale\" content=\"pt_PT\" \/>\n<meta property=\"og:type\" content=\"article\" \/>\n<meta property=\"og:title\" content=\"DIABLO PICANTE \u00cdM\u00c3 DE SEIO EM CANECA DE CER\u00c2MICA \u201cPARA MINHA MELHOR AMIGA\u201d - Lovme\" \/>\n<meta property=\"og:description\" content=\"DIABLO PICANTE \u00cdM\u00c3 DE SEIO EM CANECA DE CER\u00c2MICA \u201cPARA MINHA MELHOR AMIGA\u201d\" \/>\n<meta property=\"og:url\" content=\"https:\/\/lovme.pt\/index.php\/produto\/diablo-picante-ima-de-seio-em-caneca-de-ceramica-para-minha-melhor-amiga\/\" \/>\n<meta property=\"og:site_name\" content=\"Lovme\" \/>\n<meta property=\"article:modified_time\" content=\"2026-02-19T20:05:25+00:00\" \/>\n<meta property=\"og:image\" content=\"https:\/\/erki24nd3ub.exactdn.com\/wp-content\/uploads\/dream\/img\/img_209809_e958f6bc049e6b9cc5018f044014ed5f_1.jpg?strip=all\" \/>\n\t<meta property=\"og:image:width\" content=\"900\" \/>\n\t<meta property=\"og:image:height\" content=\"900\" \/>\n\t<meta property=\"og:image:type\" content=\"image\/jpeg\" \/>\n<meta name=\"twitter:card\" content=\"summary_large_image\" \/>\n<script type=\"application\/ld+json\" class=\"yoast-schema-graph\">{\"@context\":\"https:\\\/\\\/schema.org\",\"@graph\":[{\"@type\":\"WebPage\",\"@id\":\"https:\\\/\\\/lovme.pt\\\/index.php\\\/produto\\\/diablo-picante-ima-de-seio-em-caneca-de-ceramica-para-minha-melhor-amiga\\\/\",\"url\":\"https:\\\/\\\/lovme.pt\\\/index.php\\\/produto\\\/diablo-picante-ima-de-seio-em-caneca-de-ceramica-para-minha-melhor-amiga\\\/\",\"name\":\"DIABLO PICANTE \u00cdM\u00c3 DE SEIO EM CANECA DE CER\u00c2MICA \u201cPARA MINHA MELHOR AMIGA\u201d - Lovme\",\"isPartOf\":{\"@id\":\"https:\\\/\\\/lovme.pt\\\/#website\"},\"primaryImageOfPage\":{\"@id\":\"https:\\\/\\\/lovme.pt\\\/index.php\\\/produto\\\/diablo-picante-ima-de-seio-em-caneca-de-ceramica-para-minha-melhor-amiga\\\/#primaryimage\"},\"image\":{\"@id\":\"https:\\\/\\\/lovme.pt\\\/index.php\\\/produto\\\/diablo-picante-ima-de-seio-em-caneca-de-ceramica-para-minha-melhor-amiga\\\/#primaryimage\"},\"thumbnailUrl\":\"https:\\\/\\\/erki24nd3ub.exactdn.com\\\/wp-content\\\/uploads\\\/dream\\\/img\\\/img_209809_e958f6bc049e6b9cc5018f044014ed5f_1.jpg?strip=all\",\"datePublished\":\"2025-09-30T09:48:44+00:00\",\"dateModified\":\"2026-02-19T20:05:25+00:00\",\"breadcrumb\":{\"@id\":\"https:\\\/\\\/lovme.pt\\\/index.php\\\/produto\\\/diablo-picante-ima-de-seio-em-caneca-de-ceramica-para-minha-melhor-amiga\\\/#breadcrumb\"},\"inLanguage\":\"pt-PT\",\"potentialAction\":[{\"@type\":\"ReadAction\",\"target\":[\"https:\\\/\\\/lovme.pt\\\/index.php\\\/produto\\\/diablo-picante-ima-de-seio-em-caneca-de-ceramica-para-minha-melhor-amiga\\\/\"]}]},{\"@type\":\"ImageObject\",\"inLanguage\":\"pt-PT\",\"@id\":\"https:\\\/\\\/lovme.pt\\\/index.php\\\/produto\\\/diablo-picante-ima-de-seio-em-caneca-de-ceramica-para-minha-melhor-amiga\\\/#primaryimage\",\"url\":\"https:\\\/\\\/erki24nd3ub.exactdn.com\\\/wp-content\\\/uploads\\\/dream\\\/img\\\/img_209809_e958f6bc049e6b9cc5018f044014ed5f_1.jpg?strip=all\",\"contentUrl\":\"https:\\\/\\\/erki24nd3ub.exactdn.com\\\/wp-content\\\/uploads\\\/dream\\\/img\\\/img_209809_e958f6bc049e6b9cc5018f044014ed5f_1.jpg?strip=all\",\"width\":900,\"height\":900},{\"@type\":\"BreadcrumbList\",\"@id\":\"https:\\\/\\\/lovme.pt\\\/index.php\\\/produto\\\/diablo-picante-ima-de-seio-em-caneca-de-ceramica-para-minha-melhor-amiga\\\/#breadcrumb\",\"itemListElement\":[{\"@type\":\"ListItem\",\"position\":1,\"name\":\"In\u00edcio\",\"item\":\"https:\\\/\\\/lovme.pt\\\/\"},{\"@type\":\"ListItem\",\"position\":2,\"name\":\"Loja\",\"item\":\"https:\\\/\\\/lovme.pt\\\/index.php\\\/loja\\\/\"},{\"@type\":\"ListItem\",\"position\":3,\"name\":\"DIABLO PICANTE \u00cdM\u00c3 DE SEIO EM CANECA DE CER\u00c2MICA \u201cPARA MINHA MELHOR AMIGA\u201d\"}]},{\"@type\":\"WebSite\",\"@id\":\"https:\\\/\\\/lovme.pt\\\/#website\",\"url\":\"https:\\\/\\\/lovme.pt\\\/\",\"name\":\"Lovme Loja Er\u00f3tica N\u00ba1 em Portugal\",\"description\":\"A melhor loja er\u00f3tica de Portugal.\",\"alternateName\":\"Loja Er\u00f3tica Lovme\",\"potentialAction\":[{\"@type\":\"SearchAction\",\"target\":{\"@type\":\"EntryPoint\",\"urlTemplate\":\"https:\\\/\\\/lovme.pt\\\/?s={search_term_string}\"},\"query-input\":{\"@type\":\"PropertyValueSpecification\",\"valueRequired\":true,\"valueName\":\"search_term_string\"}}],\"inLanguage\":\"pt-PT\"}]}<\/script>\n<!-- \/ Yoast SEO plugin. -->","yoast_head_json":{"title":"DIABLO PICANTE \u00cdM\u00c3 DE SEIO EM CANECA DE CER\u00c2MICA \u201cPARA MINHA MELHOR AMIGA\u201d - Lovme","robots":{"index":"index","follow":"follow","max-snippet":"max-snippet:-1","max-image-preview":"max-image-preview:large","max-video-preview":"max-video-preview:-1"},"canonical":"https:\/\/lovme.pt\/index.php\/produto\/diablo-picante-ima-de-seio-em-caneca-de-ceramica-para-minha-melhor-amiga\/","og_locale":"pt_PT","og_type":"article","og_title":"DIABLO PICANTE \u00cdM\u00c3 DE SEIO EM CANECA DE CER\u00c2MICA \u201cPARA MINHA MELHOR AMIGA\u201d - Lovme","og_description":"DIABLO PICANTE \u00cdM\u00c3 DE SEIO EM CANECA DE CER\u00c2MICA \u201cPARA MINHA MELHOR AMIGA\u201d","og_url":"https:\/\/lovme.pt\/index.php\/produto\/diablo-picante-ima-de-seio-em-caneca-de-ceramica-para-minha-melhor-amiga\/","og_site_name":"Lovme","article_modified_time":"2026-02-19T20:05:25+00:00","og_image":[{"width":900,"height":900,"url":"https:\/\/erki24nd3ub.exactdn.com\/wp-content\/uploads\/dream\/img\/img_209809_e958f6bc049e6b9cc5018f044014ed5f_1.jpg?strip=all","type":"image\/jpeg"}],"twitter_card":"summary_large_image","schema":{"@context":"https:\/\/schema.org","@graph":[{"@type":"WebPage","@id":"https:\/\/lovme.pt\/index.php\/produto\/diablo-picante-ima-de-seio-em-caneca-de-ceramica-para-minha-melhor-amiga\/","url":"https:\/\/lovme.pt\/index.php\/produto\/diablo-picante-ima-de-seio-em-caneca-de-ceramica-para-minha-melhor-amiga\/","name":"DIABLO PICANTE \u00cdM\u00c3 DE SEIO EM CANECA DE CER\u00c2MICA \u201cPARA MINHA MELHOR AMIGA\u201d - Lovme","isPartOf":{"@id":"https:\/\/lovme.pt\/#website"},"primaryImageOfPage":{"@id":"https:\/\/lovme.pt\/index.php\/produto\/diablo-picante-ima-de-seio-em-caneca-de-ceramica-para-minha-melhor-amiga\/#primaryimage"},"image":{"@id":"https:\/\/lovme.pt\/index.php\/produto\/diablo-picante-ima-de-seio-em-caneca-de-ceramica-para-minha-melhor-amiga\/#primaryimage"},"thumbnailUrl":"https:\/\/erki24nd3ub.exactdn.com\/wp-content\/uploads\/dream\/img\/img_209809_e958f6bc049e6b9cc5018f044014ed5f_1.jpg?strip=all","datePublished":"2025-09-30T09:48:44+00:00","dateModified":"2026-02-19T20:05:25+00:00","breadcrumb":{"@id":"https:\/\/lovme.pt\/index.php\/produto\/diablo-picante-ima-de-seio-em-caneca-de-ceramica-para-minha-melhor-amiga\/#breadcrumb"},"inLanguage":"pt-PT","potentialAction":[{"@type":"ReadAction","target":["https:\/\/lovme.pt\/index.php\/produto\/diablo-picante-ima-de-seio-em-caneca-de-ceramica-para-minha-melhor-amiga\/"]}]},{"@type":"ImageObject","inLanguage":"pt-PT","@id":"https:\/\/lovme.pt\/index.php\/produto\/diablo-picante-ima-de-seio-em-caneca-de-ceramica-para-minha-melhor-amiga\/#primaryimage","url":"https:\/\/erki24nd3ub.exactdn.com\/wp-content\/uploads\/dream\/img\/img_209809_e958f6bc049e6b9cc5018f044014ed5f_1.jpg?strip=all","contentUrl":"https:\/\/erki24nd3ub.exactdn.com\/wp-content\/uploads\/dream\/img\/img_209809_e958f6bc049e6b9cc5018f044014ed5f_1.jpg?strip=all","width":900,"height":900},{"@type":"BreadcrumbList","@id":"https:\/\/lovme.pt\/index.php\/produto\/diablo-picante-ima-de-seio-em-caneca-de-ceramica-para-minha-melhor-amiga\/#breadcrumb","itemListElement":[{"@type":"ListItem","position":1,"name":"In\u00edcio","item":"https:\/\/lovme.pt\/"},{"@type":"ListItem","position":2,"name":"Loja","item":"https:\/\/lovme.pt\/index.php\/loja\/"},{"@type":"ListItem","position":3,"name":"DIABLO PICANTE \u00cdM\u00c3 DE SEIO EM CANECA DE CER\u00c2MICA \u201cPARA MINHA MELHOR AMIGA\u201d"}]},{"@type":"WebSite","@id":"https:\/\/lovme.pt\/#website","url":"https:\/\/lovme.pt\/","name":"Lovme Loja Er\u00f3tica N\u00ba1 em Portugal","description":"A melhor loja er\u00f3tica de Portugal.","alternateName":"Loja Er\u00f3tica Lovme","potentialAction":[{"@type":"SearchAction","target":{"@type":"EntryPoint","urlTemplate":"https:\/\/lovme.pt\/?s={search_term_string}"},"query-input":{"@type":"PropertyValueSpecification","valueRequired":true,"valueName":"search_term_string"}}],"inLanguage":"pt-PT"}]}},"_links":{"self":[{"href":"https:\/\/lovme.pt\/index.php\/wp-json\/wp\/v2\/product\/53100","targetHints":{"allow":["GET"]}}],"collection":[{"href":"https:\/\/lovme.pt\/index.php\/wp-json\/wp\/v2\/product"}],"about":[{"href":"https:\/\/lovme.pt\/index.php\/wp-json\/wp\/v2\/types\/product"}],"wp:featuredmedia":[{"embeddable":true,"href":"https:\/\/lovme.pt\/index.php\/wp-json\/wp\/v2\/media\/57375"}],"wp:attachment":[{"href":"https:\/\/lovme.pt\/index.php\/wp-json\/wp\/v2\/media?parent=53100"}],"wp:term":[{"taxonomy":"product_brand","embeddable":true,"href":"https:\/\/lovme.pt\/index.php\/wp-json\/wp\/v2\/product_brand?post=53100"},{"taxonomy":"product_cat","embeddable":true,"href":"https:\/\/lovme.pt\/index.php\/wp-json\/wp\/v2\/product_cat?post=53100"},{"taxonomy":"product_tag","embeddable":true,"href":"https:\/\/lovme.pt\/index.php\/wp-json\/wp\/v2\/product_tag?post=53100"}],"curies":[{"name":"wp","href":"https:\/\/api.w.org\/{rel}","templated":true}]}}