{"id":53033,"date":"2025-09-30T22:07:50","date_gmt":"2025-09-30T22:07:50","guid":{"rendered":"https:\/\/lovme.pt\/?post_type=product&p=53033"},"modified":"2026-02-19T20:09:14","modified_gmt":"2026-02-19T20:09:14","slug":"kiiroo-maquina-de-sexo-interativa-de-dirigir-com-prazer","status":"publish","type":"product","link":"https:\/\/lovme.pt\/index.php\/produto\/kiiroo-maquina-de-sexo-interativa-de-dirigir-com-prazer\/","title":{"rendered":"KIIROO &#8211; M\u00c1QUINA DE SEXO INTERATIVA DE DIRIGIR COM PRAZER"},"content":{"rendered":"<div>\n<p>PleasureDrive \u00e9 a chave para performances de webcam de alto n\u00edvel. Esta robusta m\u00e1quina sexual foi projetada para cativar o p\u00fablico e faz\u00ea-lo voltar para mais. O PleasureDrive se conecta perfeitamente ao FeelPerformer e ao FeelHubX para que os f\u00e3s possam controlar a velocidade e os padr\u00f5es de penetra\u00e7\u00e3o com suas pontas. Projetado para pot\u00eancia e conforto, o PleasureDrive vem com um motor de alto desempenho e uma estrutura robusta que se mant\u00e9m no lugar. Personalize-o com qualquer brinquedo compat\u00edvel com KlicLok e use o controle remoto ou o aplicativo FeelConnect para escolher a velocidade, a profundidade e o ritmo da penetra\u00e7\u00e3o.<\/p>\n<p>O PleasureDrive foi projetado para aprimorar seus shows de c\u00e2mera e garantir que todos os olhos estejam em voc\u00ea durante sua apresenta\u00e7\u00e3o. &#8211; At\u00e9 240 movimentos por minuto. &#8211; Movimentos ativados pela ponta para que seus f\u00e3s possam interagir com o PleasureDrive &#8211; Estrutura robusta, peso de 7 kg e um cabo de 2 m para mant\u00ea-lo no centro do palco &#8211; \u00c2ngulos ajust\u00e1veis para que voc\u00ea possa explorar qualquer posi\u00e7\u00e3o que seus f\u00e3s desejarem &#8211; Velocidade e comprimento do curso ajust\u00e1veis &#8211; Personalize os modelos OBS para sincronizar com suas pontas &#8211; Conex\u00e3o Bluetooth forte e confi\u00e1vel &#8211; Conecte-se com o aplicativo FeelConnect ou os aplicativos de desktop FeelPerformer e FeelHubX &#8211; Compat\u00edvel com mais de 16 plataformas principais de webcam<\/p>\n<p><u><em><strong>O que est\u00e1 na caixa:<\/strong><\/em><\/u><\/p>\n<ul>\n<li>Kiiro Pleasure Drive.<\/li>\n<li>Estojo de transporte &#8211; Vibrador de silicone premium<\/li>\n<li>Plugue UE.<\/li>\n<li>Controle remoto.<\/li>\n<\/ul>\n<\/div>\n","protected":false},"excerpt":{"rendered":"<p>KIIROO &#8211; M\u00c1QUINA DE SEXO INTERATIVA DE DIRIGIR COM PRAZER<\/p>\n","protected":false},"featured_media":74254,"template":"","meta":{"_acf_changed":false},"product_brand":[],"product_cat":[17,61,76],"product_tag":[],"class_list":{"0":"post-53033","1":"product","2":"type-product","3":"status-publish","4":"has-post-thumbnail","6":"product_cat-brinquedos-de-bem-estar-sexual","7":"product_cat-para-elas","8":"product_cat-vibradores","9":"yith_product_brand-kiiroo","11":"first","12":"instock","13":"taxable","14":"shipping-taxable","15":"purchasable","16":"product-type-simple"},"acf":[],"yoast_head":"<!-- This site is optimized with the Yoast SEO plugin v27.4 - https:\/\/yoast.com\/product\/yoast-seo-wordpress\/ -->\n<title>KIIROO - M\u00c1QUINA DE SEXO INTERATIVA DE DIRIGIR COM PRAZER - Lovme<\/title>\n<meta name=\"robots\" content=\"index, follow, max-snippet:-1, max-image-preview:large, max-video-preview:-1\" \/>\n<link rel=\"canonical\" href=\"https:\/\/lovme.pt\/index.php\/produto\/kiiroo-maquina-de-sexo-interativa-de-dirigir-com-prazer\/\" \/>\n<meta property=\"og:locale\" content=\"pt_PT\" \/>\n<meta property=\"og:type\" content=\"article\" \/>\n<meta property=\"og:title\" content=\"KIIROO - M\u00c1QUINA DE SEXO INTERATIVA DE DIRIGIR COM PRAZER - Lovme\" \/>\n<meta property=\"og:description\" content=\"KIIROO - M\u00c1QUINA DE SEXO INTERATIVA DE DIRIGIR COM PRAZER\" \/>\n<meta property=\"og:url\" content=\"https:\/\/lovme.pt\/index.php\/produto\/kiiroo-maquina-de-sexo-interativa-de-dirigir-com-prazer\/\" \/>\n<meta property=\"og:site_name\" content=\"Lovme\" \/>\n<meta property=\"article:modified_time\" content=\"2026-02-19T20:09:14+00:00\" \/>\n<meta property=\"og:image\" content=\"https:\/\/erki24nd3ub.exactdn.com\/wp-content\/uploads\/dream\/img\/img_209676_60503b1abb19a8dd79991639b3e8ce9e_1.jpg?strip=all\" \/>\n\t<meta property=\"og:image:width\" content=\"900\" \/>\n\t<meta property=\"og:image:height\" content=\"900\" \/>\n\t<meta property=\"og:image:type\" content=\"image\/jpeg\" \/>\n<meta name=\"twitter:card\" content=\"summary_large_image\" \/>\n<meta name=\"twitter:label1\" content=\"Tempo estimado de leitura\" \/>\n\t<meta name=\"twitter:data1\" content=\"1 minuto\" \/>\n<script type=\"application\/ld+json\" class=\"yoast-schema-graph\">{\"@context\":\"https:\\\/\\\/schema.org\",\"@graph\":[{\"@type\":\"WebPage\",\"@id\":\"https:\\\/\\\/lovme.pt\\\/index.php\\\/produto\\\/kiiroo-maquina-de-sexo-interativa-de-dirigir-com-prazer\\\/\",\"url\":\"https:\\\/\\\/lovme.pt\\\/index.php\\\/produto\\\/kiiroo-maquina-de-sexo-interativa-de-dirigir-com-prazer\\\/\",\"name\":\"KIIROO - M\u00c1QUINA DE SEXO INTERATIVA DE DIRIGIR COM PRAZER - Lovme\",\"isPartOf\":{\"@id\":\"https:\\\/\\\/lovme.pt\\\/#website\"},\"primaryImageOfPage\":{\"@id\":\"https:\\\/\\\/lovme.pt\\\/index.php\\\/produto\\\/kiiroo-maquina-de-sexo-interativa-de-dirigir-com-prazer\\\/#primaryimage\"},\"image\":{\"@id\":\"https:\\\/\\\/lovme.pt\\\/index.php\\\/produto\\\/kiiroo-maquina-de-sexo-interativa-de-dirigir-com-prazer\\\/#primaryimage\"},\"thumbnailUrl\":\"https:\\\/\\\/erki24nd3ub.exactdn.com\\\/wp-content\\\/uploads\\\/dream\\\/img\\\/img_209676_60503b1abb19a8dd79991639b3e8ce9e_1.jpg?strip=all\",\"datePublished\":\"2025-09-30T22:07:50+00:00\",\"dateModified\":\"2026-02-19T20:09:14+00:00\",\"breadcrumb\":{\"@id\":\"https:\\\/\\\/lovme.pt\\\/index.php\\\/produto\\\/kiiroo-maquina-de-sexo-interativa-de-dirigir-com-prazer\\\/#breadcrumb\"},\"inLanguage\":\"pt-PT\",\"potentialAction\":[{\"@type\":\"ReadAction\",\"target\":[\"https:\\\/\\\/lovme.pt\\\/index.php\\\/produto\\\/kiiroo-maquina-de-sexo-interativa-de-dirigir-com-prazer\\\/\"]}]},{\"@type\":\"ImageObject\",\"inLanguage\":\"pt-PT\",\"@id\":\"https:\\\/\\\/lovme.pt\\\/index.php\\\/produto\\\/kiiroo-maquina-de-sexo-interativa-de-dirigir-com-prazer\\\/#primaryimage\",\"url\":\"https:\\\/\\\/erki24nd3ub.exactdn.com\\\/wp-content\\\/uploads\\\/dream\\\/img\\\/img_209676_60503b1abb19a8dd79991639b3e8ce9e_1.jpg?strip=all\",\"contentUrl\":\"https:\\\/\\\/erki24nd3ub.exactdn.com\\\/wp-content\\\/uploads\\\/dream\\\/img\\\/img_209676_60503b1abb19a8dd79991639b3e8ce9e_1.jpg?strip=all\",\"width\":900,\"height\":900},{\"@type\":\"BreadcrumbList\",\"@id\":\"https:\\\/\\\/lovme.pt\\\/index.php\\\/produto\\\/kiiroo-maquina-de-sexo-interativa-de-dirigir-com-prazer\\\/#breadcrumb\",\"itemListElement\":[{\"@type\":\"ListItem\",\"position\":1,\"name\":\"In\u00edcio\",\"item\":\"https:\\\/\\\/lovme.pt\\\/\"},{\"@type\":\"ListItem\",\"position\":2,\"name\":\"Loja\",\"item\":\"https:\\\/\\\/lovme.pt\\\/index.php\\\/loja\\\/\"},{\"@type\":\"ListItem\",\"position\":3,\"name\":\"KIIROO &#8211; M\u00c1QUINA DE SEXO INTERATIVA DE DIRIGIR COM PRAZER\"}]},{\"@type\":\"WebSite\",\"@id\":\"https:\\\/\\\/lovme.pt\\\/#website\",\"url\":\"https:\\\/\\\/lovme.pt\\\/\",\"name\":\"Lovme Loja Er\u00f3tica N\u00ba1 em Portugal\",\"description\":\"A melhor loja er\u00f3tica de Portugal.\",\"alternateName\":\"Loja Er\u00f3tica Lovme\",\"potentialAction\":[{\"@type\":\"SearchAction\",\"target\":{\"@type\":\"EntryPoint\",\"urlTemplate\":\"https:\\\/\\\/lovme.pt\\\/?s={search_term_string}\"},\"query-input\":{\"@type\":\"PropertyValueSpecification\",\"valueRequired\":true,\"valueName\":\"search_term_string\"}}],\"inLanguage\":\"pt-PT\"}]}<\/script>\n<!-- \/ Yoast SEO plugin. -->","yoast_head_json":{"title":"KIIROO - M\u00c1QUINA DE SEXO INTERATIVA DE DIRIGIR COM PRAZER - Lovme","robots":{"index":"index","follow":"follow","max-snippet":"max-snippet:-1","max-image-preview":"max-image-preview:large","max-video-preview":"max-video-preview:-1"},"canonical":"https:\/\/lovme.pt\/index.php\/produto\/kiiroo-maquina-de-sexo-interativa-de-dirigir-com-prazer\/","og_locale":"pt_PT","og_type":"article","og_title":"KIIROO - M\u00c1QUINA DE SEXO INTERATIVA DE DIRIGIR COM PRAZER - Lovme","og_description":"KIIROO - M\u00c1QUINA DE SEXO INTERATIVA DE DIRIGIR COM PRAZER","og_url":"https:\/\/lovme.pt\/index.php\/produto\/kiiroo-maquina-de-sexo-interativa-de-dirigir-com-prazer\/","og_site_name":"Lovme","article_modified_time":"2026-02-19T20:09:14+00:00","og_image":[{"width":900,"height":900,"url":"https:\/\/erki24nd3ub.exactdn.com\/wp-content\/uploads\/dream\/img\/img_209676_60503b1abb19a8dd79991639b3e8ce9e_1.jpg?strip=all","type":"image\/jpeg"}],"twitter_card":"summary_large_image","twitter_misc":{"Tempo estimado de leitura":"1 minuto"},"schema":{"@context":"https:\/\/schema.org","@graph":[{"@type":"WebPage","@id":"https:\/\/lovme.pt\/index.php\/produto\/kiiroo-maquina-de-sexo-interativa-de-dirigir-com-prazer\/","url":"https:\/\/lovme.pt\/index.php\/produto\/kiiroo-maquina-de-sexo-interativa-de-dirigir-com-prazer\/","name":"KIIROO - M\u00c1QUINA DE SEXO INTERATIVA DE DIRIGIR COM PRAZER - Lovme","isPartOf":{"@id":"https:\/\/lovme.pt\/#website"},"primaryImageOfPage":{"@id":"https:\/\/lovme.pt\/index.php\/produto\/kiiroo-maquina-de-sexo-interativa-de-dirigir-com-prazer\/#primaryimage"},"image":{"@id":"https:\/\/lovme.pt\/index.php\/produto\/kiiroo-maquina-de-sexo-interativa-de-dirigir-com-prazer\/#primaryimage"},"thumbnailUrl":"https:\/\/erki24nd3ub.exactdn.com\/wp-content\/uploads\/dream\/img\/img_209676_60503b1abb19a8dd79991639b3e8ce9e_1.jpg?strip=all","datePublished":"2025-09-30T22:07:50+00:00","dateModified":"2026-02-19T20:09:14+00:00","breadcrumb":{"@id":"https:\/\/lovme.pt\/index.php\/produto\/kiiroo-maquina-de-sexo-interativa-de-dirigir-com-prazer\/#breadcrumb"},"inLanguage":"pt-PT","potentialAction":[{"@type":"ReadAction","target":["https:\/\/lovme.pt\/index.php\/produto\/kiiroo-maquina-de-sexo-interativa-de-dirigir-com-prazer\/"]}]},{"@type":"ImageObject","inLanguage":"pt-PT","@id":"https:\/\/lovme.pt\/index.php\/produto\/kiiroo-maquina-de-sexo-interativa-de-dirigir-com-prazer\/#primaryimage","url":"https:\/\/erki24nd3ub.exactdn.com\/wp-content\/uploads\/dream\/img\/img_209676_60503b1abb19a8dd79991639b3e8ce9e_1.jpg?strip=all","contentUrl":"https:\/\/erki24nd3ub.exactdn.com\/wp-content\/uploads\/dream\/img\/img_209676_60503b1abb19a8dd79991639b3e8ce9e_1.jpg?strip=all","width":900,"height":900},{"@type":"BreadcrumbList","@id":"https:\/\/lovme.pt\/index.php\/produto\/kiiroo-maquina-de-sexo-interativa-de-dirigir-com-prazer\/#breadcrumb","itemListElement":[{"@type":"ListItem","position":1,"name":"In\u00edcio","item":"https:\/\/lovme.pt\/"},{"@type":"ListItem","position":2,"name":"Loja","item":"https:\/\/lovme.pt\/index.php\/loja\/"},{"@type":"ListItem","position":3,"name":"KIIROO &#8211; M\u00c1QUINA DE SEXO INTERATIVA DE DIRIGIR COM PRAZER"}]},{"@type":"WebSite","@id":"https:\/\/lovme.pt\/#website","url":"https:\/\/lovme.pt\/","name":"Lovme Loja Er\u00f3tica N\u00ba1 em Portugal","description":"A melhor loja er\u00f3tica de Portugal.","alternateName":"Loja Er\u00f3tica Lovme","potentialAction":[{"@type":"SearchAction","target":{"@type":"EntryPoint","urlTemplate":"https:\/\/lovme.pt\/?s={search_term_string}"},"query-input":{"@type":"PropertyValueSpecification","valueRequired":true,"valueName":"search_term_string"}}],"inLanguage":"pt-PT"}]}},"_links":{"self":[{"href":"https:\/\/lovme.pt\/index.php\/wp-json\/wp\/v2\/product\/53033","targetHints":{"allow":["GET"]}}],"collection":[{"href":"https:\/\/lovme.pt\/index.php\/wp-json\/wp\/v2\/product"}],"about":[{"href":"https:\/\/lovme.pt\/index.php\/wp-json\/wp\/v2\/types\/product"}],"wp:featuredmedia":[{"embeddable":true,"href":"https:\/\/lovme.pt\/index.php\/wp-json\/wp\/v2\/media\/74254"}],"wp:attachment":[{"href":"https:\/\/lovme.pt\/index.php\/wp-json\/wp\/v2\/media?parent=53033"}],"wp:term":[{"taxonomy":"product_brand","embeddable":true,"href":"https:\/\/lovme.pt\/index.php\/wp-json\/wp\/v2\/product_brand?post=53033"},{"taxonomy":"product_cat","embeddable":true,"href":"https:\/\/lovme.pt\/index.php\/wp-json\/wp\/v2\/product_cat?post=53033"},{"taxonomy":"product_tag","embeddable":true,"href":"https:\/\/lovme.pt\/index.php\/wp-json\/wp\/v2\/product_tag?post=53033"}],"curies":[{"name":"wp","href":"https:\/\/api.w.org\/{rel}","templated":true}]}}