{"id":53030,"date":"2025-09-30T09:49:46","date_gmt":"2025-09-30T09:49:46","guid":{"rendered":"https:\/\/lovme.pt\/?post_type=product&p=53030"},"modified":"2026-02-19T20:05:31","modified_gmt":"2026-02-19T20:05:31","slug":"pride-pulseira-da-bandeira-do-arco-iris","status":"publish","type":"product","link":"https:\/\/lovme.pt\/index.php\/produto\/pride-pulseira-da-bandeira-do-arco-iris\/","title":{"rendered":"PRIDE &#8211; PULSEIRA DA BANDEIRA DO ARCO-\u00cdRIS"},"content":{"rendered":"<p>PULSEIRA com design forte e dur\u00e1vel, garante que tudo o que \u00e9 importante esteja sempre seguro e acess\u00edvel.<\/p>\n<p>Ideal para quem busca conforto sem perder o estilo, esta pulseira \u00e9 perfeita para o dia a dia.<\/p>\n<p>Facilite o seu dia a dia com esta pulseira, \u00fatil e vers\u00e1til para qualquer ocasi\u00e3o.<\/p>\n","protected":false},"excerpt":{"rendered":"<p>PRIDE &#8211; PULSEIRA DA BANDEIRA DO ARCO-\u00cdRIS<\/p>\n","protected":false},"featured_media":57580,"template":"","meta":{"_acf_changed":false},"product_brand":[],"product_cat":[50,69,15],"product_tag":[],"class_list":{"0":"post-53030","1":"product","2":"type-product","3":"status-publish","4":"has-post-thumbnail","6":"product_cat-complementos-e-acessorios","7":"product_cat-jogos-eroticos","8":"product_cat-loja","9":"yith_product_brand-pride","11":"first","12":"instock","13":"taxable","14":"shipping-taxable","15":"purchasable","16":"product-type-simple"},"acf":[],"yoast_head":"<!-- This site is optimized with the Yoast SEO plugin v27.4 - https:\/\/yoast.com\/product\/yoast-seo-wordpress\/ -->\n<title>PRIDE - PULSEIRA DA BANDEIRA DO ARCO-\u00cdRIS - Lovme<\/title>\n<meta name=\"robots\" content=\"index, follow, max-snippet:-1, max-image-preview:large, max-video-preview:-1\" \/>\n<link rel=\"canonical\" href=\"https:\/\/lovme.pt\/index.php\/produto\/pride-pulseira-da-bandeira-do-arco-iris\/\" \/>\n<meta property=\"og:locale\" content=\"pt_PT\" \/>\n<meta property=\"og:type\" content=\"article\" \/>\n<meta property=\"og:title\" content=\"PRIDE - PULSEIRA DA BANDEIRA DO ARCO-\u00cdRIS - Lovme\" \/>\n<meta property=\"og:description\" content=\"PRIDE - PULSEIRA DA BANDEIRA DO ARCO-\u00cdRIS\" \/>\n<meta property=\"og:url\" content=\"https:\/\/lovme.pt\/index.php\/produto\/pride-pulseira-da-bandeira-do-arco-iris\/\" \/>\n<meta property=\"og:site_name\" content=\"Lovme\" \/>\n<meta property=\"article:modified_time\" content=\"2026-02-19T20:05:31+00:00\" \/>\n<meta property=\"og:image\" content=\"https:\/\/erki24nd3ub.exactdn.com\/wp-content\/uploads\/dream\/img\/img_209517_f7d0cba8885e9052576f520e317a8a93_1.jpg?strip=all\" \/>\n\t<meta property=\"og:image:width\" content=\"900\" \/>\n\t<meta property=\"og:image:height\" content=\"900\" \/>\n\t<meta property=\"og:image:type\" content=\"image\/jpeg\" \/>\n<meta name=\"twitter:card\" content=\"summary_large_image\" \/>\n<script type=\"application\/ld+json\" class=\"yoast-schema-graph\">{\"@context\":\"https:\\\/\\\/schema.org\",\"@graph\":[{\"@type\":\"WebPage\",\"@id\":\"https:\\\/\\\/lovme.pt\\\/index.php\\\/produto\\\/pride-pulseira-da-bandeira-do-arco-iris\\\/\",\"url\":\"https:\\\/\\\/lovme.pt\\\/index.php\\\/produto\\\/pride-pulseira-da-bandeira-do-arco-iris\\\/\",\"name\":\"PRIDE - PULSEIRA DA BANDEIRA DO ARCO-\u00cdRIS - Lovme\",\"isPartOf\":{\"@id\":\"https:\\\/\\\/lovme.pt\\\/#website\"},\"primaryImageOfPage\":{\"@id\":\"https:\\\/\\\/lovme.pt\\\/index.php\\\/produto\\\/pride-pulseira-da-bandeira-do-arco-iris\\\/#primaryimage\"},\"image\":{\"@id\":\"https:\\\/\\\/lovme.pt\\\/index.php\\\/produto\\\/pride-pulseira-da-bandeira-do-arco-iris\\\/#primaryimage\"},\"thumbnailUrl\":\"https:\\\/\\\/erki24nd3ub.exactdn.com\\\/wp-content\\\/uploads\\\/dream\\\/img\\\/img_209517_f7d0cba8885e9052576f520e317a8a93_1.jpg?strip=all\",\"datePublished\":\"2025-09-30T09:49:46+00:00\",\"dateModified\":\"2026-02-19T20:05:31+00:00\",\"breadcrumb\":{\"@id\":\"https:\\\/\\\/lovme.pt\\\/index.php\\\/produto\\\/pride-pulseira-da-bandeira-do-arco-iris\\\/#breadcrumb\"},\"inLanguage\":\"pt-PT\",\"potentialAction\":[{\"@type\":\"ReadAction\",\"target\":[\"https:\\\/\\\/lovme.pt\\\/index.php\\\/produto\\\/pride-pulseira-da-bandeira-do-arco-iris\\\/\"]}]},{\"@type\":\"ImageObject\",\"inLanguage\":\"pt-PT\",\"@id\":\"https:\\\/\\\/lovme.pt\\\/index.php\\\/produto\\\/pride-pulseira-da-bandeira-do-arco-iris\\\/#primaryimage\",\"url\":\"https:\\\/\\\/erki24nd3ub.exactdn.com\\\/wp-content\\\/uploads\\\/dream\\\/img\\\/img_209517_f7d0cba8885e9052576f520e317a8a93_1.jpg?strip=all\",\"contentUrl\":\"https:\\\/\\\/erki24nd3ub.exactdn.com\\\/wp-content\\\/uploads\\\/dream\\\/img\\\/img_209517_f7d0cba8885e9052576f520e317a8a93_1.jpg?strip=all\",\"width\":900,\"height\":900},{\"@type\":\"BreadcrumbList\",\"@id\":\"https:\\\/\\\/lovme.pt\\\/index.php\\\/produto\\\/pride-pulseira-da-bandeira-do-arco-iris\\\/#breadcrumb\",\"itemListElement\":[{\"@type\":\"ListItem\",\"position\":1,\"name\":\"In\u00edcio\",\"item\":\"https:\\\/\\\/lovme.pt\\\/\"},{\"@type\":\"ListItem\",\"position\":2,\"name\":\"Loja\",\"item\":\"https:\\\/\\\/lovme.pt\\\/index.php\\\/loja\\\/\"},{\"@type\":\"ListItem\",\"position\":3,\"name\":\"PRIDE &#8211; PULSEIRA DA BANDEIRA DO ARCO-\u00cdRIS\"}]},{\"@type\":\"WebSite\",\"@id\":\"https:\\\/\\\/lovme.pt\\\/#website\",\"url\":\"https:\\\/\\\/lovme.pt\\\/\",\"name\":\"Lovme Loja Er\u00f3tica N\u00ba1 em Portugal\",\"description\":\"A melhor loja er\u00f3tica de Portugal.\",\"alternateName\":\"Loja Er\u00f3tica Lovme\",\"potentialAction\":[{\"@type\":\"SearchAction\",\"target\":{\"@type\":\"EntryPoint\",\"urlTemplate\":\"https:\\\/\\\/lovme.pt\\\/?s={search_term_string}\"},\"query-input\":{\"@type\":\"PropertyValueSpecification\",\"valueRequired\":true,\"valueName\":\"search_term_string\"}}],\"inLanguage\":\"pt-PT\"}]}<\/script>\n<!-- \/ Yoast SEO plugin. -->","yoast_head_json":{"title":"PRIDE - PULSEIRA DA BANDEIRA DO ARCO-\u00cdRIS - Lovme","robots":{"index":"index","follow":"follow","max-snippet":"max-snippet:-1","max-image-preview":"max-image-preview:large","max-video-preview":"max-video-preview:-1"},"canonical":"https:\/\/lovme.pt\/index.php\/produto\/pride-pulseira-da-bandeira-do-arco-iris\/","og_locale":"pt_PT","og_type":"article","og_title":"PRIDE - PULSEIRA DA BANDEIRA DO ARCO-\u00cdRIS - Lovme","og_description":"PRIDE - PULSEIRA DA BANDEIRA DO ARCO-\u00cdRIS","og_url":"https:\/\/lovme.pt\/index.php\/produto\/pride-pulseira-da-bandeira-do-arco-iris\/","og_site_name":"Lovme","article_modified_time":"2026-02-19T20:05:31+00:00","og_image":[{"width":900,"height":900,"url":"https:\/\/erki24nd3ub.exactdn.com\/wp-content\/uploads\/dream\/img\/img_209517_f7d0cba8885e9052576f520e317a8a93_1.jpg?strip=all","type":"image\/jpeg"}],"twitter_card":"summary_large_image","schema":{"@context":"https:\/\/schema.org","@graph":[{"@type":"WebPage","@id":"https:\/\/lovme.pt\/index.php\/produto\/pride-pulseira-da-bandeira-do-arco-iris\/","url":"https:\/\/lovme.pt\/index.php\/produto\/pride-pulseira-da-bandeira-do-arco-iris\/","name":"PRIDE - PULSEIRA DA BANDEIRA DO ARCO-\u00cdRIS - Lovme","isPartOf":{"@id":"https:\/\/lovme.pt\/#website"},"primaryImageOfPage":{"@id":"https:\/\/lovme.pt\/index.php\/produto\/pride-pulseira-da-bandeira-do-arco-iris\/#primaryimage"},"image":{"@id":"https:\/\/lovme.pt\/index.php\/produto\/pride-pulseira-da-bandeira-do-arco-iris\/#primaryimage"},"thumbnailUrl":"https:\/\/erki24nd3ub.exactdn.com\/wp-content\/uploads\/dream\/img\/img_209517_f7d0cba8885e9052576f520e317a8a93_1.jpg?strip=all","datePublished":"2025-09-30T09:49:46+00:00","dateModified":"2026-02-19T20:05:31+00:00","breadcrumb":{"@id":"https:\/\/lovme.pt\/index.php\/produto\/pride-pulseira-da-bandeira-do-arco-iris\/#breadcrumb"},"inLanguage":"pt-PT","potentialAction":[{"@type":"ReadAction","target":["https:\/\/lovme.pt\/index.php\/produto\/pride-pulseira-da-bandeira-do-arco-iris\/"]}]},{"@type":"ImageObject","inLanguage":"pt-PT","@id":"https:\/\/lovme.pt\/index.php\/produto\/pride-pulseira-da-bandeira-do-arco-iris\/#primaryimage","url":"https:\/\/erki24nd3ub.exactdn.com\/wp-content\/uploads\/dream\/img\/img_209517_f7d0cba8885e9052576f520e317a8a93_1.jpg?strip=all","contentUrl":"https:\/\/erki24nd3ub.exactdn.com\/wp-content\/uploads\/dream\/img\/img_209517_f7d0cba8885e9052576f520e317a8a93_1.jpg?strip=all","width":900,"height":900},{"@type":"BreadcrumbList","@id":"https:\/\/lovme.pt\/index.php\/produto\/pride-pulseira-da-bandeira-do-arco-iris\/#breadcrumb","itemListElement":[{"@type":"ListItem","position":1,"name":"In\u00edcio","item":"https:\/\/lovme.pt\/"},{"@type":"ListItem","position":2,"name":"Loja","item":"https:\/\/lovme.pt\/index.php\/loja\/"},{"@type":"ListItem","position":3,"name":"PRIDE &#8211; PULSEIRA DA BANDEIRA DO ARCO-\u00cdRIS"}]},{"@type":"WebSite","@id":"https:\/\/lovme.pt\/#website","url":"https:\/\/lovme.pt\/","name":"Lovme Loja Er\u00f3tica N\u00ba1 em Portugal","description":"A melhor loja er\u00f3tica de Portugal.","alternateName":"Loja Er\u00f3tica Lovme","potentialAction":[{"@type":"SearchAction","target":{"@type":"EntryPoint","urlTemplate":"https:\/\/lovme.pt\/?s={search_term_string}"},"query-input":{"@type":"PropertyValueSpecification","valueRequired":true,"valueName":"search_term_string"}}],"inLanguage":"pt-PT"}]}},"_links":{"self":[{"href":"https:\/\/lovme.pt\/index.php\/wp-json\/wp\/v2\/product\/53030","targetHints":{"allow":["GET"]}}],"collection":[{"href":"https:\/\/lovme.pt\/index.php\/wp-json\/wp\/v2\/product"}],"about":[{"href":"https:\/\/lovme.pt\/index.php\/wp-json\/wp\/v2\/types\/product"}],"wp:featuredmedia":[{"embeddable":true,"href":"https:\/\/lovme.pt\/index.php\/wp-json\/wp\/v2\/media\/57580"}],"wp:attachment":[{"href":"https:\/\/lovme.pt\/index.php\/wp-json\/wp\/v2\/media?parent=53030"}],"wp:term":[{"taxonomy":"product_brand","embeddable":true,"href":"https:\/\/lovme.pt\/index.php\/wp-json\/wp\/v2\/product_brand?post=53030"},{"taxonomy":"product_cat","embeddable":true,"href":"https:\/\/lovme.pt\/index.php\/wp-json\/wp\/v2\/product_cat?post=53030"},{"taxonomy":"product_tag","embeddable":true,"href":"https:\/\/lovme.pt\/index.php\/wp-json\/wp\/v2\/product_tag?post=53030"}],"curies":[{"name":"wp","href":"https:\/\/api.w.org\/{rel}","templated":true}]}}