{"id":53010,"date":"2025-09-30T20:09:47","date_gmt":"2025-09-30T20:09:47","guid":{"rendered":"https:\/\/lovme.pt\/?post_type=product&p=53010"},"modified":"2026-02-19T20:07:12","modified_gmt":"2026-02-19T20:07:12","slug":"crazy-bull-julia-realista-feminina-bunda-vagina-e-anal-11-kg","status":"publish","type":"product","link":"https:\/\/lovme.pt\/index.php\/produto\/crazy-bull-julia-realista-feminina-bunda-vagina-e-anal-11-kg\/","title":{"rendered":"CRAZY BULL &#8211; JULIA REALISTA FEMININA BUNDA VAGINA E ANAL 11 KG"},"content":{"rendered":"<p>Mergulhe em uma experi\u00eancia de prazer ultrarrealista com o masturbador Crazu Bull &#8211; <strong>Julia<\/strong> Female Butt, um brinquedo desenvolvido para quem busca sensa\u00e7\u00f5es intensas e aut\u00eanticas. Feito com TPE de alta densidade, sua textura macia e el\u00e1stica imita perfeitamente a pele humana, proporcionando uma sensa\u00e7\u00e3o incompar\u00e1vel ao toque. Seu design reproduz em detalhes uma pequena e sensual p\u00e9lvis feminina, esculpida para proporcionar estimula\u00e7\u00e3o visual er\u00f3tica e excitante.<\/p>\n<p> Este masturbador possui duas entradas realistas: uma vagina apertada e retorcida, repleta de nervuras internas que estimulam cada movimento, e um \u00e2nus apertado para quem busca um desafio extra de press\u00e3o e realismo. Seu t\u00fanel interno \u00e9 coberto por texturas espirais e n\u00f3dulos de prazer estrategicamente posicionados para intensificar cada penetra\u00e7\u00e3o e levar voc\u00ea a cl\u00edmaxes mais profundos.<\/p>\n<p> O masturbador <b>Julia<\/b> \u00e9 muito mais que um simples acess\u00f3rio \u00edntimo: \u00e9 uma ferramenta pensada para proporcionar prazer da forma mais realista e satisfat\u00f3ria poss\u00edvel, tornando-se o companheiro ideal para momentos \u00fanicos de intimidade.<\/p>\n<p> <u><strong>CARACTER\u00cdSTICAS:<\/strong><\/u><\/p>\n<ul>\n<li> Fun\u00e7\u00e3o: Estimula\u00e7\u00e3o dupla com orif\u00edcios vaginais e anais<\/li>\n<li> Material: TPR de alta qualidade, macio e seguro para o corpo<\/li>\n<li> Sort Technology Skin: Textura hiper-realista e elasticidade natural<\/li>\n<li> Peso: 11 kg com n\u00facleo est\u00e1vel<\/li>\n<li> Imperme\u00e1vel e f\u00e1cil de limpar<\/li>\n<li> Autenticidade fisiol\u00f3gica incompar\u00e1vel<\/li>\n<\/ul>\n","protected":false},"excerpt":{"rendered":"<p>CRAZY BULL &#8211; JULIA REALISTA FEMININA BUNDA VAGINA E ANAL 11 KG<\/p>\n","protected":false},"featured_media":65456,"template":"","meta":{"_acf_changed":false},"product_brand":[],"product_cat":[17,58,60],"product_tag":[],"class_list":{"0":"post-53010","1":"product","2":"type-product","3":"status-publish","4":"has-post-thumbnail","6":"product_cat-brinquedos-de-bem-estar-sexual","7":"product_cat-masturbadores-para-penis","8":"product_cat-para-eles","9":"yith_product_brand-crazy-bull","11":"first","12":"instock","13":"taxable","14":"shipping-taxable","15":"purchasable","16":"product-type-simple"},"acf":[],"yoast_head":"<!-- This site is optimized with the Yoast SEO plugin v27.4 - https:\/\/yoast.com\/product\/yoast-seo-wordpress\/ -->\n<title>CRAZY BULL - JULIA REALISTA FEMININA BUNDA VAGINA E ANAL 11 KG - Lovme<\/title>\n<meta name=\"robots\" content=\"index, follow, max-snippet:-1, max-image-preview:large, max-video-preview:-1\" \/>\n<link rel=\"canonical\" href=\"https:\/\/lovme.pt\/index.php\/produto\/crazy-bull-julia-realista-feminina-bunda-vagina-e-anal-11-kg\/\" \/>\n<meta property=\"og:locale\" content=\"pt_PT\" \/>\n<meta property=\"og:type\" content=\"article\" \/>\n<meta property=\"og:title\" content=\"CRAZY BULL - JULIA REALISTA FEMININA BUNDA VAGINA E ANAL 11 KG - Lovme\" \/>\n<meta property=\"og:description\" content=\"CRAZY BULL - JULIA REALISTA FEMININA BUNDA VAGINA E ANAL 11 KG\" \/>\n<meta property=\"og:url\" content=\"https:\/\/lovme.pt\/index.php\/produto\/crazy-bull-julia-realista-feminina-bunda-vagina-e-anal-11-kg\/\" \/>\n<meta property=\"og:site_name\" content=\"Lovme\" \/>\n<meta property=\"article:modified_time\" content=\"2026-02-19T20:07:12+00:00\" \/>\n<meta property=\"og:image\" content=\"https:\/\/erki24nd3ub.exactdn.com\/wp-content\/uploads\/dream\/img\/img_215284_6bd53b6aa6034bbf4bcc1a88df7dbfb8_1.jpg?strip=all\" \/>\n\t<meta property=\"og:image:width\" content=\"900\" \/>\n\t<meta property=\"og:image:height\" content=\"900\" \/>\n\t<meta property=\"og:image:type\" content=\"image\/jpeg\" \/>\n<meta name=\"twitter:card\" content=\"summary_large_image\" \/>\n<meta name=\"twitter:label1\" content=\"Tempo estimado de leitura\" \/>\n\t<meta name=\"twitter:data1\" content=\"1 minuto\" \/>\n<script type=\"application\/ld+json\" class=\"yoast-schema-graph\">{\"@context\":\"https:\\\/\\\/schema.org\",\"@graph\":[{\"@type\":\"WebPage\",\"@id\":\"https:\\\/\\\/lovme.pt\\\/index.php\\\/produto\\\/crazy-bull-julia-realista-feminina-bunda-vagina-e-anal-11-kg\\\/\",\"url\":\"https:\\\/\\\/lovme.pt\\\/index.php\\\/produto\\\/crazy-bull-julia-realista-feminina-bunda-vagina-e-anal-11-kg\\\/\",\"name\":\"CRAZY BULL - JULIA REALISTA FEMININA BUNDA VAGINA E ANAL 11 KG - Lovme\",\"isPartOf\":{\"@id\":\"https:\\\/\\\/lovme.pt\\\/#website\"},\"primaryImageOfPage\":{\"@id\":\"https:\\\/\\\/lovme.pt\\\/index.php\\\/produto\\\/crazy-bull-julia-realista-feminina-bunda-vagina-e-anal-11-kg\\\/#primaryimage\"},\"image\":{\"@id\":\"https:\\\/\\\/lovme.pt\\\/index.php\\\/produto\\\/crazy-bull-julia-realista-feminina-bunda-vagina-e-anal-11-kg\\\/#primaryimage\"},\"thumbnailUrl\":\"https:\\\/\\\/erki24nd3ub.exactdn.com\\\/wp-content\\\/uploads\\\/dream\\\/img\\\/img_215284_6bd53b6aa6034bbf4bcc1a88df7dbfb8_1.jpg?strip=all\",\"datePublished\":\"2025-09-30T20:09:47+00:00\",\"dateModified\":\"2026-02-19T20:07:12+00:00\",\"breadcrumb\":{\"@id\":\"https:\\\/\\\/lovme.pt\\\/index.php\\\/produto\\\/crazy-bull-julia-realista-feminina-bunda-vagina-e-anal-11-kg\\\/#breadcrumb\"},\"inLanguage\":\"pt-PT\",\"potentialAction\":[{\"@type\":\"ReadAction\",\"target\":[\"https:\\\/\\\/lovme.pt\\\/index.php\\\/produto\\\/crazy-bull-julia-realista-feminina-bunda-vagina-e-anal-11-kg\\\/\"]}]},{\"@type\":\"ImageObject\",\"inLanguage\":\"pt-PT\",\"@id\":\"https:\\\/\\\/lovme.pt\\\/index.php\\\/produto\\\/crazy-bull-julia-realista-feminina-bunda-vagina-e-anal-11-kg\\\/#primaryimage\",\"url\":\"https:\\\/\\\/erki24nd3ub.exactdn.com\\\/wp-content\\\/uploads\\\/dream\\\/img\\\/img_215284_6bd53b6aa6034bbf4bcc1a88df7dbfb8_1.jpg?strip=all\",\"contentUrl\":\"https:\\\/\\\/erki24nd3ub.exactdn.com\\\/wp-content\\\/uploads\\\/dream\\\/img\\\/img_215284_6bd53b6aa6034bbf4bcc1a88df7dbfb8_1.jpg?strip=all\",\"width\":900,\"height\":900},{\"@type\":\"BreadcrumbList\",\"@id\":\"https:\\\/\\\/lovme.pt\\\/index.php\\\/produto\\\/crazy-bull-julia-realista-feminina-bunda-vagina-e-anal-11-kg\\\/#breadcrumb\",\"itemListElement\":[{\"@type\":\"ListItem\",\"position\":1,\"name\":\"In\u00edcio\",\"item\":\"https:\\\/\\\/lovme.pt\\\/\"},{\"@type\":\"ListItem\",\"position\":2,\"name\":\"Loja\",\"item\":\"https:\\\/\\\/lovme.pt\\\/index.php\\\/loja\\\/\"},{\"@type\":\"ListItem\",\"position\":3,\"name\":\"CRAZY BULL &#8211; JULIA REALISTA FEMININA BUNDA VAGINA E ANAL 11 KG\"}]},{\"@type\":\"WebSite\",\"@id\":\"https:\\\/\\\/lovme.pt\\\/#website\",\"url\":\"https:\\\/\\\/lovme.pt\\\/\",\"name\":\"Lovme Loja Er\u00f3tica N\u00ba1 em Portugal\",\"description\":\"A melhor loja er\u00f3tica de Portugal.\",\"alternateName\":\"Loja Er\u00f3tica Lovme\",\"potentialAction\":[{\"@type\":\"SearchAction\",\"target\":{\"@type\":\"EntryPoint\",\"urlTemplate\":\"https:\\\/\\\/lovme.pt\\\/?s={search_term_string}\"},\"query-input\":{\"@type\":\"PropertyValueSpecification\",\"valueRequired\":true,\"valueName\":\"search_term_string\"}}],\"inLanguage\":\"pt-PT\"}]}<\/script>\n<!-- \/ Yoast SEO plugin. -->","yoast_head_json":{"title":"CRAZY BULL - JULIA REALISTA FEMININA BUNDA VAGINA E ANAL 11 KG - Lovme","robots":{"index":"index","follow":"follow","max-snippet":"max-snippet:-1","max-image-preview":"max-image-preview:large","max-video-preview":"max-video-preview:-1"},"canonical":"https:\/\/lovme.pt\/index.php\/produto\/crazy-bull-julia-realista-feminina-bunda-vagina-e-anal-11-kg\/","og_locale":"pt_PT","og_type":"article","og_title":"CRAZY BULL - JULIA REALISTA FEMININA BUNDA VAGINA E ANAL 11 KG - Lovme","og_description":"CRAZY BULL - JULIA REALISTA FEMININA BUNDA VAGINA E ANAL 11 KG","og_url":"https:\/\/lovme.pt\/index.php\/produto\/crazy-bull-julia-realista-feminina-bunda-vagina-e-anal-11-kg\/","og_site_name":"Lovme","article_modified_time":"2026-02-19T20:07:12+00:00","og_image":[{"width":900,"height":900,"url":"https:\/\/erki24nd3ub.exactdn.com\/wp-content\/uploads\/dream\/img\/img_215284_6bd53b6aa6034bbf4bcc1a88df7dbfb8_1.jpg?strip=all","type":"image\/jpeg"}],"twitter_card":"summary_large_image","twitter_misc":{"Tempo estimado de leitura":"1 minuto"},"schema":{"@context":"https:\/\/schema.org","@graph":[{"@type":"WebPage","@id":"https:\/\/lovme.pt\/index.php\/produto\/crazy-bull-julia-realista-feminina-bunda-vagina-e-anal-11-kg\/","url":"https:\/\/lovme.pt\/index.php\/produto\/crazy-bull-julia-realista-feminina-bunda-vagina-e-anal-11-kg\/","name":"CRAZY BULL - JULIA REALISTA FEMININA BUNDA VAGINA E ANAL 11 KG - Lovme","isPartOf":{"@id":"https:\/\/lovme.pt\/#website"},"primaryImageOfPage":{"@id":"https:\/\/lovme.pt\/index.php\/produto\/crazy-bull-julia-realista-feminina-bunda-vagina-e-anal-11-kg\/#primaryimage"},"image":{"@id":"https:\/\/lovme.pt\/index.php\/produto\/crazy-bull-julia-realista-feminina-bunda-vagina-e-anal-11-kg\/#primaryimage"},"thumbnailUrl":"https:\/\/erki24nd3ub.exactdn.com\/wp-content\/uploads\/dream\/img\/img_215284_6bd53b6aa6034bbf4bcc1a88df7dbfb8_1.jpg?strip=all","datePublished":"2025-09-30T20:09:47+00:00","dateModified":"2026-02-19T20:07:12+00:00","breadcrumb":{"@id":"https:\/\/lovme.pt\/index.php\/produto\/crazy-bull-julia-realista-feminina-bunda-vagina-e-anal-11-kg\/#breadcrumb"},"inLanguage":"pt-PT","potentialAction":[{"@type":"ReadAction","target":["https:\/\/lovme.pt\/index.php\/produto\/crazy-bull-julia-realista-feminina-bunda-vagina-e-anal-11-kg\/"]}]},{"@type":"ImageObject","inLanguage":"pt-PT","@id":"https:\/\/lovme.pt\/index.php\/produto\/crazy-bull-julia-realista-feminina-bunda-vagina-e-anal-11-kg\/#primaryimage","url":"https:\/\/erki24nd3ub.exactdn.com\/wp-content\/uploads\/dream\/img\/img_215284_6bd53b6aa6034bbf4bcc1a88df7dbfb8_1.jpg?strip=all","contentUrl":"https:\/\/erki24nd3ub.exactdn.com\/wp-content\/uploads\/dream\/img\/img_215284_6bd53b6aa6034bbf4bcc1a88df7dbfb8_1.jpg?strip=all","width":900,"height":900},{"@type":"BreadcrumbList","@id":"https:\/\/lovme.pt\/index.php\/produto\/crazy-bull-julia-realista-feminina-bunda-vagina-e-anal-11-kg\/#breadcrumb","itemListElement":[{"@type":"ListItem","position":1,"name":"In\u00edcio","item":"https:\/\/lovme.pt\/"},{"@type":"ListItem","position":2,"name":"Loja","item":"https:\/\/lovme.pt\/index.php\/loja\/"},{"@type":"ListItem","position":3,"name":"CRAZY BULL &#8211; JULIA REALISTA FEMININA BUNDA VAGINA E ANAL 11 KG"}]},{"@type":"WebSite","@id":"https:\/\/lovme.pt\/#website","url":"https:\/\/lovme.pt\/","name":"Lovme Loja Er\u00f3tica N\u00ba1 em Portugal","description":"A melhor loja er\u00f3tica de Portugal.","alternateName":"Loja Er\u00f3tica Lovme","potentialAction":[{"@type":"SearchAction","target":{"@type":"EntryPoint","urlTemplate":"https:\/\/lovme.pt\/?s={search_term_string}"},"query-input":{"@type":"PropertyValueSpecification","valueRequired":true,"valueName":"search_term_string"}}],"inLanguage":"pt-PT"}]}},"_links":{"self":[{"href":"https:\/\/lovme.pt\/index.php\/wp-json\/wp\/v2\/product\/53010","targetHints":{"allow":["GET"]}}],"collection":[{"href":"https:\/\/lovme.pt\/index.php\/wp-json\/wp\/v2\/product"}],"about":[{"href":"https:\/\/lovme.pt\/index.php\/wp-json\/wp\/v2\/types\/product"}],"wp:featuredmedia":[{"embeddable":true,"href":"https:\/\/lovme.pt\/index.php\/wp-json\/wp\/v2\/media\/65456"}],"wp:attachment":[{"href":"https:\/\/lovme.pt\/index.php\/wp-json\/wp\/v2\/media?parent=53010"}],"wp:term":[{"taxonomy":"product_brand","embeddable":true,"href":"https:\/\/lovme.pt\/index.php\/wp-json\/wp\/v2\/product_brand?post=53010"},{"taxonomy":"product_cat","embeddable":true,"href":"https:\/\/lovme.pt\/index.php\/wp-json\/wp\/v2\/product_cat?post=53010"},{"taxonomy":"product_tag","embeddable":true,"href":"https:\/\/lovme.pt\/index.php\/wp-json\/wp\/v2\/product_tag?post=53010"}],"curies":[{"name":"wp","href":"https:\/\/api.w.org\/{rel}","templated":true}]}}