{"id":52925,"date":"2025-09-30T09:39:57","date_gmt":"2025-09-30T09:39:57","guid":{"rendered":"https:\/\/lovme.pt\/?post_type=product&p=52925"},"modified":"2026-04-01T00:27:58","modified_gmt":"2026-04-01T00:27:58","slug":"toyjoy-felicidade-eu-estou-tao-excitado-vibrador-com-controle-remoto-azul","status":"publish","type":"product","link":"https:\/\/lovme.pt\/index.php\/produto\/toyjoy-felicidade-eu-estou-tao-excitado-vibrador-com-controle-remoto-azul\/","title":{"rendered":"TOYJOY &#8211; FELICIDADE, EU ESTOU T\u00c3O EXCITADO VIBRADOR COM CONTROLE REMOTO AZUL"},"content":{"rendered":"<p>Pronto para um prazer incr\u00edvel? O ovo Im So Egg-cited vai excitar suas zonas er\u00f3genas com sua poderosa ponta de vibra\u00e7\u00e3o e pulsa\u00e7\u00e3o. Este ovo de amor de alta qualidade possui 7 modos de estimula\u00e7\u00e3o e pulsa\u00e7\u00e3o, com controle f\u00e1cil de um toque. Esta belezura \u00e9 feita de silicone macio e seguro para o corpo, e vem com um controle remoto para divers\u00e3o com as m\u00e3os livres. Mime-se com a satisfa\u00e7\u00e3o requintada deste design premium!<\/p>\n<p><em><u><strong>Especifica\u00e7\u00f5es<\/strong><\/u><\/em><\/p>\n<ul>\n<li>Comprimento total 8,9 cm<\/li>\n<li>Comprimento inser\u00edvel 8,9 cm<\/li>\n<li>Di\u00e2metro inser\u00edvel 3,3 cm<\/li>\n<li>Material Silicone  Pl\u00e1stico ABS<\/li>\n<li>Tempo de execu\u00e7\u00e3o em minutos 60<\/li>\n<li>Tempo de carregamento em minutos 60<\/li>\n<li>Resist\u00eancia \u00e0 \u00e1gua IPX7 \u00e0 prova d\u00e1gua<\/li>\n<li>Modos de vibra\u00e7\u00e3o 8<\/li>\n<li>Tipo de bateria \u00cdon de l\u00edtio<\/li>\n<\/ul>\n<p>ToyJoy \u00e9 uma marca vibrante e inovadora no mundo dos produtos l\u00fadicos e \u00edntimos. Conhecida por sua linha diversificada e de alta qualidade, a ToyJoy oferece uma ampla gama de itens que atendem a diversos gostos e prefer\u00eancias. A marca se concentra em criar produtos divertidos, seguros e f\u00e1ceis de usar, garantindo que sejam acess\u00edveis e agrad\u00e1veis para todos. Com um olhar atento para design, funcionalidade e uso de materiais seguros para o corpo, a ToyJoy integra as tecnologias mais recentes em seus produtos, tornando-se uma das favoritas entre os consumidores que buscam adicionar um toque de alegria e emo\u00e7\u00e3o \u00e0s suas vidas pessoais. A ToyJoy se destaca por seu compromisso com a satisfa\u00e7\u00e3o do cliente, a excel\u00eancia do produto e a seguran\u00e7a.<\/p>\n","protected":false},"excerpt":{"rendered":"<p>TOYJOY &#8211; FELICIDADE, EU ESTOU T\u00c3O EXCITADO VIBRADOR COM CONTROLE REMOTO AZUL<\/p>\n","protected":false},"featured_media":55498,"template":"","meta":{"_acf_changed":false},"product_brand":[],"product_cat":[17,76],"product_tag":[],"class_list":{"0":"post-52925","1":"product","2":"type-product","3":"status-publish","4":"has-post-thumbnail","6":"product_cat-brinquedos-de-bem-estar-sexual","7":"product_cat-vibradores","8":"yith_product_brand-toyjoy","10":"first","11":"instock","12":"taxable","13":"shipping-taxable","14":"purchasable","15":"product-type-simple"},"acf":[],"yoast_head":"<!-- This site is optimized with the Yoast SEO plugin v27.4 - https:\/\/yoast.com\/product\/yoast-seo-wordpress\/ -->\n<title>TOYJOY - FELICIDADE, EU ESTOU T\u00c3O EXCITADO VIBRADOR COM CONTROLE REMOTO AZUL - Lovme<\/title>\n<meta name=\"robots\" content=\"index, follow, max-snippet:-1, max-image-preview:large, max-video-preview:-1\" \/>\n<link rel=\"canonical\" href=\"https:\/\/lovme.pt\/index.php\/produto\/toyjoy-felicidade-eu-estou-tao-excitado-vibrador-com-controle-remoto-azul\/\" \/>\n<meta property=\"og:locale\" content=\"pt_PT\" \/>\n<meta property=\"og:type\" content=\"article\" \/>\n<meta property=\"og:title\" content=\"TOYJOY - FELICIDADE, EU ESTOU T\u00c3O EXCITADO VIBRADOR COM CONTROLE REMOTO AZUL - Lovme\" \/>\n<meta property=\"og:description\" content=\"TOYJOY - FELICIDADE, EU ESTOU T\u00c3O EXCITADO VIBRADOR COM CONTROLE REMOTO AZUL\" \/>\n<meta property=\"og:url\" content=\"https:\/\/lovme.pt\/index.php\/produto\/toyjoy-felicidade-eu-estou-tao-excitado-vibrador-com-controle-remoto-azul\/\" \/>\n<meta property=\"og:site_name\" content=\"Lovme\" \/>\n<meta property=\"article:modified_time\" content=\"2026-04-01T00:27:58+00:00\" \/>\n<meta property=\"og:image\" content=\"https:\/\/erki24nd3ub.exactdn.com\/wp-content\/uploads\/dream\/img\/img_209555_8f0446193570bd6aa134c07b1c6ed63f_1.jpg?strip=all\" \/>\n\t<meta property=\"og:image:width\" content=\"900\" \/>\n\t<meta property=\"og:image:height\" content=\"900\" \/>\n\t<meta property=\"og:image:type\" content=\"image\/jpeg\" \/>\n<meta name=\"twitter:card\" content=\"summary_large_image\" \/>\n<meta name=\"twitter:label1\" content=\"Tempo estimado de leitura\" \/>\n\t<meta name=\"twitter:data1\" content=\"1 minuto\" \/>\n<script type=\"application\/ld+json\" class=\"yoast-schema-graph\">{\"@context\":\"https:\\\/\\\/schema.org\",\"@graph\":[{\"@type\":\"WebPage\",\"@id\":\"https:\\\/\\\/lovme.pt\\\/index.php\\\/produto\\\/toyjoy-felicidade-eu-estou-tao-excitado-vibrador-com-controle-remoto-azul\\\/\",\"url\":\"https:\\\/\\\/lovme.pt\\\/index.php\\\/produto\\\/toyjoy-felicidade-eu-estou-tao-excitado-vibrador-com-controle-remoto-azul\\\/\",\"name\":\"TOYJOY - FELICIDADE, EU ESTOU T\u00c3O EXCITADO VIBRADOR COM CONTROLE REMOTO AZUL - Lovme\",\"isPartOf\":{\"@id\":\"https:\\\/\\\/lovme.pt\\\/#website\"},\"primaryImageOfPage\":{\"@id\":\"https:\\\/\\\/lovme.pt\\\/index.php\\\/produto\\\/toyjoy-felicidade-eu-estou-tao-excitado-vibrador-com-controle-remoto-azul\\\/#primaryimage\"},\"image\":{\"@id\":\"https:\\\/\\\/lovme.pt\\\/index.php\\\/produto\\\/toyjoy-felicidade-eu-estou-tao-excitado-vibrador-com-controle-remoto-azul\\\/#primaryimage\"},\"thumbnailUrl\":\"https:\\\/\\\/erki24nd3ub.exactdn.com\\\/wp-content\\\/uploads\\\/dream\\\/img\\\/img_209555_8f0446193570bd6aa134c07b1c6ed63f_1.jpg?strip=all\",\"datePublished\":\"2025-09-30T09:39:57+00:00\",\"dateModified\":\"2026-04-01T00:27:58+00:00\",\"breadcrumb\":{\"@id\":\"https:\\\/\\\/lovme.pt\\\/index.php\\\/produto\\\/toyjoy-felicidade-eu-estou-tao-excitado-vibrador-com-controle-remoto-azul\\\/#breadcrumb\"},\"inLanguage\":\"pt-PT\",\"potentialAction\":[{\"@type\":\"ReadAction\",\"target\":[\"https:\\\/\\\/lovme.pt\\\/index.php\\\/produto\\\/toyjoy-felicidade-eu-estou-tao-excitado-vibrador-com-controle-remoto-azul\\\/\"]}]},{\"@type\":\"ImageObject\",\"inLanguage\":\"pt-PT\",\"@id\":\"https:\\\/\\\/lovme.pt\\\/index.php\\\/produto\\\/toyjoy-felicidade-eu-estou-tao-excitado-vibrador-com-controle-remoto-azul\\\/#primaryimage\",\"url\":\"https:\\\/\\\/erki24nd3ub.exactdn.com\\\/wp-content\\\/uploads\\\/dream\\\/img\\\/img_209555_8f0446193570bd6aa134c07b1c6ed63f_1.jpg?strip=all\",\"contentUrl\":\"https:\\\/\\\/erki24nd3ub.exactdn.com\\\/wp-content\\\/uploads\\\/dream\\\/img\\\/img_209555_8f0446193570bd6aa134c07b1c6ed63f_1.jpg?strip=all\",\"width\":900,\"height\":900},{\"@type\":\"BreadcrumbList\",\"@id\":\"https:\\\/\\\/lovme.pt\\\/index.php\\\/produto\\\/toyjoy-felicidade-eu-estou-tao-excitado-vibrador-com-controle-remoto-azul\\\/#breadcrumb\",\"itemListElement\":[{\"@type\":\"ListItem\",\"position\":1,\"name\":\"In\u00edcio\",\"item\":\"https:\\\/\\\/lovme.pt\\\/\"},{\"@type\":\"ListItem\",\"position\":2,\"name\":\"Loja\",\"item\":\"https:\\\/\\\/lovme.pt\\\/index.php\\\/loja\\\/\"},{\"@type\":\"ListItem\",\"position\":3,\"name\":\"TOYJOY &#8211; FELICIDADE, EU ESTOU T\u00c3O EXCITADO VIBRADOR COM CONTROLE REMOTO AZUL\"}]},{\"@type\":\"WebSite\",\"@id\":\"https:\\\/\\\/lovme.pt\\\/#website\",\"url\":\"https:\\\/\\\/lovme.pt\\\/\",\"name\":\"Lovme Loja Er\u00f3tica N\u00ba1 em Portugal\",\"description\":\"A melhor loja er\u00f3tica de Portugal.\",\"alternateName\":\"Loja Er\u00f3tica Lovme\",\"potentialAction\":[{\"@type\":\"SearchAction\",\"target\":{\"@type\":\"EntryPoint\",\"urlTemplate\":\"https:\\\/\\\/lovme.pt\\\/?s={search_term_string}\"},\"query-input\":{\"@type\":\"PropertyValueSpecification\",\"valueRequired\":true,\"valueName\":\"search_term_string\"}}],\"inLanguage\":\"pt-PT\"}]}<\/script>\n<!-- \/ Yoast SEO plugin. -->","yoast_head_json":{"title":"TOYJOY - FELICIDADE, EU ESTOU T\u00c3O EXCITADO VIBRADOR COM CONTROLE REMOTO AZUL - Lovme","robots":{"index":"index","follow":"follow","max-snippet":"max-snippet:-1","max-image-preview":"max-image-preview:large","max-video-preview":"max-video-preview:-1"},"canonical":"https:\/\/lovme.pt\/index.php\/produto\/toyjoy-felicidade-eu-estou-tao-excitado-vibrador-com-controle-remoto-azul\/","og_locale":"pt_PT","og_type":"article","og_title":"TOYJOY - FELICIDADE, EU ESTOU T\u00c3O EXCITADO VIBRADOR COM CONTROLE REMOTO AZUL - Lovme","og_description":"TOYJOY - FELICIDADE, EU ESTOU T\u00c3O EXCITADO VIBRADOR COM CONTROLE REMOTO AZUL","og_url":"https:\/\/lovme.pt\/index.php\/produto\/toyjoy-felicidade-eu-estou-tao-excitado-vibrador-com-controle-remoto-azul\/","og_site_name":"Lovme","article_modified_time":"2026-04-01T00:27:58+00:00","og_image":[{"width":900,"height":900,"url":"https:\/\/erki24nd3ub.exactdn.com\/wp-content\/uploads\/dream\/img\/img_209555_8f0446193570bd6aa134c07b1c6ed63f_1.jpg?strip=all","type":"image\/jpeg"}],"twitter_card":"summary_large_image","twitter_misc":{"Tempo estimado de leitura":"1 minuto"},"schema":{"@context":"https:\/\/schema.org","@graph":[{"@type":"WebPage","@id":"https:\/\/lovme.pt\/index.php\/produto\/toyjoy-felicidade-eu-estou-tao-excitado-vibrador-com-controle-remoto-azul\/","url":"https:\/\/lovme.pt\/index.php\/produto\/toyjoy-felicidade-eu-estou-tao-excitado-vibrador-com-controle-remoto-azul\/","name":"TOYJOY - FELICIDADE, EU ESTOU T\u00c3O EXCITADO VIBRADOR COM CONTROLE REMOTO AZUL - Lovme","isPartOf":{"@id":"https:\/\/lovme.pt\/#website"},"primaryImageOfPage":{"@id":"https:\/\/lovme.pt\/index.php\/produto\/toyjoy-felicidade-eu-estou-tao-excitado-vibrador-com-controle-remoto-azul\/#primaryimage"},"image":{"@id":"https:\/\/lovme.pt\/index.php\/produto\/toyjoy-felicidade-eu-estou-tao-excitado-vibrador-com-controle-remoto-azul\/#primaryimage"},"thumbnailUrl":"https:\/\/erki24nd3ub.exactdn.com\/wp-content\/uploads\/dream\/img\/img_209555_8f0446193570bd6aa134c07b1c6ed63f_1.jpg?strip=all","datePublished":"2025-09-30T09:39:57+00:00","dateModified":"2026-04-01T00:27:58+00:00","breadcrumb":{"@id":"https:\/\/lovme.pt\/index.php\/produto\/toyjoy-felicidade-eu-estou-tao-excitado-vibrador-com-controle-remoto-azul\/#breadcrumb"},"inLanguage":"pt-PT","potentialAction":[{"@type":"ReadAction","target":["https:\/\/lovme.pt\/index.php\/produto\/toyjoy-felicidade-eu-estou-tao-excitado-vibrador-com-controle-remoto-azul\/"]}]},{"@type":"ImageObject","inLanguage":"pt-PT","@id":"https:\/\/lovme.pt\/index.php\/produto\/toyjoy-felicidade-eu-estou-tao-excitado-vibrador-com-controle-remoto-azul\/#primaryimage","url":"https:\/\/erki24nd3ub.exactdn.com\/wp-content\/uploads\/dream\/img\/img_209555_8f0446193570bd6aa134c07b1c6ed63f_1.jpg?strip=all","contentUrl":"https:\/\/erki24nd3ub.exactdn.com\/wp-content\/uploads\/dream\/img\/img_209555_8f0446193570bd6aa134c07b1c6ed63f_1.jpg?strip=all","width":900,"height":900},{"@type":"BreadcrumbList","@id":"https:\/\/lovme.pt\/index.php\/produto\/toyjoy-felicidade-eu-estou-tao-excitado-vibrador-com-controle-remoto-azul\/#breadcrumb","itemListElement":[{"@type":"ListItem","position":1,"name":"In\u00edcio","item":"https:\/\/lovme.pt\/"},{"@type":"ListItem","position":2,"name":"Loja","item":"https:\/\/lovme.pt\/index.php\/loja\/"},{"@type":"ListItem","position":3,"name":"TOYJOY &#8211; FELICIDADE, EU ESTOU T\u00c3O EXCITADO VIBRADOR COM CONTROLE REMOTO AZUL"}]},{"@type":"WebSite","@id":"https:\/\/lovme.pt\/#website","url":"https:\/\/lovme.pt\/","name":"Lovme Loja Er\u00f3tica N\u00ba1 em Portugal","description":"A melhor loja er\u00f3tica de Portugal.","alternateName":"Loja Er\u00f3tica Lovme","potentialAction":[{"@type":"SearchAction","target":{"@type":"EntryPoint","urlTemplate":"https:\/\/lovme.pt\/?s={search_term_string}"},"query-input":{"@type":"PropertyValueSpecification","valueRequired":true,"valueName":"search_term_string"}}],"inLanguage":"pt-PT"}]}},"_links":{"self":[{"href":"https:\/\/lovme.pt\/index.php\/wp-json\/wp\/v2\/product\/52925","targetHints":{"allow":["GET"]}}],"collection":[{"href":"https:\/\/lovme.pt\/index.php\/wp-json\/wp\/v2\/product"}],"about":[{"href":"https:\/\/lovme.pt\/index.php\/wp-json\/wp\/v2\/types\/product"}],"wp:featuredmedia":[{"embeddable":true,"href":"https:\/\/lovme.pt\/index.php\/wp-json\/wp\/v2\/media\/55498"}],"wp:attachment":[{"href":"https:\/\/lovme.pt\/index.php\/wp-json\/wp\/v2\/media?parent=52925"}],"wp:term":[{"taxonomy":"product_brand","embeddable":true,"href":"https:\/\/lovme.pt\/index.php\/wp-json\/wp\/v2\/product_brand?post=52925"},{"taxonomy":"product_cat","embeddable":true,"href":"https:\/\/lovme.pt\/index.php\/wp-json\/wp\/v2\/product_cat?post=52925"},{"taxonomy":"product_tag","embeddable":true,"href":"https:\/\/lovme.pt\/index.php\/wp-json\/wp\/v2\/product_tag?post=52925"}],"curies":[{"name":"wp","href":"https:\/\/api.w.org\/{rel}","templated":true}]}}