{"id":52914,"date":"2025-09-30T20:09:20","date_gmt":"2025-09-30T20:09:20","guid":{"rendered":"https:\/\/lovme.pt\/?post_type=product&p=52914"},"modified":"2026-04-01T00:08:18","modified_gmt":"2026-04-01T00:08:18","slug":"toyjoy-anel-penis-vibratorio-eclipse-light","status":"publish","type":"product","link":"https:\/\/lovme.pt\/index.php\/produto\/toyjoy-anel-penis-vibratorio-eclipse-light\/","title":{"rendered":"TOYJOY &#8211; ANEL P\u00caNIS VIBRAT\u00d3RIO ECLIPSE LIGHT"},"content":{"rendered":"<p>Ilumine sua vida amorosa com o Eclipse da Cole\u00e7\u00e3o Lovelight da LUZ by TOYJOY. O Eclipse \u00e9 um anel peniano vibrat\u00f3rio elegante com 7 configura\u00e7\u00f5es emocionantes. Este design contempor\u00e2neo e elegante \u00e9 feito de silicone premium macio ao toque e tem tamanho \u00fanico. O Eclipse \u00e9 recarreg\u00e1vel via USB (cabo de carregamento incluso), \u00e0 prova d\u00e1gua e possui uma elegante luz ambiente LED multicolorida que permite criar o clima ideal para uma divers\u00e3o sensacional e \u00edntima no escuro.<\/p>\n<p> <u><em><strong>Especifica\u00e7\u00f5es<\/strong><\/em><\/u><\/p>\n<ul>\n<li> Comprimento total 7 cm &#8211; 2,76 polegadas<\/li>\n<li> Di\u00e2metro inser\u00edvel 4 cm<\/li>\n<li> Material Silicone<\/li>\n<li> Resist\u00eancia \u00e0 \u00e1gua \u00c0 prova d\u00e1gua<\/li>\n<li> Modos de vibra\u00e7\u00e3o 7<\/li>\n<li> Tipo de bateria \u00cdon de l\u00edtio<\/li>\n<\/ul>\n<p> <strong>ToyJoy<\/strong> \u00e9 uma marca vibrante e inovadora no mundo dos produtos l\u00fadicos e \u00edntimos. Conhecida por sua linha diversificada e de alta qualidade, <strong>a ToyJoy<\/strong> oferece uma ampla gama de itens que atendem a diversos gostos e prefer\u00eancias. A marca se concentra em criar produtos divertidos, seguros e f\u00e1ceis de usar, garantindo que sejam acess\u00edveis e agrad\u00e1veis para todos. Com um olhar atento para design, funcionalidade e uso de materiais seguros para o corpo, <strong>a ToyJoy<\/strong> integra as tecnologias mais recentes em seus produtos, tornando-se uma das favoritas entre os consumidores que buscam adicionar um toque de alegria e emo\u00e7\u00e3o \u00e0s suas vidas pessoais. <strong>A ToyJoy<\/strong> se destaca por seu compromisso com a satisfa\u00e7\u00e3o do cliente, a excel\u00eancia do produto e a seguran\u00e7a.<\/p>\n","protected":false},"excerpt":{"rendered":"<p>TOYJOY &#8211; ANEL P\u00caNIS VIBRAT\u00d3RIO ECLIPSE LIGHT<\/p>\n","protected":false},"featured_media":65326,"template":"","meta":{"_acf_changed":false},"product_brand":[],"product_cat":[17,59,60],"product_tag":[],"class_list":{"0":"post-52914","1":"product","2":"type-product","3":"status-publish","4":"has-post-thumbnail","6":"product_cat-brinquedos-de-bem-estar-sexual","7":"product_cat-para-casais","8":"product_cat-para-eles","9":"yith_product_brand-toyjoy","11":"first","12":"instock","13":"taxable","14":"shipping-taxable","15":"purchasable","16":"product-type-simple"},"acf":[],"yoast_head":"<!-- This site is optimized with the Yoast SEO plugin v27.4 - https:\/\/yoast.com\/product\/yoast-seo-wordpress\/ -->\n<title>TOYJOY - ANEL P\u00caNIS VIBRAT\u00d3RIO ECLIPSE LIGHT - Lovme<\/title>\n<meta name=\"robots\" content=\"index, follow, max-snippet:-1, max-image-preview:large, max-video-preview:-1\" \/>\n<link rel=\"canonical\" href=\"https:\/\/lovme.pt\/index.php\/produto\/toyjoy-anel-penis-vibratorio-eclipse-light\/\" \/>\n<meta property=\"og:locale\" content=\"pt_PT\" \/>\n<meta property=\"og:type\" content=\"article\" \/>\n<meta property=\"og:title\" content=\"TOYJOY - ANEL P\u00caNIS VIBRAT\u00d3RIO ECLIPSE LIGHT - Lovme\" \/>\n<meta property=\"og:description\" content=\"TOYJOY - ANEL P\u00caNIS VIBRAT\u00d3RIO ECLIPSE LIGHT\" \/>\n<meta property=\"og:url\" content=\"https:\/\/lovme.pt\/index.php\/produto\/toyjoy-anel-penis-vibratorio-eclipse-light\/\" \/>\n<meta property=\"og:site_name\" content=\"Lovme\" \/>\n<meta property=\"article:modified_time\" content=\"2026-04-01T00:08:18+00:00\" \/>\n<meta property=\"og:image\" content=\"https:\/\/erki24nd3ub.exactdn.com\/wp-content\/uploads\/dream\/img\/img_209427_1d671d102590e5c3f60deabff8f25b9c_1.jpg?strip=all\" \/>\n\t<meta property=\"og:image:width\" content=\"900\" \/>\n\t<meta property=\"og:image:height\" content=\"900\" \/>\n\t<meta property=\"og:image:type\" content=\"image\/jpeg\" \/>\n<meta name=\"twitter:card\" content=\"summary_large_image\" \/>\n<meta name=\"twitter:label1\" content=\"Tempo estimado de leitura\" \/>\n\t<meta name=\"twitter:data1\" content=\"1 minuto\" \/>\n<script type=\"application\/ld+json\" class=\"yoast-schema-graph\">{\"@context\":\"https:\\\/\\\/schema.org\",\"@graph\":[{\"@type\":\"WebPage\",\"@id\":\"https:\\\/\\\/lovme.pt\\\/index.php\\\/produto\\\/toyjoy-anel-penis-vibratorio-eclipse-light\\\/\",\"url\":\"https:\\\/\\\/lovme.pt\\\/index.php\\\/produto\\\/toyjoy-anel-penis-vibratorio-eclipse-light\\\/\",\"name\":\"TOYJOY - ANEL P\u00caNIS VIBRAT\u00d3RIO ECLIPSE LIGHT - Lovme\",\"isPartOf\":{\"@id\":\"https:\\\/\\\/lovme.pt\\\/#website\"},\"primaryImageOfPage\":{\"@id\":\"https:\\\/\\\/lovme.pt\\\/index.php\\\/produto\\\/toyjoy-anel-penis-vibratorio-eclipse-light\\\/#primaryimage\"},\"image\":{\"@id\":\"https:\\\/\\\/lovme.pt\\\/index.php\\\/produto\\\/toyjoy-anel-penis-vibratorio-eclipse-light\\\/#primaryimage\"},\"thumbnailUrl\":\"https:\\\/\\\/erki24nd3ub.exactdn.com\\\/wp-content\\\/uploads\\\/dream\\\/img\\\/img_209427_1d671d102590e5c3f60deabff8f25b9c_1.jpg?strip=all\",\"datePublished\":\"2025-09-30T20:09:20+00:00\",\"dateModified\":\"2026-04-01T00:08:18+00:00\",\"breadcrumb\":{\"@id\":\"https:\\\/\\\/lovme.pt\\\/index.php\\\/produto\\\/toyjoy-anel-penis-vibratorio-eclipse-light\\\/#breadcrumb\"},\"inLanguage\":\"pt-PT\",\"potentialAction\":[{\"@type\":\"ReadAction\",\"target\":[\"https:\\\/\\\/lovme.pt\\\/index.php\\\/produto\\\/toyjoy-anel-penis-vibratorio-eclipse-light\\\/\"]}]},{\"@type\":\"ImageObject\",\"inLanguage\":\"pt-PT\",\"@id\":\"https:\\\/\\\/lovme.pt\\\/index.php\\\/produto\\\/toyjoy-anel-penis-vibratorio-eclipse-light\\\/#primaryimage\",\"url\":\"https:\\\/\\\/erki24nd3ub.exactdn.com\\\/wp-content\\\/uploads\\\/dream\\\/img\\\/img_209427_1d671d102590e5c3f60deabff8f25b9c_1.jpg?strip=all\",\"contentUrl\":\"https:\\\/\\\/erki24nd3ub.exactdn.com\\\/wp-content\\\/uploads\\\/dream\\\/img\\\/img_209427_1d671d102590e5c3f60deabff8f25b9c_1.jpg?strip=all\",\"width\":900,\"height\":900},{\"@type\":\"BreadcrumbList\",\"@id\":\"https:\\\/\\\/lovme.pt\\\/index.php\\\/produto\\\/toyjoy-anel-penis-vibratorio-eclipse-light\\\/#breadcrumb\",\"itemListElement\":[{\"@type\":\"ListItem\",\"position\":1,\"name\":\"In\u00edcio\",\"item\":\"https:\\\/\\\/lovme.pt\\\/\"},{\"@type\":\"ListItem\",\"position\":2,\"name\":\"Loja\",\"item\":\"https:\\\/\\\/lovme.pt\\\/index.php\\\/loja\\\/\"},{\"@type\":\"ListItem\",\"position\":3,\"name\":\"TOYJOY &#8211; ANEL P\u00caNIS VIBRAT\u00d3RIO ECLIPSE LIGHT\"}]},{\"@type\":\"WebSite\",\"@id\":\"https:\\\/\\\/lovme.pt\\\/#website\",\"url\":\"https:\\\/\\\/lovme.pt\\\/\",\"name\":\"Lovme Loja Er\u00f3tica N\u00ba1 em Portugal\",\"description\":\"A melhor loja er\u00f3tica de Portugal.\",\"alternateName\":\"Loja Er\u00f3tica Lovme\",\"potentialAction\":[{\"@type\":\"SearchAction\",\"target\":{\"@type\":\"EntryPoint\",\"urlTemplate\":\"https:\\\/\\\/lovme.pt\\\/?s={search_term_string}\"},\"query-input\":{\"@type\":\"PropertyValueSpecification\",\"valueRequired\":true,\"valueName\":\"search_term_string\"}}],\"inLanguage\":\"pt-PT\"}]}<\/script>\n<!-- \/ Yoast SEO plugin. -->","yoast_head_json":{"title":"TOYJOY - ANEL P\u00caNIS VIBRAT\u00d3RIO ECLIPSE LIGHT - Lovme","robots":{"index":"index","follow":"follow","max-snippet":"max-snippet:-1","max-image-preview":"max-image-preview:large","max-video-preview":"max-video-preview:-1"},"canonical":"https:\/\/lovme.pt\/index.php\/produto\/toyjoy-anel-penis-vibratorio-eclipse-light\/","og_locale":"pt_PT","og_type":"article","og_title":"TOYJOY - ANEL P\u00caNIS VIBRAT\u00d3RIO ECLIPSE LIGHT - Lovme","og_description":"TOYJOY - ANEL P\u00caNIS VIBRAT\u00d3RIO ECLIPSE LIGHT","og_url":"https:\/\/lovme.pt\/index.php\/produto\/toyjoy-anel-penis-vibratorio-eclipse-light\/","og_site_name":"Lovme","article_modified_time":"2026-04-01T00:08:18+00:00","og_image":[{"width":900,"height":900,"url":"https:\/\/erki24nd3ub.exactdn.com\/wp-content\/uploads\/dream\/img\/img_209427_1d671d102590e5c3f60deabff8f25b9c_1.jpg?strip=all","type":"image\/jpeg"}],"twitter_card":"summary_large_image","twitter_misc":{"Tempo estimado de leitura":"1 minuto"},"schema":{"@context":"https:\/\/schema.org","@graph":[{"@type":"WebPage","@id":"https:\/\/lovme.pt\/index.php\/produto\/toyjoy-anel-penis-vibratorio-eclipse-light\/","url":"https:\/\/lovme.pt\/index.php\/produto\/toyjoy-anel-penis-vibratorio-eclipse-light\/","name":"TOYJOY - ANEL P\u00caNIS VIBRAT\u00d3RIO ECLIPSE LIGHT - Lovme","isPartOf":{"@id":"https:\/\/lovme.pt\/#website"},"primaryImageOfPage":{"@id":"https:\/\/lovme.pt\/index.php\/produto\/toyjoy-anel-penis-vibratorio-eclipse-light\/#primaryimage"},"image":{"@id":"https:\/\/lovme.pt\/index.php\/produto\/toyjoy-anel-penis-vibratorio-eclipse-light\/#primaryimage"},"thumbnailUrl":"https:\/\/erki24nd3ub.exactdn.com\/wp-content\/uploads\/dream\/img\/img_209427_1d671d102590e5c3f60deabff8f25b9c_1.jpg?strip=all","datePublished":"2025-09-30T20:09:20+00:00","dateModified":"2026-04-01T00:08:18+00:00","breadcrumb":{"@id":"https:\/\/lovme.pt\/index.php\/produto\/toyjoy-anel-penis-vibratorio-eclipse-light\/#breadcrumb"},"inLanguage":"pt-PT","potentialAction":[{"@type":"ReadAction","target":["https:\/\/lovme.pt\/index.php\/produto\/toyjoy-anel-penis-vibratorio-eclipse-light\/"]}]},{"@type":"ImageObject","inLanguage":"pt-PT","@id":"https:\/\/lovme.pt\/index.php\/produto\/toyjoy-anel-penis-vibratorio-eclipse-light\/#primaryimage","url":"https:\/\/erki24nd3ub.exactdn.com\/wp-content\/uploads\/dream\/img\/img_209427_1d671d102590e5c3f60deabff8f25b9c_1.jpg?strip=all","contentUrl":"https:\/\/erki24nd3ub.exactdn.com\/wp-content\/uploads\/dream\/img\/img_209427_1d671d102590e5c3f60deabff8f25b9c_1.jpg?strip=all","width":900,"height":900},{"@type":"BreadcrumbList","@id":"https:\/\/lovme.pt\/index.php\/produto\/toyjoy-anel-penis-vibratorio-eclipse-light\/#breadcrumb","itemListElement":[{"@type":"ListItem","position":1,"name":"In\u00edcio","item":"https:\/\/lovme.pt\/"},{"@type":"ListItem","position":2,"name":"Loja","item":"https:\/\/lovme.pt\/index.php\/loja\/"},{"@type":"ListItem","position":3,"name":"TOYJOY &#8211; ANEL P\u00caNIS VIBRAT\u00d3RIO ECLIPSE LIGHT"}]},{"@type":"WebSite","@id":"https:\/\/lovme.pt\/#website","url":"https:\/\/lovme.pt\/","name":"Lovme Loja Er\u00f3tica N\u00ba1 em Portugal","description":"A melhor loja er\u00f3tica de Portugal.","alternateName":"Loja Er\u00f3tica Lovme","potentialAction":[{"@type":"SearchAction","target":{"@type":"EntryPoint","urlTemplate":"https:\/\/lovme.pt\/?s={search_term_string}"},"query-input":{"@type":"PropertyValueSpecification","valueRequired":true,"valueName":"search_term_string"}}],"inLanguage":"pt-PT"}]}},"_links":{"self":[{"href":"https:\/\/lovme.pt\/index.php\/wp-json\/wp\/v2\/product\/52914","targetHints":{"allow":["GET"]}}],"collection":[{"href":"https:\/\/lovme.pt\/index.php\/wp-json\/wp\/v2\/product"}],"about":[{"href":"https:\/\/lovme.pt\/index.php\/wp-json\/wp\/v2\/types\/product"}],"wp:featuredmedia":[{"embeddable":true,"href":"https:\/\/lovme.pt\/index.php\/wp-json\/wp\/v2\/media\/65326"}],"wp:attachment":[{"href":"https:\/\/lovme.pt\/index.php\/wp-json\/wp\/v2\/media?parent=52914"}],"wp:term":[{"taxonomy":"product_brand","embeddable":true,"href":"https:\/\/lovme.pt\/index.php\/wp-json\/wp\/v2\/product_brand?post=52914"},{"taxonomy":"product_cat","embeddable":true,"href":"https:\/\/lovme.pt\/index.php\/wp-json\/wp\/v2\/product_cat?post=52914"},{"taxonomy":"product_tag","embeddable":true,"href":"https:\/\/lovme.pt\/index.php\/wp-json\/wp\/v2\/product_tag?post=52914"}],"curies":[{"name":"wp","href":"https:\/\/api.w.org\/{rel}","templated":true}]}}