{"id":52898,"date":"2025-09-30T22:24:46","date_gmt":"2025-09-30T22:24:46","guid":{"rendered":"https:\/\/lovme.pt\/?post_type=product&p=52898"},"modified":"2026-02-19T20:11:53","modified_gmt":"2026-02-19T20:11:53","slug":"stimul8-s8-ease-spray-relaxante-anal-30-ml","status":"publish","type":"product","link":"https:\/\/lovme.pt\/index.php\/produto\/stimul8-s8-ease-spray-relaxante-anal-30-ml\/","title":{"rendered":"STIMUL8 &#8211; S8 EASE SPRAY RELAXANTE ANAL 30 ML"},"content":{"rendered":"<p>O Spray Relaxante Anal S8 Ease \u00e9 a solu\u00e7\u00e3o perfeita para uma experi\u00eancia anal relaxante e apaixonante. Este spray de relaxamento anal foi especialmente desenvolvido para aumentar o conforto e a tranquilidade durante momentos \u00edntimos. Gra\u00e7as ao ingrediente LAURETH-9, este spray dessensibiliza e relaxa suavemente a regi\u00e3o anal, permitindo uma penetra\u00e7\u00e3o mais f\u00e1cil e sem dor. \u00c9 a escolha ideal para quem busca explorar e desfrutar ao m\u00e1ximo da rela\u00e7\u00e3o anal.<\/p>\n<p> Usar o S8 Ease \u00e9 simples. Basta aplicar 1 ou 2 borrifadas no \u00e2nus e aguardar um breve momento para que o produto fa\u00e7a efeito. Se desejar, voc\u00ea pode aplicar lubrifica\u00e7\u00e3o adicional para maior conforto. Observe que o S8 Ease Anal Relax Spray deve ser usado apenas na regi\u00e3o anal e nunca em outras partes do corpo ou perto de feridas abertas. Evite contato com os olhos.<\/p>\n<p> <u><em><strong>Ingredientes<\/strong><\/em><\/u><\/p>\n<p> \u00c1GUA, GLICERINA, LAURETH-9, GLICER\u00cdDEOS CAPR\u00cdLICOS\/C\u00c1PRICOS PEG-6, LACTATO DE METILA, \u00c1CIDO L\u00c1TICO, EUGENIA CARYOPHYLUS, BENZOATO DE S\u00d3DIO, SORBATO DE PAT\u00c1SSIO, EUGENOL<\/p>\n<p> Esta linha S8 de produtos essenciais para cuidados \u00edntimos combina f\u00f3rmulas de alta qualidade com um pre\u00e7o acess\u00edvel a todos, tornando-se uma op\u00e7\u00e3o com excelente custo-benef\u00edcio em bem-estar er\u00f3tico. A linha S8 foi projetada para aumentar o prazer e aprimorar a intimidade de forma natural e segura para o corpo. A cole\u00e7\u00e3o S8 oferece algo para todos os gostos. De lubrificantes \u00e0 base de \u00e1gua, \u00e0 base de silicone, aromatizados e h\u00edbridos a limpadores de brinquedos e g\u00e9is estimulantes: a S8 tem de tudo. O apelo da farm\u00e1cia S8 \u00e9 o mais &#8220;natural&#8221; poss\u00edvel, imitando a lubrifica\u00e7\u00e3o natural e mantendo as f\u00f3rmulas livres de quaisquer produtos qu\u00edmicos desnecess\u00e1rios. Os produtos n\u00e3o cont\u00eam conservantes agressivos e s\u00e3o livres de parabenos, ftalatos e gl\u00faten  todos mencionados claramente na embalagem transparente dos lubrificantes. A S8 adere a todas as normas e regulamentos europeus para produtos de cuidados \u00edntimos e oferece uma experi\u00eancia confi\u00e1vel, segura para o corpo e indulgente para todos os amantes do prazer \u00edntimo.<\/p>\n","protected":false},"excerpt":{"rendered":"<p>STIMUL8 &#8211; S8 EASE SPRAY RELAXANTE ANAL 30 ML<\/p>\n","protected":false},"featured_media":77563,"template":"","meta":{"_acf_changed":false},"product_brand":[],"product_cat":[49,53],"product_tag":[],"class_list":{"0":"post-52898","1":"product","2":"type-product","3":"status-publish","4":"has-post-thumbnail","6":"product_cat-cosmeticos","7":"product_cat-lubrificantes-intimos","8":"yith_product_brand-stimul8","10":"first","11":"instock","12":"taxable","13":"shipping-taxable","14":"purchasable","15":"product-type-simple"},"acf":[],"yoast_head":"<!-- This site is optimized with the Yoast SEO plugin v27.4 - https:\/\/yoast.com\/product\/yoast-seo-wordpress\/ -->\n<title>STIMUL8 - S8 EASE SPRAY RELAXANTE ANAL 30 ML - Lovme<\/title>\n<meta name=\"robots\" content=\"index, follow, max-snippet:-1, max-image-preview:large, max-video-preview:-1\" \/>\n<link rel=\"canonical\" href=\"https:\/\/lovme.pt\/index.php\/produto\/stimul8-s8-ease-spray-relaxante-anal-30-ml\/\" \/>\n<meta property=\"og:locale\" content=\"pt_PT\" \/>\n<meta property=\"og:type\" content=\"article\" \/>\n<meta property=\"og:title\" content=\"STIMUL8 - S8 EASE SPRAY RELAXANTE ANAL 30 ML - Lovme\" \/>\n<meta property=\"og:description\" content=\"STIMUL8 - S8 EASE SPRAY RELAXANTE ANAL 30 ML\" \/>\n<meta property=\"og:url\" content=\"https:\/\/lovme.pt\/index.php\/produto\/stimul8-s8-ease-spray-relaxante-anal-30-ml\/\" \/>\n<meta property=\"og:site_name\" content=\"Lovme\" \/>\n<meta property=\"article:modified_time\" content=\"2026-02-19T20:11:53+00:00\" \/>\n<meta property=\"og:image\" content=\"https:\/\/erki24nd3ub.exactdn.com\/wp-content\/uploads\/dream\/img\/img_209293_d746b7006f1a8a097bde91def4ccb1cf_1.jpg?strip=all\" \/>\n\t<meta property=\"og:image:width\" content=\"900\" \/>\n\t<meta property=\"og:image:height\" content=\"900\" \/>\n\t<meta property=\"og:image:type\" content=\"image\/jpeg\" \/>\n<meta name=\"twitter:card\" content=\"summary_large_image\" \/>\n<meta name=\"twitter:label1\" content=\"Tempo estimado de leitura\" \/>\n\t<meta name=\"twitter:data1\" content=\"2 minutos\" \/>\n<script type=\"application\/ld+json\" class=\"yoast-schema-graph\">{\"@context\":\"https:\\\/\\\/schema.org\",\"@graph\":[{\"@type\":\"WebPage\",\"@id\":\"https:\\\/\\\/lovme.pt\\\/index.php\\\/produto\\\/stimul8-s8-ease-spray-relaxante-anal-30-ml\\\/\",\"url\":\"https:\\\/\\\/lovme.pt\\\/index.php\\\/produto\\\/stimul8-s8-ease-spray-relaxante-anal-30-ml\\\/\",\"name\":\"STIMUL8 - S8 EASE SPRAY RELAXANTE ANAL 30 ML - Lovme\",\"isPartOf\":{\"@id\":\"https:\\\/\\\/lovme.pt\\\/#website\"},\"primaryImageOfPage\":{\"@id\":\"https:\\\/\\\/lovme.pt\\\/index.php\\\/produto\\\/stimul8-s8-ease-spray-relaxante-anal-30-ml\\\/#primaryimage\"},\"image\":{\"@id\":\"https:\\\/\\\/lovme.pt\\\/index.php\\\/produto\\\/stimul8-s8-ease-spray-relaxante-anal-30-ml\\\/#primaryimage\"},\"thumbnailUrl\":\"https:\\\/\\\/erki24nd3ub.exactdn.com\\\/wp-content\\\/uploads\\\/dream\\\/img\\\/img_209293_d746b7006f1a8a097bde91def4ccb1cf_1.jpg?strip=all\",\"datePublished\":\"2025-09-30T22:24:46+00:00\",\"dateModified\":\"2026-02-19T20:11:53+00:00\",\"breadcrumb\":{\"@id\":\"https:\\\/\\\/lovme.pt\\\/index.php\\\/produto\\\/stimul8-s8-ease-spray-relaxante-anal-30-ml\\\/#breadcrumb\"},\"inLanguage\":\"pt-PT\",\"potentialAction\":[{\"@type\":\"ReadAction\",\"target\":[\"https:\\\/\\\/lovme.pt\\\/index.php\\\/produto\\\/stimul8-s8-ease-spray-relaxante-anal-30-ml\\\/\"]}]},{\"@type\":\"ImageObject\",\"inLanguage\":\"pt-PT\",\"@id\":\"https:\\\/\\\/lovme.pt\\\/index.php\\\/produto\\\/stimul8-s8-ease-spray-relaxante-anal-30-ml\\\/#primaryimage\",\"url\":\"https:\\\/\\\/erki24nd3ub.exactdn.com\\\/wp-content\\\/uploads\\\/dream\\\/img\\\/img_209293_d746b7006f1a8a097bde91def4ccb1cf_1.jpg?strip=all\",\"contentUrl\":\"https:\\\/\\\/erki24nd3ub.exactdn.com\\\/wp-content\\\/uploads\\\/dream\\\/img\\\/img_209293_d746b7006f1a8a097bde91def4ccb1cf_1.jpg?strip=all\",\"width\":900,\"height\":900},{\"@type\":\"BreadcrumbList\",\"@id\":\"https:\\\/\\\/lovme.pt\\\/index.php\\\/produto\\\/stimul8-s8-ease-spray-relaxante-anal-30-ml\\\/#breadcrumb\",\"itemListElement\":[{\"@type\":\"ListItem\",\"position\":1,\"name\":\"In\u00edcio\",\"item\":\"https:\\\/\\\/lovme.pt\\\/\"},{\"@type\":\"ListItem\",\"position\":2,\"name\":\"Loja\",\"item\":\"https:\\\/\\\/lovme.pt\\\/index.php\\\/loja\\\/\"},{\"@type\":\"ListItem\",\"position\":3,\"name\":\"STIMUL8 &#8211; S8 EASE SPRAY RELAXANTE ANAL 30 ML\"}]},{\"@type\":\"WebSite\",\"@id\":\"https:\\\/\\\/lovme.pt\\\/#website\",\"url\":\"https:\\\/\\\/lovme.pt\\\/\",\"name\":\"Lovme Loja Er\u00f3tica N\u00ba1 em Portugal\",\"description\":\"A melhor loja er\u00f3tica de Portugal.\",\"alternateName\":\"Loja Er\u00f3tica Lovme\",\"potentialAction\":[{\"@type\":\"SearchAction\",\"target\":{\"@type\":\"EntryPoint\",\"urlTemplate\":\"https:\\\/\\\/lovme.pt\\\/?s={search_term_string}\"},\"query-input\":{\"@type\":\"PropertyValueSpecification\",\"valueRequired\":true,\"valueName\":\"search_term_string\"}}],\"inLanguage\":\"pt-PT\"}]}<\/script>\n<!-- \/ Yoast SEO plugin. -->","yoast_head_json":{"title":"STIMUL8 - S8 EASE SPRAY RELAXANTE ANAL 30 ML - Lovme","robots":{"index":"index","follow":"follow","max-snippet":"max-snippet:-1","max-image-preview":"max-image-preview:large","max-video-preview":"max-video-preview:-1"},"canonical":"https:\/\/lovme.pt\/index.php\/produto\/stimul8-s8-ease-spray-relaxante-anal-30-ml\/","og_locale":"pt_PT","og_type":"article","og_title":"STIMUL8 - S8 EASE SPRAY RELAXANTE ANAL 30 ML - Lovme","og_description":"STIMUL8 - S8 EASE SPRAY RELAXANTE ANAL 30 ML","og_url":"https:\/\/lovme.pt\/index.php\/produto\/stimul8-s8-ease-spray-relaxante-anal-30-ml\/","og_site_name":"Lovme","article_modified_time":"2026-02-19T20:11:53+00:00","og_image":[{"width":900,"height":900,"url":"https:\/\/erki24nd3ub.exactdn.com\/wp-content\/uploads\/dream\/img\/img_209293_d746b7006f1a8a097bde91def4ccb1cf_1.jpg?strip=all","type":"image\/jpeg"}],"twitter_card":"summary_large_image","twitter_misc":{"Tempo estimado de leitura":"2 minutos"},"schema":{"@context":"https:\/\/schema.org","@graph":[{"@type":"WebPage","@id":"https:\/\/lovme.pt\/index.php\/produto\/stimul8-s8-ease-spray-relaxante-anal-30-ml\/","url":"https:\/\/lovme.pt\/index.php\/produto\/stimul8-s8-ease-spray-relaxante-anal-30-ml\/","name":"STIMUL8 - S8 EASE SPRAY RELAXANTE ANAL 30 ML - Lovme","isPartOf":{"@id":"https:\/\/lovme.pt\/#website"},"primaryImageOfPage":{"@id":"https:\/\/lovme.pt\/index.php\/produto\/stimul8-s8-ease-spray-relaxante-anal-30-ml\/#primaryimage"},"image":{"@id":"https:\/\/lovme.pt\/index.php\/produto\/stimul8-s8-ease-spray-relaxante-anal-30-ml\/#primaryimage"},"thumbnailUrl":"https:\/\/erki24nd3ub.exactdn.com\/wp-content\/uploads\/dream\/img\/img_209293_d746b7006f1a8a097bde91def4ccb1cf_1.jpg?strip=all","datePublished":"2025-09-30T22:24:46+00:00","dateModified":"2026-02-19T20:11:53+00:00","breadcrumb":{"@id":"https:\/\/lovme.pt\/index.php\/produto\/stimul8-s8-ease-spray-relaxante-anal-30-ml\/#breadcrumb"},"inLanguage":"pt-PT","potentialAction":[{"@type":"ReadAction","target":["https:\/\/lovme.pt\/index.php\/produto\/stimul8-s8-ease-spray-relaxante-anal-30-ml\/"]}]},{"@type":"ImageObject","inLanguage":"pt-PT","@id":"https:\/\/lovme.pt\/index.php\/produto\/stimul8-s8-ease-spray-relaxante-anal-30-ml\/#primaryimage","url":"https:\/\/erki24nd3ub.exactdn.com\/wp-content\/uploads\/dream\/img\/img_209293_d746b7006f1a8a097bde91def4ccb1cf_1.jpg?strip=all","contentUrl":"https:\/\/erki24nd3ub.exactdn.com\/wp-content\/uploads\/dream\/img\/img_209293_d746b7006f1a8a097bde91def4ccb1cf_1.jpg?strip=all","width":900,"height":900},{"@type":"BreadcrumbList","@id":"https:\/\/lovme.pt\/index.php\/produto\/stimul8-s8-ease-spray-relaxante-anal-30-ml\/#breadcrumb","itemListElement":[{"@type":"ListItem","position":1,"name":"In\u00edcio","item":"https:\/\/lovme.pt\/"},{"@type":"ListItem","position":2,"name":"Loja","item":"https:\/\/lovme.pt\/index.php\/loja\/"},{"@type":"ListItem","position":3,"name":"STIMUL8 &#8211; S8 EASE SPRAY RELAXANTE ANAL 30 ML"}]},{"@type":"WebSite","@id":"https:\/\/lovme.pt\/#website","url":"https:\/\/lovme.pt\/","name":"Lovme Loja Er\u00f3tica N\u00ba1 em Portugal","description":"A melhor loja er\u00f3tica de Portugal.","alternateName":"Loja Er\u00f3tica Lovme","potentialAction":[{"@type":"SearchAction","target":{"@type":"EntryPoint","urlTemplate":"https:\/\/lovme.pt\/?s={search_term_string}"},"query-input":{"@type":"PropertyValueSpecification","valueRequired":true,"valueName":"search_term_string"}}],"inLanguage":"pt-PT"}]}},"_links":{"self":[{"href":"https:\/\/lovme.pt\/index.php\/wp-json\/wp\/v2\/product\/52898","targetHints":{"allow":["GET"]}}],"collection":[{"href":"https:\/\/lovme.pt\/index.php\/wp-json\/wp\/v2\/product"}],"about":[{"href":"https:\/\/lovme.pt\/index.php\/wp-json\/wp\/v2\/types\/product"}],"wp:featuredmedia":[{"embeddable":true,"href":"https:\/\/lovme.pt\/index.php\/wp-json\/wp\/v2\/media\/77563"}],"wp:attachment":[{"href":"https:\/\/lovme.pt\/index.php\/wp-json\/wp\/v2\/media?parent=52898"}],"wp:term":[{"taxonomy":"product_brand","embeddable":true,"href":"https:\/\/lovme.pt\/index.php\/wp-json\/wp\/v2\/product_brand?post=52898"},{"taxonomy":"product_cat","embeddable":true,"href":"https:\/\/lovme.pt\/index.php\/wp-json\/wp\/v2\/product_cat?post=52898"},{"taxonomy":"product_tag","embeddable":true,"href":"https:\/\/lovme.pt\/index.php\/wp-json\/wp\/v2\/product_tag?post=52898"}],"curies":[{"name":"wp","href":"https:\/\/api.w.org\/{rel}","templated":true}]}}